{"id":19275,"date":"2024-05-15T20:37:59","date_gmt":"2024-05-16T02:37:59","guid":{"rendered":"https:\/\/mivoot.com\/gt\/?post_type=product&#038;p=19275"},"modified":"2024-05-16T19:14:50","modified_gmt":"2024-05-17T01:14:50","slug":"proyector-portatil-lcd-con-imagen-hd-core-innovations-y-pantalla-de-100","status":"publish","type":"product","link":"https:\/\/mivoot.com\/gt\/producto\/proyector-portatil-lcd-con-imagen-hd-core-innovations-y-pantalla-de-100\/","title":{"rendered":"Proyector Port\u00e1til LCD con Imagen HD  Core Innovations y pantalla de 100&#8243;"},"content":{"rendered":"<p>Lleve su fuente de entretenimiento mientras viaja con el paquete de proyector de cine en casa LCD port\u00e1til HD Core Innovations. La bater\u00eda recargable ofrece hasta 120 minutos de tiempo de reproducci\u00f3n, para que puedas transmitir v\u00eddeos, ver fotos y jugar tus juegos favoritos sin conectarte a una fuente de alimentaci\u00f3n. Vea contenido hasta en 1080p y vincule su dispositivo preferido a este proyector con numerosas conexiones vers\u00e1tiles.<br \/>\nCaracter\u00edsticas<br \/>\nConstrucci\u00f3n elegante con portabilidad<br \/>\nHermoso dise\u00f1o que se adapta a cualquier decoraci\u00f3n. Con un peso de 3,75 lb, este proyector est\u00e1 dise\u00f1ado para ser port\u00e1til<br \/>\nTecnolog\u00eda LCD<br \/>\nLa tecnolog\u00eda de los proyectores LCD es menos costosa y m\u00e1s confiable<br \/>\nRelaci\u00f3n de contraste 500:1<br \/>\nLa relaci\u00f3n de contraste 500:1 brinda profundidad a sus im\u00e1genes<br \/>\nResoluci\u00f3n 1920 x 1080 Cuenta<br \/>\ncon un resoluci\u00f3n de 1920 x 1080 para una calidad de imagen n\u00edtida<br \/>\nTama\u00f1o de imagen visible de hasta 12,50 pies<br \/>\nCon un tama\u00f1o de imagen de hasta 12,50 pies, todos en la sala pueden disfrutar de una vista clara, ya sea viendo su pel\u00edcula favorita o realizando una presentaci\u00f3n<br \/>\nIncluye control remoto<br \/>\nIncluye un control remoto a trav\u00e9s que puedes controlar el proyector desde el otro lado de la habitaci\u00f3n con facilidad<br \/>\n.<br \/>\nProyector LCD port\u00e1til de alta definici\u00f3n<br \/>\nCubierta de lente<br \/>\nAdaptador de corriente UL<br \/>\nControl remoto con todas las funciones (pilas no incluidas)<br \/>\nPantalla de proyector port\u00e1til de 100&#8243;<br \/>\nEstuche de transporte<br \/>\nManual de usuario<br \/>\nGu\u00eda de inicio r\u00e1pido<\/p>\n","protected":false},"excerpt":{"rendered":"<p>-Construcci\u00f3n elegante con portabilidad<br \/>\n-Tecnolog\u00eda LCD<br \/>\n-Relaci\u00f3n de contraste 500:1<br \/>\n-Resoluci\u00f3n 1920 x 1080 Cuenta<br \/>\n-Tama\u00f1o de imagen visible de hasta 12,50 pies<br \/>\n-Incluye control remoto<br \/>\n-Relaci\u00f3n de aspecto 16:9<br \/>\n-Marca Core Innovations<br \/>\n-Alto rango din\u00e1mico ( HDR): No<\/p>\n","protected":false},"featured_media":19280,"comment_status":"open","ping_status":"closed","template":"","meta":{"jetpack_publicize_message":"","jetpack_publicize_feature_enabled":true,"jetpack_social_post_already_shared":true,"jetpack_social_options":{"image_generator_settings":{"template":"highway","default_image_id":0,"font":"","enabled":false},"version":2}},"pwb-brand":[526],"product_brand":[],"product_cat":[274],"product_tag":[],"class_list":{"0":"post-19275","1":"product","2":"type-product","3":"status-publish","4":"has-post-thumbnail","6":"pwb-brand-core-innovations","7":"product_cat-poyectores","9":"first","10":"instock","11":"sale","12":"taxable","13":"shipping-taxable","14":"purchasable","15":"product-type-simple"},"yoast_head":"<!-- This site is optimized with the Yoast SEO Premium plugin v25.7.1 (Yoast SEO v26.8) - https:\/\/yoast.com\/product\/yoast-seo-premium-wordpress\/ -->\n<title>Proyector Port\u00e1til LCD con Imagen HD Core Innovations y pantalla de 100&quot; - Mivoot<\/title>\n<meta name=\"robots\" content=\"index, follow, max-snippet:-1, max-image-preview:large, max-video-preview:-1\" \/>\n<link rel=\"canonical\" href=\"https:\/\/mivoot.com\/gt\/producto\/proyector-portatil-lcd-con-imagen-hd-core-innovations-y-pantalla-de-100\/\" \/>\n<meta property=\"og:locale\" content=\"es_ES\" \/>\n<meta property=\"og:type\" content=\"article\" \/>\n<meta property=\"og:title\" content=\"Proyector Port\u00e1til LCD con Imagen HD Core Innovations y pantalla de 100&quot;\" \/>\n<meta property=\"og:description\" content=\"-Construcci\u00f3n elegante con portabilidad -Tecnolog\u00eda LCD -Relaci\u00f3n de contraste 500:1 -Resoluci\u00f3n 1920 x 1080 Cuenta -Tama\u00f1o de imagen visible de hasta 12,50 pies -Incluye control remoto -Relaci\u00f3n de aspecto 16:9 -Marca Core Innovations -Alto rango din\u00e1mico ( HDR): No\" \/>\n<meta property=\"og:url\" content=\"https:\/\/mivoot.com\/gt\/producto\/proyector-portatil-lcd-con-imagen-hd-core-innovations-y-pantalla-de-100\/\" \/>\n<meta property=\"og:site_name\" content=\"Mivoot\" \/>\n<meta property=\"article:publisher\" content=\"https:\/\/www.facebook.com\/mivootgt\" \/>\n<meta property=\"article:modified_time\" content=\"2024-05-17T01:14:50+00:00\" \/>\n<meta property=\"og:image\" content=\"https:\/\/mivoot.com\/gt\/wp-content\/uploads\/2024\/05\/PROYECTOR4.jpg\" \/>\n\t<meta property=\"og:image:width\" content=\"500\" \/>\n\t<meta property=\"og:image:height\" content=\"500\" \/>\n\t<meta property=\"og:image:type\" content=\"image\/jpeg\" \/>\n<meta name=\"twitter:card\" content=\"summary_large_image\" \/>\n<script type=\"application\/ld+json\" class=\"yoast-schema-graph\">{\"@context\":\"https:\/\/schema.org\",\"@graph\":[{\"@type\":\"WebPage\",\"@id\":\"https:\/\/mivoot.com\/gt\/producto\/proyector-portatil-lcd-con-imagen-hd-core-innovations-y-pantalla-de-100\/\",\"url\":\"https:\/\/mivoot.com\/gt\/producto\/proyector-portatil-lcd-con-imagen-hd-core-innovations-y-pantalla-de-100\/\",\"name\":\"Proyector Port\u00e1til LCD con Imagen HD Core Innovations y pantalla de 100\\\" - Mivoot\",\"isPartOf\":{\"@id\":\"https:\/\/mivoot.com\/gt\/#website\"},\"primaryImageOfPage\":{\"@id\":\"https:\/\/mivoot.com\/gt\/producto\/proyector-portatil-lcd-con-imagen-hd-core-innovations-y-pantalla-de-100\/#primaryimage\"},\"image\":{\"@id\":\"https:\/\/mivoot.com\/gt\/producto\/proyector-portatil-lcd-con-imagen-hd-core-innovations-y-pantalla-de-100\/#primaryimage\"},\"thumbnailUrl\":\"https:\/\/mivoot.com\/gt\/wp-content\/uploads\/2024\/05\/PROYECTOR4.jpg\",\"datePublished\":\"2024-05-16T02:37:59+00:00\",\"dateModified\":\"2024-05-17T01:14:50+00:00\",\"breadcrumb\":{\"@id\":\"https:\/\/mivoot.com\/gt\/producto\/proyector-portatil-lcd-con-imagen-hd-core-innovations-y-pantalla-de-100\/#breadcrumb\"},\"inLanguage\":\"es\",\"potentialAction\":[{\"@type\":\"ReadAction\",\"target\":[\"https:\/\/mivoot.com\/gt\/producto\/proyector-portatil-lcd-con-imagen-hd-core-innovations-y-pantalla-de-100\/\"]}]},{\"@type\":\"ImageObject\",\"inLanguage\":\"es\",\"@id\":\"https:\/\/mivoot.com\/gt\/producto\/proyector-portatil-lcd-con-imagen-hd-core-innovations-y-pantalla-de-100\/#primaryimage\",\"url\":\"https:\/\/mivoot.com\/gt\/wp-content\/uploads\/2024\/05\/PROYECTOR4.jpg\",\"contentUrl\":\"https:\/\/mivoot.com\/gt\/wp-content\/uploads\/2024\/05\/PROYECTOR4.jpg\",\"width\":500,\"height\":500},{\"@type\":\"BreadcrumbList\",\"@id\":\"https:\/\/mivoot.com\/gt\/producto\/proyector-portatil-lcd-con-imagen-hd-core-innovations-y-pantalla-de-100\/#breadcrumb\",\"itemListElement\":[{\"@type\":\"ListItem\",\"position\":1,\"name\":\"Inicio\",\"item\":\"https:\/\/mivoot.com\/gt\/\"},{\"@type\":\"ListItem\",\"position\":2,\"name\":\"Productos\",\"item\":\"https:\/\/mivoot.com\/gt\/producto\/\"},{\"@type\":\"ListItem\",\"position\":3,\"name\":\"Core Innovations\",\"item\":\"https:\/\/mivoot.com\/gt\/marca\/core-innovations\/\"},{\"@type\":\"ListItem\",\"position\":4,\"name\":\"Proyector Port\u00e1til LCD con Imagen HD Core Innovations y pantalla de 100&#8243;\"}]},{\"@type\":\"WebSite\",\"@id\":\"https:\/\/mivoot.com\/gt\/#website\",\"url\":\"https:\/\/mivoot.com\/gt\/\",\"name\":\"Mivoot\",\"description\":\"Mivoot Guatemala | Tienda Online\",\"publisher\":{\"@id\":\"https:\/\/mivoot.com\/gt\/#organization\"},\"alternateName\":\"mivoot\",\"potentialAction\":[{\"@type\":\"SearchAction\",\"target\":{\"@type\":\"EntryPoint\",\"urlTemplate\":\"https:\/\/mivoot.com\/gt\/?s={search_term_string}\"},\"query-input\":{\"@type\":\"PropertyValueSpecification\",\"valueRequired\":true,\"valueName\":\"search_term_string\"}}],\"inLanguage\":\"es\"},{\"@type\":\"Organization\",\"@id\":\"https:\/\/mivoot.com\/gt\/#organization\",\"name\":\"Mivoot Guatemala\",\"alternateName\":\"mivoot.com\",\"url\":\"https:\/\/mivoot.com\/gt\/\",\"logo\":{\"@type\":\"ImageObject\",\"inLanguage\":\"es\",\"@id\":\"https:\/\/mivoot.com\/gt\/#\/schema\/logo\/image\/\",\"url\":\"https:\/\/mivoot.com\/gt\/wp-content\/uploads\/2023\/03\/cropped-icon.png\",\"contentUrl\":\"https:\/\/mivoot.com\/gt\/wp-content\/uploads\/2023\/03\/cropped-icon.png\",\"width\":512,\"height\":512,\"caption\":\"Mivoot Guatemala\"},\"image\":{\"@id\":\"https:\/\/mivoot.com\/gt\/#\/schema\/logo\/image\/\"},\"sameAs\":[\"https:\/\/www.facebook.com\/mivootgt\",\"https:\/\/instagram.com\/mivoot\"]}]}<\/script>\n<!-- \/ Yoast SEO Premium plugin. -->","yoast_head_json":{"title":"Proyector Port\u00e1til LCD con Imagen HD Core Innovations y pantalla de 100\" - Mivoot","robots":{"index":"index","follow":"follow","max-snippet":"max-snippet:-1","max-image-preview":"max-image-preview:large","max-video-preview":"max-video-preview:-1"},"canonical":"https:\/\/mivoot.com\/gt\/producto\/proyector-portatil-lcd-con-imagen-hd-core-innovations-y-pantalla-de-100\/","og_locale":"es_ES","og_type":"article","og_title":"Proyector Port\u00e1til LCD con Imagen HD Core Innovations y pantalla de 100\"","og_description":"-Construcci\u00f3n elegante con portabilidad -Tecnolog\u00eda LCD -Relaci\u00f3n de contraste 500:1 -Resoluci\u00f3n 1920 x 1080 Cuenta -Tama\u00f1o de imagen visible de hasta 12,50 pies -Incluye control remoto -Relaci\u00f3n de aspecto 16:9 -Marca Core Innovations -Alto rango din\u00e1mico ( HDR): No","og_url":"https:\/\/mivoot.com\/gt\/producto\/proyector-portatil-lcd-con-imagen-hd-core-innovations-y-pantalla-de-100\/","og_site_name":"Mivoot","article_publisher":"https:\/\/www.facebook.com\/mivootgt","article_modified_time":"2024-05-17T01:14:50+00:00","og_image":[{"width":500,"height":500,"url":"https:\/\/mivoot.com\/gt\/wp-content\/uploads\/2024\/05\/PROYECTOR4.jpg","type":"image\/jpeg"}],"twitter_card":"summary_large_image","schema":{"@context":"https:\/\/schema.org","@graph":[{"@type":"WebPage","@id":"https:\/\/mivoot.com\/gt\/producto\/proyector-portatil-lcd-con-imagen-hd-core-innovations-y-pantalla-de-100\/","url":"https:\/\/mivoot.com\/gt\/producto\/proyector-portatil-lcd-con-imagen-hd-core-innovations-y-pantalla-de-100\/","name":"Proyector Port\u00e1til LCD con Imagen HD Core Innovations y pantalla de 100\" - Mivoot","isPartOf":{"@id":"https:\/\/mivoot.com\/gt\/#website"},"primaryImageOfPage":{"@id":"https:\/\/mivoot.com\/gt\/producto\/proyector-portatil-lcd-con-imagen-hd-core-innovations-y-pantalla-de-100\/#primaryimage"},"image":{"@id":"https:\/\/mivoot.com\/gt\/producto\/proyector-portatil-lcd-con-imagen-hd-core-innovations-y-pantalla-de-100\/#primaryimage"},"thumbnailUrl":"https:\/\/mivoot.com\/gt\/wp-content\/uploads\/2024\/05\/PROYECTOR4.jpg","datePublished":"2024-05-16T02:37:59+00:00","dateModified":"2024-05-17T01:14:50+00:00","breadcrumb":{"@id":"https:\/\/mivoot.com\/gt\/producto\/proyector-portatil-lcd-con-imagen-hd-core-innovations-y-pantalla-de-100\/#breadcrumb"},"inLanguage":"es","potentialAction":[{"@type":"ReadAction","target":["https:\/\/mivoot.com\/gt\/producto\/proyector-portatil-lcd-con-imagen-hd-core-innovations-y-pantalla-de-100\/"]}]},{"@type":"ImageObject","inLanguage":"es","@id":"https:\/\/mivoot.com\/gt\/producto\/proyector-portatil-lcd-con-imagen-hd-core-innovations-y-pantalla-de-100\/#primaryimage","url":"https:\/\/mivoot.com\/gt\/wp-content\/uploads\/2024\/05\/PROYECTOR4.jpg","contentUrl":"https:\/\/mivoot.com\/gt\/wp-content\/uploads\/2024\/05\/PROYECTOR4.jpg","width":500,"height":500},{"@type":"BreadcrumbList","@id":"https:\/\/mivoot.com\/gt\/producto\/proyector-portatil-lcd-con-imagen-hd-core-innovations-y-pantalla-de-100\/#breadcrumb","itemListElement":[{"@type":"ListItem","position":1,"name":"Inicio","item":"https:\/\/mivoot.com\/gt\/"},{"@type":"ListItem","position":2,"name":"Productos","item":"https:\/\/mivoot.com\/gt\/producto\/"},{"@type":"ListItem","position":3,"name":"Core Innovations","item":"https:\/\/mivoot.com\/gt\/marca\/core-innovations\/"},{"@type":"ListItem","position":4,"name":"Proyector Port\u00e1til LCD con Imagen HD Core Innovations y pantalla de 100&#8243;"}]},{"@type":"WebSite","@id":"https:\/\/mivoot.com\/gt\/#website","url":"https:\/\/mivoot.com\/gt\/","name":"Mivoot","description":"Mivoot Guatemala | Tienda Online","publisher":{"@id":"https:\/\/mivoot.com\/gt\/#organization"},"alternateName":"mivoot","potentialAction":[{"@type":"SearchAction","target":{"@type":"EntryPoint","urlTemplate":"https:\/\/mivoot.com\/gt\/?s={search_term_string}"},"query-input":{"@type":"PropertyValueSpecification","valueRequired":true,"valueName":"search_term_string"}}],"inLanguage":"es"},{"@type":"Organization","@id":"https:\/\/mivoot.com\/gt\/#organization","name":"Mivoot Guatemala","alternateName":"mivoot.com","url":"https:\/\/mivoot.com\/gt\/","logo":{"@type":"ImageObject","inLanguage":"es","@id":"https:\/\/mivoot.com\/gt\/#\/schema\/logo\/image\/","url":"https:\/\/mivoot.com\/gt\/wp-content\/uploads\/2023\/03\/cropped-icon.png","contentUrl":"https:\/\/mivoot.com\/gt\/wp-content\/uploads\/2023\/03\/cropped-icon.png","width":512,"height":512,"caption":"Mivoot Guatemala"},"image":{"@id":"https:\/\/mivoot.com\/gt\/#\/schema\/logo\/image\/"},"sameAs":["https:\/\/www.facebook.com\/mivootgt","https:\/\/instagram.com\/mivoot"]}]}},"jetpack_publicize_connections":[],"jetpack_sharing_enabled":true,"brands":[{"id":526,"name":"Core Innovations","slug":"core-innovations"}],"_links":{"self":[{"href":"https:\/\/mivoot.com\/gt\/wp-json\/wp\/v2\/product\/19275","targetHints":{"allow":["GET"]}}],"collection":[{"href":"https:\/\/mivoot.com\/gt\/wp-json\/wp\/v2\/product"}],"about":[{"href":"https:\/\/mivoot.com\/gt\/wp-json\/wp\/v2\/types\/product"}],"replies":[{"embeddable":true,"href":"https:\/\/mivoot.com\/gt\/wp-json\/wp\/v2\/comments?post=19275"}],"version-history":[{"count":1,"href":"https:\/\/mivoot.com\/gt\/wp-json\/wp\/v2\/product\/19275\/revisions"}],"predecessor-version":[{"id":19283,"href":"https:\/\/mivoot.com\/gt\/wp-json\/wp\/v2\/product\/19275\/revisions\/19283"}],"wp:featuredmedia":[{"embeddable":true,"href":"https:\/\/mivoot.com\/gt\/wp-json\/wp\/v2\/media\/19280"}],"wp:attachment":[{"href":"https:\/\/mivoot.com\/gt\/wp-json\/wp\/v2\/media?parent=19275"}],"wp:term":[{"taxonomy":"pwb-brand","embeddable":true,"href":"https:\/\/mivoot.com\/gt\/wp-json\/wp\/v2\/pwb-brand?post=19275"},{"taxonomy":"product_brand","embeddable":true,"href":"https:\/\/mivoot.com\/gt\/wp-json\/wp\/v2\/product_brand?post=19275"},{"taxonomy":"product_cat","embeddable":true,"href":"https:\/\/mivoot.com\/gt\/wp-json\/wp\/v2\/product_cat?post=19275"},{"taxonomy":"product_tag","embeddable":true,"href":"https:\/\/mivoot.com\/gt\/wp-json\/wp\/v2\/product_tag?post=19275"}],"curies":[{"name":"wp","href":"https:\/\/api.w.org\/{rel}","templated":true}]}}