{"id":19316,"date":"2024-05-20T19:09:28","date_gmt":"2024-05-21T01:09:28","guid":{"rendered":"https:\/\/mivoot.com\/gt\/?post_type=product&#038;p=19316"},"modified":"2024-05-20T19:09:29","modified_gmt":"2024-05-21T01:09:29","slug":"cargador-y-mantenedor-de-bateria-de-automovil-4amp-6v-12v-battery-tender","status":"publish","type":"product","link":"https:\/\/mivoot.com\/gt\/producto\/cargador-y-mantenedor-de-bateria-de-automovil-4amp-6v-12v-battery-tender\/","title":{"rendered":"Cargador y Mantenedor de Bater\u00eda de Autom\u00f3vil 4Amp 6V\/12V Battery Tender"},"content":{"rendered":"<p><strong data-gp-tth-0=\"a2c56c544c8083ac82c682112d488660\">Battery Tender Cargador y mantenedor de bater\u00eda para autom\u00f3vil de 4 amperios: conmutable 6 V \/ 12 V, cargador y mantenedor de bater\u00eda para autom\u00f3viles, camiones y SUV, cargador de bater\u00eda de plomo \u00e1cido y litio &#8211; 022-0209-BT-WH<\/strong><\/p>\n<p>Este potente cargador de bater\u00eda podr\u00e1 salvarte en cualquier momento, incluso si tu carro se detiene en medio de la carretera.<\/p>\n<p>Cuenta con una producci\u00f3n de 4.5 amperios que se distribuyen de 6 a 12 voltios.<\/p>\n<p>Es a prueba de choques el\u00e9ctricos, haci\u00e9ndolo m\u00e1s seguro para ti, puede montarse f\u00e1cilmente y adem\u00e1s es resistente al agua o a la intemperie.<\/p>\n<ul>\n<li>MANT\u00c9NGASE CARGADO: El cargador de bater\u00eda para autom\u00f3vil de 4 amperios proporciona una carga completa a la bater\u00eda de su m\u00e1quina antes de cambiar autom\u00e1ticamente al modo flotante para mantener los niveles de voltaje adecuados para su bater\u00eda sin sobrecargarla.<\/li>\n<li>TOTALMENTE SELECCIONABLE: con solo presionar un bot\u00f3n, cambie f\u00e1cilmente entre bater\u00edas AGM o inundadas y ion de litio (LiFePO4) para proporcionar y mantener un nivel de carga \u00f3ptimo para bater\u00edas de 6 y 12 voltios por igual.<\/li>\n<li>ALTA POTENCIA: el cargador de bater\u00eda de autom\u00f3vil conmutable de 4 amperios ofrece una carga potente para mantener la bater\u00eda de su autom\u00f3vil, SUV, camioneta o bote en peak rendimiento al brindar arranques confiables del motor y una mayor duraci\u00f3n de la bater\u00eda.<\/li>\n<li>F\u00c1CIL DE USAR: Un dise\u00f1o de bajo mantenimiento que es r\u00e1pido y f\u00e1cil de usar, nuestro cargador y mantenedor para autom\u00f3vil conmutable es compacto y liviano para operar en todas partes, incluso en espacios de almacenamiento peque\u00f1os.<\/li>\n<li>SEGURO Y PROTEGIDO: Nuestro cargador y mantenedor de bater\u00eda para autom\u00f3vil es a prueba de chispas durante la conexi\u00f3n del cable y detecta autom\u00e1ticamente la polaridad inversa para garantizar una conexi\u00f3n correcta y bloqueada antes de suministrar energ\u00eda. Garant\u00eda l\u00edder en la industria de 5 a\u00f1os<\/li>\n<\/ul>\n<h3 class=\"a-spacing-small\">Cargador y mantenedor de bater\u00eda de 4 amperios<\/h3>\n<table class=\"apm-fixed-width apm-eventhirdcol-table\">\n<tbody>\n<tr>\n<th class=\"apm-center\">\n<div class=\"apm-eventhirdcol apm-floatleft\">\n<p><img decoding=\"async\" class=\"a-spacing-mini\" src=\"https:\/\/m.media-amazon.com\/images\/S\/aplus-media\/sota\/26820608-6f14-4ce0-b7c4-db389fd1e023.__CR0,0,962,962_PT0_SX300_V1___.jpg\" alt=\" \" data-src=\"https:\/\/m.media-amazon.com\/images\/S\/aplus-media\/sota\/26820608-6f14-4ce0-b7c4-db389fd1e023.__CR0,0,962,962_PT0_SX300_V1___.jpg\" \/><\/p>\n<\/div>\n<\/th>\n<th class=\"apm-center\">\n<div class=\"apm-eventhirdcol apm-floatleft\">\n<p><img decoding=\"async\" class=\"a-spacing-mini\" src=\"https:\/\/m.media-amazon.com\/images\/S\/aplus-media\/sota\/c64e0318-6371-4955-93b0-8eedbd6d8c04.__CR0,0,1000,1000_PT0_SX300_V1___.jpg\" alt=\" \" data-src=\"https:\/\/m.media-amazon.com\/images\/S\/aplus-media\/sota\/c64e0318-6371-4955-93b0-8eedbd6d8c04.__CR0,0,1000,1000_PT0_SX300_V1___.jpg\" \/><\/p>\n<\/div>\n<\/th>\n<th class=\"apm-center\">\n<div class=\"apm-eventhirdcol apm-floatleft\">\n<p><img decoding=\"async\" class=\"a-spacing-mini\" src=\"https:\/\/m.media-amazon.com\/images\/S\/aplus-media\/sota\/685b92b8-a802-4cac-92d4-377b3c9557cc.__CR0,0,1500,1500_PT0_SX300_V1___.jpg\" alt=\" \" data-src=\"https:\/\/m.media-amazon.com\/images\/S\/aplus-media\/sota\/685b92b8-a802-4cac-92d4-377b3c9557cc.__CR0,0,1500,1500_PT0_SX300_V1___.jpg\" \/><\/p>\n<\/div>\n<\/th>\n<\/tr>\n<\/tbody>\n<\/table>\n<p><strong data-gp-tth-0=\"1dbc4174ab4f2ba0bc62d804e68190d9\">Especificaciones:<\/strong><\/p>\n<ul>\n<li data-gp-tth-0=\"fc76aea1ae7ef90a47938aafb299cbef\">Marca: Battery Tender<\/li>\n<li data-gp-tth-0=\"28a399d107b7b471aa1b629b94d16075\">Modelo: 022-0209-bt-wh<\/li>\n<li data-gp-tth-0=\"d723c29938664accad0717032193d5c6\">Atributos de variaci\u00f3n: Estilo: Cargador y mantenedor;<\/li>\n<li data-gp-tth-0=\"d9158201aff02d6cc0d0e0233e4f531c\">Color: negro, verde<\/li>\n<li data-gp-tth-0=\"e656770ea746a18ac454e37af27e6c8f\">Tama\u00f1o: talla \u00fanica<\/li>\n<li data-gp-tth-0=\"d63fed066b9f8eb9f569da068e4adc2b\">Longitud (cm): 28,4<\/li>\n<li data-gp-tth-0=\"c5ffb1399aa53acdc7b75b43d85a2fec\">Ancho (cm): 24,2<\/li>\n<li data-gp-tth-0=\"78325f2d48b53dcf022d8db6c89550f3\">Altura (cm): 8,4<\/li>\n<li data-gp-tth-0=\"fdacf25e3ecfdd858c001ce3254424a0\">Peso (gramos): 1150<\/li>\n<\/ul>\n","protected":false},"excerpt":{"rendered":"<p>&#8211; Marca: Battery Tender<br \/>\n&#8211; Cargador y mantenedor<br \/>\n&#8211; Incluye cables con conectores.<br \/>\n&#8211; Es compatible con la mayor\u00eda de bater\u00edas del mercado<br \/>\n&#8211; Longitud (cm): 28,4<br \/>\n&#8211; Ancho (cm): 24,2<br \/>\n&#8211; Altura (cm): 8,4<br \/>\n&#8211; Peso (gramos): 1150<\/p>\n","protected":false},"featured_media":19318,"comment_status":"open","ping_status":"closed","template":"","meta":{"jetpack_publicize_message":"","jetpack_publicize_feature_enabled":true,"jetpack_social_post_already_shared":true,"jetpack_social_options":{"image_generator_settings":{"template":"highway","default_image_id":0,"font":"","enabled":false},"version":2}},"pwb-brand":[532],"product_brand":[],"product_cat":[303],"product_tag":[],"class_list":{"0":"post-19316","1":"product","2":"type-product","3":"status-publish","4":"has-post-thumbnail","6":"pwb-brand-battery-tender","7":"product_cat-arrancadorcargadorbateria","9":"first","10":"instock","11":"taxable","12":"shipping-taxable","13":"purchasable","14":"product-type-simple"},"yoast_head":"<!-- This site is optimized with the Yoast SEO Premium plugin v25.7.1 (Yoast SEO v26.8) - https:\/\/yoast.com\/product\/yoast-seo-premium-wordpress\/ -->\n<title>Cargador y Mantenedor de Bater\u00eda de Autom\u00f3vil 4Amp 6V\/12V Battery Tender - Mivoot<\/title>\n<meta name=\"robots\" content=\"index, follow, max-snippet:-1, max-image-preview:large, max-video-preview:-1\" \/>\n<link rel=\"canonical\" href=\"https:\/\/mivoot.com\/gt\/producto\/cargador-y-mantenedor-de-bateria-de-automovil-4amp-6v-12v-battery-tender\/\" \/>\n<meta property=\"og:locale\" content=\"es_ES\" \/>\n<meta property=\"og:type\" content=\"article\" \/>\n<meta property=\"og:title\" content=\"Cargador y Mantenedor de Bater\u00eda de Autom\u00f3vil 4Amp 6V\/12V Battery Tender\" \/>\n<meta property=\"og:description\" content=\"- Marca: Battery Tender - Cargador y mantenedor - Incluye cables con conectores.  - Es compatible con la mayor\u00eda de bater\u00edas del mercado - Longitud (cm): 28,4 - Ancho (cm): 24,2 - Altura (cm): 8,4 - Peso (gramos): 1150\" \/>\n<meta property=\"og:url\" content=\"https:\/\/mivoot.com\/gt\/producto\/cargador-y-mantenedor-de-bateria-de-automovil-4amp-6v-12v-battery-tender\/\" \/>\n<meta property=\"og:site_name\" content=\"Mivoot\" \/>\n<meta property=\"article:publisher\" content=\"https:\/\/www.facebook.com\/mivootgt\" \/>\n<meta property=\"article:modified_time\" content=\"2024-05-21T01:09:29+00:00\" \/>\n<meta property=\"og:image\" content=\"https:\/\/mivoot.com\/gt\/wp-content\/uploads\/2024\/05\/BT-01.jpg\" \/>\n\t<meta property=\"og:image:width\" content=\"1280\" \/>\n\t<meta property=\"og:image:height\" content=\"1280\" \/>\n\t<meta property=\"og:image:type\" content=\"image\/jpeg\" \/>\n<meta name=\"twitter:card\" content=\"summary_large_image\" \/>\n<meta name=\"twitter:label1\" content=\"Est. reading time\" \/>\n\t<meta name=\"twitter:data1\" content=\"3 minutos\" \/>\n<script type=\"application\/ld+json\" class=\"yoast-schema-graph\">{\"@context\":\"https:\/\/schema.org\",\"@graph\":[{\"@type\":\"WebPage\",\"@id\":\"https:\/\/mivoot.com\/gt\/producto\/cargador-y-mantenedor-de-bateria-de-automovil-4amp-6v-12v-battery-tender\/\",\"url\":\"https:\/\/mivoot.com\/gt\/producto\/cargador-y-mantenedor-de-bateria-de-automovil-4amp-6v-12v-battery-tender\/\",\"name\":\"Cargador y Mantenedor de Bater\u00eda de Autom\u00f3vil 4Amp 6V\/12V Battery Tender - Mivoot\",\"isPartOf\":{\"@id\":\"https:\/\/mivoot.com\/gt\/#website\"},\"primaryImageOfPage\":{\"@id\":\"https:\/\/mivoot.com\/gt\/producto\/cargador-y-mantenedor-de-bateria-de-automovil-4amp-6v-12v-battery-tender\/#primaryimage\"},\"image\":{\"@id\":\"https:\/\/mivoot.com\/gt\/producto\/cargador-y-mantenedor-de-bateria-de-automovil-4amp-6v-12v-battery-tender\/#primaryimage\"},\"thumbnailUrl\":\"https:\/\/mivoot.com\/gt\/wp-content\/uploads\/2024\/05\/BT-01.jpg\",\"datePublished\":\"2024-05-21T01:09:28+00:00\",\"dateModified\":\"2024-05-21T01:09:29+00:00\",\"breadcrumb\":{\"@id\":\"https:\/\/mivoot.com\/gt\/producto\/cargador-y-mantenedor-de-bateria-de-automovil-4amp-6v-12v-battery-tender\/#breadcrumb\"},\"inLanguage\":\"es\",\"potentialAction\":[{\"@type\":\"ReadAction\",\"target\":[\"https:\/\/mivoot.com\/gt\/producto\/cargador-y-mantenedor-de-bateria-de-automovil-4amp-6v-12v-battery-tender\/\"]}]},{\"@type\":\"ImageObject\",\"inLanguage\":\"es\",\"@id\":\"https:\/\/mivoot.com\/gt\/producto\/cargador-y-mantenedor-de-bateria-de-automovil-4amp-6v-12v-battery-tender\/#primaryimage\",\"url\":\"https:\/\/mivoot.com\/gt\/wp-content\/uploads\/2024\/05\/BT-01.jpg\",\"contentUrl\":\"https:\/\/mivoot.com\/gt\/wp-content\/uploads\/2024\/05\/BT-01.jpg\",\"width\":1280,\"height\":1280},{\"@type\":\"BreadcrumbList\",\"@id\":\"https:\/\/mivoot.com\/gt\/producto\/cargador-y-mantenedor-de-bateria-de-automovil-4amp-6v-12v-battery-tender\/#breadcrumb\",\"itemListElement\":[{\"@type\":\"ListItem\",\"position\":1,\"name\":\"Inicio\",\"item\":\"https:\/\/mivoot.com\/gt\/\"},{\"@type\":\"ListItem\",\"position\":2,\"name\":\"Productos\",\"item\":\"https:\/\/mivoot.com\/gt\/producto\/\"},{\"@type\":\"ListItem\",\"position\":3,\"name\":\"Battery Tender\",\"item\":\"https:\/\/mivoot.com\/gt\/marca\/battery-tender\/\"},{\"@type\":\"ListItem\",\"position\":4,\"name\":\"Cargador y Mantenedor de Bater\u00eda de Autom\u00f3vil 4Amp 6V\/12V Battery Tender\"}]},{\"@type\":\"WebSite\",\"@id\":\"https:\/\/mivoot.com\/gt\/#website\",\"url\":\"https:\/\/mivoot.com\/gt\/\",\"name\":\"Mivoot\",\"description\":\"Mivoot Guatemala | Tienda Online\",\"publisher\":{\"@id\":\"https:\/\/mivoot.com\/gt\/#organization\"},\"alternateName\":\"mivoot\",\"potentialAction\":[{\"@type\":\"SearchAction\",\"target\":{\"@type\":\"EntryPoint\",\"urlTemplate\":\"https:\/\/mivoot.com\/gt\/?s={search_term_string}\"},\"query-input\":{\"@type\":\"PropertyValueSpecification\",\"valueRequired\":true,\"valueName\":\"search_term_string\"}}],\"inLanguage\":\"es\"},{\"@type\":\"Organization\",\"@id\":\"https:\/\/mivoot.com\/gt\/#organization\",\"name\":\"Mivoot Guatemala\",\"alternateName\":\"mivoot.com\",\"url\":\"https:\/\/mivoot.com\/gt\/\",\"logo\":{\"@type\":\"ImageObject\",\"inLanguage\":\"es\",\"@id\":\"https:\/\/mivoot.com\/gt\/#\/schema\/logo\/image\/\",\"url\":\"https:\/\/mivoot.com\/gt\/wp-content\/uploads\/2023\/03\/cropped-icon.png\",\"contentUrl\":\"https:\/\/mivoot.com\/gt\/wp-content\/uploads\/2023\/03\/cropped-icon.png\",\"width\":512,\"height\":512,\"caption\":\"Mivoot Guatemala\"},\"image\":{\"@id\":\"https:\/\/mivoot.com\/gt\/#\/schema\/logo\/image\/\"},\"sameAs\":[\"https:\/\/www.facebook.com\/mivootgt\",\"https:\/\/instagram.com\/mivoot\"]}]}<\/script>\n<!-- \/ Yoast SEO Premium plugin. -->","yoast_head_json":{"title":"Cargador y Mantenedor de Bater\u00eda de Autom\u00f3vil 4Amp 6V\/12V Battery Tender - Mivoot","robots":{"index":"index","follow":"follow","max-snippet":"max-snippet:-1","max-image-preview":"max-image-preview:large","max-video-preview":"max-video-preview:-1"},"canonical":"https:\/\/mivoot.com\/gt\/producto\/cargador-y-mantenedor-de-bateria-de-automovil-4amp-6v-12v-battery-tender\/","og_locale":"es_ES","og_type":"article","og_title":"Cargador y Mantenedor de Bater\u00eda de Autom\u00f3vil 4Amp 6V\/12V Battery Tender","og_description":"- Marca: Battery Tender - Cargador y mantenedor - Incluye cables con conectores.  - Es compatible con la mayor\u00eda de bater\u00edas del mercado - Longitud (cm): 28,4 - Ancho (cm): 24,2 - Altura (cm): 8,4 - Peso (gramos): 1150","og_url":"https:\/\/mivoot.com\/gt\/producto\/cargador-y-mantenedor-de-bateria-de-automovil-4amp-6v-12v-battery-tender\/","og_site_name":"Mivoot","article_publisher":"https:\/\/www.facebook.com\/mivootgt","article_modified_time":"2024-05-21T01:09:29+00:00","og_image":[{"width":1280,"height":1280,"url":"https:\/\/mivoot.com\/gt\/wp-content\/uploads\/2024\/05\/BT-01.jpg","type":"image\/jpeg"}],"twitter_card":"summary_large_image","twitter_misc":{"Est. reading time":"3 minutos"},"schema":{"@context":"https:\/\/schema.org","@graph":[{"@type":"WebPage","@id":"https:\/\/mivoot.com\/gt\/producto\/cargador-y-mantenedor-de-bateria-de-automovil-4amp-6v-12v-battery-tender\/","url":"https:\/\/mivoot.com\/gt\/producto\/cargador-y-mantenedor-de-bateria-de-automovil-4amp-6v-12v-battery-tender\/","name":"Cargador y Mantenedor de Bater\u00eda de Autom\u00f3vil 4Amp 6V\/12V Battery Tender - Mivoot","isPartOf":{"@id":"https:\/\/mivoot.com\/gt\/#website"},"primaryImageOfPage":{"@id":"https:\/\/mivoot.com\/gt\/producto\/cargador-y-mantenedor-de-bateria-de-automovil-4amp-6v-12v-battery-tender\/#primaryimage"},"image":{"@id":"https:\/\/mivoot.com\/gt\/producto\/cargador-y-mantenedor-de-bateria-de-automovil-4amp-6v-12v-battery-tender\/#primaryimage"},"thumbnailUrl":"https:\/\/mivoot.com\/gt\/wp-content\/uploads\/2024\/05\/BT-01.jpg","datePublished":"2024-05-21T01:09:28+00:00","dateModified":"2024-05-21T01:09:29+00:00","breadcrumb":{"@id":"https:\/\/mivoot.com\/gt\/producto\/cargador-y-mantenedor-de-bateria-de-automovil-4amp-6v-12v-battery-tender\/#breadcrumb"},"inLanguage":"es","potentialAction":[{"@type":"ReadAction","target":["https:\/\/mivoot.com\/gt\/producto\/cargador-y-mantenedor-de-bateria-de-automovil-4amp-6v-12v-battery-tender\/"]}]},{"@type":"ImageObject","inLanguage":"es","@id":"https:\/\/mivoot.com\/gt\/producto\/cargador-y-mantenedor-de-bateria-de-automovil-4amp-6v-12v-battery-tender\/#primaryimage","url":"https:\/\/mivoot.com\/gt\/wp-content\/uploads\/2024\/05\/BT-01.jpg","contentUrl":"https:\/\/mivoot.com\/gt\/wp-content\/uploads\/2024\/05\/BT-01.jpg","width":1280,"height":1280},{"@type":"BreadcrumbList","@id":"https:\/\/mivoot.com\/gt\/producto\/cargador-y-mantenedor-de-bateria-de-automovil-4amp-6v-12v-battery-tender\/#breadcrumb","itemListElement":[{"@type":"ListItem","position":1,"name":"Inicio","item":"https:\/\/mivoot.com\/gt\/"},{"@type":"ListItem","position":2,"name":"Productos","item":"https:\/\/mivoot.com\/gt\/producto\/"},{"@type":"ListItem","position":3,"name":"Battery Tender","item":"https:\/\/mivoot.com\/gt\/marca\/battery-tender\/"},{"@type":"ListItem","position":4,"name":"Cargador y Mantenedor de Bater\u00eda de Autom\u00f3vil 4Amp 6V\/12V Battery Tender"}]},{"@type":"WebSite","@id":"https:\/\/mivoot.com\/gt\/#website","url":"https:\/\/mivoot.com\/gt\/","name":"Mivoot","description":"Mivoot Guatemala | Tienda Online","publisher":{"@id":"https:\/\/mivoot.com\/gt\/#organization"},"alternateName":"mivoot","potentialAction":[{"@type":"SearchAction","target":{"@type":"EntryPoint","urlTemplate":"https:\/\/mivoot.com\/gt\/?s={search_term_string}"},"query-input":{"@type":"PropertyValueSpecification","valueRequired":true,"valueName":"search_term_string"}}],"inLanguage":"es"},{"@type":"Organization","@id":"https:\/\/mivoot.com\/gt\/#organization","name":"Mivoot Guatemala","alternateName":"mivoot.com","url":"https:\/\/mivoot.com\/gt\/","logo":{"@type":"ImageObject","inLanguage":"es","@id":"https:\/\/mivoot.com\/gt\/#\/schema\/logo\/image\/","url":"https:\/\/mivoot.com\/gt\/wp-content\/uploads\/2023\/03\/cropped-icon.png","contentUrl":"https:\/\/mivoot.com\/gt\/wp-content\/uploads\/2023\/03\/cropped-icon.png","width":512,"height":512,"caption":"Mivoot Guatemala"},"image":{"@id":"https:\/\/mivoot.com\/gt\/#\/schema\/logo\/image\/"},"sameAs":["https:\/\/www.facebook.com\/mivootgt","https:\/\/instagram.com\/mivoot"]}]}},"jetpack_publicize_connections":[],"jetpack_sharing_enabled":true,"brands":[{"id":532,"name":"Battery Tender","slug":"battery-tender"}],"_links":{"self":[{"href":"https:\/\/mivoot.com\/gt\/wp-json\/wp\/v2\/product\/19316","targetHints":{"allow":["GET"]}}],"collection":[{"href":"https:\/\/mivoot.com\/gt\/wp-json\/wp\/v2\/product"}],"about":[{"href":"https:\/\/mivoot.com\/gt\/wp-json\/wp\/v2\/types\/product"}],"replies":[{"embeddable":true,"href":"https:\/\/mivoot.com\/gt\/wp-json\/wp\/v2\/comments?post=19316"}],"version-history":[{"count":1,"href":"https:\/\/mivoot.com\/gt\/wp-json\/wp\/v2\/product\/19316\/revisions"}],"predecessor-version":[{"id":19326,"href":"https:\/\/mivoot.com\/gt\/wp-json\/wp\/v2\/product\/19316\/revisions\/19326"}],"wp:featuredmedia":[{"embeddable":true,"href":"https:\/\/mivoot.com\/gt\/wp-json\/wp\/v2\/media\/19318"}],"wp:attachment":[{"href":"https:\/\/mivoot.com\/gt\/wp-json\/wp\/v2\/media?parent=19316"}],"wp:term":[{"taxonomy":"pwb-brand","embeddable":true,"href":"https:\/\/mivoot.com\/gt\/wp-json\/wp\/v2\/pwb-brand?post=19316"},{"taxonomy":"product_brand","embeddable":true,"href":"https:\/\/mivoot.com\/gt\/wp-json\/wp\/v2\/product_brand?post=19316"},{"taxonomy":"product_cat","embeddable":true,"href":"https:\/\/mivoot.com\/gt\/wp-json\/wp\/v2\/product_cat?post=19316"},{"taxonomy":"product_tag","embeddable":true,"href":"https:\/\/mivoot.com\/gt\/wp-json\/wp\/v2\/product_tag?post=19316"}],"curies":[{"name":"wp","href":"https:\/\/api.w.org\/{rel}","templated":true}]}}