{"id":19346,"date":"2024-05-20T19:53:15","date_gmt":"2024-05-21T01:53:15","guid":{"rendered":"https:\/\/mivoot.com\/gt\/?post_type=product&#038;p=19346"},"modified":"2024-05-20T19:53:17","modified_gmt":"2024-05-21T01:53:17","slug":"monitor-interior-ip-wifi-dahua","status":"publish","type":"product","link":"https:\/\/mivoot.com\/gt\/producto\/monitor-interior-ip-wifi-dahua\/","title":{"rendered":"Monitor Interior IP WiFi Dahua"},"content":{"rendered":"<div class=\"tab-left\" data-v-0edf065a=\"\">\n<div class=\"selector-wrapper\" data-v-27ca18f1=\"\" data-v-0edf065a=\"\">\n<div class=\"selector-item\" data-v-27ca18f1=\"\">\n<div class=\"selector-img\" data-v-27ca18f1=\"\">\n<ul>\n<li><span>Elegante dise\u00f1o de aleaci\u00f3n de aluminio.<\/span><\/li>\n<li><span>Sistema operativo Linux incorporado.<\/span><\/li>\n<li><span>Pantalla t\u00e1ctil capacitiva de 7&#8243;, 1024\u00d7600.<\/span><\/li>\n<li><span>Muestra la imagen de la c\u00e1mara cuando recibe una llamada del portero<\/span><\/li>\n<li><span>Zona de alarma cableada de 6 canales.<\/span><\/li>\n<li><span>Env\u00eda mensajes SOS al centro de gesti\u00f3n.<\/span><\/li>\n<li><span>Conexi\u00f3n wifi<\/span><\/li>\n<li><span>PoE est\u00e1ndar<\/span><\/li>\n<li><span>Altavoz y micr\u00f3fono de alto rendimiento que produce llamadas de voz de alta calidad.<\/span><\/li>\n<li><span>Modo No Molestar personalizable.<\/span><\/li>\n<\/ul>\n<\/div>\n<div class=\"selector-info\" data-v-27ca18f1=\"\">\n<h3 data-v-27ca18f1=\"\">Especificaciones<\/h3>\n<\/div>\n<\/div>\n<\/div>\n<\/div>\n<div class=\"tab-right\" data-v-0edf065a=\"\">\n<div class=\"table-content\" data-v-0edf065a=\"\">\n<div id=\"div_left\">\n<div class=\"div-drop\">\n<table id=\"table001\" class=\"NEW-TABLE TableOverride-1 tab-drag\">\n<tbody>\n<tr>\n<td colspan=\"60\"><span>Sistema<\/span><\/td>\n<\/tr>\n<tr>\n<td colspan=\"18\"><span>Procesador principal<\/span><\/td>\n<td colspan=\"42\"><span>Procesador integrado<\/span><\/td>\n<\/tr>\n<tr>\n<td colspan=\"18\"><span>Sistema operativo<\/span><\/td>\n<td colspan=\"42\"><span>Sistema operativo Linux integrado<\/span><\/td>\n<\/tr>\n<tr>\n<td colspan=\"18\"><span>Interoperabilidad<\/span><\/td>\n<td colspan=\"42\"><span>ONVIF; SDK<\/span><\/td>\n<\/tr>\n<tr>\n<td colspan=\"18\"><span>Protocolo de red<\/span><\/td>\n<td colspan=\"42\"><span>RTSP; RTP; SORBO; DNS; SSH<\/span><\/td>\n<\/tr>\n<tr>\n<td colspan=\"60\"><span>B\u00e1sico<\/span><\/td>\n<\/tr>\n<tr>\n<td colspan=\"18\"><span>Tipo de pantalla<\/span><\/td>\n<td colspan=\"42\"><span>Pantalla tactil capacitiva<\/span><\/td>\n<\/tr>\n<tr>\n<td colspan=\"18\"><span>Mostrar<\/span><\/td>\n<td colspan=\"42\"><span>TFT de 7&#8243;<\/span><\/td>\n<\/tr>\n<tr>\n<td colspan=\"18\"><span>Resoluci\u00f3n de la pantalla<\/span><\/td>\n<td colspan=\"42\"><span>1024 \u00d7 600<\/span><\/td>\n<\/tr>\n<tr>\n<td colspan=\"18\"><span>Compresi\u00f3n de audio<\/span><\/td>\n<td colspan=\"42\"><span>G.711a; G.711u; PCM<\/span><\/td>\n<\/tr>\n<tr>\n<td colspan=\"18\"><span>Entrada de audio<\/span><\/td>\n<td colspan=\"42\"><span>1<\/span><\/td>\n<\/tr>\n<tr>\n<td colspan=\"18\"><span>Salida de audio<\/span><\/td>\n<td colspan=\"42\"><span>Altavoz incorporado<\/span><\/td>\n<\/tr>\n<tr>\n<td colspan=\"18\"><span>Modo de audio<\/span><\/td>\n<td colspan=\"42\"><span>Audio bidireccional<\/span><\/td>\n<\/tr>\n<tr>\n<td colspan=\"18\"><span>Mejora de audio<\/span><\/td>\n<td colspan=\"42\"><span>Supresi\u00f3n de eco<\/span><\/td>\n<\/tr>\n<tr>\n<td colspan=\"18\"><span>Tasa de bits de audio<\/span><\/td>\n<td colspan=\"42\"><span>16 kHz; 16 bits<\/span><\/td>\n<\/tr>\n<tr>\n<td colspan=\"60\"><span>Funci\u00f3n<\/span><\/td>\n<\/tr>\n<tr>\n<td colspan=\"18\"><span>Modo de comunicaci\u00f3n<\/span><\/td>\n<td colspan=\"42\"><span>Completamente digital<\/span><\/td>\n<\/tr>\n<tr>\n<td colspan=\"18\"><span>Divulgaci\u00f3n de informaci\u00f3n<\/span><\/td>\n<td colspan=\"42\"><span>Recibir y ver informaci\u00f3n de texto publicada por el centro de gesti\u00f3n.<\/span><\/td>\n<\/tr>\n<tr>\n<td colspan=\"18\"><span>Dejar v\u00eddeos<\/span><\/td>\n<td colspan=\"42\"><span>S\u00ed (inserte una tarjeta SD en el monitor interior)<\/span><\/td>\n<\/tr>\n<tr>\n<td colspan=\"18\"><span>Modo No Molestar<\/span><\/td>\n<td colspan=\"42\"><span>Se puede establecer un per\u00edodo de no molestar; Modo no molestar<\/span><\/td>\n<\/tr>\n<tr>\n<td colspan=\"18\"><span>N\u00famero de extensiones<\/span><\/td>\n<td colspan=\"42\"><span>Chalet: 9<\/span><\/p>\n<p><span>Apartamento: 4<\/span><\/p>\n<p><span>Intercomunicador Wi-Fi: 1 monitor principal, 2 monitores de extensi\u00f3n<\/span><\/td>\n<\/tr>\n<tr>\n<td colspan=\"18\"><span>Wifi<\/span><\/td>\n<td colspan=\"42\"><span>S\u00ed<\/span><\/td>\n<\/tr>\n<tr>\n<td colspan=\"18\"><span>Est\u00e1ndar inal\u00e1mbrico<\/span><\/td>\n<td colspan=\"42\"><span>IEEE802.11b\/802.11g\/802.11n<\/span><\/td>\n<\/tr>\n<tr>\n<td colspan=\"18\"><span>Rango de frecuencia inal\u00e1mbrica<\/span><\/td>\n<td colspan=\"42\"><span>2.412\u20132.472 MHz<\/span><\/td>\n<\/tr>\n<tr>\n<td colspan=\"18\"><span>Cifrado de seguridad inal\u00e1mbrico<\/span><\/td>\n<td colspan=\"42\"><span>WPA\/WPA2; WPA-PSK\/WPA2-PSK<\/span><\/td>\n<\/tr>\n<tr>\n<td colspan=\"18\"><span>Almacenamiento<\/span><\/td>\n<td colspan=\"42\"><span>Tarjeta Micro SD (hasta 64 GB)<\/span><\/td>\n<\/tr>\n<tr>\n<td colspan=\"60\"><span>Actuaci\u00f3n<\/span><\/td>\n<\/tr>\n<tr>\n<td colspan=\"18\"><span>Caja<\/span><\/td>\n<td colspan=\"42\"><span>Metal<\/span><\/td>\n<\/tr>\n<tr>\n<td colspan=\"60\"><span>Puerto<\/span><\/td>\n<\/tr>\n<tr>\n<td colspan=\"18\"><span>RS-485<\/span><\/td>\n<td colspan=\"42\"><span>1<\/span><\/td>\n<\/tr>\n<tr>\n<td colspan=\"18\"><span>Entrada de alarma<\/span><\/td>\n<td colspan=\"42\"><span>6<\/span><\/td>\n<\/tr>\n<tr>\n<td colspan=\"18\"><span>Salida de alarma<\/span><\/td>\n<td colspan=\"42\"><span>1<\/span><\/td>\n<\/tr>\n<tr>\n<td colspan=\"18\"><span>Timbre de puerta<\/span><\/td>\n<td colspan=\"42\"><span>S\u00ed (use cualquier puerto de entrada de alarma)<\/span><\/td>\n<\/tr>\n<tr>\n<td colspan=\"18\"><span>Red<\/span><\/td>\n<td colspan=\"42\"><span>Una Ethernet de 10\/100 Mbps<\/span><\/td>\n<\/tr>\n<tr>\n<td colspan=\"60\"><span>General<\/span><\/td>\n<\/tr>\n<tr>\n<td colspan=\"18\"><span>Color de apariencia<\/span><\/td>\n<td colspan=\"42\"><span>plata<\/span><\/td>\n<\/tr>\n<tr>\n<td colspan=\"18\"><span>Fuente de alimentaci\u00f3n<\/span><\/td>\n<td colspan=\"42\"><span>PoE est\u00e1ndar de 12 VCC 1 A<\/span><br \/>\n<span>(36\u201357 V, 0,35 A)<\/span><\/td>\n<\/tr>\n<tr>\n<td colspan=\"18\"><span>Instalaci\u00f3n<\/span><\/td>\n<td colspan=\"42\"><span>Montaje superficial<\/span><\/td>\n<\/tr>\n<tr>\n<td colspan=\"18\"><span>Certificaciones<\/span><\/td>\n<td colspan=\"42\"><span>DECIR; FCC<\/span><\/td>\n<\/tr>\n<tr>\n<td colspan=\"18\"><span>Dimensiones<\/span><\/td>\n<td colspan=\"42\"><span>185 mm \u00d7 147 mm \u00d7 22,4 mm (7,28&#8243; \u00d7 5,79&#8243; \u00d7 0,88&#8243;)<\/span><\/td>\n<\/tr>\n<tr>\n<td colspan=\"18\"><span>Temperatura de funcionamiento<\/span><\/td>\n<td colspan=\"42\"><span>\u201310 \u00b0C a +55 \u00b0C (+14 \u00b0F a 131 \u00b0F)<\/span><\/td>\n<\/tr>\n<tr>\n<td colspan=\"18\"><span>Humedad de funcionamiento<\/span><\/td>\n<td colspan=\"42\"><span>10%\u201395% HR (sin condensaci\u00f3n)<\/span><\/td>\n<\/tr>\n<tr>\n<td colspan=\"18\"><span>Altitud de funcionamiento<\/span><\/td>\n<td colspan=\"42\"><span>Por debajo de 3.000 m (9.842,52 pies)<\/span><\/td>\n<\/tr>\n<tr>\n<td colspan=\"18\"><span>El consumo de energ\u00eda<\/span><\/td>\n<td colspan=\"42\"><span>En espera \u2264 3 W; trabajando \u2264 7W<\/span><\/td>\n<\/tr>\n<tr>\n<td colspan=\"18\"><span>Peso neto<\/span><\/td>\n<td colspan=\"42\"><span>0,39 kg (0,86 libras)<\/span><\/td>\n<\/tr>\n<tr>\n<td colspan=\"18\"><span>Peso bruto<\/span><\/td>\n<td colspan=\"42\"><span>0,58 kg (1,28 libras)<\/span><\/td>\n<\/tr>\n<\/tbody>\n<\/table>\n<\/div>\n<\/div>\n<\/div>\n<\/div>\n","protected":false},"excerpt":{"rendered":"<p>&#8211; Dise\u00f1o elegante en aleaci\u00f3n de aluminio.<br \/>\n&#8211; Sistema operativo Linux integrado.<br \/>\n&#8211; Pantalla t\u00e1ctil capacitiva de 7&#8243;, 1024 \u00d7 600.<br \/>\n&#8211; Muestra la imagen de la c\u00e1mara cuando recibe una llamada desde el portero<br \/>\n&#8211; Zona de alarma cableada de 6 canales.<br \/>\n&#8211; Env\u00eda mensajes SOS al centro de gesti\u00f3n.<br \/>\n&#8211; Conexi\u00f3n Wi-Fi<br \/>\n&#8211; PoE est\u00e1ndar<br \/>\n&#8211; Altavoz y micr\u00f3fono de alto rendimiento que produce llamadas de voz de alta calidad<br \/>\n&#8211; Modo No molestar personalizable.<\/p>\n","protected":false},"featured_media":19349,"comment_status":"open","ping_status":"closed","template":"","meta":{"jetpack_publicize_message":"","jetpack_publicize_feature_enabled":true,"jetpack_social_post_already_shared":true,"jetpack_social_options":{"image_generator_settings":{"template":"highway","default_image_id":0,"font":"","enabled":false},"version":2}},"pwb-brand":[533],"product_brand":[],"product_cat":[356],"product_tag":[],"class_list":{"0":"post-19346","1":"product","2":"type-product","3":"status-publish","4":"has-post-thumbnail","6":"pwb-brand-dahua","7":"product_cat-video-portero","9":"first","10":"instock","11":"taxable","12":"shipping-taxable","13":"purchasable","14":"product-type-simple"},"yoast_head":"<!-- This site is optimized with the Yoast SEO Premium plugin v25.7.1 (Yoast SEO v26.8) - https:\/\/yoast.com\/product\/yoast-seo-premium-wordpress\/ -->\n<title>Monitor Interior IP WiFi Dahua - Mivoot<\/title>\n<meta name=\"robots\" content=\"index, follow, max-snippet:-1, max-image-preview:large, max-video-preview:-1\" \/>\n<link rel=\"canonical\" href=\"https:\/\/mivoot.com\/gt\/producto\/monitor-interior-ip-wifi-dahua\/\" \/>\n<meta property=\"og:locale\" content=\"es_ES\" \/>\n<meta property=\"og:type\" content=\"article\" \/>\n<meta property=\"og:title\" content=\"Monitor Interior IP WiFi Dahua\" \/>\n<meta property=\"og:description\" content=\"- Dise\u00f1o elegante en aleaci\u00f3n de aluminio. - Sistema operativo Linux integrado. - Pantalla t\u00e1ctil capacitiva de 7&quot;, 1024 \u00d7 600. - Muestra la imagen de la c\u00e1mara cuando recibe una llamada desde el portero - Zona de alarma cableada de 6 canales. - Env\u00eda mensajes SOS al centro de gesti\u00f3n. - Conexi\u00f3n Wi-Fi - PoE est\u00e1ndar - Altavoz y micr\u00f3fono de alto rendimiento que produce llamadas de voz de alta calidad - Modo No molestar personalizable.\" \/>\n<meta property=\"og:url\" content=\"https:\/\/mivoot.com\/gt\/producto\/monitor-interior-ip-wifi-dahua\/\" \/>\n<meta property=\"og:site_name\" content=\"Mivoot\" \/>\n<meta property=\"article:publisher\" content=\"https:\/\/www.facebook.com\/mivootgt\" \/>\n<meta property=\"article:modified_time\" content=\"2024-05-21T01:53:17+00:00\" \/>\n<meta property=\"og:image\" content=\"https:\/\/mivoot.com\/gt\/wp-content\/uploads\/2024\/05\/VTH8621-02.png\" \/>\n\t<meta property=\"og:image:width\" content=\"400\" \/>\n\t<meta property=\"og:image:height\" content=\"400\" \/>\n\t<meta property=\"og:image:type\" content=\"image\/png\" \/>\n<meta name=\"twitter:card\" content=\"summary_large_image\" \/>\n<meta name=\"twitter:label1\" content=\"Est. reading time\" \/>\n\t<meta name=\"twitter:data1\" content=\"2 minutos\" \/>\n<script type=\"application\/ld+json\" class=\"yoast-schema-graph\">{\"@context\":\"https:\/\/schema.org\",\"@graph\":[{\"@type\":\"WebPage\",\"@id\":\"https:\/\/mivoot.com\/gt\/producto\/monitor-interior-ip-wifi-dahua\/\",\"url\":\"https:\/\/mivoot.com\/gt\/producto\/monitor-interior-ip-wifi-dahua\/\",\"name\":\"Monitor Interior IP WiFi Dahua - Mivoot\",\"isPartOf\":{\"@id\":\"https:\/\/mivoot.com\/gt\/#website\"},\"primaryImageOfPage\":{\"@id\":\"https:\/\/mivoot.com\/gt\/producto\/monitor-interior-ip-wifi-dahua\/#primaryimage\"},\"image\":{\"@id\":\"https:\/\/mivoot.com\/gt\/producto\/monitor-interior-ip-wifi-dahua\/#primaryimage\"},\"thumbnailUrl\":\"https:\/\/mivoot.com\/gt\/wp-content\/uploads\/2024\/05\/VTH8621-02.png\",\"datePublished\":\"2024-05-21T01:53:15+00:00\",\"dateModified\":\"2024-05-21T01:53:17+00:00\",\"breadcrumb\":{\"@id\":\"https:\/\/mivoot.com\/gt\/producto\/monitor-interior-ip-wifi-dahua\/#breadcrumb\"},\"inLanguage\":\"es\",\"potentialAction\":[{\"@type\":\"ReadAction\",\"target\":[\"https:\/\/mivoot.com\/gt\/producto\/monitor-interior-ip-wifi-dahua\/\"]}]},{\"@type\":\"ImageObject\",\"inLanguage\":\"es\",\"@id\":\"https:\/\/mivoot.com\/gt\/producto\/monitor-interior-ip-wifi-dahua\/#primaryimage\",\"url\":\"https:\/\/mivoot.com\/gt\/wp-content\/uploads\/2024\/05\/VTH8621-02.png\",\"contentUrl\":\"https:\/\/mivoot.com\/gt\/wp-content\/uploads\/2024\/05\/VTH8621-02.png\",\"width\":400,\"height\":400},{\"@type\":\"BreadcrumbList\",\"@id\":\"https:\/\/mivoot.com\/gt\/producto\/monitor-interior-ip-wifi-dahua\/#breadcrumb\",\"itemListElement\":[{\"@type\":\"ListItem\",\"position\":1,\"name\":\"Inicio\",\"item\":\"https:\/\/mivoot.com\/gt\/\"},{\"@type\":\"ListItem\",\"position\":2,\"name\":\"Productos\",\"item\":\"https:\/\/mivoot.com\/gt\/producto\/\"},{\"@type\":\"ListItem\",\"position\":3,\"name\":\"Dahua\",\"item\":\"https:\/\/mivoot.com\/gt\/marca\/dahua\/\"},{\"@type\":\"ListItem\",\"position\":4,\"name\":\"Monitor Interior IP WiFi Dahua\"}]},{\"@type\":\"WebSite\",\"@id\":\"https:\/\/mivoot.com\/gt\/#website\",\"url\":\"https:\/\/mivoot.com\/gt\/\",\"name\":\"Mivoot\",\"description\":\"Mivoot Guatemala | Tienda Online\",\"publisher\":{\"@id\":\"https:\/\/mivoot.com\/gt\/#organization\"},\"alternateName\":\"mivoot\",\"potentialAction\":[{\"@type\":\"SearchAction\",\"target\":{\"@type\":\"EntryPoint\",\"urlTemplate\":\"https:\/\/mivoot.com\/gt\/?s={search_term_string}\"},\"query-input\":{\"@type\":\"PropertyValueSpecification\",\"valueRequired\":true,\"valueName\":\"search_term_string\"}}],\"inLanguage\":\"es\"},{\"@type\":\"Organization\",\"@id\":\"https:\/\/mivoot.com\/gt\/#organization\",\"name\":\"Mivoot Guatemala\",\"alternateName\":\"mivoot.com\",\"url\":\"https:\/\/mivoot.com\/gt\/\",\"logo\":{\"@type\":\"ImageObject\",\"inLanguage\":\"es\",\"@id\":\"https:\/\/mivoot.com\/gt\/#\/schema\/logo\/image\/\",\"url\":\"https:\/\/mivoot.com\/gt\/wp-content\/uploads\/2023\/03\/cropped-icon.png\",\"contentUrl\":\"https:\/\/mivoot.com\/gt\/wp-content\/uploads\/2023\/03\/cropped-icon.png\",\"width\":512,\"height\":512,\"caption\":\"Mivoot Guatemala\"},\"image\":{\"@id\":\"https:\/\/mivoot.com\/gt\/#\/schema\/logo\/image\/\"},\"sameAs\":[\"https:\/\/www.facebook.com\/mivootgt\",\"https:\/\/instagram.com\/mivoot\"]}]}<\/script>\n<!-- \/ Yoast SEO Premium plugin. -->","yoast_head_json":{"title":"Monitor Interior IP WiFi Dahua - Mivoot","robots":{"index":"index","follow":"follow","max-snippet":"max-snippet:-1","max-image-preview":"max-image-preview:large","max-video-preview":"max-video-preview:-1"},"canonical":"https:\/\/mivoot.com\/gt\/producto\/monitor-interior-ip-wifi-dahua\/","og_locale":"es_ES","og_type":"article","og_title":"Monitor Interior IP WiFi Dahua","og_description":"- Dise\u00f1o elegante en aleaci\u00f3n de aluminio. - Sistema operativo Linux integrado. - Pantalla t\u00e1ctil capacitiva de 7\", 1024 \u00d7 600. - Muestra la imagen de la c\u00e1mara cuando recibe una llamada desde el portero - Zona de alarma cableada de 6 canales. - Env\u00eda mensajes SOS al centro de gesti\u00f3n. - Conexi\u00f3n Wi-Fi - PoE est\u00e1ndar - Altavoz y micr\u00f3fono de alto rendimiento que produce llamadas de voz de alta calidad - Modo No molestar personalizable.","og_url":"https:\/\/mivoot.com\/gt\/producto\/monitor-interior-ip-wifi-dahua\/","og_site_name":"Mivoot","article_publisher":"https:\/\/www.facebook.com\/mivootgt","article_modified_time":"2024-05-21T01:53:17+00:00","og_image":[{"width":400,"height":400,"url":"https:\/\/mivoot.com\/gt\/wp-content\/uploads\/2024\/05\/VTH8621-02.png","type":"image\/png"}],"twitter_card":"summary_large_image","twitter_misc":{"Est. reading time":"2 minutos"},"schema":{"@context":"https:\/\/schema.org","@graph":[{"@type":"WebPage","@id":"https:\/\/mivoot.com\/gt\/producto\/monitor-interior-ip-wifi-dahua\/","url":"https:\/\/mivoot.com\/gt\/producto\/monitor-interior-ip-wifi-dahua\/","name":"Monitor Interior IP WiFi Dahua - Mivoot","isPartOf":{"@id":"https:\/\/mivoot.com\/gt\/#website"},"primaryImageOfPage":{"@id":"https:\/\/mivoot.com\/gt\/producto\/monitor-interior-ip-wifi-dahua\/#primaryimage"},"image":{"@id":"https:\/\/mivoot.com\/gt\/producto\/monitor-interior-ip-wifi-dahua\/#primaryimage"},"thumbnailUrl":"https:\/\/mivoot.com\/gt\/wp-content\/uploads\/2024\/05\/VTH8621-02.png","datePublished":"2024-05-21T01:53:15+00:00","dateModified":"2024-05-21T01:53:17+00:00","breadcrumb":{"@id":"https:\/\/mivoot.com\/gt\/producto\/monitor-interior-ip-wifi-dahua\/#breadcrumb"},"inLanguage":"es","potentialAction":[{"@type":"ReadAction","target":["https:\/\/mivoot.com\/gt\/producto\/monitor-interior-ip-wifi-dahua\/"]}]},{"@type":"ImageObject","inLanguage":"es","@id":"https:\/\/mivoot.com\/gt\/producto\/monitor-interior-ip-wifi-dahua\/#primaryimage","url":"https:\/\/mivoot.com\/gt\/wp-content\/uploads\/2024\/05\/VTH8621-02.png","contentUrl":"https:\/\/mivoot.com\/gt\/wp-content\/uploads\/2024\/05\/VTH8621-02.png","width":400,"height":400},{"@type":"BreadcrumbList","@id":"https:\/\/mivoot.com\/gt\/producto\/monitor-interior-ip-wifi-dahua\/#breadcrumb","itemListElement":[{"@type":"ListItem","position":1,"name":"Inicio","item":"https:\/\/mivoot.com\/gt\/"},{"@type":"ListItem","position":2,"name":"Productos","item":"https:\/\/mivoot.com\/gt\/producto\/"},{"@type":"ListItem","position":3,"name":"Dahua","item":"https:\/\/mivoot.com\/gt\/marca\/dahua\/"},{"@type":"ListItem","position":4,"name":"Monitor Interior IP WiFi Dahua"}]},{"@type":"WebSite","@id":"https:\/\/mivoot.com\/gt\/#website","url":"https:\/\/mivoot.com\/gt\/","name":"Mivoot","description":"Mivoot Guatemala | Tienda Online","publisher":{"@id":"https:\/\/mivoot.com\/gt\/#organization"},"alternateName":"mivoot","potentialAction":[{"@type":"SearchAction","target":{"@type":"EntryPoint","urlTemplate":"https:\/\/mivoot.com\/gt\/?s={search_term_string}"},"query-input":{"@type":"PropertyValueSpecification","valueRequired":true,"valueName":"search_term_string"}}],"inLanguage":"es"},{"@type":"Organization","@id":"https:\/\/mivoot.com\/gt\/#organization","name":"Mivoot Guatemala","alternateName":"mivoot.com","url":"https:\/\/mivoot.com\/gt\/","logo":{"@type":"ImageObject","inLanguage":"es","@id":"https:\/\/mivoot.com\/gt\/#\/schema\/logo\/image\/","url":"https:\/\/mivoot.com\/gt\/wp-content\/uploads\/2023\/03\/cropped-icon.png","contentUrl":"https:\/\/mivoot.com\/gt\/wp-content\/uploads\/2023\/03\/cropped-icon.png","width":512,"height":512,"caption":"Mivoot Guatemala"},"image":{"@id":"https:\/\/mivoot.com\/gt\/#\/schema\/logo\/image\/"},"sameAs":["https:\/\/www.facebook.com\/mivootgt","https:\/\/instagram.com\/mivoot"]}]}},"jetpack_publicize_connections":[],"jetpack_sharing_enabled":true,"brands":[{"id":533,"name":"Dahua","slug":"dahua"}],"_links":{"self":[{"href":"https:\/\/mivoot.com\/gt\/wp-json\/wp\/v2\/product\/19346","targetHints":{"allow":["GET"]}}],"collection":[{"href":"https:\/\/mivoot.com\/gt\/wp-json\/wp\/v2\/product"}],"about":[{"href":"https:\/\/mivoot.com\/gt\/wp-json\/wp\/v2\/types\/product"}],"replies":[{"embeddable":true,"href":"https:\/\/mivoot.com\/gt\/wp-json\/wp\/v2\/comments?post=19346"}],"version-history":[{"count":1,"href":"https:\/\/mivoot.com\/gt\/wp-json\/wp\/v2\/product\/19346\/revisions"}],"predecessor-version":[{"id":19352,"href":"https:\/\/mivoot.com\/gt\/wp-json\/wp\/v2\/product\/19346\/revisions\/19352"}],"wp:featuredmedia":[{"embeddable":true,"href":"https:\/\/mivoot.com\/gt\/wp-json\/wp\/v2\/media\/19349"}],"wp:attachment":[{"href":"https:\/\/mivoot.com\/gt\/wp-json\/wp\/v2\/media?parent=19346"}],"wp:term":[{"taxonomy":"pwb-brand","embeddable":true,"href":"https:\/\/mivoot.com\/gt\/wp-json\/wp\/v2\/pwb-brand?post=19346"},{"taxonomy":"product_brand","embeddable":true,"href":"https:\/\/mivoot.com\/gt\/wp-json\/wp\/v2\/product_brand?post=19346"},{"taxonomy":"product_cat","embeddable":true,"href":"https:\/\/mivoot.com\/gt\/wp-json\/wp\/v2\/product_cat?post=19346"},{"taxonomy":"product_tag","embeddable":true,"href":"https:\/\/mivoot.com\/gt\/wp-json\/wp\/v2\/product_tag?post=19346"}],"curies":[{"name":"wp","href":"https:\/\/api.w.org\/{rel}","templated":true}]}}