{"id":19360,"date":"2024-05-20T20:23:21","date_gmt":"2024-05-21T02:23:21","guid":{"rendered":"https:\/\/mivoot.com\/gt\/?post_type=product&#038;p=19360"},"modified":"2024-05-20T20:37:27","modified_gmt":"2024-05-21T02:37:27","slug":"impresora-ecotank-m1120-epson","status":"publish","type":"product","link":"https:\/\/mivoot.com\/gt\/producto\/impresora-ecotank-m1120-epson\/","title":{"rendered":"Impresora EcoTank M1120 Epson"},"content":{"rendered":"<h1 class=\"name\" style=\"text-align: center;\">Impresora inal\u00e1mbrica en blanco y negro EcoTank M1120<\/h1>\n<div class=\"description\">\n<p>La impresora inal\u00e1mbrica monocrom\u00e1tica EcoTank<sup>\u00ae<\/sup>\u00a0M1120 es la elecci\u00f3n ideal para emprendedores que necesitan alto rendimiento y eficiencia en la impresi\u00f3n en blanco y negro a un costo ultrabajo sin sacrificar calidad. Con los tanques de tinta rellenables de superalta capacidad, podr\u00e1 imprimir hasta 11.000<sup>1<\/sup>\u00a0p\u00e1ginas en negro con dos botellas incluidas y hasta 6.000<sup>1<\/sup>\u00a0p\u00e1ginas en negro con botellas de reemplazo.<\/p>\n<p>Esta impresora compacta es perfecta para oficinas que imprimen miles de documentos en negro y buscan reducir costos sin sacrificar productividad.<\/p>\n<ul>\n<li>Reducci\u00f3n de costos<\/li>\n<li>Ahorra con esta compra<\/li>\n<li>Calidad profesional<\/li>\n<\/ul>\n<div class=\"ccs-cc-inline-features-block ccs-cc-inline-single-feature\">\n<div class=\"ccs-cc-inline-feature\" data-type=\"text\">\n<div><\/div>\n<div class=\"ccs-cc-inline-feature-content ccs-cc-inline-feature-description\"><span data-cnet-ccs-icb-restrictions=\"style\" data-cnet-ccs-icb-annotation=\"true\">ESPECIFICACIONES T\u00c9CNICAS<\/span><\/div>\n<\/div>\n<\/div>\n<div class=\"ccs-cc-inline-features-block ccs-cc-inline-single-feature\">\n<div class=\"ccs-cc-inline-feature\" data-type=\"text\">\n<div class=\"ccs-cc-inline-feature-content ccs-cc-inline-feature-description\">\n<p><b data-cnet-ccs-icb-annotation=\"true\">IMPRESI\u00d3N<\/b><\/p>\n<ul data-cnet-ccs-icb-annotation=\"true\">\n<li data-cnet-ccs-icb-annotation=\"true\">Tecnolog\u00eda de impresi\u00f3n: Inyecci\u00f3n de tinta Heat-Free Technology monocrom\u00e1tica optimizada<\/li>\n<li data-cnet-ccs-icb-annotation=\"true\">Direcci\u00f3n de impresi\u00f3n: Bidireccional<\/li>\n<li data-cnet-ccs-icb-annotation=\"true\">Configuraci\u00f3n de inyectores: 360 inyectores negros (2 filas de 180 inyectores)<\/li>\n<li data-cnet-ccs-icb-annotation=\"true\">Tama\u00f1o m\u00ednimo de gota de tinta: 3 picolitros con tecnolog\u00eda de gotas de tinta de tama\u00f1o variable<\/li>\n<li data-cnet-ccs-icb-annotation=\"true\">Lenguaje de impresi\u00f3n: ESC\/P Raster y ESC\/P-R (sin PC)<\/li>\n<li data-cnet-ccs-icb-annotation=\"true\">Resoluci\u00f3n de m\u00e1xima de impresi\u00f3n: 1440 x 720 dpi<\/li>\n<li data-cnet-ccs-icb-annotation=\"true\">Velocidad de impresi\u00f3n m\u00e1xima<sup data-cnet-ccs-icb-annotation=\"true\">1<\/sup>: 32 ppm (borrador, A4\/carta)<\/li>\n<li data-cnet-ccs-icb-annotation=\"true\">Velocidad de impresi\u00f3n ISO<sup data-cnet-ccs-icb-annotation=\"true\">5<\/sup>: 15 ppm (A4\/carta)<\/li>\n<li data-cnet-ccs-icb-annotation=\"true\">Impresi\u00f3n a doble ISO cara\/d\u00faplex: Manual (incluye soporte del controlador)<\/li>\n<li data-cnet-ccs-icb-annotation=\"true\">Ciclo de trabajo mensual recomendado<sup data-cnet-ccs-icb-annotation=\"true\">7<\/sup>: 250 &#8211; 1,500 p\u00e1ginas<\/li>\n<li data-cnet-ccs-icb-annotation=\"true\">Ciclo de trabajo mensual m\u00e1ximo<sup data-cnet-ccs-icb-annotation=\"true\">6<\/sup>: Hasta 20,000 p\u00e1ginas<\/li>\n<li data-cnet-ccs-icb-annotation=\"true\">Funciones de impresi\u00f3n: Intercalar, modo silencioso de impresi\u00f3n<\/li>\n<\/ul>\n<p><b data-cnet-ccs-icb-annotation=\"true\">IMPRESION INALAMBRICA<\/b><\/p>\n<ul data-cnet-ccs-icb-annotation=\"true\">\n<li data-cnet-ccs-icb-annotation=\"true\">Impresi\u00f3n m\u00f3vil<sup data-cnet-ccs-icb-annotation=\"true\">8<\/sup>:\n<ul data-cnet-ccs-icb-annotation=\"true\">\n<li data-cnet-ccs-icb-annotation=\"true\">Epson Connect\u2122: Epson iPrint\u2122 APP (IOS<sup data-cnet-ccs-icb-annotation=\"true\">\u00ae<\/sup>, Android\u2122), Epson Email Print<sup data-cnet-ccs-icb-annotation=\"true\">\u00ae<\/sup>, Remote<\/li>\n<li data-cnet-ccs-icb-annotation=\"true\">Print Driver; otros: Google Cloud Print\u2122, Mopria Print Service<\/li>\n<\/ul>\n<\/li>\n<\/ul>\n<p><b data-cnet-ccs-icb-annotation=\"true\">INTERFAZ Y CONECTIVIDAD<\/b><\/p>\n<ul data-cnet-ccs-icb-annotation=\"true\">\n<li data-cnet-ccs-icb-annotation=\"true\">Conectividad est\u00e1ndar: USB 2.0 Hi-Speed, Wi-Fi (802.11 b\/g\/h), Wi-Fi Direct<sup data-cnet-ccs-icb-annotation=\"true\">\u00ae<\/sup><\/li>\n<li data-cnet-ccs-icb-annotation=\"true\">Sistemas operativos: Windows Vista<sup data-cnet-ccs-icb-annotation=\"true\">\u00ae<\/sup>\u00a0\/ Windows<sup data-cnet-ccs-icb-annotation=\"true\">\u00ae<\/sup>\u00a07 \/ Windows<sup data-cnet-ccs-icb-annotation=\"true\">\u00ae<\/sup>\u00a08 \/ Windows<sup data-cnet-ccs-icb-annotation=\"true\">\u00ae<\/sup>\u00a08.1 \/ Windows<sup data-cnet-ccs-icb-annotation=\"true\">\u00ae<\/sup>\u00a010 (32bit \/ 64bit), Windows Server<sup data-cnet-ccs-icb-annotation=\"true\">\u00ae<\/sup>\u00a02003 SP2, Windows Server<sup data-cnet-ccs-icb-annotation=\"true\">\u00ae<\/sup>\u00a02016<sup data-cnet-ccs-icb-annotation=\"true\">9<\/sup>, Mac OS<sup data-cnet-ccs-icb-annotation=\"true\">\u00ae<\/sup>\u00a0X 10.6.8, Mac OS<sup data-cnet-ccs-icb-annotation=\"true\">\u00ae<\/sup>\u00a010.14.x.<sup data-cnet-ccs-icb-annotation=\"true\">10<\/sup><\/li>\n<\/ul>\n<p><strong>PAPEL<\/strong><\/p>\n<ul data-cnet-ccs-icb-annotation=\"true\">\n<li data-cnet-ccs-icb-annotation=\"true\">N\u00famero de bandejas de papel: 1 frontal<\/li>\n<li data-cnet-ccs-icb-annotation=\"true\">Capacidad de carga de papel (80 g\/m<sup data-cnet-ccs-icb-annotation=\"true\">2<\/sup>): 150 hojas est\u00e1ndar, 10 sobres y 30 tarjetas postales<\/li>\n<li data-cnet-ccs-icb-annotation=\"true\">Capacidad de bandeja de salida: 30 hojas de papel normal (A4\/carta), 20 tarjetas postales<\/li>\n<li data-cnet-ccs-icb-annotation=\"true\">Salida de papel: Boca arriba<\/li>\n<li data-cnet-ccs-icb-annotation=\"true\">Tama\u00f1o m\u00e1ximo: Legal (216 mm x 356 mm)<\/li>\n<li data-cnet-ccs-icb-annotation=\"true\">Formatos de papel:<\/li>\n<li data-cnet-ccs-icb-annotation=\"true\">Papel normal: A6 (105 x 148 mm),<\/li>\n<li data-cnet-ccs-icb-annotation=\"true\">media carta (140 x 216 mm),<\/li>\n<li data-cnet-ccs-icb-annotation=\"true\">ejecutivo (184 x 267 mm), A4 (210 x 297 mm),<\/li>\n<li data-cnet-ccs-icb-annotation=\"true\">oficio 9 (215 x 315 mm), carta (216 x 279 mm), 216 x 330 mm,<\/li>\n<li data-cnet-ccs-icb-annotation=\"true\">M\u00e9xico-oficio (216 x 340 mm) y legal (216 x 356 mm)<\/li>\n<li data-cnet-ccs-icb-annotation=\"true\">sobres #10 (105 x 241 mm)<\/li>\n<li data-cnet-ccs-icb-annotation=\"true\">Tipos de papel:\n<ul data-cnet-ccs-icb-annotation=\"true\">\n<li data-cnet-ccs-icb-annotation=\"true\">Papel normal, Premium Presentation Paper Matte, Premium Presentation Paper<\/li>\n<li data-cnet-ccs-icb-annotation=\"true\">Matte Double-Sided, Presentation Paper Matte<\/li>\n<\/ul>\n<\/li>\n<li data-cnet-ccs-icb-annotation=\"true\">M\u00e1rgenes de impresi\u00f3n: Superior \/ Inferior \/ Izquierda \/ Derecha: 3 mm<\/li>\n<li data-cnet-ccs-icb-annotation=\"true\">Peso de papel soportado: Papel normal: 64 ~ 90 g\/m<sup data-cnet-ccs-icb-annotation=\"true\">2<\/sup><\/li>\n<\/ul>\n<p><br data-cnet-ccs-icb-annotation=\"true\" \/><b data-cnet-ccs-icb-annotation=\"true\">GENERAL<\/b><\/p>\n<ul data-cnet-ccs-icb-annotation=\"true\">\n<li data-cnet-ccs-icb-annotation=\"true\">Dimensiones (ancho x profundo x alto):\n<ul data-cnet-ccs-icb-annotation=\"true\">\n<li data-cnet-ccs-icb-annotation=\"true\">Abierto: 375 x 512 x 161 mm<\/li>\n<li data-cnet-ccs-icb-annotation=\"true\">Cerrado: 375 x 267 x 161 mm<\/li>\n<\/ul>\n<\/li>\n<li data-cnet-ccs-icb-annotation=\"true\">Peso: 3,5 kg (excluye tintas y cables de alimentaci\u00f3n)<\/li>\n<li data-cnet-ccs-icb-annotation=\"true\">\u00bfQu\u00e9 hay en la caja?:\n<ul data-cnet-ccs-icb-annotation=\"true\">\n<li data-cnet-ccs-icb-annotation=\"true\">Impresora monocrom\u00e1tica M1120<\/li>\n<li data-cnet-ccs-icb-annotation=\"true\">Gu\u00eda de instalaci\u00f3n<\/li>\n<li data-cnet-ccs-icb-annotation=\"true\">CD-ROM con controladores<\/li>\n<li data-cnet-ccs-icb-annotation=\"true\">Cable de alimentaci\u00f3n<\/li>\n<li data-cnet-ccs-icb-annotation=\"true\">Cable USB<\/li>\n<li data-cnet-ccs-icb-annotation=\"true\">2 botellas de tinta negras T534 de inicializaci\u00f3n.<\/li>\n<\/ul>\n<\/li>\n<li data-cnet-ccs-icb-annotation=\"true\">Pa\u00eds de origen: Filipinas<\/li>\n<li data-cnet-ccs-icb-annotation=\"true\">Garant\u00eda limitada extendida: Garant\u00eda est\u00e1ndar de 2 a\u00f1os al registrar el producto<sup data-cnet-ccs-icb-annotation=\"true\">11<\/sup><\/li>\n<li data-cnet-ccs-icb-annotation=\"true\">Consumo de energ\u00eda (aproximado):\n<ul data-cnet-ccs-icb-annotation=\"true\">\n<li data-cnet-ccs-icb-annotation=\"true\">Impresi\u00f3n modo operaci\u00f3n: 13 W.<\/li>\n<li data-cnet-ccs-icb-annotation=\"true\">Modo preparado: 2,4 W.<\/li>\n<li data-cnet-ccs-icb-annotation=\"true\">Modo en espera: 0,2 W.<\/li>\n<\/ul>\n<\/li>\n<li data-cnet-ccs-icb-annotation=\"true\">Tensi\u00f3n nominal: CA 100 V &#8211; 240 V<\/li>\n<li data-cnet-ccs-icb-annotation=\"true\">Frecuencia nominal: 50 Hz &#8211; 60 Hz<\/li>\n<li data-cnet-ccs-icb-annotation=\"true\">Corriente nominal: 0,4 &#8211; 0,2 A<\/li>\n<\/ul>\n<p><br data-cnet-ccs-icb-annotation=\"true\" \/><b data-cnet-ccs-icb-annotation=\"true\">TINTA<\/b><\/p>\n<ul data-cnet-ccs-icb-annotation=\"true\">\n<li data-cnet-ccs-icb-annotation=\"true\">Rendimiento de botellas de tinta incluidas: 2 botellas con tinta negra rinden hasta 11,000 p\u00e1ginas<sup data-cnet-ccs-icb-annotation=\"true\">12<\/sup><\/li>\n<li data-cnet-ccs-icb-annotation=\"true\">Rendimiento de botella de tinta T534: 1 botella con tinta negra rinde hasta 6,000 p\u00e1ginas<sup data-cnet-ccs-icb-annotation=\"true\">10<\/sup><\/li>\n<li data-cnet-ccs-icb-annotation=\"true\">Rendimiento de botella de tinta T534S: 1 botella con tinta negra rinde hasta 2,000 p\u00e1ginas<sup data-cnet-ccs-icb-annotation=\"true\">10<\/sup><\/li>\n<li data-cnet-ccs-icb-annotation=\"true\">Tinta original pigmentada Epson: Especial para impresiones de documentos con textos claros, n\u00edtidos y duraderos con resistencia al agua y a la decoloraci\u00f3n. Esta EcoTank<sup data-cnet-ccs-icb-annotation=\"true\">\u00ae<\/sup>\u00a0M1120 fue dise\u00f1ada para usar botellas de tinta original marca Epson. Epson fuertemente recomienda el uso de tinta original para asegurar resultados fiables de calidad de impresi\u00f3n. No comprometa su garant\u00eda usando tintas no originales que podr\u00edan causar da\u00f1os no cubiertos.<\/li>\n<\/ul>\n<\/div>\n<\/div>\n<\/div>\n<\/div>\n","protected":false},"excerpt":{"rendered":"<p>&#8211; Tecnolog\u00eda de impresi\u00f3n: Inyecci\u00f3n de tinta Heat-Free Technology monocrom\u00e1tica optimizada<br \/>\n&#8211; Direcci\u00f3n de impresi\u00f3n: Bidireccional<br \/>\n&#8211; Conectividad est\u00e1ndar: USB 2.0 Hi-Speed, Wi-Fi (802.11 b\/g\/h), Wi-Fi Direct\u00ae<br \/>\n&#8211; Resoluci\u00f3n de m\u00e1xima de impresi\u00f3n: 1440 x 720 dpi<br \/>\n&#8211; Capacidad de carga de papel (80 g\/m2): 150 hojas est\u00e1ndar, 10 sobres y 30 tarjetas postales<br \/>\n&#8211; Ciclo de trabajo mensual recomendado7: 250 &#8211; 1,500 p\u00e1ginas<br \/>\n&#8211; Ciclo de trabajo mensual m\u00e1ximo6: Hasta 20,000 p\u00e1ginas<\/p>\n","protected":false},"featured_media":19364,"comment_status":"open","ping_status":"closed","template":"","meta":{"jetpack_publicize_message":"","jetpack_publicize_feature_enabled":true,"jetpack_social_post_already_shared":true,"jetpack_social_options":{"image_generator_settings":{"template":"highway","default_image_id":0,"font":"","enabled":false},"version":2}},"pwb-brand":[188],"product_brand":[],"product_cat":[176],"product_tag":[],"class_list":{"0":"post-19360","1":"product","2":"type-product","3":"status-publish","4":"has-post-thumbnail","6":"pwb-brand-epson","7":"product_cat-impresora-multifuncional","9":"first","10":"instock","11":"taxable","12":"shipping-taxable","13":"purchasable","14":"product-type-simple"},"yoast_head":"<!-- This site is optimized with the Yoast SEO Premium plugin v25.7.1 (Yoast SEO v26.8) - https:\/\/yoast.com\/product\/yoast-seo-premium-wordpress\/ -->\n<title>Impresora EcoTank M1120 Epson - Mivoot<\/title>\n<meta name=\"robots\" content=\"index, follow, max-snippet:-1, max-image-preview:large, max-video-preview:-1\" \/>\n<link rel=\"canonical\" href=\"https:\/\/mivoot.com\/gt\/producto\/impresora-ecotank-m1120-epson\/\" \/>\n<meta property=\"og:locale\" content=\"es_ES\" \/>\n<meta property=\"og:type\" content=\"article\" \/>\n<meta property=\"og:title\" content=\"Impresora EcoTank M1120 Epson\" \/>\n<meta property=\"og:description\" content=\"- Tecnolog\u00eda de impresi\u00f3n: Inyecci\u00f3n de tinta Heat-Free Technology monocrom\u00e1tica optimizada - Direcci\u00f3n de impresi\u00f3n: Bidireccional - Conectividad est\u00e1ndar: USB 2.0 Hi-Speed, Wi-Fi (802.11 b\/g\/h), Wi-Fi Direct\u00ae - Resoluci\u00f3n de m\u00e1xima de impresi\u00f3n: 1440 x 720 dpi - Capacidad de carga de papel (80 g\/m2): 150 hojas est\u00e1ndar, 10 sobres y 30 tarjetas postales - Ciclo de trabajo mensual recomendado7: 250 - 1,500 p\u00e1ginas - Ciclo de trabajo mensual m\u00e1ximo6: Hasta 20,000 p\u00e1ginas\" \/>\n<meta property=\"og:url\" content=\"https:\/\/mivoot.com\/gt\/producto\/impresora-ecotank-m1120-epson\/\" \/>\n<meta property=\"og:site_name\" content=\"Mivoot\" \/>\n<meta property=\"article:publisher\" content=\"https:\/\/www.facebook.com\/mivootgt\" \/>\n<meta property=\"article:modified_time\" content=\"2024-05-21T02:37:27+00:00\" \/>\n<meta property=\"og:image\" content=\"https:\/\/mivoot.com\/gt\/wp-content\/uploads\/2024\/05\/YjQwY2VkMm_360-1000x1000-1.jpg\" \/>\n\t<meta property=\"og:image:width\" content=\"1000\" \/>\n\t<meta property=\"og:image:height\" content=\"1000\" \/>\n\t<meta property=\"og:image:type\" content=\"image\/jpeg\" \/>\n<meta name=\"twitter:card\" content=\"summary_large_image\" \/>\n<meta name=\"twitter:label1\" content=\"Est. reading time\" \/>\n\t<meta name=\"twitter:data1\" content=\"4 minutos\" \/>\n<script type=\"application\/ld+json\" class=\"yoast-schema-graph\">{\"@context\":\"https:\/\/schema.org\",\"@graph\":[{\"@type\":\"WebPage\",\"@id\":\"https:\/\/mivoot.com\/gt\/producto\/impresora-ecotank-m1120-epson\/\",\"url\":\"https:\/\/mivoot.com\/gt\/producto\/impresora-ecotank-m1120-epson\/\",\"name\":\"Impresora EcoTank M1120 Epson - Mivoot\",\"isPartOf\":{\"@id\":\"https:\/\/mivoot.com\/gt\/#website\"},\"primaryImageOfPage\":{\"@id\":\"https:\/\/mivoot.com\/gt\/producto\/impresora-ecotank-m1120-epson\/#primaryimage\"},\"image\":{\"@id\":\"https:\/\/mivoot.com\/gt\/producto\/impresora-ecotank-m1120-epson\/#primaryimage\"},\"thumbnailUrl\":\"https:\/\/mivoot.com\/gt\/wp-content\/uploads\/2024\/05\/YjQwY2VkMm_360-1000x1000-1.jpg\",\"datePublished\":\"2024-05-21T02:23:21+00:00\",\"dateModified\":\"2024-05-21T02:37:27+00:00\",\"breadcrumb\":{\"@id\":\"https:\/\/mivoot.com\/gt\/producto\/impresora-ecotank-m1120-epson\/#breadcrumb\"},\"inLanguage\":\"es\",\"potentialAction\":[{\"@type\":\"ReadAction\",\"target\":[\"https:\/\/mivoot.com\/gt\/producto\/impresora-ecotank-m1120-epson\/\"]}]},{\"@type\":\"ImageObject\",\"inLanguage\":\"es\",\"@id\":\"https:\/\/mivoot.com\/gt\/producto\/impresora-ecotank-m1120-epson\/#primaryimage\",\"url\":\"https:\/\/mivoot.com\/gt\/wp-content\/uploads\/2024\/05\/YjQwY2VkMm_360-1000x1000-1.jpg\",\"contentUrl\":\"https:\/\/mivoot.com\/gt\/wp-content\/uploads\/2024\/05\/YjQwY2VkMm_360-1000x1000-1.jpg\",\"width\":1000,\"height\":1000},{\"@type\":\"BreadcrumbList\",\"@id\":\"https:\/\/mivoot.com\/gt\/producto\/impresora-ecotank-m1120-epson\/#breadcrumb\",\"itemListElement\":[{\"@type\":\"ListItem\",\"position\":1,\"name\":\"Inicio\",\"item\":\"https:\/\/mivoot.com\/gt\/\"},{\"@type\":\"ListItem\",\"position\":2,\"name\":\"Productos\",\"item\":\"https:\/\/mivoot.com\/gt\/producto\/\"},{\"@type\":\"ListItem\",\"position\":3,\"name\":\"Epson\",\"item\":\"https:\/\/mivoot.com\/gt\/marca\/epson\/\"},{\"@type\":\"ListItem\",\"position\":4,\"name\":\"Impresora EcoTank M1120 Epson\"}]},{\"@type\":\"WebSite\",\"@id\":\"https:\/\/mivoot.com\/gt\/#website\",\"url\":\"https:\/\/mivoot.com\/gt\/\",\"name\":\"Mivoot\",\"description\":\"Mivoot Guatemala | Tienda Online\",\"publisher\":{\"@id\":\"https:\/\/mivoot.com\/gt\/#organization\"},\"alternateName\":\"mivoot\",\"potentialAction\":[{\"@type\":\"SearchAction\",\"target\":{\"@type\":\"EntryPoint\",\"urlTemplate\":\"https:\/\/mivoot.com\/gt\/?s={search_term_string}\"},\"query-input\":{\"@type\":\"PropertyValueSpecification\",\"valueRequired\":true,\"valueName\":\"search_term_string\"}}],\"inLanguage\":\"es\"},{\"@type\":\"Organization\",\"@id\":\"https:\/\/mivoot.com\/gt\/#organization\",\"name\":\"Mivoot Guatemala\",\"alternateName\":\"mivoot.com\",\"url\":\"https:\/\/mivoot.com\/gt\/\",\"logo\":{\"@type\":\"ImageObject\",\"inLanguage\":\"es\",\"@id\":\"https:\/\/mivoot.com\/gt\/#\/schema\/logo\/image\/\",\"url\":\"https:\/\/mivoot.com\/gt\/wp-content\/uploads\/2023\/03\/cropped-icon.png\",\"contentUrl\":\"https:\/\/mivoot.com\/gt\/wp-content\/uploads\/2023\/03\/cropped-icon.png\",\"width\":512,\"height\":512,\"caption\":\"Mivoot Guatemala\"},\"image\":{\"@id\":\"https:\/\/mivoot.com\/gt\/#\/schema\/logo\/image\/\"},\"sameAs\":[\"https:\/\/www.facebook.com\/mivootgt\",\"https:\/\/instagram.com\/mivoot\"]}]}<\/script>\n<!-- \/ Yoast SEO Premium plugin. -->","yoast_head_json":{"title":"Impresora EcoTank M1120 Epson - Mivoot","robots":{"index":"index","follow":"follow","max-snippet":"max-snippet:-1","max-image-preview":"max-image-preview:large","max-video-preview":"max-video-preview:-1"},"canonical":"https:\/\/mivoot.com\/gt\/producto\/impresora-ecotank-m1120-epson\/","og_locale":"es_ES","og_type":"article","og_title":"Impresora EcoTank M1120 Epson","og_description":"- Tecnolog\u00eda de impresi\u00f3n: Inyecci\u00f3n de tinta Heat-Free Technology monocrom\u00e1tica optimizada - Direcci\u00f3n de impresi\u00f3n: Bidireccional - Conectividad est\u00e1ndar: USB 2.0 Hi-Speed, Wi-Fi (802.11 b\/g\/h), Wi-Fi Direct\u00ae - Resoluci\u00f3n de m\u00e1xima de impresi\u00f3n: 1440 x 720 dpi - Capacidad de carga de papel (80 g\/m2): 150 hojas est\u00e1ndar, 10 sobres y 30 tarjetas postales - Ciclo de trabajo mensual recomendado7: 250 - 1,500 p\u00e1ginas - Ciclo de trabajo mensual m\u00e1ximo6: Hasta 20,000 p\u00e1ginas","og_url":"https:\/\/mivoot.com\/gt\/producto\/impresora-ecotank-m1120-epson\/","og_site_name":"Mivoot","article_publisher":"https:\/\/www.facebook.com\/mivootgt","article_modified_time":"2024-05-21T02:37:27+00:00","og_image":[{"width":1000,"height":1000,"url":"https:\/\/mivoot.com\/gt\/wp-content\/uploads\/2024\/05\/YjQwY2VkMm_360-1000x1000-1.jpg","type":"image\/jpeg"}],"twitter_card":"summary_large_image","twitter_misc":{"Est. reading time":"4 minutos"},"schema":{"@context":"https:\/\/schema.org","@graph":[{"@type":"WebPage","@id":"https:\/\/mivoot.com\/gt\/producto\/impresora-ecotank-m1120-epson\/","url":"https:\/\/mivoot.com\/gt\/producto\/impresora-ecotank-m1120-epson\/","name":"Impresora EcoTank M1120 Epson - Mivoot","isPartOf":{"@id":"https:\/\/mivoot.com\/gt\/#website"},"primaryImageOfPage":{"@id":"https:\/\/mivoot.com\/gt\/producto\/impresora-ecotank-m1120-epson\/#primaryimage"},"image":{"@id":"https:\/\/mivoot.com\/gt\/producto\/impresora-ecotank-m1120-epson\/#primaryimage"},"thumbnailUrl":"https:\/\/mivoot.com\/gt\/wp-content\/uploads\/2024\/05\/YjQwY2VkMm_360-1000x1000-1.jpg","datePublished":"2024-05-21T02:23:21+00:00","dateModified":"2024-05-21T02:37:27+00:00","breadcrumb":{"@id":"https:\/\/mivoot.com\/gt\/producto\/impresora-ecotank-m1120-epson\/#breadcrumb"},"inLanguage":"es","potentialAction":[{"@type":"ReadAction","target":["https:\/\/mivoot.com\/gt\/producto\/impresora-ecotank-m1120-epson\/"]}]},{"@type":"ImageObject","inLanguage":"es","@id":"https:\/\/mivoot.com\/gt\/producto\/impresora-ecotank-m1120-epson\/#primaryimage","url":"https:\/\/mivoot.com\/gt\/wp-content\/uploads\/2024\/05\/YjQwY2VkMm_360-1000x1000-1.jpg","contentUrl":"https:\/\/mivoot.com\/gt\/wp-content\/uploads\/2024\/05\/YjQwY2VkMm_360-1000x1000-1.jpg","width":1000,"height":1000},{"@type":"BreadcrumbList","@id":"https:\/\/mivoot.com\/gt\/producto\/impresora-ecotank-m1120-epson\/#breadcrumb","itemListElement":[{"@type":"ListItem","position":1,"name":"Inicio","item":"https:\/\/mivoot.com\/gt\/"},{"@type":"ListItem","position":2,"name":"Productos","item":"https:\/\/mivoot.com\/gt\/producto\/"},{"@type":"ListItem","position":3,"name":"Epson","item":"https:\/\/mivoot.com\/gt\/marca\/epson\/"},{"@type":"ListItem","position":4,"name":"Impresora EcoTank M1120 Epson"}]},{"@type":"WebSite","@id":"https:\/\/mivoot.com\/gt\/#website","url":"https:\/\/mivoot.com\/gt\/","name":"Mivoot","description":"Mivoot Guatemala | Tienda Online","publisher":{"@id":"https:\/\/mivoot.com\/gt\/#organization"},"alternateName":"mivoot","potentialAction":[{"@type":"SearchAction","target":{"@type":"EntryPoint","urlTemplate":"https:\/\/mivoot.com\/gt\/?s={search_term_string}"},"query-input":{"@type":"PropertyValueSpecification","valueRequired":true,"valueName":"search_term_string"}}],"inLanguage":"es"},{"@type":"Organization","@id":"https:\/\/mivoot.com\/gt\/#organization","name":"Mivoot Guatemala","alternateName":"mivoot.com","url":"https:\/\/mivoot.com\/gt\/","logo":{"@type":"ImageObject","inLanguage":"es","@id":"https:\/\/mivoot.com\/gt\/#\/schema\/logo\/image\/","url":"https:\/\/mivoot.com\/gt\/wp-content\/uploads\/2023\/03\/cropped-icon.png","contentUrl":"https:\/\/mivoot.com\/gt\/wp-content\/uploads\/2023\/03\/cropped-icon.png","width":512,"height":512,"caption":"Mivoot Guatemala"},"image":{"@id":"https:\/\/mivoot.com\/gt\/#\/schema\/logo\/image\/"},"sameAs":["https:\/\/www.facebook.com\/mivootgt","https:\/\/instagram.com\/mivoot"]}]}},"jetpack_publicize_connections":[],"jetpack_sharing_enabled":true,"brands":[{"id":188,"name":"Epson","slug":"epson"}],"_links":{"self":[{"href":"https:\/\/mivoot.com\/gt\/wp-json\/wp\/v2\/product\/19360","targetHints":{"allow":["GET"]}}],"collection":[{"href":"https:\/\/mivoot.com\/gt\/wp-json\/wp\/v2\/product"}],"about":[{"href":"https:\/\/mivoot.com\/gt\/wp-json\/wp\/v2\/types\/product"}],"replies":[{"embeddable":true,"href":"https:\/\/mivoot.com\/gt\/wp-json\/wp\/v2\/comments?post=19360"}],"version-history":[{"count":3,"href":"https:\/\/mivoot.com\/gt\/wp-json\/wp\/v2\/product\/19360\/revisions"}],"predecessor-version":[{"id":19373,"href":"https:\/\/mivoot.com\/gt\/wp-json\/wp\/v2\/product\/19360\/revisions\/19373"}],"wp:featuredmedia":[{"embeddable":true,"href":"https:\/\/mivoot.com\/gt\/wp-json\/wp\/v2\/media\/19364"}],"wp:attachment":[{"href":"https:\/\/mivoot.com\/gt\/wp-json\/wp\/v2\/media?parent=19360"}],"wp:term":[{"taxonomy":"pwb-brand","embeddable":true,"href":"https:\/\/mivoot.com\/gt\/wp-json\/wp\/v2\/pwb-brand?post=19360"},{"taxonomy":"product_brand","embeddable":true,"href":"https:\/\/mivoot.com\/gt\/wp-json\/wp\/v2\/product_brand?post=19360"},{"taxonomy":"product_cat","embeddable":true,"href":"https:\/\/mivoot.com\/gt\/wp-json\/wp\/v2\/product_cat?post=19360"},{"taxonomy":"product_tag","embeddable":true,"href":"https:\/\/mivoot.com\/gt\/wp-json\/wp\/v2\/product_tag?post=19360"}],"curies":[{"name":"wp","href":"https:\/\/api.w.org\/{rel}","templated":true}]}}