{"id":19425,"date":"2024-05-21T13:24:33","date_gmt":"2024-05-21T19:24:33","guid":{"rendered":"https:\/\/mivoot.com\/gt\/?post_type=product&#038;p=19425"},"modified":"2024-05-21T13:24:35","modified_gmt":"2024-05-21T19:24:35","slug":"ups-forza-600va-360w-sl-601ul","status":"publish","type":"product","link":"https:\/\/mivoot.com\/gt\/producto\/ups-forza-600va-360w-sl-601ul\/","title":{"rendered":"UPS Forza 600VA 360W SL-601UL"},"content":{"rendered":"<p><img decoding=\"async\" src=\"https:\/\/forza-ups-frontend.s3.amazonaws.com\/media\/img\/SL-601UL_DK_Banner2_SPA.png\" alt=\"SL-601UL_DK_Banner2_SPA.png\" \/><\/p>\n<p><img decoding=\"async\" src=\"https:\/\/forza-ups-frontend.s3.amazonaws.com\/media\/img\/SL-601UL_DK_Banner4_SPA.png\" alt=\"SL-601UL_DK_Banner4_SPA.png\" \/><\/p>\n<h2 data-v-fa612202=\"\">UPS INTELIGENTE 600VA\/360W, 6 SLDS, LCD T\u00c1CTIL, TORRE COMP-120V | EMPRESARIALES<\/h2>\n<div class=\"table-responsive\" data-v-fa612202=\"\">\n<div class=\"row featurelist\" data-v-fa612202=\"\">\n<div class=\"col-sm-6 col-xs-12\" data-v-fa612202=\"\"><img decoding=\"async\" title=\"Topolog\u00eda interactiva\" src=\"https:\/\/forza-ups-frontend.s3.amazonaws.com\/media\/img\/icon-interactive.png\" alt=\"Topolog\u00eda interactiva\" data-v-fa612202=\"\" \/>\u00a0<strong data-v-fa612202=\"\">Topolog\u00eda interactiva<\/strong><br data-v-fa612202=\"\" \/>La UPS interactiva es una soluci\u00f3n rentable caracterizada por el bajo consumo de energ\u00eda y por incrementar los ciclos de vida \u00fatil de las bater\u00edas. La regulaci\u00f3n de tensi\u00f3n se realiza sin tener que pasar al modo de bater\u00eda.<\/div>\n<div class=\"col-sm-6 col-xs-12\" data-v-fa612202=\"\"><img decoding=\"async\" title=\"Bater\u00eda de respaldo\" src=\"https:\/\/forza-ups-frontend.s3.amazonaws.com\/media\/img\/icon-battery.png\" alt=\"Bater\u00eda de respaldo\" data-v-fa612202=\"\" \/>\u00a0<strong data-v-fa612202=\"\">Bater\u00eda de respaldo<\/strong><br data-v-fa612202=\"\" \/>Suministra energ\u00eda de respaldo proveniente de la bater\u00eda durante ca\u00eddas de tensi\u00f3n, evitando as\u00ed la p\u00e9rdida de informaci\u00f3n cr\u00edtica al mismo tiempo que minimiza los efectos de una desconexi\u00f3n forzosa. Acumula suficiente energ\u00eda con el fin de apagar los equipos en la forma apropiada.<\/div>\n<div class=\"col-sm-6 col-xs-12\" data-v-fa612202=\"\"><img decoding=\"async\" title=\"Regulaci\u00f3n autom\u00e1tica de voltaje (AVR)\" src=\"https:\/\/forza-ups-frontend.s3.amazonaws.com\/media\/img\/icon-automatic.png\" alt=\"Regulaci\u00f3n autom\u00e1tica de voltaje (AVR)\" data-v-fa612202=\"\" \/>\u00a0<strong data-v-fa612202=\"\">Regulaci\u00f3n autom\u00e1tica de voltaje (AVR)<\/strong><br data-v-fa612202=\"\" \/>Suministra corriente alterna pura y estable al aumentar autom\u00e1ticamente la baja tensi\u00f3n durante las ca\u00eddas de voltaje y al disminuir la sobretensi\u00f3n sin utilizar la energ\u00eda de reserva de la bater\u00eda cuando se presentan irregularidades en la l\u00ednea de suministro el\u00e9ctrico.<\/div>\n<div class=\"col-sm-6 col-xs-12\" data-v-fa612202=\"\"><img decoding=\"async\" title=\"Apagado autom\u00e1tico\" src=\"https:\/\/forza-ups-frontend.s3.amazonaws.com\/media\/img\/icon-auto-power.png\" alt=\"Apagado autom\u00e1tico\" data-v-fa612202=\"\" \/>\u00a0<strong data-v-fa612202=\"\">Apagado autom\u00e1tico<\/strong><br data-v-fa612202=\"\" \/>Produce la desconexi\u00f3n autom\u00e1tica cuando los niveles de tensi\u00f3n son demasiado altos o demasiado bajos con el fin de proteger sus equipos contra fluctuaciones potencialmente perjudiciales y dem\u00e1s irregularidades en el suministro el\u00e9ctrico.<\/div>\n<div class=\"col-sm-6 col-xs-12\" data-v-fa612202=\"\"><img decoding=\"async\" title=\"Protecci\u00f3n contra sobretensi\u00f3n, sobrecarga, descarga el\u00e9ctrica y de voltaje\" src=\"https:\/\/forza-ups-frontend.s3.amazonaws.com\/media\/img\/icon-serge.png\" alt=\"Protecci\u00f3n contra sobretensi\u00f3n, sobrecarga, descarga el\u00e9ctrica y de voltaje\" data-v-fa612202=\"\" \/>\u00a0<strong data-v-fa612202=\"\">Protecci\u00f3n contra sobretensi\u00f3n, sobrecarga, descarga el\u00e9ctrica y de voltaje<\/strong><br data-v-fa612202=\"\" \/>Desv\u00eda el exceso de tensi\u00f3n desde los equipos secundarios durante sobrecargas o subidas de tensi\u00f3n sin reducir la energ\u00eda de la bater\u00eda destinada a mantener funcionando los equipos cr\u00edticos primarios. Extiende la duraci\u00f3n de la bater\u00eda al evitar sobrecargas en el sistema y controlar las corrientes de carga.<\/div>\n<div class=\"col-sm-6 col-xs-12\" data-v-fa612202=\"\"><img decoding=\"async\" title=\"Interruptor de reposici\u00f3n autom\u00e1tico\" src=\"https:\/\/forza-ups-frontend.s3.amazonaws.com\/media\/img\/icon-resetable.png\" alt=\"Interruptor de reposici\u00f3n autom\u00e1tico\" data-v-fa612202=\"\" \/>\u00a0<strong data-v-fa612202=\"\">Interruptor de reposici\u00f3n autom\u00e1tico<\/strong><br data-v-fa612202=\"\" \/>Evita autom\u00e1ticamente el flujo de corriente en un circuito el\u00e9ctrico como medida de seguridad al detectar niveles de alta tensi\u00f3n inapropiados. Se puede volver a configurar para reanudar el funcionamiento.<\/div>\n<div class=\"col-sm-6 col-xs-12\" data-v-fa612202=\"\"><img decoding=\"async\" title=\"Tecnolog\u00eda MOV\" src=\"https:\/\/forza-ups-frontend.s3.amazonaws.com\/media\/img\/icon-move.png\" alt=\"Tecnolog\u00eda MOV\" data-v-fa612202=\"\" \/>\u00a0<strong data-v-fa612202=\"\">Tecnolog\u00eda MOV<\/strong><br data-v-fa612202=\"\" \/>La tecnolog\u00eda MOV (varistor de \u00f3xido de metal) ofrece mayor protecci\u00f3n para componentes electr\u00f3nicos contra sobrecargas y subidas repentinas de tensi\u00f3n.<\/div>\n<div class=\"col-sm-6 col-xs-12\" data-v-fa612202=\"\"><img decoding=\"async\" title=\"Termofusible de protecci\u00f3n\" src=\"https:\/\/forza-ups-frontend.s3.amazonaws.com\/media\/img\/icon-therm.png\" alt=\"Termofusible de protecci\u00f3n\" data-v-fa612202=\"\" \/>\u00a0<strong data-v-fa612202=\"\">Termofusible de protecci\u00f3n<\/strong><br data-v-fa612202=\"\" \/>Desconecta la corriente en forma instant\u00e1nea cuando la temperatura interna se eleva a niveles potencialmente perjudiciales.<\/div>\n<div class=\"col-sm-6 col-xs-12\" data-v-fa612202=\"\"><img decoding=\"async\" title=\"Filtros de potencia\" src=\"https:\/\/forza-ups-frontend.s3.amazonaws.com\/media\/img\/icon-power.png\" alt=\"Filtros de potencia\" data-v-fa612202=\"\" \/>\u00a0<strong data-v-fa612202=\"\">Filtros de potencia<\/strong><br data-v-fa612202=\"\" \/>Su funci\u00f3n es bloquear el ruido indeseado al reducir la interferencia electromagn\u00e9tica (EMI) y de radiofrecuencia (RFI), con el fin de suministrar electricidad pura y sin distorsi\u00f3n a todos los tomacorrientes.<\/div>\n<div class=\"col-sm-6 col-xs-12\" data-v-fa612202=\"\"><img decoding=\"async\" title=\"Administraci\u00f3n inteligente de la bater\u00eda\" src=\"https:\/\/forza-ups-frontend.s3.amazonaws.com\/media\/img\/icon-intelligent.png\" alt=\"Administraci\u00f3n inteligente de la bater\u00eda\" data-v-fa612202=\"\" \/>\u00a0<strong data-v-fa612202=\"\">Administraci\u00f3n inteligente de la bater\u00eda<\/strong><br data-v-fa612202=\"\" \/>Maximiza el funcionamiento, la vida \u00fatil y la fiabilidad de la bater\u00eda a trav\u00e9s de una carga inteligente y precisa.<\/div>\n<div class=\"col-sm-6 col-xs-12\" data-v-fa612202=\"\"><img decoding=\"async\" title=\"Autoverificaci\u00f3n de la bater\u00eda\" src=\"https:\/\/forza-ups-frontend.s3.amazonaws.com\/media\/img\/icon-battery-self.png\" alt=\"Autoverificaci\u00f3n de la bater\u00eda\" data-v-fa612202=\"\" \/>\u00a0<strong data-v-fa612202=\"\">Autoverificaci\u00f3n de la bater\u00eda<\/strong><br data-v-fa612202=\"\" \/>Genera notificaciones de falla anticipadas sobre bater\u00edas gastadas o agotadas para un reemplazo inmediato, con el fin de prevenir cualquier imprevisto relacionado con energ\u00eda de respaldo.<\/div>\n<div class=\"col-sm-6 col-xs-12\" data-v-fa612202=\"\"><img decoding=\"async\" title=\"Alarma audible\" src=\"https:\/\/forza-ups-frontend.s3.amazonaws.com\/media\/img\/icon-audible.png\" alt=\"Alarma audible\" data-v-fa612202=\"\" \/>\u00a0<strong data-v-fa612202=\"\">Alarma audible<\/strong><br data-v-fa612202=\"\" \/>Proporciona una notificaci\u00f3n audible al momento de cambiar el suministro de la red y las condiciones de alimentaci\u00f3n de la UPS cuando la unidad se instala en lugares de dif\u00edcil acceso o donde el usuario no puede verla con facilidad.<\/div>\n<div class=\"col-sm-6 col-xs-12\" data-v-fa612202=\"\"><img decoding=\"async\" title=\"Material retardador de llama\" src=\"https:\/\/forza-ups-frontend.s3.amazonaws.com\/media\/img\/icon-flame.png\" alt=\"Material retardador de llama\" data-v-fa612202=\"\" \/>\u00a0<strong data-v-fa612202=\"\">Material retardador de llama<\/strong><br data-v-fa612202=\"\" \/>Todos nuestros sistemas UPS est\u00e1n elaborados con material ABS retardador de llama, lo cual garantiza que de presentarse alguna falla, el equipo no es susceptible de prender fuego.<\/div>\n<div class=\"col-sm-6 col-xs-12\" data-v-fa612202=\"\"><img decoding=\"async\" title=\"Opci\u00f3n de \u201carranque en fr\u00edo\u201d\" src=\"https:\/\/forza-ups-frontend.s3.amazonaws.com\/media\/img\/icon-cold.png\" alt=\"Opci\u00f3n de \u201carranque en fr\u00edo\u201d\" data-v-fa612202=\"\" \/>\u00a0<strong data-v-fa612202=\"\">Opci\u00f3n de \u201carranque en fr\u00edo\u201d<\/strong><br data-v-fa612202=\"\" \/>Reserva temporal de energ\u00eda destinada a arrancar la UPS en el modo de bater\u00eda durante cortes de electricidad. Reestablece la corriente de emergencia a las cargas tan pronto se instalan bater\u00edas nuevas.<\/div>\n<div class=\"col-sm-6 col-xs-12\" data-v-fa612202=\"\"><img decoding=\"async\" title=\"Protecci\u00f3n para l\u00ednea de datos\" src=\"https:\/\/forza-ups-frontend.s3.amazonaws.com\/media\/img\/icon-dataline.png\" alt=\"Protecci\u00f3n para l\u00ednea de datos\" data-v-fa612202=\"\" \/>\u00a0<strong data-v-fa612202=\"\">Protecci\u00f3n para l\u00ednea de datos<\/strong><br data-v-fa612202=\"\" \/>Protecci\u00f3n integrada para l\u00ednea de datos evita que sobrevoltajes circulen a trav\u00e9s de la l\u00ednea telef\u00f3nica y de ethernet potencialmente perjudiciales para dispositivos electr\u00f3nicos sensibles.<\/div>\n<div class=\"col-sm-6 col-xs-12\" data-v-fa612202=\"\"><img decoding=\"async\" title=\"Dise\u00f1o silencioso\" src=\"https:\/\/forza-ups-frontend.s3.amazonaws.com\/media\/img\/icon-silent.png\" alt=\"Dise\u00f1o silencioso\" data-v-fa612202=\"\" \/>\u00a0<strong data-v-fa612202=\"\">Dise\u00f1o silencioso<\/strong><br data-v-fa612202=\"\" \/>Nuestro dise\u00f1o sin ventilador a la par con una estructura excepcional de enfriamiento constituye la soluci\u00f3n ideal para ambientes silenciosos con menos ruido e interferencias de lo que genera el movimiento de componentes internos.<\/div>\n<div class=\"col-sm-6 col-xs-12\" data-v-fa612202=\"\"><img decoding=\"async\" title=\"Pantalla t\u00e1ctil de LCD de estado\" src=\"https:\/\/forza-ups-frontend.s3.amazonaws.com\/media\/img\/Touchscreen-Status-LCD.png\" alt=\"Pantalla t\u00e1ctil de LCD de estado\" data-v-fa612202=\"\" \/>\u00a0<strong data-v-fa612202=\"\">Pantalla t\u00e1ctil de LCD de estado<\/strong><br data-v-fa612202=\"\" \/>Pantalla t\u00e1ctil de \u00faltima generaci\u00f3n alterna entre los distintos modos de la UPS en tiempo real con informaci\u00f3n detallada sobre las condiciones de alimentaci\u00f3n y el estado de la bater\u00eda, alertando a los usuarios de problemas potenciales antes de que puedan afectar el equipo y causar costosos periodos de inactividad.<\/div>\n<div class=\"col-sm-6 col-xs-12\" data-v-fa612202=\"\"><img decoding=\"async\" title=\"Puertos de comunicaci\u00f3n\" src=\"https:\/\/forza-ups-frontend.s3.amazonaws.com\/media\/img\/Communication-ports.png\" alt=\"Puertos de comunicaci\u00f3n\" data-v-fa612202=\"\" \/>\u00a0<strong data-v-fa612202=\"\">Puertos de comunicaci\u00f3n<\/strong><br data-v-fa612202=\"\" \/>El puerto USB permite la desconexi\u00f3n autom\u00e1tica, al apagar de manera segura los computadores conectados para evitar la p\u00e9rdida de datos importantes. Administre y monitoree la UPS en forma remota con la sencilla interfaz de consola que incluye el sistema.<\/div>\n<div class=\"col-sm-6 col-xs-12\" data-v-fa612202=\"\"><img decoding=\"async\" title=\"Software de monitoreo ForzaTracker\" src=\"https:\/\/forza-ups-frontend.s3.amazonaws.com\/media\/img\/ForzaTracker-management-software.png\" alt=\"Software de monitoreo ForzaTracker\" data-v-fa612202=\"\" \/>\u00a0<strong data-v-fa612202=\"\">Software de monitoreo ForzaTracker<\/strong><br data-v-fa612202=\"\" \/>Permite el control y el monitoreo de varias unidades a trav\u00e9s de una conexi\u00f3n a la red. El software evita la p\u00e9rdida de datos producto de interrupciones en el suministro el\u00e9ctrico al desconectar correctamente los dispositivos enlazados a la UPS, el cual tambi\u00e9n permite la pronta detecci\u00f3n de fallas y su correspondiente correcci\u00f3n pr\u00e1cticamente en forma inmediata.<\/div>\n<div class=\"col-sm-6 col-xs-12\" data-v-fa612202=\"\"><img decoding=\"async\" title=\"Con verificaci\u00f3n UL\" src=\"https:\/\/forza-ups-frontend.s3.amazonaws.com\/media\/img\/UL-tested.png\" alt=\"Con verificaci\u00f3n UL\" data-v-fa612202=\"\" \/>\u00a0<strong data-v-fa612202=\"\">Con verificaci\u00f3n UL<\/strong><br data-v-fa612202=\"\" \/>Cumple con las normas UL1778 de seguridad el\u00e9ctrica. Reconocida por laboratorios a nivel mundial.<\/div>\n<\/div>\n<\/div>\n","protected":false},"excerpt":{"rendered":"<p>&#8211; Capacidad: 600VA\/360W<br \/>\n&#8211; Topolog\u00eda: Interactiva<br \/>\n&#8211; Forma de onda: Onda senoidal simulada<br \/>\n&#8211; Voltaje: 120V<br \/>\n&#8211; Tipo de entrada: NEMA 5-15P<br \/>\n&#8211; Tipo de salida: 6 x NEMA 5-15R<br \/>\n&#8211; Comunicaci\u00f3n: USB<br \/>\n&#8211; Indicador visual: Pantalla t\u00e1ctil de LCD de estado<br \/>\n&#8211; Software de gesti\u00f3n: Forza Tracker<\/p>\n","protected":false},"featured_media":19427,"comment_status":"open","ping_status":"closed","template":"","meta":{"jetpack_publicize_message":"","jetpack_publicize_feature_enabled":true,"jetpack_social_post_already_shared":true,"jetpack_social_options":{"image_generator_settings":{"template":"highway","default_image_id":0,"font":"","enabled":false},"version":2}},"pwb-brand":[110],"product_brand":[],"product_cat":[178],"product_tag":[280,256,168],"class_list":{"0":"post-19425","1":"product","2":"type-product","3":"status-publish","4":"has-post-thumbnail","6":"pwb-brand-forza","7":"product_cat-ups","8":"product_tag-360w","9":"product_tag-600va","10":"product_tag-ups-forza","12":"first","13":"instock","14":"taxable","15":"shipping-taxable","16":"purchasable","17":"product-type-simple"},"yoast_head":"<!-- This site is optimized with the Yoast SEO Premium plugin v25.7.1 (Yoast SEO v26.8) - https:\/\/yoast.com\/product\/yoast-seo-premium-wordpress\/ -->\n<title>UPS Forza 600VA 360W SL-601UL - Mivoot<\/title>\n<meta name=\"robots\" content=\"index, follow, max-snippet:-1, max-image-preview:large, max-video-preview:-1\" \/>\n<link rel=\"canonical\" href=\"https:\/\/mivoot.com\/gt\/producto\/ups-forza-600va-360w-sl-601ul\/\" \/>\n<meta property=\"og:locale\" content=\"es_ES\" \/>\n<meta property=\"og:type\" content=\"article\" \/>\n<meta property=\"og:title\" content=\"UPS Forza 600VA 360W SL-601UL\" \/>\n<meta property=\"og:description\" content=\"- Capacidad: 600VA\/360W - Topolog\u00eda: Interactiva - Forma de onda: Onda senoidal simulada - Voltaje: 120V - Tipo de entrada: NEMA 5-15P - Tipo de salida: 6 x NEMA 5-15R - Comunicaci\u00f3n: USB - Indicador visual: Pantalla t\u00e1ctil de LCD de estado - Software de gesti\u00f3n: Forza Tracker\" \/>\n<meta property=\"og:url\" content=\"https:\/\/mivoot.com\/gt\/producto\/ups-forza-600va-360w-sl-601ul\/\" \/>\n<meta property=\"og:site_name\" content=\"Mivoot\" \/>\n<meta property=\"article:publisher\" content=\"https:\/\/www.facebook.com\/mivootgt\" \/>\n<meta property=\"article:modified_time\" content=\"2024-05-21T19:24:35+00:00\" \/>\n<meta property=\"og:image\" content=\"https:\/\/mivoot.com\/gt\/wp-content\/uploads\/2024\/05\/SL600-01.jpg\" \/>\n\t<meta property=\"og:image:width\" content=\"800\" \/>\n\t<meta property=\"og:image:height\" content=\"800\" \/>\n\t<meta property=\"og:image:type\" content=\"image\/jpeg\" \/>\n<meta name=\"twitter:card\" content=\"summary_large_image\" \/>\n<meta name=\"twitter:label1\" content=\"Est. reading time\" \/>\n\t<meta name=\"twitter:data1\" content=\"8 minutos\" \/>\n<script type=\"application\/ld+json\" class=\"yoast-schema-graph\">{\"@context\":\"https:\/\/schema.org\",\"@graph\":[{\"@type\":\"WebPage\",\"@id\":\"https:\/\/mivoot.com\/gt\/producto\/ups-forza-600va-360w-sl-601ul\/\",\"url\":\"https:\/\/mivoot.com\/gt\/producto\/ups-forza-600va-360w-sl-601ul\/\",\"name\":\"UPS Forza 600VA 360W SL-601UL - Mivoot\",\"isPartOf\":{\"@id\":\"https:\/\/mivoot.com\/gt\/#website\"},\"primaryImageOfPage\":{\"@id\":\"https:\/\/mivoot.com\/gt\/producto\/ups-forza-600va-360w-sl-601ul\/#primaryimage\"},\"image\":{\"@id\":\"https:\/\/mivoot.com\/gt\/producto\/ups-forza-600va-360w-sl-601ul\/#primaryimage\"},\"thumbnailUrl\":\"https:\/\/mivoot.com\/gt\/wp-content\/uploads\/2024\/05\/SL600-01.jpg\",\"datePublished\":\"2024-05-21T19:24:33+00:00\",\"dateModified\":\"2024-05-21T19:24:35+00:00\",\"breadcrumb\":{\"@id\":\"https:\/\/mivoot.com\/gt\/producto\/ups-forza-600va-360w-sl-601ul\/#breadcrumb\"},\"inLanguage\":\"es\",\"potentialAction\":[{\"@type\":\"ReadAction\",\"target\":[\"https:\/\/mivoot.com\/gt\/producto\/ups-forza-600va-360w-sl-601ul\/\"]}]},{\"@type\":\"ImageObject\",\"inLanguage\":\"es\",\"@id\":\"https:\/\/mivoot.com\/gt\/producto\/ups-forza-600va-360w-sl-601ul\/#primaryimage\",\"url\":\"https:\/\/mivoot.com\/gt\/wp-content\/uploads\/2024\/05\/SL600-01.jpg\",\"contentUrl\":\"https:\/\/mivoot.com\/gt\/wp-content\/uploads\/2024\/05\/SL600-01.jpg\",\"width\":800,\"height\":800,\"caption\":\"xr:d:DAEhH8rP6IM:911,j:35377984941,t:22091502\"},{\"@type\":\"BreadcrumbList\",\"@id\":\"https:\/\/mivoot.com\/gt\/producto\/ups-forza-600va-360w-sl-601ul\/#breadcrumb\",\"itemListElement\":[{\"@type\":\"ListItem\",\"position\":1,\"name\":\"Inicio\",\"item\":\"https:\/\/mivoot.com\/gt\/\"},{\"@type\":\"ListItem\",\"position\":2,\"name\":\"Productos\",\"item\":\"https:\/\/mivoot.com\/gt\/producto\/\"},{\"@type\":\"ListItem\",\"position\":3,\"name\":\"Forza\",\"item\":\"https:\/\/mivoot.com\/gt\/marca\/forza\/\"},{\"@type\":\"ListItem\",\"position\":4,\"name\":\"UPS Forza 600VA 360W SL-601UL\"}]},{\"@type\":\"WebSite\",\"@id\":\"https:\/\/mivoot.com\/gt\/#website\",\"url\":\"https:\/\/mivoot.com\/gt\/\",\"name\":\"Mivoot\",\"description\":\"Mivoot Guatemala | Tienda Online\",\"publisher\":{\"@id\":\"https:\/\/mivoot.com\/gt\/#organization\"},\"alternateName\":\"mivoot\",\"potentialAction\":[{\"@type\":\"SearchAction\",\"target\":{\"@type\":\"EntryPoint\",\"urlTemplate\":\"https:\/\/mivoot.com\/gt\/?s={search_term_string}\"},\"query-input\":{\"@type\":\"PropertyValueSpecification\",\"valueRequired\":true,\"valueName\":\"search_term_string\"}}],\"inLanguage\":\"es\"},{\"@type\":\"Organization\",\"@id\":\"https:\/\/mivoot.com\/gt\/#organization\",\"name\":\"Mivoot Guatemala\",\"alternateName\":\"mivoot.com\",\"url\":\"https:\/\/mivoot.com\/gt\/\",\"logo\":{\"@type\":\"ImageObject\",\"inLanguage\":\"es\",\"@id\":\"https:\/\/mivoot.com\/gt\/#\/schema\/logo\/image\/\",\"url\":\"https:\/\/mivoot.com\/gt\/wp-content\/uploads\/2023\/03\/cropped-icon.png\",\"contentUrl\":\"https:\/\/mivoot.com\/gt\/wp-content\/uploads\/2023\/03\/cropped-icon.png\",\"width\":512,\"height\":512,\"caption\":\"Mivoot Guatemala\"},\"image\":{\"@id\":\"https:\/\/mivoot.com\/gt\/#\/schema\/logo\/image\/\"},\"sameAs\":[\"https:\/\/www.facebook.com\/mivootgt\",\"https:\/\/instagram.com\/mivoot\"]}]}<\/script>\n<!-- \/ Yoast SEO Premium plugin. -->","yoast_head_json":{"title":"UPS Forza 600VA 360W SL-601UL - Mivoot","robots":{"index":"index","follow":"follow","max-snippet":"max-snippet:-1","max-image-preview":"max-image-preview:large","max-video-preview":"max-video-preview:-1"},"canonical":"https:\/\/mivoot.com\/gt\/producto\/ups-forza-600va-360w-sl-601ul\/","og_locale":"es_ES","og_type":"article","og_title":"UPS Forza 600VA 360W SL-601UL","og_description":"- Capacidad: 600VA\/360W - Topolog\u00eda: Interactiva - Forma de onda: Onda senoidal simulada - Voltaje: 120V - Tipo de entrada: NEMA 5-15P - Tipo de salida: 6 x NEMA 5-15R - Comunicaci\u00f3n: USB - Indicador visual: Pantalla t\u00e1ctil de LCD de estado - Software de gesti\u00f3n: Forza Tracker","og_url":"https:\/\/mivoot.com\/gt\/producto\/ups-forza-600va-360w-sl-601ul\/","og_site_name":"Mivoot","article_publisher":"https:\/\/www.facebook.com\/mivootgt","article_modified_time":"2024-05-21T19:24:35+00:00","og_image":[{"width":800,"height":800,"url":"https:\/\/mivoot.com\/gt\/wp-content\/uploads\/2024\/05\/SL600-01.jpg","type":"image\/jpeg"}],"twitter_card":"summary_large_image","twitter_misc":{"Est. reading time":"8 minutos"},"schema":{"@context":"https:\/\/schema.org","@graph":[{"@type":"WebPage","@id":"https:\/\/mivoot.com\/gt\/producto\/ups-forza-600va-360w-sl-601ul\/","url":"https:\/\/mivoot.com\/gt\/producto\/ups-forza-600va-360w-sl-601ul\/","name":"UPS Forza 600VA 360W SL-601UL - Mivoot","isPartOf":{"@id":"https:\/\/mivoot.com\/gt\/#website"},"primaryImageOfPage":{"@id":"https:\/\/mivoot.com\/gt\/producto\/ups-forza-600va-360w-sl-601ul\/#primaryimage"},"image":{"@id":"https:\/\/mivoot.com\/gt\/producto\/ups-forza-600va-360w-sl-601ul\/#primaryimage"},"thumbnailUrl":"https:\/\/mivoot.com\/gt\/wp-content\/uploads\/2024\/05\/SL600-01.jpg","datePublished":"2024-05-21T19:24:33+00:00","dateModified":"2024-05-21T19:24:35+00:00","breadcrumb":{"@id":"https:\/\/mivoot.com\/gt\/producto\/ups-forza-600va-360w-sl-601ul\/#breadcrumb"},"inLanguage":"es","potentialAction":[{"@type":"ReadAction","target":["https:\/\/mivoot.com\/gt\/producto\/ups-forza-600va-360w-sl-601ul\/"]}]},{"@type":"ImageObject","inLanguage":"es","@id":"https:\/\/mivoot.com\/gt\/producto\/ups-forza-600va-360w-sl-601ul\/#primaryimage","url":"https:\/\/mivoot.com\/gt\/wp-content\/uploads\/2024\/05\/SL600-01.jpg","contentUrl":"https:\/\/mivoot.com\/gt\/wp-content\/uploads\/2024\/05\/SL600-01.jpg","width":800,"height":800,"caption":"xr:d:DAEhH8rP6IM:911,j:35377984941,t:22091502"},{"@type":"BreadcrumbList","@id":"https:\/\/mivoot.com\/gt\/producto\/ups-forza-600va-360w-sl-601ul\/#breadcrumb","itemListElement":[{"@type":"ListItem","position":1,"name":"Inicio","item":"https:\/\/mivoot.com\/gt\/"},{"@type":"ListItem","position":2,"name":"Productos","item":"https:\/\/mivoot.com\/gt\/producto\/"},{"@type":"ListItem","position":3,"name":"Forza","item":"https:\/\/mivoot.com\/gt\/marca\/forza\/"},{"@type":"ListItem","position":4,"name":"UPS Forza 600VA 360W SL-601UL"}]},{"@type":"WebSite","@id":"https:\/\/mivoot.com\/gt\/#website","url":"https:\/\/mivoot.com\/gt\/","name":"Mivoot","description":"Mivoot Guatemala | Tienda Online","publisher":{"@id":"https:\/\/mivoot.com\/gt\/#organization"},"alternateName":"mivoot","potentialAction":[{"@type":"SearchAction","target":{"@type":"EntryPoint","urlTemplate":"https:\/\/mivoot.com\/gt\/?s={search_term_string}"},"query-input":{"@type":"PropertyValueSpecification","valueRequired":true,"valueName":"search_term_string"}}],"inLanguage":"es"},{"@type":"Organization","@id":"https:\/\/mivoot.com\/gt\/#organization","name":"Mivoot Guatemala","alternateName":"mivoot.com","url":"https:\/\/mivoot.com\/gt\/","logo":{"@type":"ImageObject","inLanguage":"es","@id":"https:\/\/mivoot.com\/gt\/#\/schema\/logo\/image\/","url":"https:\/\/mivoot.com\/gt\/wp-content\/uploads\/2023\/03\/cropped-icon.png","contentUrl":"https:\/\/mivoot.com\/gt\/wp-content\/uploads\/2023\/03\/cropped-icon.png","width":512,"height":512,"caption":"Mivoot Guatemala"},"image":{"@id":"https:\/\/mivoot.com\/gt\/#\/schema\/logo\/image\/"},"sameAs":["https:\/\/www.facebook.com\/mivootgt","https:\/\/instagram.com\/mivoot"]}]}},"jetpack_publicize_connections":[],"jetpack_sharing_enabled":true,"brands":[{"id":110,"name":"Forza","slug":"forza"}],"_links":{"self":[{"href":"https:\/\/mivoot.com\/gt\/wp-json\/wp\/v2\/product\/19425","targetHints":{"allow":["GET"]}}],"collection":[{"href":"https:\/\/mivoot.com\/gt\/wp-json\/wp\/v2\/product"}],"about":[{"href":"https:\/\/mivoot.com\/gt\/wp-json\/wp\/v2\/types\/product"}],"replies":[{"embeddable":true,"href":"https:\/\/mivoot.com\/gt\/wp-json\/wp\/v2\/comments?post=19425"}],"version-history":[{"count":1,"href":"https:\/\/mivoot.com\/gt\/wp-json\/wp\/v2\/product\/19425\/revisions"}],"predecessor-version":[{"id":19431,"href":"https:\/\/mivoot.com\/gt\/wp-json\/wp\/v2\/product\/19425\/revisions\/19431"}],"wp:featuredmedia":[{"embeddable":true,"href":"https:\/\/mivoot.com\/gt\/wp-json\/wp\/v2\/media\/19427"}],"wp:attachment":[{"href":"https:\/\/mivoot.com\/gt\/wp-json\/wp\/v2\/media?parent=19425"}],"wp:term":[{"taxonomy":"pwb-brand","embeddable":true,"href":"https:\/\/mivoot.com\/gt\/wp-json\/wp\/v2\/pwb-brand?post=19425"},{"taxonomy":"product_brand","embeddable":true,"href":"https:\/\/mivoot.com\/gt\/wp-json\/wp\/v2\/product_brand?post=19425"},{"taxonomy":"product_cat","embeddable":true,"href":"https:\/\/mivoot.com\/gt\/wp-json\/wp\/v2\/product_cat?post=19425"},{"taxonomy":"product_tag","embeddable":true,"href":"https:\/\/mivoot.com\/gt\/wp-json\/wp\/v2\/product_tag?post=19425"}],"curies":[{"name":"wp","href":"https:\/\/api.w.org\/{rel}","templated":true}]}}