{"id":19432,"date":"2024-05-21T13:42:03","date_gmt":"2024-05-21T19:42:03","guid":{"rendered":"https:\/\/mivoot.com\/gt\/?post_type=product&#038;p=19432"},"modified":"2024-05-21T13:42:04","modified_gmt":"2024-05-21T19:42:04","slug":"ups-apc-1200va-650w-bvx1200l-lm","status":"publish","type":"product","link":"https:\/\/mivoot.com\/gt\/producto\/ups-apc-1200va-650w-bvx1200l-lm\/","title":{"rendered":"UPS APC 1200VA 650W BVX1200L-LM"},"content":{"rendered":"<div class=\"accTitle flex justify-between align-items-center\">\n<h2>Descripci\u00f3n<\/h2>\n<\/div>\n<div class=\"accContent\">\n<ul>\n<li>La serie Easy UPS BVX de APC\u2122 es una gama de productos de calidad para clientes preocupados por el precio, que desean una soluci\u00f3n para sus necesidades b\u00e1sicas de protecci\u00f3n de energ\u00eda y respaldo para sus dispositivos en el hogar y peque\u00f1os oficinas que llevan la promesa de marca del fabricante de UPS m\u00e1s grande del mundo<\/li>\n<li>BVX1200L-LM<\/li>\n<li>El respaldo de bater\u00edas es clave para la continuidad del hogar:\u00a0los dispositivos electr\u00f3nicos en los que conf\u00eda para la comunicaci\u00f3n, la seguridad y el entretenimiento dependen de una conexi\u00f3n de red estable<\/li>\n<li>Estabiliza la tensi\u00f3n de la l\u00ednea el\u00e9ctrica principal de tus dispositivos<\/li>\n<li>Ayuda a proteger la computadora y los dispositivos conectados de ca\u00eddas y picos de luz causados por rayos<\/li>\n<li>Energ\u00eda instant\u00e1nea para tus equipos en el momento exacto en que se corta la energ\u00eda<\/li>\n<li>Dise\u00f1o elegante de LED verde ID: Easy UPS controla el brillo del LED. Durante el modo en l\u00ednea, una pulsaci\u00f3n breve del bot\u00f3n de encendido oscurecer\u00e1 el brillo del LED y escuchar\u00e1 un pitido. Si presiona una vez m\u00e1s, regresar\u00e1 el brillo del LED<\/li>\n<li>Software de visibilidad y manejabilidad: en caso de un apag\u00f3n prolongado, evite la p\u00e9rdida potencial de datos o la corrupci\u00f3n con el software PowerChute Personal Edition\n<div class=\"accTitle flex justify-between align-items-center\">\n<h3>Caracter\u00edsticas<\/h3>\n<\/div>\n<div class=\"accContent expandible expand\">\n<h3>Generales<\/h3>\n<div class=\"table-wrapper\">\n<table width=\"100%\">\n<tbody>\n<tr>\n<td>Marca<\/td>\n<td>APC<\/td>\n<\/tr>\n<tr>\n<td>N\u00famero de parte<\/td>\n<td>BVX1200L-LM<\/td>\n<\/tr>\n<tr>\n<td>Entrada de voltaje<\/td>\n<td>AC 1 fase<\/td>\n<\/tr>\n<tr>\n<td>Output voltage<\/td>\n<td>120 V AC 1 fase<\/td>\n<\/tr>\n<tr>\n<td>Potencia nominal en W<\/td>\n<td>650\u00a0W<\/td>\n<\/tr>\n<tr>\n<td>Potencia nominal en VA<\/td>\n<td>1200\u00a0VA<\/td>\n<\/tr>\n<tr>\n<td>Plug standard<\/td>\n<td>NEMA 5-15P<\/td>\n<\/tr>\n<tr>\n<td>N\u00famero de tomas de corriente<\/td>\n<td>6 NEMA 5-15R<\/td>\n<\/tr>\n<tr>\n<td>N\u00famero de cables<\/td>\n<td>1<\/td>\n<\/tr>\n<tr>\n<td>Longitud de cable<\/td>\n<td>1,52\u00a0m<\/td>\n<\/tr>\n<tr>\n<td>Tipo de bater\u00eda<\/td>\n<td>Bater\u00eda sellada de plomo<\/td>\n<\/tr>\n<tr>\n<td>Dimensiones<\/td>\n<td>19 x 14 x 39 cm<\/td>\n<\/tr>\n<tr>\n<td>Peso<\/td>\n<td>7.5 kg<\/td>\n<\/tr>\n<\/tbody>\n<\/table>\n<\/div>\n<h4>Entrada<\/h4>\n<div class=\"table-wrapper\">\n<table width=\"100%\">\n<tbody>\n<tr>\n<td>Frecuencia asignada de empleo<\/td>\n<td>50\/60 Hz \/- 5 Hz ((*)) auto-sensing ((*))<\/td>\n<\/tr>\n<tr>\n<td>Barras de separaci\u00f3n<\/td>\n<td>89\u2026145 V 120 V AC<\/td>\n<\/tr>\n<tr>\n<td>Tipo de protecci\u00f3n de entrada<\/td>\n<td>Circuit breaker<\/td>\n<\/tr>\n<tr>\n<td>Cos phi<\/td>\n<td>0,54<\/td>\n<\/tr>\n<\/tbody>\n<\/table>\n<\/div>\n<h4>Salida<\/h4>\n<div class=\"table-wrapper\">\n<table width=\"100%\">\n<tbody>\n<tr>\n<td>M\u00e1xima potencia configurable (vatios)<\/td>\n<td>650\u00a0W<\/td>\n<\/tr>\n<tr>\n<td>Frecuencia de salida (sincronizada a red el\u00e9ctrica principal)<\/td>\n<td>50\/60 Hz \/- 1 Hz sincronizada a red el\u00e9ctrica principal<\/td>\n<\/tr>\n<tr>\n<td>Topolog\u00eda<\/td>\n<td>L\u00ednea interactiva<\/td>\n<\/tr>\n<tr>\n<td>Tipo de forma de onda<\/td>\n<td>Aproximaci\u00f3n acompasada de una onda sinusoidal<\/td>\n<\/tr>\n<tr>\n<td>La ranura para destornillador<\/td>\n<td>98\u00a0% \u2013 tipo de cable: carga completa)<\/td>\n<\/tr>\n<tr>\n<td>Full load runtime<\/td>\n<td>00:01:00 650 W<\/td>\n<\/tr>\n<tr>\n<td>Visualizaci\u00f3n de gr\u00e1fico<\/td>\n<td>1<\/td>\n<\/tr>\n<tr>\n<td>Autonom\u00eda a media carga<\/td>\n<td>00:06:00 325 W<\/td>\n<\/tr>\n<tr>\n<td>Potencia m\u00e1xima configurable en VA<\/td>\n<td>1200\u00a0VA<\/td>\n<\/tr>\n<tr>\n<td>Tiempo de transferencia<\/td>\n<td>Valor t\u00edpico 6 ms : Valor m\u00e1ximo 10 ms<\/td>\n<\/tr>\n<\/tbody>\n<\/table>\n<\/div>\n<h4>Bater\u00eda y autonom\u00eda<\/h4>\n<div class=\"table-wrapper\">\n<table width=\"100%\">\n<tbody>\n<tr>\n<td>Bater\u00edas pre-instaladas<\/td>\n<td>0<\/td>\n<\/tr>\n<tr>\n<td>Ranuras libres para bater\u00edas<\/td>\n<td>0<\/td>\n<\/tr>\n<tr>\n<td>Tiempo t\u00edpico de recarga<\/td>\n<td>8 h<\/td>\n<\/tr>\n<tr>\n<td>Voltaje de bater\u00eda<\/td>\n<td>12V<\/td>\n<\/tr>\n<tr>\n<td>Capacidad de la bater\u00eda<\/td>\n<td>9,0\u00a0Ah<\/td>\n<\/tr>\n<\/tbody>\n<\/table>\n<\/div>\n<\/div>\n<\/li>\n<\/ul>\n<\/div>\n","protected":false},"excerpt":{"rendered":"<p>&#8211; Back-UPS 1200VA, 120V, AVR<br \/>\n&#8211; m\u00e1x. configurable (vatios): 650 Vatios \/1200VA<br \/>\n&#8211; Eficacia con carga completa: 98.0 % \u2013 Topolog\u00eda: Tecnolog\u00eda line interactive<br \/>\n&#8211; Tipo de forma de onda: Aproximaci\u00f3n escalonada a una onda sinusoidal<br \/>\n\u2013 Tiempo de transferencia: 6 ms typical : 10 ms maximum<br \/>\n&#8211; Frecuencia de entrada: 50\/60 Hz +\/- 5 Hz<br \/>\n&#8211; Rango de voltaje de entrada en operaciones principales: 89 \u2013 145 (120 V) ACV<br \/>\n&#8211; Tipo de Protecci\u00f3n de Entrada Necesaria: Circuit breaker<br \/>\n\u2013 Factor de Potencia de Entrada en carga completa: 0.53<br \/>\n&#8211; Bater\u00edas y tiempo de autonom\u00edaBater\u00eda de plomo y \u00e1cido<br \/>\n&#8211; Tiempo t\u00edpico de recarga: 8hour(s)<br \/>\n\u2013 Voltaje Nominal de la Bater\u00eda: 12 V<br \/>\n\u2013 Vida \u00fatil esperada de la bater\u00eda (en a\u00f1os): 2 \u2013 3<\/p>\n","protected":false},"featured_media":19422,"comment_status":"open","ping_status":"closed","template":"","meta":{"jetpack_publicize_message":"","jetpack_publicize_feature_enabled":true,"jetpack_social_post_already_shared":true,"jetpack_social_options":{"image_generator_settings":{"template":"highway","default_image_id":0,"font":"","enabled":false},"version":2}},"pwb-brand":[104],"product_brand":[],"product_cat":[178],"product_tag":[],"class_list":{"0":"post-19432","1":"product","2":"type-product","3":"status-publish","4":"has-post-thumbnail","6":"pwb-brand-apc","7":"product_cat-ups","9":"first","10":"instock","11":"taxable","12":"shipping-taxable","13":"purchasable","14":"product-type-simple"},"yoast_head":"<!-- This site is optimized with the Yoast SEO Premium plugin v25.7.1 (Yoast SEO v26.8) - https:\/\/yoast.com\/product\/yoast-seo-premium-wordpress\/ -->\n<title>UPS APC 1200VA 650W BVX1200L-LM - Mivoot<\/title>\n<meta name=\"robots\" content=\"index, follow, max-snippet:-1, max-image-preview:large, max-video-preview:-1\" \/>\n<link rel=\"canonical\" href=\"https:\/\/mivoot.com\/gt\/producto\/ups-apc-1200va-650w-bvx1200l-lm\/\" \/>\n<meta property=\"og:locale\" content=\"es_ES\" \/>\n<meta property=\"og:type\" content=\"article\" \/>\n<meta property=\"og:title\" content=\"UPS APC 1200VA 650W BVX1200L-LM\" \/>\n<meta property=\"og:description\" content=\"- Back-UPS 1200VA, 120V, AVR - m\u00e1x. configurable (vatios): 650 Vatios \/1200VA - Eficacia con carga completa: 98.0 % \u2013 Topolog\u00eda: Tecnolog\u00eda line interactive - Tipo de forma de onda: Aproximaci\u00f3n escalonada a una onda sinusoidal  \u2013 Tiempo de transferencia: 6 ms typical : 10 ms maximum - Frecuencia de entrada: 50\/60 Hz +\/- 5 Hz - Rango de voltaje de entrada en operaciones principales: 89 \u2013 145 (120 V) ACV - Tipo de Protecci\u00f3n de Entrada Necesaria: Circuit breaker  \u2013 Factor de Potencia de Entrada en carga completa: 0.53 - Bater\u00edas y tiempo de autonom\u00edaBater\u00eda de plomo y \u00e1cido - Tiempo t\u00edpico de recarga: 8hour(s)  \u2013 Voltaje Nominal de la Bater\u00eda: 12 V  \u2013 Vida \u00fatil esperada de la bater\u00eda (en a\u00f1os): 2 \u2013 3\" \/>\n<meta property=\"og:url\" content=\"https:\/\/mivoot.com\/gt\/producto\/ups-apc-1200va-650w-bvx1200l-lm\/\" \/>\n<meta property=\"og:site_name\" content=\"Mivoot\" \/>\n<meta property=\"article:publisher\" content=\"https:\/\/www.facebook.com\/mivootgt\" \/>\n<meta property=\"article:modified_time\" content=\"2024-05-21T19:42:04+00:00\" \/>\n<meta property=\"og:image\" content=\"https:\/\/mivoot.com\/gt\/wp-content\/uploads\/2024\/05\/BVX700LU-LM-01.jpg\" \/>\n\t<meta property=\"og:image:width\" content=\"800\" \/>\n\t<meta property=\"og:image:height\" content=\"800\" \/>\n\t<meta property=\"og:image:type\" content=\"image\/jpeg\" \/>\n<meta name=\"twitter:card\" content=\"summary_large_image\" \/>\n<meta name=\"twitter:label1\" content=\"Est. reading time\" \/>\n\t<meta name=\"twitter:data1\" content=\"4 minutos\" \/>\n<script type=\"application\/ld+json\" class=\"yoast-schema-graph\">{\"@context\":\"https:\/\/schema.org\",\"@graph\":[{\"@type\":\"WebPage\",\"@id\":\"https:\/\/mivoot.com\/gt\/producto\/ups-apc-1200va-650w-bvx1200l-lm\/\",\"url\":\"https:\/\/mivoot.com\/gt\/producto\/ups-apc-1200va-650w-bvx1200l-lm\/\",\"name\":\"UPS APC 1200VA 650W BVX1200L-LM - Mivoot\",\"isPartOf\":{\"@id\":\"https:\/\/mivoot.com\/gt\/#website\"},\"primaryImageOfPage\":{\"@id\":\"https:\/\/mivoot.com\/gt\/producto\/ups-apc-1200va-650w-bvx1200l-lm\/#primaryimage\"},\"image\":{\"@id\":\"https:\/\/mivoot.com\/gt\/producto\/ups-apc-1200va-650w-bvx1200l-lm\/#primaryimage\"},\"thumbnailUrl\":\"https:\/\/mivoot.com\/gt\/wp-content\/uploads\/2024\/05\/BVX700LU-LM-01.jpg\",\"datePublished\":\"2024-05-21T19:42:03+00:00\",\"dateModified\":\"2024-05-21T19:42:04+00:00\",\"breadcrumb\":{\"@id\":\"https:\/\/mivoot.com\/gt\/producto\/ups-apc-1200va-650w-bvx1200l-lm\/#breadcrumb\"},\"inLanguage\":\"es\",\"potentialAction\":[{\"@type\":\"ReadAction\",\"target\":[\"https:\/\/mivoot.com\/gt\/producto\/ups-apc-1200va-650w-bvx1200l-lm\/\"]}]},{\"@type\":\"ImageObject\",\"inLanguage\":\"es\",\"@id\":\"https:\/\/mivoot.com\/gt\/producto\/ups-apc-1200va-650w-bvx1200l-lm\/#primaryimage\",\"url\":\"https:\/\/mivoot.com\/gt\/wp-content\/uploads\/2024\/05\/BVX700LU-LM-01.jpg\",\"contentUrl\":\"https:\/\/mivoot.com\/gt\/wp-content\/uploads\/2024\/05\/BVX700LU-LM-01.jpg\",\"width\":800,\"height\":800},{\"@type\":\"BreadcrumbList\",\"@id\":\"https:\/\/mivoot.com\/gt\/producto\/ups-apc-1200va-650w-bvx1200l-lm\/#breadcrumb\",\"itemListElement\":[{\"@type\":\"ListItem\",\"position\":1,\"name\":\"Inicio\",\"item\":\"https:\/\/mivoot.com\/gt\/\"},{\"@type\":\"ListItem\",\"position\":2,\"name\":\"Productos\",\"item\":\"https:\/\/mivoot.com\/gt\/producto\/\"},{\"@type\":\"ListItem\",\"position\":3,\"name\":\"APC\",\"item\":\"https:\/\/mivoot.com\/gt\/marca\/apc\/\"},{\"@type\":\"ListItem\",\"position\":4,\"name\":\"UPS APC 1200VA 650W BVX1200L-LM\"}]},{\"@type\":\"WebSite\",\"@id\":\"https:\/\/mivoot.com\/gt\/#website\",\"url\":\"https:\/\/mivoot.com\/gt\/\",\"name\":\"Mivoot\",\"description\":\"Mivoot Guatemala | Tienda Online\",\"publisher\":{\"@id\":\"https:\/\/mivoot.com\/gt\/#organization\"},\"alternateName\":\"mivoot\",\"potentialAction\":[{\"@type\":\"SearchAction\",\"target\":{\"@type\":\"EntryPoint\",\"urlTemplate\":\"https:\/\/mivoot.com\/gt\/?s={search_term_string}\"},\"query-input\":{\"@type\":\"PropertyValueSpecification\",\"valueRequired\":true,\"valueName\":\"search_term_string\"}}],\"inLanguage\":\"es\"},{\"@type\":\"Organization\",\"@id\":\"https:\/\/mivoot.com\/gt\/#organization\",\"name\":\"Mivoot Guatemala\",\"alternateName\":\"mivoot.com\",\"url\":\"https:\/\/mivoot.com\/gt\/\",\"logo\":{\"@type\":\"ImageObject\",\"inLanguage\":\"es\",\"@id\":\"https:\/\/mivoot.com\/gt\/#\/schema\/logo\/image\/\",\"url\":\"https:\/\/mivoot.com\/gt\/wp-content\/uploads\/2023\/03\/cropped-icon.png\",\"contentUrl\":\"https:\/\/mivoot.com\/gt\/wp-content\/uploads\/2023\/03\/cropped-icon.png\",\"width\":512,\"height\":512,\"caption\":\"Mivoot Guatemala\"},\"image\":{\"@id\":\"https:\/\/mivoot.com\/gt\/#\/schema\/logo\/image\/\"},\"sameAs\":[\"https:\/\/www.facebook.com\/mivootgt\",\"https:\/\/instagram.com\/mivoot\"]}]}<\/script>\n<!-- \/ Yoast SEO Premium plugin. -->","yoast_head_json":{"title":"UPS APC 1200VA 650W BVX1200L-LM - Mivoot","robots":{"index":"index","follow":"follow","max-snippet":"max-snippet:-1","max-image-preview":"max-image-preview:large","max-video-preview":"max-video-preview:-1"},"canonical":"https:\/\/mivoot.com\/gt\/producto\/ups-apc-1200va-650w-bvx1200l-lm\/","og_locale":"es_ES","og_type":"article","og_title":"UPS APC 1200VA 650W BVX1200L-LM","og_description":"- Back-UPS 1200VA, 120V, AVR - m\u00e1x. configurable (vatios): 650 Vatios \/1200VA - Eficacia con carga completa: 98.0 % \u2013 Topolog\u00eda: Tecnolog\u00eda line interactive - Tipo de forma de onda: Aproximaci\u00f3n escalonada a una onda sinusoidal  \u2013 Tiempo de transferencia: 6 ms typical : 10 ms maximum - Frecuencia de entrada: 50\/60 Hz +\/- 5 Hz - Rango de voltaje de entrada en operaciones principales: 89 \u2013 145 (120 V) ACV - Tipo de Protecci\u00f3n de Entrada Necesaria: Circuit breaker  \u2013 Factor de Potencia de Entrada en carga completa: 0.53 - Bater\u00edas y tiempo de autonom\u00edaBater\u00eda de plomo y \u00e1cido - Tiempo t\u00edpico de recarga: 8hour(s)  \u2013 Voltaje Nominal de la Bater\u00eda: 12 V  \u2013 Vida \u00fatil esperada de la bater\u00eda (en a\u00f1os): 2 \u2013 3","og_url":"https:\/\/mivoot.com\/gt\/producto\/ups-apc-1200va-650w-bvx1200l-lm\/","og_site_name":"Mivoot","article_publisher":"https:\/\/www.facebook.com\/mivootgt","article_modified_time":"2024-05-21T19:42:04+00:00","og_image":[{"width":800,"height":800,"url":"https:\/\/mivoot.com\/gt\/wp-content\/uploads\/2024\/05\/BVX700LU-LM-01.jpg","type":"image\/jpeg"}],"twitter_card":"summary_large_image","twitter_misc":{"Est. reading time":"4 minutos"},"schema":{"@context":"https:\/\/schema.org","@graph":[{"@type":"WebPage","@id":"https:\/\/mivoot.com\/gt\/producto\/ups-apc-1200va-650w-bvx1200l-lm\/","url":"https:\/\/mivoot.com\/gt\/producto\/ups-apc-1200va-650w-bvx1200l-lm\/","name":"UPS APC 1200VA 650W BVX1200L-LM - Mivoot","isPartOf":{"@id":"https:\/\/mivoot.com\/gt\/#website"},"primaryImageOfPage":{"@id":"https:\/\/mivoot.com\/gt\/producto\/ups-apc-1200va-650w-bvx1200l-lm\/#primaryimage"},"image":{"@id":"https:\/\/mivoot.com\/gt\/producto\/ups-apc-1200va-650w-bvx1200l-lm\/#primaryimage"},"thumbnailUrl":"https:\/\/mivoot.com\/gt\/wp-content\/uploads\/2024\/05\/BVX700LU-LM-01.jpg","datePublished":"2024-05-21T19:42:03+00:00","dateModified":"2024-05-21T19:42:04+00:00","breadcrumb":{"@id":"https:\/\/mivoot.com\/gt\/producto\/ups-apc-1200va-650w-bvx1200l-lm\/#breadcrumb"},"inLanguage":"es","potentialAction":[{"@type":"ReadAction","target":["https:\/\/mivoot.com\/gt\/producto\/ups-apc-1200va-650w-bvx1200l-lm\/"]}]},{"@type":"ImageObject","inLanguage":"es","@id":"https:\/\/mivoot.com\/gt\/producto\/ups-apc-1200va-650w-bvx1200l-lm\/#primaryimage","url":"https:\/\/mivoot.com\/gt\/wp-content\/uploads\/2024\/05\/BVX700LU-LM-01.jpg","contentUrl":"https:\/\/mivoot.com\/gt\/wp-content\/uploads\/2024\/05\/BVX700LU-LM-01.jpg","width":800,"height":800},{"@type":"BreadcrumbList","@id":"https:\/\/mivoot.com\/gt\/producto\/ups-apc-1200va-650w-bvx1200l-lm\/#breadcrumb","itemListElement":[{"@type":"ListItem","position":1,"name":"Inicio","item":"https:\/\/mivoot.com\/gt\/"},{"@type":"ListItem","position":2,"name":"Productos","item":"https:\/\/mivoot.com\/gt\/producto\/"},{"@type":"ListItem","position":3,"name":"APC","item":"https:\/\/mivoot.com\/gt\/marca\/apc\/"},{"@type":"ListItem","position":4,"name":"UPS APC 1200VA 650W BVX1200L-LM"}]},{"@type":"WebSite","@id":"https:\/\/mivoot.com\/gt\/#website","url":"https:\/\/mivoot.com\/gt\/","name":"Mivoot","description":"Mivoot Guatemala | Tienda Online","publisher":{"@id":"https:\/\/mivoot.com\/gt\/#organization"},"alternateName":"mivoot","potentialAction":[{"@type":"SearchAction","target":{"@type":"EntryPoint","urlTemplate":"https:\/\/mivoot.com\/gt\/?s={search_term_string}"},"query-input":{"@type":"PropertyValueSpecification","valueRequired":true,"valueName":"search_term_string"}}],"inLanguage":"es"},{"@type":"Organization","@id":"https:\/\/mivoot.com\/gt\/#organization","name":"Mivoot Guatemala","alternateName":"mivoot.com","url":"https:\/\/mivoot.com\/gt\/","logo":{"@type":"ImageObject","inLanguage":"es","@id":"https:\/\/mivoot.com\/gt\/#\/schema\/logo\/image\/","url":"https:\/\/mivoot.com\/gt\/wp-content\/uploads\/2023\/03\/cropped-icon.png","contentUrl":"https:\/\/mivoot.com\/gt\/wp-content\/uploads\/2023\/03\/cropped-icon.png","width":512,"height":512,"caption":"Mivoot Guatemala"},"image":{"@id":"https:\/\/mivoot.com\/gt\/#\/schema\/logo\/image\/"},"sameAs":["https:\/\/www.facebook.com\/mivootgt","https:\/\/instagram.com\/mivoot"]}]}},"jetpack_publicize_connections":[],"jetpack_sharing_enabled":true,"brands":[{"id":104,"name":"APC","slug":"apc"}],"_links":{"self":[{"href":"https:\/\/mivoot.com\/gt\/wp-json\/wp\/v2\/product\/19432","targetHints":{"allow":["GET"]}}],"collection":[{"href":"https:\/\/mivoot.com\/gt\/wp-json\/wp\/v2\/product"}],"about":[{"href":"https:\/\/mivoot.com\/gt\/wp-json\/wp\/v2\/types\/product"}],"replies":[{"embeddable":true,"href":"https:\/\/mivoot.com\/gt\/wp-json\/wp\/v2\/comments?post=19432"}],"version-history":[{"count":1,"href":"https:\/\/mivoot.com\/gt\/wp-json\/wp\/v2\/product\/19432\/revisions"}],"predecessor-version":[{"id":19437,"href":"https:\/\/mivoot.com\/gt\/wp-json\/wp\/v2\/product\/19432\/revisions\/19437"}],"wp:featuredmedia":[{"embeddable":true,"href":"https:\/\/mivoot.com\/gt\/wp-json\/wp\/v2\/media\/19422"}],"wp:attachment":[{"href":"https:\/\/mivoot.com\/gt\/wp-json\/wp\/v2\/media?parent=19432"}],"wp:term":[{"taxonomy":"pwb-brand","embeddable":true,"href":"https:\/\/mivoot.com\/gt\/wp-json\/wp\/v2\/pwb-brand?post=19432"},{"taxonomy":"product_brand","embeddable":true,"href":"https:\/\/mivoot.com\/gt\/wp-json\/wp\/v2\/product_brand?post=19432"},{"taxonomy":"product_cat","embeddable":true,"href":"https:\/\/mivoot.com\/gt\/wp-json\/wp\/v2\/product_cat?post=19432"},{"taxonomy":"product_tag","embeddable":true,"href":"https:\/\/mivoot.com\/gt\/wp-json\/wp\/v2\/product_tag?post=19432"}],"curies":[{"name":"wp","href":"https:\/\/api.w.org\/{rel}","templated":true}]}}