{"id":19450,"date":"2024-05-21T14:11:53","date_gmt":"2024-05-21T20:11:53","guid":{"rendered":"https:\/\/mivoot.com\/gt\/?post_type=product&#038;p=19450"},"modified":"2025-05-20T10:44:39","modified_gmt":"2025-05-20T16:44:39","slug":"microfono-inalambrico-transmisor-mic-2-blanco-perla-dji","status":"publish","type":"product","link":"https:\/\/mivoot.com\/gt\/producto\/microfono-inalambrico-transmisor-mic-2-blanco-perla-dji\/","title":{"rendered":"Micr\u00f3fono Inal\u00e1mbrico Transmisor MIC 2 (Blanco Perla) DJI"},"content":{"rendered":"<div class=\"celwidget aplus-module premium-module-2-fullbackground-image aplus-premium\" data-cel-widget=\"aplus-premium-module-2-fullbackground-image\" data-csa-c-id=\"a914i5-r2hsuc-6yaptz-hq82hc\">\n<div class=\"a-section a-spacing-none premium-aplus premium-aplus-module-2\">\n<h1 class=\"a-text-center aplus-container-3 aplus-h1 a-text-bold\">DJI Mic 2 | Wireless Microphone for Pro-Level Audio<\/h1>\n<div class=\"a-section a-spacing-none premium-background-wrapper\">\n<div class=\"a-section a-spacing-none background-image\"><img decoding=\"async\" class=\"lazy-load-active\" src=\"https:\/\/m.media-amazon.com\/images\/S\/aplus-media-library-service-media\/81680ed6-5992-47e7-b3df-6a05deab017b.__CR0,0,1464,600_PT0_SX1464_V1___.jpg\" alt=\"1\" data-src=\"https:\/\/m.media-amazon.com\/images\/S\/aplus-media-library-service-media\/81680ed6-5992-47e7-b3df-6a05deab017b.__CR0,0,1464,600_PT0_SX1464_V1___.jpg\" \/><\/div>\n<\/div>\n<div class=\"a-section a-text-center\"><\/div>\n<\/div>\n<\/div>\n<div class=\"celwidget aplus-module premium-module-2-fullbackground-image aplus-premium\" data-cel-widget=\"aplus-premium-module-2-fullbackground-image\" data-csa-c-id=\"1d8r0d-svkl2f-6kjbs-wq7i6e\">\n<div class=\"a-section a-spacing-none premium-aplus premium-aplus-module-2\">\n<div class=\"a-section a-spacing-none premium-background-wrapper\">\n<div class=\"a-section a-spacing-none background-image\"><img decoding=\"async\" class=\"lazy-load-active\" src=\"https:\/\/m.media-amazon.com\/images\/S\/aplus-media-library-service-media\/4ea7a00a-d33d-4b8d-9843-59065a990c0d.__CR0,0,1464,600_PT0_SX1464_V1___.jpg\" alt=\"1\" data-src=\"https:\/\/m.media-amazon.com\/images\/S\/aplus-media-library-service-media\/4ea7a00a-d33d-4b8d-9843-59065a990c0d.__CR0,0,1464,600_PT0_SX1464_V1___.jpg\" \/><\/div>\n<div><img decoding=\"async\" class=\"lazy-load-active\" src=\"https:\/\/dji-retail.co.uk\/cdn\/shop\/files\/56546456457.jpg?v=1705503667&amp;width=1400\" data-src=\"https:\/\/dji-retail.co.uk\/cdn\/shop\/files\/56546456457.jpg?v=1705503667&amp;width=1400\" \/><\/div>\n<h3>Siempre suena genial<\/h3>\n<p>Dura m\u00e1s, graba m\u00e1s: el tiempo de funcionamiento extendido de 6 horas de este micr\u00f3fono Bluetooth le brinda amplias posibilidades de grabaci\u00f3n y transmisi\u00f3n en vivo, incluso en ubicaciones remotas con opciones de carga limitadas.<\/p>\n<h3>Incluye un transmisor (Blanco Perla) y m\u00e1s.<\/h3>\n<p>El dise\u00f1o negro transparente del transmisor le da una apariencia elegante, elegante y de alta tecnolog\u00eda. Se conecta directamente a tel\u00e9fonos m\u00f3viles, Pocket 3 y Action 4 a trav\u00e9s de Bluetooth.<\/p>\n<h3>Ideal para creadores en solitario.<\/h3>\n<p>Capture un audio brillante con la grabaci\u00f3n de audio omnidireccional del DJI Mic 2, optimizada para voces. Maneje f\u00e1cilmente vlogs, entrevistas y m\u00e1s.<\/p>\n<h3>Cuando la tranquilidad importa<\/h3>\n<p>La nueva funci\u00f3n de cancelaci\u00f3n inteligente de ruido reduce eficazmente el ruido ambiental para lograr conversaciones limpias y claras, incluso en \u00e1reas ruidosas.<\/p>\n<h3>Extendido\u00a0Bater\u00eda\u00a0Vida<\/h3>\n<p>Cada transmisor y receptor tiene un extraordinario tiempo de funcionamiento de 6 horas, que se puede ampliar a unas generosas 18 horas con el estuche de carga.<\/p>\n<p>250m\u00a0(820\u00a0pie.)\u00a0Rango<\/p>\n<p>Con una potente capacidad antiinterferencias, Mic 2 ofrece un rango m\u00e1ximo de transmisi\u00f3n de audio de 250 m (820 pies), satisfaciendo las necesidades de la mayor\u00eda de los escenarios.<\/p>\n<h3>Vers\u00e1til\u00a0y\u00a0Impresionante<\/h3>\n<p>Cada transmisor tiene 8 GB de almacenamiento interno para hasta 14 horas de audio sin comprimir a 48 kHz de 24 bits y grabaci\u00f3n interna flotante de 32 bits.<\/p>\n<h3>Extenso\u00a0Compatibilidad<\/h3>\n<p>Mic 2 admite salidas USB-C y Lightning, as\u00ed como salida anal\u00f3gica TRS de 3,5 mm. Es compatible con la mayor\u00eda de c\u00e1maras, tel\u00e9fonos inteligentes y computadoras.<\/p>\n<p>&#8211; Transmisor Mic 2 (blanco perla) &#8211; Incluye un transmisor (blanco perla) y m\u00e1s. Se conecta directamente a tel\u00e9fonos m\u00f3viles, Pocket 3 y Action 4 a trav\u00e9s de Bluetooth. Ideal para creadores en solitario.<\/p>\n<\/div>\n<\/div>\n<\/div>\n<p>&nbsp;<\/p>\n<ul class=\"a-unordered-list a-vertical a-spacing-mini\">\n<li class=\"a-spacing-mini\"><span class=\"a-list-item\">Nota: La grabaci\u00f3n interna de DJI Mic 2 no se puede utilizar cuando el transmisor est\u00e1 conectado a un tel\u00e9fono inteligente a trav\u00e9s de Bluetooth. Cada transmisor tiene 8 GB de almacenamiento interno para almacenar hasta 14 horas de audio de 24 bits de 48 kHz sin comprimir.<\/span><\/li>\n<\/ul>\n<p>Puede utilizar DJI Mic 2 con una variedad de dispositivos,<\/p>\n<ul>\n<li>incluidas c\u00e1maras,<\/li>\n<li>tel\u00e9fonos inteligentes (a trav\u00e9s del puerto USB-C\/Lightning o conexi\u00f3n Bluetooth directa),<\/li>\n<li>computadoras,<\/li>\n<li>Osmo Action 4 (a trav\u00e9s del puerto USB-C o Bluetooth),<\/li>\n<li>Osmo Pocket 3 (a trav\u00e9s de Puerto USB-C o Bluetooth),<\/li>\n<li>Osmo Mobile 6,<\/li>\n<li>Osmo Pocket,<\/li>\n<li>DJI Pocket 2,<\/li>\n<li>DJI Action 2,<\/li>\n<li>Osmo Action 3,<\/li>\n<li>DJI OM 5,<\/li>\n<li>DJI RS 3 Mini<\/li>\n<li>DJI Ronin 4D.<\/li>\n<\/ul>\n<p><img fetchpriority=\"high\" decoding=\"async\" class=\"alignnone size-full wp-image-19453\" src=\"https:\/\/mivoot.com\/gt\/wp-content\/uploads\/2024\/05\/blancoperla-03.jpg\" alt=\"\" width=\"1415\" height=\"885\" srcset=\"https:\/\/mivoot.com\/gt\/wp-content\/uploads\/2024\/05\/blancoperla-03.jpg 1415w, https:\/\/mivoot.com\/gt\/wp-content\/uploads\/2024\/05\/blancoperla-03-410x256.jpg 410w, https:\/\/mivoot.com\/gt\/wp-content\/uploads\/2024\/05\/blancoperla-03-64x40.jpg 64w, https:\/\/mivoot.com\/gt\/wp-content\/uploads\/2024\/05\/blancoperla-03-300x188.jpg 300w, https:\/\/mivoot.com\/gt\/wp-content\/uploads\/2024\/05\/blancoperla-03-768x480.jpg 768w, https:\/\/mivoot.com\/gt\/wp-content\/uploads\/2024\/05\/blancoperla-03-600x375.jpg 600w\" sizes=\"(max-width: 1415px) 100vw, 1415px\" \/><\/p>\n<p><img decoding=\"async\" src=\"https:\/\/dji-retail.co.uk\/cdn\/shop\/files\/DJI-Mic-2-Transmitter-Shadow-Black-10.jpg?v=1709830924&amp;width=1500\" alt=\"Transmisor DJI Mic 2 (negro sombra)\" \/><\/p>\n<p><img decoding=\"async\" src=\"https:\/\/dji-retail.co.uk\/cdn\/shop\/files\/DJI-Mic-2-Transmitter-Shadow-Black-11.jpg?v=1709830929&amp;width=1500\" alt=\"Transmisor DJI Mic 2 (negro sombra)\" \/><\/p>\n<div class=\"celwidget aplus-module premium-module-2-fullbackground-image aplus-premium\" data-cel-widget=\"aplus-premium-module-2-fullbackground-image\" data-csa-c-id=\"1d8r0d-svkl2f-6kjbs-wq7i6e\">\n<div class=\"a-section a-spacing-none premium-aplus premium-aplus-module-2\">\n<p>&nbsp;<\/p>\n<\/div>\n<\/div>\n","protected":false},"excerpt":{"rendered":"<p>\u2013 Grabaci\u00f3n de audio de alta calidad<br \/>\n\u2013 Todo en uno, listo para usar<br \/>\n\u2013 Duraci\u00f3n hasta 18 horas<br \/>\n\u2013 Capacidad de la bater\u00eda 360mAh<br \/>\n\u2013 Grabaci\u00f3n interna de 14 horas y grabaci\u00f3n interna flotante de 32 bits<br \/>\n\u2013 Cancelaci\u00f3n inteligente de ruido, voces n\u00edtidas<br \/>\n\u2013 Alcance de 250 m (820 pies)<br \/>\n\u2013 Bater\u00eda de 6 horas<br \/>\n\u2013 Se conecta directamente a tel\u00e9fonos m\u00f3viles, Pocket 3 y Action 4 a trav\u00e9s de Bluetooth<br \/>\n\u2013 Ideal para creadores en solitario.<br \/>\n\u2013 Dimensiones 46,06\u00d730,96\u00d721,83 mm (largo\u00d7ancho\u00d7alto)<br \/>\n\u2013 Peso 28 gramos<\/p>\n","protected":false},"featured_media":19458,"comment_status":"open","ping_status":"closed","template":"","meta":{"jetpack_publicize_message":"","jetpack_publicize_feature_enabled":true,"jetpack_social_post_already_shared":true,"jetpack_social_options":{"image_generator_settings":{"template":"highway","default_image_id":0,"font":"","enabled":false},"version":2}},"pwb-brand":[476],"product_brand":[],"product_cat":[162,626],"product_tag":[],"class_list":{"0":"post-19450","1":"product","2":"type-product","3":"status-publish","4":"has-post-thumbnail","6":"pwb-brand-dji","7":"product_cat-microfonos","8":"product_cat-microfonos-inalambricos","10":"first","11":"instock","12":"taxable","13":"shipping-taxable","14":"purchasable","15":"product-type-simple"},"yoast_head":"<!-- This site is optimized with the Yoast SEO Premium plugin v25.7.1 (Yoast SEO v26.8) - https:\/\/yoast.com\/product\/yoast-seo-premium-wordpress\/ -->\n<title>Micr\u00f3fono Inal\u00e1mbrico Transmisor MIC 2 (Blanco Perla) DJI - Mivoot<\/title>\n<meta name=\"robots\" content=\"index, follow, max-snippet:-1, max-image-preview:large, max-video-preview:-1\" \/>\n<link rel=\"canonical\" href=\"https:\/\/mivoot.com\/gt\/producto\/microfono-inalambrico-transmisor-mic-2-blanco-perla-dji\/\" \/>\n<meta property=\"og:locale\" content=\"es_ES\" \/>\n<meta property=\"og:type\" content=\"article\" \/>\n<meta property=\"og:title\" content=\"Micr\u00f3fono Inal\u00e1mbrico Transmisor MIC 2 (Blanco Perla) DJI\" \/>\n<meta property=\"og:description\" content=\"\u2013 Grabaci\u00f3n de audio de alta calidad \u2013 Todo en uno, listo para usar \u2013 Duraci\u00f3n hasta 18 horas \u2013 Capacidad de la bater\u00eda 360mAh \u2013 Grabaci\u00f3n interna de 14 horas y grabaci\u00f3n interna flotante de 32 bits \u2013 Cancelaci\u00f3n inteligente de ruido, voces n\u00edtidas \u2013 Alcance de 250 m (820 pies) \u2013 Bater\u00eda de 6 horas \u2013 Se conecta directamente a tel\u00e9fonos m\u00f3viles, Pocket 3 y Action 4 a trav\u00e9s de Bluetooth \u2013 Ideal para creadores en solitario. \u2013 Dimensiones 46,06\u00d730,96\u00d721,83 mm (largo\u00d7ancho\u00d7alto) \u2013 Peso 28 gramos\" \/>\n<meta property=\"og:url\" content=\"https:\/\/mivoot.com\/gt\/producto\/microfono-inalambrico-transmisor-mic-2-blanco-perla-dji\/\" \/>\n<meta property=\"og:site_name\" content=\"Mivoot\" \/>\n<meta property=\"article:publisher\" content=\"https:\/\/www.facebook.com\/mivootgt\" \/>\n<meta property=\"article:modified_time\" content=\"2025-05-20T16:44:39+00:00\" \/>\n<meta property=\"og:image\" content=\"https:\/\/mivoot.com\/gt\/wp-content\/uploads\/2024\/05\/blancoperla.jpg\" \/>\n\t<meta property=\"og:image:width\" content=\"1600\" \/>\n\t<meta property=\"og:image:height\" content=\"1600\" \/>\n\t<meta property=\"og:image:type\" content=\"image\/jpeg\" \/>\n<meta name=\"twitter:card\" content=\"summary_large_image\" \/>\n<meta name=\"twitter:label1\" content=\"Est. reading time\" \/>\n\t<meta name=\"twitter:data1\" content=\"4 minutos\" \/>\n<script type=\"application\/ld+json\" class=\"yoast-schema-graph\">{\"@context\":\"https:\/\/schema.org\",\"@graph\":[{\"@type\":\"WebPage\",\"@id\":\"https:\/\/mivoot.com\/gt\/producto\/microfono-inalambrico-transmisor-mic-2-blanco-perla-dji\/\",\"url\":\"https:\/\/mivoot.com\/gt\/producto\/microfono-inalambrico-transmisor-mic-2-blanco-perla-dji\/\",\"name\":\"Micr\u00f3fono Inal\u00e1mbrico Transmisor MIC 2 (Blanco Perla) DJI - Mivoot\",\"isPartOf\":{\"@id\":\"https:\/\/mivoot.com\/gt\/#website\"},\"primaryImageOfPage\":{\"@id\":\"https:\/\/mivoot.com\/gt\/producto\/microfono-inalambrico-transmisor-mic-2-blanco-perla-dji\/#primaryimage\"},\"image\":{\"@id\":\"https:\/\/mivoot.com\/gt\/producto\/microfono-inalambrico-transmisor-mic-2-blanco-perla-dji\/#primaryimage\"},\"thumbnailUrl\":\"https:\/\/mivoot.com\/gt\/wp-content\/uploads\/2024\/05\/blancoperla.jpg\",\"datePublished\":\"2024-05-21T20:11:53+00:00\",\"dateModified\":\"2025-05-20T16:44:39+00:00\",\"breadcrumb\":{\"@id\":\"https:\/\/mivoot.com\/gt\/producto\/microfono-inalambrico-transmisor-mic-2-blanco-perla-dji\/#breadcrumb\"},\"inLanguage\":\"es\",\"potentialAction\":[{\"@type\":\"ReadAction\",\"target\":[\"https:\/\/mivoot.com\/gt\/producto\/microfono-inalambrico-transmisor-mic-2-blanco-perla-dji\/\"]}]},{\"@type\":\"ImageObject\",\"inLanguage\":\"es\",\"@id\":\"https:\/\/mivoot.com\/gt\/producto\/microfono-inalambrico-transmisor-mic-2-blanco-perla-dji\/#primaryimage\",\"url\":\"https:\/\/mivoot.com\/gt\/wp-content\/uploads\/2024\/05\/blancoperla.jpg\",\"contentUrl\":\"https:\/\/mivoot.com\/gt\/wp-content\/uploads\/2024\/05\/blancoperla.jpg\",\"width\":1600,\"height\":1600,\"caption\":\"Version 1.0.0\"},{\"@type\":\"BreadcrumbList\",\"@id\":\"https:\/\/mivoot.com\/gt\/producto\/microfono-inalambrico-transmisor-mic-2-blanco-perla-dji\/#breadcrumb\",\"itemListElement\":[{\"@type\":\"ListItem\",\"position\":1,\"name\":\"Inicio\",\"item\":\"https:\/\/mivoot.com\/gt\/\"},{\"@type\":\"ListItem\",\"position\":2,\"name\":\"Productos\",\"item\":\"https:\/\/mivoot.com\/gt\/producto\/\"},{\"@type\":\"ListItem\",\"position\":3,\"name\":\"DJI\",\"item\":\"https:\/\/mivoot.com\/gt\/marca\/dji\/\"},{\"@type\":\"ListItem\",\"position\":4,\"name\":\"Micr\u00f3fono Inal\u00e1mbrico Transmisor MIC 2 (Blanco Perla) DJI\"}]},{\"@type\":\"WebSite\",\"@id\":\"https:\/\/mivoot.com\/gt\/#website\",\"url\":\"https:\/\/mivoot.com\/gt\/\",\"name\":\"Mivoot\",\"description\":\"Mivoot Guatemala | Tienda Online\",\"publisher\":{\"@id\":\"https:\/\/mivoot.com\/gt\/#organization\"},\"alternateName\":\"mivoot\",\"potentialAction\":[{\"@type\":\"SearchAction\",\"target\":{\"@type\":\"EntryPoint\",\"urlTemplate\":\"https:\/\/mivoot.com\/gt\/?s={search_term_string}\"},\"query-input\":{\"@type\":\"PropertyValueSpecification\",\"valueRequired\":true,\"valueName\":\"search_term_string\"}}],\"inLanguage\":\"es\"},{\"@type\":\"Organization\",\"@id\":\"https:\/\/mivoot.com\/gt\/#organization\",\"name\":\"Mivoot Guatemala\",\"alternateName\":\"mivoot.com\",\"url\":\"https:\/\/mivoot.com\/gt\/\",\"logo\":{\"@type\":\"ImageObject\",\"inLanguage\":\"es\",\"@id\":\"https:\/\/mivoot.com\/gt\/#\/schema\/logo\/image\/\",\"url\":\"https:\/\/mivoot.com\/gt\/wp-content\/uploads\/2023\/03\/cropped-icon.png\",\"contentUrl\":\"https:\/\/mivoot.com\/gt\/wp-content\/uploads\/2023\/03\/cropped-icon.png\",\"width\":512,\"height\":512,\"caption\":\"Mivoot Guatemala\"},\"image\":{\"@id\":\"https:\/\/mivoot.com\/gt\/#\/schema\/logo\/image\/\"},\"sameAs\":[\"https:\/\/www.facebook.com\/mivootgt\",\"https:\/\/instagram.com\/mivoot\"]}]}<\/script>\n<!-- \/ Yoast SEO Premium plugin. -->","yoast_head_json":{"title":"Micr\u00f3fono Inal\u00e1mbrico Transmisor MIC 2 (Blanco Perla) DJI - Mivoot","robots":{"index":"index","follow":"follow","max-snippet":"max-snippet:-1","max-image-preview":"max-image-preview:large","max-video-preview":"max-video-preview:-1"},"canonical":"https:\/\/mivoot.com\/gt\/producto\/microfono-inalambrico-transmisor-mic-2-blanco-perla-dji\/","og_locale":"es_ES","og_type":"article","og_title":"Micr\u00f3fono Inal\u00e1mbrico Transmisor MIC 2 (Blanco Perla) DJI","og_description":"\u2013 Grabaci\u00f3n de audio de alta calidad \u2013 Todo en uno, listo para usar \u2013 Duraci\u00f3n hasta 18 horas \u2013 Capacidad de la bater\u00eda 360mAh \u2013 Grabaci\u00f3n interna de 14 horas y grabaci\u00f3n interna flotante de 32 bits \u2013 Cancelaci\u00f3n inteligente de ruido, voces n\u00edtidas \u2013 Alcance de 250 m (820 pies) \u2013 Bater\u00eda de 6 horas \u2013 Se conecta directamente a tel\u00e9fonos m\u00f3viles, Pocket 3 y Action 4 a trav\u00e9s de Bluetooth \u2013 Ideal para creadores en solitario. \u2013 Dimensiones 46,06\u00d730,96\u00d721,83 mm (largo\u00d7ancho\u00d7alto) \u2013 Peso 28 gramos","og_url":"https:\/\/mivoot.com\/gt\/producto\/microfono-inalambrico-transmisor-mic-2-blanco-perla-dji\/","og_site_name":"Mivoot","article_publisher":"https:\/\/www.facebook.com\/mivootgt","article_modified_time":"2025-05-20T16:44:39+00:00","og_image":[{"width":1600,"height":1600,"url":"https:\/\/mivoot.com\/gt\/wp-content\/uploads\/2024\/05\/blancoperla.jpg","type":"image\/jpeg"}],"twitter_card":"summary_large_image","twitter_misc":{"Est. reading time":"4 minutos"},"schema":{"@context":"https:\/\/schema.org","@graph":[{"@type":"WebPage","@id":"https:\/\/mivoot.com\/gt\/producto\/microfono-inalambrico-transmisor-mic-2-blanco-perla-dji\/","url":"https:\/\/mivoot.com\/gt\/producto\/microfono-inalambrico-transmisor-mic-2-blanco-perla-dji\/","name":"Micr\u00f3fono Inal\u00e1mbrico Transmisor MIC 2 (Blanco Perla) DJI - Mivoot","isPartOf":{"@id":"https:\/\/mivoot.com\/gt\/#website"},"primaryImageOfPage":{"@id":"https:\/\/mivoot.com\/gt\/producto\/microfono-inalambrico-transmisor-mic-2-blanco-perla-dji\/#primaryimage"},"image":{"@id":"https:\/\/mivoot.com\/gt\/producto\/microfono-inalambrico-transmisor-mic-2-blanco-perla-dji\/#primaryimage"},"thumbnailUrl":"https:\/\/mivoot.com\/gt\/wp-content\/uploads\/2024\/05\/blancoperla.jpg","datePublished":"2024-05-21T20:11:53+00:00","dateModified":"2025-05-20T16:44:39+00:00","breadcrumb":{"@id":"https:\/\/mivoot.com\/gt\/producto\/microfono-inalambrico-transmisor-mic-2-blanco-perla-dji\/#breadcrumb"},"inLanguage":"es","potentialAction":[{"@type":"ReadAction","target":["https:\/\/mivoot.com\/gt\/producto\/microfono-inalambrico-transmisor-mic-2-blanco-perla-dji\/"]}]},{"@type":"ImageObject","inLanguage":"es","@id":"https:\/\/mivoot.com\/gt\/producto\/microfono-inalambrico-transmisor-mic-2-blanco-perla-dji\/#primaryimage","url":"https:\/\/mivoot.com\/gt\/wp-content\/uploads\/2024\/05\/blancoperla.jpg","contentUrl":"https:\/\/mivoot.com\/gt\/wp-content\/uploads\/2024\/05\/blancoperla.jpg","width":1600,"height":1600,"caption":"Version 1.0.0"},{"@type":"BreadcrumbList","@id":"https:\/\/mivoot.com\/gt\/producto\/microfono-inalambrico-transmisor-mic-2-blanco-perla-dji\/#breadcrumb","itemListElement":[{"@type":"ListItem","position":1,"name":"Inicio","item":"https:\/\/mivoot.com\/gt\/"},{"@type":"ListItem","position":2,"name":"Productos","item":"https:\/\/mivoot.com\/gt\/producto\/"},{"@type":"ListItem","position":3,"name":"DJI","item":"https:\/\/mivoot.com\/gt\/marca\/dji\/"},{"@type":"ListItem","position":4,"name":"Micr\u00f3fono Inal\u00e1mbrico Transmisor MIC 2 (Blanco Perla) DJI"}]},{"@type":"WebSite","@id":"https:\/\/mivoot.com\/gt\/#website","url":"https:\/\/mivoot.com\/gt\/","name":"Mivoot","description":"Mivoot Guatemala | Tienda Online","publisher":{"@id":"https:\/\/mivoot.com\/gt\/#organization"},"alternateName":"mivoot","potentialAction":[{"@type":"SearchAction","target":{"@type":"EntryPoint","urlTemplate":"https:\/\/mivoot.com\/gt\/?s={search_term_string}"},"query-input":{"@type":"PropertyValueSpecification","valueRequired":true,"valueName":"search_term_string"}}],"inLanguage":"es"},{"@type":"Organization","@id":"https:\/\/mivoot.com\/gt\/#organization","name":"Mivoot Guatemala","alternateName":"mivoot.com","url":"https:\/\/mivoot.com\/gt\/","logo":{"@type":"ImageObject","inLanguage":"es","@id":"https:\/\/mivoot.com\/gt\/#\/schema\/logo\/image\/","url":"https:\/\/mivoot.com\/gt\/wp-content\/uploads\/2023\/03\/cropped-icon.png","contentUrl":"https:\/\/mivoot.com\/gt\/wp-content\/uploads\/2023\/03\/cropped-icon.png","width":512,"height":512,"caption":"Mivoot Guatemala"},"image":{"@id":"https:\/\/mivoot.com\/gt\/#\/schema\/logo\/image\/"},"sameAs":["https:\/\/www.facebook.com\/mivootgt","https:\/\/instagram.com\/mivoot"]}]}},"jetpack_publicize_connections":[],"jetpack_sharing_enabled":true,"brands":[{"id":476,"name":"DJI","slug":"dji"}],"_links":{"self":[{"href":"https:\/\/mivoot.com\/gt\/wp-json\/wp\/v2\/product\/19450","targetHints":{"allow":["GET"]}}],"collection":[{"href":"https:\/\/mivoot.com\/gt\/wp-json\/wp\/v2\/product"}],"about":[{"href":"https:\/\/mivoot.com\/gt\/wp-json\/wp\/v2\/types\/product"}],"replies":[{"embeddable":true,"href":"https:\/\/mivoot.com\/gt\/wp-json\/wp\/v2\/comments?post=19450"}],"version-history":[{"count":1,"href":"https:\/\/mivoot.com\/gt\/wp-json\/wp\/v2\/product\/19450\/revisions"}],"predecessor-version":[{"id":19459,"href":"https:\/\/mivoot.com\/gt\/wp-json\/wp\/v2\/product\/19450\/revisions\/19459"}],"wp:featuredmedia":[{"embeddable":true,"href":"https:\/\/mivoot.com\/gt\/wp-json\/wp\/v2\/media\/19458"}],"wp:attachment":[{"href":"https:\/\/mivoot.com\/gt\/wp-json\/wp\/v2\/media?parent=19450"}],"wp:term":[{"taxonomy":"pwb-brand","embeddable":true,"href":"https:\/\/mivoot.com\/gt\/wp-json\/wp\/v2\/pwb-brand?post=19450"},{"taxonomy":"product_brand","embeddable":true,"href":"https:\/\/mivoot.com\/gt\/wp-json\/wp\/v2\/product_brand?post=19450"},{"taxonomy":"product_cat","embeddable":true,"href":"https:\/\/mivoot.com\/gt\/wp-json\/wp\/v2\/product_cat?post=19450"},{"taxonomy":"product_tag","embeddable":true,"href":"https:\/\/mivoot.com\/gt\/wp-json\/wp\/v2\/product_tag?post=19450"}],"curies":[{"name":"wp","href":"https:\/\/api.w.org\/{rel}","templated":true}]}}