{"id":19532,"date":"2024-05-27T18:19:25","date_gmt":"2024-05-28T00:19:25","guid":{"rendered":"https:\/\/mivoot.com\/gt\/?post_type=product&#038;p=19532"},"modified":"2024-05-29T22:40:10","modified_gmt":"2024-05-30T04:40:10","slug":"protector-de-sobretension-1625w-forza","status":"publish","type":"product","link":"https:\/\/mivoot.com\/gt\/producto\/protector-de-sobretension-1625w-forza\/","title":{"rendered":"Protector de Sobretensi\u00f3n 1625W Forza"},"content":{"rendered":"<p><img decoding=\"async\" src=\"https:\/\/forza-ups-frontend.s3.amazonaws.com\/media\/img\/FSP-821RUSBCW_Banner_01_DK_SPA.jpg\" alt=\"FSP-821RUSBCW_Banner_01_DK_SPA.jpg\" \/><\/p>\n<div class=\"col-sm-6\" data-v-fa612202=\"\">\n<div class=\"detail-content-inner text-center\" data-v-fa612202=\"\">\n<div class=\"detail-content-img\" data-v-fa612202=\"\"><div class=\"row\"  id=\"row-712692773\">\n\t<div id=\"col-368180963\" class=\"col medium-1\/2 large-6\"  >\n\t\t<div class=\"col-inner\"  >\n\t\t\t\n\t\t\t\n<h3 class=\"text-black\">CORTACIRCUITO DE REPOSICI\u00d3N MANUAL<\/h3>\n<h5 data-v-fa612202=\"\">Facilita la recuperaci\u00f3n de la unidad tras una sobrecarga<span data-v-fa612202=\"\">Protecci\u00f3n segura y eficiente para sus electr\u00f3nicos personales<\/span><\/h5>\n<div class=\"detail-content-img\" data-v-fa612202=\"\"><img decoding=\"async\" title=\"FSP-821RUSBCW_Icono_01.png\" src=\"https:\/\/forza-ups-frontend.s3.amazonaws.com\/media\/img\/FSP-821RUSBCW_Icono_01.png\" alt=\"FSP-821RUSBCW_Icono_01.png\" data-v-fa612202=\"\" \/><\/div>\n\t\t<\/div>\n\t\t\t<\/div>\n\n\t\n\n\t<div id=\"col-870083526\" class=\"col medium-1\/2 large-6\"  >\n\t\t<div class=\"col-inner\"  >\n\t\t\t\n\t\t\t\n<h3 class=\"text-black\">ENCHUFE PLANO DE 90\u00b0<\/h3>\n<h5 data-v-fa612202=\"\">Cord\u00f3n trenzado atractivo y durable<span data-v-fa612202=\"\">Cuenta con un enchufe estilizado, discreto y seguro, que ocupa un m\u00ednimo espacio. Ideal para utilizar detr\u00e1s de muebles voluminosos<\/span><\/h5>\n<div class=\"detail-content-img\" data-v-fa612202=\"\"><img decoding=\"async\" title=\"FSP-821RUSBCW_Icono_02.png\" src=\"https:\/\/forza-ups-frontend.s3.amazonaws.com\/media\/img\/FSP-821RUSBCW_Icono_02.png\" alt=\"FSP-821RUSBCW_Icono_02.png\" data-v-fa612202=\"\" \/><\/div>\n\t\t<\/div>\n\t\t\t<\/div>\n\n\t\n<\/div><\/div>\n<\/div>\n<div data-v-fa612202=\"\">\n<h2 data-v-fa612202=\"\">PROTECTOR TENSI\u00d3N 1625W\/2700J, 8 SLDS, 3-GIRATORIAS, 2-USBA, 1-USBC, 120V\/240V | CONSUMO<\/h2>\n<div class=\"table-responsive\" data-v-fa612202=\"\">\n<div class=\"row featurelist\" data-v-fa612202=\"\">\n<div class=\"col-sm-6 col-xs-12\" data-v-fa612202=\"\"><img decoding=\"async\" title=\"Protecci\u00f3n contra sobretensi\u00f3n, sobrecarga, descarga el\u00e9ctrica y de voltaje\" src=\"https:\/\/forza-ups-frontend.s3.amazonaws.com\/media\/img\/icon-serge.png\" alt=\"Protecci\u00f3n contra sobretensi\u00f3n, sobrecarga, descarga el\u00e9ctrica y de voltaje\" data-v-fa612202=\"\" \/>\u00a0<strong data-v-fa612202=\"\">Protecci\u00f3n contra sobretensi\u00f3n, sobrecarga, descarga el\u00e9ctrica y de voltaje<\/strong><br data-v-fa612202=\"\" \/>Ofrece protecci\u00f3n superior al redireccionar el exceso de tensi\u00f3n de los equipos conectados durante sobrecargas o subidas de tensi\u00f3n.<\/div>\n<div class=\"col-sm-6 col-xs-12\" data-v-fa612202=\"\"><img decoding=\"async\" title=\"Interruptor de reposici\u00f3n autom\u00e1tico\" src=\"https:\/\/forza-ups-frontend.s3.amazonaws.com\/media\/img\/icon-resetable.png\" alt=\"Interruptor de reposici\u00f3n autom\u00e1tico\" data-v-fa612202=\"\" \/>\u00a0<strong data-v-fa612202=\"\">Interruptor de reposici\u00f3n autom\u00e1tico<\/strong><br data-v-fa612202=\"\" \/>Evita autom\u00e1ticamente el flujo de corriente en un circuito el\u00e9ctrico como medida de seguridad al detectar niveles de alta tensi\u00f3n inapropiados. Se puede volver a configurar para reanudar el funcionamiento.<\/div>\n<div class=\"col-sm-6 col-xs-12\" data-v-fa612202=\"\"><img decoding=\"async\" title=\"Tecnolog\u00eda MOV\" src=\"https:\/\/forza-ups-frontend.s3.amazonaws.com\/media\/img\/icon-move.png\" alt=\"Tecnolog\u00eda MOV\" data-v-fa612202=\"\" \/>\u00a0<strong data-v-fa612202=\"\">Tecnolog\u00eda MOV<\/strong><br data-v-fa612202=\"\" \/>La tecnolog\u00eda MOV (varistor de \u00f3xido de metal) ofrece mayor protecci\u00f3n para componentes electr\u00f3nicos contra sobrecargas y subidas repentinas de tensi\u00f3n.<\/div>\n<div class=\"col-sm-6 col-xs-12\" data-v-fa612202=\"\"><img decoding=\"async\" title=\"Material retardador de llama\" src=\"https:\/\/forza-ups-frontend.s3.amazonaws.com\/media\/img\/icon-flame.png\" alt=\"Material retardador de llama\" data-v-fa612202=\"\" \/>\u00a0<strong data-v-fa612202=\"\">Material retardador de llama<\/strong><br data-v-fa612202=\"\" \/>Todos nuestros sistemas UPS est\u00e1n elaborados con material ABS retardador de llama, lo cual garantiza que de presentarse alguna falla, el equipo no es susceptible de prender fuego.<\/div>\n<div class=\"col-sm-6 col-xs-12\" data-v-fa612202=\"\"><img decoding=\"async\" title=\"Indicadores visuales LED\" src=\"https:\/\/forza-ups-frontend.s3.amazonaws.com\/media\/img\/LED-visual-indicators.png\" alt=\"Indicadores visuales LED\" data-v-fa612202=\"\" \/>\u00a0<strong data-v-fa612202=\"\">Indicadores visuales LED<\/strong><br data-v-fa612202=\"\" \/>Las luces LED en el panel frontal indican el estado funcional de la UPS, la duraci\u00f3n de la bater\u00eda as\u00ed como fallas potenciales detectadas en el sistema.<\/div>\n<div class=\"col-sm-6 col-xs-12\" data-v-fa612202=\"\"><img decoding=\"async\" title=\"Puertos USB para carga\" src=\"https:\/\/forza-ups-frontend.s3.amazonaws.com\/media\/img\/USB-Charging-ports.png\" alt=\"Puertos USB para carga\" data-v-fa612202=\"\" \/>\u00a0<strong data-v-fa612202=\"\">Puertos USB para carga<\/strong><br data-v-fa612202=\"\" \/>Sistema fiable equipado con protecci\u00f3n contra sobretensi\u00f3n y con avanzados puertos USB. El usuario puede cargar tabletas, tel\u00e9fonos inteligentes y otros dispositivos electr\u00f3nicos port\u00e1tiles.<\/div>\n<div class=\"col-sm-6 col-xs-12\" data-v-fa612202=\"\"><img decoding=\"async\" title=\"Montaje en la pared\" src=\"https:\/\/forza-ups-frontend.s3.amazonaws.com\/media\/img\/Wall-mountable.png\" alt=\"Montaje en la pared\" data-v-fa612202=\"\" \/>\u00a0<strong data-v-fa612202=\"\">Montaje en la pared<\/strong><br data-v-fa612202=\"\" \/>Las ranuras de montaje en el panel posterior de la carcasa permiten fijar f\u00e1cilmente la regleta a la pared en posici\u00f3n vertical.<\/div>\n<div class=\"col-sm-6 col-xs-12\" data-v-fa612202=\"\"><img decoding=\"async\" title=\"M\u00faltiples recept\u00e1culos con conexi\u00f3n a tierra\" src=\"https:\/\/forza-ups-frontend.s3.amazonaws.com\/media\/img\/Grounded-multi-outlet-design.png\" alt=\"M\u00faltiples recept\u00e1culos con conexi\u00f3n a tierra\" data-v-fa612202=\"\" \/>\u00a0<strong data-v-fa612202=\"\">M\u00faltiples recept\u00e1culos con conexi\u00f3n a tierra<\/strong><br data-v-fa612202=\"\" \/>Convierte en forma segura un tomacorriente de pared individual en tres recept\u00e1culos con conexi\u00f3n a tierra.<\/div>\n<\/div>\n<\/div>\n<\/div>\n<\/div>\n","protected":false},"excerpt":{"rendered":"<p>&#8211; Capacidad: 1625W<br \/>\n&#8211; Voltaje: 110V\/220V<br \/>\n&#8211; Tipo de entrada: NEMA 5-15P<br \/>\n&#8211; Tipo de salida: 8 x NEMA 5-15R<br \/>\n&#8211; Indicador visual: Luz LED de estado<\/p>\n","protected":false},"featured_media":19535,"comment_status":"open","ping_status":"closed","template":"","meta":{"jetpack_publicize_message":"","jetpack_publicize_feature_enabled":true,"jetpack_social_post_already_shared":true,"jetpack_social_options":{"image_generator_settings":{"template":"highway","default_image_id":0,"font":"","enabled":false},"version":2}},"pwb-brand":[],"product_brand":[],"product_cat":[179,224],"product_tag":[],"class_list":{"0":"post-19532","1":"product","2":"type-product","3":"status-publish","4":"has-post-thumbnail","6":"product_cat-regulador","7":"product_cat-supresor-sobretensiones","9":"first","10":"instock","11":"taxable","12":"shipping-taxable","13":"purchasable","14":"product-type-simple"},"yoast_head":"<!-- This site is optimized with the Yoast SEO Premium plugin v25.7.1 (Yoast SEO v26.8) - https:\/\/yoast.com\/product\/yoast-seo-premium-wordpress\/ -->\n<title>Protector de Sobretensi\u00f3n 1625W Forza - Mivoot<\/title>\n<meta name=\"robots\" content=\"index, follow, max-snippet:-1, max-image-preview:large, max-video-preview:-1\" \/>\n<link rel=\"canonical\" href=\"https:\/\/mivoot.com\/gt\/producto\/protector-de-sobretension-1625w-forza\/\" \/>\n<meta property=\"og:locale\" content=\"es_ES\" \/>\n<meta property=\"og:type\" content=\"article\" \/>\n<meta property=\"og:title\" content=\"Protector de Sobretensi\u00f3n 1625W Forza\" \/>\n<meta property=\"og:description\" content=\"- Capacidad: 1625W - Voltaje: 110V\/220V - Tipo de entrada: NEMA 5-15P - Tipo de salida: 8 x NEMA 5-15R - Indicador visual: Luz LED de estado\" \/>\n<meta property=\"og:url\" content=\"https:\/\/mivoot.com\/gt\/producto\/protector-de-sobretension-1625w-forza\/\" \/>\n<meta property=\"og:site_name\" content=\"Mivoot\" \/>\n<meta property=\"article:publisher\" content=\"https:\/\/www.facebook.com\/mivootgt\" \/>\n<meta property=\"article:modified_time\" content=\"2024-05-30T04:40:10+00:00\" \/>\n<meta property=\"og:image\" content=\"https:\/\/mivoot.com\/gt\/wp-content\/uploads\/2024\/05\/FSP-821RUSBCW_Det_1.jpg\" \/>\n\t<meta property=\"og:image:width\" content=\"800\" \/>\n\t<meta property=\"og:image:height\" content=\"800\" \/>\n\t<meta property=\"og:image:type\" content=\"image\/jpeg\" \/>\n<meta name=\"twitter:card\" content=\"summary_large_image\" \/>\n<meta name=\"twitter:label1\" content=\"Est. reading time\" \/>\n\t<meta name=\"twitter:data1\" content=\"4 minutos\" \/>\n<script type=\"application\/ld+json\" class=\"yoast-schema-graph\">{\"@context\":\"https:\/\/schema.org\",\"@graph\":[{\"@type\":\"WebPage\",\"@id\":\"https:\/\/mivoot.com\/gt\/producto\/protector-de-sobretension-1625w-forza\/\",\"url\":\"https:\/\/mivoot.com\/gt\/producto\/protector-de-sobretension-1625w-forza\/\",\"name\":\"Protector de Sobretensi\u00f3n 1625W Forza - Mivoot\",\"isPartOf\":{\"@id\":\"https:\/\/mivoot.com\/gt\/#website\"},\"primaryImageOfPage\":{\"@id\":\"https:\/\/mivoot.com\/gt\/producto\/protector-de-sobretension-1625w-forza\/#primaryimage\"},\"image\":{\"@id\":\"https:\/\/mivoot.com\/gt\/producto\/protector-de-sobretension-1625w-forza\/#primaryimage\"},\"thumbnailUrl\":\"https:\/\/mivoot.com\/gt\/wp-content\/uploads\/2024\/05\/FSP-821RUSBCW_Det_1.jpg\",\"datePublished\":\"2024-05-28T00:19:25+00:00\",\"dateModified\":\"2024-05-30T04:40:10+00:00\",\"breadcrumb\":{\"@id\":\"https:\/\/mivoot.com\/gt\/producto\/protector-de-sobretension-1625w-forza\/#breadcrumb\"},\"inLanguage\":\"es\",\"potentialAction\":[{\"@type\":\"ReadAction\",\"target\":[\"https:\/\/mivoot.com\/gt\/producto\/protector-de-sobretension-1625w-forza\/\"]}]},{\"@type\":\"ImageObject\",\"inLanguage\":\"es\",\"@id\":\"https:\/\/mivoot.com\/gt\/producto\/protector-de-sobretension-1625w-forza\/#primaryimage\",\"url\":\"https:\/\/mivoot.com\/gt\/wp-content\/uploads\/2024\/05\/FSP-821RUSBCW_Det_1.jpg\",\"contentUrl\":\"https:\/\/mivoot.com\/gt\/wp-content\/uploads\/2024\/05\/FSP-821RUSBCW_Det_1.jpg\",\"width\":800,\"height\":800},{\"@type\":\"BreadcrumbList\",\"@id\":\"https:\/\/mivoot.com\/gt\/producto\/protector-de-sobretension-1625w-forza\/#breadcrumb\",\"itemListElement\":[{\"@type\":\"ListItem\",\"position\":1,\"name\":\"Inicio\",\"item\":\"https:\/\/mivoot.com\/gt\/\"},{\"@type\":\"ListItem\",\"position\":2,\"name\":\"Productos\",\"item\":\"https:\/\/mivoot.com\/gt\/producto\/\"},{\"@type\":\"ListItem\",\"position\":3,\"name\":\"Protector de Sobretensi\u00f3n 1625W Forza\"}]},{\"@type\":\"WebSite\",\"@id\":\"https:\/\/mivoot.com\/gt\/#website\",\"url\":\"https:\/\/mivoot.com\/gt\/\",\"name\":\"Mivoot\",\"description\":\"Mivoot Guatemala | Tienda Online\",\"publisher\":{\"@id\":\"https:\/\/mivoot.com\/gt\/#organization\"},\"alternateName\":\"mivoot\",\"potentialAction\":[{\"@type\":\"SearchAction\",\"target\":{\"@type\":\"EntryPoint\",\"urlTemplate\":\"https:\/\/mivoot.com\/gt\/?s={search_term_string}\"},\"query-input\":{\"@type\":\"PropertyValueSpecification\",\"valueRequired\":true,\"valueName\":\"search_term_string\"}}],\"inLanguage\":\"es\"},{\"@type\":\"Organization\",\"@id\":\"https:\/\/mivoot.com\/gt\/#organization\",\"name\":\"Mivoot Guatemala\",\"alternateName\":\"mivoot.com\",\"url\":\"https:\/\/mivoot.com\/gt\/\",\"logo\":{\"@type\":\"ImageObject\",\"inLanguage\":\"es\",\"@id\":\"https:\/\/mivoot.com\/gt\/#\/schema\/logo\/image\/\",\"url\":\"https:\/\/mivoot.com\/gt\/wp-content\/uploads\/2023\/03\/cropped-icon.png\",\"contentUrl\":\"https:\/\/mivoot.com\/gt\/wp-content\/uploads\/2023\/03\/cropped-icon.png\",\"width\":512,\"height\":512,\"caption\":\"Mivoot Guatemala\"},\"image\":{\"@id\":\"https:\/\/mivoot.com\/gt\/#\/schema\/logo\/image\/\"},\"sameAs\":[\"https:\/\/www.facebook.com\/mivootgt\",\"https:\/\/instagram.com\/mivoot\"]}]}<\/script>\n<!-- \/ Yoast SEO Premium plugin. -->","yoast_head_json":{"title":"Protector de Sobretensi\u00f3n 1625W Forza - Mivoot","robots":{"index":"index","follow":"follow","max-snippet":"max-snippet:-1","max-image-preview":"max-image-preview:large","max-video-preview":"max-video-preview:-1"},"canonical":"https:\/\/mivoot.com\/gt\/producto\/protector-de-sobretension-1625w-forza\/","og_locale":"es_ES","og_type":"article","og_title":"Protector de Sobretensi\u00f3n 1625W Forza","og_description":"- Capacidad: 1625W - Voltaje: 110V\/220V - Tipo de entrada: NEMA 5-15P - Tipo de salida: 8 x NEMA 5-15R - Indicador visual: Luz LED de estado","og_url":"https:\/\/mivoot.com\/gt\/producto\/protector-de-sobretension-1625w-forza\/","og_site_name":"Mivoot","article_publisher":"https:\/\/www.facebook.com\/mivootgt","article_modified_time":"2024-05-30T04:40:10+00:00","og_image":[{"width":800,"height":800,"url":"https:\/\/mivoot.com\/gt\/wp-content\/uploads\/2024\/05\/FSP-821RUSBCW_Det_1.jpg","type":"image\/jpeg"}],"twitter_card":"summary_large_image","twitter_misc":{"Est. reading time":"4 minutos"},"schema":{"@context":"https:\/\/schema.org","@graph":[{"@type":"WebPage","@id":"https:\/\/mivoot.com\/gt\/producto\/protector-de-sobretension-1625w-forza\/","url":"https:\/\/mivoot.com\/gt\/producto\/protector-de-sobretension-1625w-forza\/","name":"Protector de Sobretensi\u00f3n 1625W Forza - Mivoot","isPartOf":{"@id":"https:\/\/mivoot.com\/gt\/#website"},"primaryImageOfPage":{"@id":"https:\/\/mivoot.com\/gt\/producto\/protector-de-sobretension-1625w-forza\/#primaryimage"},"image":{"@id":"https:\/\/mivoot.com\/gt\/producto\/protector-de-sobretension-1625w-forza\/#primaryimage"},"thumbnailUrl":"https:\/\/mivoot.com\/gt\/wp-content\/uploads\/2024\/05\/FSP-821RUSBCW_Det_1.jpg","datePublished":"2024-05-28T00:19:25+00:00","dateModified":"2024-05-30T04:40:10+00:00","breadcrumb":{"@id":"https:\/\/mivoot.com\/gt\/producto\/protector-de-sobretension-1625w-forza\/#breadcrumb"},"inLanguage":"es","potentialAction":[{"@type":"ReadAction","target":["https:\/\/mivoot.com\/gt\/producto\/protector-de-sobretension-1625w-forza\/"]}]},{"@type":"ImageObject","inLanguage":"es","@id":"https:\/\/mivoot.com\/gt\/producto\/protector-de-sobretension-1625w-forza\/#primaryimage","url":"https:\/\/mivoot.com\/gt\/wp-content\/uploads\/2024\/05\/FSP-821RUSBCW_Det_1.jpg","contentUrl":"https:\/\/mivoot.com\/gt\/wp-content\/uploads\/2024\/05\/FSP-821RUSBCW_Det_1.jpg","width":800,"height":800},{"@type":"BreadcrumbList","@id":"https:\/\/mivoot.com\/gt\/producto\/protector-de-sobretension-1625w-forza\/#breadcrumb","itemListElement":[{"@type":"ListItem","position":1,"name":"Inicio","item":"https:\/\/mivoot.com\/gt\/"},{"@type":"ListItem","position":2,"name":"Productos","item":"https:\/\/mivoot.com\/gt\/producto\/"},{"@type":"ListItem","position":3,"name":"Protector de Sobretensi\u00f3n 1625W Forza"}]},{"@type":"WebSite","@id":"https:\/\/mivoot.com\/gt\/#website","url":"https:\/\/mivoot.com\/gt\/","name":"Mivoot","description":"Mivoot Guatemala | Tienda Online","publisher":{"@id":"https:\/\/mivoot.com\/gt\/#organization"},"alternateName":"mivoot","potentialAction":[{"@type":"SearchAction","target":{"@type":"EntryPoint","urlTemplate":"https:\/\/mivoot.com\/gt\/?s={search_term_string}"},"query-input":{"@type":"PropertyValueSpecification","valueRequired":true,"valueName":"search_term_string"}}],"inLanguage":"es"},{"@type":"Organization","@id":"https:\/\/mivoot.com\/gt\/#organization","name":"Mivoot Guatemala","alternateName":"mivoot.com","url":"https:\/\/mivoot.com\/gt\/","logo":{"@type":"ImageObject","inLanguage":"es","@id":"https:\/\/mivoot.com\/gt\/#\/schema\/logo\/image\/","url":"https:\/\/mivoot.com\/gt\/wp-content\/uploads\/2023\/03\/cropped-icon.png","contentUrl":"https:\/\/mivoot.com\/gt\/wp-content\/uploads\/2023\/03\/cropped-icon.png","width":512,"height":512,"caption":"Mivoot Guatemala"},"image":{"@id":"https:\/\/mivoot.com\/gt\/#\/schema\/logo\/image\/"},"sameAs":["https:\/\/www.facebook.com\/mivootgt","https:\/\/instagram.com\/mivoot"]}]}},"jetpack_publicize_connections":[],"jetpack_sharing_enabled":true,"brands":[],"_links":{"self":[{"href":"https:\/\/mivoot.com\/gt\/wp-json\/wp\/v2\/product\/19532","targetHints":{"allow":["GET"]}}],"collection":[{"href":"https:\/\/mivoot.com\/gt\/wp-json\/wp\/v2\/product"}],"about":[{"href":"https:\/\/mivoot.com\/gt\/wp-json\/wp\/v2\/types\/product"}],"replies":[{"embeddable":true,"href":"https:\/\/mivoot.com\/gt\/wp-json\/wp\/v2\/comments?post=19532"}],"version-history":[{"count":1,"href":"https:\/\/mivoot.com\/gt\/wp-json\/wp\/v2\/product\/19532\/revisions"}],"predecessor-version":[{"id":19539,"href":"https:\/\/mivoot.com\/gt\/wp-json\/wp\/v2\/product\/19532\/revisions\/19539"}],"wp:featuredmedia":[{"embeddable":true,"href":"https:\/\/mivoot.com\/gt\/wp-json\/wp\/v2\/media\/19535"}],"wp:attachment":[{"href":"https:\/\/mivoot.com\/gt\/wp-json\/wp\/v2\/media?parent=19532"}],"wp:term":[{"taxonomy":"pwb-brand","embeddable":true,"href":"https:\/\/mivoot.com\/gt\/wp-json\/wp\/v2\/pwb-brand?post=19532"},{"taxonomy":"product_brand","embeddable":true,"href":"https:\/\/mivoot.com\/gt\/wp-json\/wp\/v2\/product_brand?post=19532"},{"taxonomy":"product_cat","embeddable":true,"href":"https:\/\/mivoot.com\/gt\/wp-json\/wp\/v2\/product_cat?post=19532"},{"taxonomy":"product_tag","embeddable":true,"href":"https:\/\/mivoot.com\/gt\/wp-json\/wp\/v2\/product_tag?post=19532"}],"curies":[{"name":"wp","href":"https:\/\/api.w.org\/{rel}","templated":true}]}}