{"id":19540,"date":"2024-05-27T18:26:33","date_gmt":"2024-05-28T00:26:33","guid":{"rendered":"https:\/\/mivoot.com\/gt\/?post_type=product&#038;p=19540"},"modified":"2024-05-27T18:26:34","modified_gmt":"2024-05-28T00:26:34","slug":"monitor-ip-4-3-tactil-kh6110-hikvision","status":"publish","type":"product","link":"https:\/\/mivoot.com\/gt\/producto\/monitor-ip-4-3-tactil-kh6110-hikvision\/","title":{"rendered":"Monitor IP 4.3&#8243; T\u00e1ctil KH6110 Hikvision"},"content":{"rendered":"<h4><span class=\"tech-specs-items-description__title--heading\"><span>Par\u00e1metros Del Sistema<\/span><\/span><\/h4>\n<ul class=\"tech-specs-items-description\" data-target=\"System parameters\">\n<li class=\"tech-specs-items-description-list\"><span class=\"tech-specs-items-description__title\"><span>Sistema Operativo<\/span><\/span><span class=\"tech-specs-items-description__title-details\"><span>Sistema operativo Linux integrado<\/span><\/span><\/li>\n<li class=\"tech-specs-items-description-list\"><span class=\"tech-specs-items-description__title\"><span>ROM<\/span><\/span><span class=\"tech-specs-items-description__title-details\"><span>16 megas<\/span><\/span><\/li>\n<li class=\"tech-specs-items-description-list\"><span class=\"tech-specs-items-description__title\"><span>RAM<\/span><\/span><span class=\"tech-specs-items-description__title-details\"><span>128 megas<\/span><\/span><\/li>\n<li class=\"tech-specs-items-description-list\"><span class=\"tech-specs-items-description__title\"><span>UPC<\/span><\/span><span class=\"tech-specs-items-description__title-details\"><span>Procesador integrado<\/span><\/span><\/li>\n<\/ul>\n<h4><span class=\"tech-specs-items-description__title--heading\"><span>Par\u00e1metros De Pantalla<\/span><\/span><\/h4>\n<ul class=\"tech-specs-items-description\" data-target=\"Display parameters\">\n<li class=\"tech-specs-items-description-list\"><span class=\"tech-specs-items-description__title\"><span>Tama\u00f1o De Pantalla<\/span><\/span><span class=\"tech-specs-items-description__title-details\"><span>Pantalla TFT colorida de 4,3 pulgadas<\/span><\/span><\/li>\n<li class=\"tech-specs-items-description-list\"><span class=\"tech-specs-items-description__title\">M\u00e9todo De Operaci\u00f3n<\/span><span class=\"tech-specs-items-description__title-details\"><span>Pantalla t\u00e1ctil capacitiva con 9 botones t\u00e1ctiles<\/span><\/span><\/li>\n<li class=\"tech-specs-items-description-list\"><span class=\"tech-specs-items-description__title\"><span>Tipo<\/span><\/span><span class=\"tech-specs-items-description__title-details\"><span>Pantalla TFT colorida<\/span><\/span><\/li>\n<li class=\"tech-specs-items-description-list\"><span class=\"tech-specs-items-description__title\"><span>Resoluci\u00f3n<\/span><\/span><span class=\"tech-specs-items-description__title-details\"><span>480 \u00d7 272<\/span><\/span><\/li>\n<\/ul>\n<h4><span class=\"tech-specs-items-description__title--heading\"><span>Par\u00e1metros De V\u00eddeo<\/span><\/span><\/h4>\n<ul class=\"tech-specs-items-description\" data-target=\"Video parameters\">\n<li class=\"tech-specs-items-description-list\"><span class=\"tech-specs-items-description__title\"><span>Primavera<\/span><\/span><span class=\"tech-specs-items-description__title-details\"><span>\/<\/span><\/span><\/li>\n<li class=\"tech-specs-items-description-list\"><span class=\"tech-specs-items-description__title\"><span>Resoluci\u00f3n<\/span><\/span><span class=\"tech-specs-items-description__title-details\"><span>\/<\/span><\/span><\/li>\n<li class=\"tech-specs-items-description-list\"><span class=\"tech-specs-items-description__title\"><span>Campo De Visi\u00f3n<\/span><\/span><span class=\"tech-specs-items-description__title-details\"><span>\/<\/span><\/span><\/li>\n<li class=\"tech-specs-items-description-list\"><span class=\"tech-specs-items-description__title\"><span>WDR<\/span><\/span><span class=\"tech-specs-items-description__title-details\"><span>\/<\/span><\/span><\/li>\n<li class=\"tech-specs-items-description-list\"><span class=\"tech-specs-items-description__title\">Est\u00e1ndar De Compresi\u00f3n De V\u00eddeo<\/span><span class=\"tech-specs-items-description__title-details\"><span>\/<\/span><\/span><\/li>\n<li class=\"tech-specs-items-description-list\"><span class=\"tech-specs-items-description__title\">Longitud Focal<\/span><span class=\"tech-specs-items-description__title-details\"><span>\/<\/span><\/span><\/li>\n<\/ul>\n<h4><span class=\"tech-specs-items-description__title--heading\"><span>Par\u00e1metros De Audio<\/span><\/span><\/h4>\n<ul class=\"tech-specs-items-description\" data-target=\"Audio parameters\">\n<li class=\"tech-specs-items-description-list\"><span class=\"tech-specs-items-description__title\">Est\u00e1ndar De Compresi\u00f3n De Audio<\/span><span class=\"tech-specs-items-description__title-details\"><span>G.711 U, G.711 A<\/span><\/span><\/li>\n<li class=\"tech-specs-items-description-list\"><span class=\"tech-specs-items-description__title\">Entrada De Audio<\/span><span class=\"tech-specs-items-description__title-details\"><span>Micr\u00f3fono omnidireccional incorporado<\/span><\/span><\/li>\n<li class=\"tech-specs-items-description-list\"><span class=\"tech-specs-items-description__title\">Salida De Audio<\/span><span class=\"tech-specs-items-description__title-details\"><span>Altavoz incorporado<\/span><\/span><\/li>\n<li class=\"tech-specs-items-description-list\"><span class=\"tech-specs-items-description__title\">Tasa De Compresi\u00f3n De Audio<\/span><span class=\"tech-specs-items-description__title-details\"><span>64 kbps<\/span><\/span><\/li>\n<li class=\"tech-specs-items-description-list\"><span class=\"tech-specs-items-description__title\">Calidad De Audio<\/span><span class=\"tech-specs-items-description__title-details\"><span>Supresi\u00f3n de ruido y cancelaci\u00f3n de eco.<\/span><\/span><\/li>\n<li class=\"tech-specs-items-description-list\"><span class=\"tech-specs-items-description__title\">Ajuste De Vol\u00famen<\/span><span class=\"tech-specs-items-description__title-details\"><span>Ajustabl<\/span><\/span><\/li>\n<\/ul>\n<h4><span class=\"tech-specs-items-description__title--heading\"><span>Capacidad<\/span><\/span><\/h4>\n<ul class=\"tech-specs-items-description\" data-target=\"Capacity\">\n<li class=\"tech-specs-items-description-list\"><span class=\"tech-specs-items-description__title\">Capacidad De Eventos<\/span><span class=\"tech-specs-items-description__title-details\"><span>200<\/span><\/span><\/li>\n<li class=\"tech-specs-items-description-list\"><span class=\"tech-specs-items-description__title\"><span>Capacidad De Aviso<\/span><\/span><span class=\"tech-specs-items-description__title-details\"><span>200<\/span><\/span><\/li>\n<li class=\"tech-specs-items-description-list\"><span class=\"tech-specs-items-description__title\"><span>Capacidad De Extensiones Interiores Vinculadas<\/span><\/span><span class=\"tech-specs-items-description__title-details\"><span>diecis\u00e9is<\/span><\/span><\/li>\n<\/ul>\n<h4><span class=\"tech-specs-items-description__title--heading\"><span>Par\u00e1metros De Red<\/span><\/span><\/h4>\n<ul class=\"tech-specs-items-description\" data-target=\"Network parameters\">\n<li class=\"tech-specs-items-description-list\"><span class=\"tech-specs-items-description__title\">Protocolo De Comunicaci\u00f3n<\/span><span class=\"tech-specs-items-description__title-details\"><span>TCP\/IP, SIP, RTSP<\/span><\/span><\/li>\n<li class=\"tech-specs-items-description-list\"><span class=\"tech-specs-items-description__title\"><span>Est\u00e1ndar Wifi<\/span><\/span><span class=\"tech-specs-items-description__title-details\"><span>Wi-Fi 802.11 b\/g\/n, 2,4 GHz<\/span><\/span><\/li>\n<li class=\"tech-specs-items-description-list\"><span class=\"tech-specs-items-description__title\"><span>Versi\u00f3n Bluetooth<\/span><\/span><span class=\"tech-specs-items-description__title-details\"><span>\/<\/span><\/span><\/li>\n<li class=\"tech-specs-items-description-list\"><span class=\"tech-specs-items-description__title\"><span>Est\u00e1ndar 3G\/4G<\/span><\/span><span class=\"tech-specs-items-description__title-details\"><span>\/<\/span><\/span><\/li>\n<li class=\"tech-specs-items-description-list\"><span class=\"tech-specs-items-description__title\"><span>Zigbee<\/span><\/span><span class=\"tech-specs-items-description__title-details\"><span>\/<\/span><\/span><\/li>\n<\/ul>\n<h4><span class=\"tech-specs-items-description__title--heading\"><span>Interfaz De Dispositivos<\/span><\/span><\/h4>\n<ul class=\"tech-specs-items-description\" data-target=\"Device interfaces\">\n<li class=\"tech-specs-items-description-list\"><span class=\"tech-specs-items-description__title\">Entrada De Alarma<\/span><span class=\"tech-specs-items-description__title-details\"><span>\/<\/span><\/span><\/li>\n<li class=\"tech-specs-items-description-list\"><span class=\"tech-specs-items-description__title\">Interfaz De Red<\/span><span class=\"tech-specs-items-description__title-details\"><span>1 RJ-45 10\/100 Mbps autoadaptativo<\/span><\/span><\/li>\n<li class=\"tech-specs-items-description-list\"><span class=\"tech-specs-items-description__title\"><span>Manosear<\/span><\/span><span class=\"tech-specs-items-description__title-details\"><span>\/<\/span><\/span><\/li>\n<li class=\"tech-specs-items-description-list\"><span class=\"tech-specs-items-description__title\"><span>RS-485<\/span><\/span><span class=\"tech-specs-items-description__title-details\"><span>\/<\/span><\/span><\/li>\n<li class=\"tech-specs-items-description-list\"><span class=\"tech-specs-items-description__title\"><span>USB<\/span><\/span><span class=\"tech-specs-items-description__title-details\"><span>\/<\/span><\/span><\/li>\n<li class=\"tech-specs-items-description-list\"><span class=\"tech-specs-items-description__title\">Tarjeta TF<\/span><span class=\"tech-specs-items-description__title-details\"><span>\/<\/span><\/span><\/li>\n<li class=\"tech-specs-items-description-list\"><span class=\"tech-specs-items-description__title\">Salida De Alarma<\/span><span class=\"tech-specs-items-description__title-details\"><span>\/<\/span><\/span><\/li>\n<\/ul>\n<ul class=\"tech-specs-items-description\" data-target=\"General\">\n<li class=\"tech-specs-items-description-list\"><span class=\"tech-specs-items-description__title--heading\"><span>General<\/span><\/span><\/li>\n<li class=\"tech-specs-items-description-list\"><span class=\"tech-specs-items-description__title\">Bot\u00f3n<\/span><span class=\"tech-specs-items-description__title-details\"><span>9 botones t\u00e1ctiles<\/span><\/span><\/li>\n<li class=\"tech-specs-items-description-list\"><span class=\"tech-specs-items-description__title\"><span>Instalaci\u00f3n<\/span><\/span><span class=\"tech-specs-items-description__title-details\"><span>Montaje en pared, montaje en mesa<\/span><\/span><\/li>\n<li class=\"tech-specs-items-description-list\"><span class=\"tech-specs-items-description__title\">Indicador<\/span><span class=\"tech-specs-items-description__title-details\"><span>0<\/span><\/span><\/li>\n<li class=\"tech-specs-items-description-list\">\n<p class=\"mb-p\"><span>Con paquete: 336,6 g<\/span><\/p>\n<p class=\"mb-p\"><span>Sin paquete: 197,8 g<\/span><\/p>\n<\/li>\n<li class=\"tech-specs-items-description-list\"><span class=\"tech-specs-items-description__title\">Nivel De Protecci\u00f3n<\/span><span class=\"tech-specs-items-description__title-details\"><span>\/<\/span><\/span><\/li>\n<li class=\"tech-specs-items-description-list\"><span class=\"tech-specs-items-description__title\">Temperatura De Trabajo<\/span><span class=\"tech-specs-items-description__title-details\"><span>-10 \u00b0C a 50 \u00b0C (14 \u00b0F a 122 \u00b0F)<\/span><\/span><\/li>\n<li class=\"tech-specs-items-description-list\"><span class=\"tech-specs-items-description__title\">Humedad De Trabajo<\/span><span class=\"tech-specs-items-description__title-details\"><span>10% a 90%<\/span><\/span><\/li>\n<li class=\"tech-specs-items-description-list\"><span class=\"tech-specs-items-description__title\">Dimensiones<\/span><span class=\"tech-specs-items-description__title-details\"><span>120 mm \u00d7 120 mm \u00d7 21 mm (4,7&#8243; \u00d7 4,7&#8243; \u00d7 0,83&#8243;)<\/span><\/span><\/li>\n<li class=\"tech-specs-items-description-list\"><span class=\"tech-specs-items-description__title\">Entorno De Aplicaci\u00f3n<\/span><span class=\"tech-specs-items-description__title-details\"><span>Interior<\/span><\/span><\/li>\n<li class=\"tech-specs-items-description-list\"><span class=\"tech-specs-items-description__title\">Consumo De Energ\u00eda<\/span><span class=\"tech-specs-items-description__title-details\"><span>\u2264 4W<\/span><\/span><\/li>\n<li class=\"tech-specs-items-description-list\"><span class=\"tech-specs-items-description__title\"><span>Idioma<\/span><\/span><span class=\"tech-specs-items-description__title-details\"><span>Ingl\u00e9s, franc\u00e9s, portugu\u00e9s, portugu\u00e9s (Brasil), espa\u00f1ol, ruso, alem\u00e1n, italiano, polaco, turco, vietnamita, \u00e1rabe, checo, h\u00fangaro, holand\u00e9s, rumano, b\u00falgaro, ucraniano, croata, serbio, griego, lituano, estonio, let\u00f3n , dan\u00e9s noruego, esloveno, eslovaco, sueco, finland\u00e9s, chino tradicional, mongol, hebreo, kazajo, uzbeko<\/span><\/span><\/li>\n<\/ul>\n","protected":false},"excerpt":{"rendered":"<p>&#8211; Configuraci\u00f3n f\u00e1cil y r\u00e1pida: dise\u00f1o f\u00e1cil de usar<br \/>\n&#8211; Pantalla t\u00e1ctil colorida de 4,3 pulgadas con resoluci\u00f3n 480 \u00d7 272<br \/>\n&#8211; Fuente de alimentaci\u00f3n PoE est\u00e1ndar sin adaptador de corriente adicional<br \/>\n&#8211; C\u00f3modo control m\u00f3vil de la aplicaci\u00f3n Hik-Connect<br \/>\n&#8211; Visualiza v\u00eddeos en directo de estaciones de puerta y c\u00e1maras vinculadas.<br \/>\n&#8211; Conveniente para que los usuarios personalicen funciones seg\u00fan sus propios h\u00e1bitos de uso mediante 4 botones t\u00e1ctiles personalizados<\/p>\n","protected":false},"featured_media":19543,"comment_status":"open","ping_status":"closed","template":"","meta":{"jetpack_publicize_message":"","jetpack_publicize_feature_enabled":true,"jetpack_social_post_already_shared":true,"jetpack_social_options":{"image_generator_settings":{"template":"highway","default_image_id":0,"font":"","enabled":false},"version":2}},"pwb-brand":[113],"product_brand":[],"product_cat":[356],"product_tag":[],"class_list":{"0":"post-19540","1":"product","2":"type-product","3":"status-publish","4":"has-post-thumbnail","6":"pwb-brand-hikvision","7":"product_cat-video-portero","9":"first","10":"instock","11":"taxable","12":"shipping-taxable","13":"purchasable","14":"product-type-simple"},"yoast_head":"<!-- This site is optimized with the Yoast SEO Premium plugin v25.7.1 (Yoast SEO v26.8) - https:\/\/yoast.com\/product\/yoast-seo-premium-wordpress\/ -->\n<title>Monitor IP 4.3&quot; T\u00e1ctil KH6110 Hikvision - Mivoot<\/title>\n<meta name=\"robots\" content=\"index, follow, max-snippet:-1, max-image-preview:large, max-video-preview:-1\" \/>\n<link rel=\"canonical\" href=\"https:\/\/mivoot.com\/gt\/producto\/monitor-ip-4-3-tactil-kh6110-hikvision\/\" \/>\n<meta property=\"og:locale\" content=\"es_ES\" \/>\n<meta property=\"og:type\" content=\"article\" \/>\n<meta property=\"og:title\" content=\"Monitor IP 4.3&quot; T\u00e1ctil KH6110 Hikvision\" \/>\n<meta property=\"og:description\" content=\"- Configuraci\u00f3n f\u00e1cil y r\u00e1pida: dise\u00f1o f\u00e1cil de usar - Pantalla t\u00e1ctil colorida de 4,3 pulgadas con resoluci\u00f3n 480 \u00d7 272 - Fuente de alimentaci\u00f3n PoE est\u00e1ndar sin adaptador de corriente adicional - C\u00f3modo control m\u00f3vil de la aplicaci\u00f3n Hik-Connect - Visualiza v\u00eddeos en directo de estaciones de puerta y c\u00e1maras vinculadas. - Conveniente para que los usuarios personalicen funciones seg\u00fan sus propios h\u00e1bitos de uso mediante 4 botones t\u00e1ctiles personalizados\" \/>\n<meta property=\"og:url\" content=\"https:\/\/mivoot.com\/gt\/producto\/monitor-ip-4-3-tactil-kh6110-hikvision\/\" \/>\n<meta property=\"og:site_name\" content=\"Mivoot\" \/>\n<meta property=\"article:publisher\" content=\"https:\/\/www.facebook.com\/mivootgt\" \/>\n<meta property=\"article:modified_time\" content=\"2024-05-28T00:26:34+00:00\" \/>\n<meta property=\"og:image\" content=\"https:\/\/mivoot.com\/gt\/wp-content\/uploads\/2024\/05\/KH6100-\u53f3\u4fa745\u5ea6.png.thumb_.1280.1280.png\" \/>\n\t<meta property=\"og:image:width\" content=\"800\" \/>\n\t<meta property=\"og:image:height\" content=\"450\" \/>\n\t<meta property=\"og:image:type\" content=\"image\/png\" \/>\n<meta name=\"twitter:card\" content=\"summary_large_image\" \/>\n<meta name=\"twitter:label1\" content=\"Est. reading time\" \/>\n\t<meta name=\"twitter:data1\" content=\"2 minutos\" \/>\n<script type=\"application\/ld+json\" class=\"yoast-schema-graph\">{\"@context\":\"https:\/\/schema.org\",\"@graph\":[{\"@type\":\"WebPage\",\"@id\":\"https:\/\/mivoot.com\/gt\/producto\/monitor-ip-4-3-tactil-kh6110-hikvision\/\",\"url\":\"https:\/\/mivoot.com\/gt\/producto\/monitor-ip-4-3-tactil-kh6110-hikvision\/\",\"name\":\"Monitor IP 4.3\\\" T\u00e1ctil KH6110 Hikvision - Mivoot\",\"isPartOf\":{\"@id\":\"https:\/\/mivoot.com\/gt\/#website\"},\"primaryImageOfPage\":{\"@id\":\"https:\/\/mivoot.com\/gt\/producto\/monitor-ip-4-3-tactil-kh6110-hikvision\/#primaryimage\"},\"image\":{\"@id\":\"https:\/\/mivoot.com\/gt\/producto\/monitor-ip-4-3-tactil-kh6110-hikvision\/#primaryimage\"},\"thumbnailUrl\":\"https:\/\/mivoot.com\/gt\/wp-content\/uploads\/2024\/05\/KH6100-\u53f3\u4fa745\u5ea6.png.thumb_.1280.1280.png\",\"datePublished\":\"2024-05-28T00:26:33+00:00\",\"dateModified\":\"2024-05-28T00:26:34+00:00\",\"breadcrumb\":{\"@id\":\"https:\/\/mivoot.com\/gt\/producto\/monitor-ip-4-3-tactil-kh6110-hikvision\/#breadcrumb\"},\"inLanguage\":\"es\",\"potentialAction\":[{\"@type\":\"ReadAction\",\"target\":[\"https:\/\/mivoot.com\/gt\/producto\/monitor-ip-4-3-tactil-kh6110-hikvision\/\"]}]},{\"@type\":\"ImageObject\",\"inLanguage\":\"es\",\"@id\":\"https:\/\/mivoot.com\/gt\/producto\/monitor-ip-4-3-tactil-kh6110-hikvision\/#primaryimage\",\"url\":\"https:\/\/mivoot.com\/gt\/wp-content\/uploads\/2024\/05\/KH6100-\u53f3\u4fa745\u5ea6.png.thumb_.1280.1280.png\",\"contentUrl\":\"https:\/\/mivoot.com\/gt\/wp-content\/uploads\/2024\/05\/KH6100-\u53f3\u4fa745\u5ea6.png.thumb_.1280.1280.png\",\"width\":800,\"height\":450},{\"@type\":\"BreadcrumbList\",\"@id\":\"https:\/\/mivoot.com\/gt\/producto\/monitor-ip-4-3-tactil-kh6110-hikvision\/#breadcrumb\",\"itemListElement\":[{\"@type\":\"ListItem\",\"position\":1,\"name\":\"Inicio\",\"item\":\"https:\/\/mivoot.com\/gt\/\"},{\"@type\":\"ListItem\",\"position\":2,\"name\":\"Productos\",\"item\":\"https:\/\/mivoot.com\/gt\/producto\/\"},{\"@type\":\"ListItem\",\"position\":3,\"name\":\"Hikvision\",\"item\":\"https:\/\/mivoot.com\/gt\/marca\/hikvision\/\"},{\"@type\":\"ListItem\",\"position\":4,\"name\":\"Monitor IP 4.3&#8243; T\u00e1ctil KH6110 Hikvision\"}]},{\"@type\":\"WebSite\",\"@id\":\"https:\/\/mivoot.com\/gt\/#website\",\"url\":\"https:\/\/mivoot.com\/gt\/\",\"name\":\"Mivoot\",\"description\":\"Mivoot Guatemala | Tienda Online\",\"publisher\":{\"@id\":\"https:\/\/mivoot.com\/gt\/#organization\"},\"alternateName\":\"mivoot\",\"potentialAction\":[{\"@type\":\"SearchAction\",\"target\":{\"@type\":\"EntryPoint\",\"urlTemplate\":\"https:\/\/mivoot.com\/gt\/?s={search_term_string}\"},\"query-input\":{\"@type\":\"PropertyValueSpecification\",\"valueRequired\":true,\"valueName\":\"search_term_string\"}}],\"inLanguage\":\"es\"},{\"@type\":\"Organization\",\"@id\":\"https:\/\/mivoot.com\/gt\/#organization\",\"name\":\"Mivoot Guatemala\",\"alternateName\":\"mivoot.com\",\"url\":\"https:\/\/mivoot.com\/gt\/\",\"logo\":{\"@type\":\"ImageObject\",\"inLanguage\":\"es\",\"@id\":\"https:\/\/mivoot.com\/gt\/#\/schema\/logo\/image\/\",\"url\":\"https:\/\/mivoot.com\/gt\/wp-content\/uploads\/2023\/03\/cropped-icon.png\",\"contentUrl\":\"https:\/\/mivoot.com\/gt\/wp-content\/uploads\/2023\/03\/cropped-icon.png\",\"width\":512,\"height\":512,\"caption\":\"Mivoot Guatemala\"},\"image\":{\"@id\":\"https:\/\/mivoot.com\/gt\/#\/schema\/logo\/image\/\"},\"sameAs\":[\"https:\/\/www.facebook.com\/mivootgt\",\"https:\/\/instagram.com\/mivoot\"]}]}<\/script>\n<!-- \/ Yoast SEO Premium plugin. -->","yoast_head_json":{"title":"Monitor IP 4.3\" T\u00e1ctil KH6110 Hikvision - Mivoot","robots":{"index":"index","follow":"follow","max-snippet":"max-snippet:-1","max-image-preview":"max-image-preview:large","max-video-preview":"max-video-preview:-1"},"canonical":"https:\/\/mivoot.com\/gt\/producto\/monitor-ip-4-3-tactil-kh6110-hikvision\/","og_locale":"es_ES","og_type":"article","og_title":"Monitor IP 4.3\" T\u00e1ctil KH6110 Hikvision","og_description":"- Configuraci\u00f3n f\u00e1cil y r\u00e1pida: dise\u00f1o f\u00e1cil de usar - Pantalla t\u00e1ctil colorida de 4,3 pulgadas con resoluci\u00f3n 480 \u00d7 272 - Fuente de alimentaci\u00f3n PoE est\u00e1ndar sin adaptador de corriente adicional - C\u00f3modo control m\u00f3vil de la aplicaci\u00f3n Hik-Connect - Visualiza v\u00eddeos en directo de estaciones de puerta y c\u00e1maras vinculadas. - Conveniente para que los usuarios personalicen funciones seg\u00fan sus propios h\u00e1bitos de uso mediante 4 botones t\u00e1ctiles personalizados","og_url":"https:\/\/mivoot.com\/gt\/producto\/monitor-ip-4-3-tactil-kh6110-hikvision\/","og_site_name":"Mivoot","article_publisher":"https:\/\/www.facebook.com\/mivootgt","article_modified_time":"2024-05-28T00:26:34+00:00","og_image":[{"width":800,"height":450,"url":"https:\/\/mivoot.com\/gt\/wp-content\/uploads\/2024\/05\/KH6100-\u53f3\u4fa745\u5ea6.png.thumb_.1280.1280.png","type":"image\/png"}],"twitter_card":"summary_large_image","twitter_misc":{"Est. reading time":"2 minutos"},"schema":{"@context":"https:\/\/schema.org","@graph":[{"@type":"WebPage","@id":"https:\/\/mivoot.com\/gt\/producto\/monitor-ip-4-3-tactil-kh6110-hikvision\/","url":"https:\/\/mivoot.com\/gt\/producto\/monitor-ip-4-3-tactil-kh6110-hikvision\/","name":"Monitor IP 4.3\" T\u00e1ctil KH6110 Hikvision - Mivoot","isPartOf":{"@id":"https:\/\/mivoot.com\/gt\/#website"},"primaryImageOfPage":{"@id":"https:\/\/mivoot.com\/gt\/producto\/monitor-ip-4-3-tactil-kh6110-hikvision\/#primaryimage"},"image":{"@id":"https:\/\/mivoot.com\/gt\/producto\/monitor-ip-4-3-tactil-kh6110-hikvision\/#primaryimage"},"thumbnailUrl":"https:\/\/mivoot.com\/gt\/wp-content\/uploads\/2024\/05\/KH6100-\u53f3\u4fa745\u5ea6.png.thumb_.1280.1280.png","datePublished":"2024-05-28T00:26:33+00:00","dateModified":"2024-05-28T00:26:34+00:00","breadcrumb":{"@id":"https:\/\/mivoot.com\/gt\/producto\/monitor-ip-4-3-tactil-kh6110-hikvision\/#breadcrumb"},"inLanguage":"es","potentialAction":[{"@type":"ReadAction","target":["https:\/\/mivoot.com\/gt\/producto\/monitor-ip-4-3-tactil-kh6110-hikvision\/"]}]},{"@type":"ImageObject","inLanguage":"es","@id":"https:\/\/mivoot.com\/gt\/producto\/monitor-ip-4-3-tactil-kh6110-hikvision\/#primaryimage","url":"https:\/\/mivoot.com\/gt\/wp-content\/uploads\/2024\/05\/KH6100-\u53f3\u4fa745\u5ea6.png.thumb_.1280.1280.png","contentUrl":"https:\/\/mivoot.com\/gt\/wp-content\/uploads\/2024\/05\/KH6100-\u53f3\u4fa745\u5ea6.png.thumb_.1280.1280.png","width":800,"height":450},{"@type":"BreadcrumbList","@id":"https:\/\/mivoot.com\/gt\/producto\/monitor-ip-4-3-tactil-kh6110-hikvision\/#breadcrumb","itemListElement":[{"@type":"ListItem","position":1,"name":"Inicio","item":"https:\/\/mivoot.com\/gt\/"},{"@type":"ListItem","position":2,"name":"Productos","item":"https:\/\/mivoot.com\/gt\/producto\/"},{"@type":"ListItem","position":3,"name":"Hikvision","item":"https:\/\/mivoot.com\/gt\/marca\/hikvision\/"},{"@type":"ListItem","position":4,"name":"Monitor IP 4.3&#8243; T\u00e1ctil KH6110 Hikvision"}]},{"@type":"WebSite","@id":"https:\/\/mivoot.com\/gt\/#website","url":"https:\/\/mivoot.com\/gt\/","name":"Mivoot","description":"Mivoot Guatemala | Tienda Online","publisher":{"@id":"https:\/\/mivoot.com\/gt\/#organization"},"alternateName":"mivoot","potentialAction":[{"@type":"SearchAction","target":{"@type":"EntryPoint","urlTemplate":"https:\/\/mivoot.com\/gt\/?s={search_term_string}"},"query-input":{"@type":"PropertyValueSpecification","valueRequired":true,"valueName":"search_term_string"}}],"inLanguage":"es"},{"@type":"Organization","@id":"https:\/\/mivoot.com\/gt\/#organization","name":"Mivoot Guatemala","alternateName":"mivoot.com","url":"https:\/\/mivoot.com\/gt\/","logo":{"@type":"ImageObject","inLanguage":"es","@id":"https:\/\/mivoot.com\/gt\/#\/schema\/logo\/image\/","url":"https:\/\/mivoot.com\/gt\/wp-content\/uploads\/2023\/03\/cropped-icon.png","contentUrl":"https:\/\/mivoot.com\/gt\/wp-content\/uploads\/2023\/03\/cropped-icon.png","width":512,"height":512,"caption":"Mivoot Guatemala"},"image":{"@id":"https:\/\/mivoot.com\/gt\/#\/schema\/logo\/image\/"},"sameAs":["https:\/\/www.facebook.com\/mivootgt","https:\/\/instagram.com\/mivoot"]}]}},"jetpack_publicize_connections":[],"jetpack_sharing_enabled":true,"brands":[{"id":113,"name":"Hikvision","slug":"hikvision"}],"_links":{"self":[{"href":"https:\/\/mivoot.com\/gt\/wp-json\/wp\/v2\/product\/19540","targetHints":{"allow":["GET"]}}],"collection":[{"href":"https:\/\/mivoot.com\/gt\/wp-json\/wp\/v2\/product"}],"about":[{"href":"https:\/\/mivoot.com\/gt\/wp-json\/wp\/v2\/types\/product"}],"replies":[{"embeddable":true,"href":"https:\/\/mivoot.com\/gt\/wp-json\/wp\/v2\/comments?post=19540"}],"version-history":[{"count":2,"href":"https:\/\/mivoot.com\/gt\/wp-json\/wp\/v2\/product\/19540\/revisions"}],"predecessor-version":[{"id":19546,"href":"https:\/\/mivoot.com\/gt\/wp-json\/wp\/v2\/product\/19540\/revisions\/19546"}],"wp:featuredmedia":[{"embeddable":true,"href":"https:\/\/mivoot.com\/gt\/wp-json\/wp\/v2\/media\/19543"}],"wp:attachment":[{"href":"https:\/\/mivoot.com\/gt\/wp-json\/wp\/v2\/media?parent=19540"}],"wp:term":[{"taxonomy":"pwb-brand","embeddable":true,"href":"https:\/\/mivoot.com\/gt\/wp-json\/wp\/v2\/pwb-brand?post=19540"},{"taxonomy":"product_brand","embeddable":true,"href":"https:\/\/mivoot.com\/gt\/wp-json\/wp\/v2\/product_brand?post=19540"},{"taxonomy":"product_cat","embeddable":true,"href":"https:\/\/mivoot.com\/gt\/wp-json\/wp\/v2\/product_cat?post=19540"},{"taxonomy":"product_tag","embeddable":true,"href":"https:\/\/mivoot.com\/gt\/wp-json\/wp\/v2\/product_tag?post=19540"}],"curies":[{"name":"wp","href":"https:\/\/api.w.org\/{rel}","templated":true}]}}