{"id":19701,"date":"2024-06-11T16:59:08","date_gmt":"2024-06-11T22:59:08","guid":{"rendered":"https:\/\/mivoot.com\/gt\/?post_type=product&#038;p=19701"},"modified":"2024-06-11T16:59:49","modified_gmt":"2024-06-11T22:59:49","slug":"sistema-mesh-wi-fi-6-ax1800-deco-x20-2pack-tplink","status":"publish","type":"product","link":"https:\/\/mivoot.com\/gt\/producto\/sistema-mesh-wi-fi-6-ax1800-deco-x20-2pack-tplink\/","title":{"rendered":"Sistema Mesh Wi-Fi 6 AX1800 Deco X20 2Pack TpLink"},"content":{"rendered":"<h1>Sistema Wi-Fi 6 Mesh AI para toda la casa AX1800<\/h1>\n<p><img decoding=\"async\" src=\"https:\/\/m.media-amazon.com\/images\/S\/aplus-media-library-service-media\/7436e0a9-a599-429f-a1e9-76690c706263.__CR0,0,1464,600_PT0_SX1464_V1___.png\" alt=\"WiFi 6 Mesh Wireless AX1800 Router- TP-Link Deco X20 (2-Pack)\" \/><\/p>\n<p><img decoding=\"async\" src=\"https:\/\/m.media-amazon.com\/images\/S\/aplus-media\/vc\/1ef26da9-ccf7-4fbd-a536-122f5cd411b0.__CR0,0,1464,600_PT0_SX1464_V1___.png\" alt=\"Faster Speed, Seamless Coverage, More Devices\" \/><\/p>\n<ul>\n<li><strong>Conexiones m\u00e1s r\u00e1pidas:<\/strong> velocidades de Wi-Fi 6 de hasta 1800 Mbps: 1201 Mbps en 5 GHz y 574 Mbps en 2,4 GHz.<\/li>\n<li><strong>Conecte m\u00e1s dispositivos:<\/strong>\u00a0la tecnolog\u00eda OFDMA y MU-MIMO cuadruplica la capacidad para permitir la transmisi\u00f3n simult\u00e1nea a m\u00e1s dispositivos. \u25b3<\/li>\n<li><strong>Cobertura sin interrupciones mejorada:<\/strong>\u00a0logre una cobertura sin interrupciones para todo el hogar con una se\u00f1al de Wi-Fi para todo el hogar m\u00e1s clara y fuerte generada por Wi-Fi 6.<\/li>\n<li><strong>Latencia ultrabaja:<\/strong>\u00a0una mayor reducci\u00f3n de la latencia permite juegos y chats de video m\u00e1s receptivos.<\/li>\n<li><strong>Una red unificada:<\/strong>\u00a0varias unidades forman una red para todo el hogar que selecciona autom\u00e1ticamente la mejor conexi\u00f3n a medida que se desplaza por la casa.<\/li>\n<li><strong>Seguridad total:<\/strong>\u00a0el cifrado WPA3 y TP-Link HomeShield brindan funciones personalizadas, que incluyen controles parentales, antivirus y calidad de servicio (QoS) para garantizar una experiencia en l\u00ednea m\u00e1s segura.<\/li>\n<li><strong>La configuraci\u00f3n es m\u00e1s f\u00e1cil que nunca:<\/strong>\u00a0la aplicaci\u00f3n Deco lo gu\u00eda a trav\u00e9s de la configuraci\u00f3n paso a paso.<\/li>\n<\/ul>\n<h2 class=\"regular\">M\u00e1s velocidad y cobertura con Wi-Fi 6 Mesh AI<\/h2>\n<p>Equipado con la tecnolog\u00eda Wi-Fi 6, el sistema Deco X20\u00a0mejora la pr\u00e1ctica totalidad de los aspectos de la red, como cobertura, velocidad, eficiencia, conectividad y capacidad total.\u00a0<sup>\u25b3<\/sup><\/p>\n<h2 class=\"regular\">Cobertura en toda la casa<\/h2>\n<p>El sistema Deco X20\u00a0crea se\u00f1ales m\u00e1s claras y fuertes gracias a las tecnolog\u00edas BSS Color y Beamforming, As\u00ed aumenta la cobertura Wi-Fi en toda la casa con alta velocidad y estabilidad hasta 370m<sup>2<\/sup>\u00a0(pack de 2 unidades)\u00a0 Adem\u00e1s, el potente backhaul unido al puerto Ethernet vincula las unidades Deco dando una estabilidad la red extraordinaria.Si necesitas ampliar la cobertura, simplemente a\u00f1ade otra unidad Deco.<\/p>\n<p><img decoding=\"async\" class=\"aligncenter lazy-load-active\" src=\"http:\/\/www.instantbyte.com\/blog\/wp-content\/uploads\/2020\/10\/utilidades-1024x480.png\" data-src=\"http:\/\/www.instantbyte.com\/blog\/wp-content\/uploads\/2020\/10\/utilidades-1024x480.png\" \/><\/p>\n<h2 class=\"regular\">Red Roaming \u00fanica bajo un solo nombre de Wi-Fi<\/h2>\n<p>Todas las unidades Deco trabajan juntas para formar una \u00fanica red unificada bajo un mismo nombre y contrase\u00f1a. Tu m\u00f3vil, tablet o consola se conecta autom\u00e1ticamente a la unidad Deco que mejor se\u00f1al pueda ofrecer a medida que te mueves por el hogar, creando una experiencia Wi-Fi verdaderamente perfecta.<\/p>\n<p><img decoding=\"async\" class=\"aligncenter lazy-load-active\" src=\"http:\/\/www.instantbyte.com\/blog\/wp-content\/uploads\/2020\/10\/app-deco-x20-1.png\" data-src=\"http:\/\/www.instantbyte.com\/blog\/wp-content\/uploads\/2020\/10\/app-deco-x20-1.png\" \/><\/p>\n<h2><strong>Funcionamiento del Deco X20<\/strong><\/h2>\n<p>Las unidades Deco funcionan conjuntamente formando una red unificada con un solo nombre de red. Cualquier dispositivo con conexi\u00f3n WiFi, como los m\u00f3viles o tablets, se conectan autom\u00e1ticamente al Deco m\u00e1s pr\u00f3ximo, manteniendo dicha conexi\u00f3n de forma ininterrumpida aunque el usuario se desplace f\u00edsicamente por las instalaciones. Esto evitar\u00e1 que existan \u00e1reas de baja se\u00f1al.<\/p>\n<p>La configuraci\u00f3n de los Deco X20 es muy sencilla y puede hacerse desde el smartphone. S\u00f3lo es necesario descargar la aplicaci\u00f3n y seguir las instrucciones que aparecen en pantalla. De forma autom\u00e1tica, la aplicaci\u00f3n se encargar\u00e1 de dejar lista la conexi\u00f3n de los dispositivos.<\/p>\n<p>&nbsp;<\/p>\n","protected":false},"excerpt":{"rendered":"<p>\u2013 Conexiones m\u00e1s r\u00e1pidas<br \/>\n\u2013 Wi-Fi 6 velocidades de hasta 1,800 Mbps: 1,201 Mbps en 5 GHz y 574 Mbps en 2.4 GHz.<br \/>\n\u2013 Disfrute de la cobertura de Wi-Fi de hasta 530 m2<br \/>\n\u2013 Conecta m\u00e1s dispositivos.<br \/>\n\u2013 Tecnolog\u00eda OFDMA y MU-MIMO.<br \/>\n\u2013 Cobertura continua mejorada.<br \/>\n\u2013 Latencia utrabaja para mejor respuesta en videollamadas y juegos.<br \/>\n\u2013 Red unificada para proporcionar mejores conexiones.<br \/>\n\u2013 Seguridad total con cifrado WPA3 y TP-Link HomeCare.<br \/>\n\u2013 Configuraci\u00f3n simplificada a trav\u00e9s de app disponible para Google e iOs.<\/p>\n","protected":false},"featured_media":19693,"comment_status":"open","ping_status":"closed","template":"","meta":{"jetpack_publicize_message":"","jetpack_publicize_feature_enabled":true,"jetpack_social_post_already_shared":true,"jetpack_social_options":{"image_generator_settings":{"template":"highway","default_image_id":0,"font":"","enabled":false},"version":2}},"pwb-brand":[320],"product_brand":[],"product_cat":[17],"product_tag":[],"class_list":{"0":"post-19701","1":"product","2":"type-product","3":"status-publish","4":"has-post-thumbnail","6":"pwb-brand-tp-link","7":"product_cat-redes-e-internet","9":"first","10":"instock","11":"taxable","12":"shipping-taxable","13":"purchasable","14":"product-type-simple"},"yoast_head":"<!-- This site is optimized with the Yoast SEO Premium plugin v25.7.1 (Yoast SEO v26.8) - https:\/\/yoast.com\/product\/yoast-seo-premium-wordpress\/ -->\n<title>Sistema Mesh Wi-Fi 6 AX1800 Deco X20 2Pack TpLink - Mivoot<\/title>\n<meta name=\"robots\" content=\"index, follow, max-snippet:-1, max-image-preview:large, max-video-preview:-1\" \/>\n<link rel=\"canonical\" href=\"https:\/\/mivoot.com\/gt\/producto\/sistema-mesh-wi-fi-6-ax1800-deco-x20-2pack-tplink\/\" \/>\n<meta property=\"og:locale\" content=\"es_ES\" \/>\n<meta property=\"og:type\" content=\"article\" \/>\n<meta property=\"og:title\" content=\"Sistema Mesh Wi-Fi 6 AX1800 Deco X20 2Pack TpLink\" \/>\n<meta property=\"og:description\" content=\"\u2013 Conexiones m\u00e1s r\u00e1pidas \u2013 Wi-Fi 6 velocidades de hasta 1,800 Mbps: 1,201 Mbps en 5 GHz y 574 Mbps en 2.4 GHz. \u2013 Disfrute de la cobertura de Wi-Fi de hasta 530 m2 \u2013 Conecta m\u00e1s dispositivos. \u2013 Tecnolog\u00eda OFDMA y MU-MIMO. \u2013 Cobertura continua mejorada. \u2013 Latencia utrabaja para mejor respuesta en videollamadas y juegos. \u2013 Red unificada para proporcionar mejores conexiones. \u2013 Seguridad total con cifrado WPA3 y TP-Link HomeCare. \u2013 Configuraci\u00f3n simplificada a trav\u00e9s de app disponible para Google e iOs.\" \/>\n<meta property=\"og:url\" content=\"https:\/\/mivoot.com\/gt\/producto\/sistema-mesh-wi-fi-6-ax1800-deco-x20-2pack-tplink\/\" \/>\n<meta property=\"og:site_name\" content=\"Mivoot\" \/>\n<meta property=\"article:publisher\" content=\"https:\/\/www.facebook.com\/mivootgt\" \/>\n<meta property=\"article:modified_time\" content=\"2024-06-11T22:59:49+00:00\" \/>\n<meta property=\"og:image\" content=\"https:\/\/mivoot.com\/gt\/wp-content\/uploads\/2024\/06\/Deco-X20-2PACK-01.jpg\" \/>\n\t<meta property=\"og:image:width\" content=\"1000\" \/>\n\t<meta property=\"og:image:height\" content=\"1000\" \/>\n\t<meta property=\"og:image:type\" content=\"image\/jpeg\" \/>\n<meta name=\"twitter:card\" content=\"summary_large_image\" \/>\n<meta name=\"twitter:label1\" content=\"Est. reading time\" \/>\n\t<meta name=\"twitter:data1\" content=\"3 minutos\" \/>\n<script type=\"application\/ld+json\" class=\"yoast-schema-graph\">{\"@context\":\"https:\/\/schema.org\",\"@graph\":[{\"@type\":\"WebPage\",\"@id\":\"https:\/\/mivoot.com\/gt\/producto\/sistema-mesh-wi-fi-6-ax1800-deco-x20-2pack-tplink\/\",\"url\":\"https:\/\/mivoot.com\/gt\/producto\/sistema-mesh-wi-fi-6-ax1800-deco-x20-2pack-tplink\/\",\"name\":\"Sistema Mesh Wi-Fi 6 AX1800 Deco X20 2Pack TpLink - Mivoot\",\"isPartOf\":{\"@id\":\"https:\/\/mivoot.com\/gt\/#website\"},\"primaryImageOfPage\":{\"@id\":\"https:\/\/mivoot.com\/gt\/producto\/sistema-mesh-wi-fi-6-ax1800-deco-x20-2pack-tplink\/#primaryimage\"},\"image\":{\"@id\":\"https:\/\/mivoot.com\/gt\/producto\/sistema-mesh-wi-fi-6-ax1800-deco-x20-2pack-tplink\/#primaryimage\"},\"thumbnailUrl\":\"https:\/\/mivoot.com\/gt\/wp-content\/uploads\/2024\/06\/Deco-X20-2PACK-01.jpg\",\"datePublished\":\"2024-06-11T22:59:08+00:00\",\"dateModified\":\"2024-06-11T22:59:49+00:00\",\"breadcrumb\":{\"@id\":\"https:\/\/mivoot.com\/gt\/producto\/sistema-mesh-wi-fi-6-ax1800-deco-x20-2pack-tplink\/#breadcrumb\"},\"inLanguage\":\"es\",\"potentialAction\":[{\"@type\":\"ReadAction\",\"target\":[\"https:\/\/mivoot.com\/gt\/producto\/sistema-mesh-wi-fi-6-ax1800-deco-x20-2pack-tplink\/\"]}]},{\"@type\":\"ImageObject\",\"inLanguage\":\"es\",\"@id\":\"https:\/\/mivoot.com\/gt\/producto\/sistema-mesh-wi-fi-6-ax1800-deco-x20-2pack-tplink\/#primaryimage\",\"url\":\"https:\/\/mivoot.com\/gt\/wp-content\/uploads\/2024\/06\/Deco-X20-2PACK-01.jpg\",\"contentUrl\":\"https:\/\/mivoot.com\/gt\/wp-content\/uploads\/2024\/06\/Deco-X20-2PACK-01.jpg\",\"width\":1000,\"height\":1000},{\"@type\":\"BreadcrumbList\",\"@id\":\"https:\/\/mivoot.com\/gt\/producto\/sistema-mesh-wi-fi-6-ax1800-deco-x20-2pack-tplink\/#breadcrumb\",\"itemListElement\":[{\"@type\":\"ListItem\",\"position\":1,\"name\":\"Inicio\",\"item\":\"https:\/\/mivoot.com\/gt\/\"},{\"@type\":\"ListItem\",\"position\":2,\"name\":\"Productos\",\"item\":\"https:\/\/mivoot.com\/gt\/producto\/\"},{\"@type\":\"ListItem\",\"position\":3,\"name\":\"TP-Link\",\"item\":\"https:\/\/mivoot.com\/gt\/marca\/tp-link\/\"},{\"@type\":\"ListItem\",\"position\":4,\"name\":\"Sistema Mesh Wi-Fi 6 AX1800 Deco X20 2Pack TpLink\"}]},{\"@type\":\"WebSite\",\"@id\":\"https:\/\/mivoot.com\/gt\/#website\",\"url\":\"https:\/\/mivoot.com\/gt\/\",\"name\":\"Mivoot\",\"description\":\"Mivoot Guatemala | Tienda Online\",\"publisher\":{\"@id\":\"https:\/\/mivoot.com\/gt\/#organization\"},\"alternateName\":\"mivoot\",\"potentialAction\":[{\"@type\":\"SearchAction\",\"target\":{\"@type\":\"EntryPoint\",\"urlTemplate\":\"https:\/\/mivoot.com\/gt\/?s={search_term_string}\"},\"query-input\":{\"@type\":\"PropertyValueSpecification\",\"valueRequired\":true,\"valueName\":\"search_term_string\"}}],\"inLanguage\":\"es\"},{\"@type\":\"Organization\",\"@id\":\"https:\/\/mivoot.com\/gt\/#organization\",\"name\":\"Mivoot Guatemala\",\"alternateName\":\"mivoot.com\",\"url\":\"https:\/\/mivoot.com\/gt\/\",\"logo\":{\"@type\":\"ImageObject\",\"inLanguage\":\"es\",\"@id\":\"https:\/\/mivoot.com\/gt\/#\/schema\/logo\/image\/\",\"url\":\"https:\/\/mivoot.com\/gt\/wp-content\/uploads\/2023\/03\/cropped-icon.png\",\"contentUrl\":\"https:\/\/mivoot.com\/gt\/wp-content\/uploads\/2023\/03\/cropped-icon.png\",\"width\":512,\"height\":512,\"caption\":\"Mivoot Guatemala\"},\"image\":{\"@id\":\"https:\/\/mivoot.com\/gt\/#\/schema\/logo\/image\/\"},\"sameAs\":[\"https:\/\/www.facebook.com\/mivootgt\",\"https:\/\/instagram.com\/mivoot\"]}]}<\/script>\n<!-- \/ Yoast SEO Premium plugin. -->","yoast_head_json":{"title":"Sistema Mesh Wi-Fi 6 AX1800 Deco X20 2Pack TpLink - Mivoot","robots":{"index":"index","follow":"follow","max-snippet":"max-snippet:-1","max-image-preview":"max-image-preview:large","max-video-preview":"max-video-preview:-1"},"canonical":"https:\/\/mivoot.com\/gt\/producto\/sistema-mesh-wi-fi-6-ax1800-deco-x20-2pack-tplink\/","og_locale":"es_ES","og_type":"article","og_title":"Sistema Mesh Wi-Fi 6 AX1800 Deco X20 2Pack TpLink","og_description":"\u2013 Conexiones m\u00e1s r\u00e1pidas \u2013 Wi-Fi 6 velocidades de hasta 1,800 Mbps: 1,201 Mbps en 5 GHz y 574 Mbps en 2.4 GHz. \u2013 Disfrute de la cobertura de Wi-Fi de hasta 530 m2 \u2013 Conecta m\u00e1s dispositivos. \u2013 Tecnolog\u00eda OFDMA y MU-MIMO. \u2013 Cobertura continua mejorada. \u2013 Latencia utrabaja para mejor respuesta en videollamadas y juegos. \u2013 Red unificada para proporcionar mejores conexiones. \u2013 Seguridad total con cifrado WPA3 y TP-Link HomeCare. \u2013 Configuraci\u00f3n simplificada a trav\u00e9s de app disponible para Google e iOs.","og_url":"https:\/\/mivoot.com\/gt\/producto\/sistema-mesh-wi-fi-6-ax1800-deco-x20-2pack-tplink\/","og_site_name":"Mivoot","article_publisher":"https:\/\/www.facebook.com\/mivootgt","article_modified_time":"2024-06-11T22:59:49+00:00","og_image":[{"width":1000,"height":1000,"url":"https:\/\/mivoot.com\/gt\/wp-content\/uploads\/2024\/06\/Deco-X20-2PACK-01.jpg","type":"image\/jpeg"}],"twitter_card":"summary_large_image","twitter_misc":{"Est. reading time":"3 minutos"},"schema":{"@context":"https:\/\/schema.org","@graph":[{"@type":"WebPage","@id":"https:\/\/mivoot.com\/gt\/producto\/sistema-mesh-wi-fi-6-ax1800-deco-x20-2pack-tplink\/","url":"https:\/\/mivoot.com\/gt\/producto\/sistema-mesh-wi-fi-6-ax1800-deco-x20-2pack-tplink\/","name":"Sistema Mesh Wi-Fi 6 AX1800 Deco X20 2Pack TpLink - Mivoot","isPartOf":{"@id":"https:\/\/mivoot.com\/gt\/#website"},"primaryImageOfPage":{"@id":"https:\/\/mivoot.com\/gt\/producto\/sistema-mesh-wi-fi-6-ax1800-deco-x20-2pack-tplink\/#primaryimage"},"image":{"@id":"https:\/\/mivoot.com\/gt\/producto\/sistema-mesh-wi-fi-6-ax1800-deco-x20-2pack-tplink\/#primaryimage"},"thumbnailUrl":"https:\/\/mivoot.com\/gt\/wp-content\/uploads\/2024\/06\/Deco-X20-2PACK-01.jpg","datePublished":"2024-06-11T22:59:08+00:00","dateModified":"2024-06-11T22:59:49+00:00","breadcrumb":{"@id":"https:\/\/mivoot.com\/gt\/producto\/sistema-mesh-wi-fi-6-ax1800-deco-x20-2pack-tplink\/#breadcrumb"},"inLanguage":"es","potentialAction":[{"@type":"ReadAction","target":["https:\/\/mivoot.com\/gt\/producto\/sistema-mesh-wi-fi-6-ax1800-deco-x20-2pack-tplink\/"]}]},{"@type":"ImageObject","inLanguage":"es","@id":"https:\/\/mivoot.com\/gt\/producto\/sistema-mesh-wi-fi-6-ax1800-deco-x20-2pack-tplink\/#primaryimage","url":"https:\/\/mivoot.com\/gt\/wp-content\/uploads\/2024\/06\/Deco-X20-2PACK-01.jpg","contentUrl":"https:\/\/mivoot.com\/gt\/wp-content\/uploads\/2024\/06\/Deco-X20-2PACK-01.jpg","width":1000,"height":1000},{"@type":"BreadcrumbList","@id":"https:\/\/mivoot.com\/gt\/producto\/sistema-mesh-wi-fi-6-ax1800-deco-x20-2pack-tplink\/#breadcrumb","itemListElement":[{"@type":"ListItem","position":1,"name":"Inicio","item":"https:\/\/mivoot.com\/gt\/"},{"@type":"ListItem","position":2,"name":"Productos","item":"https:\/\/mivoot.com\/gt\/producto\/"},{"@type":"ListItem","position":3,"name":"TP-Link","item":"https:\/\/mivoot.com\/gt\/marca\/tp-link\/"},{"@type":"ListItem","position":4,"name":"Sistema Mesh Wi-Fi 6 AX1800 Deco X20 2Pack TpLink"}]},{"@type":"WebSite","@id":"https:\/\/mivoot.com\/gt\/#website","url":"https:\/\/mivoot.com\/gt\/","name":"Mivoot","description":"Mivoot Guatemala | Tienda Online","publisher":{"@id":"https:\/\/mivoot.com\/gt\/#organization"},"alternateName":"mivoot","potentialAction":[{"@type":"SearchAction","target":{"@type":"EntryPoint","urlTemplate":"https:\/\/mivoot.com\/gt\/?s={search_term_string}"},"query-input":{"@type":"PropertyValueSpecification","valueRequired":true,"valueName":"search_term_string"}}],"inLanguage":"es"},{"@type":"Organization","@id":"https:\/\/mivoot.com\/gt\/#organization","name":"Mivoot Guatemala","alternateName":"mivoot.com","url":"https:\/\/mivoot.com\/gt\/","logo":{"@type":"ImageObject","inLanguage":"es","@id":"https:\/\/mivoot.com\/gt\/#\/schema\/logo\/image\/","url":"https:\/\/mivoot.com\/gt\/wp-content\/uploads\/2023\/03\/cropped-icon.png","contentUrl":"https:\/\/mivoot.com\/gt\/wp-content\/uploads\/2023\/03\/cropped-icon.png","width":512,"height":512,"caption":"Mivoot Guatemala"},"image":{"@id":"https:\/\/mivoot.com\/gt\/#\/schema\/logo\/image\/"},"sameAs":["https:\/\/www.facebook.com\/mivootgt","https:\/\/instagram.com\/mivoot"]}]}},"jetpack_publicize_connections":[],"jetpack_sharing_enabled":true,"brands":[{"id":320,"name":"TP-Link","slug":"tp-link"}],"_links":{"self":[{"href":"https:\/\/mivoot.com\/gt\/wp-json\/wp\/v2\/product\/19701","targetHints":{"allow":["GET"]}}],"collection":[{"href":"https:\/\/mivoot.com\/gt\/wp-json\/wp\/v2\/product"}],"about":[{"href":"https:\/\/mivoot.com\/gt\/wp-json\/wp\/v2\/types\/product"}],"replies":[{"embeddable":true,"href":"https:\/\/mivoot.com\/gt\/wp-json\/wp\/v2\/comments?post=19701"}],"version-history":[{"count":2,"href":"https:\/\/mivoot.com\/gt\/wp-json\/wp\/v2\/product\/19701\/revisions"}],"predecessor-version":[{"id":19704,"href":"https:\/\/mivoot.com\/gt\/wp-json\/wp\/v2\/product\/19701\/revisions\/19704"}],"wp:featuredmedia":[{"embeddable":true,"href":"https:\/\/mivoot.com\/gt\/wp-json\/wp\/v2\/media\/19693"}],"wp:attachment":[{"href":"https:\/\/mivoot.com\/gt\/wp-json\/wp\/v2\/media?parent=19701"}],"wp:term":[{"taxonomy":"pwb-brand","embeddable":true,"href":"https:\/\/mivoot.com\/gt\/wp-json\/wp\/v2\/pwb-brand?post=19701"},{"taxonomy":"product_brand","embeddable":true,"href":"https:\/\/mivoot.com\/gt\/wp-json\/wp\/v2\/product_brand?post=19701"},{"taxonomy":"product_cat","embeddable":true,"href":"https:\/\/mivoot.com\/gt\/wp-json\/wp\/v2\/product_cat?post=19701"},{"taxonomy":"product_tag","embeddable":true,"href":"https:\/\/mivoot.com\/gt\/wp-json\/wp\/v2\/product_tag?post=19701"}],"curies":[{"name":"wp","href":"https:\/\/api.w.org\/{rel}","templated":true}]}}