{"id":19878,"date":"2024-06-17T15:39:12","date_gmt":"2024-06-17T21:39:12","guid":{"rendered":"https:\/\/mivoot.com\/gt\/?post_type=product&#038;p=19878"},"modified":"2024-07-23T12:20:21","modified_gmt":"2024-07-23T18:20:21","slug":"enfriador-de-aire-evaporativo-digital-10l-oster","status":"publish","type":"product","link":"https:\/\/mivoot.com\/gt\/producto\/enfriador-de-aire-evaporativo-digital-10l-oster\/","title":{"rendered":"Enfriador de Aire Evaporativo Digital 10L Oster"},"content":{"rendered":"<p><span>Mant\u00e9ngase fresco en todo momento con el enfriador de aire digital Oster. Su capacidad de 10 litros ofrece una potente refrigeraci\u00f3n de 8 m3\/min. Con 70 vatios de potencia, es energ\u00e9ticamente eficiente, y su dise\u00f1o compacto y moderno se adapta perfectamente a cualquier hogar. El panel de control t\u00e1ctil facilita su uso y la funci\u00f3n Auto Off Timer es una caracter\u00edstica \u00fatil para ahorrar energ\u00eda. \u00a1Haga que su hogar sea fresco y c\u00f3modo con este elegante enfriador de aire Oster!<\/span><\/p>\n<p><span>Caracter\u00edsticas Principales:<\/span><\/p>\n<ul>\n<li><span>Potente y Eficiente: Capacidad de refrigeraci\u00f3n de 8 m3\/min y 70 vatios de potencia<\/span><\/li>\n<li><span>Dise\u00f1o Moderno y Compacto: Se adapta perfectamente a cualquier espacio de tu hogar.<\/span><\/li>\n<li><span>Panel de control t\u00e1ctil: f\u00e1cil de usar para un control preciso.<\/span><\/li>\n<li><span>Ahorro de energ\u00eda: Temporizador de apagado autom\u00e1tico para un uso eficiente de la energ\u00eda.<\/span><\/li>\n<\/ul>\n<p><img decoding=\"async\" src=\"https:\/\/walmartgt.vtexassets.com\/arquivos\/ids\/283955-800-450?v=637922221289130000&amp;width=800&amp;height=450&amp;aspect=true\" alt=\"Comprar Oster Enfriador Evaporativo 10 Litros | Walmart Guatemala\" \/><\/p>\n","protected":false},"excerpt":{"rendered":"<p>&#8211; 3 Velocidades y Ventilador<br \/>\n&#8211; Capacidad de enfriamiento de 8 m\u00b3\/min<br \/>\n&#8211; Ahorro de energia con 70 watts de potencia<br \/>\n&#8211; Dise\u00f1o compacto y Moderno<br \/>\n&#8211; Panel de control t\u00e1ctil<br \/>\n&#8211; Nivel de Presi\u00f3n Sonora: 67 dba<br \/>\n&#8211; Tipo de Control: Digital<br \/>\n&#8211; Voltaje: 110 V \/ 60 Hz<br \/>\n&#8211; Dimensiones del Producto: L 38 cm x W 33.1 x H 74.8 cm<br \/>\n&#8211; Embalaje dimensiones: L 44.6 cm x W 37.8 cm x H 84.2 cm<br \/>\n&#8211; Peso Neto: 8 kg<\/p>\n","protected":false},"featured_media":19881,"comment_status":"open","ping_status":"closed","template":"","meta":{"jetpack_publicize_message":"","jetpack_publicize_feature_enabled":true,"jetpack_social_post_already_shared":true,"jetpack_social_options":{"image_generator_settings":{"template":"highway","default_image_id":0,"font":"","enabled":false},"version":2}},"pwb-brand":[298],"product_brand":[],"product_cat":[289],"product_tag":[],"class_list":{"0":"post-19878","1":"product","2":"type-product","3":"status-publish","4":"has-post-thumbnail","6":"pwb-brand-oster","7":"product_cat-ventiladores-2","9":"first","10":"instock","11":"sale","12":"taxable","13":"shipping-taxable","14":"purchasable","15":"product-type-simple"},"yoast_head":"<!-- This site is optimized with the Yoast SEO Premium plugin v25.7.1 (Yoast SEO v26.8) - https:\/\/yoast.com\/product\/yoast-seo-premium-wordpress\/ -->\n<title>Enfriador de Aire Evaporativo Digital 10L Oster - Mivoot<\/title>\n<meta name=\"robots\" content=\"index, follow, max-snippet:-1, max-image-preview:large, max-video-preview:-1\" \/>\n<link rel=\"canonical\" href=\"https:\/\/mivoot.com\/gt\/producto\/enfriador-de-aire-evaporativo-digital-10l-oster\/\" \/>\n<meta property=\"og:locale\" content=\"es_ES\" \/>\n<meta property=\"og:type\" content=\"article\" \/>\n<meta property=\"og:title\" content=\"Enfriador de Aire Evaporativo Digital 10L Oster\" \/>\n<meta property=\"og:description\" content=\"- 3 Velocidades y Ventilador - Capacidad de enfriamiento de 8 m\u00b3\/min - Ahorro de energia con 70 watts de potencia - Dise\u00f1o compacto y Moderno - Panel de control t\u00e1ctil - Nivel de Presi\u00f3n Sonora: 67 dba - Tipo de Control: Digital - Voltaje: 110 V \/ 60 Hz - Dimensiones del Producto: L 38 cm x W 33.1 x H 74.8 cm - Embalaje dimensiones: L 44.6 cm x W 37.8 cm x H 84.2 cm - Peso Neto: 8 kg\" \/>\n<meta property=\"og:url\" content=\"https:\/\/mivoot.com\/gt\/producto\/enfriador-de-aire-evaporativo-digital-10l-oster\/\" \/>\n<meta property=\"og:site_name\" content=\"Mivoot\" \/>\n<meta property=\"article:publisher\" content=\"https:\/\/www.facebook.com\/mivootgt\" \/>\n<meta property=\"article:modified_time\" content=\"2024-07-23T18:20:21+00:00\" \/>\n<meta property=\"og:image\" content=\"https:\/\/mivoot.com\/gt\/wp-content\/uploads\/2024\/06\/OS-AWMC10LW-02.png\" \/>\n\t<meta property=\"og:image:width\" content=\"900\" \/>\n\t<meta property=\"og:image:height\" content=\"700\" \/>\n\t<meta property=\"og:image:type\" content=\"image\/png\" \/>\n<meta name=\"twitter:card\" content=\"summary_large_image\" \/>\n<meta name=\"twitter:label1\" content=\"Est. reading time\" \/>\n\t<meta name=\"twitter:data1\" content=\"1 minuto\" \/>\n<script type=\"application\/ld+json\" class=\"yoast-schema-graph\">{\"@context\":\"https:\/\/schema.org\",\"@graph\":[{\"@type\":\"WebPage\",\"@id\":\"https:\/\/mivoot.com\/gt\/producto\/enfriador-de-aire-evaporativo-digital-10l-oster\/\",\"url\":\"https:\/\/mivoot.com\/gt\/producto\/enfriador-de-aire-evaporativo-digital-10l-oster\/\",\"name\":\"Enfriador de Aire Evaporativo Digital 10L Oster - Mivoot\",\"isPartOf\":{\"@id\":\"https:\/\/mivoot.com\/gt\/#website\"},\"primaryImageOfPage\":{\"@id\":\"https:\/\/mivoot.com\/gt\/producto\/enfriador-de-aire-evaporativo-digital-10l-oster\/#primaryimage\"},\"image\":{\"@id\":\"https:\/\/mivoot.com\/gt\/producto\/enfriador-de-aire-evaporativo-digital-10l-oster\/#primaryimage\"},\"thumbnailUrl\":\"https:\/\/mivoot.com\/gt\/wp-content\/uploads\/2024\/06\/OS-AWMC10LW-02.png\",\"datePublished\":\"2024-06-17T21:39:12+00:00\",\"dateModified\":\"2024-07-23T18:20:21+00:00\",\"breadcrumb\":{\"@id\":\"https:\/\/mivoot.com\/gt\/producto\/enfriador-de-aire-evaporativo-digital-10l-oster\/#breadcrumb\"},\"inLanguage\":\"es\",\"potentialAction\":[{\"@type\":\"ReadAction\",\"target\":[\"https:\/\/mivoot.com\/gt\/producto\/enfriador-de-aire-evaporativo-digital-10l-oster\/\"]}]},{\"@type\":\"ImageObject\",\"inLanguage\":\"es\",\"@id\":\"https:\/\/mivoot.com\/gt\/producto\/enfriador-de-aire-evaporativo-digital-10l-oster\/#primaryimage\",\"url\":\"https:\/\/mivoot.com\/gt\/wp-content\/uploads\/2024\/06\/OS-AWMC10LW-02.png\",\"contentUrl\":\"https:\/\/mivoot.com\/gt\/wp-content\/uploads\/2024\/06\/OS-AWMC10LW-02.png\",\"width\":900,\"height\":700},{\"@type\":\"BreadcrumbList\",\"@id\":\"https:\/\/mivoot.com\/gt\/producto\/enfriador-de-aire-evaporativo-digital-10l-oster\/#breadcrumb\",\"itemListElement\":[{\"@type\":\"ListItem\",\"position\":1,\"name\":\"Inicio\",\"item\":\"https:\/\/mivoot.com\/gt\/\"},{\"@type\":\"ListItem\",\"position\":2,\"name\":\"Productos\",\"item\":\"https:\/\/mivoot.com\/gt\/producto\/\"},{\"@type\":\"ListItem\",\"position\":3,\"name\":\"Oster\",\"item\":\"https:\/\/mivoot.com\/gt\/marca\/oster\/\"},{\"@type\":\"ListItem\",\"position\":4,\"name\":\"Enfriador de Aire Evaporativo Digital 10L Oster\"}]},{\"@type\":\"WebSite\",\"@id\":\"https:\/\/mivoot.com\/gt\/#website\",\"url\":\"https:\/\/mivoot.com\/gt\/\",\"name\":\"Mivoot\",\"description\":\"Mivoot Guatemala | Tienda Online\",\"publisher\":{\"@id\":\"https:\/\/mivoot.com\/gt\/#organization\"},\"alternateName\":\"mivoot\",\"potentialAction\":[{\"@type\":\"SearchAction\",\"target\":{\"@type\":\"EntryPoint\",\"urlTemplate\":\"https:\/\/mivoot.com\/gt\/?s={search_term_string}\"},\"query-input\":{\"@type\":\"PropertyValueSpecification\",\"valueRequired\":true,\"valueName\":\"search_term_string\"}}],\"inLanguage\":\"es\"},{\"@type\":\"Organization\",\"@id\":\"https:\/\/mivoot.com\/gt\/#organization\",\"name\":\"Mivoot Guatemala\",\"alternateName\":\"mivoot.com\",\"url\":\"https:\/\/mivoot.com\/gt\/\",\"logo\":{\"@type\":\"ImageObject\",\"inLanguage\":\"es\",\"@id\":\"https:\/\/mivoot.com\/gt\/#\/schema\/logo\/image\/\",\"url\":\"https:\/\/mivoot.com\/gt\/wp-content\/uploads\/2023\/03\/cropped-icon.png\",\"contentUrl\":\"https:\/\/mivoot.com\/gt\/wp-content\/uploads\/2023\/03\/cropped-icon.png\",\"width\":512,\"height\":512,\"caption\":\"Mivoot Guatemala\"},\"image\":{\"@id\":\"https:\/\/mivoot.com\/gt\/#\/schema\/logo\/image\/\"},\"sameAs\":[\"https:\/\/www.facebook.com\/mivootgt\",\"https:\/\/instagram.com\/mivoot\"]}]}<\/script>\n<!-- \/ Yoast SEO Premium plugin. -->","yoast_head_json":{"title":"Enfriador de Aire Evaporativo Digital 10L Oster - Mivoot","robots":{"index":"index","follow":"follow","max-snippet":"max-snippet:-1","max-image-preview":"max-image-preview:large","max-video-preview":"max-video-preview:-1"},"canonical":"https:\/\/mivoot.com\/gt\/producto\/enfriador-de-aire-evaporativo-digital-10l-oster\/","og_locale":"es_ES","og_type":"article","og_title":"Enfriador de Aire Evaporativo Digital 10L Oster","og_description":"- 3 Velocidades y Ventilador - Capacidad de enfriamiento de 8 m\u00b3\/min - Ahorro de energia con 70 watts de potencia - Dise\u00f1o compacto y Moderno - Panel de control t\u00e1ctil - Nivel de Presi\u00f3n Sonora: 67 dba - Tipo de Control: Digital - Voltaje: 110 V \/ 60 Hz - Dimensiones del Producto: L 38 cm x W 33.1 x H 74.8 cm - Embalaje dimensiones: L 44.6 cm x W 37.8 cm x H 84.2 cm - Peso Neto: 8 kg","og_url":"https:\/\/mivoot.com\/gt\/producto\/enfriador-de-aire-evaporativo-digital-10l-oster\/","og_site_name":"Mivoot","article_publisher":"https:\/\/www.facebook.com\/mivootgt","article_modified_time":"2024-07-23T18:20:21+00:00","og_image":[{"width":900,"height":700,"url":"https:\/\/mivoot.com\/gt\/wp-content\/uploads\/2024\/06\/OS-AWMC10LW-02.png","type":"image\/png"}],"twitter_card":"summary_large_image","twitter_misc":{"Est. reading time":"1 minuto"},"schema":{"@context":"https:\/\/schema.org","@graph":[{"@type":"WebPage","@id":"https:\/\/mivoot.com\/gt\/producto\/enfriador-de-aire-evaporativo-digital-10l-oster\/","url":"https:\/\/mivoot.com\/gt\/producto\/enfriador-de-aire-evaporativo-digital-10l-oster\/","name":"Enfriador de Aire Evaporativo Digital 10L Oster - Mivoot","isPartOf":{"@id":"https:\/\/mivoot.com\/gt\/#website"},"primaryImageOfPage":{"@id":"https:\/\/mivoot.com\/gt\/producto\/enfriador-de-aire-evaporativo-digital-10l-oster\/#primaryimage"},"image":{"@id":"https:\/\/mivoot.com\/gt\/producto\/enfriador-de-aire-evaporativo-digital-10l-oster\/#primaryimage"},"thumbnailUrl":"https:\/\/mivoot.com\/gt\/wp-content\/uploads\/2024\/06\/OS-AWMC10LW-02.png","datePublished":"2024-06-17T21:39:12+00:00","dateModified":"2024-07-23T18:20:21+00:00","breadcrumb":{"@id":"https:\/\/mivoot.com\/gt\/producto\/enfriador-de-aire-evaporativo-digital-10l-oster\/#breadcrumb"},"inLanguage":"es","potentialAction":[{"@type":"ReadAction","target":["https:\/\/mivoot.com\/gt\/producto\/enfriador-de-aire-evaporativo-digital-10l-oster\/"]}]},{"@type":"ImageObject","inLanguage":"es","@id":"https:\/\/mivoot.com\/gt\/producto\/enfriador-de-aire-evaporativo-digital-10l-oster\/#primaryimage","url":"https:\/\/mivoot.com\/gt\/wp-content\/uploads\/2024\/06\/OS-AWMC10LW-02.png","contentUrl":"https:\/\/mivoot.com\/gt\/wp-content\/uploads\/2024\/06\/OS-AWMC10LW-02.png","width":900,"height":700},{"@type":"BreadcrumbList","@id":"https:\/\/mivoot.com\/gt\/producto\/enfriador-de-aire-evaporativo-digital-10l-oster\/#breadcrumb","itemListElement":[{"@type":"ListItem","position":1,"name":"Inicio","item":"https:\/\/mivoot.com\/gt\/"},{"@type":"ListItem","position":2,"name":"Productos","item":"https:\/\/mivoot.com\/gt\/producto\/"},{"@type":"ListItem","position":3,"name":"Oster","item":"https:\/\/mivoot.com\/gt\/marca\/oster\/"},{"@type":"ListItem","position":4,"name":"Enfriador de Aire Evaporativo Digital 10L Oster"}]},{"@type":"WebSite","@id":"https:\/\/mivoot.com\/gt\/#website","url":"https:\/\/mivoot.com\/gt\/","name":"Mivoot","description":"Mivoot Guatemala | Tienda Online","publisher":{"@id":"https:\/\/mivoot.com\/gt\/#organization"},"alternateName":"mivoot","potentialAction":[{"@type":"SearchAction","target":{"@type":"EntryPoint","urlTemplate":"https:\/\/mivoot.com\/gt\/?s={search_term_string}"},"query-input":{"@type":"PropertyValueSpecification","valueRequired":true,"valueName":"search_term_string"}}],"inLanguage":"es"},{"@type":"Organization","@id":"https:\/\/mivoot.com\/gt\/#organization","name":"Mivoot Guatemala","alternateName":"mivoot.com","url":"https:\/\/mivoot.com\/gt\/","logo":{"@type":"ImageObject","inLanguage":"es","@id":"https:\/\/mivoot.com\/gt\/#\/schema\/logo\/image\/","url":"https:\/\/mivoot.com\/gt\/wp-content\/uploads\/2023\/03\/cropped-icon.png","contentUrl":"https:\/\/mivoot.com\/gt\/wp-content\/uploads\/2023\/03\/cropped-icon.png","width":512,"height":512,"caption":"Mivoot Guatemala"},"image":{"@id":"https:\/\/mivoot.com\/gt\/#\/schema\/logo\/image\/"},"sameAs":["https:\/\/www.facebook.com\/mivootgt","https:\/\/instagram.com\/mivoot"]}]}},"jetpack_publicize_connections":[],"jetpack_sharing_enabled":true,"brands":[{"id":298,"name":"Oster","slug":"oster"}],"_links":{"self":[{"href":"https:\/\/mivoot.com\/gt\/wp-json\/wp\/v2\/product\/19878","targetHints":{"allow":["GET"]}}],"collection":[{"href":"https:\/\/mivoot.com\/gt\/wp-json\/wp\/v2\/product"}],"about":[{"href":"https:\/\/mivoot.com\/gt\/wp-json\/wp\/v2\/types\/product"}],"replies":[{"embeddable":true,"href":"https:\/\/mivoot.com\/gt\/wp-json\/wp\/v2\/comments?post=19878"}],"version-history":[{"count":1,"href":"https:\/\/mivoot.com\/gt\/wp-json\/wp\/v2\/product\/19878\/revisions"}],"predecessor-version":[{"id":19886,"href":"https:\/\/mivoot.com\/gt\/wp-json\/wp\/v2\/product\/19878\/revisions\/19886"}],"wp:featuredmedia":[{"embeddable":true,"href":"https:\/\/mivoot.com\/gt\/wp-json\/wp\/v2\/media\/19881"}],"wp:attachment":[{"href":"https:\/\/mivoot.com\/gt\/wp-json\/wp\/v2\/media?parent=19878"}],"wp:term":[{"taxonomy":"pwb-brand","embeddable":true,"href":"https:\/\/mivoot.com\/gt\/wp-json\/wp\/v2\/pwb-brand?post=19878"},{"taxonomy":"product_brand","embeddable":true,"href":"https:\/\/mivoot.com\/gt\/wp-json\/wp\/v2\/product_brand?post=19878"},{"taxonomy":"product_cat","embeddable":true,"href":"https:\/\/mivoot.com\/gt\/wp-json\/wp\/v2\/product_cat?post=19878"},{"taxonomy":"product_tag","embeddable":true,"href":"https:\/\/mivoot.com\/gt\/wp-json\/wp\/v2\/product_tag?post=19878"}],"curies":[{"name":"wp","href":"https:\/\/api.w.org\/{rel}","templated":true}]}}