{"id":19938,"date":"2024-06-16T17:06:23","date_gmt":"2024-06-16T23:06:23","guid":{"rendered":"https:\/\/mivoot.com\/gt\/?post_type=product&#038;p=19938"},"modified":"2024-06-18T17:16:32","modified_gmt":"2024-06-18T23:16:32","slug":"panel-solar-100-w-coleman","status":"publish","type":"product","link":"https:\/\/mivoot.com\/gt\/producto\/panel-solar-100-w-coleman\/","title":{"rendered":"Panel Solar 100 W Coleman"},"content":{"rendered":"<h2>Panel Solar Port\u00e1til Coleman de 100 W es la combinaci\u00f3n perfecta de eficiencia, durabilidad y versatilidad.<\/h2>\n<p>Con opciones de 12 V \/ 24 V y doble USB-A, este panel es capaz de cargar una amplia gama de dispositivos, desde bater\u00edas de veh\u00edculos hasta smartphones y tablets; su caja de conexiones tiene una calificaci\u00f3n IP67, lo que significa que est\u00e1 completamente protegida contra el polvo y puede soportar la inmersi\u00f3n temporal en agua, asegurando su funcionalidad en una variedad de entornos.<\/p>\n<p>Cuenta con celdas mono-cristalinas de alta eficiencia y ofrece una salida m\u00e1xima de 100 W, capturando la energ\u00eda del sol incluso en condiciones menos ideales.<\/p>\n<p>La eficiencia de estas celdas asegura una mayor producci\u00f3n de energ\u00eda, convirti\u00e9ndolo en una opci\u00f3n ideal para diversas aplicaciones, desde acampar hasta el uso en tu hogar.<\/p>\n<h4 id=\"tw-target-text\" class=\"tw-data-text tw-text-large tw-ta\" dir=\"ltr\" data-placeholder=\"Translation\"><span class=\"Y2IQFc\" lang=\"es\">CARACTER\u00cdSTICAS<\/span><\/h4>\n<ul class=\"a-unordered-list a-vertical a-spacing-mini\">\n<li class=\"a-spacing-mini\"><span class=\"a-list-item\">Ideal para casas rodantes, hogares, barcos, uso de energ\u00eda de respaldo y remoto, carga de bater\u00eda de 12 voltios, estaci\u00f3n de energ\u00eda solar, bombas y equipos de iluminaci\u00f3n; c\u00e9lulas solares cristalinas de alta eficiencia<\/span><\/li>\n<li class=\"a-spacing-mini\"><span class=\"a-list-item\">Incluye controlador de carga de 8.5 amperios que protege la bater\u00eda de sobrecarga; marco de aluminio para uso prolongado en exteriores<\/span><\/li>\n<li class=\"a-spacing-mini\"><span class=\"a-list-item\">resistente a la intemperie para mayor durabilidad<\/span><\/li>\n<li class=\"a-spacing-mini\"><span class=\"a-list-item\">F\u00e1cil de instalar<\/span><\/li>\n<li class=\"a-spacing-mini\"><span class=\"a-list-item\">Potencia m\u00e1xima de salida 100 vatios<\/span><\/li>\n<\/ul>\n","protected":false},"excerpt":{"rendered":"<p>&#8211; Panel Solar 100 W<br \/>\n&#8211; El panel de 1 x 100 W es resistente a la intemperie<br \/>\n&#8211; Hasta 8,5 A de corriente de matriz<br \/>\n&#8211; Mantiene las bater\u00edas de 12 V en un estado de carga completa<br \/>\n&#8211; Proteja la bateria de sobrecarga y descarga<br \/>\n&#8211; Facil de instalar<br \/>\n&#8211; Peso Neto: 6.71 kg \/ 14.8 lb<br \/>\n&#8211; Dimensiones: 102 cm x 67 cm x 3.5 cm.<\/p>\n","protected":false},"featured_media":19940,"comment_status":"open","ping_status":"closed","template":"","meta":{"jetpack_publicize_message":"","jetpack_publicize_feature_enabled":true,"jetpack_social_post_already_shared":true,"jetpack_social_options":{"image_generator_settings":{"template":"highway","default_image_id":0,"font":"","enabled":false},"version":2}},"pwb-brand":[269],"product_brand":[],"product_cat":[409],"product_tag":[],"class_list":{"0":"post-19938","1":"product","2":"type-product","3":"status-publish","4":"has-post-thumbnail","6":"pwb-brand-duracell","7":"product_cat-generador","9":"first","10":"instock","11":"taxable","12":"shipping-taxable","13":"purchasable","14":"product-type-simple"},"yoast_head":"<!-- This site is optimized with the Yoast SEO Premium plugin v25.7.1 (Yoast SEO v26.8) - https:\/\/yoast.com\/product\/yoast-seo-premium-wordpress\/ -->\n<title>Panel Solar 100 W Coleman - Mivoot<\/title>\n<meta name=\"robots\" content=\"index, follow, max-snippet:-1, max-image-preview:large, max-video-preview:-1\" \/>\n<link rel=\"canonical\" href=\"https:\/\/mivoot.com\/gt\/producto\/panel-solar-100-w-coleman\/\" \/>\n<meta property=\"og:locale\" content=\"es_ES\" \/>\n<meta property=\"og:type\" content=\"article\" \/>\n<meta property=\"og:title\" content=\"Panel Solar 100 W Coleman\" \/>\n<meta property=\"og:description\" content=\"- Panel Solar 100 W  - El panel de 1 x 100 W es resistente a la intemperie - Hasta 8,5 A de corriente de matriz - Mantiene las bater\u00edas de 12 V en un estado de carga completa - Proteja la bateria de sobrecarga y descarga - Facil de instalar - Peso Neto: 6.71 kg \/ 14.8 lb - Dimensiones: 102 cm x 67 cm x 3.5 cm.\" \/>\n<meta property=\"og:url\" content=\"https:\/\/mivoot.com\/gt\/producto\/panel-solar-100-w-coleman\/\" \/>\n<meta property=\"og:site_name\" content=\"Mivoot\" \/>\n<meta property=\"article:publisher\" content=\"https:\/\/www.facebook.com\/mivootgt\" \/>\n<meta property=\"article:modified_time\" content=\"2024-06-18T23:16:32+00:00\" \/>\n<meta property=\"og:image\" content=\"https:\/\/mivoot.com\/gt\/wp-content\/uploads\/2024\/06\/colmean-01.jpg\" \/>\n\t<meta property=\"og:image:width\" content=\"500\" \/>\n\t<meta property=\"og:image:height\" content=\"500\" \/>\n\t<meta property=\"og:image:type\" content=\"image\/jpeg\" \/>\n<meta name=\"twitter:card\" content=\"summary_large_image\" \/>\n<meta name=\"twitter:label1\" content=\"Est. reading time\" \/>\n\t<meta name=\"twitter:data1\" content=\"1 minuto\" \/>\n<script type=\"application\/ld+json\" class=\"yoast-schema-graph\">{\"@context\":\"https:\/\/schema.org\",\"@graph\":[{\"@type\":\"WebPage\",\"@id\":\"https:\/\/mivoot.com\/gt\/producto\/panel-solar-100-w-coleman\/\",\"url\":\"https:\/\/mivoot.com\/gt\/producto\/panel-solar-100-w-coleman\/\",\"name\":\"Panel Solar 100 W Coleman - Mivoot\",\"isPartOf\":{\"@id\":\"https:\/\/mivoot.com\/gt\/#website\"},\"primaryImageOfPage\":{\"@id\":\"https:\/\/mivoot.com\/gt\/producto\/panel-solar-100-w-coleman\/#primaryimage\"},\"image\":{\"@id\":\"https:\/\/mivoot.com\/gt\/producto\/panel-solar-100-w-coleman\/#primaryimage\"},\"thumbnailUrl\":\"https:\/\/mivoot.com\/gt\/wp-content\/uploads\/2024\/06\/colmean-01.jpg\",\"datePublished\":\"2024-06-16T23:06:23+00:00\",\"dateModified\":\"2024-06-18T23:16:32+00:00\",\"breadcrumb\":{\"@id\":\"https:\/\/mivoot.com\/gt\/producto\/panel-solar-100-w-coleman\/#breadcrumb\"},\"inLanguage\":\"es\",\"potentialAction\":[{\"@type\":\"ReadAction\",\"target\":[\"https:\/\/mivoot.com\/gt\/producto\/panel-solar-100-w-coleman\/\"]}]},{\"@type\":\"ImageObject\",\"inLanguage\":\"es\",\"@id\":\"https:\/\/mivoot.com\/gt\/producto\/panel-solar-100-w-coleman\/#primaryimage\",\"url\":\"https:\/\/mivoot.com\/gt\/wp-content\/uploads\/2024\/06\/colmean-01.jpg\",\"contentUrl\":\"https:\/\/mivoot.com\/gt\/wp-content\/uploads\/2024\/06\/colmean-01.jpg\",\"width\":500,\"height\":500},{\"@type\":\"BreadcrumbList\",\"@id\":\"https:\/\/mivoot.com\/gt\/producto\/panel-solar-100-w-coleman\/#breadcrumb\",\"itemListElement\":[{\"@type\":\"ListItem\",\"position\":1,\"name\":\"Inicio\",\"item\":\"https:\/\/mivoot.com\/gt\/\"},{\"@type\":\"ListItem\",\"position\":2,\"name\":\"Productos\",\"item\":\"https:\/\/mivoot.com\/gt\/producto\/\"},{\"@type\":\"ListItem\",\"position\":3,\"name\":\"Duracell\",\"item\":\"https:\/\/mivoot.com\/gt\/marca\/duracell\/\"},{\"@type\":\"ListItem\",\"position\":4,\"name\":\"Panel Solar 100 W Coleman\"}]},{\"@type\":\"WebSite\",\"@id\":\"https:\/\/mivoot.com\/gt\/#website\",\"url\":\"https:\/\/mivoot.com\/gt\/\",\"name\":\"Mivoot\",\"description\":\"Mivoot Guatemala | Tienda Online\",\"publisher\":{\"@id\":\"https:\/\/mivoot.com\/gt\/#organization\"},\"alternateName\":\"mivoot\",\"potentialAction\":[{\"@type\":\"SearchAction\",\"target\":{\"@type\":\"EntryPoint\",\"urlTemplate\":\"https:\/\/mivoot.com\/gt\/?s={search_term_string}\"},\"query-input\":{\"@type\":\"PropertyValueSpecification\",\"valueRequired\":true,\"valueName\":\"search_term_string\"}}],\"inLanguage\":\"es\"},{\"@type\":\"Organization\",\"@id\":\"https:\/\/mivoot.com\/gt\/#organization\",\"name\":\"Mivoot Guatemala\",\"alternateName\":\"mivoot.com\",\"url\":\"https:\/\/mivoot.com\/gt\/\",\"logo\":{\"@type\":\"ImageObject\",\"inLanguage\":\"es\",\"@id\":\"https:\/\/mivoot.com\/gt\/#\/schema\/logo\/image\/\",\"url\":\"https:\/\/mivoot.com\/gt\/wp-content\/uploads\/2023\/03\/cropped-icon.png\",\"contentUrl\":\"https:\/\/mivoot.com\/gt\/wp-content\/uploads\/2023\/03\/cropped-icon.png\",\"width\":512,\"height\":512,\"caption\":\"Mivoot Guatemala\"},\"image\":{\"@id\":\"https:\/\/mivoot.com\/gt\/#\/schema\/logo\/image\/\"},\"sameAs\":[\"https:\/\/www.facebook.com\/mivootgt\",\"https:\/\/instagram.com\/mivoot\"]}]}<\/script>\n<!-- \/ Yoast SEO Premium plugin. -->","yoast_head_json":{"title":"Panel Solar 100 W Coleman - Mivoot","robots":{"index":"index","follow":"follow","max-snippet":"max-snippet:-1","max-image-preview":"max-image-preview:large","max-video-preview":"max-video-preview:-1"},"canonical":"https:\/\/mivoot.com\/gt\/producto\/panel-solar-100-w-coleman\/","og_locale":"es_ES","og_type":"article","og_title":"Panel Solar 100 W Coleman","og_description":"- Panel Solar 100 W  - El panel de 1 x 100 W es resistente a la intemperie - Hasta 8,5 A de corriente de matriz - Mantiene las bater\u00edas de 12 V en un estado de carga completa - Proteja la bateria de sobrecarga y descarga - Facil de instalar - Peso Neto: 6.71 kg \/ 14.8 lb - Dimensiones: 102 cm x 67 cm x 3.5 cm.","og_url":"https:\/\/mivoot.com\/gt\/producto\/panel-solar-100-w-coleman\/","og_site_name":"Mivoot","article_publisher":"https:\/\/www.facebook.com\/mivootgt","article_modified_time":"2024-06-18T23:16:32+00:00","og_image":[{"width":500,"height":500,"url":"https:\/\/mivoot.com\/gt\/wp-content\/uploads\/2024\/06\/colmean-01.jpg","type":"image\/jpeg"}],"twitter_card":"summary_large_image","twitter_misc":{"Est. reading time":"1 minuto"},"schema":{"@context":"https:\/\/schema.org","@graph":[{"@type":"WebPage","@id":"https:\/\/mivoot.com\/gt\/producto\/panel-solar-100-w-coleman\/","url":"https:\/\/mivoot.com\/gt\/producto\/panel-solar-100-w-coleman\/","name":"Panel Solar 100 W Coleman - Mivoot","isPartOf":{"@id":"https:\/\/mivoot.com\/gt\/#website"},"primaryImageOfPage":{"@id":"https:\/\/mivoot.com\/gt\/producto\/panel-solar-100-w-coleman\/#primaryimage"},"image":{"@id":"https:\/\/mivoot.com\/gt\/producto\/panel-solar-100-w-coleman\/#primaryimage"},"thumbnailUrl":"https:\/\/mivoot.com\/gt\/wp-content\/uploads\/2024\/06\/colmean-01.jpg","datePublished":"2024-06-16T23:06:23+00:00","dateModified":"2024-06-18T23:16:32+00:00","breadcrumb":{"@id":"https:\/\/mivoot.com\/gt\/producto\/panel-solar-100-w-coleman\/#breadcrumb"},"inLanguage":"es","potentialAction":[{"@type":"ReadAction","target":["https:\/\/mivoot.com\/gt\/producto\/panel-solar-100-w-coleman\/"]}]},{"@type":"ImageObject","inLanguage":"es","@id":"https:\/\/mivoot.com\/gt\/producto\/panel-solar-100-w-coleman\/#primaryimage","url":"https:\/\/mivoot.com\/gt\/wp-content\/uploads\/2024\/06\/colmean-01.jpg","contentUrl":"https:\/\/mivoot.com\/gt\/wp-content\/uploads\/2024\/06\/colmean-01.jpg","width":500,"height":500},{"@type":"BreadcrumbList","@id":"https:\/\/mivoot.com\/gt\/producto\/panel-solar-100-w-coleman\/#breadcrumb","itemListElement":[{"@type":"ListItem","position":1,"name":"Inicio","item":"https:\/\/mivoot.com\/gt\/"},{"@type":"ListItem","position":2,"name":"Productos","item":"https:\/\/mivoot.com\/gt\/producto\/"},{"@type":"ListItem","position":3,"name":"Duracell","item":"https:\/\/mivoot.com\/gt\/marca\/duracell\/"},{"@type":"ListItem","position":4,"name":"Panel Solar 100 W Coleman"}]},{"@type":"WebSite","@id":"https:\/\/mivoot.com\/gt\/#website","url":"https:\/\/mivoot.com\/gt\/","name":"Mivoot","description":"Mivoot Guatemala | Tienda Online","publisher":{"@id":"https:\/\/mivoot.com\/gt\/#organization"},"alternateName":"mivoot","potentialAction":[{"@type":"SearchAction","target":{"@type":"EntryPoint","urlTemplate":"https:\/\/mivoot.com\/gt\/?s={search_term_string}"},"query-input":{"@type":"PropertyValueSpecification","valueRequired":true,"valueName":"search_term_string"}}],"inLanguage":"es"},{"@type":"Organization","@id":"https:\/\/mivoot.com\/gt\/#organization","name":"Mivoot Guatemala","alternateName":"mivoot.com","url":"https:\/\/mivoot.com\/gt\/","logo":{"@type":"ImageObject","inLanguage":"es","@id":"https:\/\/mivoot.com\/gt\/#\/schema\/logo\/image\/","url":"https:\/\/mivoot.com\/gt\/wp-content\/uploads\/2023\/03\/cropped-icon.png","contentUrl":"https:\/\/mivoot.com\/gt\/wp-content\/uploads\/2023\/03\/cropped-icon.png","width":512,"height":512,"caption":"Mivoot Guatemala"},"image":{"@id":"https:\/\/mivoot.com\/gt\/#\/schema\/logo\/image\/"},"sameAs":["https:\/\/www.facebook.com\/mivootgt","https:\/\/instagram.com\/mivoot"]}]}},"jetpack_publicize_connections":[],"jetpack_sharing_enabled":true,"brands":[{"id":269,"name":"Duracell","slug":"duracell"}],"_links":{"self":[{"href":"https:\/\/mivoot.com\/gt\/wp-json\/wp\/v2\/product\/19938","targetHints":{"allow":["GET"]}}],"collection":[{"href":"https:\/\/mivoot.com\/gt\/wp-json\/wp\/v2\/product"}],"about":[{"href":"https:\/\/mivoot.com\/gt\/wp-json\/wp\/v2\/types\/product"}],"replies":[{"embeddable":true,"href":"https:\/\/mivoot.com\/gt\/wp-json\/wp\/v2\/comments?post=19938"}],"version-history":[{"count":1,"href":"https:\/\/mivoot.com\/gt\/wp-json\/wp\/v2\/product\/19938\/revisions"}],"predecessor-version":[{"id":19945,"href":"https:\/\/mivoot.com\/gt\/wp-json\/wp\/v2\/product\/19938\/revisions\/19945"}],"wp:featuredmedia":[{"embeddable":true,"href":"https:\/\/mivoot.com\/gt\/wp-json\/wp\/v2\/media\/19940"}],"wp:attachment":[{"href":"https:\/\/mivoot.com\/gt\/wp-json\/wp\/v2\/media?parent=19938"}],"wp:term":[{"taxonomy":"pwb-brand","embeddable":true,"href":"https:\/\/mivoot.com\/gt\/wp-json\/wp\/v2\/pwb-brand?post=19938"},{"taxonomy":"product_brand","embeddable":true,"href":"https:\/\/mivoot.com\/gt\/wp-json\/wp\/v2\/product_brand?post=19938"},{"taxonomy":"product_cat","embeddable":true,"href":"https:\/\/mivoot.com\/gt\/wp-json\/wp\/v2\/product_cat?post=19938"},{"taxonomy":"product_tag","embeddable":true,"href":"https:\/\/mivoot.com\/gt\/wp-json\/wp\/v2\/product_tag?post=19938"}],"curies":[{"name":"wp","href":"https:\/\/api.w.org\/{rel}","templated":true}]}}