{"id":19946,"date":"2024-06-16T17:17:04","date_gmt":"2024-06-16T23:17:04","guid":{"rendered":"https:\/\/mivoot.com\/gt\/?post_type=product&#038;p=19946"},"modified":"2024-06-18T17:26:05","modified_gmt":"2024-06-18T23:26:05","slug":"panel-solar-200w-plegable-estilo-maletin-duracell","status":"publish","type":"product","link":"https:\/\/mivoot.com\/gt\/producto\/panel-solar-200w-plegable-estilo-maletin-duracell\/","title":{"rendered":"Panel Solar 200W Plegable Estilo Malet\u00edn Duracell"},"content":{"rendered":"<p><img fetchpriority=\"high\" decoding=\"async\" class=\" wp-image-4335956 aligncenter\" src=\"https:\/\/manuals.plus\/wp-content\/uploads\/2022\/09\/DURACELL-logo.png\" alt=\"Logotipo de Duracell.\" width=\"619\" height=\"97\" \/><\/p>\n<p>&nbsp;<\/p>\n<p>Energ\u00eda sostenible: impulse sus aventuras al aire libre con el panel solar Duracell que le ayuda a acceder a energ\u00eda port\u00e1til y sostenible dondequiera que vaya. Carga eficiente: las c\u00e9lulas de silicio monocristalino ofrecen una eficiencia de conversi\u00f3n del 22 %. Comb\u00ednalo con una estaci\u00f3n de energ\u00eda Duracell (se vende por separado) para cargar dispositivos y disfrutar de iluminaci\u00f3n y entretenimiento en cualquier momento y lugar. Ligero y plegable: experimente la comodidad del hogar sin importar d\u00f3nde se encuentre con nuestro panel solar liviano y plegable. Disfrute de energ\u00eda fuera de la red para acampar, aventuras en camioneta, vivir en caba\u00f1as, hacer picnics y divertirse en el patio trasero.<\/p>\n<p>F\u00e1cil de usar: simplemente despliegue, con\u00e9ctese a la central el\u00e9ctrica Duracell y apunte al sol para aprovechar energ\u00eda limpia y confiable. Soporte incluido para un montaje f\u00e1cil y r\u00e1pido. Puede contar con Duracell para brindarle productos de energ\u00eda confiables y de alta calidad y un servicio al cliente excepcional en caso de que lo necesite.<\/p>\n<ul>\n<li>Conecta tus dispositivos, carga tu equipo y disfruta de una libertad ilimitada.<\/li>\n<li>Su dise\u00f1o plegable y duradero te permite configurarlo r\u00e1pidamente, convirtiendo la luz del sol en energ\u00eda para tu generador sin gas.<\/li>\n<li>Ya sea en casa, en una aventura o en emergencias, este panel brinda el poder de vivir a tu manera. Potente, port\u00e1til y resistente, tu compa\u00f1ero ideal en cualquier situaci\u00f3n.<\/li>\n<\/ul>\n<p><strong>Gu\u00eda del usuario\u00a0<\/strong><strong>del panel solar port\u00e1til de 100 vatios \/ 200 vatios<\/strong><\/p>\n<h4>Detalles de producto<\/h4>\n<p><img decoding=\"async\" class=\"size-full wp-image-4335955 aligncenter\" src=\"https:\/\/manuals.plus\/wp-content\/uploads\/2022\/09\/DURACELL-DRSP200WBC-200-Watt-Portable-Solar-Panel.png\" alt=\"DURACELL DRSP200WBC Panel solar port\u00e1til de 200 vatios\" width=\"522\" height=\"285\" \/>A. Panel solar port\u00e1til B. Asa de transporte C. Pestillos<img decoding=\"async\" class=\"size-full wp-image-4335958 aligncenter\" src=\"https:\/\/manuals.plus\/wp-content\/uploads\/2022\/09\/DURACELL-DRSP200WBC-200-Watt-Portable-Solar-Panel-fig.png\" alt=\"DURACELL DRSP200WBC Panel solar port\u00e1til de 200 vatios - fig\" width=\"368\" height=\"315\" \/>D. Patas plegables E. Conectores MC4 resistentes a la intemperie<img loading=\"lazy\" decoding=\"async\" class=\"size-full wp-image-4335959 aligncenter\" src=\"https:\/\/manuals.plus\/wp-content\/uploads\/2022\/09\/DURACELL-DRSP200WBC-200-Watt-Portable-Solar-Panel-fig1.png\" alt=\"DURACELL DRSP200WBC Panel solar port\u00e1til de 200 vatios - fig1\" width=\"500\" height=\"254\" \/>F. Cable MC4 a Anderson de 3 pies\/1 metro (se conecta a su generador sin gas) G. Estuche de transporte con cremallera<\/p>\n","protected":false},"excerpt":{"rendered":"<p>&#8211; Potencia m\u00e1xima m\u00e1xima (Pmax )VV) 200 vatios<br \/>\n&#8211; Voltaje del punto de m\u00e1xima potencia (Vmp )V) 18,6 V<br \/>\n&#8211; Corriente de punto de m\u00e1xima potencia (Imp (A) 10.8A<br \/>\n&#8211; Voltaje de circuito abierto (Voc IV) 22,8 V<br \/>\n&#8211; Corriente de cortocircuito (Ise (A) 11.2A<br \/>\n&#8211; Voltaje m\u00e1ximo del sistema (Vmax) 1000 VCC<br \/>\n&#8211; Temperatura de funcionamiento normal de la celda (NOCT) 45\u00b12\u00b0C<br \/>\n&#8211; Rango de temperatura, \u00b0 C) -40\u00b0C-\u00b185\u00b0C<br \/>\n&#8211; Clase de aplicaci\u00f3n Clase A<br \/>\n&#8211; Longitud del cable MC4 9,8 pies\/ 3 metros<br \/>\n&#8211; Longitud del cable MC4 a Anderson 2 pies 10,6 metros<br \/>\n&#8211; Peso neto kg \/ (libras) 16,4 kg \/ (36,2 libras)<\/p>\n","protected":false},"featured_media":19948,"comment_status":"open","ping_status":"closed","template":"","meta":{"jetpack_publicize_message":"","jetpack_publicize_feature_enabled":true,"jetpack_social_post_already_shared":true,"jetpack_social_options":{"image_generator_settings":{"template":"highway","default_image_id":0,"font":"","enabled":false},"version":2}},"pwb-brand":[269],"product_brand":[],"product_cat":[409],"product_tag":[],"class_list":{"0":"post-19946","1":"product","2":"type-product","3":"status-publish","4":"has-post-thumbnail","6":"pwb-brand-duracell","7":"product_cat-generador","9":"first","10":"instock","11":"taxable","12":"shipping-taxable","13":"purchasable","14":"product-type-simple"},"yoast_head":"<!-- This site is optimized with the Yoast SEO Premium plugin v25.7.1 (Yoast SEO v26.8) - https:\/\/yoast.com\/product\/yoast-seo-premium-wordpress\/ -->\n<title>Panel Solar 200W Plegable Estilo Malet\u00edn Duracell - Mivoot<\/title>\n<meta name=\"robots\" content=\"index, follow, max-snippet:-1, max-image-preview:large, max-video-preview:-1\" \/>\n<link rel=\"canonical\" href=\"https:\/\/mivoot.com\/gt\/producto\/panel-solar-200w-plegable-estilo-maletin-duracell\/\" \/>\n<meta property=\"og:locale\" content=\"es_ES\" \/>\n<meta property=\"og:type\" content=\"article\" \/>\n<meta property=\"og:title\" content=\"Panel Solar 200W Plegable Estilo Malet\u00edn Duracell\" \/>\n<meta property=\"og:description\" content=\"- Potencia m\u00e1xima m\u00e1xima (Pmax )VV) 200 vatios - Voltaje del punto de m\u00e1xima potencia (Vmp )V) 18,6 V - Corriente de punto de m\u00e1xima potencia (Imp (A) 10.8A - Voltaje de circuito abierto (Voc IV) 22,8 V - Corriente de cortocircuito (Ise (A) 11.2A - Voltaje m\u00e1ximo del sistema (Vmax) 1000 VCC - Temperatura de funcionamiento normal de la celda (NOCT) 45\u00b12\u00b0C - Rango de temperatura, \u00b0 C) -40\u00b0C-\u00b185\u00b0C - Clase de aplicaci\u00f3n Clase A - Longitud del cable MC4 9,8 pies\/ 3 metros - Longitud del cable MC4 a Anderson 2 pies 10,6 metros - Peso neto kg \/ (libras) 16,4 kg \/ (36,2 libras)\" \/>\n<meta property=\"og:url\" content=\"https:\/\/mivoot.com\/gt\/producto\/panel-solar-200w-plegable-estilo-maletin-duracell\/\" \/>\n<meta property=\"og:site_name\" content=\"Mivoot\" \/>\n<meta property=\"article:publisher\" content=\"https:\/\/www.facebook.com\/mivootgt\" \/>\n<meta property=\"article:modified_time\" content=\"2024-06-18T23:26:05+00:00\" \/>\n<meta property=\"og:image\" content=\"https:\/\/mivoot.com\/gt\/wp-content\/uploads\/2024\/06\/panel-01.jpg\" \/>\n\t<meta property=\"og:image:width\" content=\"500\" \/>\n\t<meta property=\"og:image:height\" content=\"500\" \/>\n\t<meta property=\"og:image:type\" content=\"image\/jpeg\" \/>\n<meta name=\"twitter:card\" content=\"summary_large_image\" \/>\n<meta name=\"twitter:label1\" content=\"Est. reading time\" \/>\n\t<meta name=\"twitter:data1\" content=\"3 minutos\" \/>\n<script type=\"application\/ld+json\" class=\"yoast-schema-graph\">{\"@context\":\"https:\/\/schema.org\",\"@graph\":[{\"@type\":\"WebPage\",\"@id\":\"https:\/\/mivoot.com\/gt\/producto\/panel-solar-200w-plegable-estilo-maletin-duracell\/\",\"url\":\"https:\/\/mivoot.com\/gt\/producto\/panel-solar-200w-plegable-estilo-maletin-duracell\/\",\"name\":\"Panel Solar 200W Plegable Estilo Malet\u00edn Duracell - Mivoot\",\"isPartOf\":{\"@id\":\"https:\/\/mivoot.com\/gt\/#website\"},\"primaryImageOfPage\":{\"@id\":\"https:\/\/mivoot.com\/gt\/producto\/panel-solar-200w-plegable-estilo-maletin-duracell\/#primaryimage\"},\"image\":{\"@id\":\"https:\/\/mivoot.com\/gt\/producto\/panel-solar-200w-plegable-estilo-maletin-duracell\/#primaryimage\"},\"thumbnailUrl\":\"https:\/\/mivoot.com\/gt\/wp-content\/uploads\/2024\/06\/panel-01.jpg\",\"datePublished\":\"2024-06-16T23:17:04+00:00\",\"dateModified\":\"2024-06-18T23:26:05+00:00\",\"breadcrumb\":{\"@id\":\"https:\/\/mivoot.com\/gt\/producto\/panel-solar-200w-plegable-estilo-maletin-duracell\/#breadcrumb\"},\"inLanguage\":\"es\",\"potentialAction\":[{\"@type\":\"ReadAction\",\"target\":[\"https:\/\/mivoot.com\/gt\/producto\/panel-solar-200w-plegable-estilo-maletin-duracell\/\"]}]},{\"@type\":\"ImageObject\",\"inLanguage\":\"es\",\"@id\":\"https:\/\/mivoot.com\/gt\/producto\/panel-solar-200w-plegable-estilo-maletin-duracell\/#primaryimage\",\"url\":\"https:\/\/mivoot.com\/gt\/wp-content\/uploads\/2024\/06\/panel-01.jpg\",\"contentUrl\":\"https:\/\/mivoot.com\/gt\/wp-content\/uploads\/2024\/06\/panel-01.jpg\",\"width\":500,\"height\":500},{\"@type\":\"BreadcrumbList\",\"@id\":\"https:\/\/mivoot.com\/gt\/producto\/panel-solar-200w-plegable-estilo-maletin-duracell\/#breadcrumb\",\"itemListElement\":[{\"@type\":\"ListItem\",\"position\":1,\"name\":\"Inicio\",\"item\":\"https:\/\/mivoot.com\/gt\/\"},{\"@type\":\"ListItem\",\"position\":2,\"name\":\"Productos\",\"item\":\"https:\/\/mivoot.com\/gt\/producto\/\"},{\"@type\":\"ListItem\",\"position\":3,\"name\":\"Duracell\",\"item\":\"https:\/\/mivoot.com\/gt\/marca\/duracell\/\"},{\"@type\":\"ListItem\",\"position\":4,\"name\":\"Panel Solar 200W Plegable Estilo Malet\u00edn Duracell\"}]},{\"@type\":\"WebSite\",\"@id\":\"https:\/\/mivoot.com\/gt\/#website\",\"url\":\"https:\/\/mivoot.com\/gt\/\",\"name\":\"Mivoot\",\"description\":\"Mivoot Guatemala | Tienda Online\",\"publisher\":{\"@id\":\"https:\/\/mivoot.com\/gt\/#organization\"},\"alternateName\":\"mivoot\",\"potentialAction\":[{\"@type\":\"SearchAction\",\"target\":{\"@type\":\"EntryPoint\",\"urlTemplate\":\"https:\/\/mivoot.com\/gt\/?s={search_term_string}\"},\"query-input\":{\"@type\":\"PropertyValueSpecification\",\"valueRequired\":true,\"valueName\":\"search_term_string\"}}],\"inLanguage\":\"es\"},{\"@type\":\"Organization\",\"@id\":\"https:\/\/mivoot.com\/gt\/#organization\",\"name\":\"Mivoot Guatemala\",\"alternateName\":\"mivoot.com\",\"url\":\"https:\/\/mivoot.com\/gt\/\",\"logo\":{\"@type\":\"ImageObject\",\"inLanguage\":\"es\",\"@id\":\"https:\/\/mivoot.com\/gt\/#\/schema\/logo\/image\/\",\"url\":\"https:\/\/mivoot.com\/gt\/wp-content\/uploads\/2023\/03\/cropped-icon.png\",\"contentUrl\":\"https:\/\/mivoot.com\/gt\/wp-content\/uploads\/2023\/03\/cropped-icon.png\",\"width\":512,\"height\":512,\"caption\":\"Mivoot Guatemala\"},\"image\":{\"@id\":\"https:\/\/mivoot.com\/gt\/#\/schema\/logo\/image\/\"},\"sameAs\":[\"https:\/\/www.facebook.com\/mivootgt\",\"https:\/\/instagram.com\/mivoot\"]}]}<\/script>\n<!-- \/ Yoast SEO Premium plugin. -->","yoast_head_json":{"title":"Panel Solar 200W Plegable Estilo Malet\u00edn Duracell - Mivoot","robots":{"index":"index","follow":"follow","max-snippet":"max-snippet:-1","max-image-preview":"max-image-preview:large","max-video-preview":"max-video-preview:-1"},"canonical":"https:\/\/mivoot.com\/gt\/producto\/panel-solar-200w-plegable-estilo-maletin-duracell\/","og_locale":"es_ES","og_type":"article","og_title":"Panel Solar 200W Plegable Estilo Malet\u00edn Duracell","og_description":"- Potencia m\u00e1xima m\u00e1xima (Pmax )VV) 200 vatios - Voltaje del punto de m\u00e1xima potencia (Vmp )V) 18,6 V - Corriente de punto de m\u00e1xima potencia (Imp (A) 10.8A - Voltaje de circuito abierto (Voc IV) 22,8 V - Corriente de cortocircuito (Ise (A) 11.2A - Voltaje m\u00e1ximo del sistema (Vmax) 1000 VCC - Temperatura de funcionamiento normal de la celda (NOCT) 45\u00b12\u00b0C - Rango de temperatura, \u00b0 C) -40\u00b0C-\u00b185\u00b0C - Clase de aplicaci\u00f3n Clase A - Longitud del cable MC4 9,8 pies\/ 3 metros - Longitud del cable MC4 a Anderson 2 pies 10,6 metros - Peso neto kg \/ (libras) 16,4 kg \/ (36,2 libras)","og_url":"https:\/\/mivoot.com\/gt\/producto\/panel-solar-200w-plegable-estilo-maletin-duracell\/","og_site_name":"Mivoot","article_publisher":"https:\/\/www.facebook.com\/mivootgt","article_modified_time":"2024-06-18T23:26:05+00:00","og_image":[{"width":500,"height":500,"url":"https:\/\/mivoot.com\/gt\/wp-content\/uploads\/2024\/06\/panel-01.jpg","type":"image\/jpeg"}],"twitter_card":"summary_large_image","twitter_misc":{"Est. reading time":"3 minutos"},"schema":{"@context":"https:\/\/schema.org","@graph":[{"@type":"WebPage","@id":"https:\/\/mivoot.com\/gt\/producto\/panel-solar-200w-plegable-estilo-maletin-duracell\/","url":"https:\/\/mivoot.com\/gt\/producto\/panel-solar-200w-plegable-estilo-maletin-duracell\/","name":"Panel Solar 200W Plegable Estilo Malet\u00edn Duracell - Mivoot","isPartOf":{"@id":"https:\/\/mivoot.com\/gt\/#website"},"primaryImageOfPage":{"@id":"https:\/\/mivoot.com\/gt\/producto\/panel-solar-200w-plegable-estilo-maletin-duracell\/#primaryimage"},"image":{"@id":"https:\/\/mivoot.com\/gt\/producto\/panel-solar-200w-plegable-estilo-maletin-duracell\/#primaryimage"},"thumbnailUrl":"https:\/\/mivoot.com\/gt\/wp-content\/uploads\/2024\/06\/panel-01.jpg","datePublished":"2024-06-16T23:17:04+00:00","dateModified":"2024-06-18T23:26:05+00:00","breadcrumb":{"@id":"https:\/\/mivoot.com\/gt\/producto\/panel-solar-200w-plegable-estilo-maletin-duracell\/#breadcrumb"},"inLanguage":"es","potentialAction":[{"@type":"ReadAction","target":["https:\/\/mivoot.com\/gt\/producto\/panel-solar-200w-plegable-estilo-maletin-duracell\/"]}]},{"@type":"ImageObject","inLanguage":"es","@id":"https:\/\/mivoot.com\/gt\/producto\/panel-solar-200w-plegable-estilo-maletin-duracell\/#primaryimage","url":"https:\/\/mivoot.com\/gt\/wp-content\/uploads\/2024\/06\/panel-01.jpg","contentUrl":"https:\/\/mivoot.com\/gt\/wp-content\/uploads\/2024\/06\/panel-01.jpg","width":500,"height":500},{"@type":"BreadcrumbList","@id":"https:\/\/mivoot.com\/gt\/producto\/panel-solar-200w-plegable-estilo-maletin-duracell\/#breadcrumb","itemListElement":[{"@type":"ListItem","position":1,"name":"Inicio","item":"https:\/\/mivoot.com\/gt\/"},{"@type":"ListItem","position":2,"name":"Productos","item":"https:\/\/mivoot.com\/gt\/producto\/"},{"@type":"ListItem","position":3,"name":"Duracell","item":"https:\/\/mivoot.com\/gt\/marca\/duracell\/"},{"@type":"ListItem","position":4,"name":"Panel Solar 200W Plegable Estilo Malet\u00edn Duracell"}]},{"@type":"WebSite","@id":"https:\/\/mivoot.com\/gt\/#website","url":"https:\/\/mivoot.com\/gt\/","name":"Mivoot","description":"Mivoot Guatemala | Tienda Online","publisher":{"@id":"https:\/\/mivoot.com\/gt\/#organization"},"alternateName":"mivoot","potentialAction":[{"@type":"SearchAction","target":{"@type":"EntryPoint","urlTemplate":"https:\/\/mivoot.com\/gt\/?s={search_term_string}"},"query-input":{"@type":"PropertyValueSpecification","valueRequired":true,"valueName":"search_term_string"}}],"inLanguage":"es"},{"@type":"Organization","@id":"https:\/\/mivoot.com\/gt\/#organization","name":"Mivoot Guatemala","alternateName":"mivoot.com","url":"https:\/\/mivoot.com\/gt\/","logo":{"@type":"ImageObject","inLanguage":"es","@id":"https:\/\/mivoot.com\/gt\/#\/schema\/logo\/image\/","url":"https:\/\/mivoot.com\/gt\/wp-content\/uploads\/2023\/03\/cropped-icon.png","contentUrl":"https:\/\/mivoot.com\/gt\/wp-content\/uploads\/2023\/03\/cropped-icon.png","width":512,"height":512,"caption":"Mivoot Guatemala"},"image":{"@id":"https:\/\/mivoot.com\/gt\/#\/schema\/logo\/image\/"},"sameAs":["https:\/\/www.facebook.com\/mivootgt","https:\/\/instagram.com\/mivoot"]}]}},"jetpack_publicize_connections":[],"jetpack_sharing_enabled":true,"brands":[{"id":269,"name":"Duracell","slug":"duracell"}],"_links":{"self":[{"href":"https:\/\/mivoot.com\/gt\/wp-json\/wp\/v2\/product\/19946","targetHints":{"allow":["GET"]}}],"collection":[{"href":"https:\/\/mivoot.com\/gt\/wp-json\/wp\/v2\/product"}],"about":[{"href":"https:\/\/mivoot.com\/gt\/wp-json\/wp\/v2\/types\/product"}],"replies":[{"embeddable":true,"href":"https:\/\/mivoot.com\/gt\/wp-json\/wp\/v2\/comments?post=19946"}],"version-history":[{"count":3,"href":"https:\/\/mivoot.com\/gt\/wp-json\/wp\/v2\/product\/19946\/revisions"}],"predecessor-version":[{"id":19970,"href":"https:\/\/mivoot.com\/gt\/wp-json\/wp\/v2\/product\/19946\/revisions\/19970"}],"wp:featuredmedia":[{"embeddable":true,"href":"https:\/\/mivoot.com\/gt\/wp-json\/wp\/v2\/media\/19948"}],"wp:attachment":[{"href":"https:\/\/mivoot.com\/gt\/wp-json\/wp\/v2\/media?parent=19946"}],"wp:term":[{"taxonomy":"pwb-brand","embeddable":true,"href":"https:\/\/mivoot.com\/gt\/wp-json\/wp\/v2\/pwb-brand?post=19946"},{"taxonomy":"product_brand","embeddable":true,"href":"https:\/\/mivoot.com\/gt\/wp-json\/wp\/v2\/product_brand?post=19946"},{"taxonomy":"product_cat","embeddable":true,"href":"https:\/\/mivoot.com\/gt\/wp-json\/wp\/v2\/product_cat?post=19946"},{"taxonomy":"product_tag","embeddable":true,"href":"https:\/\/mivoot.com\/gt\/wp-json\/wp\/v2\/product_tag?post=19946"}],"curies":[{"name":"wp","href":"https:\/\/api.w.org\/{rel}","templated":true}]}}