{"id":20031,"date":"2024-06-25T16:40:59","date_gmt":"2024-06-25T22:40:59","guid":{"rendered":"https:\/\/mivoot.com\/gt\/?post_type=product&#038;p=20031"},"modified":"2024-06-25T16:41:06","modified_gmt":"2024-06-25T22:41:06","slug":"impresora-blanco-y-negro-workforce-pro-wf-m5299-epson","status":"publish","type":"product","link":"https:\/\/mivoot.com\/gt\/producto\/impresora-blanco-y-negro-workforce-pro-wf-m5299-epson\/","title":{"rendered":"Impresora Blanco y Negro WorkForce Pro WF-M5299 Epson"},"content":{"rendered":"<div class=\"product-heading\">\n<div class=\"row\">\n<div class=\"col-xs-12 col-md-9 pdp-new-version\">\n<div class=\"name\">\n<h1 class=\"name\" style=\"text-align: center;\">Impresora Monocrom\u00e1tica Blanco y Negro WorkForce Pro WF-M5299<\/h1>\n<\/div>\n<\/div>\n<div class=\"simple-responsive-banner-component module-contact-bug col-xs-12 col-md-3\"><\/div>\n<\/div>\n<\/div>\n<div class=\"row bv-container\">\n<div class=\"col-md-4 modal-container\">\n<div class=\"enhanceinator\" role=\"toolbar\">\n<section class=\"slider slider-nav slick-initialized slick-slider\"><span style=\"font-size: 20.16px;\">La impresora monocrom\u00e1tica m\u00e1s economica en su clase<\/span><sup>2<\/sup><\/section>\n<\/div>\n<\/div>\n<div class=\"product-info \">\n<div class=\"info-top\">\n<div class=\"description\">\n<p>La WorkForce<sup>\u00ae<\/sup>\u00a0WF-M5299, con tecnolog\u00eda de PrecisionCore<sup>\u00ae<\/sup>, ofrece una impresora compacta con hasta un 60 por ciento menos de costos de impresi\u00f3n que las impresoras l\u00e1ser monocrom\u00e1ticas3. Con un rendimiento de hasta 40.000 p\u00e1ginas4, la WF-M5299 incluye un innovador sistema de bolsa de tinta reemplazable para minimizar las intervenciones. Dise\u00f1ado para las necesidades de su departamento de trabajo, imprima documentos de calidad profesional a 24 ppm ISO (negro)<sup>6<\/sup>. La configuraci\u00f3n de red y de seguridad permiten una integraci\u00f3n sencilla para los equipos de IT. La WF-M5299 admite redes cableadas e inal\u00e1mbricas, adem\u00e1s de PCL1 y PostScript<sup>\u00ae<\/sup>\u00a03\u2122.<\/p>\n<\/div>\n<ul>\n<li><b style=\"font-size: 14.4px;\">Funciones:<\/b><span style=\"font-size: 14.4px;\"> Impresora Blanco y Negro con Wireless\/Ethernet y PCL1\/PS<\/span><\/li>\n<li><b style=\"color: #555555; font-size: 14.4px;\">Tinta:<\/b><span style=\"color: #555555; font-size: 14.4px;\">\u00a0DURABrite<\/span><sup style=\"color: #555555;\">\u00ae<\/sup><span style=\"color: #555555; font-size: 14.4px;\"> Ultra, tinta de pigmento resistente al agua, las manchas y la decoloraci\u00f3n<\/span><\/li>\n<li><b style=\"color: #555555; font-size: 14.4px;\">Velocidad de impresi\u00f3n:<\/b><span style=\"color: #555555; font-size: 14.4px;\">\u00a034 ppm (negro)<\/span><sup style=\"color: #555555;\">6<\/sup><\/li>\n<\/ul>\n<p>&nbsp;<\/p>\n<p><img decoding=\"async\" class=\"aligncenter\" src=\"https:\/\/cdn.cs.1worldsync.com\/syndication\/mediaserverredirect\/097bbd9a74305d5a389107446cc09548\/width(1200).jpg\" alt=\"Imagen del producto\" \/><\/p>\n<div class=\"ccs-cc-inline-feature-content ccs-cc-inline-thumbnail\" data-order=\"0\"><a class=\"ccs-cc-inline-thumbnail-image ccs-cc-inline-thumbnail-media ccs-cc-inline-clickable\" title=\"Bolsa de tinta individual negra Mostrar tama\u00f1o m\u00e1s grande\" href=\"https:\/\/cdn.cs.1worldsync.com\/syndication\/mediaserverredirect\/c4eb7c2f434ab46bacd2bebe4fc56567\/original.jpg\" data-media-type=\"image\" data-caption=\"Bolsa de tinta individual negra\"><img decoding=\"async\" class=\"alignleft\" src=\"https:\/\/cdn.cs.1worldsync.com\/syndication\/mediaserverredirect\/c4eb7c2f434ab46bacd2bebe4fc56567\/maxsize(400x500).jpg\" alt=\"Bolsa de tinta individual negra\" data-large=\"https:\/\/cdn.cs.1worldsync.com\/syndication\/mediaserverredirect\/c4eb7c2f434ab46bacd2bebe4fc56567\/original.jpg\" data-alt-text=\"Please wait while content is loading...\" aria-label=\"Bolsa de tinta individual negra\" \/><\/a><\/div>\n<div class=\"ccs-cc-inline-feature-content ccs-cc-inline-thumbnail\" data-order=\"3\"><span style=\"font-size: 20.16px;\">Bolsa de tinta individual negra<\/span><\/div>\n<div class=\"ccs-cc-inline-feature-content ccs-cc-inline-feature-description\" data-order=\"0\">\n<div><b>SKU:\u00a0<\/b>\u00a0<span style=\"color: #303030;\">\u00a0T961120-AL<\/span><\/div>\n<\/div>\n<\/div>\n<\/div>\n<\/div>\n<div><\/div>\n<div><\/div>\n<div><\/div>\n<div><\/div>\n<div><\/div>\n<div><\/div>\n<div><\/div>\n<div><\/div>\n<div><\/div>\n<div><\/div>\n<div><\/div>\n<div><\/div>\n<div><\/div>\n<div><\/div>\n<div><\/div>\n<div><\/div>\n<div><\/div>\n<div>\n<div class=\"text-row\" data-classificationid=\"Print\">\n<h4><strong>Imprimir:<\/strong><\/h4>\n<hr \/>\n<p><strong>Tecnolog\u00eda de Impresi\u00f3n: <\/strong>Precision Core<sup>\u00ae<\/sup>\u00a0monocrom\u00e1tico (negro)<\/div>\n<div class=\"text-row\" data-classificationid=\"Print\"><strong>Resoluci\u00f3n M\u00e1xima de Impresi\u00f3n:<\/strong>1200 x 1200 dpi<\/div>\n<div class=\"text-row\" data-classificationid=\"Print\"><strong>Velocidad de Impresi\u00f3n ISO:<\/strong>24 ISO ppm (negro), simplex<br \/>\n15 ISO ppm (negro), duplex<\/div>\n<div class=\"text-row\" data-classificationid=\"Print\"><strong>Velocidad M\u00e1xima de Impresi\u00f3n en Modo Borrador:<\/strong>34 ppm (black)<sup>17<\/sup><\/div>\n<div class=\"text-row\" data-classificationid=\"Print\"><strong>Tama\u00f1o M\u00ednimo de la Gota de Tinta:<\/strong>5.1 picolitros<\/div>\n<div class=\"text-row\" data-classificationid=\"Print\"><strong>Configuraci\u00f3n del Cabezal:<\/strong>400 x 4 inyectores<\/div>\n<div class=\"text-row\" data-classificationid=\"Print\"><strong>Tama\u00f1o Total de Memoria RAM:<\/strong>1024 (Mbytes)<sup>18<\/sup><\/div>\n<div class=\"text-row\" data-classificationid=\"Ink\">\n<h4><strong>Tinta:<\/strong><\/h4>\n<hr \/>\n<p><strong>Tipo de Tinta:<\/strong>DURABrite<sup>\u00ae<\/sup>\u00a0Ultra (resistente al agua, las manchas, y la decoloraci\u00f3n)<\/div>\n<div class=\"text-row\" data-classificationid=\"Ink\"><strong>Paleta de Tintas:<\/strong>Negro<\/div>\n<div class=\"text-row\" data-classificationid=\"Ink\"><strong>Configuraci\u00f3n de la Tinta:<\/strong>Bolsa de tinta individual negra<\/div>\n<div class=\"text-row\" data-classificationid=\"Ink\"><strong>Tinta de Reemplazo:<\/strong>T961 negro, rendimiento p\u00e1ginas ISO: negro 10.000.<br \/>\nT962 negro, rendimiento p\u00e1ginas ISO: negro 40.000.<br \/>\nEpson recomienda fuertemente el uso de tinta original para asegurar el mejor rendimiento y calidad de impresi\u00f3n y no arriesgar la garant\u00eda limitada<sup>12<\/sup><\/div>\n<div class=\"text-row\" data-classificationid=\"General\">\n<h4><strong>General:<\/strong><\/h4>\n<hr \/>\n<p><strong>Sistemas de Operaci\u00f3n:<\/strong><\/div>\n<div class=\"text-row\" data-classificationid=\"General\">Windows<sup>\u00ae<\/sup>\u00a010 (32-bit, 64-bit), Windows<sup>\u00ae<\/sup>\u00a08.1, Windows<sup>\u00ae<\/sup>\u00a08 (32-bit, 64-bit), Windows<sup>\u00ae<\/sup>\u00a07 (32-bit, 64-bit), Windows Vista<sup>\u00ae<\/sup>\u00a0(32-bit, 64-bit), Windows<sup>\u00ae<\/sup>\u00a0XP SP3 (32-bit), Windows<sup>\u00ae<\/sup>\u00a0XP Professional x64 Edition, Windows Server<sup>\u00ae<\/sup>\u00a02016, Windows Server<sup>\u00ae<\/sup>\u00a02012 R2<sup>13<\/sup>, Windows Server<sup>\u00ae<\/sup>\u00a02012<sup>13<\/sup>, Windows Server<sup>\u00ae<\/sup>\u00a02008 R2<sup>13<\/sup>, Windows Server<sup>\u00ae<\/sup>\u00a02008<sup>13<\/sup>, Windows Server<sup>\u00ae<\/sup>\u00a02003 R2<sup>13<\/sup>, Windows Server<sup>\u00ae<\/sup>\u00a02003<sup>13<\/sup><br \/>\nMac<sup>\u00ae<\/sup>\u00a0OS X<sup>\u00ae<\/sup>\u00a010.6.8 \u2013 10.13.x7\u00a0<sup>14<\/sup><\/div>\n<div class=\"text-row\" data-classificationid=\"General\"><strong>Temperatura:<\/strong>Funcionamiento: 10 \u00b0 a 35 \u00b0C<br \/>\nAlmacenamiento: -20 \u00b0 a 40 \u00b0C<\/div>\n<div class=\"text-row\" data-classificationid=\"General\"><strong>Humedad:<\/strong>Funcionamiento: 20 &#8211; 80%<br \/>\nAlmacenamiento: 5 &#8211; 85% (sin condensaci\u00f3n)<\/div>\n<div class=\"text-row\" data-classificationid=\"General\"><strong>Nivel de Sonido:<\/strong>Potencia ac\u00fastica: 6.9B (A)<br \/>\nPresi\u00f3n ac\u00fastica: 55dB (A)<\/div>\n<div class=\"text-row\" data-classificationid=\"General\"><strong>Dimensiones:<\/strong>Abierto: 425 x 578 x 449 mm (16.7 x 22.8 x 17.7 inch) con bandeja de papel<br \/>\nCerrado: 425 x 535 x 357 mm (16.7 x 21.1 x 14.1 inch) con bandeja de papel<\/div>\n<div class=\"text-row\" data-classificationid=\"General\"><strong>Peso:<\/strong>19.14 Kg<\/div>\n<div class=\"text-row\" data-classificationid=\"General\"><strong>Seguridad:<\/strong>Certificaci\u00f3n de n\u00famero de PIN para liberaci\u00f3n de tareas, acceso de control de usuario, configuraci\u00f3n de impresora y de red a trav\u00e9s de Web. Configuraci\u00f3n usando la direcci\u00f3n IP de la impresora, seguridad SSL \/ TLS, Ipsec<\/div>\n<\/div>\n","protected":false},"excerpt":{"rendered":"<p>&#8211; Impresora Blanco y Negro con Wireless\/Ethernet &#038; PCL1\/PS<br \/>\n&#8211; Tinta: DURABrite\u00ae Ultra, tinta de pigmento resistente al agua, las manchas y la decoloraci\u00f3n<br \/>\n&#8211; Velocidad de impresi\u00f3n: 34 ppm (negro) 17<br \/>\n&#8211; Impresi\u00f3n d\u00faplex<br \/>\n&#8211; Tecnolog\u00eda de Impresi\u00f3n: Precision Core\u00ae monocrom\u00e1tico (negro)<br \/>\n&#8211; Resoluci\u00f3n M\u00e1xima de Impresi\u00f3n: 1200 x 1200 dpi<\/p>\n","protected":false},"featured_media":20033,"comment_status":"open","ping_status":"closed","template":"","meta":{"jetpack_publicize_message":"","jetpack_publicize_feature_enabled":true,"jetpack_social_post_already_shared":true,"jetpack_social_options":{"image_generator_settings":{"template":"highway","default_image_id":0,"font":"","enabled":false},"version":2}},"pwb-brand":[188],"product_brand":[],"product_cat":[176],"product_tag":[],"class_list":{"0":"post-20031","1":"product","2":"type-product","3":"status-publish","4":"has-post-thumbnail","6":"pwb-brand-epson","7":"product_cat-impresora-multifuncional","9":"first","10":"instock","11":"taxable","12":"shipping-taxable","13":"purchasable","14":"product-type-simple"},"yoast_head":"<!-- This site is optimized with the Yoast SEO Premium plugin v25.7.1 (Yoast SEO v26.8) - https:\/\/yoast.com\/product\/yoast-seo-premium-wordpress\/ -->\n<title>Impresora Blanco y Negro WorkForce Pro WF-M5299 Epson - Mivoot<\/title>\n<meta name=\"robots\" content=\"index, follow, max-snippet:-1, max-image-preview:large, max-video-preview:-1\" \/>\n<link rel=\"canonical\" href=\"https:\/\/mivoot.com\/gt\/producto\/impresora-blanco-y-negro-workforce-pro-wf-m5299-epson\/\" \/>\n<meta property=\"og:locale\" content=\"es_ES\" \/>\n<meta property=\"og:type\" content=\"article\" \/>\n<meta property=\"og:title\" content=\"Impresora Blanco y Negro WorkForce Pro WF-M5299 Epson\" \/>\n<meta property=\"og:description\" content=\"- Impresora Blanco y Negro con Wireless\/Ethernet &amp; PCL1\/PS - Tinta: DURABrite\u00ae Ultra, tinta de pigmento resistente al agua, las manchas y la decoloraci\u00f3n - Velocidad de impresi\u00f3n: 34 ppm (negro) 17 - Impresi\u00f3n d\u00faplex - Tecnolog\u00eda de Impresi\u00f3n: Precision Core\u00ae monocrom\u00e1tico (negro) - Resoluci\u00f3n M\u00e1xima de Impresi\u00f3n: 1200 x 1200 dpi\" \/>\n<meta property=\"og:url\" content=\"https:\/\/mivoot.com\/gt\/producto\/impresora-blanco-y-negro-workforce-pro-wf-m5299-epson\/\" \/>\n<meta property=\"og:site_name\" content=\"Mivoot\" \/>\n<meta property=\"article:publisher\" content=\"https:\/\/www.facebook.com\/mivootgt\" \/>\n<meta property=\"article:modified_time\" content=\"2024-06-25T22:41:06+00:00\" \/>\n<meta property=\"og:image\" content=\"https:\/\/mivoot.com\/gt\/wp-content\/uploads\/2024\/06\/WorkForce-Pro-WF-M5299-00.jpg\" \/>\n\t<meta property=\"og:image:width\" content=\"690\" \/>\n\t<meta property=\"og:image:height\" content=\"460\" \/>\n\t<meta property=\"og:image:type\" content=\"image\/jpeg\" \/>\n<meta name=\"twitter:card\" content=\"summary_large_image\" \/>\n<meta name=\"twitter:label1\" content=\"Est. reading time\" \/>\n\t<meta name=\"twitter:data1\" content=\"3 minutos\" \/>\n<script type=\"application\/ld+json\" class=\"yoast-schema-graph\">{\"@context\":\"https:\/\/schema.org\",\"@graph\":[{\"@type\":\"WebPage\",\"@id\":\"https:\/\/mivoot.com\/gt\/producto\/impresora-blanco-y-negro-workforce-pro-wf-m5299-epson\/\",\"url\":\"https:\/\/mivoot.com\/gt\/producto\/impresora-blanco-y-negro-workforce-pro-wf-m5299-epson\/\",\"name\":\"Impresora Blanco y Negro WorkForce Pro WF-M5299 Epson - Mivoot\",\"isPartOf\":{\"@id\":\"https:\/\/mivoot.com\/gt\/#website\"},\"primaryImageOfPage\":{\"@id\":\"https:\/\/mivoot.com\/gt\/producto\/impresora-blanco-y-negro-workforce-pro-wf-m5299-epson\/#primaryimage\"},\"image\":{\"@id\":\"https:\/\/mivoot.com\/gt\/producto\/impresora-blanco-y-negro-workforce-pro-wf-m5299-epson\/#primaryimage\"},\"thumbnailUrl\":\"https:\/\/mivoot.com\/gt\/wp-content\/uploads\/2024\/06\/WorkForce-Pro-WF-M5299-00.jpg\",\"datePublished\":\"2024-06-25T22:40:59+00:00\",\"dateModified\":\"2024-06-25T22:41:06+00:00\",\"breadcrumb\":{\"@id\":\"https:\/\/mivoot.com\/gt\/producto\/impresora-blanco-y-negro-workforce-pro-wf-m5299-epson\/#breadcrumb\"},\"inLanguage\":\"es\",\"potentialAction\":[{\"@type\":\"ReadAction\",\"target\":[\"https:\/\/mivoot.com\/gt\/producto\/impresora-blanco-y-negro-workforce-pro-wf-m5299-epson\/\"]}]},{\"@type\":\"ImageObject\",\"inLanguage\":\"es\",\"@id\":\"https:\/\/mivoot.com\/gt\/producto\/impresora-blanco-y-negro-workforce-pro-wf-m5299-epson\/#primaryimage\",\"url\":\"https:\/\/mivoot.com\/gt\/wp-content\/uploads\/2024\/06\/WorkForce-Pro-WF-M5299-00.jpg\",\"contentUrl\":\"https:\/\/mivoot.com\/gt\/wp-content\/uploads\/2024\/06\/WorkForce-Pro-WF-M5299-00.jpg\",\"width\":690,\"height\":460},{\"@type\":\"BreadcrumbList\",\"@id\":\"https:\/\/mivoot.com\/gt\/producto\/impresora-blanco-y-negro-workforce-pro-wf-m5299-epson\/#breadcrumb\",\"itemListElement\":[{\"@type\":\"ListItem\",\"position\":1,\"name\":\"Inicio\",\"item\":\"https:\/\/mivoot.com\/gt\/\"},{\"@type\":\"ListItem\",\"position\":2,\"name\":\"Productos\",\"item\":\"https:\/\/mivoot.com\/gt\/producto\/\"},{\"@type\":\"ListItem\",\"position\":3,\"name\":\"Epson\",\"item\":\"https:\/\/mivoot.com\/gt\/marca\/epson\/\"},{\"@type\":\"ListItem\",\"position\":4,\"name\":\"Impresora Blanco y Negro WorkForce Pro WF-M5299 Epson\"}]},{\"@type\":\"WebSite\",\"@id\":\"https:\/\/mivoot.com\/gt\/#website\",\"url\":\"https:\/\/mivoot.com\/gt\/\",\"name\":\"Mivoot\",\"description\":\"Mivoot Guatemala | Tienda Online\",\"publisher\":{\"@id\":\"https:\/\/mivoot.com\/gt\/#organization\"},\"alternateName\":\"mivoot\",\"potentialAction\":[{\"@type\":\"SearchAction\",\"target\":{\"@type\":\"EntryPoint\",\"urlTemplate\":\"https:\/\/mivoot.com\/gt\/?s={search_term_string}\"},\"query-input\":{\"@type\":\"PropertyValueSpecification\",\"valueRequired\":true,\"valueName\":\"search_term_string\"}}],\"inLanguage\":\"es\"},{\"@type\":\"Organization\",\"@id\":\"https:\/\/mivoot.com\/gt\/#organization\",\"name\":\"Mivoot Guatemala\",\"alternateName\":\"mivoot.com\",\"url\":\"https:\/\/mivoot.com\/gt\/\",\"logo\":{\"@type\":\"ImageObject\",\"inLanguage\":\"es\",\"@id\":\"https:\/\/mivoot.com\/gt\/#\/schema\/logo\/image\/\",\"url\":\"https:\/\/mivoot.com\/gt\/wp-content\/uploads\/2023\/03\/cropped-icon.png\",\"contentUrl\":\"https:\/\/mivoot.com\/gt\/wp-content\/uploads\/2023\/03\/cropped-icon.png\",\"width\":512,\"height\":512,\"caption\":\"Mivoot Guatemala\"},\"image\":{\"@id\":\"https:\/\/mivoot.com\/gt\/#\/schema\/logo\/image\/\"},\"sameAs\":[\"https:\/\/www.facebook.com\/mivootgt\",\"https:\/\/instagram.com\/mivoot\"]}]}<\/script>\n<!-- \/ Yoast SEO Premium plugin. -->","yoast_head_json":{"title":"Impresora Blanco y Negro WorkForce Pro WF-M5299 Epson - Mivoot","robots":{"index":"index","follow":"follow","max-snippet":"max-snippet:-1","max-image-preview":"max-image-preview:large","max-video-preview":"max-video-preview:-1"},"canonical":"https:\/\/mivoot.com\/gt\/producto\/impresora-blanco-y-negro-workforce-pro-wf-m5299-epson\/","og_locale":"es_ES","og_type":"article","og_title":"Impresora Blanco y Negro WorkForce Pro WF-M5299 Epson","og_description":"- Impresora Blanco y Negro con Wireless\/Ethernet & PCL1\/PS - Tinta: DURABrite\u00ae Ultra, tinta de pigmento resistente al agua, las manchas y la decoloraci\u00f3n - Velocidad de impresi\u00f3n: 34 ppm (negro) 17 - Impresi\u00f3n d\u00faplex - Tecnolog\u00eda de Impresi\u00f3n: Precision Core\u00ae monocrom\u00e1tico (negro) - Resoluci\u00f3n M\u00e1xima de Impresi\u00f3n: 1200 x 1200 dpi","og_url":"https:\/\/mivoot.com\/gt\/producto\/impresora-blanco-y-negro-workforce-pro-wf-m5299-epson\/","og_site_name":"Mivoot","article_publisher":"https:\/\/www.facebook.com\/mivootgt","article_modified_time":"2024-06-25T22:41:06+00:00","og_image":[{"width":690,"height":460,"url":"https:\/\/mivoot.com\/gt\/wp-content\/uploads\/2024\/06\/WorkForce-Pro-WF-M5299-00.jpg","type":"image\/jpeg"}],"twitter_card":"summary_large_image","twitter_misc":{"Est. reading time":"3 minutos"},"schema":{"@context":"https:\/\/schema.org","@graph":[{"@type":"WebPage","@id":"https:\/\/mivoot.com\/gt\/producto\/impresora-blanco-y-negro-workforce-pro-wf-m5299-epson\/","url":"https:\/\/mivoot.com\/gt\/producto\/impresora-blanco-y-negro-workforce-pro-wf-m5299-epson\/","name":"Impresora Blanco y Negro WorkForce Pro WF-M5299 Epson - Mivoot","isPartOf":{"@id":"https:\/\/mivoot.com\/gt\/#website"},"primaryImageOfPage":{"@id":"https:\/\/mivoot.com\/gt\/producto\/impresora-blanco-y-negro-workforce-pro-wf-m5299-epson\/#primaryimage"},"image":{"@id":"https:\/\/mivoot.com\/gt\/producto\/impresora-blanco-y-negro-workforce-pro-wf-m5299-epson\/#primaryimage"},"thumbnailUrl":"https:\/\/mivoot.com\/gt\/wp-content\/uploads\/2024\/06\/WorkForce-Pro-WF-M5299-00.jpg","datePublished":"2024-06-25T22:40:59+00:00","dateModified":"2024-06-25T22:41:06+00:00","breadcrumb":{"@id":"https:\/\/mivoot.com\/gt\/producto\/impresora-blanco-y-negro-workforce-pro-wf-m5299-epson\/#breadcrumb"},"inLanguage":"es","potentialAction":[{"@type":"ReadAction","target":["https:\/\/mivoot.com\/gt\/producto\/impresora-blanco-y-negro-workforce-pro-wf-m5299-epson\/"]}]},{"@type":"ImageObject","inLanguage":"es","@id":"https:\/\/mivoot.com\/gt\/producto\/impresora-blanco-y-negro-workforce-pro-wf-m5299-epson\/#primaryimage","url":"https:\/\/mivoot.com\/gt\/wp-content\/uploads\/2024\/06\/WorkForce-Pro-WF-M5299-00.jpg","contentUrl":"https:\/\/mivoot.com\/gt\/wp-content\/uploads\/2024\/06\/WorkForce-Pro-WF-M5299-00.jpg","width":690,"height":460},{"@type":"BreadcrumbList","@id":"https:\/\/mivoot.com\/gt\/producto\/impresora-blanco-y-negro-workforce-pro-wf-m5299-epson\/#breadcrumb","itemListElement":[{"@type":"ListItem","position":1,"name":"Inicio","item":"https:\/\/mivoot.com\/gt\/"},{"@type":"ListItem","position":2,"name":"Productos","item":"https:\/\/mivoot.com\/gt\/producto\/"},{"@type":"ListItem","position":3,"name":"Epson","item":"https:\/\/mivoot.com\/gt\/marca\/epson\/"},{"@type":"ListItem","position":4,"name":"Impresora Blanco y Negro WorkForce Pro WF-M5299 Epson"}]},{"@type":"WebSite","@id":"https:\/\/mivoot.com\/gt\/#website","url":"https:\/\/mivoot.com\/gt\/","name":"Mivoot","description":"Mivoot Guatemala | Tienda Online","publisher":{"@id":"https:\/\/mivoot.com\/gt\/#organization"},"alternateName":"mivoot","potentialAction":[{"@type":"SearchAction","target":{"@type":"EntryPoint","urlTemplate":"https:\/\/mivoot.com\/gt\/?s={search_term_string}"},"query-input":{"@type":"PropertyValueSpecification","valueRequired":true,"valueName":"search_term_string"}}],"inLanguage":"es"},{"@type":"Organization","@id":"https:\/\/mivoot.com\/gt\/#organization","name":"Mivoot Guatemala","alternateName":"mivoot.com","url":"https:\/\/mivoot.com\/gt\/","logo":{"@type":"ImageObject","inLanguage":"es","@id":"https:\/\/mivoot.com\/gt\/#\/schema\/logo\/image\/","url":"https:\/\/mivoot.com\/gt\/wp-content\/uploads\/2023\/03\/cropped-icon.png","contentUrl":"https:\/\/mivoot.com\/gt\/wp-content\/uploads\/2023\/03\/cropped-icon.png","width":512,"height":512,"caption":"Mivoot Guatemala"},"image":{"@id":"https:\/\/mivoot.com\/gt\/#\/schema\/logo\/image\/"},"sameAs":["https:\/\/www.facebook.com\/mivootgt","https:\/\/instagram.com\/mivoot"]}]}},"jetpack_publicize_connections":[],"jetpack_sharing_enabled":true,"brands":[{"id":188,"name":"Epson","slug":"epson"}],"_links":{"self":[{"href":"https:\/\/mivoot.com\/gt\/wp-json\/wp\/v2\/product\/20031","targetHints":{"allow":["GET"]}}],"collection":[{"href":"https:\/\/mivoot.com\/gt\/wp-json\/wp\/v2\/product"}],"about":[{"href":"https:\/\/mivoot.com\/gt\/wp-json\/wp\/v2\/types\/product"}],"replies":[{"embeddable":true,"href":"https:\/\/mivoot.com\/gt\/wp-json\/wp\/v2\/comments?post=20031"}],"version-history":[{"count":2,"href":"https:\/\/mivoot.com\/gt\/wp-json\/wp\/v2\/product\/20031\/revisions"}],"predecessor-version":[{"id":20040,"href":"https:\/\/mivoot.com\/gt\/wp-json\/wp\/v2\/product\/20031\/revisions\/20040"}],"wp:featuredmedia":[{"embeddable":true,"href":"https:\/\/mivoot.com\/gt\/wp-json\/wp\/v2\/media\/20033"}],"wp:attachment":[{"href":"https:\/\/mivoot.com\/gt\/wp-json\/wp\/v2\/media?parent=20031"}],"wp:term":[{"taxonomy":"pwb-brand","embeddable":true,"href":"https:\/\/mivoot.com\/gt\/wp-json\/wp\/v2\/pwb-brand?post=20031"},{"taxonomy":"product_brand","embeddable":true,"href":"https:\/\/mivoot.com\/gt\/wp-json\/wp\/v2\/product_brand?post=20031"},{"taxonomy":"product_cat","embeddable":true,"href":"https:\/\/mivoot.com\/gt\/wp-json\/wp\/v2\/product_cat?post=20031"},{"taxonomy":"product_tag","embeddable":true,"href":"https:\/\/mivoot.com\/gt\/wp-json\/wp\/v2\/product_tag?post=20031"}],"curies":[{"name":"wp","href":"https:\/\/api.w.org\/{rel}","templated":true}]}}