{"id":20133,"date":"2024-07-10T11:06:06","date_gmt":"2024-07-10T17:06:06","guid":{"rendered":"https:\/\/mivoot.com\/gt\/?post_type=product&#038;p=20133"},"modified":"2025-10-10T14:46:48","modified_gmt":"2025-10-10T20:46:48","slug":"caja-registradora-electronica-royal","status":"publish","type":"product","link":"https:\/\/mivoot.com\/gt\/producto\/caja-registradora-electronica-royal\/","title":{"rendered":"Caja Registradora Electr\u00f3nica Royal"},"content":{"rendered":"<p><span style=\"font-size: 14.4px\">\u00a0La caja registradora electr\u00f3nica Royal 410 DX es una moderna y elegante caja registradora electr\u00f3nica perfecta para empresas de todos los tama\u00f1os. Con sus caracter\u00edsticas avanzadas e impresora t\u00e9rmica incorporada, la Royal 410 DX es una excelente opci\u00f3n para las empresas que buscan una caja registradora confiable y f\u00e1cil de usar.<\/span><\/p>\n<p>Emplea una excelente administraci\u00f3n y ten el control de tus cuentas y finanzas en tu negocio gracias a esta caja registradora en color negro que combinara exclusivamente con tu local o el espacio de tu negocio. Almacena hasta 2 000 consultas de precios, cuenta con una pantalla frontal LCD, un interruptor de control y adicionalmente, gracias a su sistema compacto de gesti\u00f3n efectivo Royal 410DX, genera una impresi\u00f3n t\u00e9rmica alfanum\u00e9rica r\u00e1pida y silenciosa. Puedes realizar informes de gesti\u00f3n y registrar tus ventas ya sea en efectivo, cheques o cargos.<\/p>\n<div id=\"btf_arenas\" class=\"celwidget\" data-feature-name=\"btf_arenas\" data-csa-c-type=\"widget\" data-csa-c-content-id=\"btf_arenas\" data-csa-c-slot-id=\"btf_arenas\" data-csa-c-asin=\"\" data-csa-c-is-in-initial-active-row=\"false\" data-csa-c-id=\"eb9z0-exsmt9-1lnejm-msd8zo\" data-cel-widget=\"btf_arenas\">\n<div id=\"productDescription_feature_div\" class=\"celwidget pd_rd_w-PE9GD pd_rd_r-Y8S4JPM0TWY9FRS2V0WW pd_rd_wg-Gdkp1\" data-feature-name=\"productDescription\" data-csa-c-type=\"widget\" data-csa-c-content-id=\"productDescription\" data-csa-c-slot-id=\"productDescription_feature_div\" data-csa-c-asin=\"\" data-csa-c-is-in-initial-active-row=\"false\" data-csa-c-id=\"pxr7oc-mlh5ds-s76qq-kb4bt8\" data-cel-widget=\"productDescription_feature_div\">\n<div id=\"productDescription_feature_div\" class=\"a-row feature\" data-feature-name=\"productDescription\" data-template-name=\"productDescription\" data-cel-widget=\"productDescription_feature_div\">\n<div id=\"productDescription\" class=\"a-section a-spacing-small\">\n<ul>\n<li>El registro tambi\u00e9n tiene una gran pantalla LCD que facilita la visualizaci\u00f3n de datos de ventas e informaci\u00f3n de transacciones.<\/li>\n<li>La caja registradora electr\u00f3nica est\u00e1 equipada con varias caracter\u00edsticas, como 24 departamentos, ajustes de 2000PLU y un c\u00e1lculo autom\u00e1tico de impuestos.<\/li>\n<li>Tambi\u00e9n puede seleccionar entre impresiones de diarios o recibos de clientes, hasta 4 tablas de impuestos y sistemas de informes de gesti\u00f3n peri\u00f3dicos.<\/li>\n<li>Adem\u00e1s, cuenta con respaldo de bater\u00eda y protecci\u00f3n de memoria para la seguridad de los datos.<\/li>\n<li>Modelo: Caja registradora electr\u00f3nica 410DX<\/li>\n<li>Peso: 10.36 lb.<\/li>\n<li>Dimensiones: 15.7&#8243; x 15.7&#8243; x 10.8&#8243;<\/li>\n<li>Dos pantallas LCD &#8211;<\/li>\n<\/ul>\n<p>Pantalla frontal para cajero y pantalla trasera para el cliente Impresora t\u00e9rmica alfanum\u00e9rica silenciosa 2000 b\u00fasquedas de precios 24 departamentos 10 empleados totales 4 tablas de impuestos programables 4 billetes y bandeja extra\u00edble de ranura de 4 monedas<\/p>\n<p>&nbsp;<\/p>\n<p>&nbsp;<\/p>\n<p>&nbsp;<\/p>\n<\/div>\n<\/div>\n<\/div>\n<div id=\"renewedProgramDescriptionBtf_feature_div\" class=\"celwidget pd_rd_w-6ERO3 pd_rd_r-Y8S4JPM0TWY9FRS2V0WW pd_rd_wg-Gdkp1\" data-feature-name=\"renewedProgramDescriptionBtf\" data-csa-c-type=\"widget\" data-csa-c-content-id=\"renewedProgramDescriptionBtf\" data-csa-c-slot-id=\"renewedProgramDescriptionBtf_feature_div\" data-csa-c-asin=\"\" data-csa-c-is-in-initial-active-row=\"false\" data-csa-c-id=\"v51uvb-58uxm2-5wovf6-fgvlgg\" data-cel-widget=\"renewedProgramDescriptionBtf_feature_div\"><\/div>\n<\/div>\n<div id=\"climatePledgeFriendlyBTF_feature_div\" class=\"celwidget\" data-feature-name=\"climatePledgeFriendlyBTF\" data-csa-c-type=\"widget\" data-csa-c-content-id=\"climatePledgeFriendlyBTF\" data-csa-c-slot-id=\"climatePledgeFriendlyBTF_feature_div\" data-csa-c-asin=\"\" data-csa-c-is-in-initial-active-row=\"false\" data-csa-c-id=\"gms1qk-bprsy3-sxu7le-z18tiv\" data-cel-widget=\"climatePledgeFriendlyBTF_feature_div\"><\/div>\n<div id=\"postPurchaseSideSheet_MP_feature_div\" class=\"celwidget\" data-feature-name=\"postPurchaseSideSheet_MP\" data-csa-c-type=\"widget\" data-csa-c-content-id=\"postPurchaseSideSheet_MP\" data-csa-c-slot-id=\"postPurchaseSideSheet_MP_feature_div\" data-csa-c-asin=\"\" data-csa-c-is-in-initial-active-row=\"false\" data-csa-c-id=\"mrowax-ftj6qf-f7n54t-dfgwov\" data-cel-widget=\"postPurchaseSideSheet_MP_feature_div\"><\/div>\n<div id=\"HLCXComparisonWidget_after_ask-dp-search-3-T2\" class=\"celwidget\" data-feature-name=\"HLCXComparisonWidget_after_ask-dp-search-3-T2\" data-csa-c-type=\"widget\" data-csa-c-content-id=\"HLCXComparisonWidget_after_ask-dp-search-3-T2\" data-csa-c-slot-id=\"HLCXComparisonWidget_after_ask-dp-search-3-T2\" data-csa-c-asin=\"\" data-csa-c-is-in-initial-active-row=\"false\" data-csa-c-id=\"56ho3-8oaixr-nz7zx1-yhtifo\" data-cel-widget=\"HLCXComparisonWidget_after_ask-dp-search-3-T2\">\n<div id=\"product-comparison_feature_div\" class=\"celwidget\" data-feature-name=\"product-comparison\" data-csa-c-type=\"widget\" data-csa-c-content-id=\"product-comparison\" data-csa-c-slot-id=\"product-comparison_feature_div\" data-csa-c-asin=\"\" data-csa-c-is-in-initial-active-row=\"false\" data-csa-c-id=\"lv4njr-tx313g-q2yosr-4gq86g\" data-cel-widget=\"product-comparison_feature_div\"><\/div>\n<\/div>\n<div id=\"aplusSustainabilityStory_feature_div\" class=\"celwidget\" data-feature-name=\"aplusSustainabilityStory\" data-csa-c-type=\"widget\" data-csa-c-content-id=\"aplusSustainabilityStory\" data-csa-c-slot-id=\"aplusSustainabilityStory_feature_div\" data-csa-c-asin=\"\" data-csa-c-is-in-initial-active-row=\"false\" data-csa-c-id=\"4p9akf-s4qu5w-fpgqjp-4sev17\" data-cel-widget=\"aplusSustainabilityStory_feature_div\"><\/div>\n<div id=\"postsSameBrandCard_feature_div\" class=\"celwidget\" data-feature-name=\"postsSameBrandCard\" data-csa-c-type=\"widget\" data-csa-c-content-id=\"postsSameBrandCard\" data-csa-c-slot-id=\"postsSameBrandCard_feature_div\" data-csa-c-asin=\"\" data-csa-c-is-in-initial-active-row=\"false\" data-csa-c-id=\"jkjq5d-m0mkzy-94jvx0-h3bpzx\" data-cel-widget=\"postsSameBrandCard_feature_div\">\n<div class=\"celwidget c-f\" data-csa-op-log-render=\"\" data-csa-c-content-id=\"DsUnknown\" data-csa-c-slot-id=\"DsUnknown-5\" data-csa-c-type=\"widget\" data-csa-c-painter=\"posts-dp-same-brand-desktop-card-cards\" data-csa-c-id=\"mpf7h7-4aj5jc-hvtanx-pj0257\" data-cel-widget=\"posts-dp-same-brand-desktop-card_DetailPage_4\">\n<div id=\"CardInstanceMc0wY0mg8zFAlI8UTnIFDg\" class=\"_posts-dp-same-brand-desktop-card_style_post-same-brand-container__3N012\" data-properties=\"\" data-card-metrics-id=\"posts-dp-same-brand-desktop-card_DetailPage_4\" data-acp-tracking=\"{}\" data-mix-claimed=\"true\"><\/div>\n<\/div>\n<\/div>\n<div id=\"discovery-and-inspiration_feature_div\" class=\"celwidget\" data-feature-name=\"discovery-and-inspiration\" data-csa-c-type=\"widget\" data-csa-c-content-id=\"discovery-and-inspiration\" data-csa-c-slot-id=\"discovery-and-inspiration_feature_div\" data-csa-c-asin=\"\" data-csa-c-is-in-initial-active-row=\"false\" data-csa-c-id=\"7h7hma-ea1n2s-eyp4qi-licbjd\" data-cel-widget=\"discovery-and-inspiration_feature_div\"><\/div>\n<div id=\"sponsoredProducts2_feature_div\" class=\"celwidget\" data-feature-name=\"sponsoredProducts2\" data-csa-c-type=\"widget\" data-csa-c-content-id=\"sponsoredProducts2\" data-csa-c-slot-id=\"sponsoredProducts2_feature_div\" data-csa-c-asin=\"\" data-csa-c-is-in-initial-active-row=\"false\" data-csa-c-id=\"4y163w-1jckol-vk0w8j-bdjv47\" data-cel-widget=\"sponsoredProducts2_feature_div\"><\/div>\n<div id=\"sims-themis-sponsored-products-2_feature_div\" class=\"celwidget\" data-feature-name=\"sims-themis-sponsored-products-2\" data-csa-c-type=\"widget\" data-csa-c-content-id=\"sims-themis-sponsored-products-2\" data-csa-c-slot-id=\"sims-themis-sponsored-products-2_feature_div\" data-csa-c-asin=\"\" data-csa-c-is-in-initial-active-row=\"false\" data-csa-c-id=\"vv31ka-8jm1rp-ii0g9p-qij0d\" data-cel-widget=\"sims-themis-sponsored-products-2_feature_div\">\n<div class=\"celwidget\" data-csa-c-id=\"ouihbo-ol0vei-jvr05p-7gha7q\" data-cel-widget=\"sims-consolidated-7_csm_instrumentation_wrapper\">\n<div class=\"celwidget pd_rd_w-At1BZ content-id-amzn1.sym.953c7d66-4120-4d22-a777-f19dbfa69309 pf_rd_p-953c7d66-4120-4d22-a777-f19dbfa69309 pf_rd_r-Y8S4JPM0TWY9FRS2V0WW pd_rd_wg-aQcjb pd_rd_r-9600d410-6eb8-4624-8c1b-8a0e62ee1dc5\" data-csa-op-log-render=\"\" data-csa-c-content-id=\"amzn1.sym.953c7d66-4120-4d22-a777-f19dbfa69309\" data-csa-c-slot-id=\"sponsored-products-4\" data-csa-c-type=\"widget\" data-csa-c-painter=\"FirebirdPainter\" data-csa-c-id=\"gqxwzj-1i44ll-cvthri-gkc82m\" data-cel-widget=\"desktop-dp-sims_SponsoredProductsSimsDp2Desktop\">\n<div data-csa-c-type=\"widget\" data-csa-c-slot-id=\"sp_detail2\" data-csa-c-id=\"5hayu6-yb1pgc-7azbx7-ktwyi3\"><\/div>\n<\/div>\n<\/div>\n<\/div>\n","protected":false},"excerpt":{"rendered":"<p>&#8211; Almacenamiento de 2000 articulos<br \/>\n&#8211; Registro 24 de departamentos<br \/>\n&#8211; Registro de hasta 10 cajeros<br \/>\n&#8211; Pantallas LCD delanteras y traseras<br \/>\n&#8211; Caj\u00f3n portamonedas compacto con llave<br \/>\n&#8211; 4 compartimentos para monedas<br \/>\n&#8211; 4 compartimentos para billetes<br \/>\n&#8211; Control deslizante del modo de programaci\u00f3n<br \/>\n&#8211; Color Negro<br \/>\n&#8211; Pantalla operador<br \/>\n&#8211; Pantalla cliente<br \/>\n&#8211; Impresora: t\u00e9rmica de 58 mm<br \/>\n&#8211; Impuesto configurable<br \/>\n&#8211; Bater\u00eda de Respaldo<br \/>\n&#8211; Medidas: 52cm (Pr.) x 55cm (An.) x 28cm (Al.) (aprox.)<\/p>\n","protected":false},"featured_media":20144,"comment_status":"open","ping_status":"closed","template":"","meta":{"jetpack_publicize_message":"","jetpack_publicize_feature_enabled":true,"jetpack_social_post_already_shared":true,"jetpack_social_options":{"image_generator_settings":{"template":"highway","default_image_id":0,"font":"","enabled":false},"version":2}},"pwb-brand":[92],"product_brand":[],"product_cat":[310],"product_tag":[],"class_list":{"0":"post-20133","1":"product","2":"type-product","3":"status-publish","4":"has-post-thumbnail","6":"pwb-brand-royal-sovereign","7":"product_cat-cajaregistradora","9":"first","10":"onbackorder","11":"taxable","12":"shipping-taxable","13":"purchasable","14":"product-type-simple"},"yoast_head":"<!-- This site is optimized with the Yoast SEO Premium plugin v25.7.1 (Yoast SEO v26.8) - https:\/\/yoast.com\/product\/yoast-seo-premium-wordpress\/ -->\n<title>Caja Registradora Electr\u00f3nica Royal - Mivoot<\/title>\n<meta name=\"robots\" content=\"index, follow, max-snippet:-1, max-image-preview:large, max-video-preview:-1\" \/>\n<link rel=\"canonical\" href=\"https:\/\/mivoot.com\/gt\/producto\/caja-registradora-electronica-royal\/\" \/>\n<meta property=\"og:locale\" content=\"es_ES\" \/>\n<meta property=\"og:type\" content=\"article\" \/>\n<meta property=\"og:title\" content=\"Caja Registradora Electr\u00f3nica Royal\" \/>\n<meta property=\"og:description\" content=\"- Almacenamiento de 2000 articulos  - Registro 24 de departamentos  - Registro de hasta 10 cajeros - Pantallas LCD delanteras y traseras - Caj\u00f3n portamonedas compacto con llave - 4 compartimentos para monedas - 4 compartimentos para billetes - Control deslizante del modo de programaci\u00f3n - Color Negro - Pantalla operador - Pantalla cliente - Impresora: t\u00e9rmica de 58 mm - Impuesto configurable - Bater\u00eda de Respaldo - Medidas: 52cm (Pr.) x 55cm (An.) x 28cm (Al.) (aprox.)\" \/>\n<meta property=\"og:url\" content=\"https:\/\/mivoot.com\/gt\/producto\/caja-registradora-electronica-royal\/\" \/>\n<meta property=\"og:site_name\" content=\"Mivoot\" \/>\n<meta property=\"article:publisher\" content=\"https:\/\/www.facebook.com\/mivootgt\" \/>\n<meta property=\"article:modified_time\" content=\"2025-10-10T20:46:48+00:00\" \/>\n<meta property=\"og:image\" content=\"https:\/\/mivoot.com\/gt\/wp-content\/uploads\/2024\/07\/410DX_black_01.png\" \/>\n\t<meta property=\"og:image:width\" content=\"1200\" \/>\n\t<meta property=\"og:image:height\" content=\"1200\" \/>\n\t<meta property=\"og:image:type\" content=\"image\/png\" \/>\n<meta name=\"twitter:card\" content=\"summary_large_image\" \/>\n<meta name=\"twitter:label1\" content=\"Est. reading time\" \/>\n\t<meta name=\"twitter:data1\" content=\"2 minutos\" \/>\n<script type=\"application\/ld+json\" class=\"yoast-schema-graph\">{\"@context\":\"https:\/\/schema.org\",\"@graph\":[{\"@type\":\"WebPage\",\"@id\":\"https:\/\/mivoot.com\/gt\/producto\/caja-registradora-electronica-royal\/\",\"url\":\"https:\/\/mivoot.com\/gt\/producto\/caja-registradora-electronica-royal\/\",\"name\":\"Caja Registradora Electr\u00f3nica Royal - Mivoot\",\"isPartOf\":{\"@id\":\"https:\/\/mivoot.com\/gt\/#website\"},\"primaryImageOfPage\":{\"@id\":\"https:\/\/mivoot.com\/gt\/producto\/caja-registradora-electronica-royal\/#primaryimage\"},\"image\":{\"@id\":\"https:\/\/mivoot.com\/gt\/producto\/caja-registradora-electronica-royal\/#primaryimage\"},\"thumbnailUrl\":\"https:\/\/mivoot.com\/gt\/wp-content\/uploads\/2024\/07\/410DX_black_01.png\",\"datePublished\":\"2024-07-10T17:06:06+00:00\",\"dateModified\":\"2025-10-10T20:46:48+00:00\",\"breadcrumb\":{\"@id\":\"https:\/\/mivoot.com\/gt\/producto\/caja-registradora-electronica-royal\/#breadcrumb\"},\"inLanguage\":\"es\",\"potentialAction\":[{\"@type\":\"ReadAction\",\"target\":[\"https:\/\/mivoot.com\/gt\/producto\/caja-registradora-electronica-royal\/\"]}]},{\"@type\":\"ImageObject\",\"inLanguage\":\"es\",\"@id\":\"https:\/\/mivoot.com\/gt\/producto\/caja-registradora-electronica-royal\/#primaryimage\",\"url\":\"https:\/\/mivoot.com\/gt\/wp-content\/uploads\/2024\/07\/410DX_black_01.png\",\"contentUrl\":\"https:\/\/mivoot.com\/gt\/wp-content\/uploads\/2024\/07\/410DX_black_01.png\",\"width\":1200,\"height\":1200},{\"@type\":\"BreadcrumbList\",\"@id\":\"https:\/\/mivoot.com\/gt\/producto\/caja-registradora-electronica-royal\/#breadcrumb\",\"itemListElement\":[{\"@type\":\"ListItem\",\"position\":1,\"name\":\"Inicio\",\"item\":\"https:\/\/mivoot.com\/gt\/\"},{\"@type\":\"ListItem\",\"position\":2,\"name\":\"Productos\",\"item\":\"https:\/\/mivoot.com\/gt\/producto\/\"},{\"@type\":\"ListItem\",\"position\":3,\"name\":\"Royal Sovereign\",\"item\":\"https:\/\/mivoot.com\/gt\/marca\/royal-sovereign\/\"},{\"@type\":\"ListItem\",\"position\":4,\"name\":\"Caja Registradora Electr\u00f3nica Royal\"}]},{\"@type\":\"WebSite\",\"@id\":\"https:\/\/mivoot.com\/gt\/#website\",\"url\":\"https:\/\/mivoot.com\/gt\/\",\"name\":\"Mivoot\",\"description\":\"Mivoot Guatemala | Tienda Online\",\"publisher\":{\"@id\":\"https:\/\/mivoot.com\/gt\/#organization\"},\"alternateName\":\"mivoot\",\"potentialAction\":[{\"@type\":\"SearchAction\",\"target\":{\"@type\":\"EntryPoint\",\"urlTemplate\":\"https:\/\/mivoot.com\/gt\/?s={search_term_string}\"},\"query-input\":{\"@type\":\"PropertyValueSpecification\",\"valueRequired\":true,\"valueName\":\"search_term_string\"}}],\"inLanguage\":\"es\"},{\"@type\":\"Organization\",\"@id\":\"https:\/\/mivoot.com\/gt\/#organization\",\"name\":\"Mivoot Guatemala\",\"alternateName\":\"mivoot.com\",\"url\":\"https:\/\/mivoot.com\/gt\/\",\"logo\":{\"@type\":\"ImageObject\",\"inLanguage\":\"es\",\"@id\":\"https:\/\/mivoot.com\/gt\/#\/schema\/logo\/image\/\",\"url\":\"https:\/\/mivoot.com\/gt\/wp-content\/uploads\/2023\/03\/cropped-icon.png\",\"contentUrl\":\"https:\/\/mivoot.com\/gt\/wp-content\/uploads\/2023\/03\/cropped-icon.png\",\"width\":512,\"height\":512,\"caption\":\"Mivoot Guatemala\"},\"image\":{\"@id\":\"https:\/\/mivoot.com\/gt\/#\/schema\/logo\/image\/\"},\"sameAs\":[\"https:\/\/www.facebook.com\/mivootgt\",\"https:\/\/instagram.com\/mivoot\"]}]}<\/script>\n<!-- \/ Yoast SEO Premium plugin. -->","yoast_head_json":{"title":"Caja Registradora Electr\u00f3nica Royal - Mivoot","robots":{"index":"index","follow":"follow","max-snippet":"max-snippet:-1","max-image-preview":"max-image-preview:large","max-video-preview":"max-video-preview:-1"},"canonical":"https:\/\/mivoot.com\/gt\/producto\/caja-registradora-electronica-royal\/","og_locale":"es_ES","og_type":"article","og_title":"Caja Registradora Electr\u00f3nica Royal","og_description":"- Almacenamiento de 2000 articulos  - Registro 24 de departamentos  - Registro de hasta 10 cajeros - Pantallas LCD delanteras y traseras - Caj\u00f3n portamonedas compacto con llave - 4 compartimentos para monedas - 4 compartimentos para billetes - Control deslizante del modo de programaci\u00f3n - Color Negro - Pantalla operador - Pantalla cliente - Impresora: t\u00e9rmica de 58 mm - Impuesto configurable - Bater\u00eda de Respaldo - Medidas: 52cm (Pr.) x 55cm (An.) x 28cm (Al.) (aprox.)","og_url":"https:\/\/mivoot.com\/gt\/producto\/caja-registradora-electronica-royal\/","og_site_name":"Mivoot","article_publisher":"https:\/\/www.facebook.com\/mivootgt","article_modified_time":"2025-10-10T20:46:48+00:00","og_image":[{"width":1200,"height":1200,"url":"https:\/\/mivoot.com\/gt\/wp-content\/uploads\/2024\/07\/410DX_black_01.png","type":"image\/png"}],"twitter_card":"summary_large_image","twitter_misc":{"Est. reading time":"2 minutos"},"schema":{"@context":"https:\/\/schema.org","@graph":[{"@type":"WebPage","@id":"https:\/\/mivoot.com\/gt\/producto\/caja-registradora-electronica-royal\/","url":"https:\/\/mivoot.com\/gt\/producto\/caja-registradora-electronica-royal\/","name":"Caja Registradora Electr\u00f3nica Royal - Mivoot","isPartOf":{"@id":"https:\/\/mivoot.com\/gt\/#website"},"primaryImageOfPage":{"@id":"https:\/\/mivoot.com\/gt\/producto\/caja-registradora-electronica-royal\/#primaryimage"},"image":{"@id":"https:\/\/mivoot.com\/gt\/producto\/caja-registradora-electronica-royal\/#primaryimage"},"thumbnailUrl":"https:\/\/mivoot.com\/gt\/wp-content\/uploads\/2024\/07\/410DX_black_01.png","datePublished":"2024-07-10T17:06:06+00:00","dateModified":"2025-10-10T20:46:48+00:00","breadcrumb":{"@id":"https:\/\/mivoot.com\/gt\/producto\/caja-registradora-electronica-royal\/#breadcrumb"},"inLanguage":"es","potentialAction":[{"@type":"ReadAction","target":["https:\/\/mivoot.com\/gt\/producto\/caja-registradora-electronica-royal\/"]}]},{"@type":"ImageObject","inLanguage":"es","@id":"https:\/\/mivoot.com\/gt\/producto\/caja-registradora-electronica-royal\/#primaryimage","url":"https:\/\/mivoot.com\/gt\/wp-content\/uploads\/2024\/07\/410DX_black_01.png","contentUrl":"https:\/\/mivoot.com\/gt\/wp-content\/uploads\/2024\/07\/410DX_black_01.png","width":1200,"height":1200},{"@type":"BreadcrumbList","@id":"https:\/\/mivoot.com\/gt\/producto\/caja-registradora-electronica-royal\/#breadcrumb","itemListElement":[{"@type":"ListItem","position":1,"name":"Inicio","item":"https:\/\/mivoot.com\/gt\/"},{"@type":"ListItem","position":2,"name":"Productos","item":"https:\/\/mivoot.com\/gt\/producto\/"},{"@type":"ListItem","position":3,"name":"Royal Sovereign","item":"https:\/\/mivoot.com\/gt\/marca\/royal-sovereign\/"},{"@type":"ListItem","position":4,"name":"Caja Registradora Electr\u00f3nica Royal"}]},{"@type":"WebSite","@id":"https:\/\/mivoot.com\/gt\/#website","url":"https:\/\/mivoot.com\/gt\/","name":"Mivoot","description":"Mivoot Guatemala | Tienda Online","publisher":{"@id":"https:\/\/mivoot.com\/gt\/#organization"},"alternateName":"mivoot","potentialAction":[{"@type":"SearchAction","target":{"@type":"EntryPoint","urlTemplate":"https:\/\/mivoot.com\/gt\/?s={search_term_string}"},"query-input":{"@type":"PropertyValueSpecification","valueRequired":true,"valueName":"search_term_string"}}],"inLanguage":"es"},{"@type":"Organization","@id":"https:\/\/mivoot.com\/gt\/#organization","name":"Mivoot Guatemala","alternateName":"mivoot.com","url":"https:\/\/mivoot.com\/gt\/","logo":{"@type":"ImageObject","inLanguage":"es","@id":"https:\/\/mivoot.com\/gt\/#\/schema\/logo\/image\/","url":"https:\/\/mivoot.com\/gt\/wp-content\/uploads\/2023\/03\/cropped-icon.png","contentUrl":"https:\/\/mivoot.com\/gt\/wp-content\/uploads\/2023\/03\/cropped-icon.png","width":512,"height":512,"caption":"Mivoot Guatemala"},"image":{"@id":"https:\/\/mivoot.com\/gt\/#\/schema\/logo\/image\/"},"sameAs":["https:\/\/www.facebook.com\/mivootgt","https:\/\/instagram.com\/mivoot"]}]}},"jetpack_publicize_connections":[],"jetpack_sharing_enabled":true,"brands":[{"id":92,"name":"Royal Sovereign","slug":"royal-sovereign"}],"_links":{"self":[{"href":"https:\/\/mivoot.com\/gt\/wp-json\/wp\/v2\/product\/20133","targetHints":{"allow":["GET"]}}],"collection":[{"href":"https:\/\/mivoot.com\/gt\/wp-json\/wp\/v2\/product"}],"about":[{"href":"https:\/\/mivoot.com\/gt\/wp-json\/wp\/v2\/types\/product"}],"replies":[{"embeddable":true,"href":"https:\/\/mivoot.com\/gt\/wp-json\/wp\/v2\/comments?post=20133"}],"version-history":[{"count":4,"href":"https:\/\/mivoot.com\/gt\/wp-json\/wp\/v2\/product\/20133\/revisions"}],"predecessor-version":[{"id":30657,"href":"https:\/\/mivoot.com\/gt\/wp-json\/wp\/v2\/product\/20133\/revisions\/30657"}],"wp:featuredmedia":[{"embeddable":true,"href":"https:\/\/mivoot.com\/gt\/wp-json\/wp\/v2\/media\/20144"}],"wp:attachment":[{"href":"https:\/\/mivoot.com\/gt\/wp-json\/wp\/v2\/media?parent=20133"}],"wp:term":[{"taxonomy":"pwb-brand","embeddable":true,"href":"https:\/\/mivoot.com\/gt\/wp-json\/wp\/v2\/pwb-brand?post=20133"},{"taxonomy":"product_brand","embeddable":true,"href":"https:\/\/mivoot.com\/gt\/wp-json\/wp\/v2\/product_brand?post=20133"},{"taxonomy":"product_cat","embeddable":true,"href":"https:\/\/mivoot.com\/gt\/wp-json\/wp\/v2\/product_cat?post=20133"},{"taxonomy":"product_tag","embeddable":true,"href":"https:\/\/mivoot.com\/gt\/wp-json\/wp\/v2\/product_tag?post=20133"}],"curies":[{"name":"wp","href":"https:\/\/api.w.org\/{rel}","templated":true}]}}