{"id":20148,"date":"2024-07-10T13:20:08","date_gmt":"2024-07-10T19:20:08","guid":{"rendered":"https:\/\/mivoot.com\/gt\/?post_type=product&#038;p=20148"},"modified":"2024-08-05T18:07:10","modified_gmt":"2024-08-06T00:07:10","slug":"bocina-portatil-bluetooth-microfono-boomfire-pro-klip-xtreme","status":"publish","type":"product","link":"https:\/\/mivoot.com\/gt\/producto\/bocina-portatil-bluetooth-microfono-boomfire-pro-klip-xtreme\/","title":{"rendered":"Bocina Port\u00e1til Bluetooth + Microfono BoomFire Pro Klip Xtreme"},"content":{"rendered":"<h2>El alma de la fiesta<\/h2>\n<p>Este parlante KlipXtreme port\u00e1til, colorido, potente y equipado con dos subwoofers de 8\u201d llevar\u00e1 tu pr\u00f3xima fiesta a nuevos niveles de diversi\u00f3n. Con 3.000 vatios de potencia musical y graves vibrantes, el\u00a0<strong>BoomFire Pro<\/strong>\u00a0ser\u00e1 el coraz\u00f3n de cualquier celebraci\u00f3n. Sus c\u00f3modas ruedas lo hacen f\u00e1cil de llevar a todas partes y sus luces LED flameantes crear\u00e1n la atm\u00f3sfera adecuada para pasar un buen momento. Este parlante tambi\u00e9n cuenta con una bater\u00eda que dura hasta 9 largas horas con las luces encendidas. Pero a\u00fan hay m\u00e1s: con su micr\u00f3fono inal\u00e1mbrico, puedes mostrar tus habilidades como estrella del canto.<\/p>\n<h2>Caracter\u00edsticas<\/h2>\n<ul>\n<li>3,000 vatios de potencia de salida<\/li>\n<li>Dos parlantes de graves de 8&#8243; de alto para ofrecer bajos potentes y claros<\/li>\n<li>Luces LED flameantes ajustables para crear cualquier atm\u00f3sfera<\/li>\n<li>Incluye un micr\u00f3fono inal\u00e1mbrico de alta calidad<\/li>\n<li>Port\u00e1til con bater\u00eda recargable 4.5Ah incorporada que dura hasta 9 horas con las luces encendidas y 22 horas con las luces apagadas<sup>2<\/sup><\/li>\n<li>Funciona con dispositivos compatibles con Bluetooth<sup>\u00ae<\/sup>\u00a0V5.0<\/li>\n<li>Entradas para dos micr\u00f3fonos con cable y una guitarra, para diversi\u00f3n adicional<sup>3<\/sup><\/li>\n<li>Equipado con tecnolog\u00eda TWS (True Wireless Stereo), dise\u00f1ada para conectar y transmitir audio a trav\u00e9s de dos unidades id\u00e9nticas simult\u00e1neamente<sup>4<\/sup><\/li>\n<li>Entrada auxiliar de 3,5 mm y ranuras de memoria USB y microSD\u2122 integradas para archivos de m\u00fasica<\/li>\n<li>Graves y agudos ajustables para satisfacer tus preferencias de sonido<\/li>\n<li>Ranura para colocar tabletas o tel\u00e9fonos inteligentes<\/li>\n<li>Control remoto para manejar el parlante desde la pista de baile<\/li>\n<li>Asa y ruedas resistentes que lo hacen extremadamente port\u00e1til<\/li>\n<li>Pantalla LED de alta calidad<\/li>\n<li>Radio FM incorporada<\/li>\n<\/ul>\n<div class=\"row\"  id=\"row-1040808889\">\n\n\t<div id=\"col-873156803\" class=\"col medium-1\/3 large-4\"  >\n\t\t<div class=\"col-inner\"  >\n\t\t\t\n\t\t\t\n<img decoding=\"async\" src=\"https:\/\/klip-xtreme-frontend.s3.amazonaws.com\/media\/img\/Icon-Device-grupo.png\" alt=\"Dispositivo\" height=\"25px\" \/><\/p>\n<h6 class=\"font-weight-bolder d-inline-block pl-2\">Dispositivo<\/h6>\n<hr \/>\n<div>\n<ul>\n<li><strong>Tipo:<\/strong>\u00a0Parlante port\u00e1til para fiestas<\/li>\n<li><strong>M\u00e1xima potencia de salida seleccionable (PMPO):\u00a0<\/strong>3000W<\/li>\n<li><strong>Potencia RMS de referencia:<\/strong>\u00a0200W<\/li>\n<li><strong>Entrada de CA:\u00a0<\/strong>100-240VAC ~ 50\/60Hz<\/li>\n<li><strong>Entrada de CC:<\/strong>\u00a015V 3A<\/li>\n<li><strong>Botones:<\/strong>\u00a0Modo \/Grabaci\u00f3n \/Previo \/Reproducir-pausa \/Siguiente\/Repetir \/Luces LED \/Graves \/Agudos \/Eco \/Volumen\/Volumen de guitarra \/Volumen de micr\u00f3fono<\/li>\n<\/ul>\n<\/div>\n\t\t<\/div>\n\t\t\t<\/div>\n\n\t\n\n\t<div id=\"col-432221035\" class=\"col medium-1\/3 large-4\"  >\n\t\t<div class=\"col-inner\"  >\n\t\t\t\n\t\t\t\n<img decoding=\"async\" src=\"https:\/\/klip-xtreme-frontend.s3.amazonaws.com\/media\/img\/Icon-Speaker-grupo.png\" alt=\"Parlante\" height=\"25px\" \/><\/p>\n<h6 class=\"font-weight-bolder d-inline-block pl-2\">Parlante<\/h6>\n<hr \/>\n<div>\n<ul>\n<li><strong>Altavoces din\u00e1micos:\u00a0<\/strong>Dos subwoofers de 8&#8243; y un altavoz de agudos de 1,5&#8243;<\/li>\n<li><strong>Potencia RMS de referencia:\u00a0<\/strong>100W x2<\/li>\n<li><strong>Frecuencia:\u00a0<\/strong>80Hz-15KHz<\/li>\n<li><strong>Impedancia:\u00a0<\/strong>4.0 OHM<\/li>\n<li><strong>Sensibilidad:\u00a0<\/strong>83dB \u00b13dB<\/li>\n<li><strong>Relaci\u00f3n de se\u00f1al a ruido:\u00a0<\/strong>75dB<\/li>\n<li><strong>Distorsi\u00f3n arm\u00f3nica total (DAT):\u00a0<\/strong>1kHz, 0dB (\u00b110%)<\/li>\n<\/ul>\n<\/div>\n\t\t<\/div>\n\t\t\t<\/div>\n\n\t\n\n\t<div id=\"col-904232469\" class=\"col medium-1\/3 large-4\"  >\n\t\t<div class=\"col-inner\"  >\n\t\t\t\n\t\t\t\n<img decoding=\"async\" src=\"https:\/\/klip-xtreme-frontend.s3.amazonaws.com\/media\/img\/Icon-Microphone-grupo.png\" alt=\"Micr\u00f3fono\" height=\"25px\" \/><\/p>\n<h6 class=\"font-weight-bolder d-inline-block pl-2\">Micr\u00f3fono<\/h6>\n<hr \/>\n<div>\n<ul>\n<li><strong>Conectividad:<\/strong>\u00a0Inal\u00e1mbrico (incluido) y compatible con micr\u00f3fonos de cable<\/li>\n<li><strong>Directividad:\u00a0<\/strong>Punto \u00fanico<\/li>\n<li><strong>Frecuencia:<\/strong>\u00a0261,8MHZ<\/li>\n<li><strong>Impedancia:<\/strong>\u00a0600\u03a9<\/li>\n<li><strong>Sensibilidad:<\/strong>\u00a0-95dB<\/li>\n<\/ul>\n<\/div>\n\t\t<\/div>\n\t\t\t<\/div>\n\n\t\n<\/div>\n<p>&nbsp;<\/p>\n<div class=\"col-12 col-sm-6 pb-2 mb-2\"><div class=\"row\"  id=\"row-1325278143\">\n\t<div id=\"col-1687831761\" class=\"col medium-1\/3 large-4\"  >\n\t\t<div class=\"col-inner\"  >\n\t\t\t\n\t\t\t\n<img decoding=\"async\" src=\"https:\/\/klip-xtreme-frontend.s3.amazonaws.com\/media\/img\/Icon-Connectivity-grupo.png\" alt=\"Conectividad\" height=\"25px\" \/><\/p>\n<h6 class=\"font-weight-bolder d-inline-block pl-2\">Conectividad<\/h6>\n<hr \/>\n<div>\n<ul>\n<li><strong>Tipo de conexi\u00f3n:<\/strong>\u00a0Inal\u00e1mbrica<\/li>\n<li><strong>Versi\u00f3n de Bluetooth:<\/strong>\u00a0Compatible con Bluetooth<sup>\u00ae<\/sup>\u00a0v5.0<\/li>\n<li><strong>Funci\u00f3n TWS:\u00a0<\/strong>S\u00ed<\/li>\n<li><strong>Entrada para tarjeta de memoria:<\/strong>\u00a0S\u00ed<\/li>\n<li><strong>Tarjeta de memoria:<\/strong>\u00a0microSD\u2122 de hasta 32GB<\/li>\n<li><strong>Entrada USB:\u00a0<\/strong>S\u00ed<\/li>\n<li><strong>Frecuencia de RF inal\u00e1mbrica:<\/strong>\u00a02.4GHz-2.480GHz<\/li>\n<li><strong>Rango inal\u00e1mbrico:<\/strong>\u00a0Hasta 10m<sup>1<\/sup><\/li>\n<li><strong>Entrada de audio:<\/strong>\u00a0AUX de 3,5mm est\u00e9reo<\/li>\n<li><strong>Entradas adicionales:<\/strong>\u00a0Dos de 6.5mm para micr\u00f3fono y una para guitarra<\/li>\n<\/ul>\n<p><small class=\"\\&quot;\\&quot;text-muted\\&quot;\"><sup>1<\/sup>\u00a0El c\u00e1lculo de alcance se basa en un \u00e1rea libre de obst\u00e1culos e interferencias y dentro de la l\u00ednea de visi\u00f3n entre los dispositivos.<\/small><\/p>\n<\/div>\n\t\t<\/div>\n\t\t\t<\/div>\n\n\t\n\n\t<div id=\"col-100116229\" class=\"col medium-1\/3 large-4\"  >\n\t\t<div class=\"col-inner\"  >\n\t\t\t\n\t\t\t\n<img decoding=\"async\" src=\"https:\/\/klip-xtreme-frontend.s3.amazonaws.com\/media\/img\/Icon-Battery-grupo.png\" alt=\"Bater\u00eda\" height=\"25px\" \/><\/p>\n<h6 class=\"font-weight-bolder d-inline-block pl-2\">Bater\u00eda<\/h6>\n<hr \/>\n<div>\n<ul>\n<li><strong>Tipo:\u00a0<\/strong>Bater\u00eda de plomo \u00e1cido de 4.5A<\/li>\n<li><strong>Tiempo de carga:\u00a0<\/strong>9 horas<\/li>\n<li><strong>Tiempo de funcionamiento con volumen al 50%:\u00a0<\/strong>Hasta 22 horas con las luces LED apagadas \/Hasta 9 horas con las luces LED encendidas<sup>2<\/sup><\/li>\n<li><strong>Tiempo de funcionamiento con volumen al 100%:\u00a0<\/strong>Hasta 3,5 horas con las luces LED apagadas \/Hasta 2 horas con las luces LED encendidas<sup>2<\/sup><\/li>\n<li><strong>Tiempo de la bater\u00eda en pausa:\u00a0<\/strong>90 d\u00edas<\/li>\n<li><strong>M\u00e9todo de carga:<\/strong>\u00a0Adaptador externo de CC de 12V<\/li>\n<\/ul>\n<p><small><sup>2<\/sup>\u00a0Depende del nivel de volumen y del tipo de archivo de audio que se reproduce.<\/small><\/p>\n<\/div>\n\t\t<\/div>\n\t\t\t<\/div>\n\n\t\n\n\t<div id=\"col-2104919838\" class=\"col medium-1\/3 large-4\"  >\n\t\t<div class=\"col-inner\"  >\n\t\t\t\n\t\t\t\n<img decoding=\"async\" src=\"https:\/\/klip-xtreme-frontend.s3.amazonaws.com\/media\/img\/Icon-Additional-information-grupo.png\" alt=\"Informaci\u00f3n adicional\" height=\"25px\" \/><\/p>\n<h6 class=\"font-weight-bolder d-inline-block pl-2\">Informaci\u00f3n adicional<\/h6>\n<hr \/>\n<div>\n<ul>\n<li><strong>Dimensiones del producto:<\/strong>\u00a032 \u00d7 32 \u00d7 70 cm<\/li>\n<li><strong>Peso del producto:<\/strong>\u00a019,8kg<\/li>\n<li><strong>Longitud del cable de carga:<\/strong>\u00a01,5m<\/li>\n<li><strong>Contenido del empaque:<\/strong>\u00a0Parlante, adaptador de corriente, cable AUX, control remoto, micr\u00f3fono inal\u00e1mbrico, manual del usuario<\/li>\n<\/ul>\n<\/div>\n\t\t<\/div>\n\t\t\t<\/div>\n\n\t\n<\/div><\/div>\n<div class=\"col-12 col-sm-6 pb-2 mb-2\"><img fetchpriority=\"high\" decoding=\"async\" class=\"alignnone size-full wp-image-20156\" src=\"https:\/\/mivoot.com\/gt\/wp-content\/uploads\/2024\/07\/KLS-662-08.png\" alt=\"\" width=\"1827\" height=\"818\" srcset=\"https:\/\/mivoot.com\/gt\/wp-content\/uploads\/2024\/07\/KLS-662-08.png 1827w, https:\/\/mivoot.com\/gt\/wp-content\/uploads\/2024\/07\/KLS-662-08-410x184.png 410w, https:\/\/mivoot.com\/gt\/wp-content\/uploads\/2024\/07\/KLS-662-08-64x29.png 64w, https:\/\/mivoot.com\/gt\/wp-content\/uploads\/2024\/07\/KLS-662-08-300x134.png 300w, https:\/\/mivoot.com\/gt\/wp-content\/uploads\/2024\/07\/KLS-662-08-768x344.png 768w, https:\/\/mivoot.com\/gt\/wp-content\/uploads\/2024\/07\/KLS-662-08-1536x688.png 1536w, https:\/\/mivoot.com\/gt\/wp-content\/uploads\/2024\/07\/KLS-662-08-600x269.png 600w\" sizes=\"(max-width: 1827px) 100vw, 1827px\" \/> <img decoding=\"async\" class=\"alignnone size-full wp-image-20157\" src=\"https:\/\/mivoot.com\/gt\/wp-content\/uploads\/2024\/07\/KLS-662-05.png\" alt=\"\" width=\"1630\" height=\"770\" srcset=\"https:\/\/mivoot.com\/gt\/wp-content\/uploads\/2024\/07\/KLS-662-05.png 1630w, https:\/\/mivoot.com\/gt\/wp-content\/uploads\/2024\/07\/KLS-662-05-410x194.png 410w, https:\/\/mivoot.com\/gt\/wp-content\/uploads\/2024\/07\/KLS-662-05-64x30.png 64w, https:\/\/mivoot.com\/gt\/wp-content\/uploads\/2024\/07\/KLS-662-05-300x142.png 300w, https:\/\/mivoot.com\/gt\/wp-content\/uploads\/2024\/07\/KLS-662-05-768x363.png 768w, https:\/\/mivoot.com\/gt\/wp-content\/uploads\/2024\/07\/KLS-662-05-1536x726.png 1536w, https:\/\/mivoot.com\/gt\/wp-content\/uploads\/2024\/07\/KLS-662-05-600x283.png 600w\" sizes=\"(max-width: 1630px) 100vw, 1630px\" \/> <img decoding=\"async\" class=\"alignnone size-full wp-image-20158\" src=\"https:\/\/mivoot.com\/gt\/wp-content\/uploads\/2024\/07\/KLS-662-06.png\" alt=\"\" width=\"1588\" height=\"871\" srcset=\"https:\/\/mivoot.com\/gt\/wp-content\/uploads\/2024\/07\/KLS-662-06.png 1588w, https:\/\/mivoot.com\/gt\/wp-content\/uploads\/2024\/07\/KLS-662-06-410x225.png 410w, https:\/\/mivoot.com\/gt\/wp-content\/uploads\/2024\/07\/KLS-662-06-64x35.png 64w, https:\/\/mivoot.com\/gt\/wp-content\/uploads\/2024\/07\/KLS-662-06-300x165.png 300w, https:\/\/mivoot.com\/gt\/wp-content\/uploads\/2024\/07\/KLS-662-06-768x421.png 768w, https:\/\/mivoot.com\/gt\/wp-content\/uploads\/2024\/07\/KLS-662-06-1536x842.png 1536w, https:\/\/mivoot.com\/gt\/wp-content\/uploads\/2024\/07\/KLS-662-06-600x329.png 600w\" sizes=\"(max-width: 1588px) 100vw, 1588px\" \/> <img loading=\"lazy\" decoding=\"async\" class=\"alignnone size-full wp-image-20159\" src=\"https:\/\/mivoot.com\/gt\/wp-content\/uploads\/2024\/07\/KLS-662-07.png\" alt=\"\" width=\"1732\" height=\"806\" srcset=\"https:\/\/mivoot.com\/gt\/wp-content\/uploads\/2024\/07\/KLS-662-07.png 1732w, https:\/\/mivoot.com\/gt\/wp-content\/uploads\/2024\/07\/KLS-662-07-410x191.png 410w, https:\/\/mivoot.com\/gt\/wp-content\/uploads\/2024\/07\/KLS-662-07-64x30.png 64w, https:\/\/mivoot.com\/gt\/wp-content\/uploads\/2024\/07\/KLS-662-07-300x140.png 300w, https:\/\/mivoot.com\/gt\/wp-content\/uploads\/2024\/07\/KLS-662-07-768x357.png 768w, https:\/\/mivoot.com\/gt\/wp-content\/uploads\/2024\/07\/KLS-662-07-1536x715.png 1536w, https:\/\/mivoot.com\/gt\/wp-content\/uploads\/2024\/07\/KLS-662-07-600x279.png 600w\" sizes=\"(max-width: 1732px) 100vw, 1732px\" \/><\/div>\n<div class=\"col-12 col-sm-6 pb-2 mb-2\"><\/div>\n<div class=\"col-12 col-sm-6 pb-2 mb-2\"><\/div>\n<div class=\"col-12 col-sm-6 pb-2 mb-2\"><\/div>\n<div class=\"col-12 col-sm-6 pb-2 mb-2\"><\/div>\n","protected":false},"excerpt":{"rendered":"<p>&#8211; Parlante port\u00e1til para fiestas<br \/>\n&#8211;  M\u00e1xima potencia de salida seleccionable (PMPO): 3000W<br \/>\n&#8211; Potencia RMS de referencia: 200W<br \/>\n&#8211; Altavoces din\u00e1micos: Dos subwoofers de 8&#8243; y un altavoz de agudos de 1,5&#8243;<br \/>\n&#8211; Potencia RMS de referencia: 100W x2<br \/>\n&#8211; Frecuencia: 80Hz-15KHz<br \/>\n&#8211; Impedancia: 4.0 OHM<br \/>\n&#8211; Microfono Inal\u00e1mbrico (incluido) y compatible con micr\u00f3fonos de cable<br \/>\n&#8211; Compatible con Bluetooth\u00ae v5.0<br \/>\n&#8211; Entrada para tarjeta de memoria<br \/>\n&#8211; Tarjeta de memoria: microSD\u2122 de hasta 32GB<br \/>\n&#8211; Entrada USB<\/p>\n","protected":false},"featured_media":20155,"comment_status":"open","ping_status":"closed","template":"","meta":{"jetpack_publicize_message":"","jetpack_publicize_feature_enabled":true,"jetpack_social_post_already_shared":true,"jetpack_social_options":{"image_generator_settings":{"template":"highway","default_image_id":0,"font":"","enabled":false},"version":2}},"pwb-brand":[79],"product_brand":[],"product_cat":[26],"product_tag":[],"class_list":{"0":"post-20148","1":"product","2":"type-product","3":"status-publish","4":"has-post-thumbnail","6":"pwb-brand-klip-xtreme","7":"product_cat-bocinas","9":"first","10":"instock","11":"sale","12":"taxable","13":"shipping-taxable","14":"purchasable","15":"product-type-simple"},"yoast_head":"<!-- This site is optimized with the Yoast SEO Premium plugin v25.7.1 (Yoast SEO v26.8) - https:\/\/yoast.com\/product\/yoast-seo-premium-wordpress\/ -->\n<title>Bocina Port\u00e1til Bluetooth + Microfono BoomFire Pro Klip Xtreme - Mivoot<\/title>\n<meta name=\"robots\" content=\"index, follow, max-snippet:-1, max-image-preview:large, max-video-preview:-1\" \/>\n<link rel=\"canonical\" href=\"https:\/\/mivoot.com\/gt\/producto\/bocina-portatil-bluetooth-microfono-boomfire-pro-klip-xtreme\/\" \/>\n<meta property=\"og:locale\" content=\"es_ES\" \/>\n<meta property=\"og:type\" content=\"article\" \/>\n<meta property=\"og:title\" content=\"Bocina Port\u00e1til Bluetooth + Microfono BoomFire Pro Klip Xtreme\" \/>\n<meta property=\"og:description\" content=\"- Parlante port\u00e1til para fiestas - M\u00e1xima potencia de salida seleccionable (PMPO): 3000W - Potencia RMS de referencia: 200W - Altavoces din\u00e1micos: Dos subwoofers de 8&quot; y un altavoz de agudos de 1,5&quot; - Potencia RMS de referencia: 100W x2 - Frecuencia: 80Hz-15KHz - Impedancia: 4.0 OHM - Microfono Inal\u00e1mbrico (incluido) y compatible con micr\u00f3fonos de cable - Compatible con Bluetooth\u00ae v5.0 - Entrada para tarjeta de memoria - Tarjeta de memoria: microSD\u2122 de hasta 32GB - Entrada USB\" \/>\n<meta property=\"og:url\" content=\"https:\/\/mivoot.com\/gt\/producto\/bocina-portatil-bluetooth-microfono-boomfire-pro-klip-xtreme\/\" \/>\n<meta property=\"og:site_name\" content=\"Mivoot\" \/>\n<meta property=\"article:publisher\" content=\"https:\/\/www.facebook.com\/mivootgt\" \/>\n<meta property=\"article:modified_time\" content=\"2024-08-06T00:07:10+00:00\" \/>\n<meta property=\"og:image\" content=\"https:\/\/mivoot.com\/gt\/wp-content\/uploads\/2024\/07\/KLS-662-00.webp\" \/>\n\t<meta property=\"og:image:width\" content=\"1200\" \/>\n\t<meta property=\"og:image:height\" content=\"1200\" \/>\n\t<meta property=\"og:image:type\" content=\"image\/webp\" \/>\n<meta name=\"twitter:card\" content=\"summary_large_image\" \/>\n<meta name=\"twitter:label1\" content=\"Est. reading time\" \/>\n\t<meta name=\"twitter:data1\" content=\"5 minutos\" \/>\n<script type=\"application\/ld+json\" class=\"yoast-schema-graph\">{\"@context\":\"https:\/\/schema.org\",\"@graph\":[{\"@type\":\"WebPage\",\"@id\":\"https:\/\/mivoot.com\/gt\/producto\/bocina-portatil-bluetooth-microfono-boomfire-pro-klip-xtreme\/\",\"url\":\"https:\/\/mivoot.com\/gt\/producto\/bocina-portatil-bluetooth-microfono-boomfire-pro-klip-xtreme\/\",\"name\":\"Bocina Port\u00e1til Bluetooth + Microfono BoomFire Pro Klip Xtreme - Mivoot\",\"isPartOf\":{\"@id\":\"https:\/\/mivoot.com\/gt\/#website\"},\"primaryImageOfPage\":{\"@id\":\"https:\/\/mivoot.com\/gt\/producto\/bocina-portatil-bluetooth-microfono-boomfire-pro-klip-xtreme\/#primaryimage\"},\"image\":{\"@id\":\"https:\/\/mivoot.com\/gt\/producto\/bocina-portatil-bluetooth-microfono-boomfire-pro-klip-xtreme\/#primaryimage\"},\"thumbnailUrl\":\"https:\/\/mivoot.com\/gt\/wp-content\/uploads\/2024\/07\/KLS-662-00.webp\",\"datePublished\":\"2024-07-10T19:20:08+00:00\",\"dateModified\":\"2024-08-06T00:07:10+00:00\",\"breadcrumb\":{\"@id\":\"https:\/\/mivoot.com\/gt\/producto\/bocina-portatil-bluetooth-microfono-boomfire-pro-klip-xtreme\/#breadcrumb\"},\"inLanguage\":\"es\",\"potentialAction\":[{\"@type\":\"ReadAction\",\"target\":[\"https:\/\/mivoot.com\/gt\/producto\/bocina-portatil-bluetooth-microfono-boomfire-pro-klip-xtreme\/\"]}]},{\"@type\":\"ImageObject\",\"inLanguage\":\"es\",\"@id\":\"https:\/\/mivoot.com\/gt\/producto\/bocina-portatil-bluetooth-microfono-boomfire-pro-klip-xtreme\/#primaryimage\",\"url\":\"https:\/\/mivoot.com\/gt\/wp-content\/uploads\/2024\/07\/KLS-662-00.webp\",\"contentUrl\":\"https:\/\/mivoot.com\/gt\/wp-content\/uploads\/2024\/07\/KLS-662-00.webp\",\"width\":1200,\"height\":1200},{\"@type\":\"BreadcrumbList\",\"@id\":\"https:\/\/mivoot.com\/gt\/producto\/bocina-portatil-bluetooth-microfono-boomfire-pro-klip-xtreme\/#breadcrumb\",\"itemListElement\":[{\"@type\":\"ListItem\",\"position\":1,\"name\":\"Inicio\",\"item\":\"https:\/\/mivoot.com\/gt\/\"},{\"@type\":\"ListItem\",\"position\":2,\"name\":\"Productos\",\"item\":\"https:\/\/mivoot.com\/gt\/producto\/\"},{\"@type\":\"ListItem\",\"position\":3,\"name\":\"Klip Xtreme\",\"item\":\"https:\/\/mivoot.com\/gt\/marca\/klip-xtreme\/\"},{\"@type\":\"ListItem\",\"position\":4,\"name\":\"Bocina Port\u00e1til Bluetooth + Microfono BoomFire Pro Klip Xtreme\"}]},{\"@type\":\"WebSite\",\"@id\":\"https:\/\/mivoot.com\/gt\/#website\",\"url\":\"https:\/\/mivoot.com\/gt\/\",\"name\":\"Mivoot\",\"description\":\"Mivoot Guatemala | Tienda Online\",\"publisher\":{\"@id\":\"https:\/\/mivoot.com\/gt\/#organization\"},\"alternateName\":\"mivoot\",\"potentialAction\":[{\"@type\":\"SearchAction\",\"target\":{\"@type\":\"EntryPoint\",\"urlTemplate\":\"https:\/\/mivoot.com\/gt\/?s={search_term_string}\"},\"query-input\":{\"@type\":\"PropertyValueSpecification\",\"valueRequired\":true,\"valueName\":\"search_term_string\"}}],\"inLanguage\":\"es\"},{\"@type\":\"Organization\",\"@id\":\"https:\/\/mivoot.com\/gt\/#organization\",\"name\":\"Mivoot Guatemala\",\"alternateName\":\"mivoot.com\",\"url\":\"https:\/\/mivoot.com\/gt\/\",\"logo\":{\"@type\":\"ImageObject\",\"inLanguage\":\"es\",\"@id\":\"https:\/\/mivoot.com\/gt\/#\/schema\/logo\/image\/\",\"url\":\"https:\/\/mivoot.com\/gt\/wp-content\/uploads\/2023\/03\/cropped-icon.png\",\"contentUrl\":\"https:\/\/mivoot.com\/gt\/wp-content\/uploads\/2023\/03\/cropped-icon.png\",\"width\":512,\"height\":512,\"caption\":\"Mivoot Guatemala\"},\"image\":{\"@id\":\"https:\/\/mivoot.com\/gt\/#\/schema\/logo\/image\/\"},\"sameAs\":[\"https:\/\/www.facebook.com\/mivootgt\",\"https:\/\/instagram.com\/mivoot\"]}]}<\/script>\n<!-- \/ Yoast SEO Premium plugin. -->","yoast_head_json":{"title":"Bocina Port\u00e1til Bluetooth + Microfono BoomFire Pro Klip Xtreme - Mivoot","robots":{"index":"index","follow":"follow","max-snippet":"max-snippet:-1","max-image-preview":"max-image-preview:large","max-video-preview":"max-video-preview:-1"},"canonical":"https:\/\/mivoot.com\/gt\/producto\/bocina-portatil-bluetooth-microfono-boomfire-pro-klip-xtreme\/","og_locale":"es_ES","og_type":"article","og_title":"Bocina Port\u00e1til Bluetooth + Microfono BoomFire Pro Klip Xtreme","og_description":"- Parlante port\u00e1til para fiestas - M\u00e1xima potencia de salida seleccionable (PMPO): 3000W - Potencia RMS de referencia: 200W - Altavoces din\u00e1micos: Dos subwoofers de 8\" y un altavoz de agudos de 1,5\" - Potencia RMS de referencia: 100W x2 - Frecuencia: 80Hz-15KHz - Impedancia: 4.0 OHM - Microfono Inal\u00e1mbrico (incluido) y compatible con micr\u00f3fonos de cable - Compatible con Bluetooth\u00ae v5.0 - Entrada para tarjeta de memoria - Tarjeta de memoria: microSD\u2122 de hasta 32GB - Entrada USB","og_url":"https:\/\/mivoot.com\/gt\/producto\/bocina-portatil-bluetooth-microfono-boomfire-pro-klip-xtreme\/","og_site_name":"Mivoot","article_publisher":"https:\/\/www.facebook.com\/mivootgt","article_modified_time":"2024-08-06T00:07:10+00:00","og_image":[{"width":1200,"height":1200,"url":"https:\/\/mivoot.com\/gt\/wp-content\/uploads\/2024\/07\/KLS-662-00.webp","type":"image\/webp"}],"twitter_card":"summary_large_image","twitter_misc":{"Est. reading time":"5 minutos"},"schema":{"@context":"https:\/\/schema.org","@graph":[{"@type":"WebPage","@id":"https:\/\/mivoot.com\/gt\/producto\/bocina-portatil-bluetooth-microfono-boomfire-pro-klip-xtreme\/","url":"https:\/\/mivoot.com\/gt\/producto\/bocina-portatil-bluetooth-microfono-boomfire-pro-klip-xtreme\/","name":"Bocina Port\u00e1til Bluetooth + Microfono BoomFire Pro Klip Xtreme - Mivoot","isPartOf":{"@id":"https:\/\/mivoot.com\/gt\/#website"},"primaryImageOfPage":{"@id":"https:\/\/mivoot.com\/gt\/producto\/bocina-portatil-bluetooth-microfono-boomfire-pro-klip-xtreme\/#primaryimage"},"image":{"@id":"https:\/\/mivoot.com\/gt\/producto\/bocina-portatil-bluetooth-microfono-boomfire-pro-klip-xtreme\/#primaryimage"},"thumbnailUrl":"https:\/\/mivoot.com\/gt\/wp-content\/uploads\/2024\/07\/KLS-662-00.webp","datePublished":"2024-07-10T19:20:08+00:00","dateModified":"2024-08-06T00:07:10+00:00","breadcrumb":{"@id":"https:\/\/mivoot.com\/gt\/producto\/bocina-portatil-bluetooth-microfono-boomfire-pro-klip-xtreme\/#breadcrumb"},"inLanguage":"es","potentialAction":[{"@type":"ReadAction","target":["https:\/\/mivoot.com\/gt\/producto\/bocina-portatil-bluetooth-microfono-boomfire-pro-klip-xtreme\/"]}]},{"@type":"ImageObject","inLanguage":"es","@id":"https:\/\/mivoot.com\/gt\/producto\/bocina-portatil-bluetooth-microfono-boomfire-pro-klip-xtreme\/#primaryimage","url":"https:\/\/mivoot.com\/gt\/wp-content\/uploads\/2024\/07\/KLS-662-00.webp","contentUrl":"https:\/\/mivoot.com\/gt\/wp-content\/uploads\/2024\/07\/KLS-662-00.webp","width":1200,"height":1200},{"@type":"BreadcrumbList","@id":"https:\/\/mivoot.com\/gt\/producto\/bocina-portatil-bluetooth-microfono-boomfire-pro-klip-xtreme\/#breadcrumb","itemListElement":[{"@type":"ListItem","position":1,"name":"Inicio","item":"https:\/\/mivoot.com\/gt\/"},{"@type":"ListItem","position":2,"name":"Productos","item":"https:\/\/mivoot.com\/gt\/producto\/"},{"@type":"ListItem","position":3,"name":"Klip Xtreme","item":"https:\/\/mivoot.com\/gt\/marca\/klip-xtreme\/"},{"@type":"ListItem","position":4,"name":"Bocina Port\u00e1til Bluetooth + Microfono BoomFire Pro Klip Xtreme"}]},{"@type":"WebSite","@id":"https:\/\/mivoot.com\/gt\/#website","url":"https:\/\/mivoot.com\/gt\/","name":"Mivoot","description":"Mivoot Guatemala | Tienda Online","publisher":{"@id":"https:\/\/mivoot.com\/gt\/#organization"},"alternateName":"mivoot","potentialAction":[{"@type":"SearchAction","target":{"@type":"EntryPoint","urlTemplate":"https:\/\/mivoot.com\/gt\/?s={search_term_string}"},"query-input":{"@type":"PropertyValueSpecification","valueRequired":true,"valueName":"search_term_string"}}],"inLanguage":"es"},{"@type":"Organization","@id":"https:\/\/mivoot.com\/gt\/#organization","name":"Mivoot Guatemala","alternateName":"mivoot.com","url":"https:\/\/mivoot.com\/gt\/","logo":{"@type":"ImageObject","inLanguage":"es","@id":"https:\/\/mivoot.com\/gt\/#\/schema\/logo\/image\/","url":"https:\/\/mivoot.com\/gt\/wp-content\/uploads\/2023\/03\/cropped-icon.png","contentUrl":"https:\/\/mivoot.com\/gt\/wp-content\/uploads\/2023\/03\/cropped-icon.png","width":512,"height":512,"caption":"Mivoot Guatemala"},"image":{"@id":"https:\/\/mivoot.com\/gt\/#\/schema\/logo\/image\/"},"sameAs":["https:\/\/www.facebook.com\/mivootgt","https:\/\/instagram.com\/mivoot"]}]}},"jetpack_publicize_connections":[],"jetpack_sharing_enabled":true,"brands":[{"id":79,"name":"Klip Xtreme","slug":"klip-xtreme"}],"_links":{"self":[{"href":"https:\/\/mivoot.com\/gt\/wp-json\/wp\/v2\/product\/20148","targetHints":{"allow":["GET"]}}],"collection":[{"href":"https:\/\/mivoot.com\/gt\/wp-json\/wp\/v2\/product"}],"about":[{"href":"https:\/\/mivoot.com\/gt\/wp-json\/wp\/v2\/types\/product"}],"replies":[{"embeddable":true,"href":"https:\/\/mivoot.com\/gt\/wp-json\/wp\/v2\/comments?post=20148"}],"version-history":[{"count":1,"href":"https:\/\/mivoot.com\/gt\/wp-json\/wp\/v2\/product\/20148\/revisions"}],"predecessor-version":[{"id":20160,"href":"https:\/\/mivoot.com\/gt\/wp-json\/wp\/v2\/product\/20148\/revisions\/20160"}],"wp:featuredmedia":[{"embeddable":true,"href":"https:\/\/mivoot.com\/gt\/wp-json\/wp\/v2\/media\/20155"}],"wp:attachment":[{"href":"https:\/\/mivoot.com\/gt\/wp-json\/wp\/v2\/media?parent=20148"}],"wp:term":[{"taxonomy":"pwb-brand","embeddable":true,"href":"https:\/\/mivoot.com\/gt\/wp-json\/wp\/v2\/pwb-brand?post=20148"},{"taxonomy":"product_brand","embeddable":true,"href":"https:\/\/mivoot.com\/gt\/wp-json\/wp\/v2\/product_brand?post=20148"},{"taxonomy":"product_cat","embeddable":true,"href":"https:\/\/mivoot.com\/gt\/wp-json\/wp\/v2\/product_cat?post=20148"},{"taxonomy":"product_tag","embeddable":true,"href":"https:\/\/mivoot.com\/gt\/wp-json\/wp\/v2\/product_tag?post=20148"}],"curies":[{"name":"wp","href":"https:\/\/api.w.org\/{rel}","templated":true}]}}