{"id":20253,"date":"2024-07-12T15:01:46","date_gmt":"2024-07-12T21:01:46","guid":{"rendered":"https:\/\/mivoot.com\/gt\/?post_type=product&#038;p=20253"},"modified":"2025-03-21T22:24:33","modified_gmt":"2025-03-22T04:24:33","slug":"luz-led-cob-para-fotografia-y-video-200w-zhiyun","status":"publish","type":"product","link":"https:\/\/mivoot.com\/gt\/producto\/luz-led-cob-para-fotografia-y-video-200w-zhiyun\/","title":{"rendered":"Luz LED COB  Para Fotograf\u00eda y Video 200W Zhiyun"},"content":{"rendered":"<div class=\"elementor-widget elementor-element elementor-element-dyg7iwa elementor-widget-heading\" data-element_type=\"heading\">\n<div class=\"elementor-widget-container\">\n<h2><img decoding=\"async\" src=\"https:\/\/m.media-amazon.com\/images\/S\/aplus-media-library-service-media\/262b4a9d-2537-47c0-9a59-51479a1ad141.__CR0,0,1464,600_PT0_SX1464_V1___.jpg\" alt=\"ZHIYUN B500 Video Light\" \/><\/h2>\n<h2><img decoding=\"async\" class=\"aligncenter\" style=\"font-size: 14.4px;\" src=\"https:\/\/zhiyun.reflecta.com\/img\/cms\/molus-b-series\/zhiyun-molus-b200-logo-white.jpg\" alt=\"Zhiyun Molus B100 - logo\" \/><\/h2>\n<h2 class=\"elementor-heading-title elementor-size-default none\" style=\"text-align: center;\">Portabilidad, practicidad y potencia<\/h2>\n<\/div>\n<\/div>\n<div class=\"elementor-widget elementor-element elementor-element-fqzt3el elementor-widget-text-editor\" data-element_type=\"text-editor\">\n<div class=\"elementor-widget-container\">\n<div class=\"elementor-text-editor rte-content\">\n<p style=\"text-align: center;\">Descubre la gama B Series de Zhiyun, que redefine la iluminaci\u00f3n de estudio gracias a su dise\u00f1o compacto y facilidad de uso<\/p>\n<h2 class=\"elementor-heading-title elementor-size-default none\" style=\"text-align: center;\">Incluido con el\u00a0<strong>Molus B200<\/strong><\/h2>\n<div class=\"row\"  id=\"row-1260033942\">\n\n\t<div id=\"col-897792358\" class=\"col medium-1\/4 large-3\"  >\n\t\t<div class=\"col-inner\"  >\n\t\t\t\n\t\t\t\n<img decoding=\"async\" src=\"https:\/\/zhiyun.reflecta.com\/img\/cms\/molus-b-series\/zhiyun-molus-b200-400x300px.jpg\" alt=\"Zhiyun Molus B200\" \/><\/p>\n<p>Molus B200<\/p>\n\t\t<\/div>\n\t\t\t<\/div>\n\n\t\n\n\t<div id=\"col-1675859356\" class=\"col medium-1\/4 large-3\"  >\n\t\t<div class=\"col-inner\"  >\n\t\t\t\n\t\t\t\n<img decoding=\"async\" src=\"https:\/\/zhiyun.reflecta.com\/img\/cms\/molus-b-series\/zhiyun-molus-b-series-parabola-400x300px.jpg\" alt=\"par&amp;aacute;bola - Molus B Series\" \/><\/p>\n<p>Par\u00e1bola<\/p>\n\t\t<\/div>\n\t\t\t<\/div>\n\n\t\n\n\t<div id=\"col-818485115\" class=\"col medium-1\/4 large-3\"  >\n\t\t<div class=\"col-inner\"  >\n\t\t\t\n\t\t\t\n<img decoding=\"async\" src=\"https:\/\/zhiyun.reflecta.com\/img\/cms\/molus-b-series\/zhiyun-molus-b-series-cable-400x300px.jpg\" alt=\"cable - Molus B Series\" \/><\/p>\n<p>Cable<\/p>\n\t\t<\/div>\n\t\t\t<\/div>\n\n\t\n\n\t<div id=\"col-618417303\" class=\"col medium-1\/4 large-3\"  >\n\t\t<div class=\"col-inner\"  >\n\t\t\t\n\t\t\t\n<img decoding=\"async\" src=\"https:\/\/zhiyun.reflecta.com\/img\/cms\/molus-b-series\/zhiyun-molus-b-series-tapa-400x300px.jpg\" alt=\"tapa - Molus B Series\" \/><\/p>\n<p>Tapa<\/p>\n\t\t<\/div>\n\t\t\t<\/div>\n\n\t\n<\/div>\n<div class=\"elementor-widget elementor-element elementor-element-xigapzu elementor-widget-heading\" data-element_type=\"heading\">\n<div class=\"elementor-widget-container\">\n<h2 class=\"elementor-heading-title elementor-size-default none\" style=\"text-align: center;\">Refrigeraci\u00f3n DynaVort<\/h2>\n<\/div>\n<\/div>\n<div class=\"elementor-widget elementor-element elementor-element-oq8pqxk elementor-widget-text-editor\" data-element_type=\"text-editor\">\n<div class=\"elementor-widget-container\">\n<div class=\"elementor-text-editor rte-content\">\n<p style=\"text-align: center;\">La tecnolog\u00eda de\u00a0refrigeraci\u00f3n DynaVort Cooling System MK V evita el sobrecalentamiento en un cuerpo muy peque\u00f1o que tiene entre la mitad y una quinta parte del tama\u00f1o de otra luz similar<\/p>\n<p><img decoding=\"async\" class=\"aligncenter\" src=\"https:\/\/zhiyun.reflecta.com\/img\/cms\/molus-b-series\/zhiyun-molus-b-series-3-700x700px.jpg\" alt=\"Zhiyun Molus B Series\" \/><\/p>\n<p style=\"text-align: center;\"><div class=\"row\"  id=\"row-1516518125\">\n<p style=\"text-align: center;\">\n\t<div id=\"col-709047503\" class=\"col medium-1\/2 large-6\"  >\n\t\t<div class=\"col-inner\"  >\n\t\t\t\n\t\t\t\n<div class=\"elementor-widget elementor-element elementor-element-v8hf6gx elementor-widget-heading\" style=\"text-align: center;\" data-element_type=\"heading\">\n<div class=\"elementor-widget-container\">\n<h2 class=\"elementor-heading-title elementor-size-default none\">Adaptador integrado<\/h2>\n<\/div>\n<\/div>\n<div class=\"elementor-section elementor-element elementor-element-jptimh7 elementor-inner-section elementor-section-boxed elementor-section-height-default elementor-section-height-default\" style=\"text-align: center;\" data-element_type=\"section\">\n<div class=\"elementor-container elementor-column-gap-default\">\n<div class=\"elementor-row\">\n<div class=\"elementor-column elementor-element elementor-element-xh7gtzj elementor-col-100 elementor-inner-column\" data-element_type=\"column\">\n<div class=\"elementor-column-wrap elementor-element-populated\">\n<div class=\"elementor-widget-wrap\">\n<div class=\"elementor-widget elementor-element elementor-element-z84kdjb elementor-widget-text-editor\" data-element_type=\"text-editor\">\n<div class=\"elementor-widget-container\">\n<div class=\"elementor-text-editor rte-content\">\n<p>A diferencia de otros modelos de este segmento, el adaptador est\u00e1 incorporado en la luz, facilitando su transporte y uso<\/p>\n<p><img decoding=\"async\" src=\"https:\/\/zhiyun.reflecta.com\/img\/cms\/molus-b-series\/zhiyun-molus-b-series-uso-500px.jpg\" alt=\"Zhiyun Molus X60\" \/><\/p>\n<\/div>\n<\/div>\n<\/div>\n<\/div>\n<\/div>\n<\/div>\n<\/div>\n<\/div>\n<\/div>\n\t\t<\/div>\n\t\t\t<\/div>\n\n\t\n\n\t<div id=\"col-1431643069\" class=\"col medium-1\/2 large-6\"  >\n\t\t<div class=\"col-inner\"  >\n\t\t\t\n\t\t\t\n<div class=\"elementor-widget elementor-element elementor-element-oavex7w elementor-widget-heading\" data-element_type=\"heading\">\n<div class=\"elementor-widget-container\">\n<h2 class=\"elementor-heading-title elementor-size-default none\" style=\"text-align: center;\">Montura Bowens<\/h2>\n<\/div>\n<\/div>\n<div class=\"elementor-section elementor-element elementor-element-6u309gi elementor-inner-section elementor-section-boxed elementor-section-height-default elementor-section-height-default\" data-element_type=\"section\">\n<div class=\"elementor-container elementor-column-gap-default\">\n<div class=\"elementor-row\">\n<div class=\"elementor-column elementor-element elementor-element-u8vmawz elementor-col-100 elementor-inner-column\" data-element_type=\"column\">\n<div class=\"elementor-column-wrap elementor-element-populated\">\n<div class=\"elementor-widget-wrap\">\n<div class=\"elementor-widget elementor-element elementor-element-q9sys60 elementor-widget-text-editor\" data-element_type=\"text-editor\">\n<div class=\"elementor-widget-container\">\n<div class=\"elementor-text-editor rte-content\">\n<p style=\"text-align: center;\">Los focos B Series cuentan con montura Bowens para poder usar una gran variedad de modificadores<\/p>\n<\/div>\n<\/div>\n<\/div>\n<\/div>\n<\/div>\n<\/div>\n<\/div>\n<\/div>\n<\/div>\n<p style=\"text-align: center;\"><img decoding=\"async\" src=\"https:\/\/zhiyun.reflecta.com\/img\/cms\/molus-b-series\/zhiyun-molus-b-series-compactos-500px.jpg\" alt=\"Zhiyun Molus X60\" \/><\/p>\n\t\t<\/div>\n\t\t\t<\/div>\n\n\t\n<p style=\"text-align: center;\"><\/div>\n<div class=\"elementor-widget elementor-element elementor-element-mfqyrw5 elementor-widget-heading\" data-element_type=\"heading\">\n<div class=\"elementor-widget-container\">\n<h2 class=\"elementor-heading-title elementor-size-default none\" style=\"text-align: center;\">Rendimiento excepcional<\/h2>\n<\/div>\n<\/div>\n<div class=\"elementor-widget elementor-element elementor-element-8017fcq elementor-widget-text-editor\" data-element_type=\"text-editor\">\n<div class=\"elementor-widget-container\">\n<div class=\"elementor-text-editor rte-content\">\n<p style=\"text-align: center;\">Con una potencia de 200 vatios, el Molus B200 proporciona un alto rendimiento lum\u00ednico, con valores CRI y TLCI de \u226596 y una intensidad de\u00a08.370 lux o\u00a039.900 lux con la par\u00e1bola incluida<\/p>\n<div class=\"t4s-col-text t4s-col-item t4s-col-lg-12 t4s-col-md-12 t4s-order-md-1 t4s-order-1 t4s-col-12 t4s-txt-shadow-false\">\n<div class=\"t4s-image-text-content t4s-text-center t4s-shadow-wrap\">\n<h3 class=\"pc_text-block-padding text-block-t4s-left2 t4s-image-text-heading t4s-fs-md-40 t4-fs-30\" style=\"text-align: center;\">Dise\u00f1o industrial completamente nuevo<\/h3>\n<div class=\"pc_text-block-padding text-block-t4s-left2 t4s-image-text-des t4-fs-md-15 t4s-fs-15\">\n<p style=\"text-align: center;\">La Serie B de ZHIYUN MOLUS tiene un nuevo dise\u00f1o industrial que integra el sistema de enfriamiento con la luz, inspirado en Vortex para ser m\u00e1s compacto.<\/p>\n<\/div>\n<\/div>\n<\/div>\n<div class=\"t4s-col-img t4s-col-item t4s-col-lg-12 t4s-col-md-12 t4s-col-12 t4s-order-md-2 t4s-order-2 t4s-image-text-layout-carousel t4s-image-text-col-img-right\">\n<div class=\"t4s-image-text-carousel t4s-flicky-slider t4s-row t4s-gx-0 t4s-gy-0 t4s-row-cols-1 t4s_ratioadapt t4s_position_8 t4s_cover flickityt4s flickityt4s-enabled t4s-enabled\" tabindex=\"0\" data-flickityt4s-js=\"{ &quot;arrowIcon&quot;:&quot;2&quot;,&quot;imagesLoaded&quot;: 0,&quot;adaptiveHeight&quot;: 1, &quot;contain&quot;: 1, &quot;groupCells&quot;: &quot;100%&quot;, &quot;dragThreshold&quot; : 5, &quot;cellAlign&quot;: &quot;left&quot;,&quot;wrapAround&quot;: true,&quot;prevNextButtons&quot;: false,&quot;percentPosition&quot;: 1,&quot;pageDots&quot;: false, &quot;autoPlay&quot; : 0, &quot;pauseAutoPlayOnHover&quot; : true }\">\n<div class=\"flickityt4s-viewport\">\n<div class=\"flickityt4s-slider\">\n<div class=\"t4s-col-item is-selected\">\n<div class=\"t4s_ratio\"><img class=\"lazyautosizes lazyloadt4sed\" \/><img decoding=\"async\" src=\"https:\/\/m.media-amazon.com\/images\/S\/aplus-media-library-service-media\/c61ede40-0cd3-4fc8-b22b-574c3cd86e22.__CR0,0,1464,600_PT0_SX1464_V1___.jpg\" alt=\"ZHIYUN B500 Video Light\" \/><img decoding=\"async\" src=\"https:\/\/m.media-amazon.com\/images\/S\/aplus-media-library-service-media\/5ffec34e-2f28-4863-a8c2-5c99592d24a7.__CR0,0,1464,600_PT0_SX1464_V1___.jpg\" alt=\"ZHIYUN B500 Video Light\" \/><img decoding=\"async\" src=\"https:\/\/m.media-amazon.com\/images\/S\/aplus-media-library-service-media\/1e49e9f5-a5e0-4d42-a4fa-e11e2bc00eb7.__CR0,0,1464,600_PT0_SX1464_V1___.jpg\" alt=\"ZHIYUN B500 Video Light\" \/><img decoding=\"async\" src=\"https:\/\/m.media-amazon.com\/images\/S\/aplus-media-library-service-media\/732f24b8-305b-4993-8210-4ab38c02bf1a.__CR0,0,1464,600_PT0_SX1464_V1___.jpg\" alt=\"ZHIYUN B500 Video Light\" \/><\/div>\n<\/div>\n<\/div>\n<\/div>\n<\/div>\n<\/div>\n<\/div>\n<\/div>\n<\/div>\n<\/div>\n<\/div>\n<\/div>\n<\/div>\n<\/div>\n<\/div>\n","protected":false},"excerpt":{"rendered":"<p><strong>&#8211; Potencia de salida:<\/strong> Salida 200W<br \/>\n<strong>&#8211; Potencia de entrada: <\/strong>Entrada 225W<br \/>\n<strong>&#8211; M\u00e9todo de enfriamiento:<\/strong> Enfriamiento activo<br \/>\n<strong>&#8211; Voltaje de funcionamiento del adaptador de corriente:<\/strong> 100 V ~ 240 V CA, 50 ~ 60 Hz<br \/>\n<strong>&#8211; Rango de temperatura de color:<\/strong> 2700K ~ 6500K<br \/>\n<strong>&#8211; Rango de atenuaci\u00f3n:<\/strong> 0 ~ 100 %<br \/>\n<strong>&#8211; IRC (RA): <\/strong>\u226596<br \/>\n<strong>&#8211; TLCI:<\/strong> \u226596<br \/>\n<strong>&#8211; TM-30 RF:<\/strong> 94<br \/>\n<strong>&#8211; TM-30 Rg:<\/strong> 101<br \/>\n<strong>&#8211; Iluminancia de brillo de 5500 K\/100 % (1 metro): <\/strong>8370lx<br \/>\n<strong>&#8211; Temperatura de operacion:<\/strong> -10\u2103\uff5e40\u2103<br \/>\n<strong>&#8211; M\u00e9todo de control:<\/strong> a trav\u00e9s del dispositivo\/a trav\u00e9s de la aplicaci\u00f3n Bluetooth<br \/>\n<strong>&#8211; Tama\u00f1o de producto individual:<\/strong> 146*181*160 (mm)<br \/>\n<strong>&#8211; Peso neto del producto (sin reflector):<\/strong> 1,4 kg<\/p>\n","protected":false},"featured_media":27011,"comment_status":"open","ping_status":"closed","template":"","meta":{"jetpack_publicize_message":"","jetpack_publicize_feature_enabled":true,"jetpack_social_post_already_shared":true,"jetpack_social_options":{"image_generator_settings":{"template":"highway","default_image_id":0,"font":"","enabled":false},"version":2}},"pwb-brand":[426],"product_brand":[],"product_cat":[423,429],"product_tag":[],"class_list":{"0":"post-20253","1":"product","2":"type-product","3":"status-publish","4":"has-post-thumbnail","6":"pwb-brand-zhiyun","7":"product_cat-fotografia-y-video","8":"product_cat-iluminacion","10":"first","11":"instock","12":"sale","13":"taxable","14":"shipping-taxable","15":"purchasable","16":"product-type-simple"},"yoast_head":"<!-- This site is optimized with the Yoast SEO Premium plugin v25.7.1 (Yoast SEO v26.8) - https:\/\/yoast.com\/product\/yoast-seo-premium-wordpress\/ -->\n<title>Luz LED COB Para Fotograf\u00eda y Video 200W Zhiyun - Mivoot<\/title>\n<meta name=\"robots\" content=\"index, follow, max-snippet:-1, max-image-preview:large, max-video-preview:-1\" \/>\n<link rel=\"canonical\" href=\"https:\/\/mivoot.com\/gt\/producto\/luz-led-cob-para-fotografia-y-video-200w-zhiyun\/\" \/>\n<meta property=\"og:locale\" content=\"es_ES\" \/>\n<meta property=\"og:type\" content=\"article\" \/>\n<meta property=\"og:title\" content=\"Luz LED COB Para Fotograf\u00eda y Video 200W Zhiyun\" \/>\n<meta property=\"og:description\" content=\"- Potencia de salida: Salida 200W - Potencia de entrada: Entrada 225W - M\u00e9todo de enfriamiento: Enfriamiento activo - Voltaje de funcionamiento del adaptador de corriente: 100 V ~ 240 V CA, 50 ~ 60 Hz - Rango de temperatura de color: 2700K ~ 6500K - Rango de atenuaci\u00f3n: 0 ~ 100 % - IRC (RA): \u226596 - TLCI: \u226596 - TM-30 RF: 94 - TM-30 Rg: 101 - Iluminancia de brillo de 5500 K\/100 % (1 metro): 8370lx - Temperatura de operacion: -10\u2103\uff5e40\u2103 - M\u00e9todo de control: a trav\u00e9s del dispositivo\/a trav\u00e9s de la aplicaci\u00f3n Bluetooth - Tama\u00f1o de producto individual: 146*181*160 (mm) - Peso neto del producto (sin reflector): 1,4 kg\" \/>\n<meta property=\"og:url\" content=\"https:\/\/mivoot.com\/gt\/producto\/luz-led-cob-para-fotografia-y-video-200w-zhiyun\/\" \/>\n<meta property=\"og:site_name\" content=\"Mivoot\" \/>\n<meta property=\"article:publisher\" content=\"https:\/\/www.facebook.com\/mivootgt\" \/>\n<meta property=\"article:modified_time\" content=\"2025-03-22T04:24:33+00:00\" \/>\n<meta property=\"og:image\" content=\"https:\/\/mivoot.com\/gt\/wp-content\/uploads\/2025\/03\/B500-01.webp\" \/>\n\t<meta property=\"og:image:width\" content=\"600\" \/>\n\t<meta property=\"og:image:height\" content=\"600\" \/>\n\t<meta property=\"og:image:type\" content=\"image\/webp\" \/>\n<meta name=\"twitter:card\" content=\"summary_large_image\" \/>\n<meta name=\"twitter:label1\" content=\"Est. reading time\" \/>\n\t<meta name=\"twitter:data1\" content=\"4 minutos\" \/>\n<script type=\"application\/ld+json\" class=\"yoast-schema-graph\">{\"@context\":\"https:\/\/schema.org\",\"@graph\":[{\"@type\":\"WebPage\",\"@id\":\"https:\/\/mivoot.com\/gt\/producto\/luz-led-cob-para-fotografia-y-video-200w-zhiyun\/\",\"url\":\"https:\/\/mivoot.com\/gt\/producto\/luz-led-cob-para-fotografia-y-video-200w-zhiyun\/\",\"name\":\"Luz LED COB Para Fotograf\u00eda y Video 200W Zhiyun - Mivoot\",\"isPartOf\":{\"@id\":\"https:\/\/mivoot.com\/gt\/#website\"},\"primaryImageOfPage\":{\"@id\":\"https:\/\/mivoot.com\/gt\/producto\/luz-led-cob-para-fotografia-y-video-200w-zhiyun\/#primaryimage\"},\"image\":{\"@id\":\"https:\/\/mivoot.com\/gt\/producto\/luz-led-cob-para-fotografia-y-video-200w-zhiyun\/#primaryimage\"},\"thumbnailUrl\":\"https:\/\/mivoot.com\/gt\/wp-content\/uploads\/2025\/03\/B500-01.webp\",\"datePublished\":\"2024-07-12T21:01:46+00:00\",\"dateModified\":\"2025-03-22T04:24:33+00:00\",\"breadcrumb\":{\"@id\":\"https:\/\/mivoot.com\/gt\/producto\/luz-led-cob-para-fotografia-y-video-200w-zhiyun\/#breadcrumb\"},\"inLanguage\":\"es\",\"potentialAction\":[{\"@type\":\"ReadAction\",\"target\":[\"https:\/\/mivoot.com\/gt\/producto\/luz-led-cob-para-fotografia-y-video-200w-zhiyun\/\"]}]},{\"@type\":\"ImageObject\",\"inLanguage\":\"es\",\"@id\":\"https:\/\/mivoot.com\/gt\/producto\/luz-led-cob-para-fotografia-y-video-200w-zhiyun\/#primaryimage\",\"url\":\"https:\/\/mivoot.com\/gt\/wp-content\/uploads\/2025\/03\/B500-01.webp\",\"contentUrl\":\"https:\/\/mivoot.com\/gt\/wp-content\/uploads\/2025\/03\/B500-01.webp\",\"width\":600,\"height\":600},{\"@type\":\"BreadcrumbList\",\"@id\":\"https:\/\/mivoot.com\/gt\/producto\/luz-led-cob-para-fotografia-y-video-200w-zhiyun\/#breadcrumb\",\"itemListElement\":[{\"@type\":\"ListItem\",\"position\":1,\"name\":\"Inicio\",\"item\":\"https:\/\/mivoot.com\/gt\/\"},{\"@type\":\"ListItem\",\"position\":2,\"name\":\"Productos\",\"item\":\"https:\/\/mivoot.com\/gt\/producto\/\"},{\"@type\":\"ListItem\",\"position\":3,\"name\":\"Zhiyun\",\"item\":\"https:\/\/mivoot.com\/gt\/marca\/zhiyun\/\"},{\"@type\":\"ListItem\",\"position\":4,\"name\":\"Luz LED COB Para Fotograf\u00eda y Video 200W Zhiyun\"}]},{\"@type\":\"WebSite\",\"@id\":\"https:\/\/mivoot.com\/gt\/#website\",\"url\":\"https:\/\/mivoot.com\/gt\/\",\"name\":\"Mivoot\",\"description\":\"Mivoot Guatemala | Tienda Online\",\"publisher\":{\"@id\":\"https:\/\/mivoot.com\/gt\/#organization\"},\"alternateName\":\"mivoot\",\"potentialAction\":[{\"@type\":\"SearchAction\",\"target\":{\"@type\":\"EntryPoint\",\"urlTemplate\":\"https:\/\/mivoot.com\/gt\/?s={search_term_string}\"},\"query-input\":{\"@type\":\"PropertyValueSpecification\",\"valueRequired\":true,\"valueName\":\"search_term_string\"}}],\"inLanguage\":\"es\"},{\"@type\":\"Organization\",\"@id\":\"https:\/\/mivoot.com\/gt\/#organization\",\"name\":\"Mivoot Guatemala\",\"alternateName\":\"mivoot.com\",\"url\":\"https:\/\/mivoot.com\/gt\/\",\"logo\":{\"@type\":\"ImageObject\",\"inLanguage\":\"es\",\"@id\":\"https:\/\/mivoot.com\/gt\/#\/schema\/logo\/image\/\",\"url\":\"https:\/\/mivoot.com\/gt\/wp-content\/uploads\/2023\/03\/cropped-icon.png\",\"contentUrl\":\"https:\/\/mivoot.com\/gt\/wp-content\/uploads\/2023\/03\/cropped-icon.png\",\"width\":512,\"height\":512,\"caption\":\"Mivoot Guatemala\"},\"image\":{\"@id\":\"https:\/\/mivoot.com\/gt\/#\/schema\/logo\/image\/\"},\"sameAs\":[\"https:\/\/www.facebook.com\/mivootgt\",\"https:\/\/instagram.com\/mivoot\"]}]}<\/script>\n<!-- \/ Yoast SEO Premium plugin. -->","yoast_head_json":{"title":"Luz LED COB Para Fotograf\u00eda y Video 200W Zhiyun - Mivoot","robots":{"index":"index","follow":"follow","max-snippet":"max-snippet:-1","max-image-preview":"max-image-preview:large","max-video-preview":"max-video-preview:-1"},"canonical":"https:\/\/mivoot.com\/gt\/producto\/luz-led-cob-para-fotografia-y-video-200w-zhiyun\/","og_locale":"es_ES","og_type":"article","og_title":"Luz LED COB Para Fotograf\u00eda y Video 200W Zhiyun","og_description":"- Potencia de salida: Salida 200W - Potencia de entrada: Entrada 225W - M\u00e9todo de enfriamiento: Enfriamiento activo - Voltaje de funcionamiento del adaptador de corriente: 100 V ~ 240 V CA, 50 ~ 60 Hz - Rango de temperatura de color: 2700K ~ 6500K - Rango de atenuaci\u00f3n: 0 ~ 100 % - IRC (RA): \u226596 - TLCI: \u226596 - TM-30 RF: 94 - TM-30 Rg: 101 - Iluminancia de brillo de 5500 K\/100 % (1 metro): 8370lx - Temperatura de operacion: -10\u2103\uff5e40\u2103 - M\u00e9todo de control: a trav\u00e9s del dispositivo\/a trav\u00e9s de la aplicaci\u00f3n Bluetooth - Tama\u00f1o de producto individual: 146*181*160 (mm) - Peso neto del producto (sin reflector): 1,4 kg","og_url":"https:\/\/mivoot.com\/gt\/producto\/luz-led-cob-para-fotografia-y-video-200w-zhiyun\/","og_site_name":"Mivoot","article_publisher":"https:\/\/www.facebook.com\/mivootgt","article_modified_time":"2025-03-22T04:24:33+00:00","og_image":[{"width":600,"height":600,"url":"https:\/\/mivoot.com\/gt\/wp-content\/uploads\/2025\/03\/B500-01.webp","type":"image\/webp"}],"twitter_card":"summary_large_image","twitter_misc":{"Est. reading time":"4 minutos"},"schema":{"@context":"https:\/\/schema.org","@graph":[{"@type":"WebPage","@id":"https:\/\/mivoot.com\/gt\/producto\/luz-led-cob-para-fotografia-y-video-200w-zhiyun\/","url":"https:\/\/mivoot.com\/gt\/producto\/luz-led-cob-para-fotografia-y-video-200w-zhiyun\/","name":"Luz LED COB Para Fotograf\u00eda y Video 200W Zhiyun - Mivoot","isPartOf":{"@id":"https:\/\/mivoot.com\/gt\/#website"},"primaryImageOfPage":{"@id":"https:\/\/mivoot.com\/gt\/producto\/luz-led-cob-para-fotografia-y-video-200w-zhiyun\/#primaryimage"},"image":{"@id":"https:\/\/mivoot.com\/gt\/producto\/luz-led-cob-para-fotografia-y-video-200w-zhiyun\/#primaryimage"},"thumbnailUrl":"https:\/\/mivoot.com\/gt\/wp-content\/uploads\/2025\/03\/B500-01.webp","datePublished":"2024-07-12T21:01:46+00:00","dateModified":"2025-03-22T04:24:33+00:00","breadcrumb":{"@id":"https:\/\/mivoot.com\/gt\/producto\/luz-led-cob-para-fotografia-y-video-200w-zhiyun\/#breadcrumb"},"inLanguage":"es","potentialAction":[{"@type":"ReadAction","target":["https:\/\/mivoot.com\/gt\/producto\/luz-led-cob-para-fotografia-y-video-200w-zhiyun\/"]}]},{"@type":"ImageObject","inLanguage":"es","@id":"https:\/\/mivoot.com\/gt\/producto\/luz-led-cob-para-fotografia-y-video-200w-zhiyun\/#primaryimage","url":"https:\/\/mivoot.com\/gt\/wp-content\/uploads\/2025\/03\/B500-01.webp","contentUrl":"https:\/\/mivoot.com\/gt\/wp-content\/uploads\/2025\/03\/B500-01.webp","width":600,"height":600},{"@type":"BreadcrumbList","@id":"https:\/\/mivoot.com\/gt\/producto\/luz-led-cob-para-fotografia-y-video-200w-zhiyun\/#breadcrumb","itemListElement":[{"@type":"ListItem","position":1,"name":"Inicio","item":"https:\/\/mivoot.com\/gt\/"},{"@type":"ListItem","position":2,"name":"Productos","item":"https:\/\/mivoot.com\/gt\/producto\/"},{"@type":"ListItem","position":3,"name":"Zhiyun","item":"https:\/\/mivoot.com\/gt\/marca\/zhiyun\/"},{"@type":"ListItem","position":4,"name":"Luz LED COB Para Fotograf\u00eda y Video 200W Zhiyun"}]},{"@type":"WebSite","@id":"https:\/\/mivoot.com\/gt\/#website","url":"https:\/\/mivoot.com\/gt\/","name":"Mivoot","description":"Mivoot Guatemala | Tienda Online","publisher":{"@id":"https:\/\/mivoot.com\/gt\/#organization"},"alternateName":"mivoot","potentialAction":[{"@type":"SearchAction","target":{"@type":"EntryPoint","urlTemplate":"https:\/\/mivoot.com\/gt\/?s={search_term_string}"},"query-input":{"@type":"PropertyValueSpecification","valueRequired":true,"valueName":"search_term_string"}}],"inLanguage":"es"},{"@type":"Organization","@id":"https:\/\/mivoot.com\/gt\/#organization","name":"Mivoot Guatemala","alternateName":"mivoot.com","url":"https:\/\/mivoot.com\/gt\/","logo":{"@type":"ImageObject","inLanguage":"es","@id":"https:\/\/mivoot.com\/gt\/#\/schema\/logo\/image\/","url":"https:\/\/mivoot.com\/gt\/wp-content\/uploads\/2023\/03\/cropped-icon.png","contentUrl":"https:\/\/mivoot.com\/gt\/wp-content\/uploads\/2023\/03\/cropped-icon.png","width":512,"height":512,"caption":"Mivoot Guatemala"},"image":{"@id":"https:\/\/mivoot.com\/gt\/#\/schema\/logo\/image\/"},"sameAs":["https:\/\/www.facebook.com\/mivootgt","https:\/\/instagram.com\/mivoot"]}]}},"jetpack_publicize_connections":[],"jetpack_sharing_enabled":true,"brands":[{"id":426,"name":"Zhiyun","slug":"zhiyun"}],"_links":{"self":[{"href":"https:\/\/mivoot.com\/gt\/wp-json\/wp\/v2\/product\/20253","targetHints":{"allow":["GET"]}}],"collection":[{"href":"https:\/\/mivoot.com\/gt\/wp-json\/wp\/v2\/product"}],"about":[{"href":"https:\/\/mivoot.com\/gt\/wp-json\/wp\/v2\/types\/product"}],"replies":[{"embeddable":true,"href":"https:\/\/mivoot.com\/gt\/wp-json\/wp\/v2\/comments?post=20253"}],"version-history":[{"count":4,"href":"https:\/\/mivoot.com\/gt\/wp-json\/wp\/v2\/product\/20253\/revisions"}],"predecessor-version":[{"id":27054,"href":"https:\/\/mivoot.com\/gt\/wp-json\/wp\/v2\/product\/20253\/revisions\/27054"}],"wp:featuredmedia":[{"embeddable":true,"href":"https:\/\/mivoot.com\/gt\/wp-json\/wp\/v2\/media\/27011"}],"wp:attachment":[{"href":"https:\/\/mivoot.com\/gt\/wp-json\/wp\/v2\/media?parent=20253"}],"wp:term":[{"taxonomy":"pwb-brand","embeddable":true,"href":"https:\/\/mivoot.com\/gt\/wp-json\/wp\/v2\/pwb-brand?post=20253"},{"taxonomy":"product_brand","embeddable":true,"href":"https:\/\/mivoot.com\/gt\/wp-json\/wp\/v2\/product_brand?post=20253"},{"taxonomy":"product_cat","embeddable":true,"href":"https:\/\/mivoot.com\/gt\/wp-json\/wp\/v2\/product_cat?post=20253"},{"taxonomy":"product_tag","embeddable":true,"href":"https:\/\/mivoot.com\/gt\/wp-json\/wp\/v2\/product_tag?post=20253"}],"curies":[{"name":"wp","href":"https:\/\/api.w.org\/{rel}","templated":true}]}}