{"id":20271,"date":"2024-07-13T13:07:34","date_gmt":"2024-07-13T19:07:34","guid":{"rendered":"https:\/\/mivoot.com\/gt\/?post_type=product&#038;p=20271"},"modified":"2025-05-05T16:08:49","modified_gmt":"2025-05-05T22:08:49","slug":"olla-a-presion-9-l-tramontina","status":"publish","type":"product","link":"https:\/\/mivoot.com\/gt\/producto\/olla-a-presion-9-l-tramontina\/","title":{"rendered":"Olla a Presi\u00f3n 9L Tramontina"},"content":{"rendered":"<p><img decoding=\"async\" class=\"aligncenter\" src=\"https:\/\/m.media-amazon.com\/images\/S\/aplus-media-library-service-media\/5df1adc1-5707-4fa6-8264-3068d811ee99.__CR0,0,970,300_PT0_SX970_V1___.png\" alt=\"presi\u00f3n\" \/><\/p>\n<p>Esta olla de Tramontina ser\u00e1 tu aliada favorita a la hora de hacer deliciosas preparaciones, cuenta con acabado en aluminio de larga durabilidad, mangos pl\u00e1sticos laterales que no se calientan y tapa con cierre de seguridad.<\/p>\n<ul>\n<li>Al utilizar utensilios calientes, tenga mucho cuidado.<\/li>\n<li>Si es necessario, utilice protecci\u00f3n para las manos y mant\u00e9galos fuera del alcance de los ni\u00f1os.<\/li>\n<li>Para su mayor seguridad, al utilizar utensilios com mangos, mant\u00e9ngalos siempreem direcci\u00f3n hacia el centro de la cocina.<\/li>\n<li>Al utilizar utensilio en cocinas con rejilla, mantenga la pieza en el centro y el mango alineado con la rejilla para evitar que se caiga.<\/li>\n<li>Para el desecho de productos y embalajes, siga las orientaciones de reciclaje vigentes.<\/li>\n<\/ul>\n<div class=\"celwidget aplus-module module-9 aplus-standard\" data-cel-widget=\"aplus-module-9\" data-csa-c-id=\"kmjz5y-cd57oh-7qlmgs-jzfqwu\">\n<div class=\"aplus-module-wrapper apm-fixed-width\">\n<div class=\"apm-spacing apm-fixed-width\">\n<table class=\"apm-fixed-width apm-eventhirdcol-table\">\n<tbody>\n<tr>\n<th class=\"apm-center\">\n<div class=\"apm-eventhirdcol apm-floatleft\">\n<p><img decoding=\"async\" class=\"a-spacing-mini\" src=\"https:\/\/m.media-amazon.com\/images\/S\/aplus-media-library-service-media\/42bafc36-b797-492e-ba1d-d20937812f00.__CR0,0,300,300_PT0_SX300_V1___.jpg\" alt=\"t\" data-src=\"https:\/\/m.media-amazon.com\/images\/S\/aplus-media-library-service-media\/42bafc36-b797-492e-ba1d-d20937812f00.__CR0,0,300,300_PT0_SX300_V1___.jpg\" \/><\/p>\n<\/div>\n<\/th>\n<th class=\"apm-center\">\n<div class=\"apm-eventhirdcol apm-floatleft\">\n<p><img decoding=\"async\" class=\"a-spacing-mini\" src=\"https:\/\/m.media-amazon.com\/images\/S\/aplus-media-library-service-media\/f56f8b59-992c-4997-ab56-688eee9e0517.__CR0,0,300,300_PT0_SX300_V1___.jpg\" alt=\"t\" data-src=\"https:\/\/m.media-amazon.com\/images\/S\/aplus-media-library-service-media\/f56f8b59-992c-4997-ab56-688eee9e0517.__CR0,0,300,300_PT0_SX300_V1___.jpg\" \/><\/p>\n<\/div>\n<\/th>\n<th class=\"apm-center\">\n<div class=\"apm-eventhirdcol apm-floatleft\">\n<p><img decoding=\"async\" class=\"a-spacing-mini\" src=\"https:\/\/m.media-amazon.com\/images\/S\/aplus-media-library-service-media\/62f8a7c8-a8bd-4e5e-bf5e-abb93b6b30f1.__CR0,0,300,300_PT0_SX300_V1___.jpg\" alt=\"t\" data-src=\"https:\/\/m.media-amazon.com\/images\/S\/aplus-media-library-service-media\/62f8a7c8-a8bd-4e5e-bf5e-abb93b6b30f1.__CR0,0,300,300_PT0_SX300_V1___.jpg\" \/><\/p>\n<\/div>\n<\/th>\n<\/tr>\n<tr>\n<td class=\"apm-top\">\n<div class=\"apm-eventhirdcol apm-floatleft\">\n<h4 class=\"a-spacing-mini\">Incluye<\/h4>\n<p>La olla es de 9 L, un tama\u00f1o \u00f3ptimo para que puedas preparar tus mejores elaboraciones tanto para ti como para tu familia o amigos. Disponible en rojo y negro.<\/p>\n<\/div>\n<\/td>\n<td class=\"apm-top\">\n<div class=\"apm-eventhirdcol apm-floatleft\">\n<h4 class=\"a-spacing-mini\">Antit\u00e9rmico<\/h4>\n<p>Los mangos de la olla Vancouver de Tramontina es de baquelita antit\u00e9rmica que evita que se sobrecaliente, para que puedas moverla c\u00f3modamente sin miedo a quemarte.<\/p>\n<\/div>\n<\/td>\n<td class=\"apm-top\">\n<div class=\"apm-eventhirdcol apm-floatleft\">\n<h4 class=\"a-spacing-mini\">Antiadherente Starflon Max<\/h4>\n<p>Elaboradas con aluminio antiadherente Starflon Max, que garantiza una cocci\u00f3n uniforme y una limpieza sencilla para facilitarte la tarea cuando cocines.<\/p>\n<\/div>\n<\/td>\n<\/tr>\n<\/tbody>\n<\/table>\n<\/div>\n<\/div>\n<div><\/div>\n<\/div>\n<div class=\"celwidget aplus-module module-9 aplus-standard\" data-cel-widget=\"aplus-module-9\" data-csa-c-id=\"u2gsqo-uoayr1-kghnxn-1qjyo4\">\n<div class=\"aplus-module-wrapper apm-fixed-width\">\n<div class=\"apm-spacing apm-fixed-width\">\n<table class=\"apm-fixed-width apm-eventhirdcol-table\">\n<tbody>\n<tr>\n<th class=\"apm-center\">\n<div class=\"apm-eventhirdcol apm-floatleft\">\n<p><img decoding=\"async\" class=\"a-spacing-mini\" src=\"https:\/\/m.media-amazon.com\/images\/S\/aplus-media-library-service-media\/b415dbfb-720b-47a4-b186-4e15da4d2f53.__CR0,0,300,300_PT0_SX300_V1___.jpg\" alt=\"t\" data-src=\"https:\/\/m.media-amazon.com\/images\/S\/aplus-media-library-service-media\/b415dbfb-720b-47a4-b186-4e15da4d2f53.__CR0,0,300,300_PT0_SX300_V1___.jpg\" \/><\/p>\n<\/div>\n<\/th>\n<th class=\"apm-center\">\n<div class=\"apm-eventhirdcol apm-floatleft\">\n<p><img decoding=\"async\" class=\"a-spacing-mini\" src=\"https:\/\/m.media-amazon.com\/images\/S\/aplus-media-library-service-media\/1d94d78d-86d5-484b-9695-8eefeff4c2c2.__CR0,0,300,300_PT0_SX300_V1___.jpg\" alt=\"t\" data-src=\"https:\/\/m.media-amazon.com\/images\/S\/aplus-media-library-service-media\/1d94d78d-86d5-484b-9695-8eefeff4c2c2.__CR0,0,300,300_PT0_SX300_V1___.jpg\" \/><\/p>\n<\/div>\n<\/th>\n<th class=\"apm-center\">\n<div class=\"apm-eventhirdcol apm-floatleft\">\n<p><img decoding=\"async\" class=\"a-spacing-mini\" src=\"https:\/\/m.media-amazon.com\/images\/S\/aplus-media-library-service-media\/104be948-0720-443f-9a01-691e83d006fe.__CR0,0,300,300_PT0_SX300_V1___.png\" alt=\"t\" data-src=\"https:\/\/m.media-amazon.com\/images\/S\/aplus-media-library-service-media\/104be948-0720-443f-9a01-691e83d006fe.__CR0,0,300,300_PT0_SX300_V1___.png\" \/><\/p>\n<\/div>\n<\/th>\n<\/tr>\n<tr>\n<td class=\"apm-top\">\n<div class=\"apm-eventhirdcol apm-floatleft\">\n<h4 class=\"a-spacing-mini\">Tus mejores recetas<\/h4>\n<p>Con la olla de Tramontina podr\u00e1s elaborar tus mejores recetas, tanto dulces como saladas y convertirte en un gran anfitri\u00f3n para celebraciones especiales y tambi\u00e9n para el d\u00eda a d\u00eda.<\/p>\n<\/div>\n<\/td>\n<td class=\"apm-top\">\n<div class=\"apm-eventhirdcol apm-floatleft\">\n<h4 class=\"a-spacing-mini\">Fabricado en Brasil<\/h4>\n<p>Esta olla est\u00e1 fabricada en una de las 10 f\u00e1bricas que tiene Tramontina en Brasil, siendo garant\u00eda de calidad y durabilidad en todos sus productos.<\/p>\n<\/div>\n<\/td>\n<td class=\"apm-top\">\n<div class=\"apm-eventhirdcol apm-floatleft\">\n<h4 class=\"a-spacing-mini\">Producto Oficial Tramontina<\/h4>\n<p>Los productos de Tramontina est\u00e1n elaborados con los mejores materiales para asegurar el buen funcionamiento y la mayor durabilidad de todos sus art\u00edculos.<\/p>\n<\/div>\n<\/td>\n<\/tr>\n<\/tbody>\n<\/table>\n<\/div>\n<\/div>\n<\/div>\n","protected":false},"excerpt":{"rendered":"<p>&#8211; Capacidad de 9 litros<br \/>\n&#8211; Hasta 20 porciones en una sola cocci\u00f3n<br \/>\n&#8211; 4 v\u00e1lvulas de protecci\u00f3n para mayor seguridad<br \/>\n&#8211; Cierre externo.<br \/>\n&#8211; Material interior en aluminio fundido.<br \/>\n&#8211; Peso de 4 kilos<\/p>\n","protected":false},"featured_media":20277,"comment_status":"open","ping_status":"closed","template":"","meta":{"jetpack_publicize_message":"","jetpack_publicize_feature_enabled":true,"jetpack_social_post_already_shared":true,"jetpack_social_options":{"image_generator_settings":{"template":"highway","default_image_id":0,"font":"","enabled":false},"version":2}},"pwb-brand":[543],"product_brand":[],"product_cat":[544],"product_tag":[],"class_list":{"0":"post-20271","1":"product","2":"type-product","3":"status-publish","4":"has-post-thumbnail","6":"pwb-brand-tramontina","7":"product_cat-ollas-y-sartenes","9":"first","10":"instock","11":"sale","12":"taxable","13":"shipping-taxable","14":"purchasable","15":"product-type-simple"},"yoast_head":"<!-- This site is optimized with the Yoast SEO Premium plugin v25.7.1 (Yoast SEO v26.8) - https:\/\/yoast.com\/product\/yoast-seo-premium-wordpress\/ -->\n<title>Olla a Presi\u00f3n 9L Tramontina - Mivoot<\/title>\n<meta name=\"robots\" content=\"index, follow, max-snippet:-1, max-image-preview:large, max-video-preview:-1\" \/>\n<link rel=\"canonical\" href=\"https:\/\/mivoot.com\/gt\/producto\/olla-a-presion-9-l-tramontina\/\" \/>\n<meta property=\"og:locale\" content=\"es_ES\" \/>\n<meta property=\"og:type\" content=\"article\" \/>\n<meta property=\"og:title\" content=\"Olla a Presi\u00f3n 9L Tramontina\" \/>\n<meta property=\"og:description\" content=\"- Capacidad de 9 litros - Hasta 20 porciones en una sola cocci\u00f3n - 4 v\u00e1lvulas de protecci\u00f3n para mayor seguridad - Cierre externo. - Material interior en aluminio fundido. - Peso de 4 kilos\" \/>\n<meta property=\"og:url\" content=\"https:\/\/mivoot.com\/gt\/producto\/olla-a-presion-9-l-tramontina\/\" \/>\n<meta property=\"og:site_name\" content=\"Mivoot\" \/>\n<meta property=\"article:publisher\" content=\"https:\/\/www.facebook.com\/mivootgt\" \/>\n<meta property=\"article:modified_time\" content=\"2025-05-05T22:08:49+00:00\" \/>\n<meta property=\"og:image\" content=\"https:\/\/mivoot.com\/gt\/wp-content\/uploads\/2024\/07\/Tramontina-Olla-a-Presion-9-Litros.webp\" \/>\n\t<meta property=\"og:image:width\" content=\"1000\" \/>\n\t<meta property=\"og:image:height\" content=\"1000\" \/>\n\t<meta property=\"og:image:type\" content=\"image\/webp\" \/>\n<meta name=\"twitter:card\" content=\"summary_large_image\" \/>\n<meta name=\"twitter:label1\" content=\"Est. reading time\" \/>\n\t<meta name=\"twitter:data1\" content=\"3 minutos\" \/>\n<script type=\"application\/ld+json\" class=\"yoast-schema-graph\">{\"@context\":\"https:\/\/schema.org\",\"@graph\":[{\"@type\":\"WebPage\",\"@id\":\"https:\/\/mivoot.com\/gt\/producto\/olla-a-presion-9-l-tramontina\/\",\"url\":\"https:\/\/mivoot.com\/gt\/producto\/olla-a-presion-9-l-tramontina\/\",\"name\":\"Olla a Presi\u00f3n 9L Tramontina - Mivoot\",\"isPartOf\":{\"@id\":\"https:\/\/mivoot.com\/gt\/#website\"},\"primaryImageOfPage\":{\"@id\":\"https:\/\/mivoot.com\/gt\/producto\/olla-a-presion-9-l-tramontina\/#primaryimage\"},\"image\":{\"@id\":\"https:\/\/mivoot.com\/gt\/producto\/olla-a-presion-9-l-tramontina\/#primaryimage\"},\"thumbnailUrl\":\"https:\/\/mivoot.com\/gt\/wp-content\/uploads\/2024\/07\/Tramontina-Olla-a-Presion-9-Litros.webp\",\"datePublished\":\"2024-07-13T19:07:34+00:00\",\"dateModified\":\"2025-05-05T22:08:49+00:00\",\"breadcrumb\":{\"@id\":\"https:\/\/mivoot.com\/gt\/producto\/olla-a-presion-9-l-tramontina\/#breadcrumb\"},\"inLanguage\":\"es\",\"potentialAction\":[{\"@type\":\"ReadAction\",\"target\":[\"https:\/\/mivoot.com\/gt\/producto\/olla-a-presion-9-l-tramontina\/\"]}]},{\"@type\":\"ImageObject\",\"inLanguage\":\"es\",\"@id\":\"https:\/\/mivoot.com\/gt\/producto\/olla-a-presion-9-l-tramontina\/#primaryimage\",\"url\":\"https:\/\/mivoot.com\/gt\/wp-content\/uploads\/2024\/07\/Tramontina-Olla-a-Presion-9-Litros.webp\",\"contentUrl\":\"https:\/\/mivoot.com\/gt\/wp-content\/uploads\/2024\/07\/Tramontina-Olla-a-Presion-9-Litros.webp\",\"width\":1000,\"height\":1000},{\"@type\":\"BreadcrumbList\",\"@id\":\"https:\/\/mivoot.com\/gt\/producto\/olla-a-presion-9-l-tramontina\/#breadcrumb\",\"itemListElement\":[{\"@type\":\"ListItem\",\"position\":1,\"name\":\"Inicio\",\"item\":\"https:\/\/mivoot.com\/gt\/\"},{\"@type\":\"ListItem\",\"position\":2,\"name\":\"Productos\",\"item\":\"https:\/\/mivoot.com\/gt\/producto\/\"},{\"@type\":\"ListItem\",\"position\":3,\"name\":\"Tramontina\",\"item\":\"https:\/\/mivoot.com\/gt\/marca\/tramontina\/\"},{\"@type\":\"ListItem\",\"position\":4,\"name\":\"Olla a Presi\u00f3n 9L Tramontina\"}]},{\"@type\":\"WebSite\",\"@id\":\"https:\/\/mivoot.com\/gt\/#website\",\"url\":\"https:\/\/mivoot.com\/gt\/\",\"name\":\"Mivoot\",\"description\":\"Mivoot Guatemala | Tienda Online\",\"publisher\":{\"@id\":\"https:\/\/mivoot.com\/gt\/#organization\"},\"alternateName\":\"mivoot\",\"potentialAction\":[{\"@type\":\"SearchAction\",\"target\":{\"@type\":\"EntryPoint\",\"urlTemplate\":\"https:\/\/mivoot.com\/gt\/?s={search_term_string}\"},\"query-input\":{\"@type\":\"PropertyValueSpecification\",\"valueRequired\":true,\"valueName\":\"search_term_string\"}}],\"inLanguage\":\"es\"},{\"@type\":\"Organization\",\"@id\":\"https:\/\/mivoot.com\/gt\/#organization\",\"name\":\"Mivoot Guatemala\",\"alternateName\":\"mivoot.com\",\"url\":\"https:\/\/mivoot.com\/gt\/\",\"logo\":{\"@type\":\"ImageObject\",\"inLanguage\":\"es\",\"@id\":\"https:\/\/mivoot.com\/gt\/#\/schema\/logo\/image\/\",\"url\":\"https:\/\/mivoot.com\/gt\/wp-content\/uploads\/2023\/03\/cropped-icon.png\",\"contentUrl\":\"https:\/\/mivoot.com\/gt\/wp-content\/uploads\/2023\/03\/cropped-icon.png\",\"width\":512,\"height\":512,\"caption\":\"Mivoot Guatemala\"},\"image\":{\"@id\":\"https:\/\/mivoot.com\/gt\/#\/schema\/logo\/image\/\"},\"sameAs\":[\"https:\/\/www.facebook.com\/mivootgt\",\"https:\/\/instagram.com\/mivoot\"]}]}<\/script>\n<!-- \/ Yoast SEO Premium plugin. -->","yoast_head_json":{"title":"Olla a Presi\u00f3n 9L Tramontina - Mivoot","robots":{"index":"index","follow":"follow","max-snippet":"max-snippet:-1","max-image-preview":"max-image-preview:large","max-video-preview":"max-video-preview:-1"},"canonical":"https:\/\/mivoot.com\/gt\/producto\/olla-a-presion-9-l-tramontina\/","og_locale":"es_ES","og_type":"article","og_title":"Olla a Presi\u00f3n 9L Tramontina","og_description":"- Capacidad de 9 litros - Hasta 20 porciones en una sola cocci\u00f3n - 4 v\u00e1lvulas de protecci\u00f3n para mayor seguridad - Cierre externo. - Material interior en aluminio fundido. - Peso de 4 kilos","og_url":"https:\/\/mivoot.com\/gt\/producto\/olla-a-presion-9-l-tramontina\/","og_site_name":"Mivoot","article_publisher":"https:\/\/www.facebook.com\/mivootgt","article_modified_time":"2025-05-05T22:08:49+00:00","og_image":[{"width":1000,"height":1000,"url":"https:\/\/mivoot.com\/gt\/wp-content\/uploads\/2024\/07\/Tramontina-Olla-a-Presion-9-Litros.webp","type":"image\/webp"}],"twitter_card":"summary_large_image","twitter_misc":{"Est. reading time":"3 minutos"},"schema":{"@context":"https:\/\/schema.org","@graph":[{"@type":"WebPage","@id":"https:\/\/mivoot.com\/gt\/producto\/olla-a-presion-9-l-tramontina\/","url":"https:\/\/mivoot.com\/gt\/producto\/olla-a-presion-9-l-tramontina\/","name":"Olla a Presi\u00f3n 9L Tramontina - Mivoot","isPartOf":{"@id":"https:\/\/mivoot.com\/gt\/#website"},"primaryImageOfPage":{"@id":"https:\/\/mivoot.com\/gt\/producto\/olla-a-presion-9-l-tramontina\/#primaryimage"},"image":{"@id":"https:\/\/mivoot.com\/gt\/producto\/olla-a-presion-9-l-tramontina\/#primaryimage"},"thumbnailUrl":"https:\/\/mivoot.com\/gt\/wp-content\/uploads\/2024\/07\/Tramontina-Olla-a-Presion-9-Litros.webp","datePublished":"2024-07-13T19:07:34+00:00","dateModified":"2025-05-05T22:08:49+00:00","breadcrumb":{"@id":"https:\/\/mivoot.com\/gt\/producto\/olla-a-presion-9-l-tramontina\/#breadcrumb"},"inLanguage":"es","potentialAction":[{"@type":"ReadAction","target":["https:\/\/mivoot.com\/gt\/producto\/olla-a-presion-9-l-tramontina\/"]}]},{"@type":"ImageObject","inLanguage":"es","@id":"https:\/\/mivoot.com\/gt\/producto\/olla-a-presion-9-l-tramontina\/#primaryimage","url":"https:\/\/mivoot.com\/gt\/wp-content\/uploads\/2024\/07\/Tramontina-Olla-a-Presion-9-Litros.webp","contentUrl":"https:\/\/mivoot.com\/gt\/wp-content\/uploads\/2024\/07\/Tramontina-Olla-a-Presion-9-Litros.webp","width":1000,"height":1000},{"@type":"BreadcrumbList","@id":"https:\/\/mivoot.com\/gt\/producto\/olla-a-presion-9-l-tramontina\/#breadcrumb","itemListElement":[{"@type":"ListItem","position":1,"name":"Inicio","item":"https:\/\/mivoot.com\/gt\/"},{"@type":"ListItem","position":2,"name":"Productos","item":"https:\/\/mivoot.com\/gt\/producto\/"},{"@type":"ListItem","position":3,"name":"Tramontina","item":"https:\/\/mivoot.com\/gt\/marca\/tramontina\/"},{"@type":"ListItem","position":4,"name":"Olla a Presi\u00f3n 9L Tramontina"}]},{"@type":"WebSite","@id":"https:\/\/mivoot.com\/gt\/#website","url":"https:\/\/mivoot.com\/gt\/","name":"Mivoot","description":"Mivoot Guatemala | Tienda Online","publisher":{"@id":"https:\/\/mivoot.com\/gt\/#organization"},"alternateName":"mivoot","potentialAction":[{"@type":"SearchAction","target":{"@type":"EntryPoint","urlTemplate":"https:\/\/mivoot.com\/gt\/?s={search_term_string}"},"query-input":{"@type":"PropertyValueSpecification","valueRequired":true,"valueName":"search_term_string"}}],"inLanguage":"es"},{"@type":"Organization","@id":"https:\/\/mivoot.com\/gt\/#organization","name":"Mivoot Guatemala","alternateName":"mivoot.com","url":"https:\/\/mivoot.com\/gt\/","logo":{"@type":"ImageObject","inLanguage":"es","@id":"https:\/\/mivoot.com\/gt\/#\/schema\/logo\/image\/","url":"https:\/\/mivoot.com\/gt\/wp-content\/uploads\/2023\/03\/cropped-icon.png","contentUrl":"https:\/\/mivoot.com\/gt\/wp-content\/uploads\/2023\/03\/cropped-icon.png","width":512,"height":512,"caption":"Mivoot Guatemala"},"image":{"@id":"https:\/\/mivoot.com\/gt\/#\/schema\/logo\/image\/"},"sameAs":["https:\/\/www.facebook.com\/mivootgt","https:\/\/instagram.com\/mivoot"]}]}},"jetpack_publicize_connections":[],"jetpack_sharing_enabled":true,"brands":[{"id":543,"name":"Tramontina","slug":"tramontina"}],"_links":{"self":[{"href":"https:\/\/mivoot.com\/gt\/wp-json\/wp\/v2\/product\/20271","targetHints":{"allow":["GET"]}}],"collection":[{"href":"https:\/\/mivoot.com\/gt\/wp-json\/wp\/v2\/product"}],"about":[{"href":"https:\/\/mivoot.com\/gt\/wp-json\/wp\/v2\/types\/product"}],"replies":[{"embeddable":true,"href":"https:\/\/mivoot.com\/gt\/wp-json\/wp\/v2\/comments?post=20271"}],"version-history":[{"count":4,"href":"https:\/\/mivoot.com\/gt\/wp-json\/wp\/v2\/product\/20271\/revisions"}],"predecessor-version":[{"id":27891,"href":"https:\/\/mivoot.com\/gt\/wp-json\/wp\/v2\/product\/20271\/revisions\/27891"}],"wp:featuredmedia":[{"embeddable":true,"href":"https:\/\/mivoot.com\/gt\/wp-json\/wp\/v2\/media\/20277"}],"wp:attachment":[{"href":"https:\/\/mivoot.com\/gt\/wp-json\/wp\/v2\/media?parent=20271"}],"wp:term":[{"taxonomy":"pwb-brand","embeddable":true,"href":"https:\/\/mivoot.com\/gt\/wp-json\/wp\/v2\/pwb-brand?post=20271"},{"taxonomy":"product_brand","embeddable":true,"href":"https:\/\/mivoot.com\/gt\/wp-json\/wp\/v2\/product_brand?post=20271"},{"taxonomy":"product_cat","embeddable":true,"href":"https:\/\/mivoot.com\/gt\/wp-json\/wp\/v2\/product_cat?post=20271"},{"taxonomy":"product_tag","embeddable":true,"href":"https:\/\/mivoot.com\/gt\/wp-json\/wp\/v2\/product_tag?post=20271"}],"curies":[{"name":"wp","href":"https:\/\/api.w.org\/{rel}","templated":true}]}}