{"id":20282,"date":"2024-07-13T13:21:19","date_gmt":"2024-07-13T19:21:19","guid":{"rendered":"https:\/\/mivoot.com\/gt\/?post_type=product&#038;p=20282"},"modified":"2024-07-13T13:21:21","modified_gmt":"2024-07-13T19:21:21","slug":"olla-para-arroz-y-granos-600w-everygrain-nutribullet","status":"publish","type":"product","link":"https:\/\/mivoot.com\/gt\/producto\/olla-para-arroz-y-granos-600w-everygrain-nutribullet\/","title":{"rendered":"Olla para Arroz y Granos 600W EveryGrain Nutribullet"},"content":{"rendered":"<p><span>Cocinar los granos correctamente no es tan f\u00e1cil como parece. Conocer la preparaci\u00f3n correcta, la proporci\u00f3n de l\u00edquido y grano, la temperatura y la t\u00e9cnica de reposo es esencial para obtener la textura que desea. Ah\u00ed es donde entra en juego la olla arrocera\u00a0EveryGrain\u00a0<\/span><sup><span>\u2122\u00a0<\/span><\/sup><sup><span>de<\/span><\/sup><span>\u00a0nutribullet\u00ae . Est\u00e1 programada para ofrecer resultados perfectos, en todo momento, con ajustes preestablecidos especializados para arroz blanco, arroz integral, quinoa y avena, adem\u00e1s de un programa de \u201cGranos\u201d para los tipos m\u00e1s ex\u00f3ticos. Tambi\u00e9n cuenta con una funci\u00f3n de vapor para preparar sin estr\u00e9s verduras, pescado y otros componentes de las comidas.<\/span><\/p>\n<p>La Nutribullet EveryGrain es una olla de cocci\u00f3n vers\u00e1til y eficiente. Prepara granos a la perfecci\u00f3n, desde arroz hasta quinoa, gracias a sus configuraciones preestablecidas especializadas. Adem\u00e1s, cuenta con un programa general para granos ex\u00f3ticos. Su funci\u00f3n de vapor permite la preparaci\u00f3n de vegetales, pescado y otros alimentos de manera sencilla.\u00a0 cucharadas de arroz o granos secos. Incluye una canasta de cocci\u00f3n al vapor que se puede usar de manera independiente o simult\u00e1nea con los granos.<\/p>\n<h2 class=\"display-3 line-display-3 font-weight-bold text-dark animation-b title mb-4 features-screen-reader\"><span>Caracter\u00edsticas.<\/span><\/h2>\n<div class=\"row justify-content-center animation-b\">\n<div class=\"col-auto px-xl-4 features-screen-reader\">\n<div class=\"container-feature-pdp\"><\/div>\n<\/div>\n<div class=\"col-auto px-xl-4 features-screen-reader\">\n<div class=\"container-feature-pdp\">\n<div class=\"text-feature-pdp\">\n<p class=\"text-muted text-center text\"><div class=\"row\"  id=\"row-747898980\">\n\n\t<div id=\"col-1660401437\" class=\"col medium-1\/4 large-3\"  >\n\t\t<div class=\"col-inner\"  >\n\t\t\t\n\t\t\t\n<div class=\"img-feature-pdp\"><img decoding=\"async\" class=\"lozad\" title=\"Icono naranja con ilustraciones de granos y peces y un &quot;5&quot;\" src=\"https:\/\/nbmedia.imgix.net\/nb-brew-choice-pod-carafe-icon-two-ways-to-brew-4-c-1.png?auto=compress%2Cformat&amp;ixlib=php-3.3.0\" alt=\"\u00cdcono ilustrado de color naranja con ilustraciones de granos y peces con un &quot;5&quot; blanco.\" width=\"auto\" height=\"auto\" data-src=\"https:\/\/nbmedia.imgix.net\/nb-brew-choice-pod-carafe-icon-two-ways-to-brew-4-c-1.png?auto=compress%2Cformat&amp;ixlib=php-3.3.0\" data-loaded=\"true\" \/><\/div>\n<div class=\"title-feature-pfp mb-2\">\n<p class=\"text-red text-center mt-3 title font-weight-bold mb-0\">Configuraciones de grano m\u00faltiple<\/p>\n<\/div>\n<div class=\"text-feature-pdp\">\n<p class=\"text-muted text-center text\">Cuenta con ajustes preestablecidos de \u201cArroz integral\u201d, \u201cArroz blanco\u201d, \u201cAvena\u201d, \u201cQuinoa\u201d y \u201cGranos\u201d para cocinar todos los granos, adem\u00e1s de un programa de \u201cVapor\u201d para vegetales, pescado y m\u00e1s. Las funciones de Inicio diferido y Mantener caliente le permiten preparar alimentos seg\u00fan su horario.<\/p>\n<\/div>\n\t\t<\/div>\n\t\t\t<\/div>\n\n\t\n\n\t<div id=\"col-2119374850\" class=\"col medium-1\/4 large-3\"  >\n\t\t<div class=\"col-inner\"  >\n\t\t\t\n\t\t\t\n<div class=\"img-feature-pdp\"><img decoding=\"async\" class=\"lozad\" title=\"Icono de temporizador naranja que muestra 30 segundos\" src=\"https:\/\/nbmedia.imgix.net\/nb-brew-choice-pod-carafe-icon-just-your-size-4-c-1.png?auto=compress%2Cformat&amp;ixlib=php-3.3.0\" alt=\"\u00cdcono de temporizador ilustrado en color naranja con 30 segundos en el reloj.\" width=\"auto\" height=\"auto\" data-src=\"https:\/\/nbmedia.imgix.net\/nb-brew-choice-pod-carafe-icon-just-your-size-4-c-1.png?auto=compress%2Cformat&amp;ixlib=php-3.3.0\" data-loaded=\"true\" \/><\/div>\n<div class=\"title-feature-pfp mb-2\">\n<p class=\"text-red text-center mt-3 title font-weight-bold mb-0\">\nOlla\u00a0para cocinar al vapor con capacidad para 10<br \/>\ntazas<\/p>\n<\/div>\n<div class=\"text-feature-pdp\">\n<p class=\"text-muted text-center text\">La olla tiene capacidad para hasta 5 cucharadas de arroz o granos secos a la vez. La canasta para cocinar al vapor incluida se puede apilar sobre los granos para cocinarlos simult\u00e1neamente o se puede usar sola con el programa \u201cCocinar al vapor\u201d.<\/p>\n<\/div>\n\t\t<\/div>\n\t\t\t<\/div>\n\n\t\n\n\t<div id=\"col-1835180497\" class=\"col medium-1\/4 large-3\"  >\n\t\t<div class=\"col-inner\"  >\n\t\t\t\n\t\t\t\n<div class=\"img-feature-pdp\"><img decoding=\"async\" class=\"lozad\" title=\"\u00cdcono de gr\u00e1fico circular naranja con secciones en tonos contrastantes\" src=\"https:\/\/nbmedia.imgix.net\/nb-brew-choice-pod-carafe-icon-brew-sense-technology-4-c-1.png?auto=compress%2Cformat&amp;ixlib=php-3.3.0\" alt=\"\u00cdcono de gr\u00e1fico circular ilustrado en color naranja con secciones en tonos naranjas contrastantes.\" width=\"auto\" height=\"auto\" data-src=\"https:\/\/nbmedia.imgix.net\/nb-brew-choice-pod-carafe-icon-brew-sense-technology-4-c-1.png?auto=compress%2Cformat&amp;ixlib=php-3.3.0\" data-loaded=\"true\" \/><\/div>\n<div class=\"title-feature-pfp mb-2\">\n<p class=\"text-red text-center mt-3 title font-weight-bold mb-0\">Constru\u00eddo<br \/>\npara perdurar<\/p>\n<\/div>\n<div class=\"text-feature-pdp\">\n<p class=\"text-muted text-center text\">Dise\u00f1ada para durar, la olla arrocera EveryGrain\u00a0<sup>\u2122<\/sup>\u00a0est\u00e1 hecha de pl\u00e1stico resistente y tiene una olla con revestimiento antiadherente. Todos los accesorios est\u00e1n hechos de pl\u00e1stico resistente y apto para lavavajillas. Dimensiones ensamblada: 11,4&#8243; de largo x 10,8&#8243; de ancho x 8,6&#8243; de alto<\/p>\n<\/div>\n\t\t<\/div>\n\t\t\t<\/div>\n\n\t\n\n\t<div id=\"col-122288681\" class=\"col medium-1\/4 large-3\"  >\n\t\t<div class=\"col-inner\"  >\n\t\t\t\n\t\t\t\n<div class=\"img-feature-pdp\"><img decoding=\"async\" class=\"lozad\" title=\"Icono de brillo naranja\" src=\"https:\/\/nbmedia.imgix.net\/nb-brew-choice-pod-carafe-icon-12-cup-carafe-4-c-1.png?auto=compress%2Cformat&amp;ixlib=php-3.3.0\" alt=\"Icono de brillo ilustrado en color naranja\" width=\"auto\" height=\"auto\" data-src=\"https:\/\/nbmedia.imgix.net\/nb-brew-choice-pod-carafe-icon-12-cup-carafe-4-c-1.png?auto=compress%2Cformat&amp;ixlib=php-3.3.0\" data-loaded=\"true\" \/><\/div>\n<div class=\"title-feature-pfp mb-2\">\n<p class=\"text-red text-center mt-3 title font-weight-bold mb-0\">F\u00e1cil<br \/>\nlimpieza<\/p>\n<\/div>\n<div class=\"text-feature-pdp\">\n<p class=\"text-muted text-center text\">Limpie todas las piezas con agua tibia y jab\u00f3n. Todas las piezas son aptas para lavavajillas, excepto la olla y la base antiadherentes. Limpie la base de la olla con un pa\u00f1o h\u00famedo.<\/p>\n<\/div>\n\t\t<\/div>\n\t\t\t<\/div>\n\n\t\n<p class=\"text-muted text-center text\"><\/div>\n<\/div>\n<p><img decoding=\"async\" src=\"https:\/\/nbmedia.imgix.net\/NB_EveryGrain-Cooker_Ecomm_Hero2_1500x1201.png?auto=compress%2Cformat&amp;ixlib=php-3.3.0&amp;h=900\" alt=\"Olla EveryGrain llena de arroz y diferentes platos y tazones de comida sobre fondo naranja.\" \/><\/p>\n<ul class=\"list list-includes\">\n<li class=\"font-weight-bold\"><span>Incluye:<\/span><\/li>\n<li><span>(1) Base para cocina de 600 W<\/span><\/li>\n<li><span>(1) Olla antiadherente de 10 tazas<\/span><\/li>\n<li><span>(1) Cesta para cocinar al vapor<\/span><\/li>\n<li><span>(1) Cuchara de arroz<\/span><\/li>\n<li><span>(1) Cuchara medidora<\/span><\/li>\n<li><span>(1) Gu\u00eda de usuario y recetas<\/span><\/li>\n<\/ul>\n<ul class=\"list list-includes-specifications\">\n<li class=\"font-weight-bold\"><span>Especificaciones:<\/span><\/li>\n<li><span>Dimensiones: 11,4&#8243; x 10,8&#8243; x 8,6&#8243;<\/span><\/li>\n<li><span>Peso &#8211; 8 libras<\/span><\/li>\n<li><span>Longitud del cable: 39,3&#8243;<\/span><\/li>\n<\/ul>\n<\/div>\n<\/div>\n<\/div>\n","protected":false},"excerpt":{"rendered":"<p>&#8211; Con una capacidad de 2.36 L \/ 10 tazas<br \/>\n&#8211; Albergar hasta 60 g \/ 5<br \/>\n&#8211; Configuraciones de arroz integral, arroz blanco, avena, quinua y granos<br \/>\n&#8211; Base de cocci\u00f3n de 600 W<br \/>\n&#8211; Dimensiones ensamblada: 11,4&#8243; de largo x 10,8&#8243; de ancho x 8,6&#8243; de alto<\/p>\n","protected":false},"featured_media":20291,"comment_status":"open","ping_status":"closed","template":"","meta":{"jetpack_publicize_message":"","jetpack_publicize_feature_enabled":true,"jetpack_social_post_already_shared":true,"jetpack_social_options":{"image_generator_settings":{"template":"highway","default_image_id":0,"font":"","enabled":false},"version":2}},"pwb-brand":[545],"product_brand":[],"product_cat":[544],"product_tag":[],"class_list":{"0":"post-20282","1":"product","2":"type-product","3":"status-publish","4":"has-post-thumbnail","6":"pwb-brand-nutribullet","7":"product_cat-ollas-y-sartenes","9":"first","10":"instock","11":"taxable","12":"shipping-taxable","13":"purchasable","14":"product-type-simple"},"yoast_head":"<!-- This site is optimized with the Yoast SEO Premium plugin v25.7.1 (Yoast SEO v26.8) - https:\/\/yoast.com\/product\/yoast-seo-premium-wordpress\/ -->\n<title>Olla para Arroz y Granos 600W EveryGrain Nutribullet - Mivoot<\/title>\n<meta name=\"robots\" content=\"index, follow, max-snippet:-1, max-image-preview:large, max-video-preview:-1\" \/>\n<link rel=\"canonical\" href=\"https:\/\/mivoot.com\/gt\/producto\/olla-para-arroz-y-granos-600w-everygrain-nutribullet\/\" \/>\n<meta property=\"og:locale\" content=\"es_ES\" \/>\n<meta property=\"og:type\" content=\"article\" \/>\n<meta property=\"og:title\" content=\"Olla para Arroz y Granos 600W EveryGrain Nutribullet\" \/>\n<meta property=\"og:description\" content=\"- Con una capacidad de 2.36 L \/ 10 tazas  - Albergar hasta 60 g \/ 5 - Configuraciones de arroz integral, arroz blanco, avena, quinua y granos - Base de cocci\u00f3n de 600 W - Dimensiones ensamblada: 11,4&quot; de largo x 10,8&quot; de ancho x 8,6&quot; de alto\" \/>\n<meta property=\"og:url\" content=\"https:\/\/mivoot.com\/gt\/producto\/olla-para-arroz-y-granos-600w-everygrain-nutribullet\/\" \/>\n<meta property=\"og:site_name\" content=\"Mivoot\" \/>\n<meta property=\"article:publisher\" content=\"https:\/\/www.facebook.com\/mivootgt\" \/>\n<meta property=\"article:modified_time\" content=\"2024-07-13T19:21:21+00:00\" \/>\n<meta property=\"og:image\" content=\"https:\/\/mivoot.com\/gt\/wp-content\/uploads\/2021\/03\/cropped-icon.png\" \/>\n\t<meta property=\"og:image:width\" content=\"512\" \/>\n\t<meta property=\"og:image:height\" content=\"512\" \/>\n\t<meta property=\"og:image:type\" content=\"image\/png\" \/>\n<meta name=\"twitter:card\" content=\"summary_large_image\" \/>\n<meta name=\"twitter:label1\" content=\"Est. reading time\" \/>\n\t<meta name=\"twitter:data1\" content=\"3 minutos\" \/>\n<script type=\"application\/ld+json\" class=\"yoast-schema-graph\">{\"@context\":\"https:\/\/schema.org\",\"@graph\":[{\"@type\":\"WebPage\",\"@id\":\"https:\/\/mivoot.com\/gt\/producto\/olla-para-arroz-y-granos-600w-everygrain-nutribullet\/\",\"url\":\"https:\/\/mivoot.com\/gt\/producto\/olla-para-arroz-y-granos-600w-everygrain-nutribullet\/\",\"name\":\"Olla para Arroz y Granos 600W EveryGrain Nutribullet - Mivoot\",\"isPartOf\":{\"@id\":\"https:\/\/mivoot.com\/gt\/#website\"},\"primaryImageOfPage\":{\"@id\":\"https:\/\/mivoot.com\/gt\/producto\/olla-para-arroz-y-granos-600w-everygrain-nutribullet\/#primaryimage\"},\"image\":{\"@id\":\"https:\/\/mivoot.com\/gt\/producto\/olla-para-arroz-y-granos-600w-everygrain-nutribullet\/#primaryimage\"},\"thumbnailUrl\":\"https:\/\/mivoot.com\/gt\/wp-content\/uploads\/2024\/07\/nb-every-grain-cooker-ecomm-detail-lid-open-graybkgd-1500-x-1201.avif\",\"datePublished\":\"2024-07-13T19:21:19+00:00\",\"dateModified\":\"2024-07-13T19:21:21+00:00\",\"breadcrumb\":{\"@id\":\"https:\/\/mivoot.com\/gt\/producto\/olla-para-arroz-y-granos-600w-everygrain-nutribullet\/#breadcrumb\"},\"inLanguage\":\"es\",\"potentialAction\":[{\"@type\":\"ReadAction\",\"target\":[\"https:\/\/mivoot.com\/gt\/producto\/olla-para-arroz-y-granos-600w-everygrain-nutribullet\/\"]}]},{\"@type\":\"ImageObject\",\"inLanguage\":\"es\",\"@id\":\"https:\/\/mivoot.com\/gt\/producto\/olla-para-arroz-y-granos-600w-everygrain-nutribullet\/#primaryimage\",\"url\":\"https:\/\/mivoot.com\/gt\/wp-content\/uploads\/2024\/07\/nb-every-grain-cooker-ecomm-detail-lid-open-graybkgd-1500-x-1201.avif\",\"contentUrl\":\"https:\/\/mivoot.com\/gt\/wp-content\/uploads\/2024\/07\/nb-every-grain-cooker-ecomm-detail-lid-open-graybkgd-1500-x-1201.avif\",\"width\":1124,\"height\":900},{\"@type\":\"BreadcrumbList\",\"@id\":\"https:\/\/mivoot.com\/gt\/producto\/olla-para-arroz-y-granos-600w-everygrain-nutribullet\/#breadcrumb\",\"itemListElement\":[{\"@type\":\"ListItem\",\"position\":1,\"name\":\"Inicio\",\"item\":\"https:\/\/mivoot.com\/gt\/\"},{\"@type\":\"ListItem\",\"position\":2,\"name\":\"Productos\",\"item\":\"https:\/\/mivoot.com\/gt\/producto\/\"},{\"@type\":\"ListItem\",\"position\":3,\"name\":\"Nutribullet\",\"item\":\"https:\/\/mivoot.com\/gt\/marca\/nutribullet\/\"},{\"@type\":\"ListItem\",\"position\":4,\"name\":\"Olla para Arroz y Granos 600W EveryGrain Nutribullet\"}]},{\"@type\":\"WebSite\",\"@id\":\"https:\/\/mivoot.com\/gt\/#website\",\"url\":\"https:\/\/mivoot.com\/gt\/\",\"name\":\"Mivoot\",\"description\":\"Mivoot Guatemala | Tienda Online\",\"publisher\":{\"@id\":\"https:\/\/mivoot.com\/gt\/#organization\"},\"alternateName\":\"mivoot\",\"potentialAction\":[{\"@type\":\"SearchAction\",\"target\":{\"@type\":\"EntryPoint\",\"urlTemplate\":\"https:\/\/mivoot.com\/gt\/?s={search_term_string}\"},\"query-input\":{\"@type\":\"PropertyValueSpecification\",\"valueRequired\":true,\"valueName\":\"search_term_string\"}}],\"inLanguage\":\"es\"},{\"@type\":\"Organization\",\"@id\":\"https:\/\/mivoot.com\/gt\/#organization\",\"name\":\"Mivoot Guatemala\",\"alternateName\":\"mivoot.com\",\"url\":\"https:\/\/mivoot.com\/gt\/\",\"logo\":{\"@type\":\"ImageObject\",\"inLanguage\":\"es\",\"@id\":\"https:\/\/mivoot.com\/gt\/#\/schema\/logo\/image\/\",\"url\":\"https:\/\/mivoot.com\/gt\/wp-content\/uploads\/2023\/03\/cropped-icon.png\",\"contentUrl\":\"https:\/\/mivoot.com\/gt\/wp-content\/uploads\/2023\/03\/cropped-icon.png\",\"width\":512,\"height\":512,\"caption\":\"Mivoot Guatemala\"},\"image\":{\"@id\":\"https:\/\/mivoot.com\/gt\/#\/schema\/logo\/image\/\"},\"sameAs\":[\"https:\/\/www.facebook.com\/mivootgt\",\"https:\/\/instagram.com\/mivoot\"]}]}<\/script>\n<!-- \/ Yoast SEO Premium plugin. -->","yoast_head_json":{"title":"Olla para Arroz y Granos 600W EveryGrain Nutribullet - Mivoot","robots":{"index":"index","follow":"follow","max-snippet":"max-snippet:-1","max-image-preview":"max-image-preview:large","max-video-preview":"max-video-preview:-1"},"canonical":"https:\/\/mivoot.com\/gt\/producto\/olla-para-arroz-y-granos-600w-everygrain-nutribullet\/","og_locale":"es_ES","og_type":"article","og_title":"Olla para Arroz y Granos 600W EveryGrain Nutribullet","og_description":"- Con una capacidad de 2.36 L \/ 10 tazas  - Albergar hasta 60 g \/ 5 - Configuraciones de arroz integral, arroz blanco, avena, quinua y granos - Base de cocci\u00f3n de 600 W - Dimensiones ensamblada: 11,4\" de largo x 10,8\" de ancho x 8,6\" de alto","og_url":"https:\/\/mivoot.com\/gt\/producto\/olla-para-arroz-y-granos-600w-everygrain-nutribullet\/","og_site_name":"Mivoot","article_publisher":"https:\/\/www.facebook.com\/mivootgt","article_modified_time":"2024-07-13T19:21:21+00:00","og_image":[{"width":512,"height":512,"url":"https:\/\/mivoot.com\/gt\/wp-content\/uploads\/2021\/03\/cropped-icon.png","type":"image\/png"}],"twitter_card":"summary_large_image","twitter_misc":{"Est. reading time":"3 minutos"},"schema":{"@context":"https:\/\/schema.org","@graph":[{"@type":"WebPage","@id":"https:\/\/mivoot.com\/gt\/producto\/olla-para-arroz-y-granos-600w-everygrain-nutribullet\/","url":"https:\/\/mivoot.com\/gt\/producto\/olla-para-arroz-y-granos-600w-everygrain-nutribullet\/","name":"Olla para Arroz y Granos 600W EveryGrain Nutribullet - Mivoot","isPartOf":{"@id":"https:\/\/mivoot.com\/gt\/#website"},"primaryImageOfPage":{"@id":"https:\/\/mivoot.com\/gt\/producto\/olla-para-arroz-y-granos-600w-everygrain-nutribullet\/#primaryimage"},"image":{"@id":"https:\/\/mivoot.com\/gt\/producto\/olla-para-arroz-y-granos-600w-everygrain-nutribullet\/#primaryimage"},"thumbnailUrl":"https:\/\/mivoot.com\/gt\/wp-content\/uploads\/2024\/07\/nb-every-grain-cooker-ecomm-detail-lid-open-graybkgd-1500-x-1201.avif","datePublished":"2024-07-13T19:21:19+00:00","dateModified":"2024-07-13T19:21:21+00:00","breadcrumb":{"@id":"https:\/\/mivoot.com\/gt\/producto\/olla-para-arroz-y-granos-600w-everygrain-nutribullet\/#breadcrumb"},"inLanguage":"es","potentialAction":[{"@type":"ReadAction","target":["https:\/\/mivoot.com\/gt\/producto\/olla-para-arroz-y-granos-600w-everygrain-nutribullet\/"]}]},{"@type":"ImageObject","inLanguage":"es","@id":"https:\/\/mivoot.com\/gt\/producto\/olla-para-arroz-y-granos-600w-everygrain-nutribullet\/#primaryimage","url":"https:\/\/mivoot.com\/gt\/wp-content\/uploads\/2024\/07\/nb-every-grain-cooker-ecomm-detail-lid-open-graybkgd-1500-x-1201.avif","contentUrl":"https:\/\/mivoot.com\/gt\/wp-content\/uploads\/2024\/07\/nb-every-grain-cooker-ecomm-detail-lid-open-graybkgd-1500-x-1201.avif","width":1124,"height":900},{"@type":"BreadcrumbList","@id":"https:\/\/mivoot.com\/gt\/producto\/olla-para-arroz-y-granos-600w-everygrain-nutribullet\/#breadcrumb","itemListElement":[{"@type":"ListItem","position":1,"name":"Inicio","item":"https:\/\/mivoot.com\/gt\/"},{"@type":"ListItem","position":2,"name":"Productos","item":"https:\/\/mivoot.com\/gt\/producto\/"},{"@type":"ListItem","position":3,"name":"Nutribullet","item":"https:\/\/mivoot.com\/gt\/marca\/nutribullet\/"},{"@type":"ListItem","position":4,"name":"Olla para Arroz y Granos 600W EveryGrain Nutribullet"}]},{"@type":"WebSite","@id":"https:\/\/mivoot.com\/gt\/#website","url":"https:\/\/mivoot.com\/gt\/","name":"Mivoot","description":"Mivoot Guatemala | Tienda Online","publisher":{"@id":"https:\/\/mivoot.com\/gt\/#organization"},"alternateName":"mivoot","potentialAction":[{"@type":"SearchAction","target":{"@type":"EntryPoint","urlTemplate":"https:\/\/mivoot.com\/gt\/?s={search_term_string}"},"query-input":{"@type":"PropertyValueSpecification","valueRequired":true,"valueName":"search_term_string"}}],"inLanguage":"es"},{"@type":"Organization","@id":"https:\/\/mivoot.com\/gt\/#organization","name":"Mivoot Guatemala","alternateName":"mivoot.com","url":"https:\/\/mivoot.com\/gt\/","logo":{"@type":"ImageObject","inLanguage":"es","@id":"https:\/\/mivoot.com\/gt\/#\/schema\/logo\/image\/","url":"https:\/\/mivoot.com\/gt\/wp-content\/uploads\/2023\/03\/cropped-icon.png","contentUrl":"https:\/\/mivoot.com\/gt\/wp-content\/uploads\/2023\/03\/cropped-icon.png","width":512,"height":512,"caption":"Mivoot Guatemala"},"image":{"@id":"https:\/\/mivoot.com\/gt\/#\/schema\/logo\/image\/"},"sameAs":["https:\/\/www.facebook.com\/mivootgt","https:\/\/instagram.com\/mivoot"]}]}},"jetpack_publicize_connections":[],"jetpack_sharing_enabled":true,"brands":[{"id":545,"name":"Nutribullet","slug":"nutribullet"}],"_links":{"self":[{"href":"https:\/\/mivoot.com\/gt\/wp-json\/wp\/v2\/product\/20282","targetHints":{"allow":["GET"]}}],"collection":[{"href":"https:\/\/mivoot.com\/gt\/wp-json\/wp\/v2\/product"}],"about":[{"href":"https:\/\/mivoot.com\/gt\/wp-json\/wp\/v2\/types\/product"}],"replies":[{"embeddable":true,"href":"https:\/\/mivoot.com\/gt\/wp-json\/wp\/v2\/comments?post=20282"}],"version-history":[{"count":1,"href":"https:\/\/mivoot.com\/gt\/wp-json\/wp\/v2\/product\/20282\/revisions"}],"predecessor-version":[{"id":20292,"href":"https:\/\/mivoot.com\/gt\/wp-json\/wp\/v2\/product\/20282\/revisions\/20292"}],"wp:featuredmedia":[{"embeddable":true,"href":"https:\/\/mivoot.com\/gt\/wp-json\/wp\/v2\/media\/20291"}],"wp:attachment":[{"href":"https:\/\/mivoot.com\/gt\/wp-json\/wp\/v2\/media?parent=20282"}],"wp:term":[{"taxonomy":"pwb-brand","embeddable":true,"href":"https:\/\/mivoot.com\/gt\/wp-json\/wp\/v2\/pwb-brand?post=20282"},{"taxonomy":"product_brand","embeddable":true,"href":"https:\/\/mivoot.com\/gt\/wp-json\/wp\/v2\/product_brand?post=20282"},{"taxonomy":"product_cat","embeddable":true,"href":"https:\/\/mivoot.com\/gt\/wp-json\/wp\/v2\/product_cat?post=20282"},{"taxonomy":"product_tag","embeddable":true,"href":"https:\/\/mivoot.com\/gt\/wp-json\/wp\/v2\/product_tag?post=20282"}],"curies":[{"name":"wp","href":"https:\/\/api.w.org\/{rel}","templated":true}]}}