{"id":20293,"date":"2024-07-13T13:27:56","date_gmt":"2024-07-13T19:27:56","guid":{"rendered":"https:\/\/mivoot.com\/gt\/?post_type=product&#038;p=20293"},"modified":"2024-07-13T13:27:57","modified_gmt":"2024-07-13T19:27:57","slug":"enchufes-inteligentes-para-exteriores-de-doble-salida-2pack-feit-electric","status":"publish","type":"product","link":"https:\/\/mivoot.com\/gt\/producto\/enchufes-inteligentes-para-exteriores-de-doble-salida-2pack-feit-electric\/","title":{"rendered":"Enchufes Inteligentes para Exteriores de Doble Salida 2Pack Feit Electric"},"content":{"rendered":"<p><img decoding=\"async\" src=\"https:\/\/www.feit.com\/cdn\/shop\/files\/smart_plug_Banner1_1450.jpg?v=1718039506\" alt=\"Banner de imagen 2\" \/><\/p>\n<p class=\"mt-0 mb-md-5 my-3 fw-normal ls-0\"><span>Este enchufe inteligente para exteriores con Wi-Fi y dos tomas de corriente te permite controlar dos dispositivos para exteriores desde cualquier lugar con un solo enchufe inteligente. Ahora puedes convertir cualquier dispositivo en un dispositivo inteligente. Enciende o apaga, establece horarios o temporizadores desde cualquier lugar con una aplicaci\u00f3n intuitiva para tel\u00e9fonos inteligentes. Agrupa dispositivos para un control unificado con un solo toque. Combina bombillas, enchufes e interruptores de la sala de estar para un acceso m\u00e1s c\u00f3modo. Usa comandos de voz simples con tu enchufe inteligente y Alexa o Google Assistant. Clasificaci\u00f3n UL para lugares h\u00famedos.<\/span><\/p>\n<ul class=\"ps-0 list-style \">\n<li><span>Ideal para iluminaci\u00f3n de paisajes, bombas de piscinas u otros dispositivos de exterior.<\/span><\/li>\n<li><span>Controla dispositivos desde cualquier lugar usando tu tel\u00e9fono inteligente<\/span><\/li>\n<li><span>Encender o apagar, establecer grupos y horarios<\/span><\/li>\n<li><span>Compatible con Alexa y Google Home<\/span><\/li>\n<li><span>F\u00e1cil configuraci\u00f3n mediante red Wi-Fi dom\u00e9stica de 2,4 GHz<\/span><\/li>\n<\/ul>\n<p><img decoding=\"async\" src=\"https:\/\/www.feit.com\/cdn\/shop\/files\/smart_plug_Banner2_1450.jpg?v=1718039506\" alt=\"Banner de imagen 2\" \/><\/p>\n<p><img decoding=\"async\" src=\"https:\/\/www.feit.com\/cdn\/shop\/files\/smart_plug_Banner3_1450.jpg?v=1718312621\" alt=\"Banner de imagen 2\" \/><\/p>\n","protected":false},"excerpt":{"rendered":"<p>&#8211; Ideal para iluminaci\u00f3n de paisajes, bombas de piscinas u otros dispositivos de exterior.<br \/>\n&#8211; Controla dispositivos desde cualquier lugar usando tu tel\u00e9fono inteligente<br \/>\n&#8211; Encender o apagar, establecer grupos y horarios<br \/>\n&#8211; Peso Neto: 136 g \/ 0.3 lb<\/p>\n","protected":false},"featured_media":20295,"comment_status":"open","ping_status":"closed","template":"","meta":{"jetpack_publicize_message":"","jetpack_publicize_feature_enabled":true,"jetpack_social_post_already_shared":true,"jetpack_social_options":{"image_generator_settings":{"template":"highway","default_image_id":0,"font":"","enabled":false},"version":2}},"pwb-brand":[343],"product_brand":[],"product_cat":[28],"product_tag":[],"class_list":{"0":"post-20293","1":"product","2":"type-product","3":"status-publish","4":"has-post-thumbnail","6":"pwb-brand-mivoot","7":"product_cat-smart-home","9":"first","10":"instock","11":"taxable","12":"shipping-taxable","13":"purchasable","14":"product-type-simple"},"yoast_head":"<!-- This site is optimized with the Yoast SEO Premium plugin v25.7.1 (Yoast SEO v26.8) - https:\/\/yoast.com\/product\/yoast-seo-premium-wordpress\/ -->\n<title>Enchufes Inteligentes para Exteriores de Doble Salida 2Pack Feit Electric - Mivoot<\/title>\n<meta name=\"robots\" content=\"index, follow, max-snippet:-1, max-image-preview:large, max-video-preview:-1\" \/>\n<link rel=\"canonical\" href=\"https:\/\/mivoot.com\/gt\/producto\/enchufes-inteligentes-para-exteriores-de-doble-salida-2pack-feit-electric\/\" \/>\n<meta property=\"og:locale\" content=\"es_ES\" \/>\n<meta property=\"og:type\" content=\"article\" \/>\n<meta property=\"og:title\" content=\"Enchufes Inteligentes para Exteriores de Doble Salida 2Pack Feit Electric\" \/>\n<meta property=\"og:description\" content=\"- Ideal para iluminaci\u00f3n de paisajes, bombas de piscinas u otros dispositivos de exterior. - Controla dispositivos desde cualquier lugar usando tu tel\u00e9fono inteligente - Encender o apagar, establecer grupos y horarios - Peso Neto: 136 g \/ 0.3 lb\" \/>\n<meta property=\"og:url\" content=\"https:\/\/mivoot.com\/gt\/producto\/enchufes-inteligentes-para-exteriores-de-doble-salida-2pack-feit-electric\/\" \/>\n<meta property=\"og:site_name\" content=\"Mivoot\" \/>\n<meta property=\"article:publisher\" content=\"https:\/\/www.facebook.com\/mivootgt\" \/>\n<meta property=\"article:modified_time\" content=\"2024-07-13T19:27:57+00:00\" \/>\n<meta property=\"og:image\" content=\"https:\/\/mivoot.com\/gt\/wp-content\/uploads\/2024\/07\/PLUG-WIFI-WP-2024-06-10-main.webp\" \/>\n\t<meta property=\"og:image:width\" content=\"1500\" \/>\n\t<meta property=\"og:image:height\" content=\"1500\" \/>\n\t<meta property=\"og:image:type\" content=\"image\/webp\" \/>\n<meta name=\"twitter:card\" content=\"summary_large_image\" \/>\n<meta name=\"twitter:label1\" content=\"Est. reading time\" \/>\n\t<meta name=\"twitter:data1\" content=\"2 minutos\" \/>\n<script type=\"application\/ld+json\" class=\"yoast-schema-graph\">{\"@context\":\"https:\/\/schema.org\",\"@graph\":[{\"@type\":\"WebPage\",\"@id\":\"https:\/\/mivoot.com\/gt\/producto\/enchufes-inteligentes-para-exteriores-de-doble-salida-2pack-feit-electric\/\",\"url\":\"https:\/\/mivoot.com\/gt\/producto\/enchufes-inteligentes-para-exteriores-de-doble-salida-2pack-feit-electric\/\",\"name\":\"Enchufes Inteligentes para Exteriores de Doble Salida 2Pack Feit Electric - Mivoot\",\"isPartOf\":{\"@id\":\"https:\/\/mivoot.com\/gt\/#website\"},\"primaryImageOfPage\":{\"@id\":\"https:\/\/mivoot.com\/gt\/producto\/enchufes-inteligentes-para-exteriores-de-doble-salida-2pack-feit-electric\/#primaryimage\"},\"image\":{\"@id\":\"https:\/\/mivoot.com\/gt\/producto\/enchufes-inteligentes-para-exteriores-de-doble-salida-2pack-feit-electric\/#primaryimage\"},\"thumbnailUrl\":\"https:\/\/mivoot.com\/gt\/wp-content\/uploads\/2024\/07\/PLUG-WIFI-WP-2024-06-10-main.webp\",\"datePublished\":\"2024-07-13T19:27:56+00:00\",\"dateModified\":\"2024-07-13T19:27:57+00:00\",\"breadcrumb\":{\"@id\":\"https:\/\/mivoot.com\/gt\/producto\/enchufes-inteligentes-para-exteriores-de-doble-salida-2pack-feit-electric\/#breadcrumb\"},\"inLanguage\":\"es\",\"potentialAction\":[{\"@type\":\"ReadAction\",\"target\":[\"https:\/\/mivoot.com\/gt\/producto\/enchufes-inteligentes-para-exteriores-de-doble-salida-2pack-feit-electric\/\"]}]},{\"@type\":\"ImageObject\",\"inLanguage\":\"es\",\"@id\":\"https:\/\/mivoot.com\/gt\/producto\/enchufes-inteligentes-para-exteriores-de-doble-salida-2pack-feit-electric\/#primaryimage\",\"url\":\"https:\/\/mivoot.com\/gt\/wp-content\/uploads\/2024\/07\/PLUG-WIFI-WP-2024-06-10-main.webp\",\"contentUrl\":\"https:\/\/mivoot.com\/gt\/wp-content\/uploads\/2024\/07\/PLUG-WIFI-WP-2024-06-10-main.webp\",\"width\":1500,\"height\":1500},{\"@type\":\"BreadcrumbList\",\"@id\":\"https:\/\/mivoot.com\/gt\/producto\/enchufes-inteligentes-para-exteriores-de-doble-salida-2pack-feit-electric\/#breadcrumb\",\"itemListElement\":[{\"@type\":\"ListItem\",\"position\":1,\"name\":\"Inicio\",\"item\":\"https:\/\/mivoot.com\/gt\/\"},{\"@type\":\"ListItem\",\"position\":2,\"name\":\"Productos\",\"item\":\"https:\/\/mivoot.com\/gt\/producto\/\"},{\"@type\":\"ListItem\",\"position\":3,\"name\":\"Mivoot\",\"item\":\"https:\/\/mivoot.com\/gt\/marca\/mivoot\/\"},{\"@type\":\"ListItem\",\"position\":4,\"name\":\"Enchufes Inteligentes para Exteriores de Doble Salida 2Pack Feit Electric\"}]},{\"@type\":\"WebSite\",\"@id\":\"https:\/\/mivoot.com\/gt\/#website\",\"url\":\"https:\/\/mivoot.com\/gt\/\",\"name\":\"Mivoot\",\"description\":\"Mivoot Guatemala | Tienda Online\",\"publisher\":{\"@id\":\"https:\/\/mivoot.com\/gt\/#organization\"},\"alternateName\":\"mivoot\",\"potentialAction\":[{\"@type\":\"SearchAction\",\"target\":{\"@type\":\"EntryPoint\",\"urlTemplate\":\"https:\/\/mivoot.com\/gt\/?s={search_term_string}\"},\"query-input\":{\"@type\":\"PropertyValueSpecification\",\"valueRequired\":true,\"valueName\":\"search_term_string\"}}],\"inLanguage\":\"es\"},{\"@type\":\"Organization\",\"@id\":\"https:\/\/mivoot.com\/gt\/#organization\",\"name\":\"Mivoot Guatemala\",\"alternateName\":\"mivoot.com\",\"url\":\"https:\/\/mivoot.com\/gt\/\",\"logo\":{\"@type\":\"ImageObject\",\"inLanguage\":\"es\",\"@id\":\"https:\/\/mivoot.com\/gt\/#\/schema\/logo\/image\/\",\"url\":\"https:\/\/mivoot.com\/gt\/wp-content\/uploads\/2023\/03\/cropped-icon.png\",\"contentUrl\":\"https:\/\/mivoot.com\/gt\/wp-content\/uploads\/2023\/03\/cropped-icon.png\",\"width\":512,\"height\":512,\"caption\":\"Mivoot Guatemala\"},\"image\":{\"@id\":\"https:\/\/mivoot.com\/gt\/#\/schema\/logo\/image\/\"},\"sameAs\":[\"https:\/\/www.facebook.com\/mivootgt\",\"https:\/\/instagram.com\/mivoot\"]}]}<\/script>\n<!-- \/ Yoast SEO Premium plugin. -->","yoast_head_json":{"title":"Enchufes Inteligentes para Exteriores de Doble Salida 2Pack Feit Electric - Mivoot","robots":{"index":"index","follow":"follow","max-snippet":"max-snippet:-1","max-image-preview":"max-image-preview:large","max-video-preview":"max-video-preview:-1"},"canonical":"https:\/\/mivoot.com\/gt\/producto\/enchufes-inteligentes-para-exteriores-de-doble-salida-2pack-feit-electric\/","og_locale":"es_ES","og_type":"article","og_title":"Enchufes Inteligentes para Exteriores de Doble Salida 2Pack Feit Electric","og_description":"- Ideal para iluminaci\u00f3n de paisajes, bombas de piscinas u otros dispositivos de exterior. - Controla dispositivos desde cualquier lugar usando tu tel\u00e9fono inteligente - Encender o apagar, establecer grupos y horarios - Peso Neto: 136 g \/ 0.3 lb","og_url":"https:\/\/mivoot.com\/gt\/producto\/enchufes-inteligentes-para-exteriores-de-doble-salida-2pack-feit-electric\/","og_site_name":"Mivoot","article_publisher":"https:\/\/www.facebook.com\/mivootgt","article_modified_time":"2024-07-13T19:27:57+00:00","og_image":[{"width":1500,"height":1500,"url":"https:\/\/mivoot.com\/gt\/wp-content\/uploads\/2024\/07\/PLUG-WIFI-WP-2024-06-10-main.webp","type":"image\/webp"}],"twitter_card":"summary_large_image","twitter_misc":{"Est. reading time":"2 minutos"},"schema":{"@context":"https:\/\/schema.org","@graph":[{"@type":"WebPage","@id":"https:\/\/mivoot.com\/gt\/producto\/enchufes-inteligentes-para-exteriores-de-doble-salida-2pack-feit-electric\/","url":"https:\/\/mivoot.com\/gt\/producto\/enchufes-inteligentes-para-exteriores-de-doble-salida-2pack-feit-electric\/","name":"Enchufes Inteligentes para Exteriores de Doble Salida 2Pack Feit Electric - Mivoot","isPartOf":{"@id":"https:\/\/mivoot.com\/gt\/#website"},"primaryImageOfPage":{"@id":"https:\/\/mivoot.com\/gt\/producto\/enchufes-inteligentes-para-exteriores-de-doble-salida-2pack-feit-electric\/#primaryimage"},"image":{"@id":"https:\/\/mivoot.com\/gt\/producto\/enchufes-inteligentes-para-exteriores-de-doble-salida-2pack-feit-electric\/#primaryimage"},"thumbnailUrl":"https:\/\/mivoot.com\/gt\/wp-content\/uploads\/2024\/07\/PLUG-WIFI-WP-2024-06-10-main.webp","datePublished":"2024-07-13T19:27:56+00:00","dateModified":"2024-07-13T19:27:57+00:00","breadcrumb":{"@id":"https:\/\/mivoot.com\/gt\/producto\/enchufes-inteligentes-para-exteriores-de-doble-salida-2pack-feit-electric\/#breadcrumb"},"inLanguage":"es","potentialAction":[{"@type":"ReadAction","target":["https:\/\/mivoot.com\/gt\/producto\/enchufes-inteligentes-para-exteriores-de-doble-salida-2pack-feit-electric\/"]}]},{"@type":"ImageObject","inLanguage":"es","@id":"https:\/\/mivoot.com\/gt\/producto\/enchufes-inteligentes-para-exteriores-de-doble-salida-2pack-feit-electric\/#primaryimage","url":"https:\/\/mivoot.com\/gt\/wp-content\/uploads\/2024\/07\/PLUG-WIFI-WP-2024-06-10-main.webp","contentUrl":"https:\/\/mivoot.com\/gt\/wp-content\/uploads\/2024\/07\/PLUG-WIFI-WP-2024-06-10-main.webp","width":1500,"height":1500},{"@type":"BreadcrumbList","@id":"https:\/\/mivoot.com\/gt\/producto\/enchufes-inteligentes-para-exteriores-de-doble-salida-2pack-feit-electric\/#breadcrumb","itemListElement":[{"@type":"ListItem","position":1,"name":"Inicio","item":"https:\/\/mivoot.com\/gt\/"},{"@type":"ListItem","position":2,"name":"Productos","item":"https:\/\/mivoot.com\/gt\/producto\/"},{"@type":"ListItem","position":3,"name":"Mivoot","item":"https:\/\/mivoot.com\/gt\/marca\/mivoot\/"},{"@type":"ListItem","position":4,"name":"Enchufes Inteligentes para Exteriores de Doble Salida 2Pack Feit Electric"}]},{"@type":"WebSite","@id":"https:\/\/mivoot.com\/gt\/#website","url":"https:\/\/mivoot.com\/gt\/","name":"Mivoot","description":"Mivoot Guatemala | Tienda Online","publisher":{"@id":"https:\/\/mivoot.com\/gt\/#organization"},"alternateName":"mivoot","potentialAction":[{"@type":"SearchAction","target":{"@type":"EntryPoint","urlTemplate":"https:\/\/mivoot.com\/gt\/?s={search_term_string}"},"query-input":{"@type":"PropertyValueSpecification","valueRequired":true,"valueName":"search_term_string"}}],"inLanguage":"es"},{"@type":"Organization","@id":"https:\/\/mivoot.com\/gt\/#organization","name":"Mivoot Guatemala","alternateName":"mivoot.com","url":"https:\/\/mivoot.com\/gt\/","logo":{"@type":"ImageObject","inLanguage":"es","@id":"https:\/\/mivoot.com\/gt\/#\/schema\/logo\/image\/","url":"https:\/\/mivoot.com\/gt\/wp-content\/uploads\/2023\/03\/cropped-icon.png","contentUrl":"https:\/\/mivoot.com\/gt\/wp-content\/uploads\/2023\/03\/cropped-icon.png","width":512,"height":512,"caption":"Mivoot Guatemala"},"image":{"@id":"https:\/\/mivoot.com\/gt\/#\/schema\/logo\/image\/"},"sameAs":["https:\/\/www.facebook.com\/mivootgt","https:\/\/instagram.com\/mivoot"]}]}},"jetpack_publicize_connections":[],"jetpack_sharing_enabled":true,"brands":[{"id":343,"name":"Mivoot","slug":"mivoot"}],"_links":{"self":[{"href":"https:\/\/mivoot.com\/gt\/wp-json\/wp\/v2\/product\/20293","targetHints":{"allow":["GET"]}}],"collection":[{"href":"https:\/\/mivoot.com\/gt\/wp-json\/wp\/v2\/product"}],"about":[{"href":"https:\/\/mivoot.com\/gt\/wp-json\/wp\/v2\/types\/product"}],"replies":[{"embeddable":true,"href":"https:\/\/mivoot.com\/gt\/wp-json\/wp\/v2\/comments?post=20293"}],"version-history":[{"count":1,"href":"https:\/\/mivoot.com\/gt\/wp-json\/wp\/v2\/product\/20293\/revisions"}],"predecessor-version":[{"id":20300,"href":"https:\/\/mivoot.com\/gt\/wp-json\/wp\/v2\/product\/20293\/revisions\/20300"}],"wp:featuredmedia":[{"embeddable":true,"href":"https:\/\/mivoot.com\/gt\/wp-json\/wp\/v2\/media\/20295"}],"wp:attachment":[{"href":"https:\/\/mivoot.com\/gt\/wp-json\/wp\/v2\/media?parent=20293"}],"wp:term":[{"taxonomy":"pwb-brand","embeddable":true,"href":"https:\/\/mivoot.com\/gt\/wp-json\/wp\/v2\/pwb-brand?post=20293"},{"taxonomy":"product_brand","embeddable":true,"href":"https:\/\/mivoot.com\/gt\/wp-json\/wp\/v2\/product_brand?post=20293"},{"taxonomy":"product_cat","embeddable":true,"href":"https:\/\/mivoot.com\/gt\/wp-json\/wp\/v2\/product_cat?post=20293"},{"taxonomy":"product_tag","embeddable":true,"href":"https:\/\/mivoot.com\/gt\/wp-json\/wp\/v2\/product_tag?post=20293"}],"curies":[{"name":"wp","href":"https:\/\/api.w.org\/{rel}","templated":true}]}}