{"id":20381,"date":"2024-07-16T09:54:57","date_gmt":"2024-07-16T15:54:57","guid":{"rendered":"https:\/\/mivoot.com\/gt\/?post_type=product&#038;p=20381"},"modified":"2024-07-16T14:43:57","modified_gmt":"2024-07-16T20:43:57","slug":"kit-de-video-portero-analogico-de-metal-hikvision-ds-kis303-p-o-std","status":"publish","type":"product","link":"https:\/\/mivoot.com\/gt\/producto\/kit-de-video-portero-analogico-de-metal-hikvision-ds-kis303-p-o-std\/","title":{"rendered":"Kit de Video portero Anal\u00f3gico de Metal Hikvision DS-KIS303-P (O-STD)"},"content":{"rendered":"\t\t<div data-elementor-type=\"product-post\" data-elementor-id=\"20381\" class=\"elementor elementor-20381\">\n\t\t\t\t\t\t<section class=\"elementor-section elementor-top-section elementor-element elementor-element-12223b2 elementor-section-boxed elementor-section-height-default elementor-section-height-default\" data-id=\"12223b2\" data-element_type=\"section\">\n\t\t\t\t\t\t<div class=\"elementor-container elementor-column-gap-default\">\n\t\t\t\t\t<div class=\"elementor-column elementor-col-33 elementor-top-column elementor-element elementor-element-58f9537\" data-id=\"58f9537\" data-element_type=\"column\">\n\t\t\t<div class=\"elementor-widget-wrap elementor-element-populated\">\n\t\t\t\t\t\t<div class=\"elementor-element elementor-element-aa947f5 elementor-widget elementor-widget-image\" data-id=\"aa947f5\" data-element_type=\"widget\" data-widget_type=\"image.default\">\n\t\t\t\t<div class=\"elementor-widget-container\">\n\t\t\t\t\t\t\t\t\t\t\t\t\t\t\t<img fetchpriority=\"high\" decoding=\"async\" width=\"1000\" height=\"1000\" src=\"https:\/\/mivoot.com\/gt\/wp-content\/uploads\/2024\/07\/DS-KIS303-P-2.jpg\" class=\"attachment-large size-large wp-image-20383\" alt=\"\" srcset=\"https:\/\/mivoot.com\/gt\/wp-content\/uploads\/2024\/07\/DS-KIS303-P-2.jpg 1000w, https:\/\/mivoot.com\/gt\/wp-content\/uploads\/2024\/07\/DS-KIS303-P-2-250x250.jpg 250w, https:\/\/mivoot.com\/gt\/wp-content\/uploads\/2024\/07\/DS-KIS303-P-2-100x100.jpg 100w, https:\/\/mivoot.com\/gt\/wp-content\/uploads\/2024\/07\/DS-KIS303-P-2-410x410.jpg 410w, https:\/\/mivoot.com\/gt\/wp-content\/uploads\/2024\/07\/DS-KIS303-P-2-64x64.jpg 64w, https:\/\/mivoot.com\/gt\/wp-content\/uploads\/2024\/07\/DS-KIS303-P-2-300x300.jpg 300w, https:\/\/mivoot.com\/gt\/wp-content\/uploads\/2024\/07\/DS-KIS303-P-2-150x150.jpg 150w, https:\/\/mivoot.com\/gt\/wp-content\/uploads\/2024\/07\/DS-KIS303-P-2-768x768.jpg 768w, https:\/\/mivoot.com\/gt\/wp-content\/uploads\/2024\/07\/DS-KIS303-P-2-600x600.jpg 600w, https:\/\/mivoot.com\/gt\/wp-content\/uploads\/2024\/07\/DS-KIS303-P-2-50x50.jpg 50w\" sizes=\"(max-width: 1000px) 100vw, 1000px\" \/>\t\t\t\t\t\t\t\t\t\t\t\t\t\t\t<\/div>\n\t\t\t\t<\/div>\n\t\t\t\t\t<\/div>\n\t\t<\/div>\n\t\t\t\t<div class=\"elementor-column elementor-col-66 elementor-top-column elementor-element elementor-element-ce65001\" data-id=\"ce65001\" data-element_type=\"column\">\n\t\t\t<div class=\"elementor-widget-wrap elementor-element-populated\">\n\t\t\t\t\t\t<div class=\"elementor-element elementor-element-5df75c0 elementor-widget elementor-widget-text-editor\" data-id=\"5df75c0\" data-element_type=\"widget\" data-widget_type=\"text-editor.default\">\n\t\t\t\t<div class=\"elementor-widget-container\">\n\t\t\t\t\t\t\t\t\t<p><strong>\u00bfC\u00f3mo funciona?:<\/strong><\/p><p>El monitor del kit se conecta por 4 hilos al frente de calle (interfaz an\u00e1loga) y tambi\u00e9n por TCP IP cableado o WiFi al m\u00f3dem para salida a internet y llamada a la App.<\/p><p><strong>\u00bfC\u00f3mo agrego m\u00e1s monitores?\u00a0<\/strong>Los monitores adicionales son IP, se conectan a la red y se a\u00f1aden como extensiones del monitor principal.<\/p><p><strong>\u00bfC\u00f3mo agrego m\u00e1s frentes de calle?\u00a0<\/strong>El monitor del kit trae 2 interfaces an\u00e1logas. El segundo frente de calle se conecta por 4 hilos a la segunda interfaz an\u00e1loga del monitor del kit.<\/p><p>Combinelo con su sistema de videovigilancia Turbo o IP, marca Hikvision, epcom \u00f3 HiLook, el monitor permite a\u00f1adir hasta un maximo de 16 canales de video para una visualizaci\u00f3n esporadica, maximo 2MP<\/p><ul><li><strong>Frente de calle compatible<\/strong>\u00a0(m\u00e1ximo 2 en total):\u00a0<a href=\"https:\/\/www.syscom.mx\/principal\/searchcont?route=DS-KB2421T-IM-HIKVISION-195573&amp;autodetect=DS-KB2421T-IM\">DS-KB2421T-IM<\/a><\/li><li><strong>Monitores compatibles<\/strong>\u00a0(m\u00e1ximo 6 en total):\u00a0<a href=\"https:\/\/www.syscom.mx\/principal\/searchcont?route=DS-KH6320-WTE1-HIKVISION-170761&amp;autodetect=DS-Kh6320\">DS-KH6320-WTE1,\u00a0<\/a><a href=\"https:\/\/www.syscom.mx\/principal\/searchcont?route=DS-KH8520-WTE1-HIKVISION-170927&amp;autodetect=dskh8520\">DS-KH8520-WTE1.<\/a><\/li><\/ul>\t\t\t\t\t\t\t\t<\/div>\n\t\t\t\t<\/div>\n\t\t\t\t\t<\/div>\n\t\t<\/div>\n\t\t\t\t\t<\/div>\n\t\t<\/section>\n\t\t\t\t<section class=\"elementor-section elementor-top-section elementor-element elementor-element-685b35f elementor-section-boxed elementor-section-height-default elementor-section-height-default\" data-id=\"685b35f\" data-element_type=\"section\">\n\t\t\t\t\t\t<div class=\"elementor-container elementor-column-gap-default\">\n\t\t\t\t\t<div class=\"elementor-column elementor-col-100 elementor-top-column elementor-element elementor-element-e37c020\" data-id=\"e37c020\" data-element_type=\"column\">\n\t\t\t<div class=\"elementor-widget-wrap elementor-element-populated\">\n\t\t\t\t\t\t<div class=\"elementor-element elementor-element-1eb6cb4 elementor-widget elementor-widget-video\" data-id=\"1eb6cb4\" data-element_type=\"widget\" data-settings=\"{&quot;youtube_url&quot;:&quot;https:\\\/\\\/www.youtube.com\\\/watch?v=zVDYBgww658&quot;,&quot;video_type&quot;:&quot;youtube&quot;,&quot;controls&quot;:&quot;yes&quot;}\" data-widget_type=\"video.default\">\n\t\t\t\t<div class=\"elementor-widget-container\">\n\t\t\t\t\t\t\t<div class=\"elementor-wrapper elementor-open-inline\">\n\t\t\t<div class=\"elementor-video\"><\/div>\t\t<\/div>\n\t\t\t\t\t\t<\/div>\n\t\t\t\t<\/div>\n\t\t\t\t\t<\/div>\n\t\t<\/div>\n\t\t\t\t\t<\/div>\n\t\t<\/section>\n\t\t\t\t<section class=\"elementor-section elementor-top-section elementor-element elementor-element-978f4a5 elementor-section-boxed elementor-section-height-default elementor-section-height-default\" data-id=\"978f4a5\" data-element_type=\"section\">\n\t\t\t\t\t\t<div class=\"elementor-container elementor-column-gap-default\">\n\t\t\t\t\t<div class=\"elementor-column elementor-col-100 elementor-top-column elementor-element elementor-element-f836d7b\" data-id=\"f836d7b\" data-element_type=\"column\">\n\t\t\t<div class=\"elementor-widget-wrap elementor-element-populated\">\n\t\t\t\t\t\t<div class=\"elementor-element elementor-element-bd3f6ce elementor-widget elementor-widget-image\" data-id=\"bd3f6ce\" data-element_type=\"widget\" data-widget_type=\"image.default\">\n\t\t\t\t<div class=\"elementor-widget-container\">\n\t\t\t\t\t\t\t\t\t\t\t\t\t\t\t<img decoding=\"async\" width=\"1020\" height=\"725\" src=\"https:\/\/mivoot.com\/gt\/wp-content\/uploads\/2024\/07\/Diagrama-DS-KIS302-P.webp\" class=\"attachment-large size-large wp-image-20393\" alt=\"\" srcset=\"https:\/\/mivoot.com\/gt\/wp-content\/uploads\/2024\/07\/Diagrama-DS-KIS302-P.webp 1941w, https:\/\/mivoot.com\/gt\/wp-content\/uploads\/2024\/07\/Diagrama-DS-KIS302-P-410x291.webp 410w, https:\/\/mivoot.com\/gt\/wp-content\/uploads\/2024\/07\/Diagrama-DS-KIS302-P-64x45.webp 64w, https:\/\/mivoot.com\/gt\/wp-content\/uploads\/2024\/07\/Diagrama-DS-KIS302-P-300x213.webp 300w, https:\/\/mivoot.com\/gt\/wp-content\/uploads\/2024\/07\/Diagrama-DS-KIS302-P-768x546.webp 768w, https:\/\/mivoot.com\/gt\/wp-content\/uploads\/2024\/07\/Diagrama-DS-KIS302-P-1536x1091.webp 1536w, https:\/\/mivoot.com\/gt\/wp-content\/uploads\/2024\/07\/Diagrama-DS-KIS302-P-600x426.webp 600w\" sizes=\"(max-width: 1020px) 100vw, 1020px\" \/>\t\t\t\t\t\t\t\t\t\t\t\t\t\t\t<\/div>\n\t\t\t\t<\/div>\n\t\t\t\t\t<\/div>\n\t\t<\/div>\n\t\t\t\t\t<\/div>\n\t\t<\/section>\n\t\t\t\t<\/div>\n\t\t","protected":false},"excerpt":{"rendered":"<p>&#8211; C\u00e1mara con resoluci\u00f3n de 1920 x 1080.<br \/>\n&#8211; Pantalla Touch de 7&#8243;<br \/>\n&#8211; Micr\u00f3fono y Bocina.<br \/>\n&#8211; Vol\u00famen ajustable.<br \/>\n&#8211; Supresi\u00f3n de ruido y cancelaci\u00f3n de eco.<br \/>\n&#8211; Alimentaci\u00f3n 12 Vcd o PoE (est\u00e1ndar 802.3af).<br \/>\n&#8211; Frente de calle con protecci\u00f3n IP65 fabricado de metal.<br \/>\n&#8211; Temperatura de operaci\u00f3n: -10\u00b0C a 55\u00b0C.<br \/>\n&#8211; Dimensiones del frente de Calle:135.14 x 49.6 x 41.93 mm.<br \/>\n&#8211; Dimensiones del monitor: 200 x 140 x 23.6 mm.<br \/>\n&#8211; Salida de relevador para chapa.<\/p>\n","protected":false},"featured_media":20456,"comment_status":"open","ping_status":"closed","template":"","meta":{"jetpack_publicize_message":"","jetpack_publicize_feature_enabled":true,"jetpack_social_post_already_shared":true,"jetpack_social_options":{"image_generator_settings":{"template":"highway","default_image_id":0,"font":"","enabled":false},"version":2}},"pwb-brand":[113],"product_brand":[],"product_cat":[356],"product_tag":[],"class_list":{"0":"post-20381","1":"product","2":"type-product","3":"status-publish","4":"has-post-thumbnail","6":"pwb-brand-hikvision","7":"product_cat-video-portero","9":"first","10":"instock","11":"taxable","12":"shipping-taxable","13":"purchasable","14":"product-type-simple"},"yoast_head":"<!-- This site is optimized with the Yoast SEO Premium plugin v25.7.1 (Yoast SEO v26.8) - https:\/\/yoast.com\/product\/yoast-seo-premium-wordpress\/ -->\n<title>Kit de Video portero Anal\u00f3gico de Metal Hikvision DS-KIS303-P (O-STD) - Mivoot<\/title>\n<meta name=\"description\" content=\"Kit de Video portero Anal\u00f3gico de Metal Hikvision DS-KIS303-P\" \/>\n<meta name=\"robots\" content=\"index, follow, max-snippet:-1, max-image-preview:large, max-video-preview:-1\" \/>\n<link rel=\"canonical\" href=\"https:\/\/mivoot.com\/gt\/producto\/kit-de-video-portero-analogico-de-metal-hikvision-ds-kis303-p-o-std\/\" \/>\n<meta property=\"og:locale\" content=\"es_ES\" \/>\n<meta property=\"og:type\" content=\"article\" \/>\n<meta property=\"og:title\" content=\"Kit de Video portero Anal\u00f3gico de Metal Hikvision DS-KIS303-P (O-STD)\" \/>\n<meta property=\"og:description\" content=\"Kit de Video portero Anal\u00f3gico de Metal Hikvision DS-KIS303-P\" \/>\n<meta property=\"og:url\" content=\"https:\/\/mivoot.com\/gt\/producto\/kit-de-video-portero-analogico-de-metal-hikvision-ds-kis303-p-o-std\/\" \/>\n<meta property=\"og:site_name\" content=\"Mivoot\" \/>\n<meta property=\"article:publisher\" content=\"https:\/\/www.facebook.com\/mivootgt\" \/>\n<meta property=\"article:modified_time\" content=\"2024-07-16T20:43:57+00:00\" \/>\n<meta property=\"og:image\" content=\"https:\/\/mivoot.com\/gt\/wp-content\/uploads\/2024\/07\/DS-KIS303-P-00.jpg\" \/>\n\t<meta property=\"og:image:width\" content=\"500\" \/>\n\t<meta property=\"og:image:height\" content=\"500\" \/>\n\t<meta property=\"og:image:type\" content=\"image\/jpeg\" \/>\n<meta name=\"twitter:card\" content=\"summary_large_image\" \/>\n<meta name=\"twitter:label1\" content=\"Est. reading time\" \/>\n\t<meta name=\"twitter:data1\" content=\"2 minutos\" \/>\n<script type=\"application\/ld+json\" class=\"yoast-schema-graph\">{\"@context\":\"https:\/\/schema.org\",\"@graph\":[{\"@type\":\"WebPage\",\"@id\":\"https:\/\/mivoot.com\/gt\/producto\/kit-de-video-portero-analogico-de-metal-hikvision-ds-kis303-p-o-std\/\",\"url\":\"https:\/\/mivoot.com\/gt\/producto\/kit-de-video-portero-analogico-de-metal-hikvision-ds-kis303-p-o-std\/\",\"name\":\"Kit de Video portero Anal\u00f3gico de Metal Hikvision DS-KIS303-P (O-STD) - Mivoot\",\"isPartOf\":{\"@id\":\"https:\/\/mivoot.com\/gt\/#website\"},\"primaryImageOfPage\":{\"@id\":\"https:\/\/mivoot.com\/gt\/producto\/kit-de-video-portero-analogico-de-metal-hikvision-ds-kis303-p-o-std\/#primaryimage\"},\"image\":{\"@id\":\"https:\/\/mivoot.com\/gt\/producto\/kit-de-video-portero-analogico-de-metal-hikvision-ds-kis303-p-o-std\/#primaryimage\"},\"thumbnailUrl\":\"https:\/\/mivoot.com\/gt\/wp-content\/uploads\/2024\/07\/DS-KIS303-P-00.jpg\",\"datePublished\":\"2024-07-16T15:54:57+00:00\",\"dateModified\":\"2024-07-16T20:43:57+00:00\",\"description\":\"Kit de Video portero Anal\u00f3gico de Metal Hikvision DS-KIS303-P\",\"breadcrumb\":{\"@id\":\"https:\/\/mivoot.com\/gt\/producto\/kit-de-video-portero-analogico-de-metal-hikvision-ds-kis303-p-o-std\/#breadcrumb\"},\"inLanguage\":\"es\",\"potentialAction\":[{\"@type\":\"ReadAction\",\"target\":[\"https:\/\/mivoot.com\/gt\/producto\/kit-de-video-portero-analogico-de-metal-hikvision-ds-kis303-p-o-std\/\"]}]},{\"@type\":\"ImageObject\",\"inLanguage\":\"es\",\"@id\":\"https:\/\/mivoot.com\/gt\/producto\/kit-de-video-portero-analogico-de-metal-hikvision-ds-kis303-p-o-std\/#primaryimage\",\"url\":\"https:\/\/mivoot.com\/gt\/wp-content\/uploads\/2024\/07\/DS-KIS303-P-00.jpg\",\"contentUrl\":\"https:\/\/mivoot.com\/gt\/wp-content\/uploads\/2024\/07\/DS-KIS303-P-00.jpg\",\"width\":500,\"height\":500},{\"@type\":\"BreadcrumbList\",\"@id\":\"https:\/\/mivoot.com\/gt\/producto\/kit-de-video-portero-analogico-de-metal-hikvision-ds-kis303-p-o-std\/#breadcrumb\",\"itemListElement\":[{\"@type\":\"ListItem\",\"position\":1,\"name\":\"Inicio\",\"item\":\"https:\/\/mivoot.com\/gt\/\"},{\"@type\":\"ListItem\",\"position\":2,\"name\":\"Productos\",\"item\":\"https:\/\/mivoot.com\/gt\/producto\/\"},{\"@type\":\"ListItem\",\"position\":3,\"name\":\"Hikvision\",\"item\":\"https:\/\/mivoot.com\/gt\/marca\/hikvision\/\"},{\"@type\":\"ListItem\",\"position\":4,\"name\":\"Kit de Video portero Anal\u00f3gico de Metal Hikvision DS-KIS303-P (O-STD)\"}]},{\"@type\":\"WebSite\",\"@id\":\"https:\/\/mivoot.com\/gt\/#website\",\"url\":\"https:\/\/mivoot.com\/gt\/\",\"name\":\"Mivoot\",\"description\":\"Mivoot Guatemala | Tienda Online\",\"publisher\":{\"@id\":\"https:\/\/mivoot.com\/gt\/#organization\"},\"alternateName\":\"mivoot\",\"potentialAction\":[{\"@type\":\"SearchAction\",\"target\":{\"@type\":\"EntryPoint\",\"urlTemplate\":\"https:\/\/mivoot.com\/gt\/?s={search_term_string}\"},\"query-input\":{\"@type\":\"PropertyValueSpecification\",\"valueRequired\":true,\"valueName\":\"search_term_string\"}}],\"inLanguage\":\"es\"},{\"@type\":\"Organization\",\"@id\":\"https:\/\/mivoot.com\/gt\/#organization\",\"name\":\"Mivoot Guatemala\",\"alternateName\":\"mivoot.com\",\"url\":\"https:\/\/mivoot.com\/gt\/\",\"logo\":{\"@type\":\"ImageObject\",\"inLanguage\":\"es\",\"@id\":\"https:\/\/mivoot.com\/gt\/#\/schema\/logo\/image\/\",\"url\":\"https:\/\/mivoot.com\/gt\/wp-content\/uploads\/2023\/03\/cropped-icon.png\",\"contentUrl\":\"https:\/\/mivoot.com\/gt\/wp-content\/uploads\/2023\/03\/cropped-icon.png\",\"width\":512,\"height\":512,\"caption\":\"Mivoot Guatemala\"},\"image\":{\"@id\":\"https:\/\/mivoot.com\/gt\/#\/schema\/logo\/image\/\"},\"sameAs\":[\"https:\/\/www.facebook.com\/mivootgt\",\"https:\/\/instagram.com\/mivoot\"]}]}<\/script>\n<!-- \/ Yoast SEO Premium plugin. -->","yoast_head_json":{"title":"Kit de Video portero Anal\u00f3gico de Metal Hikvision DS-KIS303-P (O-STD) - Mivoot","description":"Kit de Video portero Anal\u00f3gico de Metal Hikvision DS-KIS303-P","robots":{"index":"index","follow":"follow","max-snippet":"max-snippet:-1","max-image-preview":"max-image-preview:large","max-video-preview":"max-video-preview:-1"},"canonical":"https:\/\/mivoot.com\/gt\/producto\/kit-de-video-portero-analogico-de-metal-hikvision-ds-kis303-p-o-std\/","og_locale":"es_ES","og_type":"article","og_title":"Kit de Video portero Anal\u00f3gico de Metal Hikvision DS-KIS303-P (O-STD)","og_description":"Kit de Video portero Anal\u00f3gico de Metal Hikvision DS-KIS303-P","og_url":"https:\/\/mivoot.com\/gt\/producto\/kit-de-video-portero-analogico-de-metal-hikvision-ds-kis303-p-o-std\/","og_site_name":"Mivoot","article_publisher":"https:\/\/www.facebook.com\/mivootgt","article_modified_time":"2024-07-16T20:43:57+00:00","og_image":[{"width":500,"height":500,"url":"https:\/\/mivoot.com\/gt\/wp-content\/uploads\/2024\/07\/DS-KIS303-P-00.jpg","type":"image\/jpeg"}],"twitter_card":"summary_large_image","twitter_misc":{"Est. reading time":"2 minutos"},"schema":{"@context":"https:\/\/schema.org","@graph":[{"@type":"WebPage","@id":"https:\/\/mivoot.com\/gt\/producto\/kit-de-video-portero-analogico-de-metal-hikvision-ds-kis303-p-o-std\/","url":"https:\/\/mivoot.com\/gt\/producto\/kit-de-video-portero-analogico-de-metal-hikvision-ds-kis303-p-o-std\/","name":"Kit de Video portero Anal\u00f3gico de Metal Hikvision DS-KIS303-P (O-STD) - Mivoot","isPartOf":{"@id":"https:\/\/mivoot.com\/gt\/#website"},"primaryImageOfPage":{"@id":"https:\/\/mivoot.com\/gt\/producto\/kit-de-video-portero-analogico-de-metal-hikvision-ds-kis303-p-o-std\/#primaryimage"},"image":{"@id":"https:\/\/mivoot.com\/gt\/producto\/kit-de-video-portero-analogico-de-metal-hikvision-ds-kis303-p-o-std\/#primaryimage"},"thumbnailUrl":"https:\/\/mivoot.com\/gt\/wp-content\/uploads\/2024\/07\/DS-KIS303-P-00.jpg","datePublished":"2024-07-16T15:54:57+00:00","dateModified":"2024-07-16T20:43:57+00:00","description":"Kit de Video portero Anal\u00f3gico de Metal Hikvision DS-KIS303-P","breadcrumb":{"@id":"https:\/\/mivoot.com\/gt\/producto\/kit-de-video-portero-analogico-de-metal-hikvision-ds-kis303-p-o-std\/#breadcrumb"},"inLanguage":"es","potentialAction":[{"@type":"ReadAction","target":["https:\/\/mivoot.com\/gt\/producto\/kit-de-video-portero-analogico-de-metal-hikvision-ds-kis303-p-o-std\/"]}]},{"@type":"ImageObject","inLanguage":"es","@id":"https:\/\/mivoot.com\/gt\/producto\/kit-de-video-portero-analogico-de-metal-hikvision-ds-kis303-p-o-std\/#primaryimage","url":"https:\/\/mivoot.com\/gt\/wp-content\/uploads\/2024\/07\/DS-KIS303-P-00.jpg","contentUrl":"https:\/\/mivoot.com\/gt\/wp-content\/uploads\/2024\/07\/DS-KIS303-P-00.jpg","width":500,"height":500},{"@type":"BreadcrumbList","@id":"https:\/\/mivoot.com\/gt\/producto\/kit-de-video-portero-analogico-de-metal-hikvision-ds-kis303-p-o-std\/#breadcrumb","itemListElement":[{"@type":"ListItem","position":1,"name":"Inicio","item":"https:\/\/mivoot.com\/gt\/"},{"@type":"ListItem","position":2,"name":"Productos","item":"https:\/\/mivoot.com\/gt\/producto\/"},{"@type":"ListItem","position":3,"name":"Hikvision","item":"https:\/\/mivoot.com\/gt\/marca\/hikvision\/"},{"@type":"ListItem","position":4,"name":"Kit de Video portero Anal\u00f3gico de Metal Hikvision DS-KIS303-P (O-STD)"}]},{"@type":"WebSite","@id":"https:\/\/mivoot.com\/gt\/#website","url":"https:\/\/mivoot.com\/gt\/","name":"Mivoot","description":"Mivoot Guatemala | Tienda Online","publisher":{"@id":"https:\/\/mivoot.com\/gt\/#organization"},"alternateName":"mivoot","potentialAction":[{"@type":"SearchAction","target":{"@type":"EntryPoint","urlTemplate":"https:\/\/mivoot.com\/gt\/?s={search_term_string}"},"query-input":{"@type":"PropertyValueSpecification","valueRequired":true,"valueName":"search_term_string"}}],"inLanguage":"es"},{"@type":"Organization","@id":"https:\/\/mivoot.com\/gt\/#organization","name":"Mivoot Guatemala","alternateName":"mivoot.com","url":"https:\/\/mivoot.com\/gt\/","logo":{"@type":"ImageObject","inLanguage":"es","@id":"https:\/\/mivoot.com\/gt\/#\/schema\/logo\/image\/","url":"https:\/\/mivoot.com\/gt\/wp-content\/uploads\/2023\/03\/cropped-icon.png","contentUrl":"https:\/\/mivoot.com\/gt\/wp-content\/uploads\/2023\/03\/cropped-icon.png","width":512,"height":512,"caption":"Mivoot Guatemala"},"image":{"@id":"https:\/\/mivoot.com\/gt\/#\/schema\/logo\/image\/"},"sameAs":["https:\/\/www.facebook.com\/mivootgt","https:\/\/instagram.com\/mivoot"]}]}},"jetpack_publicize_connections":[],"jetpack_sharing_enabled":true,"brands":[{"id":113,"name":"Hikvision","slug":"hikvision"}],"_links":{"self":[{"href":"https:\/\/mivoot.com\/gt\/wp-json\/wp\/v2\/product\/20381","targetHints":{"allow":["GET"]}}],"collection":[{"href":"https:\/\/mivoot.com\/gt\/wp-json\/wp\/v2\/product"}],"about":[{"href":"https:\/\/mivoot.com\/gt\/wp-json\/wp\/v2\/types\/product"}],"replies":[{"embeddable":true,"href":"https:\/\/mivoot.com\/gt\/wp-json\/wp\/v2\/comments?post=20381"}],"version-history":[{"count":13,"href":"https:\/\/mivoot.com\/gt\/wp-json\/wp\/v2\/product\/20381\/revisions"}],"predecessor-version":[{"id":20457,"href":"https:\/\/mivoot.com\/gt\/wp-json\/wp\/v2\/product\/20381\/revisions\/20457"}],"wp:featuredmedia":[{"embeddable":true,"href":"https:\/\/mivoot.com\/gt\/wp-json\/wp\/v2\/media\/20456"}],"wp:attachment":[{"href":"https:\/\/mivoot.com\/gt\/wp-json\/wp\/v2\/media?parent=20381"}],"wp:term":[{"taxonomy":"pwb-brand","embeddable":true,"href":"https:\/\/mivoot.com\/gt\/wp-json\/wp\/v2\/pwb-brand?post=20381"},{"taxonomy":"product_brand","embeddable":true,"href":"https:\/\/mivoot.com\/gt\/wp-json\/wp\/v2\/product_brand?post=20381"},{"taxonomy":"product_cat","embeddable":true,"href":"https:\/\/mivoot.com\/gt\/wp-json\/wp\/v2\/product_cat?post=20381"},{"taxonomy":"product_tag","embeddable":true,"href":"https:\/\/mivoot.com\/gt\/wp-json\/wp\/v2\/product_tag?post=20381"}],"curies":[{"name":"wp","href":"https:\/\/api.w.org\/{rel}","templated":true}]}}