{"id":2049,"date":"2021-03-20T23:34:00","date_gmt":"2021-03-21T05:34:00","guid":{"rendered":"https:\/\/mivoot.com\/gt\/product\/adaptador-type-c-a-hdmi-macho-a-hembra\/"},"modified":"2021-03-21T19:27:39","modified_gmt":"2021-03-22T01:27:39","slug":"adaptador-type-c-a-hdmi-macho-a-hembra","status":"publish","type":"product","link":"https:\/\/mivoot.com\/gt\/producto\/adaptador-type-c-a-hdmi-macho-a-hembra\/","title":{"rendered":"Adaptador Type-C a HDMI Macho a Hembra"},"content":{"rendered":"\t\t<div data-elementor-type=\"product-post\" data-elementor-id=\"2049\" class=\"elementor elementor-2049\">\n\t\t\t\t\t\t<section class=\"elementor-section elementor-top-section elementor-element elementor-element-cc1cb80 elementor-section-boxed elementor-section-height-default elementor-section-height-default\" data-id=\"cc1cb80\" data-element_type=\"section\">\n\t\t\t\t\t\t<div class=\"elementor-container elementor-column-gap-default\">\n\t\t\t\t\t<div class=\"elementor-column elementor-col-66 elementor-top-column elementor-element elementor-element-7c828ef\" data-id=\"7c828ef\" data-element_type=\"column\">\n\t\t\t<div class=\"elementor-widget-wrap elementor-element-populated\">\n\t\t\t\t\t\t<div class=\"elementor-element elementor-element-aa8e3b2 elementor-widget elementor-widget-image\" data-id=\"aa8e3b2\" data-element_type=\"widget\" data-widget_type=\"image.default\">\n\t\t\t\t<div class=\"elementor-widget-container\">\n\t\t\t\t\t\t\t\t\t\t\t\t\t\t\t<img fetchpriority=\"high\" decoding=\"async\" width=\"721\" height=\"450\" src=\"https:\/\/mivoot.com\/gt\/wp-content\/uploads\/2021\/03\/XTC-540_Detalle_1.jpg\" class=\"attachment-large size-large wp-image-2258\" alt=\"\" srcset=\"https:\/\/mivoot.com\/gt\/wp-content\/uploads\/2021\/03\/XTC-540_Detalle_1.jpg 721w, https:\/\/mivoot.com\/gt\/wp-content\/uploads\/2021\/03\/XTC-540_Detalle_1-410x256.jpg 410w, https:\/\/mivoot.com\/gt\/wp-content\/uploads\/2021\/03\/XTC-540_Detalle_1-64x40.jpg 64w, https:\/\/mivoot.com\/gt\/wp-content\/uploads\/2021\/03\/XTC-540_Detalle_1-300x187.jpg 300w\" sizes=\"(max-width: 721px) 100vw, 721px\" \/>\t\t\t\t\t\t\t\t\t\t\t\t\t\t\t<\/div>\n\t\t\t\t<\/div>\n\t\t\t\t\t<\/div>\n\t\t<\/div>\n\t\t\t\t<div class=\"elementor-column elementor-col-33 elementor-top-column elementor-element elementor-element-40ff95e\" data-id=\"40ff95e\" data-element_type=\"column\">\n\t\t\t<div class=\"elementor-widget-wrap elementor-element-populated\">\n\t\t\t\t\t\t<div class=\"elementor-element elementor-element-d6278f7 elementor-widget elementor-widget-text-editor\" data-id=\"d6278f7\" data-element_type=\"widget\" data-widget_type=\"text-editor.default\">\n\t\t\t\t<div class=\"elementor-widget-container\">\n\t\t\t\t\t\t\t\t\t<p>Dise\u00f1o reversible tipo C simplifica su utilizaci\u00f3n, ya que permite ser conectado en cualquiera de los dos sentidos<\/p>\t\t\t\t\t\t\t\t<\/div>\n\t\t\t\t<\/div>\n\t\t\t\t\t<\/div>\n\t\t<\/div>\n\t\t\t\t\t<\/div>\n\t\t<\/section>\n\t\t\t\t<section class=\"elementor-section elementor-top-section elementor-element elementor-element-7869ab1 elementor-section-boxed elementor-section-height-default elementor-section-height-default\" data-id=\"7869ab1\" data-element_type=\"section\">\n\t\t\t\t\t\t<div class=\"elementor-container elementor-column-gap-default\">\n\t\t\t\t\t<div class=\"elementor-column elementor-col-33 elementor-top-column elementor-element elementor-element-4a5737c\" data-id=\"4a5737c\" data-element_type=\"column\">\n\t\t\t<div class=\"elementor-widget-wrap elementor-element-populated\">\n\t\t\t\t\t\t<div class=\"elementor-element elementor-element-489ff34 elementor-widget elementor-widget-text-editor\" data-id=\"489ff34\" data-element_type=\"widget\" data-widget_type=\"text-editor.default\">\n\t\t\t\t<div class=\"elementor-widget-container\">\n\t\t\t\t\t\t\t\t\t<p>Usa el puerto USB disponible en tu computadora para conectar un HDTV, un monitor, o proyector con entrada HDMI<\/p>\t\t\t\t\t\t\t\t<\/div>\n\t\t\t\t<\/div>\n\t\t\t\t\t<\/div>\n\t\t<\/div>\n\t\t\t\t<div class=\"elementor-column elementor-col-66 elementor-top-column elementor-element elementor-element-a084dd2\" data-id=\"a084dd2\" data-element_type=\"column\">\n\t\t\t<div class=\"elementor-widget-wrap elementor-element-populated\">\n\t\t\t\t\t\t<div class=\"elementor-element elementor-element-25c74f9 elementor-widget elementor-widget-image\" data-id=\"25c74f9\" data-element_type=\"widget\" data-widget_type=\"image.default\">\n\t\t\t\t<div class=\"elementor-widget-container\">\n\t\t\t\t\t\t\t\t\t\t\t\t\t\t\t<img decoding=\"async\" width=\"721\" height=\"450\" src=\"https:\/\/mivoot.com\/gt\/wp-content\/uploads\/2021\/03\/XTC-540_Detalle_2.jpg\" class=\"attachment-large size-large wp-image-2259\" alt=\"\" srcset=\"https:\/\/mivoot.com\/gt\/wp-content\/uploads\/2021\/03\/XTC-540_Detalle_2.jpg 721w, https:\/\/mivoot.com\/gt\/wp-content\/uploads\/2021\/03\/XTC-540_Detalle_2-410x256.jpg 410w, https:\/\/mivoot.com\/gt\/wp-content\/uploads\/2021\/03\/XTC-540_Detalle_2-64x40.jpg 64w, https:\/\/mivoot.com\/gt\/wp-content\/uploads\/2021\/03\/XTC-540_Detalle_2-300x187.jpg 300w\" sizes=\"(max-width: 721px) 100vw, 721px\" \/>\t\t\t\t\t\t\t\t\t\t\t\t\t\t\t<\/div>\n\t\t\t\t<\/div>\n\t\t\t\t\t<\/div>\n\t\t<\/div>\n\t\t\t\t\t<\/div>\n\t\t<\/section>\n\t\t\t\t<section class=\"elementor-section elementor-top-section elementor-element elementor-element-af3d258 elementor-section-boxed elementor-section-height-default elementor-section-height-default\" data-id=\"af3d258\" data-element_type=\"section\">\n\t\t\t\t\t\t<div class=\"elementor-container elementor-column-gap-default\">\n\t\t\t\t\t<div class=\"elementor-column elementor-col-66 elementor-top-column elementor-element elementor-element-956eda0\" data-id=\"956eda0\" data-element_type=\"column\">\n\t\t\t<div class=\"elementor-widget-wrap elementor-element-populated\">\n\t\t\t\t\t\t<div class=\"elementor-element elementor-element-ea2f883 elementor-widget elementor-widget-image\" data-id=\"ea2f883\" data-element_type=\"widget\" data-widget_type=\"image.default\">\n\t\t\t\t<div class=\"elementor-widget-container\">\n\t\t\t\t\t\t\t\t\t\t\t\t\t\t\t<img decoding=\"async\" width=\"721\" height=\"450\" src=\"https:\/\/mivoot.com\/gt\/wp-content\/uploads\/2021\/03\/XTC-540_Detalle_3.jpg\" class=\"attachment-large size-large wp-image-2260\" alt=\"\" srcset=\"https:\/\/mivoot.com\/gt\/wp-content\/uploads\/2021\/03\/XTC-540_Detalle_3.jpg 721w, https:\/\/mivoot.com\/gt\/wp-content\/uploads\/2021\/03\/XTC-540_Detalle_3-410x256.jpg 410w, https:\/\/mivoot.com\/gt\/wp-content\/uploads\/2021\/03\/XTC-540_Detalle_3-64x40.jpg 64w, https:\/\/mivoot.com\/gt\/wp-content\/uploads\/2021\/03\/XTC-540_Detalle_3-300x187.jpg 300w\" sizes=\"(max-width: 721px) 100vw, 721px\" \/>\t\t\t\t\t\t\t\t\t\t\t\t\t\t\t<\/div>\n\t\t\t\t<\/div>\n\t\t\t\t\t<\/div>\n\t\t<\/div>\n\t\t\t\t<div class=\"elementor-column elementor-col-33 elementor-top-column elementor-element elementor-element-64893eb\" data-id=\"64893eb\" data-element_type=\"column\">\n\t\t\t<div class=\"elementor-widget-wrap elementor-element-populated\">\n\t\t\t\t\t\t<div class=\"elementor-element elementor-element-f04b684 elementor-widget elementor-widget-text-editor\" data-id=\"f04b684\" data-element_type=\"widget\" data-widget_type=\"text-editor.default\">\n\t\t\t\t<div class=\"elementor-widget-container\">\n\t\t\t\t\t\t\t\t\t<p>La soluci\u00f3n ideal cuando viajas y necesitas conectarte a un proyector o monitor<\/p>\t\t\t\t\t\t\t\t<\/div>\n\t\t\t\t<\/div>\n\t\t\t\t\t<\/div>\n\t\t<\/div>\n\t\t\t\t\t<\/div>\n\t\t<\/section>\n\t\t\t\t<\/div>\n\t\t","protected":false},"excerpt":{"rendered":"<div class=\"prod-tabs-list d-none d-md-block\">\n<p><strong>Especificaciones<\/strong><\/p>\n<\/div>\n<div id=\"tab1\" class=\"tab-cont\">\n<div class=\"prod-tab-cont\">\n<div class=\"prod-specs\">\n<ul>\n<li><strong>Tipo:<\/strong> Adaptador convertidor para video<\/li>\n<li><strong>Tipo de conector:<\/strong> Tipo C macho a HDMI hembra<\/li>\n<li><strong>Resoluci\u00f3n: <\/strong>3840x2160p a 30Hz<\/li>\n<li><strong>Aplicaciones<\/strong>:\u00a0La nueva Macbook, Chromebook,\u00a0Asus Zen AIO y otros dispositivos con puerto Tipo C<\/li>\n<li><strong>Velocidades de transmisi\u00f3n: <\/strong>10 Gbps<\/li>\n<li><strong>Calibre del cable:<\/strong> 34AWG<\/li>\n<li><strong>Di\u00e1metro exterior: <\/strong>4,2mm<\/li>\n<li><strong>Material del contacto: <\/strong>Niquelado<\/li>\n<li><strong>Material del conductor:<\/strong> Cobre esta\u00f1ado<\/li>\n<li><strong>Revestimiento:<\/strong>PVC<\/li>\n<li><strong>Longitud:<\/strong> 25cm<\/li>\n<li><strong>Peso:<\/strong> 16,5g<\/li>\n<\/ul>\n<\/div>\n<\/div>\n<\/div>\n","protected":false},"featured_media":2257,"comment_status":"open","ping_status":"closed","template":"","meta":{"jetpack_publicize_message":"","jetpack_publicize_feature_enabled":true,"jetpack_social_post_already_shared":false,"jetpack_social_options":{"image_generator_settings":{"template":"highway","default_image_id":0,"font":"","enabled":false},"version":2}},"pwb-brand":[78],"product_brand":[],"product_cat":[37],"product_tag":[],"class_list":{"0":"post-2049","1":"product","2":"type-product","3":"status-publish","4":"has-post-thumbnail","6":"pwb-brand-xtech","7":"product_cat-cables-video","9":"first","10":"instock","11":"taxable","12":"shipping-taxable","13":"purchasable","14":"product-type-simple"},"yoast_head":"<!-- This site is optimized with the Yoast SEO Premium plugin v25.7.1 (Yoast SEO v26.8) - https:\/\/yoast.com\/product\/yoast-seo-premium-wordpress\/ -->\n<title>Adaptador Type-C a HDMI Macho a Hembra - Mivoot<\/title>\n<meta name=\"robots\" content=\"index, follow, max-snippet:-1, max-image-preview:large, max-video-preview:-1\" \/>\n<link rel=\"canonical\" href=\"https:\/\/mivoot.com\/gt\/producto\/adaptador-type-c-a-hdmi-macho-a-hembra\/\" \/>\n<meta property=\"og:locale\" content=\"es_ES\" \/>\n<meta property=\"og:type\" content=\"article\" \/>\n<meta property=\"og:title\" content=\"Adaptador Type-C a HDMI Macho a Hembra\" \/>\n<meta property=\"og:description\" content=\"Especificaciones        Tipo: Adaptador convertidor para video  Tipo de conector: Tipo C macho a HDMI hembra  Resoluci\u00f3n: 3840x2160p a 30Hz  Aplicaciones:\u00a0La nueva Macbook, Chromebook,\u00a0Asus Zen AIO y otros dispositivos con puerto Tipo C  Velocidades de transmisi\u00f3n: 10 Gbps  Calibre del cable: 34AWG  Di\u00e1metro exterior: 4,2mm  Material del contacto: Niquelado  Material del conductor: Cobre esta\u00f1ado  Revestimiento:PVC  Longitud: 25cm  Peso: 16,5g\" \/>\n<meta property=\"og:url\" content=\"https:\/\/mivoot.com\/gt\/producto\/adaptador-type-c-a-hdmi-macho-a-hembra\/\" \/>\n<meta property=\"og:site_name\" content=\"Mivoot\" \/>\n<meta property=\"article:publisher\" content=\"https:\/\/www.facebook.com\/mivootgt\" \/>\n<meta property=\"article:modified_time\" content=\"2021-03-22T01:27:39+00:00\" \/>\n<meta property=\"og:image\" content=\"https:\/\/mivoot.com\/gt\/wp-content\/uploads\/2021\/03\/Image-Color-XTC-540.png\" \/>\n\t<meta property=\"og:image:width\" content=\"519\" \/>\n\t<meta property=\"og:image:height\" content=\"501\" \/>\n\t<meta property=\"og:image:type\" content=\"image\/png\" \/>\n<meta name=\"twitter:card\" content=\"summary_large_image\" \/>\n<script type=\"application\/ld+json\" class=\"yoast-schema-graph\">{\"@context\":\"https:\/\/schema.org\",\"@graph\":[{\"@type\":\"WebPage\",\"@id\":\"https:\/\/mivoot.com\/gt\/producto\/adaptador-type-c-a-hdmi-macho-a-hembra\/\",\"url\":\"https:\/\/mivoot.com\/gt\/producto\/adaptador-type-c-a-hdmi-macho-a-hembra\/\",\"name\":\"Adaptador Type-C a HDMI Macho a Hembra - Mivoot\",\"isPartOf\":{\"@id\":\"https:\/\/mivoot.com\/gt\/#website\"},\"primaryImageOfPage\":{\"@id\":\"https:\/\/mivoot.com\/gt\/producto\/adaptador-type-c-a-hdmi-macho-a-hembra\/#primaryimage\"},\"image\":{\"@id\":\"https:\/\/mivoot.com\/gt\/producto\/adaptador-type-c-a-hdmi-macho-a-hembra\/#primaryimage\"},\"thumbnailUrl\":\"https:\/\/mivoot.com\/gt\/wp-content\/uploads\/2021\/03\/Image-Color-XTC-540.png\",\"datePublished\":\"2021-03-21T05:34:00+00:00\",\"dateModified\":\"2021-03-22T01:27:39+00:00\",\"breadcrumb\":{\"@id\":\"https:\/\/mivoot.com\/gt\/producto\/adaptador-type-c-a-hdmi-macho-a-hembra\/#breadcrumb\"},\"inLanguage\":\"es\",\"potentialAction\":[{\"@type\":\"ReadAction\",\"target\":[\"https:\/\/mivoot.com\/gt\/producto\/adaptador-type-c-a-hdmi-macho-a-hembra\/\"]}]},{\"@type\":\"ImageObject\",\"inLanguage\":\"es\",\"@id\":\"https:\/\/mivoot.com\/gt\/producto\/adaptador-type-c-a-hdmi-macho-a-hembra\/#primaryimage\",\"url\":\"https:\/\/mivoot.com\/gt\/wp-content\/uploads\/2021\/03\/Image-Color-XTC-540.png\",\"contentUrl\":\"https:\/\/mivoot.com\/gt\/wp-content\/uploads\/2021\/03\/Image-Color-XTC-540.png\",\"width\":519,\"height\":501},{\"@type\":\"BreadcrumbList\",\"@id\":\"https:\/\/mivoot.com\/gt\/producto\/adaptador-type-c-a-hdmi-macho-a-hembra\/#breadcrumb\",\"itemListElement\":[{\"@type\":\"ListItem\",\"position\":1,\"name\":\"Inicio\",\"item\":\"https:\/\/mivoot.com\/gt\/\"},{\"@type\":\"ListItem\",\"position\":2,\"name\":\"Productos\",\"item\":\"https:\/\/mivoot.com\/gt\/producto\/\"},{\"@type\":\"ListItem\",\"position\":3,\"name\":\"Xtech\",\"item\":\"https:\/\/mivoot.com\/gt\/marca\/xtech\/\"},{\"@type\":\"ListItem\",\"position\":4,\"name\":\"Adaptador Type-C a HDMI Macho a Hembra\"}]},{\"@type\":\"WebSite\",\"@id\":\"https:\/\/mivoot.com\/gt\/#website\",\"url\":\"https:\/\/mivoot.com\/gt\/\",\"name\":\"Mivoot\",\"description\":\"Mivoot Guatemala | Tienda Online\",\"publisher\":{\"@id\":\"https:\/\/mivoot.com\/gt\/#organization\"},\"alternateName\":\"mivoot\",\"potentialAction\":[{\"@type\":\"SearchAction\",\"target\":{\"@type\":\"EntryPoint\",\"urlTemplate\":\"https:\/\/mivoot.com\/gt\/?s={search_term_string}\"},\"query-input\":{\"@type\":\"PropertyValueSpecification\",\"valueRequired\":true,\"valueName\":\"search_term_string\"}}],\"inLanguage\":\"es\"},{\"@type\":\"Organization\",\"@id\":\"https:\/\/mivoot.com\/gt\/#organization\",\"name\":\"Mivoot Guatemala\",\"alternateName\":\"mivoot.com\",\"url\":\"https:\/\/mivoot.com\/gt\/\",\"logo\":{\"@type\":\"ImageObject\",\"inLanguage\":\"es\",\"@id\":\"https:\/\/mivoot.com\/gt\/#\/schema\/logo\/image\/\",\"url\":\"https:\/\/mivoot.com\/gt\/wp-content\/uploads\/2023\/03\/cropped-icon.png\",\"contentUrl\":\"https:\/\/mivoot.com\/gt\/wp-content\/uploads\/2023\/03\/cropped-icon.png\",\"width\":512,\"height\":512,\"caption\":\"Mivoot Guatemala\"},\"image\":{\"@id\":\"https:\/\/mivoot.com\/gt\/#\/schema\/logo\/image\/\"},\"sameAs\":[\"https:\/\/www.facebook.com\/mivootgt\",\"https:\/\/instagram.com\/mivoot\"]}]}<\/script>\n<!-- \/ Yoast SEO Premium plugin. -->","yoast_head_json":{"title":"Adaptador Type-C a HDMI Macho a Hembra - Mivoot","robots":{"index":"index","follow":"follow","max-snippet":"max-snippet:-1","max-image-preview":"max-image-preview:large","max-video-preview":"max-video-preview:-1"},"canonical":"https:\/\/mivoot.com\/gt\/producto\/adaptador-type-c-a-hdmi-macho-a-hembra\/","og_locale":"es_ES","og_type":"article","og_title":"Adaptador Type-C a HDMI Macho a Hembra","og_description":"Especificaciones        Tipo: Adaptador convertidor para video  Tipo de conector: Tipo C macho a HDMI hembra  Resoluci\u00f3n: 3840x2160p a 30Hz  Aplicaciones:\u00a0La nueva Macbook, Chromebook,\u00a0Asus Zen AIO y otros dispositivos con puerto Tipo C  Velocidades de transmisi\u00f3n: 10 Gbps  Calibre del cable: 34AWG  Di\u00e1metro exterior: 4,2mm  Material del contacto: Niquelado  Material del conductor: Cobre esta\u00f1ado  Revestimiento:PVC  Longitud: 25cm  Peso: 16,5g","og_url":"https:\/\/mivoot.com\/gt\/producto\/adaptador-type-c-a-hdmi-macho-a-hembra\/","og_site_name":"Mivoot","article_publisher":"https:\/\/www.facebook.com\/mivootgt","article_modified_time":"2021-03-22T01:27:39+00:00","og_image":[{"width":519,"height":501,"url":"https:\/\/mivoot.com\/gt\/wp-content\/uploads\/2021\/03\/Image-Color-XTC-540.png","type":"image\/png"}],"twitter_card":"summary_large_image","schema":{"@context":"https:\/\/schema.org","@graph":[{"@type":"WebPage","@id":"https:\/\/mivoot.com\/gt\/producto\/adaptador-type-c-a-hdmi-macho-a-hembra\/","url":"https:\/\/mivoot.com\/gt\/producto\/adaptador-type-c-a-hdmi-macho-a-hembra\/","name":"Adaptador Type-C a HDMI Macho a Hembra - Mivoot","isPartOf":{"@id":"https:\/\/mivoot.com\/gt\/#website"},"primaryImageOfPage":{"@id":"https:\/\/mivoot.com\/gt\/producto\/adaptador-type-c-a-hdmi-macho-a-hembra\/#primaryimage"},"image":{"@id":"https:\/\/mivoot.com\/gt\/producto\/adaptador-type-c-a-hdmi-macho-a-hembra\/#primaryimage"},"thumbnailUrl":"https:\/\/mivoot.com\/gt\/wp-content\/uploads\/2021\/03\/Image-Color-XTC-540.png","datePublished":"2021-03-21T05:34:00+00:00","dateModified":"2021-03-22T01:27:39+00:00","breadcrumb":{"@id":"https:\/\/mivoot.com\/gt\/producto\/adaptador-type-c-a-hdmi-macho-a-hembra\/#breadcrumb"},"inLanguage":"es","potentialAction":[{"@type":"ReadAction","target":["https:\/\/mivoot.com\/gt\/producto\/adaptador-type-c-a-hdmi-macho-a-hembra\/"]}]},{"@type":"ImageObject","inLanguage":"es","@id":"https:\/\/mivoot.com\/gt\/producto\/adaptador-type-c-a-hdmi-macho-a-hembra\/#primaryimage","url":"https:\/\/mivoot.com\/gt\/wp-content\/uploads\/2021\/03\/Image-Color-XTC-540.png","contentUrl":"https:\/\/mivoot.com\/gt\/wp-content\/uploads\/2021\/03\/Image-Color-XTC-540.png","width":519,"height":501},{"@type":"BreadcrumbList","@id":"https:\/\/mivoot.com\/gt\/producto\/adaptador-type-c-a-hdmi-macho-a-hembra\/#breadcrumb","itemListElement":[{"@type":"ListItem","position":1,"name":"Inicio","item":"https:\/\/mivoot.com\/gt\/"},{"@type":"ListItem","position":2,"name":"Productos","item":"https:\/\/mivoot.com\/gt\/producto\/"},{"@type":"ListItem","position":3,"name":"Xtech","item":"https:\/\/mivoot.com\/gt\/marca\/xtech\/"},{"@type":"ListItem","position":4,"name":"Adaptador Type-C a HDMI Macho a Hembra"}]},{"@type":"WebSite","@id":"https:\/\/mivoot.com\/gt\/#website","url":"https:\/\/mivoot.com\/gt\/","name":"Mivoot","description":"Mivoot Guatemala | Tienda Online","publisher":{"@id":"https:\/\/mivoot.com\/gt\/#organization"},"alternateName":"mivoot","potentialAction":[{"@type":"SearchAction","target":{"@type":"EntryPoint","urlTemplate":"https:\/\/mivoot.com\/gt\/?s={search_term_string}"},"query-input":{"@type":"PropertyValueSpecification","valueRequired":true,"valueName":"search_term_string"}}],"inLanguage":"es"},{"@type":"Organization","@id":"https:\/\/mivoot.com\/gt\/#organization","name":"Mivoot Guatemala","alternateName":"mivoot.com","url":"https:\/\/mivoot.com\/gt\/","logo":{"@type":"ImageObject","inLanguage":"es","@id":"https:\/\/mivoot.com\/gt\/#\/schema\/logo\/image\/","url":"https:\/\/mivoot.com\/gt\/wp-content\/uploads\/2023\/03\/cropped-icon.png","contentUrl":"https:\/\/mivoot.com\/gt\/wp-content\/uploads\/2023\/03\/cropped-icon.png","width":512,"height":512,"caption":"Mivoot Guatemala"},"image":{"@id":"https:\/\/mivoot.com\/gt\/#\/schema\/logo\/image\/"},"sameAs":["https:\/\/www.facebook.com\/mivootgt","https:\/\/instagram.com\/mivoot"]}]}},"jetpack_publicize_connections":[],"jetpack_sharing_enabled":true,"brands":[{"id":78,"name":"Xtech","slug":"xtech"}],"_links":{"self":[{"href":"https:\/\/mivoot.com\/gt\/wp-json\/wp\/v2\/product\/2049","targetHints":{"allow":["GET"]}}],"collection":[{"href":"https:\/\/mivoot.com\/gt\/wp-json\/wp\/v2\/product"}],"about":[{"href":"https:\/\/mivoot.com\/gt\/wp-json\/wp\/v2\/types\/product"}],"replies":[{"embeddable":true,"href":"https:\/\/mivoot.com\/gt\/wp-json\/wp\/v2\/comments?post=2049"}],"version-history":[{"count":5,"href":"https:\/\/mivoot.com\/gt\/wp-json\/wp\/v2\/product\/2049\/revisions"}],"predecessor-version":[{"id":2265,"href":"https:\/\/mivoot.com\/gt\/wp-json\/wp\/v2\/product\/2049\/revisions\/2265"}],"wp:featuredmedia":[{"embeddable":true,"href":"https:\/\/mivoot.com\/gt\/wp-json\/wp\/v2\/media\/2257"}],"wp:attachment":[{"href":"https:\/\/mivoot.com\/gt\/wp-json\/wp\/v2\/media?parent=2049"}],"wp:term":[{"taxonomy":"pwb-brand","embeddable":true,"href":"https:\/\/mivoot.com\/gt\/wp-json\/wp\/v2\/pwb-brand?post=2049"},{"taxonomy":"product_brand","embeddable":true,"href":"https:\/\/mivoot.com\/gt\/wp-json\/wp\/v2\/product_brand?post=2049"},{"taxonomy":"product_cat","embeddable":true,"href":"https:\/\/mivoot.com\/gt\/wp-json\/wp\/v2\/product_cat?post=2049"},{"taxonomy":"product_tag","embeddable":true,"href":"https:\/\/mivoot.com\/gt\/wp-json\/wp\/v2\/product_tag?post=2049"}],"curies":[{"name":"wp","href":"https:\/\/api.w.org\/{rel}","templated":true}]}}