{"id":20572,"date":"2024-07-22T00:22:46","date_gmt":"2024-07-22T06:22:46","guid":{"rendered":"https:\/\/mivoot.com\/gt\/?post_type=product&#038;p=20572"},"modified":"2024-08-02T23:37:59","modified_gmt":"2024-08-03T05:37:59","slug":"luz-led-portatil-rgb-de-20w-fiveray-m20c-version-combo-zhiyun","status":"publish","type":"product","link":"https:\/\/mivoot.com\/gt\/producto\/luz-led-portatil-rgb-de-20w-fiveray-m20c-version-combo-zhiyun\/","title":{"rendered":"Luz LED Port\u00e1til RGB de 20W Fiveray M20C Versi\u00f3n Combo Zhiyun"},"content":{"rendered":"<p><img decoding=\"async\" class=\"size-medium wp-image-20574 aligncenter\" src=\"https:\/\/mivoot.com\/gt\/wp-content\/uploads\/2024\/07\/Screenshot-2024-07-22-000842-300x41.png\" alt=\"\" width=\"300\" height=\"41\" srcset=\"https:\/\/mivoot.com\/gt\/wp-content\/uploads\/2024\/07\/Screenshot-2024-07-22-000842-300x41.png 300w, https:\/\/mivoot.com\/gt\/wp-content\/uploads\/2024\/07\/Screenshot-2024-07-22-000842-410x57.png 410w, https:\/\/mivoot.com\/gt\/wp-content\/uploads\/2024\/07\/Screenshot-2024-07-22-000842-64x9.png 64w, https:\/\/mivoot.com\/gt\/wp-content\/uploads\/2024\/07\/Screenshot-2024-07-22-000842-600x83.png 600w, https:\/\/mivoot.com\/gt\/wp-content\/uploads\/2024\/07\/Screenshot-2024-07-22-000842.png 658w\" sizes=\"(max-width: 300px) 100vw, 300px\" \/><\/p>\n<p>&nbsp;<\/p>\n<p style=\"text-align: center\">Dise\u00f1ada para redefinir los l\u00edmites de la creaci\u00f3n visual, hemos condensado la iluminaci\u00f3n profesional en un punto compacto. Experimente la innovaci\u00f3n, experimente la brillantez. La serie ZHIYUN FIVERAY M20 est\u00e1 aqu\u00ed para mejorar sus historias visuales a niveles asombrosos<\/p>\n<h2 class=\"elementor-heading-title elementor-size-default none\" style=\"text-align: center\">Incluido con el\u00a0<strong>Fiveray M20C Combo<\/strong><\/h2>\n<p>&nbsp;<\/p>\n<p style=\"text-align: center\"><div class=\"row\"  id=\"row-1804242310\">\n<p style=\"text-align: center\">\n\t<div id=\"col-1628943841\" class=\"col medium-1\/6 large-2\"  >\n\t\t<div class=\"col-inner\"  >\n\t\t\t\n\t\t\t\n<img decoding=\"async\" src=\"https:\/\/zhiyun.reflecta.com\/img\/cms\/fiveray-m20c\/zhiyun-fiveray-m20c-2-400x300.jpg\" alt=\"Zhiyun Fiveray M20C\" \/><\/p>\n<p class=\"elementor-image-box-title\" style=\"text-align: center\">Zhiyun Fiveray M20C<\/p>\n<p class=\"elementor-image-box-title\" style=\"text-align: center\">\t\t<\/div>\n\t\t\t<\/div>\n\n\t\n\n\t<div id=\"col-387576155\" class=\"col medium-1\/6 large-2\"  >\n\t\t<div class=\"col-inner\"  >\n\t\t\t\n\t\t\t\n<img decoding=\"async\" src=\"https:\/\/zhiyun.reflecta.com\/img\/cms\/fiveray-m20\/zhiyun-fiveray-m20-soporte-400x300.jpg\" alt=\"Soporte de extensi&amp;oacute;n\" \/><\/p>\n<p class=\"elementor-image-box-title\" style=\"text-align: center\">Soporte de extensi\u00f3n<\/p>\n<p class=\"elementor-image-box-title\" style=\"text-align: center\">\t\t<\/div>\n\t\t\t<\/div>\n\n\t\n\n\t<div id=\"col-2087950455\" class=\"col medium-1\/6 large-2\"  >\n\t\t<div class=\"col-inner\"  >\n\t\t\t\n\t\t\t\n<img decoding=\"async\" src=\"https:\/\/zhiyun.reflecta.com\/img\/cms\/fiveray-m20\/zhiyun-fiveray-m20-cable-400x300.jpg\" alt=\"Cable USB-C\" \/><\/p>\n<p class=\"elementor-image-box-title\" style=\"text-align: center\">Cable USB-C<\/p>\n\t\t<\/div>\n\t\t\t<\/div>\n\n\t\n\n\t<div id=\"col-1212266171\" class=\"col medium-1\/6 large-2\"  >\n\t\t<div class=\"col-inner\"  >\n\t\t\t\n\t\t\t\n<img decoding=\"async\" src=\"https:\/\/zhiyun.reflecta.com\/img\/cms\/fiveray-m20\/zhiyun-fiveray-m20-difusor-400x300.jpg\" alt=\"Zhiyun Fiveray M20C - difusor\" \/><\/p>\n<p class=\"elementor-image-box-title\" style=\"text-align: center\">Difusor<\/p>\n<p class=\"elementor-image-box-title\" style=\"text-align: center\">\t\t<\/div>\n\t\t\t<\/div>\n\n\t\n\n\t<div id=\"col-1681216539\" class=\"col medium-1\/6 large-2\"  >\n\t\t<div class=\"col-inner\"  >\n\t\t\t\n\t\t\t\n<img decoding=\"async\" src=\"https:\/\/zhiyun.reflecta.com\/img\/cms\/fiveray-m20\/zhiyun-fiveray-m20-panal-400x300.jpg\" alt=\"Zhiyun Fiveray M20C - panal abeja\" \/><\/p>\n<p class=\"elementor-image-box-title\" style=\"text-align: center\">Panal de abeja<\/p>\n<p class=\"elementor-image-box-title\" style=\"text-align: center\">\t\t<\/div>\n\t\t\t<\/div>\n\n\t\n\n\t<div id=\"col-1429760094\" class=\"col medium-1\/6 large-2\"  >\n\t\t<div class=\"col-inner\"  >\n\t\t\t\n\t\t\t\n<img decoding=\"async\" src=\"https:\/\/zhiyun.reflecta.com\/img\/cms\/fiveray-m20\/zhiyun-fiveray-m20-ventana-400x300.jpg\" alt=\"Zhiyun Fiveray M20C - viseras\" \/><\/p>\n<p class=\"elementor-image-box-title\" style=\"text-align: center\">Viseras<\/p>\n\t\t<\/div>\n\t\t\t<\/div>\n\n\t\n\n\t<div id=\"col-616252618\" class=\"col medium-1\/6 large-2\"  >\n\t\t<div class=\"col-inner\"  >\n\t\t\t\n\t\t\t\n<img decoding=\"async\" src=\"https:\/\/zhiyun.reflecta.com\/img\/cms\/fiveray-m20\/zhiyun-fiveray-m20-funda-400x300.jpg\" alt=\"Zhiyun Fiveray M20C - funda\" \/><\/p>\n<p class=\"elementor-image-box-title\" style=\"text-align: center\">Funda<br \/>\n\t\t<\/div>\n\t\t\t<\/div>\n\n\t\n<p style=\"text-align: center\"><\/div>\n<p>&nbsp;<\/p>\n<p style=\"text-align: center\"><span class=\"a-list-item\">Peque\u00f1a escala, gran impacto: no m\u00e1s grande que una nota adhesiva, pero tiene un poderoso golpe de 20 W con salida de alta potencia, atenuaci\u00f3n profesional y caracter\u00edsticas innovadoras. Dentro de su elegante dise\u00f1o se encuentra un mundo de potencial creativo, asegurando que cada broche y obra maestra sea nada menos que impresionante.<\/span><\/p>\n<p>&nbsp;<\/p>\n<p style=\"text-align: center\"><span class=\"a-list-item\"><img decoding=\"async\" src=\"https:\/\/m.media-amazon.com\/images\/S\/aplus-media-library-service-media\/aa349309-2b7d-459d-afed-9814ba201550.__CR0,0,1464,600_PT0_SX1464_V1___.jpg\" alt=\"M 20-5 US\" \/><\/span><\/p>\n<p>&nbsp;<\/p>\n<p style=\"text-align: center\"><span class=\"a-list-item\">Cambio r\u00e1pido, tono perfecto: experimente la iluminaci\u00f3n de siguiente nivel con un reino de parpadeo reducido y opciones de temperatura de color expandidas. Equipado con control Green-Magenta integrado que adapta el ambiente de tu sesi\u00f3n a la perfecci\u00f3n, y la funci\u00f3n de memoria que te lleva a un interruptor r\u00e1pido para volver a visitar inmediatamente tu ambiente de iluminaci\u00f3n preferido. Configuraci\u00f3n de iluminaci\u00f3n ideal elaborada al instante.<\/span><\/p>\n<p>&nbsp;<\/p>\n<p><img decoding=\"async\" src=\"https:\/\/m.media-amazon.com\/images\/S\/aplus-media-library-service-media\/84c69981-4e62-4cfe-a15d-0e7b2be3ca56.__CR0,0,1464,600_PT0_SX1464_V1___.jpg\" alt=\"M20C-21\" \/><\/p>\n<p>&nbsp;<\/p>\n<p style=\"text-align: center\"><span class=\"a-list-item\">Iluminaci\u00f3n incre\u00edblemente fr\u00eda: rompiendo los l\u00edmites de enfriamiento. La serie ZHIYUN FIVERAY M20 cuenta con el exclusivo sistema de enfriamiento DynaVort MARK II, adelgazando significativamente el grosor del disipador de calor, optimizando el flujo de aire y reduciendo la resistencia. Desaf\u00eda las convenciones y disfruta de una refrigeraci\u00f3n e iluminaci\u00f3n ininterrumpidas y de grado profesional en todo momento.<\/span><\/p>\n<p>&nbsp;<\/p>\n<p><img decoding=\"async\" class=\"aligncenter\" src=\"https:\/\/m.media-amazon.com\/images\/S\/aplus-media-library-service-media\/5bc0da7a-5e70-4afb-a960-3c4858b3372a.__CR0,0,1464,600_PT0_SX1464_V1___.jpg\" alt=\"M 20-6 US\" \/><\/p>\n<p>&nbsp;<\/p>\n<p style=\"text-align: center\"><span class=\"a-list-item\">Conjunto m\u00e1gico para iluminaci\u00f3n diversa: Experimente la excelencia cinematogr\u00e1fica con nuestros accesorios de iluminaci\u00f3n de primera categor\u00eda. El soporte de extensi\u00f3n de doble cara y la zapata fr\u00eda permiten a los usuarios conectar difusores individuales, rejillas de nido de abeja, puertas de granero de 4 hojas o hacer combinaciones para iluminaci\u00f3n difusa, enfocada o con forma. Y con un sinf\u00edn de encadenamiento, orquestar un conjunto de iluminaci\u00f3n profesional nunca ha sido tan f\u00e1cil.<\/span><\/p>\n<p>&nbsp;<\/p>\n<p><img decoding=\"async\" src=\"https:\/\/m.media-amazon.com\/images\/S\/aplus-media-library-service-media\/b491229a-d0ab-47d5-bf90-9d90cc9450b6.__CR0,0,1464,600_PT0_SX1464_V1___.jpg\" alt=\"M20C-121\" \/><\/p>\n<p>&nbsp;<\/p>\n<p style=\"text-align: center\"><span class=\"a-list-item\">Efecto de luz abundante: la serie ZHIYUN FIVERAY M20 ofrece 10 efectos de iluminaci\u00f3n creativos, velocidad sincronizada y ajustes de temperatura, todo al alcance en los diales duales t\u00e1ctiles.<\/span><\/p>\n<p>&nbsp;<\/p>\n<p style=\"text-align: center\"><img decoding=\"async\" src=\"https:\/\/m.media-amazon.com\/images\/S\/aplus-media-library-service-media\/e4547c10-ad42-49e5-bfa3-0c8ef792aaf8.__CR0,0,1464,600_PT0_SX1464_V1___.jpg\" alt=\"M 20-8 US\" \/><\/p>\n<p>&nbsp;<\/p>\n<div class=\"elementor-widget elementor-element elementor-element-g40r72t elementor-widget-heading animated fadeIn\" data-animation=\"fadeIn\" data-element_type=\"heading\">\n<div class=\"elementor-widget-container\">\n<h2 class=\"elementor-heading-title elementor-size-default none\" style=\"text-align: center\">Caracter\u00edsticas del Zhiyun Fiveray M20C Combo<\/h2>\n<\/div>\n<\/div>\n<div class=\"elementor-widget elementor-element elementor-element-qr7p9cv elementor-widget-icon-list\" data-element_type=\"icon-list\">\n<div class=\"elementor-widget-container\">\n<ul class=\"elementor-icon-list-items\">\n<li class=\"elementor-icon-list-item\" style=\"text-align: center\"><i class=\"fa fa-arrow-circle-right\"><\/i>\u00a0<span class=\"elementor-icon-list-text\">20 vatios de potencia en la palma de tu mano. Con un peso de solo 200 gramos y unas medidas de 78 x 78 x 35 mil\u00edmetros, este foco LED tiene un tama\u00f1o similar al de un tel\u00e9fono m\u00f3vil. Ideal para creadores de contenido, puede proporcionar una luz brillante y moldeable para potenciar la calidad de tus producciones.<\/span><\/li>\n<li class=\"elementor-icon-list-item\" style=\"text-align: center\"><i class=\"fa fa-arrow-circle-right\"><\/i>\u00a0<span class=\"elementor-icon-list-text\">M\u00e1s f\u00e1cil de usar que nunca. Dise\u00f1ado para integrarlo en la zapata de la c\u00e1mara, tambi\u00e9n se puede utilizar como fuente de luz externa f\u00e1cil de manejar gracias a la inclusi\u00f3n de un soporte magn\u00e9tico en su parte trasera que permite colocarla casi en cualquier sitio.<\/span><\/li>\n<li class=\"elementor-icon-list-item\" style=\"text-align: center\"><i class=\"fa fa-arrow-circle-right\"><\/i>\u00a0<span class=\"elementor-icon-list-text\">Combinaci\u00f3n sin l\u00edmites. En lugar de montura para accesorios, este dispositivo incluye un innovador sistema magn\u00e9tico para integrar los distintos modificadores, como el difusor, el panal de abeja y las viseras, que se pueden combinar entre s\u00ed.<\/span><\/li>\n<li class=\"elementor-icon-list-item\" style=\"text-align: center\"><i class=\"fa fa-arrow-circle-right\"><\/i>\u00a0<span class=\"elementor-icon-list-text\">M\u00e1s colores, m\u00e1s posibilidades. El Fiveray M20C cuenta con 20 LED adicionales de luz roja, por lo que proporciona un rango de temperatura de color a\u00fan m\u00e1s amplio que va de 2.500 a 10.000 grados Kelvin. Adem\u00e1s. garantiza una reproducci\u00f3n de color muy fiable gracias a un CRI de 94+ y un TLCI de 96+.<\/span><\/li>\n<li class=\"elementor-icon-list-item\" style=\"text-align: center\"><i class=\"fa fa-arrow-circle-right\"><\/i>\u00a0<span class=\"elementor-icon-list-text\">Control total del color. Esta antorcha permite ajustar libremente los par\u00e1metros HSI (tono, saturaci\u00f3n e intensidad) para crear efectos de luz a todo color. Tambi\u00e9n es posible configurar libremente los valores del color rojo, verde y azul.<\/span><\/li>\n<li class=\"elementor-icon-list-item\" style=\"text-align: center\"><i class=\"fa fa-arrow-circle-right\"><\/i>\u00a0<span class=\"elementor-icon-list-text\">Brillo m\u00e1ximo de 1.950 lux (medidos a 0,5 metros y 4.300 grados Kelvin).<\/span><\/li>\n<li class=\"elementor-icon-list-item\" style=\"text-align: center\"><i class=\"fa fa-arrow-circle-right\"><\/i>\u00a0<span class=\"elementor-icon-list-text\">La portabilidad y el tama\u00f1o compacto de este modelo son posibles gracias al exclusivo sistema de refrigeraci\u00f3n DynaVort Cooling System MARK II de Zhiyun, que disminuye sustancialmente el tama\u00f1o de los ventiladores y optimiza el flujo de aire, garantizando que no haya sobrecalentamiento incluso en la m\u00e1xima potencia.<\/span><\/li>\n<li class=\"elementor-icon-list-item\" style=\"text-align: center\"><i class=\"fa fa-arrow-circle-right\"><\/i>\u00a0<span class=\"elementor-icon-list-text\">M\u00e1s autonom\u00eda. La bater\u00eda integrada con una capacidad de 4.500 mAh garantiza un uso continuo de 40 minutos en la m\u00e1xima potencia, 1:20 horas funcionando con 10 vatios y hasta 3 horas con 5 vatios. Es compatible adem\u00e1s con el protocolo de carga r\u00e1pida PD, que permite tener totalmente cargado el dispositivo en dos horas.<\/span><\/li>\n<li class=\"elementor-icon-list-item\" style=\"text-align: center\"><i class=\"fa fa-arrow-circle-right\"><\/i>\u00a0<span class=\"elementor-icon-list-text\">M\u00e1s creatividad. El Fiveray M20C incluye 16 efectos de luz en el modo FX y ofrece 7 variaciones de intensidad del color. Al activar el modo musical, permite adem\u00e1s emitir luces y colores en sincron\u00eda con el ritmo de la m\u00fasica.<\/span><\/li>\n<li class=\"elementor-icon-list-item\" style=\"text-align: center\"><i class=\"fa fa-arrow-circle-right\"><\/i>\u00a0<span class=\"elementor-icon-list-text\">Control inal\u00e1mbrico por Bluetooth. Los principales par\u00e1metros de iluminaci\u00f3n se pueden configurar en la app gratuita ZY Vega de Zhiyun. Tambi\u00e9n es posible generar un completo ecosistema creativo, sincronizando m\u00faltiples dispositivos para lograr m\u00e1s potencia y libertad creativa.<\/span><\/li>\n<li class=\"elementor-icon-list-item\" style=\"text-align: center\"><i class=\"fa fa-arrow-circle-right\"><\/i>\u00a0<span class=\"elementor-icon-list-text\">Incluido junto al Zhiyun Fiveray M20C: soporte de extensi\u00f3n, difusor, viseras, panal de abeja, funda, cable USB-C PD<\/span><\/li>\n<\/ul>\n<\/div>\n<\/div>\n","protected":false},"excerpt":{"rendered":"<p>&#8211; Potencia de salida: 20W<br \/>\n&#8211; Rango de temperatura de color: 2500k~10000k<br \/>\n&#8211; Rango de atenuaci\u00f3n: 0~100%<br \/>\n&#8211; \u00cdndice CRI: 94+<br \/>\n&#8211; \u00cdndice TLCI: 96+<br \/>\n&#8211; Chip LED: 100<br \/>\n&#8211; Capacidad de la bater\u00eda: 4500mAh<br \/>\n&#8211; Tiempo de funcionamiento: 40min<br \/>\n&#8211; Temperatura de funcionamiento: -10\u2103\uff5e40\u2103<br \/>\n&#8211; Temperatura de carga: 0\u00b0\uff5e 40\u00b0<br \/>\n&#8211; Tama\u00f1o del producto: 78x78x35.75mm An x F x Al<br \/>\n&#8211; Peso neto: 200g<\/p>\n","protected":false},"featured_media":20581,"comment_status":"open","ping_status":"closed","template":"","meta":{"jetpack_publicize_message":"","jetpack_publicize_feature_enabled":true,"jetpack_social_post_already_shared":true,"jetpack_social_options":{"image_generator_settings":{"template":"highway","default_image_id":0,"font":"","enabled":false},"version":2}},"pwb-brand":[426],"product_brand":[],"product_cat":[423,429],"product_tag":[],"class_list":{"0":"post-20572","1":"product","2":"type-product","3":"status-publish","4":"has-post-thumbnail","6":"pwb-brand-zhiyun","7":"product_cat-fotografia-y-video","8":"product_cat-iluminacion","10":"first","11":"instock","12":"taxable","13":"shipping-taxable","14":"purchasable","15":"product-type-simple"},"yoast_head":"<!-- This site is optimized with the Yoast SEO Premium plugin v25.7.1 (Yoast SEO v26.8) - https:\/\/yoast.com\/product\/yoast-seo-premium-wordpress\/ -->\n<title>Luz LED Port\u00e1til RGB de 20W Fiveray M20C Versi\u00f3n Combo Zhiyun - Mivoot<\/title>\n<meta name=\"robots\" content=\"index, follow, max-snippet:-1, max-image-preview:large, max-video-preview:-1\" \/>\n<link rel=\"canonical\" href=\"https:\/\/mivoot.com\/gt\/producto\/luz-led-portatil-rgb-de-20w-fiveray-m20c-version-combo-zhiyun\/\" \/>\n<meta property=\"og:locale\" content=\"es_ES\" \/>\n<meta property=\"og:type\" content=\"article\" \/>\n<meta property=\"og:title\" content=\"Luz LED Port\u00e1til RGB de 20W Fiveray M20C Versi\u00f3n Combo Zhiyun\" \/>\n<meta property=\"og:description\" content=\"- Potencia de salida: 20W - Rango de temperatura de color: 2500k~10000k - Rango de atenuaci\u00f3n: 0~100% - \u00cdndice CRI: 94+ - \u00cdndice TLCI: 96+ - Chip LED: 100 - Capacidad de la bater\u00eda: 4500mAh - Tiempo de funcionamiento: 40min - Temperatura de funcionamiento: -10\u2103\uff5e40\u2103 - Temperatura de carga: 0\u00b0\uff5e 40\u00b0 - Tama\u00f1o del producto: 78x78x35.75mm An x F x Al - Peso neto: 200g\" \/>\n<meta property=\"og:url\" content=\"https:\/\/mivoot.com\/gt\/producto\/luz-led-portatil-rgb-de-20w-fiveray-m20c-version-combo-zhiyun\/\" \/>\n<meta property=\"og:site_name\" content=\"Mivoot\" \/>\n<meta property=\"article:publisher\" content=\"https:\/\/www.facebook.com\/mivootgt\" \/>\n<meta property=\"article:modified_time\" content=\"2024-08-03T05:37:59+00:00\" \/>\n<meta property=\"og:image\" content=\"https:\/\/mivoot.com\/gt\/wp-content\/uploads\/2024\/07\/zhiyun-fiveray-m20c-combo.jpg\" \/>\n\t<meta property=\"og:image:width\" content=\"1100\" \/>\n\t<meta property=\"og:image:height\" content=\"1422\" \/>\n\t<meta property=\"og:image:type\" content=\"image\/jpeg\" \/>\n<meta name=\"twitter:card\" content=\"summary_large_image\" \/>\n<meta name=\"twitter:label1\" content=\"Est. reading time\" \/>\n\t<meta name=\"twitter:data1\" content=\"7 minutos\" \/>\n<script type=\"application\/ld+json\" class=\"yoast-schema-graph\">{\"@context\":\"https:\/\/schema.org\",\"@graph\":[{\"@type\":\"WebPage\",\"@id\":\"https:\/\/mivoot.com\/gt\/producto\/luz-led-portatil-rgb-de-20w-fiveray-m20c-version-combo-zhiyun\/\",\"url\":\"https:\/\/mivoot.com\/gt\/producto\/luz-led-portatil-rgb-de-20w-fiveray-m20c-version-combo-zhiyun\/\",\"name\":\"Luz LED Port\u00e1til RGB de 20W Fiveray M20C Versi\u00f3n Combo Zhiyun - Mivoot\",\"isPartOf\":{\"@id\":\"https:\/\/mivoot.com\/gt\/#website\"},\"primaryImageOfPage\":{\"@id\":\"https:\/\/mivoot.com\/gt\/producto\/luz-led-portatil-rgb-de-20w-fiveray-m20c-version-combo-zhiyun\/#primaryimage\"},\"image\":{\"@id\":\"https:\/\/mivoot.com\/gt\/producto\/luz-led-portatil-rgb-de-20w-fiveray-m20c-version-combo-zhiyun\/#primaryimage\"},\"thumbnailUrl\":\"https:\/\/mivoot.com\/gt\/wp-content\/uploads\/2024\/07\/zhiyun-fiveray-m20c-combo.jpg\",\"datePublished\":\"2024-07-22T06:22:46+00:00\",\"dateModified\":\"2024-08-03T05:37:59+00:00\",\"breadcrumb\":{\"@id\":\"https:\/\/mivoot.com\/gt\/producto\/luz-led-portatil-rgb-de-20w-fiveray-m20c-version-combo-zhiyun\/#breadcrumb\"},\"inLanguage\":\"es\",\"potentialAction\":[{\"@type\":\"ReadAction\",\"target\":[\"https:\/\/mivoot.com\/gt\/producto\/luz-led-portatil-rgb-de-20w-fiveray-m20c-version-combo-zhiyun\/\"]}]},{\"@type\":\"ImageObject\",\"inLanguage\":\"es\",\"@id\":\"https:\/\/mivoot.com\/gt\/producto\/luz-led-portatil-rgb-de-20w-fiveray-m20c-version-combo-zhiyun\/#primaryimage\",\"url\":\"https:\/\/mivoot.com\/gt\/wp-content\/uploads\/2024\/07\/zhiyun-fiveray-m20c-combo.jpg\",\"contentUrl\":\"https:\/\/mivoot.com\/gt\/wp-content\/uploads\/2024\/07\/zhiyun-fiveray-m20c-combo.jpg\",\"width\":1100,\"height\":1422},{\"@type\":\"BreadcrumbList\",\"@id\":\"https:\/\/mivoot.com\/gt\/producto\/luz-led-portatil-rgb-de-20w-fiveray-m20c-version-combo-zhiyun\/#breadcrumb\",\"itemListElement\":[{\"@type\":\"ListItem\",\"position\":1,\"name\":\"Inicio\",\"item\":\"https:\/\/mivoot.com\/gt\/\"},{\"@type\":\"ListItem\",\"position\":2,\"name\":\"Productos\",\"item\":\"https:\/\/mivoot.com\/gt\/producto\/\"},{\"@type\":\"ListItem\",\"position\":3,\"name\":\"Zhiyun\",\"item\":\"https:\/\/mivoot.com\/gt\/marca\/zhiyun\/\"},{\"@type\":\"ListItem\",\"position\":4,\"name\":\"Luz LED Port\u00e1til RGB de 20W Fiveray M20C Versi\u00f3n Combo Zhiyun\"}]},{\"@type\":\"WebSite\",\"@id\":\"https:\/\/mivoot.com\/gt\/#website\",\"url\":\"https:\/\/mivoot.com\/gt\/\",\"name\":\"Mivoot\",\"description\":\"Mivoot Guatemala | Tienda Online\",\"publisher\":{\"@id\":\"https:\/\/mivoot.com\/gt\/#organization\"},\"alternateName\":\"mivoot\",\"potentialAction\":[{\"@type\":\"SearchAction\",\"target\":{\"@type\":\"EntryPoint\",\"urlTemplate\":\"https:\/\/mivoot.com\/gt\/?s={search_term_string}\"},\"query-input\":{\"@type\":\"PropertyValueSpecification\",\"valueRequired\":true,\"valueName\":\"search_term_string\"}}],\"inLanguage\":\"es\"},{\"@type\":\"Organization\",\"@id\":\"https:\/\/mivoot.com\/gt\/#organization\",\"name\":\"Mivoot Guatemala\",\"alternateName\":\"mivoot.com\",\"url\":\"https:\/\/mivoot.com\/gt\/\",\"logo\":{\"@type\":\"ImageObject\",\"inLanguage\":\"es\",\"@id\":\"https:\/\/mivoot.com\/gt\/#\/schema\/logo\/image\/\",\"url\":\"https:\/\/mivoot.com\/gt\/wp-content\/uploads\/2023\/03\/cropped-icon.png\",\"contentUrl\":\"https:\/\/mivoot.com\/gt\/wp-content\/uploads\/2023\/03\/cropped-icon.png\",\"width\":512,\"height\":512,\"caption\":\"Mivoot Guatemala\"},\"image\":{\"@id\":\"https:\/\/mivoot.com\/gt\/#\/schema\/logo\/image\/\"},\"sameAs\":[\"https:\/\/www.facebook.com\/mivootgt\",\"https:\/\/instagram.com\/mivoot\"]}]}<\/script>\n<!-- \/ Yoast SEO Premium plugin. -->","yoast_head_json":{"title":"Luz LED Port\u00e1til RGB de 20W Fiveray M20C Versi\u00f3n Combo Zhiyun - Mivoot","robots":{"index":"index","follow":"follow","max-snippet":"max-snippet:-1","max-image-preview":"max-image-preview:large","max-video-preview":"max-video-preview:-1"},"canonical":"https:\/\/mivoot.com\/gt\/producto\/luz-led-portatil-rgb-de-20w-fiveray-m20c-version-combo-zhiyun\/","og_locale":"es_ES","og_type":"article","og_title":"Luz LED Port\u00e1til RGB de 20W Fiveray M20C Versi\u00f3n Combo Zhiyun","og_description":"- Potencia de salida: 20W - Rango de temperatura de color: 2500k~10000k - Rango de atenuaci\u00f3n: 0~100% - \u00cdndice CRI: 94+ - \u00cdndice TLCI: 96+ - Chip LED: 100 - Capacidad de la bater\u00eda: 4500mAh - Tiempo de funcionamiento: 40min - Temperatura de funcionamiento: -10\u2103\uff5e40\u2103 - Temperatura de carga: 0\u00b0\uff5e 40\u00b0 - Tama\u00f1o del producto: 78x78x35.75mm An x F x Al - Peso neto: 200g","og_url":"https:\/\/mivoot.com\/gt\/producto\/luz-led-portatil-rgb-de-20w-fiveray-m20c-version-combo-zhiyun\/","og_site_name":"Mivoot","article_publisher":"https:\/\/www.facebook.com\/mivootgt","article_modified_time":"2024-08-03T05:37:59+00:00","og_image":[{"width":1100,"height":1422,"url":"https:\/\/mivoot.com\/gt\/wp-content\/uploads\/2024\/07\/zhiyun-fiveray-m20c-combo.jpg","type":"image\/jpeg"}],"twitter_card":"summary_large_image","twitter_misc":{"Est. reading time":"7 minutos"},"schema":{"@context":"https:\/\/schema.org","@graph":[{"@type":"WebPage","@id":"https:\/\/mivoot.com\/gt\/producto\/luz-led-portatil-rgb-de-20w-fiveray-m20c-version-combo-zhiyun\/","url":"https:\/\/mivoot.com\/gt\/producto\/luz-led-portatil-rgb-de-20w-fiveray-m20c-version-combo-zhiyun\/","name":"Luz LED Port\u00e1til RGB de 20W Fiveray M20C Versi\u00f3n Combo Zhiyun - Mivoot","isPartOf":{"@id":"https:\/\/mivoot.com\/gt\/#website"},"primaryImageOfPage":{"@id":"https:\/\/mivoot.com\/gt\/producto\/luz-led-portatil-rgb-de-20w-fiveray-m20c-version-combo-zhiyun\/#primaryimage"},"image":{"@id":"https:\/\/mivoot.com\/gt\/producto\/luz-led-portatil-rgb-de-20w-fiveray-m20c-version-combo-zhiyun\/#primaryimage"},"thumbnailUrl":"https:\/\/mivoot.com\/gt\/wp-content\/uploads\/2024\/07\/zhiyun-fiveray-m20c-combo.jpg","datePublished":"2024-07-22T06:22:46+00:00","dateModified":"2024-08-03T05:37:59+00:00","breadcrumb":{"@id":"https:\/\/mivoot.com\/gt\/producto\/luz-led-portatil-rgb-de-20w-fiveray-m20c-version-combo-zhiyun\/#breadcrumb"},"inLanguage":"es","potentialAction":[{"@type":"ReadAction","target":["https:\/\/mivoot.com\/gt\/producto\/luz-led-portatil-rgb-de-20w-fiveray-m20c-version-combo-zhiyun\/"]}]},{"@type":"ImageObject","inLanguage":"es","@id":"https:\/\/mivoot.com\/gt\/producto\/luz-led-portatil-rgb-de-20w-fiveray-m20c-version-combo-zhiyun\/#primaryimage","url":"https:\/\/mivoot.com\/gt\/wp-content\/uploads\/2024\/07\/zhiyun-fiveray-m20c-combo.jpg","contentUrl":"https:\/\/mivoot.com\/gt\/wp-content\/uploads\/2024\/07\/zhiyun-fiveray-m20c-combo.jpg","width":1100,"height":1422},{"@type":"BreadcrumbList","@id":"https:\/\/mivoot.com\/gt\/producto\/luz-led-portatil-rgb-de-20w-fiveray-m20c-version-combo-zhiyun\/#breadcrumb","itemListElement":[{"@type":"ListItem","position":1,"name":"Inicio","item":"https:\/\/mivoot.com\/gt\/"},{"@type":"ListItem","position":2,"name":"Productos","item":"https:\/\/mivoot.com\/gt\/producto\/"},{"@type":"ListItem","position":3,"name":"Zhiyun","item":"https:\/\/mivoot.com\/gt\/marca\/zhiyun\/"},{"@type":"ListItem","position":4,"name":"Luz LED Port\u00e1til RGB de 20W Fiveray M20C Versi\u00f3n Combo Zhiyun"}]},{"@type":"WebSite","@id":"https:\/\/mivoot.com\/gt\/#website","url":"https:\/\/mivoot.com\/gt\/","name":"Mivoot","description":"Mivoot Guatemala | Tienda Online","publisher":{"@id":"https:\/\/mivoot.com\/gt\/#organization"},"alternateName":"mivoot","potentialAction":[{"@type":"SearchAction","target":{"@type":"EntryPoint","urlTemplate":"https:\/\/mivoot.com\/gt\/?s={search_term_string}"},"query-input":{"@type":"PropertyValueSpecification","valueRequired":true,"valueName":"search_term_string"}}],"inLanguage":"es"},{"@type":"Organization","@id":"https:\/\/mivoot.com\/gt\/#organization","name":"Mivoot Guatemala","alternateName":"mivoot.com","url":"https:\/\/mivoot.com\/gt\/","logo":{"@type":"ImageObject","inLanguage":"es","@id":"https:\/\/mivoot.com\/gt\/#\/schema\/logo\/image\/","url":"https:\/\/mivoot.com\/gt\/wp-content\/uploads\/2023\/03\/cropped-icon.png","contentUrl":"https:\/\/mivoot.com\/gt\/wp-content\/uploads\/2023\/03\/cropped-icon.png","width":512,"height":512,"caption":"Mivoot Guatemala"},"image":{"@id":"https:\/\/mivoot.com\/gt\/#\/schema\/logo\/image\/"},"sameAs":["https:\/\/www.facebook.com\/mivootgt","https:\/\/instagram.com\/mivoot"]}]}},"jetpack_publicize_connections":[],"jetpack_sharing_enabled":true,"brands":[{"id":426,"name":"Zhiyun","slug":"zhiyun"}],"_links":{"self":[{"href":"https:\/\/mivoot.com\/gt\/wp-json\/wp\/v2\/product\/20572","targetHints":{"allow":["GET"]}}],"collection":[{"href":"https:\/\/mivoot.com\/gt\/wp-json\/wp\/v2\/product"}],"about":[{"href":"https:\/\/mivoot.com\/gt\/wp-json\/wp\/v2\/types\/product"}],"replies":[{"embeddable":true,"href":"https:\/\/mivoot.com\/gt\/wp-json\/wp\/v2\/comments?post=20572"}],"version-history":[{"count":3,"href":"https:\/\/mivoot.com\/gt\/wp-json\/wp\/v2\/product\/20572\/revisions"}],"predecessor-version":[{"id":20584,"href":"https:\/\/mivoot.com\/gt\/wp-json\/wp\/v2\/product\/20572\/revisions\/20584"}],"wp:featuredmedia":[{"embeddable":true,"href":"https:\/\/mivoot.com\/gt\/wp-json\/wp\/v2\/media\/20581"}],"wp:attachment":[{"href":"https:\/\/mivoot.com\/gt\/wp-json\/wp\/v2\/media?parent=20572"}],"wp:term":[{"taxonomy":"pwb-brand","embeddable":true,"href":"https:\/\/mivoot.com\/gt\/wp-json\/wp\/v2\/pwb-brand?post=20572"},{"taxonomy":"product_brand","embeddable":true,"href":"https:\/\/mivoot.com\/gt\/wp-json\/wp\/v2\/product_brand?post=20572"},{"taxonomy":"product_cat","embeddable":true,"href":"https:\/\/mivoot.com\/gt\/wp-json\/wp\/v2\/product_cat?post=20572"},{"taxonomy":"product_tag","embeddable":true,"href":"https:\/\/mivoot.com\/gt\/wp-json\/wp\/v2\/product_tag?post=20572"}],"curies":[{"name":"wp","href":"https:\/\/api.w.org\/{rel}","templated":true}]}}