{"id":20841,"date":"2024-08-01T10:12:54","date_gmt":"2024-08-01T16:12:54","guid":{"rendered":"https:\/\/mivoot.com\/gt\/?post_type=product&#038;p=20841"},"modified":"2024-09-03T16:51:14","modified_gmt":"2024-09-03T22:51:14","slug":"impresora-termica-de-recibos-usb-wi-fi-bluetooth-tm-m30iii-epson","status":"publish","type":"product","link":"https:\/\/mivoot.com\/gt\/producto\/impresora-termica-de-recibos-usb-wi-fi-bluetooth-tm-m30iii-epson\/","title":{"rendered":"Impresora T\u00e9rmica De Recibos USB Wi-Fi Bluetooth TM-M30III Epson"},"content":{"rendered":"<h3 class=\"name\">Elegante y compacta, ideal para la impresi\u00f3n de recibos mPOS.<\/h3>\n<p><span style=\"font-size: 14.4px;\">Combinando un dise\u00f1o compacto, elegante y moderno con conectividad avanzada, la impresora t\u00e9rmica de recibos TM-m30III eleva el estilo y la funcionalidad a un nuevo nivel. Capaz de admitir hasta cuatro dispositivos perif\u00e9ricos USB, esta impresora ofrece mayor flexibilidad al agregar nuevos perif\u00e9ricos sin la necesidad de concentradores costosos y voluminosos. La carcasa tiene clasificaci\u00f3n IPX2 de resistencia al agua y su peque\u00f1o tama\u00f1o es ideal para espacios reducidos. La impresora tiene una configuraci\u00f3n flexible y funciona con orientaci\u00f3n de salida superior o salida frontal.<\/span><\/p>\n<p><strong>La Epson TM-m30III<\/strong>\u00a0es una impresora t\u00e9rmica de recibos perfecta para sistemas POS basados en tabletas, ofrece varias opciones de conectividad y funciones para integrarse f\u00e1cilmente en tiendas minoristas, tiendas especializadas o HoReCa, siendo simple de usar y ofreciendo una alternativa mucho m\u00e1s r\u00e1pida y eficiente. de impresi\u00f3n de comprobantes y recibos.<\/p>\n<p><img decoding=\"async\" src=\"https:\/\/image.itgstore.eu\/image\/media\/epson\/28693-c31ck50112\/28693-c31ck50112-desc-1-1686915184.gif\" alt=\"\" \/><img decoding=\"async\" src=\"https:\/\/image.itgstore.eu\/image\/media\/epson\/28693-c31ck50112\/28693-c31ck50112-desc-2-1686915185.gif\" alt=\"\" \/><\/p>\n<p>El modelo\u00a0<strong>Epson TM-m30III<\/strong>\u00a0es a\u00fan m\u00e1s rico en funciones que su antecesor directo m30II-NT, tiene un tama\u00f1o reducido y un dise\u00f1o compacto y elegante, la impresi\u00f3n de recibos es simple, rentable y confiable, lo que permite al usuario liberar espacio valioso y tambi\u00e9n viene con soporte de enlace de video para una f\u00e1cil instalaci\u00f3n y configuraci\u00f3n.<\/p>\n<p><img decoding=\"async\" src=\"https:\/\/image.itgstore.eu\/image\/media\/epson\/28693-c31ck50112\/28693-c31ck50112-desc-3-1686915185.gif\" alt=\"\" \/><img decoding=\"async\" src=\"https:\/\/image.itgstore.eu\/image\/media\/epson\/28693-c31ck50112\/28693-c31ck50112-desc-4-1686915185.gif\" alt=\"\" \/><\/p>\n<div class=\"description\">\n<p>Adem\u00e1s, con las funciones de sincronizaci\u00f3n y carga y conexi\u00f3n a red, la impresora tiene una excelente capacidad de compatibilidad con tabletas: con solo una conexi\u00f3n USB-C, puede cargar la tableta, hasta 18 W, y al mismo tiempo le proporciona una red por cable r\u00e1pida y estable con acceso de hasta 20 Mbps<sup>3<\/sup>. Y con la innovadora tecnolog\u00eda de ahorro de papel, le permite reducir el uso de papel hasta en un 49%<sup>4<\/sup>. Respaldado por nuestro servicio y soporte de primer nivel, el TM-m30III-H incluye una garant\u00eda limitada de 4 a\u00f1os<\/p>\n<h3>La TM-m30III-H le ofrece conectividad avanzada en un paquete compacto.<\/h3>\n<p>Disponibles en color blanco o negro.<br \/>\nC\u00f3digos por conectividad: C31CK50012: Ethernet &#8211; C31CK50052: Wifi + Bluetooth.<\/p>\n<ul>\n<li>Dise\u00f1o moderno y compacto<\/li>\n<li>Conexi\u00f3n de red r\u00e1pida y estable<\/li>\n<li>Conectividad vers\u00e1til<\/li>\n<li>Preparada para recibir pedido en linea e impresi\u00f3n desde la nube<\/li>\n<\/ul>\n<\/div>\n<p><b>R\u00e1pido, compacto, vers\u00e1til<\/b><br \/>\nLa impresora port\u00e1til POS BonPrinter TM-m30III ofrece una serie de excelentes funciones, entre las que se incluyen conectividad y fiabilidad mejoradas.<br \/>\nCon un dise\u00f1o elegante y ultracompacto y una amplia gama de funciones avanzadas, el TM-m30III de Epson es ideal para entornos en los que se necesita una impresi\u00f3n de recibos r\u00e1pida, sencilla y fiable. Una combinaci\u00f3n perfecta de movilidad, conectividad, fiabilidad y facilidad de uso. Se ha dise\u00f1ado para satisfacer las necesidades de una gran variedad de empresas en crecimiento.<\/p>\n<p>&nbsp;<\/p>\n<p>&nbsp;<\/p>\n","protected":false},"excerpt":{"rendered":"<p>&#8211; Tecnolog\u00eda de impresi\u00f3n: T\u00e9rmica<br \/>\n&#8211; Resoluci\u00f3n de impresi\u00f3n 300 mm\/s<br \/>\n&#8211; Direcci\u00f3n de impresi\u00f3n 203 ppp<br \/>\n&#8211; Cortadora autom\u00e1tica<br \/>\n&#8211; Gu\u00eda del papel 80mm &#8211; 58mm<br \/>\n&#8211; Interfaz USB, LAN Gigabit, host USB, USB-C<br \/>\n&#8211; Resoluci\u00f3n m\u00e1xima (B\/N) 203 x 203 ppp<br \/>\n&#8211; Epson\u00ae ePOS\u2122 SDK (iOS\u2122, Android\u2122, JavaScript\u00ae), TM Print Assistant (iOS\u2122, Android\u2122)<br \/>\n&#8211; Modo de impresi\u00f3n Vertical y horizontal<br \/>\n&#8211; Sistemas operativos m\u00f3viles compatibles: Android e iOS<br \/>\n&#8211; Dimensiones del producto. 127\u200e x 127 x 130 mm (ancho x profundidad x altura)<br \/>\n&#8211; Peso. 1,3 kg.<br \/>\n&#8211; <a href=\"https:\/\/mivoot.com\/gt\/producto\/impresora-termica-de-recibos-usb-ethernet-tm-m30iii-epson\/\">C31CK50012: Ethernet<\/a><br \/>\n&#8211; <a href=\"https:\/\/mivoot.com\/gt\/producto\/impresora-termica-de-recibos-usb-wi-fi-bluetooth-tm-m30iii-epson\/\">C31CK50052: Wifi + Bluetooth.<\/a><\/p>\n","protected":false},"featured_media":19800,"comment_status":"open","ping_status":"closed","template":"","meta":{"jetpack_publicize_message":"","jetpack_publicize_feature_enabled":true,"jetpack_social_post_already_shared":true,"jetpack_social_options":{"image_generator_settings":{"template":"highway","default_image_id":0,"font":"","enabled":false},"version":2}},"pwb-brand":[188],"product_brand":[],"product_cat":[174,305],"product_tag":[],"class_list":{"0":"post-20841","1":"product","2":"type-product","3":"status-publish","4":"has-post-thumbnail","6":"pwb-brand-epson","7":"product_cat-imptermica","8":"product_cat-impresoratermicarecibos","10":"first","11":"instock","12":"sale","13":"taxable","14":"shipping-taxable","15":"purchasable","16":"product-type-simple"},"yoast_head":"<!-- This site is optimized with the Yoast SEO Premium plugin v25.7.1 (Yoast SEO v26.8) - https:\/\/yoast.com\/product\/yoast-seo-premium-wordpress\/ -->\n<title>Impresora T\u00e9rmica De Recibos USB Wi-Fi Bluetooth TM-M30III Epson - Mivoot<\/title>\n<meta name=\"robots\" content=\"index, follow, max-snippet:-1, max-image-preview:large, max-video-preview:-1\" \/>\n<link rel=\"canonical\" href=\"https:\/\/mivoot.com\/gt\/producto\/impresora-termica-de-recibos-usb-wi-fi-bluetooth-tm-m30iii-epson\/\" \/>\n<meta property=\"og:locale\" content=\"es_ES\" \/>\n<meta property=\"og:type\" content=\"article\" \/>\n<meta property=\"og:title\" content=\"Impresora T\u00e9rmica De Recibos USB Wi-Fi Bluetooth TM-M30III Epson\" \/>\n<meta property=\"og:description\" content=\"- Tecnolog\u00eda de impresi\u00f3n: T\u00e9rmica - Resoluci\u00f3n de impresi\u00f3n 300 mm\/s - Direcci\u00f3n de impresi\u00f3n 203 ppp - Cortadora autom\u00e1tica - Gu\u00eda del papel 80mm - 58mm - Interfaz USB, LAN Gigabit, host USB, USB-C - Resoluci\u00f3n m\u00e1xima (B\/N) 203 x 203 ppp - Epson\u00ae ePOS\u2122 SDK (iOS\u2122, Android\u2122, JavaScript\u00ae), TM Print Assistant (iOS\u2122, Android\u2122) - Modo de impresi\u00f3n Vertical y horizontal - Sistemas operativos m\u00f3viles compatibles: Android e iOS - Dimensiones del producto. 127\u200e x 127 x 130 mm (ancho x profundidad x altura) - Peso. 1,3 kg. - C31CK50012: Ethernet - C31CK50052: Wifi + Bluetooth.\" \/>\n<meta property=\"og:url\" content=\"https:\/\/mivoot.com\/gt\/producto\/impresora-termica-de-recibos-usb-wi-fi-bluetooth-tm-m30iii-epson\/\" \/>\n<meta property=\"og:site_name\" content=\"Mivoot\" \/>\n<meta property=\"article:publisher\" content=\"https:\/\/www.facebook.com\/mivootgt\" \/>\n<meta property=\"article:modified_time\" content=\"2024-09-03T22:51:14+00:00\" \/>\n<meta property=\"og:image\" content=\"https:\/\/mivoot.com\/gt\/wp-content\/uploads\/2024\/06\/tm-m30iii-03.png\" \/>\n\t<meta property=\"og:image:width\" content=\"1000\" \/>\n\t<meta property=\"og:image:height\" content=\"1000\" \/>\n\t<meta property=\"og:image:type\" content=\"image\/png\" \/>\n<meta name=\"twitter:card\" content=\"summary_large_image\" \/>\n<meta name=\"twitter:label1\" content=\"Est. reading time\" \/>\n\t<meta name=\"twitter:data1\" content=\"3 minutos\" \/>\n<script type=\"application\/ld+json\" class=\"yoast-schema-graph\">{\"@context\":\"https:\/\/schema.org\",\"@graph\":[{\"@type\":\"WebPage\",\"@id\":\"https:\/\/mivoot.com\/gt\/producto\/impresora-termica-de-recibos-usb-wi-fi-bluetooth-tm-m30iii-epson\/\",\"url\":\"https:\/\/mivoot.com\/gt\/producto\/impresora-termica-de-recibos-usb-wi-fi-bluetooth-tm-m30iii-epson\/\",\"name\":\"Impresora T\u00e9rmica De Recibos USB Wi-Fi Bluetooth TM-M30III Epson - Mivoot\",\"isPartOf\":{\"@id\":\"https:\/\/mivoot.com\/gt\/#website\"},\"primaryImageOfPage\":{\"@id\":\"https:\/\/mivoot.com\/gt\/producto\/impresora-termica-de-recibos-usb-wi-fi-bluetooth-tm-m30iii-epson\/#primaryimage\"},\"image\":{\"@id\":\"https:\/\/mivoot.com\/gt\/producto\/impresora-termica-de-recibos-usb-wi-fi-bluetooth-tm-m30iii-epson\/#primaryimage\"},\"thumbnailUrl\":\"https:\/\/mivoot.com\/gt\/wp-content\/uploads\/2024\/06\/tm-m30iii-03.png\",\"datePublished\":\"2024-08-01T16:12:54+00:00\",\"dateModified\":\"2024-09-03T22:51:14+00:00\",\"breadcrumb\":{\"@id\":\"https:\/\/mivoot.com\/gt\/producto\/impresora-termica-de-recibos-usb-wi-fi-bluetooth-tm-m30iii-epson\/#breadcrumb\"},\"inLanguage\":\"es\",\"potentialAction\":[{\"@type\":\"ReadAction\",\"target\":[\"https:\/\/mivoot.com\/gt\/producto\/impresora-termica-de-recibos-usb-wi-fi-bluetooth-tm-m30iii-epson\/\"]}]},{\"@type\":\"ImageObject\",\"inLanguage\":\"es\",\"@id\":\"https:\/\/mivoot.com\/gt\/producto\/impresora-termica-de-recibos-usb-wi-fi-bluetooth-tm-m30iii-epson\/#primaryimage\",\"url\":\"https:\/\/mivoot.com\/gt\/wp-content\/uploads\/2024\/06\/tm-m30iii-03.png\",\"contentUrl\":\"https:\/\/mivoot.com\/gt\/wp-content\/uploads\/2024\/06\/tm-m30iii-03.png\",\"width\":1000,\"height\":1000},{\"@type\":\"BreadcrumbList\",\"@id\":\"https:\/\/mivoot.com\/gt\/producto\/impresora-termica-de-recibos-usb-wi-fi-bluetooth-tm-m30iii-epson\/#breadcrumb\",\"itemListElement\":[{\"@type\":\"ListItem\",\"position\":1,\"name\":\"Inicio\",\"item\":\"https:\/\/mivoot.com\/gt\/\"},{\"@type\":\"ListItem\",\"position\":2,\"name\":\"Productos\",\"item\":\"https:\/\/mivoot.com\/gt\/producto\/\"},{\"@type\":\"ListItem\",\"position\":3,\"name\":\"Epson\",\"item\":\"https:\/\/mivoot.com\/gt\/marca\/epson\/\"},{\"@type\":\"ListItem\",\"position\":4,\"name\":\"Impresora T\u00e9rmica De Recibos USB Wi-Fi Bluetooth TM-M30III Epson\"}]},{\"@type\":\"WebSite\",\"@id\":\"https:\/\/mivoot.com\/gt\/#website\",\"url\":\"https:\/\/mivoot.com\/gt\/\",\"name\":\"Mivoot\",\"description\":\"Mivoot Guatemala | Tienda Online\",\"publisher\":{\"@id\":\"https:\/\/mivoot.com\/gt\/#organization\"},\"alternateName\":\"mivoot\",\"potentialAction\":[{\"@type\":\"SearchAction\",\"target\":{\"@type\":\"EntryPoint\",\"urlTemplate\":\"https:\/\/mivoot.com\/gt\/?s={search_term_string}\"},\"query-input\":{\"@type\":\"PropertyValueSpecification\",\"valueRequired\":true,\"valueName\":\"search_term_string\"}}],\"inLanguage\":\"es\"},{\"@type\":\"Organization\",\"@id\":\"https:\/\/mivoot.com\/gt\/#organization\",\"name\":\"Mivoot Guatemala\",\"alternateName\":\"mivoot.com\",\"url\":\"https:\/\/mivoot.com\/gt\/\",\"logo\":{\"@type\":\"ImageObject\",\"inLanguage\":\"es\",\"@id\":\"https:\/\/mivoot.com\/gt\/#\/schema\/logo\/image\/\",\"url\":\"https:\/\/mivoot.com\/gt\/wp-content\/uploads\/2023\/03\/cropped-icon.png\",\"contentUrl\":\"https:\/\/mivoot.com\/gt\/wp-content\/uploads\/2023\/03\/cropped-icon.png\",\"width\":512,\"height\":512,\"caption\":\"Mivoot Guatemala\"},\"image\":{\"@id\":\"https:\/\/mivoot.com\/gt\/#\/schema\/logo\/image\/\"},\"sameAs\":[\"https:\/\/www.facebook.com\/mivootgt\",\"https:\/\/instagram.com\/mivoot\"]}]}<\/script>\n<!-- \/ Yoast SEO Premium plugin. -->","yoast_head_json":{"title":"Impresora T\u00e9rmica De Recibos USB Wi-Fi Bluetooth TM-M30III Epson - Mivoot","robots":{"index":"index","follow":"follow","max-snippet":"max-snippet:-1","max-image-preview":"max-image-preview:large","max-video-preview":"max-video-preview:-1"},"canonical":"https:\/\/mivoot.com\/gt\/producto\/impresora-termica-de-recibos-usb-wi-fi-bluetooth-tm-m30iii-epson\/","og_locale":"es_ES","og_type":"article","og_title":"Impresora T\u00e9rmica De Recibos USB Wi-Fi Bluetooth TM-M30III Epson","og_description":"- Tecnolog\u00eda de impresi\u00f3n: T\u00e9rmica - Resoluci\u00f3n de impresi\u00f3n 300 mm\/s - Direcci\u00f3n de impresi\u00f3n 203 ppp - Cortadora autom\u00e1tica - Gu\u00eda del papel 80mm - 58mm - Interfaz USB, LAN Gigabit, host USB, USB-C - Resoluci\u00f3n m\u00e1xima (B\/N) 203 x 203 ppp - Epson\u00ae ePOS\u2122 SDK (iOS\u2122, Android\u2122, JavaScript\u00ae), TM Print Assistant (iOS\u2122, Android\u2122) - Modo de impresi\u00f3n Vertical y horizontal - Sistemas operativos m\u00f3viles compatibles: Android e iOS - Dimensiones del producto. 127\u200e x 127 x 130 mm (ancho x profundidad x altura) - Peso. 1,3 kg. - C31CK50012: Ethernet - C31CK50052: Wifi + Bluetooth.","og_url":"https:\/\/mivoot.com\/gt\/producto\/impresora-termica-de-recibos-usb-wi-fi-bluetooth-tm-m30iii-epson\/","og_site_name":"Mivoot","article_publisher":"https:\/\/www.facebook.com\/mivootgt","article_modified_time":"2024-09-03T22:51:14+00:00","og_image":[{"width":1000,"height":1000,"url":"https:\/\/mivoot.com\/gt\/wp-content\/uploads\/2024\/06\/tm-m30iii-03.png","type":"image\/png"}],"twitter_card":"summary_large_image","twitter_misc":{"Est. reading time":"3 minutos"},"schema":{"@context":"https:\/\/schema.org","@graph":[{"@type":"WebPage","@id":"https:\/\/mivoot.com\/gt\/producto\/impresora-termica-de-recibos-usb-wi-fi-bluetooth-tm-m30iii-epson\/","url":"https:\/\/mivoot.com\/gt\/producto\/impresora-termica-de-recibos-usb-wi-fi-bluetooth-tm-m30iii-epson\/","name":"Impresora T\u00e9rmica De Recibos USB Wi-Fi Bluetooth TM-M30III Epson - Mivoot","isPartOf":{"@id":"https:\/\/mivoot.com\/gt\/#website"},"primaryImageOfPage":{"@id":"https:\/\/mivoot.com\/gt\/producto\/impresora-termica-de-recibos-usb-wi-fi-bluetooth-tm-m30iii-epson\/#primaryimage"},"image":{"@id":"https:\/\/mivoot.com\/gt\/producto\/impresora-termica-de-recibos-usb-wi-fi-bluetooth-tm-m30iii-epson\/#primaryimage"},"thumbnailUrl":"https:\/\/mivoot.com\/gt\/wp-content\/uploads\/2024\/06\/tm-m30iii-03.png","datePublished":"2024-08-01T16:12:54+00:00","dateModified":"2024-09-03T22:51:14+00:00","breadcrumb":{"@id":"https:\/\/mivoot.com\/gt\/producto\/impresora-termica-de-recibos-usb-wi-fi-bluetooth-tm-m30iii-epson\/#breadcrumb"},"inLanguage":"es","potentialAction":[{"@type":"ReadAction","target":["https:\/\/mivoot.com\/gt\/producto\/impresora-termica-de-recibos-usb-wi-fi-bluetooth-tm-m30iii-epson\/"]}]},{"@type":"ImageObject","inLanguage":"es","@id":"https:\/\/mivoot.com\/gt\/producto\/impresora-termica-de-recibos-usb-wi-fi-bluetooth-tm-m30iii-epson\/#primaryimage","url":"https:\/\/mivoot.com\/gt\/wp-content\/uploads\/2024\/06\/tm-m30iii-03.png","contentUrl":"https:\/\/mivoot.com\/gt\/wp-content\/uploads\/2024\/06\/tm-m30iii-03.png","width":1000,"height":1000},{"@type":"BreadcrumbList","@id":"https:\/\/mivoot.com\/gt\/producto\/impresora-termica-de-recibos-usb-wi-fi-bluetooth-tm-m30iii-epson\/#breadcrumb","itemListElement":[{"@type":"ListItem","position":1,"name":"Inicio","item":"https:\/\/mivoot.com\/gt\/"},{"@type":"ListItem","position":2,"name":"Productos","item":"https:\/\/mivoot.com\/gt\/producto\/"},{"@type":"ListItem","position":3,"name":"Epson","item":"https:\/\/mivoot.com\/gt\/marca\/epson\/"},{"@type":"ListItem","position":4,"name":"Impresora T\u00e9rmica De Recibos USB Wi-Fi Bluetooth TM-M30III Epson"}]},{"@type":"WebSite","@id":"https:\/\/mivoot.com\/gt\/#website","url":"https:\/\/mivoot.com\/gt\/","name":"Mivoot","description":"Mivoot Guatemala | Tienda Online","publisher":{"@id":"https:\/\/mivoot.com\/gt\/#organization"},"alternateName":"mivoot","potentialAction":[{"@type":"SearchAction","target":{"@type":"EntryPoint","urlTemplate":"https:\/\/mivoot.com\/gt\/?s={search_term_string}"},"query-input":{"@type":"PropertyValueSpecification","valueRequired":true,"valueName":"search_term_string"}}],"inLanguage":"es"},{"@type":"Organization","@id":"https:\/\/mivoot.com\/gt\/#organization","name":"Mivoot Guatemala","alternateName":"mivoot.com","url":"https:\/\/mivoot.com\/gt\/","logo":{"@type":"ImageObject","inLanguage":"es","@id":"https:\/\/mivoot.com\/gt\/#\/schema\/logo\/image\/","url":"https:\/\/mivoot.com\/gt\/wp-content\/uploads\/2023\/03\/cropped-icon.png","contentUrl":"https:\/\/mivoot.com\/gt\/wp-content\/uploads\/2023\/03\/cropped-icon.png","width":512,"height":512,"caption":"Mivoot Guatemala"},"image":{"@id":"https:\/\/mivoot.com\/gt\/#\/schema\/logo\/image\/"},"sameAs":["https:\/\/www.facebook.com\/mivootgt","https:\/\/instagram.com\/mivoot"]}]}},"jetpack_publicize_connections":[],"jetpack_sharing_enabled":true,"brands":[{"id":188,"name":"Epson","slug":"epson"}],"_links":{"self":[{"href":"https:\/\/mivoot.com\/gt\/wp-json\/wp\/v2\/product\/20841","targetHints":{"allow":["GET"]}}],"collection":[{"href":"https:\/\/mivoot.com\/gt\/wp-json\/wp\/v2\/product"}],"about":[{"href":"https:\/\/mivoot.com\/gt\/wp-json\/wp\/v2\/types\/product"}],"replies":[{"embeddable":true,"href":"https:\/\/mivoot.com\/gt\/wp-json\/wp\/v2\/comments?post=20841"}],"version-history":[{"count":3,"href":"https:\/\/mivoot.com\/gt\/wp-json\/wp\/v2\/product\/20841\/revisions"}],"predecessor-version":[{"id":20846,"href":"https:\/\/mivoot.com\/gt\/wp-json\/wp\/v2\/product\/20841\/revisions\/20846"}],"wp:featuredmedia":[{"embeddable":true,"href":"https:\/\/mivoot.com\/gt\/wp-json\/wp\/v2\/media\/19800"}],"wp:attachment":[{"href":"https:\/\/mivoot.com\/gt\/wp-json\/wp\/v2\/media?parent=20841"}],"wp:term":[{"taxonomy":"pwb-brand","embeddable":true,"href":"https:\/\/mivoot.com\/gt\/wp-json\/wp\/v2\/pwb-brand?post=20841"},{"taxonomy":"product_brand","embeddable":true,"href":"https:\/\/mivoot.com\/gt\/wp-json\/wp\/v2\/product_brand?post=20841"},{"taxonomy":"product_cat","embeddable":true,"href":"https:\/\/mivoot.com\/gt\/wp-json\/wp\/v2\/product_cat?post=20841"},{"taxonomy":"product_tag","embeddable":true,"href":"https:\/\/mivoot.com\/gt\/wp-json\/wp\/v2\/product_tag?post=20841"}],"curies":[{"name":"wp","href":"https:\/\/api.w.org\/{rel}","templated":true}]}}