{"id":20943,"date":"2024-08-02T22:39:05","date_gmt":"2024-08-03T04:39:05","guid":{"rendered":"https:\/\/mivoot.com\/gt\/?post_type=product&#038;p=20943"},"modified":"2024-08-02T22:39:06","modified_gmt":"2024-08-03T04:39:06","slug":"sistema-telefonico-voip-pbx-s100-yeastar","status":"publish","type":"product","link":"https:\/\/mivoot.com\/gt\/producto\/sistema-telefonico-voip-pbx-s100-yeastar\/","title":{"rendered":"Sistema Telef\u00f3nico VoIP PBX S100 Yeastar"},"content":{"rendered":"<div class=\"wpb_text_column wpb_content_element  samll-business\">\n<div class=\"wpb_wrapper\">\n<h2>Centralita VoIP S100<\/h2>\n<p>Con capacidad para hasta 200 usuarios, S100 de Yeastar es una PBX VoIP en m\u00f3dulos y ampliable para potenciar y agilizar su forma de hacer negocios. Est\u00e1 equipada con un procesador de cuatro n\u00facleos, potentes comunicaciones unificadas y una excelente interoperabilidad combinados con su facilidad de uso.<\/p>\n<\/div>\n<\/div>\n<ul class=\"a-unordered-list a-vertical a-spacing-mini\">\n<li class=\"a-spacing-mini\"><span class=\"a-list-item\">Sistema de tel\u00e9fono VoIP S100\u00a0es un gran valor comunicaci\u00f3n ip-pbx con una configuraci\u00f3n de base de 100\u00a0usuarios de negocios y 30\u00a0concurrent llamadas y se puede extender hasta 200\u00a0usuarios y 60\u00a0concurrent llamadas.<\/span><\/li>\n<li class=\"a-spacing-mini\"><span class=\"a-list-item\">S100\u00a0viene con el soporte para redes de puertos, ISDN bri anal\u00f3gica, E1\/T1\/pri, y GSM. <\/span><\/li>\n<li class=\"a-spacing-mini\"><span class=\"a-list-item\">yeastar S100\u00a0soporta extender hasta 2\u00a0placas de expansi\u00f3n (no incluido) y <\/span><\/li>\n<li class=\"a-spacing-mini\"><span class=\"a-list-item\">soporta la expansi\u00f3n de un m\u00f3dulo DSP (no incluidas).<\/span><\/li>\n<li class=\"a-spacing-mini\"><span class=\"a-list-item\">WAN\/LAN, 1\u00a0\u00d7 1\u00a0\u00d7 10\/100\/1000\u00a0Mbps\u00a0\u2013\u00a01\u00a0\u00d7 10\/100\/1000\u00a0Mbps<\/span><\/li>\n<li class=\"a-spacing-mini\"><span class=\"a-list-item\">Max anal\u00f3gica puertos\u00a0\u2013\u00a0<\/span><\/li>\n<li class=\"a-spacing-mini\"><span class=\"a-list-item\">16\u00a0puertos\/Max bri puertos\u00a0\u2013\u00a0<\/span><\/li>\n<li class=\"a-spacing-mini\"><span class=\"a-list-item\">16\/Max g\/m\u00b2\/3G\u00a0\u2013\u00a06\/Max E1\/T1\/J1\u00a0puertos\u00a0\u2013\u00a02<\/span><\/li>\n<li class=\"a-spacing-mini\"><span class=\"a-list-item\">Buz\u00f3n de voz\u00a0\u2013\u00a010000\u00a0min (ampliable) y puerto de tarjeta SD para almacenamiento externo<\/span><\/li>\n<\/ul>\n<p><img decoding=\"async\" src=\"https:\/\/www.yeastar.com\/wp-content\/uploads\/2019\/11\/complete-built-in-features.png\" alt=\"Funciones integradas completas\" \/><\/p>\n","protected":false},"excerpt":{"rendered":"<p>&#8211; PBX IP Yeastar 100 USUARIOS<br \/>\n&#8211; Soporta 100 usuarios, hasta 200 usuarios con DSP-MODULE<br \/>\n&#8211; Montaje en rack 19\u2033\u201d<br \/>\n&#8211; Dise\u00f1o modular, soporta EX08, EX30, YS-02, YS-S2, YS-SO, YS-MDGSM, YS-3GMD, YS-4 GMD<br \/>\n&#8211; Compatible con tel\u00e9fonos de diferentes marcas<br \/>\n&#8211; Soporta aplicaciones adicionales: Tarificador, Hoteler\u00eda, VPN<br \/>\n&#8211; Grabaci\u00f3n de llamadas sin costo adicional<br \/>\n&#8211; Soporta almacenamiento externo<\/p>\n","protected":false},"featured_media":20948,"comment_status":"open","ping_status":"closed","template":"","meta":{"jetpack_publicize_message":"","jetpack_publicize_feature_enabled":true,"jetpack_social_post_already_shared":true,"jetpack_social_options":{"image_generator_settings":{"template":"highway","default_image_id":0,"font":"","enabled":false},"version":2}},"pwb-brand":[556],"product_brand":[],"product_cat":[329],"product_tag":[],"class_list":{"0":"post-20943","1":"product","2":"type-product","3":"status-publish","4":"has-post-thumbnail","6":"pwb-brand-yeastar","7":"product_cat-telefonos-ip","9":"first","10":"instock","11":"taxable","12":"shipping-taxable","13":"product-type-simple"},"yoast_head":"<!-- This site is optimized with the Yoast SEO Premium plugin v25.7.1 (Yoast SEO v26.8) - https:\/\/yoast.com\/product\/yoast-seo-premium-wordpress\/ -->\n<title>Sistema Telef\u00f3nico VoIP PBX S100 Yeastar - Mivoot<\/title>\n<meta name=\"robots\" content=\"index, follow, max-snippet:-1, max-image-preview:large, max-video-preview:-1\" \/>\n<link rel=\"canonical\" href=\"https:\/\/mivoot.com\/gt\/producto\/sistema-telefonico-voip-pbx-s100-yeastar\/\" \/>\n<meta property=\"og:locale\" content=\"es_ES\" \/>\n<meta property=\"og:type\" content=\"article\" \/>\n<meta property=\"og:title\" content=\"Sistema Telef\u00f3nico VoIP PBX S100 Yeastar\" \/>\n<meta property=\"og:description\" content=\"- PBX IP Yeastar 100 USUARIOS - Soporta 100 usuarios, hasta 200 usuarios con DSP-MODULE - Montaje en rack 19\u2033\u201d - Dise\u00f1o modular, soporta EX08, EX30, YS-02, YS-S2, YS-SO, YS-MDGSM, YS-3GMD, YS-4 GMD - Compatible con tel\u00e9fonos de diferentes marcas - Soporta aplicaciones adicionales: Tarificador, Hoteler\u00eda, VPN - Grabaci\u00f3n de llamadas sin costo adicional - Soporta almacenamiento externo\" \/>\n<meta property=\"og:url\" content=\"https:\/\/mivoot.com\/gt\/producto\/sistema-telefonico-voip-pbx-s100-yeastar\/\" \/>\n<meta property=\"og:site_name\" content=\"Mivoot\" \/>\n<meta property=\"article:publisher\" content=\"https:\/\/www.facebook.com\/mivootgt\" \/>\n<meta property=\"article:modified_time\" content=\"2024-08-03T04:39:06+00:00\" \/>\n<meta property=\"og:image\" content=\"https:\/\/mivoot.com\/gt\/wp-content\/uploads\/2024\/08\/Yeastar-VoIP-PBX-S100-1024x1024-1.webp\" \/>\n\t<meta property=\"og:image:width\" content=\"1024\" \/>\n\t<meta property=\"og:image:height\" content=\"1024\" \/>\n\t<meta property=\"og:image:type\" content=\"image\/webp\" \/>\n<meta name=\"twitter:card\" content=\"summary_large_image\" \/>\n<meta name=\"twitter:label1\" content=\"Est. reading time\" \/>\n\t<meta name=\"twitter:data1\" content=\"1 minuto\" \/>\n<script type=\"application\/ld+json\" class=\"yoast-schema-graph\">{\"@context\":\"https:\/\/schema.org\",\"@graph\":[{\"@type\":\"WebPage\",\"@id\":\"https:\/\/mivoot.com\/gt\/producto\/sistema-telefonico-voip-pbx-s100-yeastar\/\",\"url\":\"https:\/\/mivoot.com\/gt\/producto\/sistema-telefonico-voip-pbx-s100-yeastar\/\",\"name\":\"Sistema Telef\u00f3nico VoIP PBX S100 Yeastar - Mivoot\",\"isPartOf\":{\"@id\":\"https:\/\/mivoot.com\/gt\/#website\"},\"primaryImageOfPage\":{\"@id\":\"https:\/\/mivoot.com\/gt\/producto\/sistema-telefonico-voip-pbx-s100-yeastar\/#primaryimage\"},\"image\":{\"@id\":\"https:\/\/mivoot.com\/gt\/producto\/sistema-telefonico-voip-pbx-s100-yeastar\/#primaryimage\"},\"thumbnailUrl\":\"https:\/\/mivoot.com\/gt\/wp-content\/uploads\/2024\/08\/Yeastar-VoIP-PBX-S100-1024x1024-1.webp\",\"datePublished\":\"2024-08-03T04:39:05+00:00\",\"dateModified\":\"2024-08-03T04:39:06+00:00\",\"breadcrumb\":{\"@id\":\"https:\/\/mivoot.com\/gt\/producto\/sistema-telefonico-voip-pbx-s100-yeastar\/#breadcrumb\"},\"inLanguage\":\"es\",\"potentialAction\":[{\"@type\":\"ReadAction\",\"target\":[\"https:\/\/mivoot.com\/gt\/producto\/sistema-telefonico-voip-pbx-s100-yeastar\/\"]}]},{\"@type\":\"ImageObject\",\"inLanguage\":\"es\",\"@id\":\"https:\/\/mivoot.com\/gt\/producto\/sistema-telefonico-voip-pbx-s100-yeastar\/#primaryimage\",\"url\":\"https:\/\/mivoot.com\/gt\/wp-content\/uploads\/2024\/08\/Yeastar-VoIP-PBX-S100-1024x1024-1.webp\",\"contentUrl\":\"https:\/\/mivoot.com\/gt\/wp-content\/uploads\/2024\/08\/Yeastar-VoIP-PBX-S100-1024x1024-1.webp\",\"width\":1024,\"height\":1024},{\"@type\":\"BreadcrumbList\",\"@id\":\"https:\/\/mivoot.com\/gt\/producto\/sistema-telefonico-voip-pbx-s100-yeastar\/#breadcrumb\",\"itemListElement\":[{\"@type\":\"ListItem\",\"position\":1,\"name\":\"Inicio\",\"item\":\"https:\/\/mivoot.com\/gt\/\"},{\"@type\":\"ListItem\",\"position\":2,\"name\":\"Productos\",\"item\":\"https:\/\/mivoot.com\/gt\/producto\/\"},{\"@type\":\"ListItem\",\"position\":3,\"name\":\"Yeastar\",\"item\":\"https:\/\/mivoot.com\/gt\/marca\/yeastar\/\"},{\"@type\":\"ListItem\",\"position\":4,\"name\":\"Sistema Telef\u00f3nico VoIP PBX S100 Yeastar\"}]},{\"@type\":\"WebSite\",\"@id\":\"https:\/\/mivoot.com\/gt\/#website\",\"url\":\"https:\/\/mivoot.com\/gt\/\",\"name\":\"Mivoot\",\"description\":\"Mivoot Guatemala | Tienda Online\",\"publisher\":{\"@id\":\"https:\/\/mivoot.com\/gt\/#organization\"},\"alternateName\":\"mivoot\",\"potentialAction\":[{\"@type\":\"SearchAction\",\"target\":{\"@type\":\"EntryPoint\",\"urlTemplate\":\"https:\/\/mivoot.com\/gt\/?s={search_term_string}\"},\"query-input\":{\"@type\":\"PropertyValueSpecification\",\"valueRequired\":true,\"valueName\":\"search_term_string\"}}],\"inLanguage\":\"es\"},{\"@type\":\"Organization\",\"@id\":\"https:\/\/mivoot.com\/gt\/#organization\",\"name\":\"Mivoot Guatemala\",\"alternateName\":\"mivoot.com\",\"url\":\"https:\/\/mivoot.com\/gt\/\",\"logo\":{\"@type\":\"ImageObject\",\"inLanguage\":\"es\",\"@id\":\"https:\/\/mivoot.com\/gt\/#\/schema\/logo\/image\/\",\"url\":\"https:\/\/mivoot.com\/gt\/wp-content\/uploads\/2023\/03\/cropped-icon.png\",\"contentUrl\":\"https:\/\/mivoot.com\/gt\/wp-content\/uploads\/2023\/03\/cropped-icon.png\",\"width\":512,\"height\":512,\"caption\":\"Mivoot Guatemala\"},\"image\":{\"@id\":\"https:\/\/mivoot.com\/gt\/#\/schema\/logo\/image\/\"},\"sameAs\":[\"https:\/\/www.facebook.com\/mivootgt\",\"https:\/\/instagram.com\/mivoot\"]}]}<\/script>\n<!-- \/ Yoast SEO Premium plugin. -->","yoast_head_json":{"title":"Sistema Telef\u00f3nico VoIP PBX S100 Yeastar - Mivoot","robots":{"index":"index","follow":"follow","max-snippet":"max-snippet:-1","max-image-preview":"max-image-preview:large","max-video-preview":"max-video-preview:-1"},"canonical":"https:\/\/mivoot.com\/gt\/producto\/sistema-telefonico-voip-pbx-s100-yeastar\/","og_locale":"es_ES","og_type":"article","og_title":"Sistema Telef\u00f3nico VoIP PBX S100 Yeastar","og_description":"- PBX IP Yeastar 100 USUARIOS - Soporta 100 usuarios, hasta 200 usuarios con DSP-MODULE - Montaje en rack 19\u2033\u201d - Dise\u00f1o modular, soporta EX08, EX30, YS-02, YS-S2, YS-SO, YS-MDGSM, YS-3GMD, YS-4 GMD - Compatible con tel\u00e9fonos de diferentes marcas - Soporta aplicaciones adicionales: Tarificador, Hoteler\u00eda, VPN - Grabaci\u00f3n de llamadas sin costo adicional - Soporta almacenamiento externo","og_url":"https:\/\/mivoot.com\/gt\/producto\/sistema-telefonico-voip-pbx-s100-yeastar\/","og_site_name":"Mivoot","article_publisher":"https:\/\/www.facebook.com\/mivootgt","article_modified_time":"2024-08-03T04:39:06+00:00","og_image":[{"width":1024,"height":1024,"url":"https:\/\/mivoot.com\/gt\/wp-content\/uploads\/2024\/08\/Yeastar-VoIP-PBX-S100-1024x1024-1.webp","type":"image\/webp"}],"twitter_card":"summary_large_image","twitter_misc":{"Est. reading time":"1 minuto"},"schema":{"@context":"https:\/\/schema.org","@graph":[{"@type":"WebPage","@id":"https:\/\/mivoot.com\/gt\/producto\/sistema-telefonico-voip-pbx-s100-yeastar\/","url":"https:\/\/mivoot.com\/gt\/producto\/sistema-telefonico-voip-pbx-s100-yeastar\/","name":"Sistema Telef\u00f3nico VoIP PBX S100 Yeastar - Mivoot","isPartOf":{"@id":"https:\/\/mivoot.com\/gt\/#website"},"primaryImageOfPage":{"@id":"https:\/\/mivoot.com\/gt\/producto\/sistema-telefonico-voip-pbx-s100-yeastar\/#primaryimage"},"image":{"@id":"https:\/\/mivoot.com\/gt\/producto\/sistema-telefonico-voip-pbx-s100-yeastar\/#primaryimage"},"thumbnailUrl":"https:\/\/mivoot.com\/gt\/wp-content\/uploads\/2024\/08\/Yeastar-VoIP-PBX-S100-1024x1024-1.webp","datePublished":"2024-08-03T04:39:05+00:00","dateModified":"2024-08-03T04:39:06+00:00","breadcrumb":{"@id":"https:\/\/mivoot.com\/gt\/producto\/sistema-telefonico-voip-pbx-s100-yeastar\/#breadcrumb"},"inLanguage":"es","potentialAction":[{"@type":"ReadAction","target":["https:\/\/mivoot.com\/gt\/producto\/sistema-telefonico-voip-pbx-s100-yeastar\/"]}]},{"@type":"ImageObject","inLanguage":"es","@id":"https:\/\/mivoot.com\/gt\/producto\/sistema-telefonico-voip-pbx-s100-yeastar\/#primaryimage","url":"https:\/\/mivoot.com\/gt\/wp-content\/uploads\/2024\/08\/Yeastar-VoIP-PBX-S100-1024x1024-1.webp","contentUrl":"https:\/\/mivoot.com\/gt\/wp-content\/uploads\/2024\/08\/Yeastar-VoIP-PBX-S100-1024x1024-1.webp","width":1024,"height":1024},{"@type":"BreadcrumbList","@id":"https:\/\/mivoot.com\/gt\/producto\/sistema-telefonico-voip-pbx-s100-yeastar\/#breadcrumb","itemListElement":[{"@type":"ListItem","position":1,"name":"Inicio","item":"https:\/\/mivoot.com\/gt\/"},{"@type":"ListItem","position":2,"name":"Productos","item":"https:\/\/mivoot.com\/gt\/producto\/"},{"@type":"ListItem","position":3,"name":"Yeastar","item":"https:\/\/mivoot.com\/gt\/marca\/yeastar\/"},{"@type":"ListItem","position":4,"name":"Sistema Telef\u00f3nico VoIP PBX S100 Yeastar"}]},{"@type":"WebSite","@id":"https:\/\/mivoot.com\/gt\/#website","url":"https:\/\/mivoot.com\/gt\/","name":"Mivoot","description":"Mivoot Guatemala | Tienda Online","publisher":{"@id":"https:\/\/mivoot.com\/gt\/#organization"},"alternateName":"mivoot","potentialAction":[{"@type":"SearchAction","target":{"@type":"EntryPoint","urlTemplate":"https:\/\/mivoot.com\/gt\/?s={search_term_string}"},"query-input":{"@type":"PropertyValueSpecification","valueRequired":true,"valueName":"search_term_string"}}],"inLanguage":"es"},{"@type":"Organization","@id":"https:\/\/mivoot.com\/gt\/#organization","name":"Mivoot Guatemala","alternateName":"mivoot.com","url":"https:\/\/mivoot.com\/gt\/","logo":{"@type":"ImageObject","inLanguage":"es","@id":"https:\/\/mivoot.com\/gt\/#\/schema\/logo\/image\/","url":"https:\/\/mivoot.com\/gt\/wp-content\/uploads\/2023\/03\/cropped-icon.png","contentUrl":"https:\/\/mivoot.com\/gt\/wp-content\/uploads\/2023\/03\/cropped-icon.png","width":512,"height":512,"caption":"Mivoot Guatemala"},"image":{"@id":"https:\/\/mivoot.com\/gt\/#\/schema\/logo\/image\/"},"sameAs":["https:\/\/www.facebook.com\/mivootgt","https:\/\/instagram.com\/mivoot"]}]}},"jetpack_publicize_connections":[],"jetpack_sharing_enabled":true,"brands":[{"id":556,"name":"Yeastar","slug":"yeastar"}],"_links":{"self":[{"href":"https:\/\/mivoot.com\/gt\/wp-json\/wp\/v2\/product\/20943","targetHints":{"allow":["GET"]}}],"collection":[{"href":"https:\/\/mivoot.com\/gt\/wp-json\/wp\/v2\/product"}],"about":[{"href":"https:\/\/mivoot.com\/gt\/wp-json\/wp\/v2\/types\/product"}],"replies":[{"embeddable":true,"href":"https:\/\/mivoot.com\/gt\/wp-json\/wp\/v2\/comments?post=20943"}],"version-history":[{"count":2,"href":"https:\/\/mivoot.com\/gt\/wp-json\/wp\/v2\/product\/20943\/revisions"}],"predecessor-version":[{"id":20950,"href":"https:\/\/mivoot.com\/gt\/wp-json\/wp\/v2\/product\/20943\/revisions\/20950"}],"wp:featuredmedia":[{"embeddable":true,"href":"https:\/\/mivoot.com\/gt\/wp-json\/wp\/v2\/media\/20948"}],"wp:attachment":[{"href":"https:\/\/mivoot.com\/gt\/wp-json\/wp\/v2\/media?parent=20943"}],"wp:term":[{"taxonomy":"pwb-brand","embeddable":true,"href":"https:\/\/mivoot.com\/gt\/wp-json\/wp\/v2\/pwb-brand?post=20943"},{"taxonomy":"product_brand","embeddable":true,"href":"https:\/\/mivoot.com\/gt\/wp-json\/wp\/v2\/product_brand?post=20943"},{"taxonomy":"product_cat","embeddable":true,"href":"https:\/\/mivoot.com\/gt\/wp-json\/wp\/v2\/product_cat?post=20943"},{"taxonomy":"product_tag","embeddable":true,"href":"https:\/\/mivoot.com\/gt\/wp-json\/wp\/v2\/product_tag?post=20943"}],"curies":[{"name":"wp","href":"https:\/\/api.w.org\/{rel}","templated":true}]}}