{"id":20965,"date":"2024-08-02T23:01:11","date_gmt":"2024-08-03T05:01:11","guid":{"rendered":"https:\/\/mivoot.com\/gt\/?post_type=product&#038;p=20965"},"modified":"2024-08-02T23:01:12","modified_gmt":"2024-08-03T05:01:12","slug":"telefono-ip-de-escritorio-16-cuentas-sip-t46u-t-yealink","status":"publish","type":"product","link":"https:\/\/mivoot.com\/gt\/producto\/telefono-ip-de-escritorio-16-cuentas-sip-t46u-t-yealink\/","title":{"rendered":"Tel\u00e9fono IP de Escritorio 16 Cuentas SIP-T46U-T Yealink"},"content":{"rendered":"<div class=\"title c-f40\">\n<h1>Yealink SIP- T46U<\/h1>\n<\/div>\n<p>Tel\u00e9fono SIP\u00a0que mejora la productividad para trabajadores y profesionales de oficina<\/p>\n<p><img fetchpriority=\"high\" decoding=\"async\" class=\"aligncenter lazy-load-active\" title=\"T46U\" src=\"https:\/\/www.yealink.com\/website-service\/attachment\/editor\/upload\/image\/20220411\/1649672338733002757.png\" alt=\"T46U\" width=\"625\" height=\"124\" border=\"0\" vspace=\"0\" data-src=\"https:\/\/www.yealink.com\/website-service\/attachment\/editor\/upload\/image\/20220411\/1649672338733002757.png\" \/><\/p>\n<div class=\"title c-f40\">\n<h2>Aumente La Productividad Con Nuevos Y Potentes Conjuntos De chips<\/h2>\n<\/div>\n<p><img decoding=\"async\" class=\"lazy-load-active\" title=\"\" src=\"https:\/\/www.yealink.com\/website-service\/attachment\/editor\/upload\/image\/20220411\/1649669195463021813.png\" alt=\"20210616764364.png\" data-src=\"https:\/\/www.yealink.com\/website-service\/attachment\/editor\/upload\/image\/20220411\/1649669195463021813.png\" \/><\/p>\n<div class=\"title c-f40\">\n<h2>Suene Y Escuche Con Notable Claridad<\/h2>\n<\/div>\n<p>La tecnolog\u00eda Yealink Optima HD Voice combina hardware y software de \u00faltima generaci\u00f3n con tecnolog\u00eda de banda ancha para un m\u00e1ximo rendimiento ac\u00fastico.<\/p>\n<p><img decoding=\"async\" class=\"aligncenter lazy-load-active\" src=\"https:\/\/www.yealink.com\/website-service\/attachment\/editor\/upload\/image\/20231024\/1698110950739067511.png\" alt=\"1.png\" data-src=\"https:\/\/www.yealink.com\/website-service\/attachment\/editor\/upload\/image\/20231024\/1698110950739067511.png\" \/><\/p>\n<div class=\"title c-f40\">\n<h2><strong>Implementaci\u00f3n Y Gesti\u00f3n Eficientes<\/strong><\/h2>\n<\/div>\n<p>La serie Yealink T4U admite una implementaci\u00f3n masiva sin esfuerzo y Zero Touch Provisioning con el servicio de redirecci\u00f3n y aprovisionamiento (RPS) y el mecanismo de arranque de Yealink, lo que hace que la administraci\u00f3n de dispositivos ahorre trabajo y sea eficiente para los administradores.<\/p>\n<div class=\"title c-f40\">\n<h2>Tel\u00e9fono SIP Yealink T46U | Funciones De Un Vistazo<\/h2>\n<\/div>\n<p><strong>Funciones De La Interfaz De Usuario<\/strong><br \/>\n\u2022 Pantalla a color de 4,3&#8243; con retroiluminaci\u00f3n<\/p>\n<p><strong>Funciones De Audio<\/strong><br \/>\n\u2022\u00a0Voz Optima HD con Acoustic Shield y filtrado inteligente de ruido<\/p>\n<p><strong>Caracteristicas Basicas<\/strong><br \/>\n\u2022 Hasta 16 cuentas SIP<\/p>\n<p>\u2022 Soporte PoE<\/p>\n<p>\u2022 Soporte con dos \u00e1ngulos ajustables, montable en pared<\/p>\n<p><strong>Caracter\u00edsticas Avanzadas<\/strong><br \/>\n\u2022 Wi-Fi a trav\u00e9s de WF40\/WF50, Bluetooth a trav\u00e9s de BT41<\/p>\n<p>\u2022 Admite m\u00f3dulos de expansi\u00f3n<\/p>\n<p>\u2022 Admite grabaci\u00f3n USB<\/p>\n<p><strong>Conectividad<\/strong><br \/>\n\u2022 Dos puertos USB, dos puertos Gigabit Ethernet<\/p>\n<p>\u2022 Auriculares, compatibilidad con EHS<\/p>\n","protected":false},"excerpt":{"rendered":"<p>\u2013 Yealink Tecnolog\u00eda de voz Optima HD<br \/>\n\u2013 Hasta 16 cuentas SIP<br \/>\n\u2013 Soporte PoE<br \/>\n\u2013 Soporte con dos \u00e1ngulos ajustables, montable en pared<br \/>\n\u2013 Wi-Fi a trav\u00e9s de WF40\/WF50, Bluetooth a trav\u00e9s de BT41<br \/>\n\u2013 Admite m\u00f3dulos de expansi\u00f3n<br \/>\n\u2013 Admite grabaci\u00f3n USB<br \/>\n\u2013 Dos puertos USB, dos puertos Gigabit Ethernet<br \/>\n\u2013 Auriculares, compatibilidad con EHS<br \/>\n\u2013 Soporte de c\u00f3dec Opus, puertos USB duales, Gigabit Ethernet de doble puerto e im\u00e1genes de firmware dual<br \/>\n\u2013 El teclado completo y el soporte de b\u00fasqueda inteligente simplifica la entrada del usuario<\/p>\n","protected":false},"featured_media":20961,"comment_status":"open","ping_status":"closed","template":"","meta":{"jetpack_publicize_message":"","jetpack_publicize_feature_enabled":true,"jetpack_social_post_already_shared":true,"jetpack_social_options":{"image_generator_settings":{"template":"highway","default_image_id":0,"font":"","enabled":false},"version":2}},"pwb-brand":[327],"product_brand":[],"product_cat":[329],"product_tag":[],"class_list":{"0":"post-20965","1":"product","2":"type-product","3":"status-publish","4":"has-post-thumbnail","6":"pwb-brand-yealink","7":"product_cat-telefonos-ip","9":"first","10":"instock","11":"taxable","12":"shipping-taxable","13":"purchasable","14":"product-type-simple"},"yoast_head":"<!-- This site is optimized with the Yoast SEO Premium plugin v25.7.1 (Yoast SEO v26.8) - https:\/\/yoast.com\/product\/yoast-seo-premium-wordpress\/ -->\n<title>Tel\u00e9fono IP de Escritorio 16 Cuentas SIP-T46U-T Yealink - Mivoot<\/title>\n<meta name=\"robots\" content=\"index, follow, max-snippet:-1, max-image-preview:large, max-video-preview:-1\" \/>\n<link rel=\"canonical\" href=\"https:\/\/mivoot.com\/gt\/producto\/telefono-ip-de-escritorio-16-cuentas-sip-t46u-t-yealink\/\" \/>\n<meta property=\"og:locale\" content=\"es_ES\" \/>\n<meta property=\"og:type\" content=\"article\" \/>\n<meta property=\"og:title\" content=\"Tel\u00e9fono IP de Escritorio 16 Cuentas SIP-T46U-T Yealink\" \/>\n<meta property=\"og:description\" content=\"\u2013 Yealink Tecnolog\u00eda de voz Optima HD \u2013 Hasta 16 cuentas SIP \u2013 Soporte PoE \u2013 Soporte con dos \u00e1ngulos ajustables, montable en pared \u2013 Wi-Fi a trav\u00e9s de WF40\/WF50, Bluetooth a trav\u00e9s de BT41 \u2013 Admite m\u00f3dulos de expansi\u00f3n \u2013 Admite grabaci\u00f3n USB \u2013 Dos puertos USB, dos puertos Gigabit Ethernet \u2013 Auriculares, compatibilidad con EHS \u2013 Soporte de c\u00f3dec Opus, puertos USB duales, Gigabit Ethernet de doble puerto e im\u00e1genes de firmware dual \u2013 El teclado completo y el soporte de b\u00fasqueda inteligente simplifica la entrada del usuario\" \/>\n<meta property=\"og:url\" content=\"https:\/\/mivoot.com\/gt\/producto\/telefono-ip-de-escritorio-16-cuentas-sip-t46u-t-yealink\/\" \/>\n<meta property=\"og:site_name\" content=\"Mivoot\" \/>\n<meta property=\"article:publisher\" content=\"https:\/\/www.facebook.com\/mivootgt\" \/>\n<meta property=\"article:modified_time\" content=\"2024-08-03T05:01:12+00:00\" \/>\n<meta property=\"og:image\" content=\"https:\/\/mivoot.com\/gt\/wp-content\/uploads\/2024\/08\/SIP-T46U-02.webp\" \/>\n\t<meta property=\"og:image:width\" content=\"1000\" \/>\n\t<meta property=\"og:image:height\" content=\"1000\" \/>\n\t<meta property=\"og:image:type\" content=\"image\/webp\" \/>\n<meta name=\"twitter:card\" content=\"summary_large_image\" \/>\n<meta name=\"twitter:label1\" content=\"Est. reading time\" \/>\n\t<meta name=\"twitter:data1\" content=\"2 minutos\" \/>\n<script type=\"application\/ld+json\" class=\"yoast-schema-graph\">{\"@context\":\"https:\/\/schema.org\",\"@graph\":[{\"@type\":\"WebPage\",\"@id\":\"https:\/\/mivoot.com\/gt\/producto\/telefono-ip-de-escritorio-16-cuentas-sip-t46u-t-yealink\/\",\"url\":\"https:\/\/mivoot.com\/gt\/producto\/telefono-ip-de-escritorio-16-cuentas-sip-t46u-t-yealink\/\",\"name\":\"Tel\u00e9fono IP de Escritorio 16 Cuentas SIP-T46U-T Yealink - Mivoot\",\"isPartOf\":{\"@id\":\"https:\/\/mivoot.com\/gt\/#website\"},\"primaryImageOfPage\":{\"@id\":\"https:\/\/mivoot.com\/gt\/producto\/telefono-ip-de-escritorio-16-cuentas-sip-t46u-t-yealink\/#primaryimage\"},\"image\":{\"@id\":\"https:\/\/mivoot.com\/gt\/producto\/telefono-ip-de-escritorio-16-cuentas-sip-t46u-t-yealink\/#primaryimage\"},\"thumbnailUrl\":\"https:\/\/mivoot.com\/gt\/wp-content\/uploads\/2024\/08\/SIP-T46U-02.webp\",\"datePublished\":\"2024-08-03T05:01:11+00:00\",\"dateModified\":\"2024-08-03T05:01:12+00:00\",\"breadcrumb\":{\"@id\":\"https:\/\/mivoot.com\/gt\/producto\/telefono-ip-de-escritorio-16-cuentas-sip-t46u-t-yealink\/#breadcrumb\"},\"inLanguage\":\"es\",\"potentialAction\":[{\"@type\":\"ReadAction\",\"target\":[\"https:\/\/mivoot.com\/gt\/producto\/telefono-ip-de-escritorio-16-cuentas-sip-t46u-t-yealink\/\"]}]},{\"@type\":\"ImageObject\",\"inLanguage\":\"es\",\"@id\":\"https:\/\/mivoot.com\/gt\/producto\/telefono-ip-de-escritorio-16-cuentas-sip-t46u-t-yealink\/#primaryimage\",\"url\":\"https:\/\/mivoot.com\/gt\/wp-content\/uploads\/2024\/08\/SIP-T46U-02.webp\",\"contentUrl\":\"https:\/\/mivoot.com\/gt\/wp-content\/uploads\/2024\/08\/SIP-T46U-02.webp\",\"width\":1000,\"height\":1000},{\"@type\":\"BreadcrumbList\",\"@id\":\"https:\/\/mivoot.com\/gt\/producto\/telefono-ip-de-escritorio-16-cuentas-sip-t46u-t-yealink\/#breadcrumb\",\"itemListElement\":[{\"@type\":\"ListItem\",\"position\":1,\"name\":\"Inicio\",\"item\":\"https:\/\/mivoot.com\/gt\/\"},{\"@type\":\"ListItem\",\"position\":2,\"name\":\"Productos\",\"item\":\"https:\/\/mivoot.com\/gt\/producto\/\"},{\"@type\":\"ListItem\",\"position\":3,\"name\":\"YeaLink\",\"item\":\"https:\/\/mivoot.com\/gt\/marca\/yealink\/\"},{\"@type\":\"ListItem\",\"position\":4,\"name\":\"Tel\u00e9fono IP de Escritorio 16 Cuentas SIP-T46U-T Yealink\"}]},{\"@type\":\"WebSite\",\"@id\":\"https:\/\/mivoot.com\/gt\/#website\",\"url\":\"https:\/\/mivoot.com\/gt\/\",\"name\":\"Mivoot\",\"description\":\"Mivoot Guatemala | Tienda Online\",\"publisher\":{\"@id\":\"https:\/\/mivoot.com\/gt\/#organization\"},\"alternateName\":\"mivoot\",\"potentialAction\":[{\"@type\":\"SearchAction\",\"target\":{\"@type\":\"EntryPoint\",\"urlTemplate\":\"https:\/\/mivoot.com\/gt\/?s={search_term_string}\"},\"query-input\":{\"@type\":\"PropertyValueSpecification\",\"valueRequired\":true,\"valueName\":\"search_term_string\"}}],\"inLanguage\":\"es\"},{\"@type\":\"Organization\",\"@id\":\"https:\/\/mivoot.com\/gt\/#organization\",\"name\":\"Mivoot Guatemala\",\"alternateName\":\"mivoot.com\",\"url\":\"https:\/\/mivoot.com\/gt\/\",\"logo\":{\"@type\":\"ImageObject\",\"inLanguage\":\"es\",\"@id\":\"https:\/\/mivoot.com\/gt\/#\/schema\/logo\/image\/\",\"url\":\"https:\/\/mivoot.com\/gt\/wp-content\/uploads\/2023\/03\/cropped-icon.png\",\"contentUrl\":\"https:\/\/mivoot.com\/gt\/wp-content\/uploads\/2023\/03\/cropped-icon.png\",\"width\":512,\"height\":512,\"caption\":\"Mivoot Guatemala\"},\"image\":{\"@id\":\"https:\/\/mivoot.com\/gt\/#\/schema\/logo\/image\/\"},\"sameAs\":[\"https:\/\/www.facebook.com\/mivootgt\",\"https:\/\/instagram.com\/mivoot\"]}]}<\/script>\n<!-- \/ Yoast SEO Premium plugin. -->","yoast_head_json":{"title":"Tel\u00e9fono IP de Escritorio 16 Cuentas SIP-T46U-T Yealink - Mivoot","robots":{"index":"index","follow":"follow","max-snippet":"max-snippet:-1","max-image-preview":"max-image-preview:large","max-video-preview":"max-video-preview:-1"},"canonical":"https:\/\/mivoot.com\/gt\/producto\/telefono-ip-de-escritorio-16-cuentas-sip-t46u-t-yealink\/","og_locale":"es_ES","og_type":"article","og_title":"Tel\u00e9fono IP de Escritorio 16 Cuentas SIP-T46U-T Yealink","og_description":"\u2013 Yealink Tecnolog\u00eda de voz Optima HD \u2013 Hasta 16 cuentas SIP \u2013 Soporte PoE \u2013 Soporte con dos \u00e1ngulos ajustables, montable en pared \u2013 Wi-Fi a trav\u00e9s de WF40\/WF50, Bluetooth a trav\u00e9s de BT41 \u2013 Admite m\u00f3dulos de expansi\u00f3n \u2013 Admite grabaci\u00f3n USB \u2013 Dos puertos USB, dos puertos Gigabit Ethernet \u2013 Auriculares, compatibilidad con EHS \u2013 Soporte de c\u00f3dec Opus, puertos USB duales, Gigabit Ethernet de doble puerto e im\u00e1genes de firmware dual \u2013 El teclado completo y el soporte de b\u00fasqueda inteligente simplifica la entrada del usuario","og_url":"https:\/\/mivoot.com\/gt\/producto\/telefono-ip-de-escritorio-16-cuentas-sip-t46u-t-yealink\/","og_site_name":"Mivoot","article_publisher":"https:\/\/www.facebook.com\/mivootgt","article_modified_time":"2024-08-03T05:01:12+00:00","og_image":[{"width":1000,"height":1000,"url":"https:\/\/mivoot.com\/gt\/wp-content\/uploads\/2024\/08\/SIP-T46U-02.webp","type":"image\/webp"}],"twitter_card":"summary_large_image","twitter_misc":{"Est. reading time":"2 minutos"},"schema":{"@context":"https:\/\/schema.org","@graph":[{"@type":"WebPage","@id":"https:\/\/mivoot.com\/gt\/producto\/telefono-ip-de-escritorio-16-cuentas-sip-t46u-t-yealink\/","url":"https:\/\/mivoot.com\/gt\/producto\/telefono-ip-de-escritorio-16-cuentas-sip-t46u-t-yealink\/","name":"Tel\u00e9fono IP de Escritorio 16 Cuentas SIP-T46U-T Yealink - Mivoot","isPartOf":{"@id":"https:\/\/mivoot.com\/gt\/#website"},"primaryImageOfPage":{"@id":"https:\/\/mivoot.com\/gt\/producto\/telefono-ip-de-escritorio-16-cuentas-sip-t46u-t-yealink\/#primaryimage"},"image":{"@id":"https:\/\/mivoot.com\/gt\/producto\/telefono-ip-de-escritorio-16-cuentas-sip-t46u-t-yealink\/#primaryimage"},"thumbnailUrl":"https:\/\/mivoot.com\/gt\/wp-content\/uploads\/2024\/08\/SIP-T46U-02.webp","datePublished":"2024-08-03T05:01:11+00:00","dateModified":"2024-08-03T05:01:12+00:00","breadcrumb":{"@id":"https:\/\/mivoot.com\/gt\/producto\/telefono-ip-de-escritorio-16-cuentas-sip-t46u-t-yealink\/#breadcrumb"},"inLanguage":"es","potentialAction":[{"@type":"ReadAction","target":["https:\/\/mivoot.com\/gt\/producto\/telefono-ip-de-escritorio-16-cuentas-sip-t46u-t-yealink\/"]}]},{"@type":"ImageObject","inLanguage":"es","@id":"https:\/\/mivoot.com\/gt\/producto\/telefono-ip-de-escritorio-16-cuentas-sip-t46u-t-yealink\/#primaryimage","url":"https:\/\/mivoot.com\/gt\/wp-content\/uploads\/2024\/08\/SIP-T46U-02.webp","contentUrl":"https:\/\/mivoot.com\/gt\/wp-content\/uploads\/2024\/08\/SIP-T46U-02.webp","width":1000,"height":1000},{"@type":"BreadcrumbList","@id":"https:\/\/mivoot.com\/gt\/producto\/telefono-ip-de-escritorio-16-cuentas-sip-t46u-t-yealink\/#breadcrumb","itemListElement":[{"@type":"ListItem","position":1,"name":"Inicio","item":"https:\/\/mivoot.com\/gt\/"},{"@type":"ListItem","position":2,"name":"Productos","item":"https:\/\/mivoot.com\/gt\/producto\/"},{"@type":"ListItem","position":3,"name":"YeaLink","item":"https:\/\/mivoot.com\/gt\/marca\/yealink\/"},{"@type":"ListItem","position":4,"name":"Tel\u00e9fono IP de Escritorio 16 Cuentas SIP-T46U-T Yealink"}]},{"@type":"WebSite","@id":"https:\/\/mivoot.com\/gt\/#website","url":"https:\/\/mivoot.com\/gt\/","name":"Mivoot","description":"Mivoot Guatemala | Tienda Online","publisher":{"@id":"https:\/\/mivoot.com\/gt\/#organization"},"alternateName":"mivoot","potentialAction":[{"@type":"SearchAction","target":{"@type":"EntryPoint","urlTemplate":"https:\/\/mivoot.com\/gt\/?s={search_term_string}"},"query-input":{"@type":"PropertyValueSpecification","valueRequired":true,"valueName":"search_term_string"}}],"inLanguage":"es"},{"@type":"Organization","@id":"https:\/\/mivoot.com\/gt\/#organization","name":"Mivoot Guatemala","alternateName":"mivoot.com","url":"https:\/\/mivoot.com\/gt\/","logo":{"@type":"ImageObject","inLanguage":"es","@id":"https:\/\/mivoot.com\/gt\/#\/schema\/logo\/image\/","url":"https:\/\/mivoot.com\/gt\/wp-content\/uploads\/2023\/03\/cropped-icon.png","contentUrl":"https:\/\/mivoot.com\/gt\/wp-content\/uploads\/2023\/03\/cropped-icon.png","width":512,"height":512,"caption":"Mivoot Guatemala"},"image":{"@id":"https:\/\/mivoot.com\/gt\/#\/schema\/logo\/image\/"},"sameAs":["https:\/\/www.facebook.com\/mivootgt","https:\/\/instagram.com\/mivoot"]}]}},"jetpack_publicize_connections":[],"jetpack_sharing_enabled":true,"brands":[{"id":327,"name":"YeaLink","slug":"yealink"}],"_links":{"self":[{"href":"https:\/\/mivoot.com\/gt\/wp-json\/wp\/v2\/product\/20965","targetHints":{"allow":["GET"]}}],"collection":[{"href":"https:\/\/mivoot.com\/gt\/wp-json\/wp\/v2\/product"}],"about":[{"href":"https:\/\/mivoot.com\/gt\/wp-json\/wp\/v2\/types\/product"}],"replies":[{"embeddable":true,"href":"https:\/\/mivoot.com\/gt\/wp-json\/wp\/v2\/comments?post=20965"}],"version-history":[{"count":1,"href":"https:\/\/mivoot.com\/gt\/wp-json\/wp\/v2\/product\/20965\/revisions"}],"predecessor-version":[{"id":20967,"href":"https:\/\/mivoot.com\/gt\/wp-json\/wp\/v2\/product\/20965\/revisions\/20967"}],"wp:featuredmedia":[{"embeddable":true,"href":"https:\/\/mivoot.com\/gt\/wp-json\/wp\/v2\/media\/20961"}],"wp:attachment":[{"href":"https:\/\/mivoot.com\/gt\/wp-json\/wp\/v2\/media?parent=20965"}],"wp:term":[{"taxonomy":"pwb-brand","embeddable":true,"href":"https:\/\/mivoot.com\/gt\/wp-json\/wp\/v2\/pwb-brand?post=20965"},{"taxonomy":"product_brand","embeddable":true,"href":"https:\/\/mivoot.com\/gt\/wp-json\/wp\/v2\/product_brand?post=20965"},{"taxonomy":"product_cat","embeddable":true,"href":"https:\/\/mivoot.com\/gt\/wp-json\/wp\/v2\/product_cat?post=20965"},{"taxonomy":"product_tag","embeddable":true,"href":"https:\/\/mivoot.com\/gt\/wp-json\/wp\/v2\/product_tag?post=20965"}],"curies":[{"name":"wp","href":"https:\/\/api.w.org\/{rel}","templated":true}]}}