{"id":20992,"date":"2024-08-02T23:50:30","date_gmt":"2024-08-03T05:50:30","guid":{"rendered":"https:\/\/mivoot.com\/gt\/?post_type=product&#038;p=20992"},"modified":"2024-10-16T17:25:21","modified_gmt":"2024-10-16T23:25:21","slug":"camara-wi-fi-ip-nexxt","status":"publish","type":"product","link":"https:\/\/mivoot.com\/gt\/producto\/camara-wi-fi-ip-nexxt\/","title":{"rendered":"C\u00e1mara Wi-Fi IP Nexxt"},"content":{"rendered":"<h2 class=\"h3 mb-4\"><span class=\"mr-2\">C\u00e1mara inteligente Wi-Fi<sup>\u00ae<\/sup><\/span><\/h2>\n<p class=\"mb-1\">C\u00e1mara inteligente motorizada Wi-Fi<sup>\u00ae<\/sup>\u00a0para interior<\/p>\n<ul>\n<li>Resoluci\u00f3n de 2K (3MP) para una excelente calidad de imagen.<\/li>\n<li>La detecci\u00f3n del cuerpo humano minimiza las alertas falsas.<\/li>\n<li>No requiere concentrador.<\/li>\n<li>Admite almacenamiento local adicional a trav\u00e9s de una tarjeta microSD\u2122 de hasta 128 GB*<\/li>\n<li>Zoom y rotaci\u00f3n horizontal y vertical se activan y controlan desde la aplicaci\u00f3n Nexxt Home.<\/li>\n<li>Admite transmisi\u00f3n bidireccional de audio entre el tel\u00e9fono y la c\u00e1mara.<\/li>\n<li>Acceso r\u00e1pido y seguro a la nube. Cuando lo desees accede a los eventos registrados en tu galer\u00eda y no vuelvas a perderte ning\u00fan momento importante.<\/li>\n<li>Se proporciona una aplicaci\u00f3n gratuita que admite visualizaci\u00f3n remota en iOS o Android\u2122.<\/li>\n<li>LED infrarrojo para visi\u00f3n nocturna con un alcance efectivo de hasta 10 metros, combinado con tecnolog\u00edas avanzadas de detecci\u00f3n de movimiento y sonido.<\/li>\n<li>Cuenta con un puerto RJ45<\/li>\n<\/ul>\n<p>* No incluye tel\u00e9fono inteligente ni tarjeta microSD\u2122<\/p>\n<h3>Contenido del paquete<\/h3>\n<p>\u2022 C\u00e1mara inteligente<br \/>\n\u2022 Cable USB<br \/>\n\u2022 Adaptador de corriente<br \/>\n\u2022 Tornillo de pared (x2)<br \/>\n\u2022 Anclaje de pared (x2)<br \/>\n\u2022 Soporte para montaje en pared<br \/>\n\u2022 Gu\u00eda de inicio r\u00e1pido<\/p>\n<p><img decoding=\"async\" src=\"http:\/\/nexxt-connectivity-frontend.s3.amazonaws.com\/media\/img\/NHC-IP10_Infografia_DK.jpg\" \/><\/p>\n<div class=\"celwidget aplus-module module-4 aplus-standard\" data-cel-widget=\"aplus-module-4\" data-csa-c-id=\"ta57mt-41vpri-11rj94-1hper3\">\n<div class=\"aplus-module-wrapper apm-fixed-width\">\n<div class=\"apm-spacing\">\n<div class=\"apm-floatleft apm-fixed-width\">\n<div class=\"apm-spacing\">\n<table class=\"apm-fixed-width apm-fourthcol-table\">\n<tbody>\n<tr>\n<th class=\"apm-center\">\n<div class=\"apm-fourthcol\">\n<p><img decoding=\"async\" class=\"\" src=\"https:\/\/m.media-amazon.com\/images\/S\/aplus-media\/sc\/cbe2d56c-8e1f-42b5-bea7-0ade699066d2.__CR0,0,220,220_PT0_SX220_V1___.jpg\" alt=\"C\u00e1mara inteligente casera\" data-src=\"https:\/\/m.media-amazon.com\/images\/S\/aplus-media\/sc\/cbe2d56c-8e1f-42b5-bea7-0ade699066d2.__CR0,0,220,220_PT0_SX220_V1___.jpg\" \/><\/p>\n<\/div>\n<\/th>\n<th class=\"apm-center\">\n<div class=\"apm-fourthcol\">\n<p><img decoding=\"async\" class=\"\" src=\"https:\/\/m.media-amazon.com\/images\/S\/aplus-media\/sc\/c1c9e87b-0a77-4f3e-bf18-873179882eb7.__CR0,0,800,800_PT0_SX220_V1___.jpg\" alt=\"streaming video 360\" data-src=\"https:\/\/m.media-amazon.com\/images\/S\/aplus-media\/sc\/c1c9e87b-0a77-4f3e-bf18-873179882eb7.__CR0,0,800,800_PT0_SX220_V1___.jpg\" \/><\/p>\n<\/div>\n<\/th>\n<th class=\"apm-center\">\n<div class=\"apm-fourthcol\">\n<p><img decoding=\"async\" class=\"\" src=\"https:\/\/m.media-amazon.com\/images\/S\/aplus-media\/sc\/58a7e8df-300a-4be5-867d-5869106a8a5c.__CR0,0,300,300_PT0_SX220_V1___.jpg\" alt=\"aplicaci\u00f3n casera de control de c\u00e1mara\" data-src=\"https:\/\/m.media-amazon.com\/images\/S\/aplus-media\/sc\/58a7e8df-300a-4be5-867d-5869106a8a5c.__CR0,0,300,300_PT0_SX220_V1___.jpg\" \/><\/p>\n<\/div>\n<\/th>\n<th class=\"apm-center\">\n<div class=\"apm-fourthcol\">\n<p><img decoding=\"async\" class=\"\" src=\"https:\/\/m.media-amazon.com\/images\/S\/aplus-media\/sc\/f294029e-38a1-4bdf-91f5-3c19bf2d7912.__CR0,0,800,800_PT0_SX220_V1___.jpg\" alt=\"F\u00e1cil de conectar\" data-src=\"https:\/\/m.media-amazon.com\/images\/S\/aplus-media\/sc\/f294029e-38a1-4bdf-91f5-3c19bf2d7912.__CR0,0,800,800_PT0_SX220_V1___.jpg\" \/><\/p>\n<\/div>\n<\/th>\n<\/tr>\n<tr>\n<td class=\"apm-top\">\n<div class=\"apm-fourthcol\">\n<h4 class=\"a-spacing-mini\">Tu CASA en una APP<\/h4>\n<p class=\"a-size-small\">Una aplicaci\u00f3n para controlar varios dispositivos.<\/p>\n<p class=\"a-size-small\">Mantenga siempre a mano las funciones m\u00e1s importantes y vea el estado de cada dispositivo conectado dentro de su hogar.<\/p>\n<\/div>\n<\/td>\n<td class=\"apm-top\">\n<div class=\"apm-fourthcol\">\n<h4 class=\"a-spacing-mini\">Vista panor\u00e1mica de 360\u00ba<\/h4>\n<p class=\"a-size-small\">Reduce los puntos ciegos al capturar im\u00e1genes en todas las direcciones de su c\u00e1mara IP NEXXT<\/p>\n<\/div>\n<\/td>\n<td class=\"apm-top\">\n<div class=\"apm-fourthcol\">\n<h4 class=\"a-spacing-mini\">Interact\u00faa con tu hogar, desde cualquier lugar<\/h4>\n<p class=\"a-size-small\">La aplicaci\u00f3n Home de Nexxt Solutions alojada en la nube de Microsoft Azure permite que una interfaz de smartphone o tableta controle todos los dispositivos compatibles donde haya una conexi\u00f3n Wi-Fi.<\/p>\n<p class=\"a-size-small\">Eso significa que los usuarios pueden establecer horarios o controlar sus electrodom\u00e9sticos desde la comodidad del sof\u00e1 de la sala de estar o desde cualquier otro lugar a miles de kil\u00f3metros de distancia.<\/p>\n<\/div>\n<\/td>\n<td class=\"apm-top\">\n<div class=\"apm-fourthcol\">\n<h4 class=\"a-spacing-mini\">Acceso compartido<\/h4>\n<p class=\"a-size-small\">Lo que hace que la tecnolog\u00eda inteligente sea tan atractiva es que la aplicaci\u00f3n es f\u00e1cil de instalar<\/p>\n<p class=\"a-size-small\">No se requiere ning\u00fan hub para operar, y se puede compartir f\u00e1cilmente con familiares y amigos.<\/p>\n<p class=\"a-size-small\">Cualquier miembro del hogar puede utilizar su propio dispositivo iOS o Android para controlar las luces siempre y cuando configure su propia cuenta de Nexxt Solutions.<\/p>\n<\/div>\n<\/td>\n<\/tr>\n<\/tbody>\n<\/table>\n<\/div>\n<\/div>\n<\/div>\n<\/div>\n<div><\/div>\n<\/div>\n<div class=\"celwidget aplus-module module-6 aplus-standard\" data-cel-widget=\"aplus-module-6\" data-csa-c-id=\"rr2jb0-chqqg7-tnf8vt-ojrqv6\">\n<div class=\"aplus-module-wrapper apm-fixed-width\">\n<div id=\"aplus-module-6-3\" class=\"aplus-module-content\">\n<div class=\"apm-hovermodule\">\n<div>\n<div class=\"apm-hovermodule-slides\">\n<div class=\"apm-hovermodule-image\"><span style=\"font-size: 20.16px;\">La instalaci\u00f3n es un complemento<\/span><\/div>\n<div class=\"apm-hovermodule-slides-inner\">\n<p class=\"a-spacing-base\">Simplemente conecte la c\u00e1mara inteligente a cualquier toma de pared est\u00e1ndar y con\u00e9ctela a su red inal\u00e1mbrica existente, sin necesidad de concentrador.<\/p>\n<\/div>\n<\/div>\n<\/div>\n<div class=\"apm-hovermodule-slidecontrol\">\n<div class=\"apm-hovermodule-smallimage celwidget apm-hovermodule-opacitymodon\" data-cel-widget=\"aplus-module-6-hover-1\" data-csa-c-id=\"8ljfx6-l8yfbp-opf1ug-ex86yq\">\n<div class=\"a-section a-spacing-mini apm-hovermodule-smallimage-bg\"><img decoding=\"async\" class=\"\" src=\"https:\/\/m.media-amazon.com\/images\/S\/aplus-media\/sc\/b82b4ab5-e726-42e3-a95f-aaa6c02445d7.__CR0,0,800,800_PT0_SX300_V1___.jpg\" alt=\"monitoreo inteligente\" data-src=\"https:\/\/m.media-amazon.com\/images\/S\/aplus-media\/sc\/b82b4ab5-e726-42e3-a95f-aaa6c02445d7.__CR0,0,800,800_PT0_SX300_V1___.jpg\" \/><img decoding=\"async\" class=\"\" style=\"color: #333333; font-size: 14.4px;\" src=\"https:\/\/m.media-amazon.com\/images\/S\/aplus-media\/sc\/e31293f6-6bdc-4c46-a383-04221f65a0f1.__CR0,0,300,300_PT0_SX300_V1___.jpg\" alt=\"control del tel\u00e9fono de la aplicaci\u00f3n\" data-src=\"https:\/\/m.media-amazon.com\/images\/S\/aplus-media\/sc\/e31293f6-6bdc-4c46-a383-04221f65a0f1.__CR0,0,300,300_PT0_SX300_V1___.jpg\" \/><img decoding=\"async\" class=\"\" style=\"font-size: 14.4px;\" src=\"https:\/\/m.media-amazon.com\/images\/S\/aplus-media\/sc\/90c45624-8917-4e26-b82e-3b4cf05a9761.__CR0,0,800,800_PT0_SX300_V1___.jpg\" alt=\"c\u00e1mara indooor\" data-src=\"https:\/\/m.media-amazon.com\/images\/S\/aplus-media\/sc\/90c45624-8917-4e26-b82e-3b4cf05a9761.__CR0,0,800,800_PT0_SX300_V1___.jpg\" \/><img decoding=\"async\" class=\"\" style=\"font-size: 14.4px;\" src=\"https:\/\/m.media-amazon.com\/images\/S\/aplus-media\/sc\/ac0385da-d4ee-4a74-853d-e2baf4198194.__CR0,0,800,800_PT0_SX300_V1___.png\" alt=\"RJ45 enchufe en la c\u00e1mara\" data-src=\"https:\/\/m.media-amazon.com\/images\/S\/aplus-media\/sc\/ac0385da-d4ee-4a74-853d-e2baf4198194.__CR0,0,800,800_PT0_SX300_V1___.png\" \/><\/div>\n<\/div>\n<div class=\"apm-hovermodule-smallimage celwidget apm-hovermodule-opacitymodon\" data-cel-widget=\"aplus-module-6-hover-4\" data-csa-c-id=\"ly0ufo-j34wiy-mr9xu0-wlcdza\">\n<p>&nbsp;<\/p>\n<\/div>\n<\/div>\n<\/div>\n<\/div>\n<\/div>\n<div><\/div>\n<\/div>\n<div class=\"celwidget aplus-module module-11 aplus-standard\" data-cel-widget=\"aplus-module-11\" data-csa-c-id=\"re3er8-p56lcq-cuy0bw-2yjlrw\">\n<div class=\"aplus-module-wrapper apm-spacing apm-floatnone apm-fixed-width\">\n<div class=\"apm-sidemodule aplus-module-content\">\n<div class=\"apm-hero-image\"><img decoding=\"async\" class=\"aligncenter\" src=\"https:\/\/m.media-amazon.com\/images\/S\/aplus-media\/sc\/8edd2527-f4a0-4052-9cdb-d4c01363ab19.__CR0,0,970,300_PT0_SX970_V1___.jpg\" alt=\"leva\" data-src=\"https:\/\/m.media-amazon.com\/images\/S\/aplus-media\/sc\/8edd2527-f4a0-4052-9cdb-d4c01363ab19.__CR0,0,970,300_PT0_SX970_V1___.jpg\" \/><\/div>\n<div class=\"apm-heromodule-textright apm-hero-text\">\n<p style=\"text-align: center;\">Ver y escuchar lo que est\u00e1 sucediendo, incluso cuando las luces est\u00e1n apagadas<\/p>\n<\/div>\n<\/div>\n<\/div>\n<\/div>\n","protected":false},"excerpt":{"rendered":"<p>Resoluci\u00f3n 2K QHD (2304 x 1296p) 3MP<br \/>\nHDR<br \/>\nSensor de imagen CMOS de 1\/2.8-in<br \/>\n\u00c1ngulo de visi\u00f3n 110\u00b0<br \/>\nAlcance de la detecci\u00f3n de movimiento Hasta 10 m<br \/>\nRanura para microSD\u2122 Hasta 128GB*<\/p>\n","protected":false},"featured_media":20998,"comment_status":"open","ping_status":"closed","template":"","meta":{"jetpack_publicize_message":"","jetpack_publicize_feature_enabled":true,"jetpack_social_post_already_shared":true,"jetpack_social_options":{"image_generator_settings":{"template":"highway","default_image_id":0,"font":"","enabled":false},"version":2}},"pwb-brand":[72],"product_brand":[],"product_cat":[401],"product_tag":[],"class_list":{"0":"post-20992","1":"product","2":"type-product","3":"status-publish","4":"has-post-thumbnail","6":"pwb-brand-nexxt","7":"product_cat-camaras-wi-fi-inalambricas","9":"first","10":"instock","11":"taxable","12":"shipping-taxable","13":"purchasable","14":"product-type-simple"},"yoast_head":"<!-- This site is optimized with the Yoast SEO Premium plugin v25.7.1 (Yoast SEO v26.8) - https:\/\/yoast.com\/product\/yoast-seo-premium-wordpress\/ -->\n<title>C\u00e1mara Wi-Fi IP Nexxt - Mivoot<\/title>\n<meta name=\"robots\" content=\"index, follow, max-snippet:-1, max-image-preview:large, max-video-preview:-1\" \/>\n<link rel=\"canonical\" href=\"https:\/\/mivoot.com\/gt\/producto\/camara-wi-fi-ip-nexxt\/\" \/>\n<meta property=\"og:locale\" content=\"es_ES\" \/>\n<meta property=\"og:type\" content=\"article\" \/>\n<meta property=\"og:title\" content=\"C\u00e1mara Wi-Fi IP Nexxt\" \/>\n<meta property=\"og:description\" content=\"Resoluci\u00f3n 2K QHD (2304 x 1296p) 3MP HDR Sensor de imagen CMOS de 1\/2.8-in \u00c1ngulo de visi\u00f3n 110\u00b0 Alcance de la detecci\u00f3n de movimiento Hasta 10 m Ranura para microSD\u2122 Hasta 128GB*\" \/>\n<meta property=\"og:url\" content=\"https:\/\/mivoot.com\/gt\/producto\/camara-wi-fi-ip-nexxt\/\" \/>\n<meta property=\"og:site_name\" content=\"Mivoot\" \/>\n<meta property=\"article:publisher\" content=\"https:\/\/www.facebook.com\/mivootgt\" \/>\n<meta property=\"article:modified_time\" content=\"2024-10-16T23:25:21+00:00\" \/>\n<meta property=\"og:image\" content=\"https:\/\/mivoot.com\/gt\/wp-content\/uploads\/2024\/08\/NHC-IP10-00.jpg\" \/>\n\t<meta property=\"og:image:width\" content=\"1000\" \/>\n\t<meta property=\"og:image:height\" content=\"1000\" \/>\n\t<meta property=\"og:image:type\" content=\"image\/jpeg\" \/>\n<meta name=\"twitter:card\" content=\"summary_large_image\" \/>\n<meta name=\"twitter:label1\" content=\"Est. reading time\" \/>\n\t<meta name=\"twitter:data1\" content=\"4 minutos\" \/>\n<script type=\"application\/ld+json\" class=\"yoast-schema-graph\">{\"@context\":\"https:\/\/schema.org\",\"@graph\":[{\"@type\":\"WebPage\",\"@id\":\"https:\/\/mivoot.com\/gt\/producto\/camara-wi-fi-ip-nexxt\/\",\"url\":\"https:\/\/mivoot.com\/gt\/producto\/camara-wi-fi-ip-nexxt\/\",\"name\":\"C\u00e1mara Wi-Fi IP Nexxt - Mivoot\",\"isPartOf\":{\"@id\":\"https:\/\/mivoot.com\/gt\/#website\"},\"primaryImageOfPage\":{\"@id\":\"https:\/\/mivoot.com\/gt\/producto\/camara-wi-fi-ip-nexxt\/#primaryimage\"},\"image\":{\"@id\":\"https:\/\/mivoot.com\/gt\/producto\/camara-wi-fi-ip-nexxt\/#primaryimage\"},\"thumbnailUrl\":\"https:\/\/mivoot.com\/gt\/wp-content\/uploads\/2024\/08\/NHC-IP10-00.jpg\",\"datePublished\":\"2024-08-03T05:50:30+00:00\",\"dateModified\":\"2024-10-16T23:25:21+00:00\",\"breadcrumb\":{\"@id\":\"https:\/\/mivoot.com\/gt\/producto\/camara-wi-fi-ip-nexxt\/#breadcrumb\"},\"inLanguage\":\"es\",\"potentialAction\":[{\"@type\":\"ReadAction\",\"target\":[\"https:\/\/mivoot.com\/gt\/producto\/camara-wi-fi-ip-nexxt\/\"]}]},{\"@type\":\"ImageObject\",\"inLanguage\":\"es\",\"@id\":\"https:\/\/mivoot.com\/gt\/producto\/camara-wi-fi-ip-nexxt\/#primaryimage\",\"url\":\"https:\/\/mivoot.com\/gt\/wp-content\/uploads\/2024\/08\/NHC-IP10-00.jpg\",\"contentUrl\":\"https:\/\/mivoot.com\/gt\/wp-content\/uploads\/2024\/08\/NHC-IP10-00.jpg\",\"width\":1000,\"height\":1000},{\"@type\":\"BreadcrumbList\",\"@id\":\"https:\/\/mivoot.com\/gt\/producto\/camara-wi-fi-ip-nexxt\/#breadcrumb\",\"itemListElement\":[{\"@type\":\"ListItem\",\"position\":1,\"name\":\"Inicio\",\"item\":\"https:\/\/mivoot.com\/gt\/\"},{\"@type\":\"ListItem\",\"position\":2,\"name\":\"Productos\",\"item\":\"https:\/\/mivoot.com\/gt\/producto\/\"},{\"@type\":\"ListItem\",\"position\":3,\"name\":\"Nexxt\",\"item\":\"https:\/\/mivoot.com\/gt\/marca\/nexxt\/\"},{\"@type\":\"ListItem\",\"position\":4,\"name\":\"C\u00e1mara Wi-Fi IP Nexxt\"}]},{\"@type\":\"WebSite\",\"@id\":\"https:\/\/mivoot.com\/gt\/#website\",\"url\":\"https:\/\/mivoot.com\/gt\/\",\"name\":\"Mivoot\",\"description\":\"Mivoot Guatemala | Tienda Online\",\"publisher\":{\"@id\":\"https:\/\/mivoot.com\/gt\/#organization\"},\"alternateName\":\"mivoot\",\"potentialAction\":[{\"@type\":\"SearchAction\",\"target\":{\"@type\":\"EntryPoint\",\"urlTemplate\":\"https:\/\/mivoot.com\/gt\/?s={search_term_string}\"},\"query-input\":{\"@type\":\"PropertyValueSpecification\",\"valueRequired\":true,\"valueName\":\"search_term_string\"}}],\"inLanguage\":\"es\"},{\"@type\":\"Organization\",\"@id\":\"https:\/\/mivoot.com\/gt\/#organization\",\"name\":\"Mivoot Guatemala\",\"alternateName\":\"mivoot.com\",\"url\":\"https:\/\/mivoot.com\/gt\/\",\"logo\":{\"@type\":\"ImageObject\",\"inLanguage\":\"es\",\"@id\":\"https:\/\/mivoot.com\/gt\/#\/schema\/logo\/image\/\",\"url\":\"https:\/\/mivoot.com\/gt\/wp-content\/uploads\/2023\/03\/cropped-icon.png\",\"contentUrl\":\"https:\/\/mivoot.com\/gt\/wp-content\/uploads\/2023\/03\/cropped-icon.png\",\"width\":512,\"height\":512,\"caption\":\"Mivoot Guatemala\"},\"image\":{\"@id\":\"https:\/\/mivoot.com\/gt\/#\/schema\/logo\/image\/\"},\"sameAs\":[\"https:\/\/www.facebook.com\/mivootgt\",\"https:\/\/instagram.com\/mivoot\"]}]}<\/script>\n<!-- \/ Yoast SEO Premium plugin. -->","yoast_head_json":{"title":"C\u00e1mara Wi-Fi IP Nexxt - Mivoot","robots":{"index":"index","follow":"follow","max-snippet":"max-snippet:-1","max-image-preview":"max-image-preview:large","max-video-preview":"max-video-preview:-1"},"canonical":"https:\/\/mivoot.com\/gt\/producto\/camara-wi-fi-ip-nexxt\/","og_locale":"es_ES","og_type":"article","og_title":"C\u00e1mara Wi-Fi IP Nexxt","og_description":"Resoluci\u00f3n 2K QHD (2304 x 1296p) 3MP HDR Sensor de imagen CMOS de 1\/2.8-in \u00c1ngulo de visi\u00f3n 110\u00b0 Alcance de la detecci\u00f3n de movimiento Hasta 10 m Ranura para microSD\u2122 Hasta 128GB*","og_url":"https:\/\/mivoot.com\/gt\/producto\/camara-wi-fi-ip-nexxt\/","og_site_name":"Mivoot","article_publisher":"https:\/\/www.facebook.com\/mivootgt","article_modified_time":"2024-10-16T23:25:21+00:00","og_image":[{"width":1000,"height":1000,"url":"https:\/\/mivoot.com\/gt\/wp-content\/uploads\/2024\/08\/NHC-IP10-00.jpg","type":"image\/jpeg"}],"twitter_card":"summary_large_image","twitter_misc":{"Est. reading time":"4 minutos"},"schema":{"@context":"https:\/\/schema.org","@graph":[{"@type":"WebPage","@id":"https:\/\/mivoot.com\/gt\/producto\/camara-wi-fi-ip-nexxt\/","url":"https:\/\/mivoot.com\/gt\/producto\/camara-wi-fi-ip-nexxt\/","name":"C\u00e1mara Wi-Fi IP Nexxt - Mivoot","isPartOf":{"@id":"https:\/\/mivoot.com\/gt\/#website"},"primaryImageOfPage":{"@id":"https:\/\/mivoot.com\/gt\/producto\/camara-wi-fi-ip-nexxt\/#primaryimage"},"image":{"@id":"https:\/\/mivoot.com\/gt\/producto\/camara-wi-fi-ip-nexxt\/#primaryimage"},"thumbnailUrl":"https:\/\/mivoot.com\/gt\/wp-content\/uploads\/2024\/08\/NHC-IP10-00.jpg","datePublished":"2024-08-03T05:50:30+00:00","dateModified":"2024-10-16T23:25:21+00:00","breadcrumb":{"@id":"https:\/\/mivoot.com\/gt\/producto\/camara-wi-fi-ip-nexxt\/#breadcrumb"},"inLanguage":"es","potentialAction":[{"@type":"ReadAction","target":["https:\/\/mivoot.com\/gt\/producto\/camara-wi-fi-ip-nexxt\/"]}]},{"@type":"ImageObject","inLanguage":"es","@id":"https:\/\/mivoot.com\/gt\/producto\/camara-wi-fi-ip-nexxt\/#primaryimage","url":"https:\/\/mivoot.com\/gt\/wp-content\/uploads\/2024\/08\/NHC-IP10-00.jpg","contentUrl":"https:\/\/mivoot.com\/gt\/wp-content\/uploads\/2024\/08\/NHC-IP10-00.jpg","width":1000,"height":1000},{"@type":"BreadcrumbList","@id":"https:\/\/mivoot.com\/gt\/producto\/camara-wi-fi-ip-nexxt\/#breadcrumb","itemListElement":[{"@type":"ListItem","position":1,"name":"Inicio","item":"https:\/\/mivoot.com\/gt\/"},{"@type":"ListItem","position":2,"name":"Productos","item":"https:\/\/mivoot.com\/gt\/producto\/"},{"@type":"ListItem","position":3,"name":"Nexxt","item":"https:\/\/mivoot.com\/gt\/marca\/nexxt\/"},{"@type":"ListItem","position":4,"name":"C\u00e1mara Wi-Fi IP Nexxt"}]},{"@type":"WebSite","@id":"https:\/\/mivoot.com\/gt\/#website","url":"https:\/\/mivoot.com\/gt\/","name":"Mivoot","description":"Mivoot Guatemala | Tienda Online","publisher":{"@id":"https:\/\/mivoot.com\/gt\/#organization"},"alternateName":"mivoot","potentialAction":[{"@type":"SearchAction","target":{"@type":"EntryPoint","urlTemplate":"https:\/\/mivoot.com\/gt\/?s={search_term_string}"},"query-input":{"@type":"PropertyValueSpecification","valueRequired":true,"valueName":"search_term_string"}}],"inLanguage":"es"},{"@type":"Organization","@id":"https:\/\/mivoot.com\/gt\/#organization","name":"Mivoot Guatemala","alternateName":"mivoot.com","url":"https:\/\/mivoot.com\/gt\/","logo":{"@type":"ImageObject","inLanguage":"es","@id":"https:\/\/mivoot.com\/gt\/#\/schema\/logo\/image\/","url":"https:\/\/mivoot.com\/gt\/wp-content\/uploads\/2023\/03\/cropped-icon.png","contentUrl":"https:\/\/mivoot.com\/gt\/wp-content\/uploads\/2023\/03\/cropped-icon.png","width":512,"height":512,"caption":"Mivoot Guatemala"},"image":{"@id":"https:\/\/mivoot.com\/gt\/#\/schema\/logo\/image\/"},"sameAs":["https:\/\/www.facebook.com\/mivootgt","https:\/\/instagram.com\/mivoot"]}]}},"jetpack_publicize_connections":[],"jetpack_sharing_enabled":true,"brands":[{"id":72,"name":"Nexxt","slug":"nexxt"}],"_links":{"self":[{"href":"https:\/\/mivoot.com\/gt\/wp-json\/wp\/v2\/product\/20992","targetHints":{"allow":["GET"]}}],"collection":[{"href":"https:\/\/mivoot.com\/gt\/wp-json\/wp\/v2\/product"}],"about":[{"href":"https:\/\/mivoot.com\/gt\/wp-json\/wp\/v2\/types\/product"}],"replies":[{"embeddable":true,"href":"https:\/\/mivoot.com\/gt\/wp-json\/wp\/v2\/comments?post=20992"}],"version-history":[{"count":3,"href":"https:\/\/mivoot.com\/gt\/wp-json\/wp\/v2\/product\/20992\/revisions"}],"predecessor-version":[{"id":21295,"href":"https:\/\/mivoot.com\/gt\/wp-json\/wp\/v2\/product\/20992\/revisions\/21295"}],"wp:featuredmedia":[{"embeddable":true,"href":"https:\/\/mivoot.com\/gt\/wp-json\/wp\/v2\/media\/20998"}],"wp:attachment":[{"href":"https:\/\/mivoot.com\/gt\/wp-json\/wp\/v2\/media?parent=20992"}],"wp:term":[{"taxonomy":"pwb-brand","embeddable":true,"href":"https:\/\/mivoot.com\/gt\/wp-json\/wp\/v2\/pwb-brand?post=20992"},{"taxonomy":"product_brand","embeddable":true,"href":"https:\/\/mivoot.com\/gt\/wp-json\/wp\/v2\/product_brand?post=20992"},{"taxonomy":"product_cat","embeddable":true,"href":"https:\/\/mivoot.com\/gt\/wp-json\/wp\/v2\/product_cat?post=20992"},{"taxonomy":"product_tag","embeddable":true,"href":"https:\/\/mivoot.com\/gt\/wp-json\/wp\/v2\/product_tag?post=20992"}],"curies":[{"name":"wp","href":"https:\/\/api.w.org\/{rel}","templated":true}]}}