{"id":21037,"date":"2024-08-03T21:11:35","date_gmt":"2024-08-04T03:11:35","guid":{"rendered":"https:\/\/mivoot.com\/gt\/?post_type=product&#038;p=21037"},"modified":"2024-08-03T21:11:36","modified_gmt":"2024-08-04T03:11:36","slug":"audifonos-redmi-buds-4-lite-bluetooth-blanco-xiaomi","status":"publish","type":"product","link":"https:\/\/mivoot.com\/gt\/producto\/audifonos-redmi-buds-4-lite-bluetooth-blanco-xiaomi\/","title":{"rendered":"Aud\u00edfonos Redmi Buds 4 Lite Bluetooth Blanco Xiaomi"},"content":{"rendered":"<p><img fetchpriority=\"high\" decoding=\"async\" class=\"\" src=\"https:\/\/ae01.alicdn.com\/kf\/S6ec782ace63d47a0856a0687add85205C.jpg\" width=\"994\" height=\"507\" \/><img decoding=\"async\" class=\"\" src=\"https:\/\/ae01.alicdn.com\/kf\/S27571d7a4c5b498fbb17886f11dece10w.jpg\" width=\"993\" height=\"730\" \/><img decoding=\"async\" class=\"aligncenter\" src=\"https:\/\/ae01.alicdn.com\/kf\/S8f88352863f44242a7b2e5cfc891167dl.jpg\" width=\"762\" height=\"717\" \/><\/p>\n<section class=\"s_text_block\" data-snippet=\"s_text_block\">\n<div class=\"container\">\n<div class=\"row\">\n<div class=\"col-lg-12  pt32 pb16\">\n<h1 class=\"lead o_default_snippet_text\" style=\"text-align: center;\"><span class=\"text-delta\">Diafragma din\u00e1mico de 12 mm<\/span><\/h1>\n<h1 class=\"lead\" style=\"text-align: center;\"><span class=\"text-delta\"><b>Calidad de sonido fiable e incre\u00edble<\/b><\/span><\/h1>\n<\/div>\n<\/div>\n<\/div>\n<\/section>\n<section class=\"s_text_block\" data-snippet=\"s_text_block\">\n<div class=\"container\">\n<div class=\"row\">\n<div class=\"pb32 offset-lg-2 col-lg-8 pt0\">\n<p class=\"lead\" style=\"text-align: center;\"><span class=\"text-delta\">\u00a0NOVEDAD: El diafragma din\u00e1mico de 12 mm ofrece un rendimiento incre\u00edble. Distorsi\u00f3n baja, graves m\u00e1s ricos y tonos altos m\u00e1s claros, lo que da lugar a una calificaci\u00f3n THD \u2264 0,1 %, comprobado por el laboratorio de ac\u00fastica de Xiaomi.<\/span><\/p>\n<section class=\"s_text_block oe_img_bg oe_custom_bg\" data-snippet=\"s_text_block\">\n<div class=\"container\">\n<div class=\"row\">\n<div class=\"col-lg-12  pt32 pb16\">\n<h1 class=\"lead\" style=\"text-align: center;\"><span style=\"color: #000000;\">Compatible con Google Fast Pair<\/span><\/h1>\n<h1 class=\"lead\" style=\"text-align: center;\"><span style=\"color: #000000;\"><b>Solo tienes que abrir la tapa y listo.<\/b><\/span><\/h1>\n<\/div>\n<\/div>\n<\/div>\n<\/section>\n<section class=\"s_text_block oe_img_bg oe_custom_bg\" data-snippet=\"s_text_block\">\n<div class=\"container\">\n<div class=\"row\">\n<div class=\"pb32 offset-lg-2 col-lg-8 pt0\">\n<p class=\"lead\" style=\"text-align: center;\"><span style=\"color: #000000;\">Con un solo toque, los Redmi Buds 4 Lite ofrecen un emparejamiento Bluetooth r\u00e1pido y sin esfuerzo con tus dispositivos Android*. Incluso puedes comprobar d\u00f3nde los dejaste por \u00faltima vez.<\/span><\/p>\n<p class=\"lead o_default_snippet_text\" style=\"text-align: center;\"><span class=\"text-delta\">Resistencia IP54 al polvo y al agua<\/span><\/p>\n<p style=\"text-align: center;\"><b><span class=\"text-delta\">Dise\u00f1o profesional, protecci\u00f3n espec\u00edfica<\/span><\/b><\/p>\n<p style=\"text-align: center;\"><span class=\"text-delta\">Los auriculares se han probado para ofrecer resistencia al polvo y al agua con grado de protecci\u00f3n IP54*. Ideales para entrenamientos con un dise\u00f1o resistente al sudor.<\/span><\/p>\n<div class=\"  lazy\" data-type=\"bg\" data-id=\"d390d8e214\" data-background-image=\"\" data-loaded=\"true\">\n<div class=\"  lazy\" data-type=\"bg\" data-id=\"7fa1ba6012\" data-background-image=\"\" data-loaded=\"true\"><\/div>\n<\/div>\n<div class=\"  lazy\" data-type=\"bg\" data-id=\"22daf6071e\" data-background-image=\"\" data-loaded=\"true\">\n<div class=\"  lazy\" data-type=\"bg\" data-id=\"09c207df74\" data-background-image=\"\" data-loaded=\"true\">\n<div class=\"  lazy\" data-type=\"bg\" data-id=\"58a256d482\" data-background-image=\"\" data-loaded=\"true\">\n<div class=\"  lazy\" data-type=\"bg\" data-id=\"c80953c04d\" data-background-image=\"\" data-loaded=\"true\">\n<div class=\"  lazy\" data-type=\"bg\" data-id=\"e5b45fcf6b\" data-background-image=\"\" data-loaded=\"true\">\n<div class=\"  lazy\" data-type=\"bg\" data-id=\"55d0c4cbdb\" data-background-image=\"\" data-loaded=\"true\">\n<div class=\"  lazy\" data-type=\"bg\" data-id=\"c80953c04d\" data-background-image=\"\" data-loaded=\"true\">\n<div class=\"  lazy\" data-type=\"bg\" data-id=\"e5b45fcf6b\" data-background-image=\"\" data-loaded=\"true\">\n<div class=\"  lazy\" data-type=\"bg\" data-id=\"55d0c4cbdb\" data-background-image=\"\" data-loaded=\"true\"><span class=\"xm-text f-bold \" data-key=\"spec_6\" data-type=\"text\" data-id=\"ff9113b7cf\">Tama\u00f1o y peso<\/span><\/div>\n<div class=\"  lazy\" data-type=\"bg\" data-id=\"50bd73937d\" data-background-image=\"\" data-loaded=\"true\">\n<ul>\n<li class=\"  lazy\" data-type=\"bg\" data-id=\"4711919f5f\" data-loaded=\"true\"><span class=\"xm-text f-bold \" data-key=\"spec_7\" data-type=\"text\" data-id=\"fdd497ecc5\">Peso de un auricular:<\/span><span class=\"xm-text f-regular \" data-key=\"spec_8\" data-type=\"text\" data-id=\"e4aaa6e1db\">3,92\u00a0g<\/span><\/li>\n<li class=\"  lazy\" data-type=\"bg\" data-id=\"b107f259ec\" data-loaded=\"true\"><span class=\"xm-text f-bold \" data-key=\"spec_9\" data-type=\"text\" data-id=\"e07350407e\">Tama\u00f1o de un auricular:<\/span><span class=\"xm-text f-regular \" data-key=\"spec_10\" data-type=\"text\" data-id=\"cd0bb482b1\">32,24 x 18,22 x 19,63\u00a0mm<\/span><\/li>\n<li class=\"  lazy\" data-type=\"bg\" data-id=\"bb64eefd2f\" data-loaded=\"true\"><span class=\"xm-text f-bold \" data-key=\"spec_11\" data-type=\"text\" data-id=\"e2ff06f082\">Peso del estuche de carga:<\/span><span class=\"xm-text f-regular \" data-key=\"spec_12\" data-type=\"text\" data-id=\"69551fd162\">Unos 26,7\u00a0g<\/span><\/li>\n<li class=\"  lazy\" data-type=\"bg\" data-id=\"6c1da14436\" data-loaded=\"true\"><span class=\"xm-text f-bold \" data-key=\"spec_13\" data-type=\"text\" data-id=\"55294dd33a\">Tama\u00f1o del estuche de carga:<\/span><span class=\"xm-text f-regular \" data-key=\"spec_14\" data-type=\"text\" data-id=\"ed61ea9d0d\">55,6 x 47,3 x 22,2\u00a0m<\/span><\/li>\n<li class=\"  lazy\" data-type=\"bg\" data-id=\"45bc745fd7\" data-loaded=\"true\"><span class=\"xm-text f-bold \" data-key=\"spec_15\" data-type=\"text\" data-id=\"679fd33a0d\">Peso total:<\/span><span class=\"xm-text f-regular \" data-key=\"spec_16\" data-type=\"text\" data-id=\"7a52107aa5\">35\u00a0g<\/span><\/li>\n<\/ul>\n<\/div>\n<\/div>\n<\/div>\n<div class=\"  lazy\" data-type=\"bg\" data-id=\"2d9ba1d108\" data-background-image=\"\" data-loaded=\"true\">\n<div class=\"  lazy\" data-type=\"bg\" data-id=\"b9cd49cf0e\" data-background-image=\"\" data-loaded=\"true\">\n<div class=\"  lazy\" data-type=\"bg\" data-id=\"fb0988ef41\" data-background-image=\"\" data-loaded=\"true\"><span class=\"xm-text f-bold \" data-key=\"spec_17\" data-type=\"text\" data-id=\"fa2bbf7bf7\">Carga<\/span><\/div>\n<div class=\"  lazy\" data-type=\"bg\" data-id=\"2733ddc0fe\" data-background-image=\"\" data-loaded=\"true\">\n<ul>\n<li class=\"  lazy\" data-type=\"bg\" data-id=\"fd331cff62\" data-loaded=\"true\"><span class=\"xm-text f-bold \" data-key=\"spec_18\" data-type=\"text\" data-id=\"dbb3da1399\">Bater\u00eda:<\/span><span class=\"xm-text f-regular \" data-key=\"spec_19\" data-type=\"text\" data-id=\"b910e97c49\">35+320\u00a0mAh<\/span><\/li>\n<li class=\"  lazy\" data-type=\"bg\" data-id=\"051dc3340f\" data-loaded=\"true\"><span class=\"xm-text f-bold \" data-key=\"spec_20\" data-type=\"text\" data-id=\"dea47af871\">Auriculares:<\/span><span class=\"xm-text f-regular \" data-key=\"spec_21\" data-type=\"text\" data-id=\"6d19a8272c\">90\u00a0min<\/span><\/li>\n<li class=\"  lazy\" data-type=\"bg\" data-id=\"09898343ea\" data-loaded=\"true\"><span class=\"xm-text f-bold \" data-key=\"spec_22\" data-type=\"text\" data-id=\"b4adcf1d98\">Estuche de carga:<\/span><span class=\"xm-text f-regular \" data-key=\"spec_23\" data-type=\"text\" data-id=\"9da726cabc\">120\u00a0min<\/span><\/li>\n<\/ul>\n<\/div>\n<\/div>\n<\/div>\n<div class=\"  lazy\" data-type=\"bg\" data-id=\"e67ed7dd65\" data-background-image=\"\" data-loaded=\"true\">\n<div class=\"  lazy\" data-type=\"bg\" data-id=\"8057fddffd\" data-background-image=\"\" data-loaded=\"true\">\n<div class=\"  lazy\" data-type=\"bg\" data-id=\"61b5fb5aa8\" data-background-image=\"\" data-loaded=\"true\"><span class=\"xm-text f-bold \" data-key=\"spec_24\" data-type=\"text\" data-id=\"b025c4e4b7\">Puerto de carga<\/span><\/div>\n<div class=\"  lazy\" data-type=\"bg\" data-id=\"a52feb1d3e\" data-background-image=\"\" data-loaded=\"true\">\n<ul>\n<li class=\"  lazy\" data-type=\"bg\" data-id=\"b1f7152c60\" data-loaded=\"true\"><span class=\"xm-text f-bold \" data-key=\"spec_25\" data-type=\"text\" data-id=\"a6fc3c4f72\">Tipo C<\/span><\/li>\n<li class=\"  lazy\" data-type=\"bg\" data-id=\"c6b90a5d51\" data-loaded=\"true\"><span class=\"xm-text f-bold \" data-key=\"spec_26\" data-type=\"text\" data-id=\"df2227db81\">Par\u00e1metros de entrada de los auriculares<\/span><span class=\"xm-text f-regular \" data-key=\"spec_27\" data-type=\"text\" data-id=\"0d7986c96b\">5\u00a0V \u2393 50\u00a0mA<\/span><\/li>\n<li class=\"  lazy\" data-type=\"bg\" data-id=\"f9a94f184f\" data-loaded=\"true\"><span class=\"xm-text f-bold \" data-key=\"spec_28\" data-type=\"text\" data-id=\"96a3083cdb\">Par\u00e1metros de entrada del estuche de carga<\/span><span class=\"xm-text f-regular \" data-key=\"spec_29\" data-type=\"text\" data-id=\"b0d4200142\">5\u00a0V \u2393 350\u00a0mA<\/span><\/li>\n<li class=\"  lazy\" data-type=\"bg\" data-id=\"28769306ed\" data-loaded=\"true\"><span class=\"xm-text f-bold \" data-key=\"spec_30\" data-type=\"text\" data-id=\"81e8a76b1a\">Par\u00e1metros de salida del estuche de carga<\/span><span class=\"xm-text f-regular \" data-key=\"spec_31\" data-type=\"text\" data-id=\"9d82129242\">5\u00a0V \u2393 150\u00a0mA<\/span><\/li>\n<\/ul>\n<\/div>\n<\/div>\n<\/div>\n<div class=\"  lazy\" data-type=\"bg\" data-id=\"22daf6071e\" data-background-image=\"\" data-loaded=\"true\">\n<div class=\"  lazy\" data-type=\"bg\" data-id=\"09c207df74\" data-background-image=\"\" data-loaded=\"true\">\n<div class=\"  lazy\" data-type=\"bg\" data-id=\"fb609ab3f6\" data-background-image=\"\" data-loaded=\"true\"><span class=\"xm-text f-bold \" data-key=\"spec_32\" data-type=\"text\" data-id=\"ae6da38e61\">Conexi\u00f3n<\/span><\/div>\n<div class=\"  lazy\" data-type=\"bg\" data-id=\"58a256d482\" data-background-image=\"\" data-loaded=\"true\">\n<ul>\n<li class=\"  lazy\" data-type=\"bg\" data-id=\"5b44d71346\" data-loaded=\"true\"><span class=\"xm-text f-bold \" data-key=\"spec_33\" data-type=\"text\" data-id=\"bd78f52a95\">Conectividad inal\u00e1mbrica<\/span><span class=\"xm-text f-regular \" data-key=\"spec_34\" data-type=\"text\" data-id=\"9c936f0ea2\">Bluetooth\u00ae 5.3<\/span><\/li>\n<li class=\"  lazy\" data-type=\"bg\" data-id=\"5f1299bd56\" data-loaded=\"true\"><span class=\"xm-text f-bold \" data-key=\"spec_35\" data-type=\"text\" data-id=\"9016875df4\">Protocolos Bluetooth<\/span><span class=\"xm-text f-regular \" data-key=\"spec_36\" data-type=\"text\" data-id=\"d41ba8cf92\">A2DP, AVRCP, HFP<\/span><\/li>\n<li class=\"  lazy\" data-type=\"bg\" data-id=\"7a42926424\" data-loaded=\"true\"><span class=\"xm-text f-bold \" data-key=\"spec_37\" data-type=\"text\" data-id=\"6cc8ebd2bf\">Distancia de funcionamiento<\/span><span class=\"xm-text f-regular \" data-key=\"spec_38\" data-type=\"text\" data-id=\"11f50e853d\">10\u00a0m<\/span><\/li>\n<li class=\"  lazy\" data-type=\"bg\" data-id=\"815a0c8a1b\" data-loaded=\"true\"><span class=\"xm-text f-bold \" data-key=\"spec_39\" data-type=\"text\" data-id=\"b03cbfa614\">Impedancia del altavoz<\/span><span class=\"xm-text f-regular \" data-key=\"spec_40\" data-type=\"text\" data-id=\"275229804c\">32\u00a0\u03a9<\/span><\/li>\n<\/ul>\n<\/div>\n<\/div>\n<\/div>\n<\/div>\n<\/div>\n<\/div>\n<\/div>\n<\/div>\n<\/div>\n<\/div>\n<\/div>\n<\/div>\n<\/section>\n<\/div>\n<\/div>\n<\/div>\n<\/section>\n","protected":false},"excerpt":{"rendered":"<p>&#8211; Bluetooth 5.3<br \/>\n&#8211; Aud\u00edfonos In-Ear<br \/>\n&#8211; Alcance hasta 10m<br \/>\n&#8211; Reducci\u00f3n de ruido ambiental<br \/>\n&#8211; Cancelaci\u00f3n de ruido con IA para llamadas<br \/>\n&#8211; Compatible con Google Fast Pair<br \/>\n&#8211; Duraci\u00f3n de carga 5 horas<br \/>\n&#8211; Duraci\u00f3n de carga con estuche 20 horas<br \/>\n&#8211; Resistencia IP54 al polvo y al agua<br \/>\n&#8211; Bater\u00eda Auricular 35mAh<br \/>\n&#8211; Bater\u00eda Estuche 320mAh<br \/>\n&#8211; Puerto USB tipo C<br \/>\n&#8211; Color Blanco<\/p>\n","protected":false},"featured_media":21043,"comment_status":"open","ping_status":"closed","template":"","meta":{"jetpack_publicize_message":"","jetpack_publicize_feature_enabled":true,"jetpack_social_post_already_shared":true,"jetpack_social_options":{"image_generator_settings":{"template":"highway","default_image_id":0,"font":"","enabled":false},"version":2}},"pwb-brand":[94],"product_brand":[],"product_cat":[23],"product_tag":[],"class_list":{"0":"post-21037","1":"product","2":"type-product","3":"status-publish","4":"has-post-thumbnail","6":"pwb-brand-xiaomi","7":"product_cat-audifonos-bluetooth","9":"first","10":"instock","11":"taxable","12":"shipping-taxable","13":"purchasable","14":"product-type-simple"},"yoast_head":"<!-- This site is optimized with the Yoast SEO Premium plugin v25.7.1 (Yoast SEO v26.8) - https:\/\/yoast.com\/product\/yoast-seo-premium-wordpress\/ -->\n<title>Aud\u00edfonos Redmi Buds 4 Lite Bluetooth Blanco Xiaomi - Mivoot<\/title>\n<meta name=\"robots\" content=\"index, follow, max-snippet:-1, max-image-preview:large, max-video-preview:-1\" \/>\n<link rel=\"canonical\" href=\"https:\/\/mivoot.com\/gt\/producto\/audifonos-redmi-buds-4-lite-bluetooth-blanco-xiaomi\/\" \/>\n<meta property=\"og:locale\" content=\"es_ES\" \/>\n<meta property=\"og:type\" content=\"article\" \/>\n<meta property=\"og:title\" content=\"Aud\u00edfonos Redmi Buds 4 Lite Bluetooth Blanco Xiaomi\" \/>\n<meta property=\"og:description\" content=\"- Bluetooth 5.3 - Aud\u00edfonos In-Ear - Alcance hasta 10m - Reducci\u00f3n de ruido ambiental - Cancelaci\u00f3n de ruido con IA para llamadas - Compatible con Google Fast Pair - Duraci\u00f3n de carga 5 horas - Duraci\u00f3n de carga con estuche 20 horas - Resistencia IP54 al polvo y al agua - Bater\u00eda Auricular 35mAh - Bater\u00eda Estuche 320mAh - Puerto USB tipo C - Color Blanco\" \/>\n<meta property=\"og:url\" content=\"https:\/\/mivoot.com\/gt\/producto\/audifonos-redmi-buds-4-lite-bluetooth-blanco-xiaomi\/\" \/>\n<meta property=\"og:site_name\" content=\"Mivoot\" \/>\n<meta property=\"article:publisher\" content=\"https:\/\/www.facebook.com\/mivootgt\" \/>\n<meta property=\"article:modified_time\" content=\"2024-08-04T03:11:36+00:00\" \/>\n<meta property=\"og:image\" content=\"https:\/\/mivoot.com\/gt\/wp-content\/uploads\/2024\/08\/192042-800-auto.webp\" \/>\n\t<meta property=\"og:image:width\" content=\"500\" \/>\n\t<meta property=\"og:image:height\" content=\"500\" \/>\n\t<meta property=\"og:image:type\" content=\"image\/webp\" \/>\n<meta name=\"twitter:card\" content=\"summary_large_image\" \/>\n<meta name=\"twitter:label1\" content=\"Est. reading time\" \/>\n\t<meta name=\"twitter:data1\" content=\"2 minutos\" \/>\n<script type=\"application\/ld+json\" class=\"yoast-schema-graph\">{\"@context\":\"https:\/\/schema.org\",\"@graph\":[{\"@type\":\"WebPage\",\"@id\":\"https:\/\/mivoot.com\/gt\/producto\/audifonos-redmi-buds-4-lite-bluetooth-blanco-xiaomi\/\",\"url\":\"https:\/\/mivoot.com\/gt\/producto\/audifonos-redmi-buds-4-lite-bluetooth-blanco-xiaomi\/\",\"name\":\"Aud\u00edfonos Redmi Buds 4 Lite Bluetooth Blanco Xiaomi - Mivoot\",\"isPartOf\":{\"@id\":\"https:\/\/mivoot.com\/gt\/#website\"},\"primaryImageOfPage\":{\"@id\":\"https:\/\/mivoot.com\/gt\/producto\/audifonos-redmi-buds-4-lite-bluetooth-blanco-xiaomi\/#primaryimage\"},\"image\":{\"@id\":\"https:\/\/mivoot.com\/gt\/producto\/audifonos-redmi-buds-4-lite-bluetooth-blanco-xiaomi\/#primaryimage\"},\"thumbnailUrl\":\"https:\/\/mivoot.com\/gt\/wp-content\/uploads\/2024\/08\/192042-800-auto.webp\",\"datePublished\":\"2024-08-04T03:11:35+00:00\",\"dateModified\":\"2024-08-04T03:11:36+00:00\",\"breadcrumb\":{\"@id\":\"https:\/\/mivoot.com\/gt\/producto\/audifonos-redmi-buds-4-lite-bluetooth-blanco-xiaomi\/#breadcrumb\"},\"inLanguage\":\"es\",\"potentialAction\":[{\"@type\":\"ReadAction\",\"target\":[\"https:\/\/mivoot.com\/gt\/producto\/audifonos-redmi-buds-4-lite-bluetooth-blanco-xiaomi\/\"]}]},{\"@type\":\"ImageObject\",\"inLanguage\":\"es\",\"@id\":\"https:\/\/mivoot.com\/gt\/producto\/audifonos-redmi-buds-4-lite-bluetooth-blanco-xiaomi\/#primaryimage\",\"url\":\"https:\/\/mivoot.com\/gt\/wp-content\/uploads\/2024\/08\/192042-800-auto.webp\",\"contentUrl\":\"https:\/\/mivoot.com\/gt\/wp-content\/uploads\/2024\/08\/192042-800-auto.webp\",\"width\":500,\"height\":500},{\"@type\":\"BreadcrumbList\",\"@id\":\"https:\/\/mivoot.com\/gt\/producto\/audifonos-redmi-buds-4-lite-bluetooth-blanco-xiaomi\/#breadcrumb\",\"itemListElement\":[{\"@type\":\"ListItem\",\"position\":1,\"name\":\"Inicio\",\"item\":\"https:\/\/mivoot.com\/gt\/\"},{\"@type\":\"ListItem\",\"position\":2,\"name\":\"Productos\",\"item\":\"https:\/\/mivoot.com\/gt\/producto\/\"},{\"@type\":\"ListItem\",\"position\":3,\"name\":\"Xiaomi\",\"item\":\"https:\/\/mivoot.com\/gt\/marca\/xiaomi\/\"},{\"@type\":\"ListItem\",\"position\":4,\"name\":\"Aud\u00edfonos Redmi Buds 4 Lite Bluetooth Blanco Xiaomi\"}]},{\"@type\":\"WebSite\",\"@id\":\"https:\/\/mivoot.com\/gt\/#website\",\"url\":\"https:\/\/mivoot.com\/gt\/\",\"name\":\"Mivoot\",\"description\":\"Mivoot Guatemala | Tienda Online\",\"publisher\":{\"@id\":\"https:\/\/mivoot.com\/gt\/#organization\"},\"alternateName\":\"mivoot\",\"potentialAction\":[{\"@type\":\"SearchAction\",\"target\":{\"@type\":\"EntryPoint\",\"urlTemplate\":\"https:\/\/mivoot.com\/gt\/?s={search_term_string}\"},\"query-input\":{\"@type\":\"PropertyValueSpecification\",\"valueRequired\":true,\"valueName\":\"search_term_string\"}}],\"inLanguage\":\"es\"},{\"@type\":\"Organization\",\"@id\":\"https:\/\/mivoot.com\/gt\/#organization\",\"name\":\"Mivoot Guatemala\",\"alternateName\":\"mivoot.com\",\"url\":\"https:\/\/mivoot.com\/gt\/\",\"logo\":{\"@type\":\"ImageObject\",\"inLanguage\":\"es\",\"@id\":\"https:\/\/mivoot.com\/gt\/#\/schema\/logo\/image\/\",\"url\":\"https:\/\/mivoot.com\/gt\/wp-content\/uploads\/2023\/03\/cropped-icon.png\",\"contentUrl\":\"https:\/\/mivoot.com\/gt\/wp-content\/uploads\/2023\/03\/cropped-icon.png\",\"width\":512,\"height\":512,\"caption\":\"Mivoot Guatemala\"},\"image\":{\"@id\":\"https:\/\/mivoot.com\/gt\/#\/schema\/logo\/image\/\"},\"sameAs\":[\"https:\/\/www.facebook.com\/mivootgt\",\"https:\/\/instagram.com\/mivoot\"]}]}<\/script>\n<!-- \/ Yoast SEO Premium plugin. -->","yoast_head_json":{"title":"Aud\u00edfonos Redmi Buds 4 Lite Bluetooth Blanco Xiaomi - Mivoot","robots":{"index":"index","follow":"follow","max-snippet":"max-snippet:-1","max-image-preview":"max-image-preview:large","max-video-preview":"max-video-preview:-1"},"canonical":"https:\/\/mivoot.com\/gt\/producto\/audifonos-redmi-buds-4-lite-bluetooth-blanco-xiaomi\/","og_locale":"es_ES","og_type":"article","og_title":"Aud\u00edfonos Redmi Buds 4 Lite Bluetooth Blanco Xiaomi","og_description":"- Bluetooth 5.3 - Aud\u00edfonos In-Ear - Alcance hasta 10m - Reducci\u00f3n de ruido ambiental - Cancelaci\u00f3n de ruido con IA para llamadas - Compatible con Google Fast Pair - Duraci\u00f3n de carga 5 horas - Duraci\u00f3n de carga con estuche 20 horas - Resistencia IP54 al polvo y al agua - Bater\u00eda Auricular 35mAh - Bater\u00eda Estuche 320mAh - Puerto USB tipo C - Color Blanco","og_url":"https:\/\/mivoot.com\/gt\/producto\/audifonos-redmi-buds-4-lite-bluetooth-blanco-xiaomi\/","og_site_name":"Mivoot","article_publisher":"https:\/\/www.facebook.com\/mivootgt","article_modified_time":"2024-08-04T03:11:36+00:00","og_image":[{"width":500,"height":500,"url":"https:\/\/mivoot.com\/gt\/wp-content\/uploads\/2024\/08\/192042-800-auto.webp","type":"image\/webp"}],"twitter_card":"summary_large_image","twitter_misc":{"Est. reading time":"2 minutos"},"schema":{"@context":"https:\/\/schema.org","@graph":[{"@type":"WebPage","@id":"https:\/\/mivoot.com\/gt\/producto\/audifonos-redmi-buds-4-lite-bluetooth-blanco-xiaomi\/","url":"https:\/\/mivoot.com\/gt\/producto\/audifonos-redmi-buds-4-lite-bluetooth-blanco-xiaomi\/","name":"Aud\u00edfonos Redmi Buds 4 Lite Bluetooth Blanco Xiaomi - Mivoot","isPartOf":{"@id":"https:\/\/mivoot.com\/gt\/#website"},"primaryImageOfPage":{"@id":"https:\/\/mivoot.com\/gt\/producto\/audifonos-redmi-buds-4-lite-bluetooth-blanco-xiaomi\/#primaryimage"},"image":{"@id":"https:\/\/mivoot.com\/gt\/producto\/audifonos-redmi-buds-4-lite-bluetooth-blanco-xiaomi\/#primaryimage"},"thumbnailUrl":"https:\/\/mivoot.com\/gt\/wp-content\/uploads\/2024\/08\/192042-800-auto.webp","datePublished":"2024-08-04T03:11:35+00:00","dateModified":"2024-08-04T03:11:36+00:00","breadcrumb":{"@id":"https:\/\/mivoot.com\/gt\/producto\/audifonos-redmi-buds-4-lite-bluetooth-blanco-xiaomi\/#breadcrumb"},"inLanguage":"es","potentialAction":[{"@type":"ReadAction","target":["https:\/\/mivoot.com\/gt\/producto\/audifonos-redmi-buds-4-lite-bluetooth-blanco-xiaomi\/"]}]},{"@type":"ImageObject","inLanguage":"es","@id":"https:\/\/mivoot.com\/gt\/producto\/audifonos-redmi-buds-4-lite-bluetooth-blanco-xiaomi\/#primaryimage","url":"https:\/\/mivoot.com\/gt\/wp-content\/uploads\/2024\/08\/192042-800-auto.webp","contentUrl":"https:\/\/mivoot.com\/gt\/wp-content\/uploads\/2024\/08\/192042-800-auto.webp","width":500,"height":500},{"@type":"BreadcrumbList","@id":"https:\/\/mivoot.com\/gt\/producto\/audifonos-redmi-buds-4-lite-bluetooth-blanco-xiaomi\/#breadcrumb","itemListElement":[{"@type":"ListItem","position":1,"name":"Inicio","item":"https:\/\/mivoot.com\/gt\/"},{"@type":"ListItem","position":2,"name":"Productos","item":"https:\/\/mivoot.com\/gt\/producto\/"},{"@type":"ListItem","position":3,"name":"Xiaomi","item":"https:\/\/mivoot.com\/gt\/marca\/xiaomi\/"},{"@type":"ListItem","position":4,"name":"Aud\u00edfonos Redmi Buds 4 Lite Bluetooth Blanco Xiaomi"}]},{"@type":"WebSite","@id":"https:\/\/mivoot.com\/gt\/#website","url":"https:\/\/mivoot.com\/gt\/","name":"Mivoot","description":"Mivoot Guatemala | Tienda Online","publisher":{"@id":"https:\/\/mivoot.com\/gt\/#organization"},"alternateName":"mivoot","potentialAction":[{"@type":"SearchAction","target":{"@type":"EntryPoint","urlTemplate":"https:\/\/mivoot.com\/gt\/?s={search_term_string}"},"query-input":{"@type":"PropertyValueSpecification","valueRequired":true,"valueName":"search_term_string"}}],"inLanguage":"es"},{"@type":"Organization","@id":"https:\/\/mivoot.com\/gt\/#organization","name":"Mivoot Guatemala","alternateName":"mivoot.com","url":"https:\/\/mivoot.com\/gt\/","logo":{"@type":"ImageObject","inLanguage":"es","@id":"https:\/\/mivoot.com\/gt\/#\/schema\/logo\/image\/","url":"https:\/\/mivoot.com\/gt\/wp-content\/uploads\/2023\/03\/cropped-icon.png","contentUrl":"https:\/\/mivoot.com\/gt\/wp-content\/uploads\/2023\/03\/cropped-icon.png","width":512,"height":512,"caption":"Mivoot Guatemala"},"image":{"@id":"https:\/\/mivoot.com\/gt\/#\/schema\/logo\/image\/"},"sameAs":["https:\/\/www.facebook.com\/mivootgt","https:\/\/instagram.com\/mivoot"]}]}},"jetpack_publicize_connections":[],"jetpack_sharing_enabled":true,"brands":[{"id":94,"name":"Xiaomi","slug":"xiaomi"}],"_links":{"self":[{"href":"https:\/\/mivoot.com\/gt\/wp-json\/wp\/v2\/product\/21037","targetHints":{"allow":["GET"]}}],"collection":[{"href":"https:\/\/mivoot.com\/gt\/wp-json\/wp\/v2\/product"}],"about":[{"href":"https:\/\/mivoot.com\/gt\/wp-json\/wp\/v2\/types\/product"}],"replies":[{"embeddable":true,"href":"https:\/\/mivoot.com\/gt\/wp-json\/wp\/v2\/comments?post=21037"}],"version-history":[{"count":1,"href":"https:\/\/mivoot.com\/gt\/wp-json\/wp\/v2\/product\/21037\/revisions"}],"predecessor-version":[{"id":21044,"href":"https:\/\/mivoot.com\/gt\/wp-json\/wp\/v2\/product\/21037\/revisions\/21044"}],"wp:featuredmedia":[{"embeddable":true,"href":"https:\/\/mivoot.com\/gt\/wp-json\/wp\/v2\/media\/21043"}],"wp:attachment":[{"href":"https:\/\/mivoot.com\/gt\/wp-json\/wp\/v2\/media?parent=21037"}],"wp:term":[{"taxonomy":"pwb-brand","embeddable":true,"href":"https:\/\/mivoot.com\/gt\/wp-json\/wp\/v2\/pwb-brand?post=21037"},{"taxonomy":"product_brand","embeddable":true,"href":"https:\/\/mivoot.com\/gt\/wp-json\/wp\/v2\/product_brand?post=21037"},{"taxonomy":"product_cat","embeddable":true,"href":"https:\/\/mivoot.com\/gt\/wp-json\/wp\/v2\/product_cat?post=21037"},{"taxonomy":"product_tag","embeddable":true,"href":"https:\/\/mivoot.com\/gt\/wp-json\/wp\/v2\/product_tag?post=21037"}],"curies":[{"name":"wp","href":"https:\/\/api.w.org\/{rel}","templated":true}]}}