{"id":21063,"date":"2024-08-03T21:44:44","date_gmt":"2024-08-04T03:44:44","guid":{"rendered":"https:\/\/mivoot.com\/gt\/?post_type=product&#038;p=21063"},"modified":"2024-08-03T21:48:30","modified_gmt":"2024-08-04T03:48:30","slug":"lector-de-huella-tarjetas-201ef-hikvision","status":"publish","type":"product","link":"https:\/\/mivoot.com\/gt\/producto\/lector-de-huella-tarjetas-201ef-hikvision\/","title":{"rendered":"Lector de Huella Tarjetas 201EF Hikvision"},"content":{"rendered":"<h2 class=\"prod_name\"><span class=\"prod_name-content\"><span>Lector de huellas dactilares<\/span><\/span><\/h2>\n<ul class=\"product_description_item-list\">\n<li class=\"product_description_item\"><span>Un grupo de datos cifrados con c\u00f3digo desordenado para la seguridad del almacenamiento de huellas dactilares<\/span><\/li>\n<li class=\"product_description_item\"><span>Admite comunicaci\u00f3n RS-485 con una velocidad de transmisi\u00f3n de 19200 bps-N-8-1. Hay pruebas CRC para el protocolo.<\/span><\/li>\n<li class=\"product_description_item\"><span>Admite lectura de tarjetas EM<\/span><\/li>\n<li class=\"product_description_item\"><span>La distancia de inducci\u00f3n de la tarjeta es de 30 mm a 100 mm.<\/span><\/li>\n<li class=\"product_description_item\"><span>Admite m\u00faltiples modos de autenticaci\u00f3n (tarjeta, huella dactilar y tarjeta + huella dactilar)<\/span><\/li>\n<li class=\"product_description_item\"><span>M\u00f3dulo \u00f3ptico de huellas dactilares CMOS. Los caracteres de las huellas dactilares se pueden exportar al lector de tarjetas.<\/span><\/li>\n<li class=\"product_description_item\"><span>Almacenamiento m\u00e1ximo de 5000 huellas dactilares<\/span><\/li>\n<li class=\"product_description_item\"><span>Adopta el m\u00f3dulo de huella dactilar \u00f3ptica, compatible con el modo 1:N (huella dactilar, tarjeta + huella dactilar) y el modo 1:1 (tarjeta + huella dactilar)<\/span><\/li>\n<li class=\"product_description_item\"><span>Tiempo de comparaci\u00f3n de huellas dactilares: 1:1 \u2264 1 s, 1:1000 \u2264 1 s; FRR \u2264 0,01 %, FAR \u2264 0,001 %<\/span><\/li>\n<li class=\"product_description_item\"><span>El circuito de comunicaci\u00f3n est\u00e1 dise\u00f1ado con aislamiento de acoplamiento \u00f3ptico y funci\u00f3n de supresi\u00f3n de ruido.<\/span><\/li>\n<li class=\"product_description_item\"><span>Zumbador incorporado para indicaci\u00f3n de estado.<\/span><\/li>\n<li class=\"product_description_item\"><span>Visualizaci\u00f3n precisa de datos y hora proporcionada por un reloj electr\u00f3nico incorporado y un programa de vigilancia para garantizar el funcionamiento b\u00e1sico del terminal.<\/span><\/li>\n<li class=\"product_description_item\"><span>Funci\u00f3n a prueba de manipulaciones<\/span><\/li>\n<\/ul>\n","protected":false},"excerpt":{"rendered":"<p>&#8211; Admite lectura de tarjetas EM<br \/>\n&#8211; M\u00e1x. 9500 huellas dactilares<br \/>\n&#8211; Admite comunicaci\u00f3n RS485 con velocidad en baudios de 19200 bps-N-8-1.<br \/>\n&#8211; Rango de lectura de tarjetas 3-10 cm<br \/>\n&#8211; El controlador est\u00e1 equipado con un lector de proximidad incorporado (est\u00e1ndar EM-Marin),<br \/>\n&#8211; Adopta un m\u00f3dulo \u00f3ptico de huellas digitales<br \/>\n&#8211; compatible con el modo 1:N (huella digital<br \/>\n&#8211; tarjeta + huella digital) y el modo 1:1 (tarjeta + huella digital)<\/p>\n","protected":false},"featured_media":21068,"comment_status":"open","ping_status":"closed","template":"","meta":{"jetpack_publicize_message":"","jetpack_publicize_feature_enabled":true,"jetpack_social_post_already_shared":true,"jetpack_social_options":{"image_generator_settings":{"template":"highway","default_image_id":0,"font":"","enabled":false},"version":2}},"pwb-brand":[113],"product_brand":[],"product_cat":[371],"product_tag":[],"class_list":{"0":"post-21063","1":"product","2":"type-product","3":"status-publish","4":"has-post-thumbnail","6":"pwb-brand-hikvision","7":"product_cat-control-de-acceso-accesorios","9":"first","10":"instock","11":"taxable","12":"shipping-taxable","13":"purchasable","14":"product-type-simple"},"yoast_head":"<!-- This site is optimized with the Yoast SEO Premium plugin v25.7.1 (Yoast SEO v26.8) - https:\/\/yoast.com\/product\/yoast-seo-premium-wordpress\/ -->\n<title>Lector de Huella Tarjetas 201EF Hikvision - Mivoot<\/title>\n<meta name=\"robots\" content=\"index, follow, max-snippet:-1, max-image-preview:large, max-video-preview:-1\" \/>\n<link rel=\"canonical\" href=\"https:\/\/mivoot.com\/gt\/producto\/lector-de-huella-tarjetas-201ef-hikvision\/\" \/>\n<meta property=\"og:locale\" content=\"es_ES\" \/>\n<meta property=\"og:type\" content=\"article\" \/>\n<meta property=\"og:title\" content=\"Lector de Huella Tarjetas 201EF Hikvision\" \/>\n<meta property=\"og:description\" content=\"- Admite lectura de tarjetas EM - M\u00e1x. 9500 huellas dactilares - Admite comunicaci\u00f3n RS485 con velocidad en baudios de 19200 bps-N-8-1. - Rango de lectura de tarjetas 3-10 cm - El controlador est\u00e1 equipado con un lector de proximidad incorporado (est\u00e1ndar EM-Marin), - Adopta un m\u00f3dulo \u00f3ptico de huellas digitales - compatible con el modo 1:N (huella digital - tarjeta + huella digital) y el modo 1:1 (tarjeta + huella digital)\" \/>\n<meta property=\"og:url\" content=\"https:\/\/mivoot.com\/gt\/producto\/lector-de-huella-tarjetas-201ef-hikvision\/\" \/>\n<meta property=\"og:site_name\" content=\"Mivoot\" \/>\n<meta property=\"article:publisher\" content=\"https:\/\/www.facebook.com\/mivootgt\" \/>\n<meta property=\"article:modified_time\" content=\"2024-08-04T03:48:30+00:00\" \/>\n<meta property=\"og:image\" content=\"https:\/\/mivoot.com\/gt\/wp-content\/uploads\/2024\/08\/DSK1201EF-l.webp\" \/>\n\t<meta property=\"og:image:width\" content=\"1000\" \/>\n\t<meta property=\"og:image:height\" content=\"1000\" \/>\n\t<meta property=\"og:image:type\" content=\"image\/webp\" \/>\n<meta name=\"twitter:card\" content=\"summary_large_image\" \/>\n<meta name=\"twitter:label1\" content=\"Est. reading time\" \/>\n\t<meta name=\"twitter:data1\" content=\"1 minuto\" \/>\n<script type=\"application\/ld+json\" class=\"yoast-schema-graph\">{\"@context\":\"https:\/\/schema.org\",\"@graph\":[{\"@type\":\"WebPage\",\"@id\":\"https:\/\/mivoot.com\/gt\/producto\/lector-de-huella-tarjetas-201ef-hikvision\/\",\"url\":\"https:\/\/mivoot.com\/gt\/producto\/lector-de-huella-tarjetas-201ef-hikvision\/\",\"name\":\"Lector de Huella Tarjetas 201EF Hikvision - Mivoot\",\"isPartOf\":{\"@id\":\"https:\/\/mivoot.com\/gt\/#website\"},\"primaryImageOfPage\":{\"@id\":\"https:\/\/mivoot.com\/gt\/producto\/lector-de-huella-tarjetas-201ef-hikvision\/#primaryimage\"},\"image\":{\"@id\":\"https:\/\/mivoot.com\/gt\/producto\/lector-de-huella-tarjetas-201ef-hikvision\/#primaryimage\"},\"thumbnailUrl\":\"https:\/\/mivoot.com\/gt\/wp-content\/uploads\/2024\/08\/DSK1201EF-l.webp\",\"datePublished\":\"2024-08-04T03:44:44+00:00\",\"dateModified\":\"2024-08-04T03:48:30+00:00\",\"breadcrumb\":{\"@id\":\"https:\/\/mivoot.com\/gt\/producto\/lector-de-huella-tarjetas-201ef-hikvision\/#breadcrumb\"},\"inLanguage\":\"es\",\"potentialAction\":[{\"@type\":\"ReadAction\",\"target\":[\"https:\/\/mivoot.com\/gt\/producto\/lector-de-huella-tarjetas-201ef-hikvision\/\"]}]},{\"@type\":\"ImageObject\",\"inLanguage\":\"es\",\"@id\":\"https:\/\/mivoot.com\/gt\/producto\/lector-de-huella-tarjetas-201ef-hikvision\/#primaryimage\",\"url\":\"https:\/\/mivoot.com\/gt\/wp-content\/uploads\/2024\/08\/DSK1201EF-l.webp\",\"contentUrl\":\"https:\/\/mivoot.com\/gt\/wp-content\/uploads\/2024\/08\/DSK1201EF-l.webp\",\"width\":1000,\"height\":1000},{\"@type\":\"BreadcrumbList\",\"@id\":\"https:\/\/mivoot.com\/gt\/producto\/lector-de-huella-tarjetas-201ef-hikvision\/#breadcrumb\",\"itemListElement\":[{\"@type\":\"ListItem\",\"position\":1,\"name\":\"Inicio\",\"item\":\"https:\/\/mivoot.com\/gt\/\"},{\"@type\":\"ListItem\",\"position\":2,\"name\":\"Productos\",\"item\":\"https:\/\/mivoot.com\/gt\/producto\/\"},{\"@type\":\"ListItem\",\"position\":3,\"name\":\"Hikvision\",\"item\":\"https:\/\/mivoot.com\/gt\/marca\/hikvision\/\"},{\"@type\":\"ListItem\",\"position\":4,\"name\":\"Lector de Huella Tarjetas 201EF Hikvision\"}]},{\"@type\":\"WebSite\",\"@id\":\"https:\/\/mivoot.com\/gt\/#website\",\"url\":\"https:\/\/mivoot.com\/gt\/\",\"name\":\"Mivoot\",\"description\":\"Mivoot Guatemala | Tienda Online\",\"publisher\":{\"@id\":\"https:\/\/mivoot.com\/gt\/#organization\"},\"alternateName\":\"mivoot\",\"potentialAction\":[{\"@type\":\"SearchAction\",\"target\":{\"@type\":\"EntryPoint\",\"urlTemplate\":\"https:\/\/mivoot.com\/gt\/?s={search_term_string}\"},\"query-input\":{\"@type\":\"PropertyValueSpecification\",\"valueRequired\":true,\"valueName\":\"search_term_string\"}}],\"inLanguage\":\"es\"},{\"@type\":\"Organization\",\"@id\":\"https:\/\/mivoot.com\/gt\/#organization\",\"name\":\"Mivoot Guatemala\",\"alternateName\":\"mivoot.com\",\"url\":\"https:\/\/mivoot.com\/gt\/\",\"logo\":{\"@type\":\"ImageObject\",\"inLanguage\":\"es\",\"@id\":\"https:\/\/mivoot.com\/gt\/#\/schema\/logo\/image\/\",\"url\":\"https:\/\/mivoot.com\/gt\/wp-content\/uploads\/2023\/03\/cropped-icon.png\",\"contentUrl\":\"https:\/\/mivoot.com\/gt\/wp-content\/uploads\/2023\/03\/cropped-icon.png\",\"width\":512,\"height\":512,\"caption\":\"Mivoot Guatemala\"},\"image\":{\"@id\":\"https:\/\/mivoot.com\/gt\/#\/schema\/logo\/image\/\"},\"sameAs\":[\"https:\/\/www.facebook.com\/mivootgt\",\"https:\/\/instagram.com\/mivoot\"]}]}<\/script>\n<!-- \/ Yoast SEO Premium plugin. -->","yoast_head_json":{"title":"Lector de Huella Tarjetas 201EF Hikvision - Mivoot","robots":{"index":"index","follow":"follow","max-snippet":"max-snippet:-1","max-image-preview":"max-image-preview:large","max-video-preview":"max-video-preview:-1"},"canonical":"https:\/\/mivoot.com\/gt\/producto\/lector-de-huella-tarjetas-201ef-hikvision\/","og_locale":"es_ES","og_type":"article","og_title":"Lector de Huella Tarjetas 201EF Hikvision","og_description":"- Admite lectura de tarjetas EM - M\u00e1x. 9500 huellas dactilares - Admite comunicaci\u00f3n RS485 con velocidad en baudios de 19200 bps-N-8-1. - Rango de lectura de tarjetas 3-10 cm - El controlador est\u00e1 equipado con un lector de proximidad incorporado (est\u00e1ndar EM-Marin), - Adopta un m\u00f3dulo \u00f3ptico de huellas digitales - compatible con el modo 1:N (huella digital - tarjeta + huella digital) y el modo 1:1 (tarjeta + huella digital)","og_url":"https:\/\/mivoot.com\/gt\/producto\/lector-de-huella-tarjetas-201ef-hikvision\/","og_site_name":"Mivoot","article_publisher":"https:\/\/www.facebook.com\/mivootgt","article_modified_time":"2024-08-04T03:48:30+00:00","og_image":[{"width":1000,"height":1000,"url":"https:\/\/mivoot.com\/gt\/wp-content\/uploads\/2024\/08\/DSK1201EF-l.webp","type":"image\/webp"}],"twitter_card":"summary_large_image","twitter_misc":{"Est. reading time":"1 minuto"},"schema":{"@context":"https:\/\/schema.org","@graph":[{"@type":"WebPage","@id":"https:\/\/mivoot.com\/gt\/producto\/lector-de-huella-tarjetas-201ef-hikvision\/","url":"https:\/\/mivoot.com\/gt\/producto\/lector-de-huella-tarjetas-201ef-hikvision\/","name":"Lector de Huella Tarjetas 201EF Hikvision - Mivoot","isPartOf":{"@id":"https:\/\/mivoot.com\/gt\/#website"},"primaryImageOfPage":{"@id":"https:\/\/mivoot.com\/gt\/producto\/lector-de-huella-tarjetas-201ef-hikvision\/#primaryimage"},"image":{"@id":"https:\/\/mivoot.com\/gt\/producto\/lector-de-huella-tarjetas-201ef-hikvision\/#primaryimage"},"thumbnailUrl":"https:\/\/mivoot.com\/gt\/wp-content\/uploads\/2024\/08\/DSK1201EF-l.webp","datePublished":"2024-08-04T03:44:44+00:00","dateModified":"2024-08-04T03:48:30+00:00","breadcrumb":{"@id":"https:\/\/mivoot.com\/gt\/producto\/lector-de-huella-tarjetas-201ef-hikvision\/#breadcrumb"},"inLanguage":"es","potentialAction":[{"@type":"ReadAction","target":["https:\/\/mivoot.com\/gt\/producto\/lector-de-huella-tarjetas-201ef-hikvision\/"]}]},{"@type":"ImageObject","inLanguage":"es","@id":"https:\/\/mivoot.com\/gt\/producto\/lector-de-huella-tarjetas-201ef-hikvision\/#primaryimage","url":"https:\/\/mivoot.com\/gt\/wp-content\/uploads\/2024\/08\/DSK1201EF-l.webp","contentUrl":"https:\/\/mivoot.com\/gt\/wp-content\/uploads\/2024\/08\/DSK1201EF-l.webp","width":1000,"height":1000},{"@type":"BreadcrumbList","@id":"https:\/\/mivoot.com\/gt\/producto\/lector-de-huella-tarjetas-201ef-hikvision\/#breadcrumb","itemListElement":[{"@type":"ListItem","position":1,"name":"Inicio","item":"https:\/\/mivoot.com\/gt\/"},{"@type":"ListItem","position":2,"name":"Productos","item":"https:\/\/mivoot.com\/gt\/producto\/"},{"@type":"ListItem","position":3,"name":"Hikvision","item":"https:\/\/mivoot.com\/gt\/marca\/hikvision\/"},{"@type":"ListItem","position":4,"name":"Lector de Huella Tarjetas 201EF Hikvision"}]},{"@type":"WebSite","@id":"https:\/\/mivoot.com\/gt\/#website","url":"https:\/\/mivoot.com\/gt\/","name":"Mivoot","description":"Mivoot Guatemala | Tienda Online","publisher":{"@id":"https:\/\/mivoot.com\/gt\/#organization"},"alternateName":"mivoot","potentialAction":[{"@type":"SearchAction","target":{"@type":"EntryPoint","urlTemplate":"https:\/\/mivoot.com\/gt\/?s={search_term_string}"},"query-input":{"@type":"PropertyValueSpecification","valueRequired":true,"valueName":"search_term_string"}}],"inLanguage":"es"},{"@type":"Organization","@id":"https:\/\/mivoot.com\/gt\/#organization","name":"Mivoot Guatemala","alternateName":"mivoot.com","url":"https:\/\/mivoot.com\/gt\/","logo":{"@type":"ImageObject","inLanguage":"es","@id":"https:\/\/mivoot.com\/gt\/#\/schema\/logo\/image\/","url":"https:\/\/mivoot.com\/gt\/wp-content\/uploads\/2023\/03\/cropped-icon.png","contentUrl":"https:\/\/mivoot.com\/gt\/wp-content\/uploads\/2023\/03\/cropped-icon.png","width":512,"height":512,"caption":"Mivoot Guatemala"},"image":{"@id":"https:\/\/mivoot.com\/gt\/#\/schema\/logo\/image\/"},"sameAs":["https:\/\/www.facebook.com\/mivootgt","https:\/\/instagram.com\/mivoot"]}]}},"jetpack_publicize_connections":[],"jetpack_sharing_enabled":true,"brands":[{"id":113,"name":"Hikvision","slug":"hikvision"}],"_links":{"self":[{"href":"https:\/\/mivoot.com\/gt\/wp-json\/wp\/v2\/product\/21063","targetHints":{"allow":["GET"]}}],"collection":[{"href":"https:\/\/mivoot.com\/gt\/wp-json\/wp\/v2\/product"}],"about":[{"href":"https:\/\/mivoot.com\/gt\/wp-json\/wp\/v2\/types\/product"}],"replies":[{"embeddable":true,"href":"https:\/\/mivoot.com\/gt\/wp-json\/wp\/v2\/comments?post=21063"}],"version-history":[{"count":1,"href":"https:\/\/mivoot.com\/gt\/wp-json\/wp\/v2\/product\/21063\/revisions"}],"predecessor-version":[{"id":21069,"href":"https:\/\/mivoot.com\/gt\/wp-json\/wp\/v2\/product\/21063\/revisions\/21069"}],"wp:featuredmedia":[{"embeddable":true,"href":"https:\/\/mivoot.com\/gt\/wp-json\/wp\/v2\/media\/21068"}],"wp:attachment":[{"href":"https:\/\/mivoot.com\/gt\/wp-json\/wp\/v2\/media?parent=21063"}],"wp:term":[{"taxonomy":"pwb-brand","embeddable":true,"href":"https:\/\/mivoot.com\/gt\/wp-json\/wp\/v2\/pwb-brand?post=21063"},{"taxonomy":"product_brand","embeddable":true,"href":"https:\/\/mivoot.com\/gt\/wp-json\/wp\/v2\/product_brand?post=21063"},{"taxonomy":"product_cat","embeddable":true,"href":"https:\/\/mivoot.com\/gt\/wp-json\/wp\/v2\/product_cat?post=21063"},{"taxonomy":"product_tag","embeddable":true,"href":"https:\/\/mivoot.com\/gt\/wp-json\/wp\/v2\/product_tag?post=21063"}],"curies":[{"name":"wp","href":"https:\/\/api.w.org\/{rel}","templated":true}]}}