{"id":21097,"date":"2024-08-05T14:53:58","date_gmt":"2024-08-05T20:53:58","guid":{"rendered":"https:\/\/mivoot.com\/gt\/?post_type=product&#038;p=21097"},"modified":"2024-08-05T17:50:20","modified_gmt":"2024-08-05T23:50:20","slug":"adaptador-de-red-usb-type-c-a-rj45-gigabit-ethernet-tp-link-2","status":"publish","type":"product","link":"https:\/\/mivoot.com\/gt\/producto\/adaptador-de-red-usb-type-c-a-rj45-gigabit-ethernet-tp-link-2\/","title":{"rendered":"Adaptador de red USB Type-C a RJ45 Gigabit Ethernet Tp-link"},"content":{"rendered":"<h2 style=\"text-align: center\">USB 3.0 Tipo-C a Gigabit Ethernet NAdaptador de red UE300C<\/h2>\n<p>&nbsp;<\/p>\n<figure><\/figure>\n<figure><img fetchpriority=\"high\" decoding=\"async\" class=\"aligncenter\" src=\"https:\/\/mivoot.com\/gt\/wp-content\/uploads\/2024\/08\/01-bg.jpg\" alt=\"\" width=\"1020\" height=\"452\" \/><figcaption><\/figcaption><\/figure>\n<h2 style=\"margin-right: 0px;margin-bottom: 0px;margin-left: 0px;padding: 0px;font-size: 3.125em;font-weight: 300;line-height: 1.2;color: #303a46;font-family: AktivGrotesk-Corp, Helvetica, sans-serif;background-color: #f9fafb;text-align: center\">Da\u00a0conexiones de Internet por cable a dispositivos USB-C<\/h2>\n<p style=\"margin-right: 0px;margin-bottom: 0px;margin-left: 0px;padding: 1em 0px 0px;font-size: 1.25em;line-height: 1.5;color: #303a46;font-family: AktivGrotesk-Corp, Helvetica, sans-serif;background-color: #f9fafb;text-align: center\">Ya se puede dar\u00a0su al\u00a0port\u00e1til, tablet, ordenador\u00a0u\u00a0otros dispositivos web alimentados por USB-C el acceso a una conexi\u00f3n de red por cable. Est\u00e1 dise\u00f1ado para que la mayor\u00eda de los dispositivos actuales disfruten de una potente conexi\u00f3n de red por cable instant\u00e1nea.<\/p>\n<p><img decoding=\"async\" class=\"aligncenter\" src=\"https:\/\/mivoot.com\/gt\/wp-content\/uploads\/2024\/08\/04_normal_1594179475702a.jpg\" alt=\"\" width=\"590\" height=\"590\" \/><\/p>\n<p>&nbsp;<\/p>\n<p>&nbsp;<\/p>\n<h2 style=\"text-align: center\">Red Gigabit<br \/>\npara una transferencia de datos r\u00e1pida y estable<\/h2>\n<p style=\"text-align: center\">Equipado con un puerto USB 3.0 y un puerto Gigabit Ethernet, admite velocidades de red de hasta 1000 Mbps, lo que lo hace ideal para transferencias r\u00e1pidas de archivos grandes, descargas, transmisi\u00f3n, juegos y m\u00e1s.<\/p>\n<p>&nbsp;<\/p>\n<p><img decoding=\"async\" class=\"aligncenter\" src=\"https:\/\/mivoot.com\/gt\/wp-content\/uploads\/2024\/08\/05_normal_1594179488023t.jpg\" alt=\"\" width=\"590\" height=\"590\" \/><\/p>\n<p>&nbsp;<\/p>\n<p>&nbsp;<\/p>\n<p style=\"text-align: center\"><div class=\"row\"  id=\"row-937162598\">\n<p style=\"text-align: center\">\n\t<div id=\"col-897063823\" class=\"col medium-1\/2 large-6\"  >\n\t\t<div class=\"col-inner\"  >\n\t\t\t\n\t\t\t\n<h2 style=\"margin-right: 0px;margin-bottom: 0px;margin-left: 0px;padding: 0px;font-size: 3.125em;font-weight: 300;line-height: 1.2;color: #303a46;font-family: AktivGrotesk-Corp, Helvetica, sans-serif;text-align: center\">Dise\u00f1o plegable y ligero<\/h2>\n<p style=\"margin-right: 0px;margin-bottom: 0px;margin-left: 0px;padding: 1em 0px 0px;font-size: 1.25em;line-height: 1.5;color: #303a46;font-family: AktivGrotesk-Corp, Helvetica, sans-serif;text-align: center\">Peso: 20 g \/ 0.71 Oz<br \/>\nTama\u00f1o: 71 x 26 x 16.2 mm (2.8 x 1.0 x 0.6 in.)<\/p>\n<p style=\"text-align: center\">\n<p style=\"text-align: center\"><img loading=\"lazy\" decoding=\"async\" class=\"aligncenter\" src=\"https:\/\/mivoot.com\/gt\/wp-content\/uploads\/2024\/08\/04-img.png\" alt=\"\" width=\"920\" height=\"693\" \/><\/p>\n<p style=\"text-align: center\">\t\t<\/div>\n\t\t\t<\/div>\n\n\t\n\n\t<div id=\"col-220894133\" class=\"col medium-1\/2 large-6\"  >\n\t\t<div class=\"col-inner\"  >\n\t\t\t\n\t\t\t\n<h2 style=\"margin-right: 0px;margin-bottom: 0px;margin-left: 0px;padding: 0px;font-size: 3.125em;font-weight: 300;line-height: 1.2;color: #303a46;font-family: AktivGrotesk-Corp, Helvetica, sans-serif;text-align: center\">Compacto y port\u00e1til sobre la marcha<\/h2>\n<p style=\"text-align: center\">\n<p style=\"text-align: center\"><img loading=\"lazy\" decoding=\"async\" class=\"aligncenter\" src=\"https:\/\/mivoot.com\/gt\/wp-content\/uploads\/2024\/08\/05-img.jpg\" alt=\"\" width=\"920\" height=\"693\" \/><\/p>\n<p style=\"text-align: center\">\t\t<\/div>\n\t\t\t<\/div>\n\n\t\n<p style=\"text-align: center\"><\/div>\n<p>&nbsp;<\/p>\n<h2 style=\"text-align: center\">F\u00e1cil de usar con Plug &amp; Play<\/h2>\n<p style=\"text-align: center\">Simplemente con\u00e9ctelo y est\u00e9 listo para usar en segundos, sin necesidad de instalar el controlador manualmente. Mientras tanto, un indicador LED intuitivo le permite conocer el estado de la red de un vistazo. Plug &amp; Play est\u00e1 habilitado para Windows 11\/10, macOS 10.9 y posterior, Chrome OS y Linux OS.<\/p>\n<p style=\"text-align: center\">Nota: Para Windows 7\/8 \/ 8.1, MacOS 10.6-10.8, se requiere un controlador y debe descargarse en el sitio web de TP-Link.<\/p>\n<p><img decoding=\"async\" class=\"aligncenter\" src=\"https:\/\/www.tp-link.com\/assets\/images\/product\/ue300c_v1\/img\/06-img.png\" alt=\"Windows | MacOS | Chrome OS | Linux\" \/><\/p>\n<p><img loading=\"lazy\" decoding=\"async\" class=\"aligncenter\" src=\"https:\/\/mivoot.com\/gt\/wp-content\/uploads\/2024\/08\/06-bg.jpg\" alt=\"\" width=\"1020\" height=\"484\" \/><br \/>\n<img loading=\"lazy\" decoding=\"async\" class=\"aligncenter\" src=\"https:\/\/mivoot.com\/gt\/wp-content\/uploads\/2024\/08\/Captura-de-pantalla-2024-08-05-145357.png\" alt=\"\" width=\"1020\" height=\"448\" \/><\/p>\n","protected":false},"excerpt":{"rendered":"<p>&#8211; El dise\u00f1o plegable y port\u00e1til se adapta perfectamente a su Ultrabook<br \/>\n&#8211; Ideal para port\u00e1tiles, tabletas y la mayor\u00eda de los dispositivos web alimentados por USB-C para acceder a la red cableada<br \/>\n&#8211; La soluci\u00f3n USB 3.0 y Gigabit m\u00e1s r\u00e1pida garantiza una tasa de transferencia de alta velocidad de hasta 1000 Mbps<br \/>\n&#8211; Dimensiones: 71 x 26 x 16.2mm (2.8 x 1.0 x 0.6 in.)<br \/>\n&#8211; Interfaz de Entrada: 1 Puerto 10\/100\/1000Mbps RJ45 Ethernet<br \/>\n&#8211; Interfaz de Salida: 1 Puerto USB 3.0<br \/>\n&#8211; Chipset: RTL8153<br \/>\n&#8211; Sistemas Soportados: Windows 11\/10\/8.1\/8\/7 Mac OS Chrome OS Linux (Ubuntu)<\/p>\n","protected":false},"featured_media":21104,"comment_status":"open","ping_status":"closed","template":"","meta":{"jetpack_publicize_message":"","jetpack_publicize_feature_enabled":true,"jetpack_social_post_already_shared":true,"jetpack_social_options":{"image_generator_settings":{"template":"highway","default_image_id":0,"font":"","enabled":false},"version":2}},"pwb-brand":[320],"product_brand":[],"product_cat":[331,17],"product_tag":[],"class_list":{"0":"post-21097","1":"product","2":"type-product","3":"status-publish","4":"has-post-thumbnail","6":"pwb-brand-tp-link","7":"product_cat-redes-y-conexiones","8":"product_cat-redes-e-internet","10":"first","11":"instock","12":"taxable","13":"shipping-taxable","14":"product-type-simple"},"yoast_head":"<!-- This site is optimized with the Yoast SEO Premium plugin v25.7.1 (Yoast SEO v26.8) - https:\/\/yoast.com\/product\/yoast-seo-premium-wordpress\/ -->\n<title>Adaptador de red USB Type-C a RJ45 Gigabit Ethernet Tp-link - Mivoot<\/title>\n<meta name=\"robots\" content=\"index, follow, max-snippet:-1, max-image-preview:large, max-video-preview:-1\" \/>\n<link rel=\"canonical\" href=\"https:\/\/mivoot.com\/gt\/producto\/adaptador-de-red-usb-type-c-a-rj45-gigabit-ethernet-tp-link-2\/\" \/>\n<meta property=\"og:locale\" content=\"es_ES\" \/>\n<meta property=\"og:type\" content=\"article\" \/>\n<meta property=\"og:title\" content=\"Adaptador de red USB Type-C a RJ45 Gigabit Ethernet Tp-link\" \/>\n<meta property=\"og:description\" content=\"- El dise\u00f1o plegable y port\u00e1til se adapta perfectamente a su Ultrabook - Ideal para port\u00e1tiles, tabletas y la mayor\u00eda de los dispositivos web alimentados por USB-C para acceder a la red cableada - La soluci\u00f3n USB 3.0 y Gigabit m\u00e1s r\u00e1pida garantiza una tasa de transferencia de alta velocidad de hasta 1000 Mbps - Dimensiones: 71 x 26 x 16.2mm (2.8 x 1.0 x 0.6 in.) - Interfaz de Entrada: 1 Puerto 10\/100\/1000Mbps RJ45 Ethernet - Interfaz de Salida: 1 Puerto USB 3.0 - Chipset: RTL8153 - Sistemas Soportados: Windows 11\/10\/8.1\/8\/7 Mac OS Chrome OS Linux (Ubuntu)\" \/>\n<meta property=\"og:url\" content=\"https:\/\/mivoot.com\/gt\/producto\/adaptador-de-red-usb-type-c-a-rj45-gigabit-ethernet-tp-link-2\/\" \/>\n<meta property=\"og:site_name\" content=\"Mivoot\" \/>\n<meta property=\"article:publisher\" content=\"https:\/\/www.facebook.com\/mivootgt\" \/>\n<meta property=\"article:modified_time\" content=\"2024-08-05T23:50:20+00:00\" \/>\n<meta property=\"og:image\" content=\"https:\/\/mivoot.com\/gt\/wp-content\/uploads\/2024\/08\/01_normal_1594179427146u.jpg\" \/>\n\t<meta property=\"og:image:width\" content=\"590\" \/>\n\t<meta property=\"og:image:height\" content=\"590\" \/>\n\t<meta property=\"og:image:type\" content=\"image\/jpeg\" \/>\n<meta name=\"twitter:card\" content=\"summary_large_image\" \/>\n<meta name=\"twitter:label1\" content=\"Est. reading time\" \/>\n\t<meta name=\"twitter:data1\" content=\"3 minutos\" \/>\n<script type=\"application\/ld+json\" class=\"yoast-schema-graph\">{\"@context\":\"https:\/\/schema.org\",\"@graph\":[{\"@type\":\"WebPage\",\"@id\":\"https:\/\/mivoot.com\/gt\/producto\/adaptador-de-red-usb-type-c-a-rj45-gigabit-ethernet-tp-link-2\/\",\"url\":\"https:\/\/mivoot.com\/gt\/producto\/adaptador-de-red-usb-type-c-a-rj45-gigabit-ethernet-tp-link-2\/\",\"name\":\"Adaptador de red USB Type-C a RJ45 Gigabit Ethernet Tp-link - Mivoot\",\"isPartOf\":{\"@id\":\"https:\/\/mivoot.com\/gt\/#website\"},\"primaryImageOfPage\":{\"@id\":\"https:\/\/mivoot.com\/gt\/producto\/adaptador-de-red-usb-type-c-a-rj45-gigabit-ethernet-tp-link-2\/#primaryimage\"},\"image\":{\"@id\":\"https:\/\/mivoot.com\/gt\/producto\/adaptador-de-red-usb-type-c-a-rj45-gigabit-ethernet-tp-link-2\/#primaryimage\"},\"thumbnailUrl\":\"https:\/\/mivoot.com\/gt\/wp-content\/uploads\/2024\/08\/01_normal_1594179427146u.jpg\",\"datePublished\":\"2024-08-05T20:53:58+00:00\",\"dateModified\":\"2024-08-05T23:50:20+00:00\",\"breadcrumb\":{\"@id\":\"https:\/\/mivoot.com\/gt\/producto\/adaptador-de-red-usb-type-c-a-rj45-gigabit-ethernet-tp-link-2\/#breadcrumb\"},\"inLanguage\":\"es\",\"potentialAction\":[{\"@type\":\"ReadAction\",\"target\":[\"https:\/\/mivoot.com\/gt\/producto\/adaptador-de-red-usb-type-c-a-rj45-gigabit-ethernet-tp-link-2\/\"]}]},{\"@type\":\"ImageObject\",\"inLanguage\":\"es\",\"@id\":\"https:\/\/mivoot.com\/gt\/producto\/adaptador-de-red-usb-type-c-a-rj45-gigabit-ethernet-tp-link-2\/#primaryimage\",\"url\":\"https:\/\/mivoot.com\/gt\/wp-content\/uploads\/2024\/08\/01_normal_1594179427146u.jpg\",\"contentUrl\":\"https:\/\/mivoot.com\/gt\/wp-content\/uploads\/2024\/08\/01_normal_1594179427146u.jpg\",\"width\":590,\"height\":590},{\"@type\":\"BreadcrumbList\",\"@id\":\"https:\/\/mivoot.com\/gt\/producto\/adaptador-de-red-usb-type-c-a-rj45-gigabit-ethernet-tp-link-2\/#breadcrumb\",\"itemListElement\":[{\"@type\":\"ListItem\",\"position\":1,\"name\":\"Inicio\",\"item\":\"https:\/\/mivoot.com\/gt\/\"},{\"@type\":\"ListItem\",\"position\":2,\"name\":\"Productos\",\"item\":\"https:\/\/mivoot.com\/gt\/producto\/\"},{\"@type\":\"ListItem\",\"position\":3,\"name\":\"TP-Link\",\"item\":\"https:\/\/mivoot.com\/gt\/marca\/tp-link\/\"},{\"@type\":\"ListItem\",\"position\":4,\"name\":\"Adaptador de red USB Type-C a RJ45 Gigabit Ethernet Tp-link\"}]},{\"@type\":\"WebSite\",\"@id\":\"https:\/\/mivoot.com\/gt\/#website\",\"url\":\"https:\/\/mivoot.com\/gt\/\",\"name\":\"Mivoot\",\"description\":\"Mivoot Guatemala | Tienda Online\",\"publisher\":{\"@id\":\"https:\/\/mivoot.com\/gt\/#organization\"},\"alternateName\":\"mivoot\",\"potentialAction\":[{\"@type\":\"SearchAction\",\"target\":{\"@type\":\"EntryPoint\",\"urlTemplate\":\"https:\/\/mivoot.com\/gt\/?s={search_term_string}\"},\"query-input\":{\"@type\":\"PropertyValueSpecification\",\"valueRequired\":true,\"valueName\":\"search_term_string\"}}],\"inLanguage\":\"es\"},{\"@type\":\"Organization\",\"@id\":\"https:\/\/mivoot.com\/gt\/#organization\",\"name\":\"Mivoot Guatemala\",\"alternateName\":\"mivoot.com\",\"url\":\"https:\/\/mivoot.com\/gt\/\",\"logo\":{\"@type\":\"ImageObject\",\"inLanguage\":\"es\",\"@id\":\"https:\/\/mivoot.com\/gt\/#\/schema\/logo\/image\/\",\"url\":\"https:\/\/mivoot.com\/gt\/wp-content\/uploads\/2023\/03\/cropped-icon.png\",\"contentUrl\":\"https:\/\/mivoot.com\/gt\/wp-content\/uploads\/2023\/03\/cropped-icon.png\",\"width\":512,\"height\":512,\"caption\":\"Mivoot Guatemala\"},\"image\":{\"@id\":\"https:\/\/mivoot.com\/gt\/#\/schema\/logo\/image\/\"},\"sameAs\":[\"https:\/\/www.facebook.com\/mivootgt\",\"https:\/\/instagram.com\/mivoot\"]}]}<\/script>\n<!-- \/ Yoast SEO Premium plugin. -->","yoast_head_json":{"title":"Adaptador de red USB Type-C a RJ45 Gigabit Ethernet Tp-link - Mivoot","robots":{"index":"index","follow":"follow","max-snippet":"max-snippet:-1","max-image-preview":"max-image-preview:large","max-video-preview":"max-video-preview:-1"},"canonical":"https:\/\/mivoot.com\/gt\/producto\/adaptador-de-red-usb-type-c-a-rj45-gigabit-ethernet-tp-link-2\/","og_locale":"es_ES","og_type":"article","og_title":"Adaptador de red USB Type-C a RJ45 Gigabit Ethernet Tp-link","og_description":"- El dise\u00f1o plegable y port\u00e1til se adapta perfectamente a su Ultrabook - Ideal para port\u00e1tiles, tabletas y la mayor\u00eda de los dispositivos web alimentados por USB-C para acceder a la red cableada - La soluci\u00f3n USB 3.0 y Gigabit m\u00e1s r\u00e1pida garantiza una tasa de transferencia de alta velocidad de hasta 1000 Mbps - Dimensiones: 71 x 26 x 16.2mm (2.8 x 1.0 x 0.6 in.) - Interfaz de Entrada: 1 Puerto 10\/100\/1000Mbps RJ45 Ethernet - Interfaz de Salida: 1 Puerto USB 3.0 - Chipset: RTL8153 - Sistemas Soportados: Windows 11\/10\/8.1\/8\/7 Mac OS Chrome OS Linux (Ubuntu)","og_url":"https:\/\/mivoot.com\/gt\/producto\/adaptador-de-red-usb-type-c-a-rj45-gigabit-ethernet-tp-link-2\/","og_site_name":"Mivoot","article_publisher":"https:\/\/www.facebook.com\/mivootgt","article_modified_time":"2024-08-05T23:50:20+00:00","og_image":[{"width":590,"height":590,"url":"https:\/\/mivoot.com\/gt\/wp-content\/uploads\/2024\/08\/01_normal_1594179427146u.jpg","type":"image\/jpeg"}],"twitter_card":"summary_large_image","twitter_misc":{"Est. reading time":"3 minutos"},"schema":{"@context":"https:\/\/schema.org","@graph":[{"@type":"WebPage","@id":"https:\/\/mivoot.com\/gt\/producto\/adaptador-de-red-usb-type-c-a-rj45-gigabit-ethernet-tp-link-2\/","url":"https:\/\/mivoot.com\/gt\/producto\/adaptador-de-red-usb-type-c-a-rj45-gigabit-ethernet-tp-link-2\/","name":"Adaptador de red USB Type-C a RJ45 Gigabit Ethernet Tp-link - Mivoot","isPartOf":{"@id":"https:\/\/mivoot.com\/gt\/#website"},"primaryImageOfPage":{"@id":"https:\/\/mivoot.com\/gt\/producto\/adaptador-de-red-usb-type-c-a-rj45-gigabit-ethernet-tp-link-2\/#primaryimage"},"image":{"@id":"https:\/\/mivoot.com\/gt\/producto\/adaptador-de-red-usb-type-c-a-rj45-gigabit-ethernet-tp-link-2\/#primaryimage"},"thumbnailUrl":"https:\/\/mivoot.com\/gt\/wp-content\/uploads\/2024\/08\/01_normal_1594179427146u.jpg","datePublished":"2024-08-05T20:53:58+00:00","dateModified":"2024-08-05T23:50:20+00:00","breadcrumb":{"@id":"https:\/\/mivoot.com\/gt\/producto\/adaptador-de-red-usb-type-c-a-rj45-gigabit-ethernet-tp-link-2\/#breadcrumb"},"inLanguage":"es","potentialAction":[{"@type":"ReadAction","target":["https:\/\/mivoot.com\/gt\/producto\/adaptador-de-red-usb-type-c-a-rj45-gigabit-ethernet-tp-link-2\/"]}]},{"@type":"ImageObject","inLanguage":"es","@id":"https:\/\/mivoot.com\/gt\/producto\/adaptador-de-red-usb-type-c-a-rj45-gigabit-ethernet-tp-link-2\/#primaryimage","url":"https:\/\/mivoot.com\/gt\/wp-content\/uploads\/2024\/08\/01_normal_1594179427146u.jpg","contentUrl":"https:\/\/mivoot.com\/gt\/wp-content\/uploads\/2024\/08\/01_normal_1594179427146u.jpg","width":590,"height":590},{"@type":"BreadcrumbList","@id":"https:\/\/mivoot.com\/gt\/producto\/adaptador-de-red-usb-type-c-a-rj45-gigabit-ethernet-tp-link-2\/#breadcrumb","itemListElement":[{"@type":"ListItem","position":1,"name":"Inicio","item":"https:\/\/mivoot.com\/gt\/"},{"@type":"ListItem","position":2,"name":"Productos","item":"https:\/\/mivoot.com\/gt\/producto\/"},{"@type":"ListItem","position":3,"name":"TP-Link","item":"https:\/\/mivoot.com\/gt\/marca\/tp-link\/"},{"@type":"ListItem","position":4,"name":"Adaptador de red USB Type-C a RJ45 Gigabit Ethernet Tp-link"}]},{"@type":"WebSite","@id":"https:\/\/mivoot.com\/gt\/#website","url":"https:\/\/mivoot.com\/gt\/","name":"Mivoot","description":"Mivoot Guatemala | Tienda Online","publisher":{"@id":"https:\/\/mivoot.com\/gt\/#organization"},"alternateName":"mivoot","potentialAction":[{"@type":"SearchAction","target":{"@type":"EntryPoint","urlTemplate":"https:\/\/mivoot.com\/gt\/?s={search_term_string}"},"query-input":{"@type":"PropertyValueSpecification","valueRequired":true,"valueName":"search_term_string"}}],"inLanguage":"es"},{"@type":"Organization","@id":"https:\/\/mivoot.com\/gt\/#organization","name":"Mivoot Guatemala","alternateName":"mivoot.com","url":"https:\/\/mivoot.com\/gt\/","logo":{"@type":"ImageObject","inLanguage":"es","@id":"https:\/\/mivoot.com\/gt\/#\/schema\/logo\/image\/","url":"https:\/\/mivoot.com\/gt\/wp-content\/uploads\/2023\/03\/cropped-icon.png","contentUrl":"https:\/\/mivoot.com\/gt\/wp-content\/uploads\/2023\/03\/cropped-icon.png","width":512,"height":512,"caption":"Mivoot Guatemala"},"image":{"@id":"https:\/\/mivoot.com\/gt\/#\/schema\/logo\/image\/"},"sameAs":["https:\/\/www.facebook.com\/mivootgt","https:\/\/instagram.com\/mivoot"]}]}},"jetpack_publicize_connections":[],"jetpack_sharing_enabled":true,"brands":[{"id":320,"name":"TP-Link","slug":"tp-link"}],"_links":{"self":[{"href":"https:\/\/mivoot.com\/gt\/wp-json\/wp\/v2\/product\/21097","targetHints":{"allow":["GET"]}}],"collection":[{"href":"https:\/\/mivoot.com\/gt\/wp-json\/wp\/v2\/product"}],"about":[{"href":"https:\/\/mivoot.com\/gt\/wp-json\/wp\/v2\/types\/product"}],"replies":[{"embeddable":true,"href":"https:\/\/mivoot.com\/gt\/wp-json\/wp\/v2\/comments?post=21097"}],"version-history":[{"count":7,"href":"https:\/\/mivoot.com\/gt\/wp-json\/wp\/v2\/product\/21097\/revisions"}],"predecessor-version":[{"id":21174,"href":"https:\/\/mivoot.com\/gt\/wp-json\/wp\/v2\/product\/21097\/revisions\/21174"}],"wp:featuredmedia":[{"embeddable":true,"href":"https:\/\/mivoot.com\/gt\/wp-json\/wp\/v2\/media\/21104"}],"wp:attachment":[{"href":"https:\/\/mivoot.com\/gt\/wp-json\/wp\/v2\/media?parent=21097"}],"wp:term":[{"taxonomy":"pwb-brand","embeddable":true,"href":"https:\/\/mivoot.com\/gt\/wp-json\/wp\/v2\/pwb-brand?post=21097"},{"taxonomy":"product_brand","embeddable":true,"href":"https:\/\/mivoot.com\/gt\/wp-json\/wp\/v2\/product_brand?post=21097"},{"taxonomy":"product_cat","embeddable":true,"href":"https:\/\/mivoot.com\/gt\/wp-json\/wp\/v2\/product_cat?post=21097"},{"taxonomy":"product_tag","embeddable":true,"href":"https:\/\/mivoot.com\/gt\/wp-json\/wp\/v2\/product_tag?post=21097"}],"curies":[{"name":"wp","href":"https:\/\/api.w.org\/{rel}","templated":true}]}}