{"id":21115,"date":"2024-08-05T12:42:30","date_gmt":"2024-08-05T18:42:30","guid":{"rendered":"https:\/\/mivoot.com\/gt\/?post_type=product&#038;p=21115"},"modified":"2024-08-05T12:47:07","modified_gmt":"2024-08-05T18:47:07","slug":"telefono-ip-enterprise-para-recepcionista-20-lineas-x210-fanvil","status":"publish","type":"product","link":"https:\/\/mivoot.com\/gt\/producto\/telefono-ip-enterprise-para-recepcionista-20-lineas-x210-fanvil\/","title":{"rendered":"Tel\u00e9fono IP Enterprise para Recepcionista 20 Lineas Bluetooth X210 Fanvil"},"content":{"rendered":"<p><img decoding=\"async\" src=\"https:\/\/www.fanvil.com\/upload\/images\/20220511\/11178p80rz.jpg\" \/><\/p>\n<ul class=\"a-unordered-list a-vertical a-spacing-mini\">\n<li class=\"a-spacing-mini\"><span class=\"a-list-item\">Fanvil X210 Tel\u00e9fono IP empresarial de gama alta 20 l\u00edneas SIP Bluetooth incorporados puertos Gigabit duales con PoE y conectividad Wi-Fi<\/span><\/li>\n<li class=\"a-spacing-mini\"><span class=\"a-list-item\">20 l\u00edneas SIP, conferencia de 3 v\u00edas, punto de acceso<\/span><\/li>\n<li class=\"a-spacing-mini\"><span class=\"a-list-item\">Hasta 106 teclas DSS (42 teclas f\u00edsicas tricolores)<\/span><\/li>\n<li class=\"a-spacing-mini\"><span class=\"a-list-item\">Soporte de Video Codec H.264 para recibir videollamadas<\/span><\/li>\n<li class=\"a-spacing-mini\"><span class=\"a-list-item\">Pantalla a color principal de 4.3&#8243;, pantallas laterales a color de 2 \u00d7 3.5 pulgadas para teclas DSS<\/span><\/li>\n<\/ul>\n<h3><strong style=\"color: #555555; font-size: 14.4px;\">Caracter\u00edsticas principales:<\/strong><\/h3>\n<ul>\n<li>20 l\u00edneas SIP, conferencia de 3 v\u00edas, hotspot<\/li>\n<li>Puertos Gigabit<\/li>\n<li>Audio HD en altavoz y auricular.<\/li>\n<li>Pantalla de color principal de 4.3 &#8220;<\/li>\n<li>Bluetooth incorporado<\/li>\n<li>2 \u00d7 3.5 &#8220;pantallas laterales en color para teclas DSS<\/li>\n<li>Hasta 106 teclas DSS (42 teclas f\u00edsicas de tres colores)<\/li>\n<li>Puertos Gigabit duales, PoE integrado<\/li>\n<li>Compatible con auriculares EHS<\/li>\n<li>Compatibilidad con Video Codec H.264 para recibir videollamadas<\/li>\n<li>Soporte con 2 \u00e1ngulos ajustables de 40 y 50 grados.<\/li>\n<li>Compatible con las principales plataformas: 3CX, Asterisk, Broadsoft , Metaswitch, Avaya etc.<\/li>\n<\/ul>\n<h3><strong style=\"font-size: 14.4px;\">F\u00edsicas y El\u00e9ctricas:<\/strong><\/h3>\n<div class=\"col-sm-4\">\n<ul>\n<li>Consumo con PoE 2.6W a 9W<\/li>\n<li>Consumo con adaptador 2.4W a 8W<\/li>\n<li>Temperatura de trabajo de 0 a 40<\/li>\n<li>PoE 802.3af<\/li>\n<li>Entrada de adaptador DC 5 Vcc, 2.0 A (No incluida)<\/li>\n<\/ul>\n<h3><strong style=\"font-size: 14.4px;\">Especificaciones de Red:<\/strong><\/h3>\n<\/div>\n<div class=\"col-sm-4\">\n<ul>\n<li>2 puertos Ethernet 10\/100\/1000 Mbps modo puente para bypass a PC<\/li>\n<li>Configuraci\u00f3n de IP: est\u00e1tico \/ DHCP \/ PPPoE<\/li>\n<li>Control de acceso por red: 802.1x<\/li>\n<li>VPN: L2TP (Desencriptado b\u00e1sico)<\/li>\n<li>VLAN<\/li>\n<li>QoS<\/li>\n<li>Bluetooth integrado<\/li>\n<\/ul>\n<p><img decoding=\"async\" src=\"https:\/\/www.fanvil.com\/upload\/images\/20230804\/120068r242.jpg\" \/><\/p>\n<p><img decoding=\"async\" src=\"https:\/\/www.fanvil.com\/upload\/images\/20230618\/2121xz46b6.jpg\" alt=\"6.jpg\" \/><img decoding=\"async\" src=\"https:\/\/www.fanvil.com\/upload\/images\/20230619\/1424nn4zz4.jpg\" alt=\"7.jpg\" \/><\/p>\n<\/div>\n","protected":false},"excerpt":{"rendered":"<p>&#8211; 20 lineas SIP<br \/>\n&#8211; Soporta recepci\u00f3n de video (de video porteros Fanvil y Grandstream)<br \/>\n&#8211; Bluetooth para cualquier diadema<br \/>\n&#8211; Conectividad WiFi (V\u00eda Dongle &#8211; consultar stock)<br \/>\n&#8211; Conferencia a 3 v\u00edas<br \/>\n&#8211; Audio HD<br \/>\n&#8211; Pantalla principal 4.3&#8221; a color, pantallas laterales en color 2.3.5&#8221; para teclas DSS<br \/>\n&#8211; Hasta 106 teclas DSS (45 teclas tri-color)<br \/>\n&#8211; C\u00f3dec video H.264<br \/>\n&#8211; Doble puerto Gigabit, PoE integrado | 10\/100\/1000Mbps<br \/>\n&#8211; Pie ajustable a 40 y 50 grados<br \/>\n&#8211; 2 x RJ9: Handset x 1, Headset x 1<br \/>\n&#8211; 2 x RJ45: Network x 1, PC x 1<br \/>\n&#8211; 1 x USB 2.0<\/p>\n","protected":false},"featured_media":21120,"comment_status":"open","ping_status":"closed","template":"","meta":{"jetpack_publicize_message":"","jetpack_publicize_feature_enabled":true,"jetpack_social_post_already_shared":true,"jetpack_social_options":{"image_generator_settings":{"template":"highway","default_image_id":0,"font":"","enabled":false},"version":2}},"pwb-brand":[557],"product_brand":[],"product_cat":[329],"product_tag":[],"class_list":{"0":"post-21115","1":"product","2":"type-product","3":"status-publish","4":"has-post-thumbnail","6":"pwb-brand-fanvil-guatemala","7":"product_cat-telefonos-ip","9":"first","10":"instock","11":"taxable","12":"shipping-taxable","13":"purchasable","14":"product-type-simple"},"yoast_head":"<!-- This site is optimized with the Yoast SEO Premium plugin v25.7.1 (Yoast SEO v26.8) - https:\/\/yoast.com\/product\/yoast-seo-premium-wordpress\/ -->\n<title>Tel\u00e9fono IP Enterprise para Recepcionista 20 Lineas Bluetooth X210 Fanvil - Mivoot<\/title>\n<meta name=\"robots\" content=\"index, follow, max-snippet:-1, max-image-preview:large, max-video-preview:-1\" \/>\n<link rel=\"canonical\" href=\"https:\/\/mivoot.com\/gt\/producto\/telefono-ip-enterprise-para-recepcionista-20-lineas-x210-fanvil\/\" \/>\n<meta property=\"og:locale\" content=\"es_ES\" \/>\n<meta property=\"og:type\" content=\"article\" \/>\n<meta property=\"og:title\" content=\"Tel\u00e9fono IP Enterprise para Recepcionista 20 Lineas Bluetooth X210 Fanvil\" \/>\n<meta property=\"og:description\" content=\"- 20 lineas SIP - Soporta recepci\u00f3n de video (de video porteros Fanvil y Grandstream) - Bluetooth para cualquier diadema - Conectividad WiFi (V\u00eda Dongle - consultar stock) - Conferencia a 3 v\u00edas - Audio HD - Pantalla principal 4.3&#039;&#039; a color, pantallas laterales en color 2.3.5&#039;&#039; para teclas DSS - Hasta 106 teclas DSS (45 teclas tri-color) - C\u00f3dec video H.264 - Doble puerto Gigabit, PoE integrado | 10\/100\/1000Mbps - Pie ajustable a 40 y 50 grados - 2 x RJ9: Handset x 1, Headset x 1 - 2 x RJ45: Network x 1, PC x 1 - 1 x USB 2.0\" \/>\n<meta property=\"og:url\" content=\"https:\/\/mivoot.com\/gt\/producto\/telefono-ip-enterprise-para-recepcionista-20-lineas-x210-fanvil\/\" \/>\n<meta property=\"og:site_name\" content=\"Mivoot\" \/>\n<meta property=\"article:publisher\" content=\"https:\/\/www.facebook.com\/mivootgt\" \/>\n<meta property=\"article:modified_time\" content=\"2024-08-05T18:47:07+00:00\" \/>\n<meta property=\"og:image\" content=\"https:\/\/mivoot.com\/gt\/wp-content\/uploads\/2024\/08\/X210-AD-1-l.png\" \/>\n\t<meta property=\"og:image:width\" content=\"1000\" \/>\n\t<meta property=\"og:image:height\" content=\"1000\" \/>\n\t<meta property=\"og:image:type\" content=\"image\/png\" \/>\n<meta name=\"twitter:card\" content=\"summary_large_image\" \/>\n<meta name=\"twitter:label1\" content=\"Est. reading time\" \/>\n\t<meta name=\"twitter:data1\" content=\"2 minutos\" \/>\n<script type=\"application\/ld+json\" class=\"yoast-schema-graph\">{\"@context\":\"https:\/\/schema.org\",\"@graph\":[{\"@type\":\"WebPage\",\"@id\":\"https:\/\/mivoot.com\/gt\/producto\/telefono-ip-enterprise-para-recepcionista-20-lineas-x210-fanvil\/\",\"url\":\"https:\/\/mivoot.com\/gt\/producto\/telefono-ip-enterprise-para-recepcionista-20-lineas-x210-fanvil\/\",\"name\":\"Tel\u00e9fono IP Enterprise para Recepcionista 20 Lineas Bluetooth X210 Fanvil - Mivoot\",\"isPartOf\":{\"@id\":\"https:\/\/mivoot.com\/gt\/#website\"},\"primaryImageOfPage\":{\"@id\":\"https:\/\/mivoot.com\/gt\/producto\/telefono-ip-enterprise-para-recepcionista-20-lineas-x210-fanvil\/#primaryimage\"},\"image\":{\"@id\":\"https:\/\/mivoot.com\/gt\/producto\/telefono-ip-enterprise-para-recepcionista-20-lineas-x210-fanvil\/#primaryimage\"},\"thumbnailUrl\":\"https:\/\/mivoot.com\/gt\/wp-content\/uploads\/2024\/08\/X210-AD-1-l.png\",\"datePublished\":\"2024-08-05T18:42:30+00:00\",\"dateModified\":\"2024-08-05T18:47:07+00:00\",\"breadcrumb\":{\"@id\":\"https:\/\/mivoot.com\/gt\/producto\/telefono-ip-enterprise-para-recepcionista-20-lineas-x210-fanvil\/#breadcrumb\"},\"inLanguage\":\"es\",\"potentialAction\":[{\"@type\":\"ReadAction\",\"target\":[\"https:\/\/mivoot.com\/gt\/producto\/telefono-ip-enterprise-para-recepcionista-20-lineas-x210-fanvil\/\"]}]},{\"@type\":\"ImageObject\",\"inLanguage\":\"es\",\"@id\":\"https:\/\/mivoot.com\/gt\/producto\/telefono-ip-enterprise-para-recepcionista-20-lineas-x210-fanvil\/#primaryimage\",\"url\":\"https:\/\/mivoot.com\/gt\/wp-content\/uploads\/2024\/08\/X210-AD-1-l.png\",\"contentUrl\":\"https:\/\/mivoot.com\/gt\/wp-content\/uploads\/2024\/08\/X210-AD-1-l.png\",\"width\":1000,\"height\":1000},{\"@type\":\"BreadcrumbList\",\"@id\":\"https:\/\/mivoot.com\/gt\/producto\/telefono-ip-enterprise-para-recepcionista-20-lineas-x210-fanvil\/#breadcrumb\",\"itemListElement\":[{\"@type\":\"ListItem\",\"position\":1,\"name\":\"Inicio\",\"item\":\"https:\/\/mivoot.com\/gt\/\"},{\"@type\":\"ListItem\",\"position\":2,\"name\":\"Productos\",\"item\":\"https:\/\/mivoot.com\/gt\/producto\/\"},{\"@type\":\"ListItem\",\"position\":3,\"name\":\"Fanvil\",\"item\":\"https:\/\/mivoot.com\/gt\/marca\/fanvil-guatemala\/\"},{\"@type\":\"ListItem\",\"position\":4,\"name\":\"Tel\u00e9fono IP Enterprise para Recepcionista 20 Lineas Bluetooth X210 Fanvil\"}]},{\"@type\":\"WebSite\",\"@id\":\"https:\/\/mivoot.com\/gt\/#website\",\"url\":\"https:\/\/mivoot.com\/gt\/\",\"name\":\"Mivoot\",\"description\":\"Mivoot Guatemala | Tienda Online\",\"publisher\":{\"@id\":\"https:\/\/mivoot.com\/gt\/#organization\"},\"alternateName\":\"mivoot\",\"potentialAction\":[{\"@type\":\"SearchAction\",\"target\":{\"@type\":\"EntryPoint\",\"urlTemplate\":\"https:\/\/mivoot.com\/gt\/?s={search_term_string}\"},\"query-input\":{\"@type\":\"PropertyValueSpecification\",\"valueRequired\":true,\"valueName\":\"search_term_string\"}}],\"inLanguage\":\"es\"},{\"@type\":\"Organization\",\"@id\":\"https:\/\/mivoot.com\/gt\/#organization\",\"name\":\"Mivoot Guatemala\",\"alternateName\":\"mivoot.com\",\"url\":\"https:\/\/mivoot.com\/gt\/\",\"logo\":{\"@type\":\"ImageObject\",\"inLanguage\":\"es\",\"@id\":\"https:\/\/mivoot.com\/gt\/#\/schema\/logo\/image\/\",\"url\":\"https:\/\/mivoot.com\/gt\/wp-content\/uploads\/2023\/03\/cropped-icon.png\",\"contentUrl\":\"https:\/\/mivoot.com\/gt\/wp-content\/uploads\/2023\/03\/cropped-icon.png\",\"width\":512,\"height\":512,\"caption\":\"Mivoot Guatemala\"},\"image\":{\"@id\":\"https:\/\/mivoot.com\/gt\/#\/schema\/logo\/image\/\"},\"sameAs\":[\"https:\/\/www.facebook.com\/mivootgt\",\"https:\/\/instagram.com\/mivoot\"]}]}<\/script>\n<!-- \/ Yoast SEO Premium plugin. -->","yoast_head_json":{"title":"Tel\u00e9fono IP Enterprise para Recepcionista 20 Lineas Bluetooth X210 Fanvil - Mivoot","robots":{"index":"index","follow":"follow","max-snippet":"max-snippet:-1","max-image-preview":"max-image-preview:large","max-video-preview":"max-video-preview:-1"},"canonical":"https:\/\/mivoot.com\/gt\/producto\/telefono-ip-enterprise-para-recepcionista-20-lineas-x210-fanvil\/","og_locale":"es_ES","og_type":"article","og_title":"Tel\u00e9fono IP Enterprise para Recepcionista 20 Lineas Bluetooth X210 Fanvil","og_description":"- 20 lineas SIP - Soporta recepci\u00f3n de video (de video porteros Fanvil y Grandstream) - Bluetooth para cualquier diadema - Conectividad WiFi (V\u00eda Dongle - consultar stock) - Conferencia a 3 v\u00edas - Audio HD - Pantalla principal 4.3'' a color, pantallas laterales en color 2.3.5'' para teclas DSS - Hasta 106 teclas DSS (45 teclas tri-color) - C\u00f3dec video H.264 - Doble puerto Gigabit, PoE integrado | 10\/100\/1000Mbps - Pie ajustable a 40 y 50 grados - 2 x RJ9: Handset x 1, Headset x 1 - 2 x RJ45: Network x 1, PC x 1 - 1 x USB 2.0","og_url":"https:\/\/mivoot.com\/gt\/producto\/telefono-ip-enterprise-para-recepcionista-20-lineas-x210-fanvil\/","og_site_name":"Mivoot","article_publisher":"https:\/\/www.facebook.com\/mivootgt","article_modified_time":"2024-08-05T18:47:07+00:00","og_image":[{"width":1000,"height":1000,"url":"https:\/\/mivoot.com\/gt\/wp-content\/uploads\/2024\/08\/X210-AD-1-l.png","type":"image\/png"}],"twitter_card":"summary_large_image","twitter_misc":{"Est. reading time":"2 minutos"},"schema":{"@context":"https:\/\/schema.org","@graph":[{"@type":"WebPage","@id":"https:\/\/mivoot.com\/gt\/producto\/telefono-ip-enterprise-para-recepcionista-20-lineas-x210-fanvil\/","url":"https:\/\/mivoot.com\/gt\/producto\/telefono-ip-enterprise-para-recepcionista-20-lineas-x210-fanvil\/","name":"Tel\u00e9fono IP Enterprise para Recepcionista 20 Lineas Bluetooth X210 Fanvil - Mivoot","isPartOf":{"@id":"https:\/\/mivoot.com\/gt\/#website"},"primaryImageOfPage":{"@id":"https:\/\/mivoot.com\/gt\/producto\/telefono-ip-enterprise-para-recepcionista-20-lineas-x210-fanvil\/#primaryimage"},"image":{"@id":"https:\/\/mivoot.com\/gt\/producto\/telefono-ip-enterprise-para-recepcionista-20-lineas-x210-fanvil\/#primaryimage"},"thumbnailUrl":"https:\/\/mivoot.com\/gt\/wp-content\/uploads\/2024\/08\/X210-AD-1-l.png","datePublished":"2024-08-05T18:42:30+00:00","dateModified":"2024-08-05T18:47:07+00:00","breadcrumb":{"@id":"https:\/\/mivoot.com\/gt\/producto\/telefono-ip-enterprise-para-recepcionista-20-lineas-x210-fanvil\/#breadcrumb"},"inLanguage":"es","potentialAction":[{"@type":"ReadAction","target":["https:\/\/mivoot.com\/gt\/producto\/telefono-ip-enterprise-para-recepcionista-20-lineas-x210-fanvil\/"]}]},{"@type":"ImageObject","inLanguage":"es","@id":"https:\/\/mivoot.com\/gt\/producto\/telefono-ip-enterprise-para-recepcionista-20-lineas-x210-fanvil\/#primaryimage","url":"https:\/\/mivoot.com\/gt\/wp-content\/uploads\/2024\/08\/X210-AD-1-l.png","contentUrl":"https:\/\/mivoot.com\/gt\/wp-content\/uploads\/2024\/08\/X210-AD-1-l.png","width":1000,"height":1000},{"@type":"BreadcrumbList","@id":"https:\/\/mivoot.com\/gt\/producto\/telefono-ip-enterprise-para-recepcionista-20-lineas-x210-fanvil\/#breadcrumb","itemListElement":[{"@type":"ListItem","position":1,"name":"Inicio","item":"https:\/\/mivoot.com\/gt\/"},{"@type":"ListItem","position":2,"name":"Productos","item":"https:\/\/mivoot.com\/gt\/producto\/"},{"@type":"ListItem","position":3,"name":"Fanvil","item":"https:\/\/mivoot.com\/gt\/marca\/fanvil-guatemala\/"},{"@type":"ListItem","position":4,"name":"Tel\u00e9fono IP Enterprise para Recepcionista 20 Lineas Bluetooth X210 Fanvil"}]},{"@type":"WebSite","@id":"https:\/\/mivoot.com\/gt\/#website","url":"https:\/\/mivoot.com\/gt\/","name":"Mivoot","description":"Mivoot Guatemala | Tienda Online","publisher":{"@id":"https:\/\/mivoot.com\/gt\/#organization"},"alternateName":"mivoot","potentialAction":[{"@type":"SearchAction","target":{"@type":"EntryPoint","urlTemplate":"https:\/\/mivoot.com\/gt\/?s={search_term_string}"},"query-input":{"@type":"PropertyValueSpecification","valueRequired":true,"valueName":"search_term_string"}}],"inLanguage":"es"},{"@type":"Organization","@id":"https:\/\/mivoot.com\/gt\/#organization","name":"Mivoot Guatemala","alternateName":"mivoot.com","url":"https:\/\/mivoot.com\/gt\/","logo":{"@type":"ImageObject","inLanguage":"es","@id":"https:\/\/mivoot.com\/gt\/#\/schema\/logo\/image\/","url":"https:\/\/mivoot.com\/gt\/wp-content\/uploads\/2023\/03\/cropped-icon.png","contentUrl":"https:\/\/mivoot.com\/gt\/wp-content\/uploads\/2023\/03\/cropped-icon.png","width":512,"height":512,"caption":"Mivoot Guatemala"},"image":{"@id":"https:\/\/mivoot.com\/gt\/#\/schema\/logo\/image\/"},"sameAs":["https:\/\/www.facebook.com\/mivootgt","https:\/\/instagram.com\/mivoot"]}]}},"jetpack_publicize_connections":[],"jetpack_sharing_enabled":true,"brands":[{"id":557,"name":"Fanvil","slug":"fanvil-guatemala"}],"_links":{"self":[{"href":"https:\/\/mivoot.com\/gt\/wp-json\/wp\/v2\/product\/21115","targetHints":{"allow":["GET"]}}],"collection":[{"href":"https:\/\/mivoot.com\/gt\/wp-json\/wp\/v2\/product"}],"about":[{"href":"https:\/\/mivoot.com\/gt\/wp-json\/wp\/v2\/types\/product"}],"replies":[{"embeddable":true,"href":"https:\/\/mivoot.com\/gt\/wp-json\/wp\/v2\/comments?post=21115"}],"version-history":[{"count":4,"href":"https:\/\/mivoot.com\/gt\/wp-json\/wp\/v2\/product\/21115\/revisions"}],"predecessor-version":[{"id":21124,"href":"https:\/\/mivoot.com\/gt\/wp-json\/wp\/v2\/product\/21115\/revisions\/21124"}],"wp:featuredmedia":[{"embeddable":true,"href":"https:\/\/mivoot.com\/gt\/wp-json\/wp\/v2\/media\/21120"}],"wp:attachment":[{"href":"https:\/\/mivoot.com\/gt\/wp-json\/wp\/v2\/media?parent=21115"}],"wp:term":[{"taxonomy":"pwb-brand","embeddable":true,"href":"https:\/\/mivoot.com\/gt\/wp-json\/wp\/v2\/pwb-brand?post=21115"},{"taxonomy":"product_brand","embeddable":true,"href":"https:\/\/mivoot.com\/gt\/wp-json\/wp\/v2\/product_brand?post=21115"},{"taxonomy":"product_cat","embeddable":true,"href":"https:\/\/mivoot.com\/gt\/wp-json\/wp\/v2\/product_cat?post=21115"},{"taxonomy":"product_tag","embeddable":true,"href":"https:\/\/mivoot.com\/gt\/wp-json\/wp\/v2\/product_tag?post=21115"}],"curies":[{"name":"wp","href":"https:\/\/api.w.org\/{rel}","templated":true}]}}