{"id":21225,"date":"2024-08-07T12:46:00","date_gmt":"2024-08-07T18:46:00","guid":{"rendered":"https:\/\/mivoot.com\/gt\/?post_type=product&#038;p=21225"},"modified":"2024-08-07T12:46:02","modified_gmt":"2024-08-07T18:46:02","slug":"adaptador-inalambrico-usb-n-a-300mbps-tp-link","status":"publish","type":"product","link":"https:\/\/mivoot.com\/gt\/producto\/adaptador-inalambrico-usb-n-a-300mbps-tp-link\/","title":{"rendered":"Adaptador Inal\u00e1mbrico USB N a 300Mbps Tp-link"},"content":{"rendered":"<h1 style=\"text-align: center\">Adaptador Inal\u00e1mbrico USB N a 300Mbps<\/h1>\n<p>&nbsp;<\/p>\n<p style=\"text-align: center\">Excelente velocidad inal\u00e1mbrica N: la mejor experiencia de reproducci\u00f3n de v\u00eddeo HD en streaming o llamadas a trav\u00e9s de Internet<\/p>\n<p style=\"text-align: center\">La tecnolog\u00eda MIMO proporciona un mayor nivel de penetraci\u00f3n, una cobertura inal\u00e1mbrica m\u00e1s amplia, mejor rendimiento y m\u00e1s estabilidad.<\/p>\n<p style=\"text-align: center\">Encriptaci\u00f3n sencilla de la red inal\u00e1mbrica con tal s\u00f3lo pulsar el bot\u00f3n WPS<\/p>\n<p style=\"text-align: center\">Soporta Windows 11\/10\/8.1\/8\/7\/XP, Mac OS X 10.15 o versiones anteriores,\u00a0Linux<\/p>\n<p>&nbsp;<\/p>\n<h3 style=\"text-align: center\">Para qu\u00e9 sirve este producto<\/h3>\n<p style=\"text-align: center\">El adaptador USB inal\u00e1mbrico N TL-WN821N le permite conectar su ordenador de sobremesa o port\u00e1til a una red inal\u00e1mbrica y acceder a ella a alta velocidad. Conforme con el est\u00e1ndar IEEE 802.11n, ofrece una velocidad inal\u00e1mbrica de hasta 300 Mbps, perfecta para jugar online o el v\u00eddeo en streaming.<\/p>\n<p>&nbsp;<\/p>\n<p>&nbsp;<\/p>\n<p><img fetchpriority=\"high\" decoding=\"async\" class=\" wp-image-21231 aligncenter\" src=\"https:\/\/mivoot.com\/gt\/wp-content\/uploads\/2024\/08\/20150205035242-300x71.png\" alt=\"\" width=\"469\" height=\"111\" srcset=\"https:\/\/mivoot.com\/gt\/wp-content\/uploads\/2024\/08\/20150205035242-300x71.png 300w, https:\/\/mivoot.com\/gt\/wp-content\/uploads\/2024\/08\/20150205035242-410x96.png 410w, https:\/\/mivoot.com\/gt\/wp-content\/uploads\/2024\/08\/20150205035242-64x15.png 64w, https:\/\/mivoot.com\/gt\/wp-content\/uploads\/2024\/08\/20150205035242.png 451w\" sizes=\"(max-width: 469px) 100vw, 469px\" \/><\/p>\n<p>&nbsp;<\/p>\n<h3 style=\"text-align: center\">Tecnolog\u00eda inal\u00e1mbrica N: velocidad y cobertura<\/h3>\n<p style=\"text-align: center\">El TL-WN821N incopora la tecnolog\u00eda MIMO (Multiple Input, Multiple Output, m\u00faltiple entrada, m\u00faltiple salida). Ello le permite minimizar las p\u00e9rdidas de se\u00f1al provocadas por la presencia de obst\u00e1culos en las oficinas o apartamentos de gran tama\u00f1o, incluso si se trata de estructuras de acero y hormig\u00f3n. Como resultado de todo ello, es capaz de captar f\u00e1cilmente una se\u00f1al inal\u00e1mbrica emitida a larga distancia a diferencia de si se utiliza un dispositivo 11g de la anterior generaci\u00f3n.<\/p>\n<p>&nbsp;<\/p>\n<p style=\"text-align: center\"><div class=\"row\"  id=\"row-1422545175\">\n<p style=\"text-align: center\">\n\t<div id=\"col-1678452751\" class=\"col medium-1\/3 large-4\"  >\n\t\t<div class=\"col-inner\"  >\n\t\t\t\n\t\t\t\n<img decoding=\"async\" class=\"alignnone size-full wp-image-21234\" src=\"https:\/\/mivoot.com\/gt\/wp-content\/uploads\/2024\/08\/20150205033110.png\" alt=\"\" width=\"81\" height=\"82\" srcset=\"https:\/\/mivoot.com\/gt\/wp-content\/uploads\/2024\/08\/20150205033110.png 81w, https:\/\/mivoot.com\/gt\/wp-content\/uploads\/2024\/08\/20150205033110-64x65.png 64w, https:\/\/mivoot.com\/gt\/wp-content\/uploads\/2024\/08\/20150205033110-50x50.png 50w\" sizes=\"(max-width: 81px) 100vw, 81px\" \/><\/p>\n<h3 style=\"text-align: center\">F\u00e1cil de Instalar<\/h3>\n<p style=\"text-align: center\">Una Utilidad de interfaz de usuario amigable en el CD para una instalaci\u00f3n sencilla.<\/p>\n<p style=\"text-align: center\">\n\t\t<\/div>\n\t\t\t<\/div>\n\n\t\n\n\t<div id=\"col-71788222\" class=\"col medium-1\/3 large-4\"  >\n\t\t<div class=\"col-inner\"  >\n\t\t\t\n\t\t\t\n<img decoding=\"async\" class=\"alignnone size-full wp-image-21233\" src=\"https:\/\/mivoot.com\/gt\/wp-content\/uploads\/2024\/08\/20150205033123.png\" alt=\"\" width=\"81\" height=\"82\" srcset=\"https:\/\/mivoot.com\/gt\/wp-content\/uploads\/2024\/08\/20150205033123.png 81w, https:\/\/mivoot.com\/gt\/wp-content\/uploads\/2024\/08\/20150205033123-64x65.png 64w, https:\/\/mivoot.com\/gt\/wp-content\/uploads\/2024\/08\/20150205033123-50x50.png 50w\" sizes=\"(max-width: 81px) 100vw, 81px\" \/><\/p>\n<h3 style=\"text-align: center\">AP Soft<\/h3>\n<p style=\"text-align: center\">Establece f\u00e1cilmente un punto de acceso Wi-Fi de alta velocidad, con s\u00f3lo unos clics.<\/p>\n<p style=\"text-align: center\">\n\t\t<\/div>\n\t\t\t<\/div>\n\n\t\n\n\t<div id=\"col-2089355927\" class=\"col medium-1\/3 large-4\"  >\n\t\t<div class=\"col-inner\"  >\n\t\t\t\n\t\t\t\n<img loading=\"lazy\" decoding=\"async\" class=\"alignnone size-full wp-image-21232\" src=\"https:\/\/mivoot.com\/gt\/wp-content\/uploads\/2024\/08\/20150205033139.png\" alt=\"\" width=\"81\" height=\"82\" srcset=\"https:\/\/mivoot.com\/gt\/wp-content\/uploads\/2024\/08\/20150205033139.png 81w, https:\/\/mivoot.com\/gt\/wp-content\/uploads\/2024\/08\/20150205033139-64x65.png 64w, https:\/\/mivoot.com\/gt\/wp-content\/uploads\/2024\/08\/20150205033139-50x50.png 50w\" sizes=\"(max-width: 81px) 100vw, 81px\" \/><\/p>\n<h3 style=\"text-align: center\">WPS<\/h3>\n<p style=\"text-align: center\">Configuraci\u00f3n Wi-Fi instant\u00e1nea simplemente presionando el bot\u00f3n \u201cWPS\u201d.<\/p>\n<p style=\"text-align: center\">\n\t\t<\/div>\n\t\t\t<\/div>\n\n\t\n<p style=\"text-align: center\"><\/div>\n<p style=\"text-align: center\">\n<p>&nbsp;<\/p>\n","protected":false},"excerpt":{"rendered":"<p>&#8211; Interfaz: USB 2.0<br \/>\n&#8211; Botones: Bot\u00f3n QSS<br \/>\n&#8211; Dimensiones: 3.4 x 1.0 x 0.5 in. (86 x 26 x 12mm)<br \/>\n&#8211; Tipo de Antena: Incorporado<br \/>\n&#8211; Est\u00e1ndares Inal\u00e1mbricos: IEEE 802.11n, IEEE 802.11g, IEEE 802.11b<br \/>\n&#8211; Frecuencia: 2.400-2.4835GHz<br \/>\n&#8211; Potencia de Transmisi\u00f3n: &lt;20dBm(EIRP)<br \/>\n&#8211; Modos Inal\u00e1mbricos: Modos ad-Hoc \/ infraestructura<br \/>\n&#8211; Seguridad Inal\u00e1mbrica: Compatible con 64\/128 bit WEP, WPA-PSK\/WPA2-PSK<br \/>\n&#8211; Tecnolog\u00eda de Modulaci\u00f3n: DBPSK, DQPSK, CCK, OFDM, 16-QAM, 64-QAM<\/p>\n","protected":false},"featured_media":21230,"comment_status":"open","ping_status":"closed","template":"","meta":{"jetpack_publicize_message":"","jetpack_publicize_feature_enabled":true,"jetpack_social_post_already_shared":true,"jetpack_social_options":{"image_generator_settings":{"template":"highway","default_image_id":0,"font":"","enabled":false},"version":2}},"pwb-brand":[320],"product_brand":[],"product_cat":[331],"product_tag":[],"class_list":{"0":"post-21225","1":"product","2":"type-product","3":"status-publish","4":"has-post-thumbnail","6":"pwb-brand-tp-link","7":"product_cat-redes-y-conexiones","9":"first","10":"instock","11":"taxable","12":"shipping-taxable","13":"product-type-simple"},"yoast_head":"<!-- This site is optimized with the Yoast SEO Premium plugin v25.7.1 (Yoast SEO v26.8) - https:\/\/yoast.com\/product\/yoast-seo-premium-wordpress\/ -->\n<title>Adaptador Inal\u00e1mbrico USB N a 300Mbps Tp-link - Mivoot<\/title>\n<meta name=\"robots\" content=\"index, follow, max-snippet:-1, max-image-preview:large, max-video-preview:-1\" \/>\n<link rel=\"canonical\" href=\"https:\/\/mivoot.com\/gt\/producto\/adaptador-inalambrico-usb-n-a-300mbps-tp-link\/\" \/>\n<meta property=\"og:locale\" content=\"es_ES\" \/>\n<meta property=\"og:type\" content=\"article\" \/>\n<meta property=\"og:title\" content=\"Adaptador Inal\u00e1mbrico USB N a 300Mbps Tp-link\" \/>\n<meta property=\"og:description\" content=\"- Interfaz: USB 2.0 - Botones: Bot\u00f3n QSS - Dimensiones: 3.4 x 1.0 x 0.5 in. (86 x 26 x 12mm) - Tipo de Antena: Incorporado - Est\u00e1ndares Inal\u00e1mbricos: IEEE 802.11n, IEEE 802.11g, IEEE 802.11b - Frecuencia: 2.400-2.4835GHz - Potencia de Transmisi\u00f3n: &lt;20dBm(EIRP) - Modos Inal\u00e1mbricos: Modos ad-Hoc \/ infraestructura - Seguridad Inal\u00e1mbrica: Compatible con 64\/128 bit WEP, WPA-PSK\/WPA2-PSK - Tecnolog\u00eda de Modulaci\u00f3n: DBPSK, DQPSK, CCK, OFDM, 16-QAM, 64-QAM\" \/>\n<meta property=\"og:url\" content=\"https:\/\/mivoot.com\/gt\/producto\/adaptador-inalambrico-usb-n-a-300mbps-tp-link\/\" \/>\n<meta property=\"og:site_name\" content=\"Mivoot\" \/>\n<meta property=\"article:publisher\" content=\"https:\/\/www.facebook.com\/mivootgt\" \/>\n<meta property=\"article:modified_time\" content=\"2024-08-07T18:46:02+00:00\" \/>\n<meta property=\"og:image\" content=\"https:\/\/mivoot.com\/gt\/wp-content\/uploads\/2024\/08\/TL-WN821N_EU_5.0-01_large_1507530389261o.jpg\" \/>\n\t<meta property=\"og:image:width\" content=\"1000\" \/>\n\t<meta property=\"og:image:height\" content=\"1000\" \/>\n\t<meta property=\"og:image:type\" content=\"image\/jpeg\" \/>\n<meta name=\"twitter:card\" content=\"summary_large_image\" \/>\n<meta name=\"twitter:label1\" content=\"Est. reading time\" \/>\n\t<meta name=\"twitter:data1\" content=\"2 minutos\" \/>\n<script type=\"application\/ld+json\" class=\"yoast-schema-graph\">{\"@context\":\"https:\/\/schema.org\",\"@graph\":[{\"@type\":\"WebPage\",\"@id\":\"https:\/\/mivoot.com\/gt\/producto\/adaptador-inalambrico-usb-n-a-300mbps-tp-link\/\",\"url\":\"https:\/\/mivoot.com\/gt\/producto\/adaptador-inalambrico-usb-n-a-300mbps-tp-link\/\",\"name\":\"Adaptador Inal\u00e1mbrico USB N a 300Mbps Tp-link - Mivoot\",\"isPartOf\":{\"@id\":\"https:\/\/mivoot.com\/gt\/#website\"},\"primaryImageOfPage\":{\"@id\":\"https:\/\/mivoot.com\/gt\/producto\/adaptador-inalambrico-usb-n-a-300mbps-tp-link\/#primaryimage\"},\"image\":{\"@id\":\"https:\/\/mivoot.com\/gt\/producto\/adaptador-inalambrico-usb-n-a-300mbps-tp-link\/#primaryimage\"},\"thumbnailUrl\":\"https:\/\/mivoot.com\/gt\/wp-content\/uploads\/2024\/08\/TL-WN821N_EU_5.0-01_large_1507530389261o.jpg\",\"datePublished\":\"2024-08-07T18:46:00+00:00\",\"dateModified\":\"2024-08-07T18:46:02+00:00\",\"breadcrumb\":{\"@id\":\"https:\/\/mivoot.com\/gt\/producto\/adaptador-inalambrico-usb-n-a-300mbps-tp-link\/#breadcrumb\"},\"inLanguage\":\"es\",\"potentialAction\":[{\"@type\":\"ReadAction\",\"target\":[\"https:\/\/mivoot.com\/gt\/producto\/adaptador-inalambrico-usb-n-a-300mbps-tp-link\/\"]}]},{\"@type\":\"ImageObject\",\"inLanguage\":\"es\",\"@id\":\"https:\/\/mivoot.com\/gt\/producto\/adaptador-inalambrico-usb-n-a-300mbps-tp-link\/#primaryimage\",\"url\":\"https:\/\/mivoot.com\/gt\/wp-content\/uploads\/2024\/08\/TL-WN821N_EU_5.0-01_large_1507530389261o.jpg\",\"contentUrl\":\"https:\/\/mivoot.com\/gt\/wp-content\/uploads\/2024\/08\/TL-WN821N_EU_5.0-01_large_1507530389261o.jpg\",\"width\":1000,\"height\":1000},{\"@type\":\"BreadcrumbList\",\"@id\":\"https:\/\/mivoot.com\/gt\/producto\/adaptador-inalambrico-usb-n-a-300mbps-tp-link\/#breadcrumb\",\"itemListElement\":[{\"@type\":\"ListItem\",\"position\":1,\"name\":\"Inicio\",\"item\":\"https:\/\/mivoot.com\/gt\/\"},{\"@type\":\"ListItem\",\"position\":2,\"name\":\"Productos\",\"item\":\"https:\/\/mivoot.com\/gt\/producto\/\"},{\"@type\":\"ListItem\",\"position\":3,\"name\":\"TP-Link\",\"item\":\"https:\/\/mivoot.com\/gt\/marca\/tp-link\/\"},{\"@type\":\"ListItem\",\"position\":4,\"name\":\"Adaptador Inal\u00e1mbrico USB N a 300Mbps Tp-link\"}]},{\"@type\":\"WebSite\",\"@id\":\"https:\/\/mivoot.com\/gt\/#website\",\"url\":\"https:\/\/mivoot.com\/gt\/\",\"name\":\"Mivoot\",\"description\":\"Mivoot Guatemala | Tienda Online\",\"publisher\":{\"@id\":\"https:\/\/mivoot.com\/gt\/#organization\"},\"alternateName\":\"mivoot\",\"potentialAction\":[{\"@type\":\"SearchAction\",\"target\":{\"@type\":\"EntryPoint\",\"urlTemplate\":\"https:\/\/mivoot.com\/gt\/?s={search_term_string}\"},\"query-input\":{\"@type\":\"PropertyValueSpecification\",\"valueRequired\":true,\"valueName\":\"search_term_string\"}}],\"inLanguage\":\"es\"},{\"@type\":\"Organization\",\"@id\":\"https:\/\/mivoot.com\/gt\/#organization\",\"name\":\"Mivoot Guatemala\",\"alternateName\":\"mivoot.com\",\"url\":\"https:\/\/mivoot.com\/gt\/\",\"logo\":{\"@type\":\"ImageObject\",\"inLanguage\":\"es\",\"@id\":\"https:\/\/mivoot.com\/gt\/#\/schema\/logo\/image\/\",\"url\":\"https:\/\/mivoot.com\/gt\/wp-content\/uploads\/2023\/03\/cropped-icon.png\",\"contentUrl\":\"https:\/\/mivoot.com\/gt\/wp-content\/uploads\/2023\/03\/cropped-icon.png\",\"width\":512,\"height\":512,\"caption\":\"Mivoot Guatemala\"},\"image\":{\"@id\":\"https:\/\/mivoot.com\/gt\/#\/schema\/logo\/image\/\"},\"sameAs\":[\"https:\/\/www.facebook.com\/mivootgt\",\"https:\/\/instagram.com\/mivoot\"]}]}<\/script>\n<!-- \/ Yoast SEO Premium plugin. -->","yoast_head_json":{"title":"Adaptador Inal\u00e1mbrico USB N a 300Mbps Tp-link - Mivoot","robots":{"index":"index","follow":"follow","max-snippet":"max-snippet:-1","max-image-preview":"max-image-preview:large","max-video-preview":"max-video-preview:-1"},"canonical":"https:\/\/mivoot.com\/gt\/producto\/adaptador-inalambrico-usb-n-a-300mbps-tp-link\/","og_locale":"es_ES","og_type":"article","og_title":"Adaptador Inal\u00e1mbrico USB N a 300Mbps Tp-link","og_description":"- Interfaz: USB 2.0 - Botones: Bot\u00f3n QSS - Dimensiones: 3.4 x 1.0 x 0.5 in. (86 x 26 x 12mm) - Tipo de Antena: Incorporado - Est\u00e1ndares Inal\u00e1mbricos: IEEE 802.11n, IEEE 802.11g, IEEE 802.11b - Frecuencia: 2.400-2.4835GHz - Potencia de Transmisi\u00f3n: &lt;20dBm(EIRP) - Modos Inal\u00e1mbricos: Modos ad-Hoc \/ infraestructura - Seguridad Inal\u00e1mbrica: Compatible con 64\/128 bit WEP, WPA-PSK\/WPA2-PSK - Tecnolog\u00eda de Modulaci\u00f3n: DBPSK, DQPSK, CCK, OFDM, 16-QAM, 64-QAM","og_url":"https:\/\/mivoot.com\/gt\/producto\/adaptador-inalambrico-usb-n-a-300mbps-tp-link\/","og_site_name":"Mivoot","article_publisher":"https:\/\/www.facebook.com\/mivootgt","article_modified_time":"2024-08-07T18:46:02+00:00","og_image":[{"width":1000,"height":1000,"url":"https:\/\/mivoot.com\/gt\/wp-content\/uploads\/2024\/08\/TL-WN821N_EU_5.0-01_large_1507530389261o.jpg","type":"image\/jpeg"}],"twitter_card":"summary_large_image","twitter_misc":{"Est. reading time":"2 minutos"},"schema":{"@context":"https:\/\/schema.org","@graph":[{"@type":"WebPage","@id":"https:\/\/mivoot.com\/gt\/producto\/adaptador-inalambrico-usb-n-a-300mbps-tp-link\/","url":"https:\/\/mivoot.com\/gt\/producto\/adaptador-inalambrico-usb-n-a-300mbps-tp-link\/","name":"Adaptador Inal\u00e1mbrico USB N a 300Mbps Tp-link - Mivoot","isPartOf":{"@id":"https:\/\/mivoot.com\/gt\/#website"},"primaryImageOfPage":{"@id":"https:\/\/mivoot.com\/gt\/producto\/adaptador-inalambrico-usb-n-a-300mbps-tp-link\/#primaryimage"},"image":{"@id":"https:\/\/mivoot.com\/gt\/producto\/adaptador-inalambrico-usb-n-a-300mbps-tp-link\/#primaryimage"},"thumbnailUrl":"https:\/\/mivoot.com\/gt\/wp-content\/uploads\/2024\/08\/TL-WN821N_EU_5.0-01_large_1507530389261o.jpg","datePublished":"2024-08-07T18:46:00+00:00","dateModified":"2024-08-07T18:46:02+00:00","breadcrumb":{"@id":"https:\/\/mivoot.com\/gt\/producto\/adaptador-inalambrico-usb-n-a-300mbps-tp-link\/#breadcrumb"},"inLanguage":"es","potentialAction":[{"@type":"ReadAction","target":["https:\/\/mivoot.com\/gt\/producto\/adaptador-inalambrico-usb-n-a-300mbps-tp-link\/"]}]},{"@type":"ImageObject","inLanguage":"es","@id":"https:\/\/mivoot.com\/gt\/producto\/adaptador-inalambrico-usb-n-a-300mbps-tp-link\/#primaryimage","url":"https:\/\/mivoot.com\/gt\/wp-content\/uploads\/2024\/08\/TL-WN821N_EU_5.0-01_large_1507530389261o.jpg","contentUrl":"https:\/\/mivoot.com\/gt\/wp-content\/uploads\/2024\/08\/TL-WN821N_EU_5.0-01_large_1507530389261o.jpg","width":1000,"height":1000},{"@type":"BreadcrumbList","@id":"https:\/\/mivoot.com\/gt\/producto\/adaptador-inalambrico-usb-n-a-300mbps-tp-link\/#breadcrumb","itemListElement":[{"@type":"ListItem","position":1,"name":"Inicio","item":"https:\/\/mivoot.com\/gt\/"},{"@type":"ListItem","position":2,"name":"Productos","item":"https:\/\/mivoot.com\/gt\/producto\/"},{"@type":"ListItem","position":3,"name":"TP-Link","item":"https:\/\/mivoot.com\/gt\/marca\/tp-link\/"},{"@type":"ListItem","position":4,"name":"Adaptador Inal\u00e1mbrico USB N a 300Mbps Tp-link"}]},{"@type":"WebSite","@id":"https:\/\/mivoot.com\/gt\/#website","url":"https:\/\/mivoot.com\/gt\/","name":"Mivoot","description":"Mivoot Guatemala | Tienda Online","publisher":{"@id":"https:\/\/mivoot.com\/gt\/#organization"},"alternateName":"mivoot","potentialAction":[{"@type":"SearchAction","target":{"@type":"EntryPoint","urlTemplate":"https:\/\/mivoot.com\/gt\/?s={search_term_string}"},"query-input":{"@type":"PropertyValueSpecification","valueRequired":true,"valueName":"search_term_string"}}],"inLanguage":"es"},{"@type":"Organization","@id":"https:\/\/mivoot.com\/gt\/#organization","name":"Mivoot Guatemala","alternateName":"mivoot.com","url":"https:\/\/mivoot.com\/gt\/","logo":{"@type":"ImageObject","inLanguage":"es","@id":"https:\/\/mivoot.com\/gt\/#\/schema\/logo\/image\/","url":"https:\/\/mivoot.com\/gt\/wp-content\/uploads\/2023\/03\/cropped-icon.png","contentUrl":"https:\/\/mivoot.com\/gt\/wp-content\/uploads\/2023\/03\/cropped-icon.png","width":512,"height":512,"caption":"Mivoot Guatemala"},"image":{"@id":"https:\/\/mivoot.com\/gt\/#\/schema\/logo\/image\/"},"sameAs":["https:\/\/www.facebook.com\/mivootgt","https:\/\/instagram.com\/mivoot"]}]}},"jetpack_publicize_connections":[],"jetpack_sharing_enabled":true,"brands":[{"id":320,"name":"TP-Link","slug":"tp-link"}],"_links":{"self":[{"href":"https:\/\/mivoot.com\/gt\/wp-json\/wp\/v2\/product\/21225","targetHints":{"allow":["GET"]}}],"collection":[{"href":"https:\/\/mivoot.com\/gt\/wp-json\/wp\/v2\/product"}],"about":[{"href":"https:\/\/mivoot.com\/gt\/wp-json\/wp\/v2\/types\/product"}],"replies":[{"embeddable":true,"href":"https:\/\/mivoot.com\/gt\/wp-json\/wp\/v2\/comments?post=21225"}],"version-history":[{"count":1,"href":"https:\/\/mivoot.com\/gt\/wp-json\/wp\/v2\/product\/21225\/revisions"}],"predecessor-version":[{"id":21235,"href":"https:\/\/mivoot.com\/gt\/wp-json\/wp\/v2\/product\/21225\/revisions\/21235"}],"wp:featuredmedia":[{"embeddable":true,"href":"https:\/\/mivoot.com\/gt\/wp-json\/wp\/v2\/media\/21230"}],"wp:attachment":[{"href":"https:\/\/mivoot.com\/gt\/wp-json\/wp\/v2\/media?parent=21225"}],"wp:term":[{"taxonomy":"pwb-brand","embeddable":true,"href":"https:\/\/mivoot.com\/gt\/wp-json\/wp\/v2\/pwb-brand?post=21225"},{"taxonomy":"product_brand","embeddable":true,"href":"https:\/\/mivoot.com\/gt\/wp-json\/wp\/v2\/product_brand?post=21225"},{"taxonomy":"product_cat","embeddable":true,"href":"https:\/\/mivoot.com\/gt\/wp-json\/wp\/v2\/product_cat?post=21225"},{"taxonomy":"product_tag","embeddable":true,"href":"https:\/\/mivoot.com\/gt\/wp-json\/wp\/v2\/product_tag?post=21225"}],"curies":[{"name":"wp","href":"https:\/\/api.w.org\/{rel}","templated":true}]}}