{"id":21341,"date":"2024-08-11T20:14:56","date_gmt":"2024-08-12T02:14:56","guid":{"rendered":"https:\/\/mivoot.com\/gt\/?post_type=product&#038;p=21341"},"modified":"2024-08-11T20:18:52","modified_gmt":"2024-08-12T02:18:52","slug":"licuadora-batidora-de-mano-pistacho-kitchenaid","status":"publish","type":"product","link":"https:\/\/mivoot.com\/gt\/producto\/licuadora-batidora-de-mano-pistacho-kitchenaid\/","title":{"rendered":"Licuadora Batidora de Mano Pistacho KitchenAid"},"content":{"rendered":"<div class=\"celwidget aplus-module module-12 aplus-standard\" data-cel-widget=\"aplus-module-12\" data-csa-c-id=\"18x8x2-gz6dg0-qajdfy-imegqp\">\n<div class=\"aplus-module-wrapper apm-spacing apm-floatnone apm-fixed-width\">\n<div class=\"apm-sidemodule aplus-module-content\">\n<div class=\"apm-hero-image\"><img decoding=\"async\" class=\"\" src=\"https:\/\/m.media-amazon.com\/images\/S\/aplus-media\/vc\/5d4c94a1-546d-43c2-90fc-60590719d777.__CR0,0,992,307_PT0_SX970_V1___.jpg\" alt=\"Bandera\" data-src=\"https:\/\/m.media-amazon.com\/images\/S\/aplus-media\/vc\/5d4c94a1-546d-43c2-90fc-60590719d777.__CR0,0,992,307_PT0_SX970_V1___.jpg\" \/><\/div>\n<div class=\"textright apm-hero-text\">\n<h3><span>Batidora de mano con cable y velocidad variable de KitchenAid<\/span><\/h3>\n<\/div>\n<\/div>\n<\/div>\n<\/div>\n<div><b>Brazo mezclador removible de 8 pulgadas<\/b><\/p>\n<p class=\"text-align-justify\">Pr\u00e1ctico interruptor de gatillo que brinda una velocidad variable.<\/p>\n<p><b>Interruptor de gatillo de velocidad variable para una mayor flexibilidad <\/b>T<\/p>\n<p class=\"text-align-justify\">Toma el control de sus recetas con el interruptor de gatillo de velocidad variable f\u00e1cil de usar.<\/p>\n<p><b>Dise\u00f1o Duradero<\/b><\/p>\n<p class=\"text-align-justify\">Sus cuchillas en acero inoxidable y su motor detectan los alimentos y hacen que vari\u00e9 su velocidad para alcanzar una consistencia deseable en solo segundos, descubre la excelente calidad KitchenAid.<\/p>\n<\/div>\n<div><\/div>\n<div class=\"celwidget aplus-module module-8 aplus-standard\" data-cel-widget=\"aplus-module-8\" data-csa-c-id=\"zeh22u-fwznr-hpb62r-yjjo1n\">\n<div class=\"aplus-module-wrapper apm-fixed-width\">\n<div class=\"apm-spacing\">\n<div class=\"apm-lefttwothirdswrap apm-floatleft\">\n<div class=\"apm-leftimage\"><span style=\"font-size: 20.16px;\">Dise\u00f1ado para el pur\u00e9 perfecto.<\/span><\/div>\n<div class=\"apm-centerthirdcol\">\n<p class=\"a-spacing-base\"><span>Esta batidora de mano con cable y velocidad variable de KitchenAid cuenta con un brazo mezclador extra\u00edble de 8&#8243; con cuchilla de acero inoxidable de 4 puntas para mezclar todo, desde batidos hasta malteadas, sopas, salsas y mucho m\u00e1s. Es f\u00e1cil de usar con el interruptor de velocidad variable e incluye un protector de sart\u00e9n extra\u00edble patentado en EE. UU. para ayudar a proteger sus utensilios de cocina. La jarra mezcladora de 3 tazas sin BPA con tapa es ideal para trabajos de licuado individuales y se puede usar para servir directamente o para almacenar su creaci\u00f3n licuada para un uso posterior.<\/span><\/p>\n<\/div>\n<\/div>\n<div class=\"apm-rightthirdcol\">\n<div class=\"apm-rightthirdcol-inner\">\n<h4><span>El modelo KHBV53 incluye<\/span><\/h4>\n<div class=\"a-box a-spacing-small a-color-alternate-background apm-listbox\">\n<div class=\"a-box-inner\">\n<ul class=\"a-unordered-list a-vertical\">\n<li><span class=\"a-list-item\"><span class=\"a-size-base\"><span>(1) Batidora de mano con cable<\/span><\/span><\/span><\/li>\n<li><span class=\"a-list-item\"><span class=\"a-size-base\"><span>(1) Brazo de licuadora apto para lavavajillas<\/span><\/span><\/span><\/li>\n<li><span class=\"a-list-item\"><span class=\"a-size-base\"><span>(1) Vaso para mezclar con tapa<\/span><\/span><\/span><\/li>\n<li><span class=\"a-list-item\"><span class=\"a-size-base\"><span>(1) Protector de sart\u00e9n<\/span><\/span><\/span><\/li>\n<\/ul>\n<\/div>\n<\/div>\n<\/div>\n<\/div>\n<\/div>\n<\/div>\n<div><span style=\"font-size: 20.16px;\">Caracter\u00edsticas<\/span><\/div>\n<\/div>\n<div class=\"celwidget aplus-module module-4 aplus-standard\" data-cel-widget=\"aplus-module-4\" data-csa-c-id=\"5dulcz-xmxplh-vgb10-j7dim8\">\n<div class=\"aplus-module-wrapper apm-fixed-width\">\n<div class=\"apm-spacing\">\n<div class=\"apm-floatleft apm-fixed-width\">\n<div class=\"apm-spacing\">\n<table class=\"apm-fixed-width apm-fourthcol-table\">\n<tbody>\n<tr>\n<th class=\"apm-center\">\n<div class=\"apm-fourthcol\">\n<p><img decoding=\"async\" class=\"\" src=\"https:\/\/m.media-amazon.com\/images\/S\/aplus-media-library-service-media\/f8242deb-2cd4-485c-b665-cac77e5c270c.__CR0,0,2500,2500_PT0_SX220_V1___.jpg\" alt=\"KHBV53\" data-src=\"https:\/\/m.media-amazon.com\/images\/S\/aplus-media-library-service-media\/f8242deb-2cd4-485c-b665-cac77e5c270c.__CR0,0,2500,2500_PT0_SX220_V1___.jpg\" \/><\/p>\n<\/div>\n<\/th>\n<th class=\"apm-center\">\n<div class=\"apm-fourthcol\">\n<p><img decoding=\"async\" class=\"\" src=\"https:\/\/m.media-amazon.com\/images\/S\/aplus-media-library-service-media\/fdff6b04-5504-4ba8-a4db-bc1eec632739.__CR0,0,2500,2500_PT0_SX220_V1___.jpg\" alt=\"Caracter\u00edstica del KHBV53\" data-src=\"https:\/\/m.media-amazon.com\/images\/S\/aplus-media-library-service-media\/fdff6b04-5504-4ba8-a4db-bc1eec632739.__CR0,0,2500,2500_PT0_SX220_V1___.jpg\" \/><\/p>\n<\/div>\n<\/th>\n<th class=\"apm-center\">\n<div class=\"apm-fourthcol\">\n<p><img decoding=\"async\" class=\"\" src=\"https:\/\/m.media-amazon.com\/images\/S\/aplus-media-library-service-media\/b7d75ffe-525f-4afb-b040-0616cb3c63c5.__CR0,0,2500,2500_PT0_SX220_V1___.jpg\" alt=\"Caracter\u00edstica del KHBV53\" data-src=\"https:\/\/m.media-amazon.com\/images\/S\/aplus-media-library-service-media\/b7d75ffe-525f-4afb-b040-0616cb3c63c5.__CR0,0,2500,2500_PT0_SX220_V1___.jpg\" \/><\/p>\n<\/div>\n<\/th>\n<th class=\"apm-center\">\n<div class=\"apm-fourthcol\">\n<p><img decoding=\"async\" class=\"\" src=\"https:\/\/m.media-amazon.com\/images\/S\/aplus-media-library-service-media\/f5573b3a-4f75-426b-8e7c-9e86bf4011e4.__CR0,0,2500,2500_PT0_SX220_V1___.jpg\" alt=\"Caracter\u00edstica del KHBV53\" data-src=\"https:\/\/m.media-amazon.com\/images\/S\/aplus-media-library-service-media\/f5573b3a-4f75-426b-8e7c-9e86bf4011e4.__CR0,0,2500,2500_PT0_SX220_V1___.jpg\" \/><\/p>\n<\/div>\n<\/th>\n<\/tr>\n<tr>\n<td class=\"apm-top\">\n<div class=\"apm-fourthcol\">\n<h4 class=\"a-spacing-mini\"><span>Brazo mezclador extra\u00edble de 8&#8243; para mezclar ingredientes de manera eficiente<\/span><\/h4>\n<p class=\"a-size-small\"><span>La cuchilla de acero inoxidable de 4 puntas mezcla r\u00e1pidamente ingredientes para batidos, batidos de leche, sopas, hummus y m\u00e1s.<\/span><\/p>\n<\/div>\n<\/td>\n<td class=\"apm-top\">\n<div class=\"apm-fourthcol\">\n<h4 class=\"a-spacing-mini\"><span>Interruptor de gatillo de velocidad variable para una mayor flexibilidad<\/span><\/h4>\n<p class=\"a-size-small\"><span>Tome el control de sus recetas con el interruptor de velocidad variable f\u00e1cil de usar.<\/span><\/p>\n<\/div>\n<\/td>\n<td class=\"apm-top\">\n<div class=\"apm-fourthcol\">\n<h4 class=\"a-spacing-mini\"><span>Protector de sart\u00e9n extra\u00edble patentado en EE. UU.<\/span><\/h4>\n<p class=\"a-size-small\"><span>Utilice el protector de sart\u00e9n incluido para ayudar a proteger sus utensilios de cocina al mezclar<\/span><\/p>\n<\/div>\n<\/td>\n<td class=\"apm-top\">\n<div class=\"apm-fourthcol\">\n<h4 class=\"a-spacing-mini\"><span>Jarra para licuadora de 3 tazas sin BPA con tapa<\/span><\/h4>\n<p class=\"a-size-small\"><span>Ideal para trabajos de mezcla individuales y tambi\u00e9n para servir o guardar para usar m\u00e1s adelante.<\/span><\/p>\n<\/div>\n<\/td>\n<\/tr>\n<\/tbody>\n<\/table>\n<\/div>\n<\/div>\n<\/div>\n<\/div>\n<\/div>\n","protected":false},"excerpt":{"rendered":"<p>&#8211; Licuar y hacer pur\u00e9 hasta obtener la perfecci\u00f3n.<br \/>\n&#8211; Mezclar, hacer pur\u00e9, triturar, espumar, batir y picar<br \/>\n&#8211; Velocidad Variable<br \/>\n&#8211; Potencia 180 Watts<br \/>\n&#8211; Brazo de mezcla extra\u00edble de 8 &#8221;<br \/>\n&#8211; Interruptor de gatillo<br \/>\n&#8211; Protector de sart\u00e9n extra\u00edble<br \/>\n&#8211; Frasco para licuar sin BPA de 3 tazas<br \/>\n&#8211; Dise\u00f1o de hoja de acero inoxidable de 4 puntos<\/p>\n","protected":false},"featured_media":21342,"comment_status":"open","ping_status":"closed","template":"","meta":{"jetpack_publicize_message":"","jetpack_publicize_feature_enabled":true,"jetpack_social_post_already_shared":true,"jetpack_social_options":{"image_generator_settings":{"template":"highway","default_image_id":0,"font":"","enabled":false},"version":2}},"pwb-brand":[559],"product_brand":[],"product_cat":[499],"product_tag":[],"class_list":{"0":"post-21341","1":"product","2":"type-product","3":"status-publish","4":"has-post-thumbnail","6":"pwb-brand-kitchenaid","7":"product_cat-licuadoras","9":"first","10":"instock","11":"taxable","12":"shipping-taxable","13":"purchasable","14":"product-type-simple"},"yoast_head":"<!-- This site is optimized with the Yoast SEO Premium plugin v25.7.1 (Yoast SEO v26.8) - https:\/\/yoast.com\/product\/yoast-seo-premium-wordpress\/ -->\n<title>Licuadora Batidora de Mano Pistacho KitchenAid - Mivoot<\/title>\n<meta name=\"robots\" content=\"index, follow, max-snippet:-1, max-image-preview:large, max-video-preview:-1\" \/>\n<link rel=\"canonical\" href=\"https:\/\/mivoot.com\/gt\/producto\/licuadora-batidora-de-mano-pistacho-kitchenaid\/\" \/>\n<meta property=\"og:locale\" content=\"es_ES\" \/>\n<meta property=\"og:type\" content=\"article\" \/>\n<meta property=\"og:title\" content=\"Licuadora Batidora de Mano Pistacho KitchenAid\" \/>\n<meta property=\"og:description\" content=\"- Licuar y hacer pur\u00e9 hasta obtener la perfecci\u00f3n. - Mezclar, hacer pur\u00e9, triturar, espumar, batir y picar - Velocidad Variable - Potencia 180 Watts - Brazo de mezcla extra\u00edble de 8 &quot; - Interruptor de gatillo - Protector de sart\u00e9n extra\u00edble - Frasco para licuar sin BPA de 3 tazas - Dise\u00f1o de hoja de acero inoxidable de 4 puntos\" \/>\n<meta property=\"og:url\" content=\"https:\/\/mivoot.com\/gt\/producto\/licuadora-batidora-de-mano-pistacho-kitchenaid\/\" \/>\n<meta property=\"og:site_name\" content=\"Mivoot\" \/>\n<meta property=\"article:publisher\" content=\"https:\/\/www.facebook.com\/mivootgt\" \/>\n<meta property=\"article:modified_time\" content=\"2024-08-12T02:18:52+00:00\" \/>\n<meta property=\"og:image\" content=\"https:\/\/mivoot.com\/gt\/wp-content\/uploads\/2024\/08\/KHBV53PT-00.jpg\" \/>\n\t<meta property=\"og:image:width\" content=\"800\" \/>\n\t<meta property=\"og:image:height\" content=\"800\" \/>\n\t<meta property=\"og:image:type\" content=\"image\/jpeg\" \/>\n<meta name=\"twitter:card\" content=\"summary_large_image\" \/>\n<meta name=\"twitter:label1\" content=\"Est. reading time\" \/>\n\t<meta name=\"twitter:data1\" content=\"3 minutos\" \/>\n<script type=\"application\/ld+json\" class=\"yoast-schema-graph\">{\"@context\":\"https:\/\/schema.org\",\"@graph\":[{\"@type\":\"WebPage\",\"@id\":\"https:\/\/mivoot.com\/gt\/producto\/licuadora-batidora-de-mano-pistacho-kitchenaid\/\",\"url\":\"https:\/\/mivoot.com\/gt\/producto\/licuadora-batidora-de-mano-pistacho-kitchenaid\/\",\"name\":\"Licuadora Batidora de Mano Pistacho KitchenAid - Mivoot\",\"isPartOf\":{\"@id\":\"https:\/\/mivoot.com\/gt\/#website\"},\"primaryImageOfPage\":{\"@id\":\"https:\/\/mivoot.com\/gt\/producto\/licuadora-batidora-de-mano-pistacho-kitchenaid\/#primaryimage\"},\"image\":{\"@id\":\"https:\/\/mivoot.com\/gt\/producto\/licuadora-batidora-de-mano-pistacho-kitchenaid\/#primaryimage\"},\"thumbnailUrl\":\"https:\/\/mivoot.com\/gt\/wp-content\/uploads\/2024\/08\/KHBV53PT-00.jpg\",\"datePublished\":\"2024-08-12T02:14:56+00:00\",\"dateModified\":\"2024-08-12T02:18:52+00:00\",\"breadcrumb\":{\"@id\":\"https:\/\/mivoot.com\/gt\/producto\/licuadora-batidora-de-mano-pistacho-kitchenaid\/#breadcrumb\"},\"inLanguage\":\"es\",\"potentialAction\":[{\"@type\":\"ReadAction\",\"target\":[\"https:\/\/mivoot.com\/gt\/producto\/licuadora-batidora-de-mano-pistacho-kitchenaid\/\"]}]},{\"@type\":\"ImageObject\",\"inLanguage\":\"es\",\"@id\":\"https:\/\/mivoot.com\/gt\/producto\/licuadora-batidora-de-mano-pistacho-kitchenaid\/#primaryimage\",\"url\":\"https:\/\/mivoot.com\/gt\/wp-content\/uploads\/2024\/08\/KHBV53PT-00.jpg\",\"contentUrl\":\"https:\/\/mivoot.com\/gt\/wp-content\/uploads\/2024\/08\/KHBV53PT-00.jpg\",\"width\":800,\"height\":800},{\"@type\":\"BreadcrumbList\",\"@id\":\"https:\/\/mivoot.com\/gt\/producto\/licuadora-batidora-de-mano-pistacho-kitchenaid\/#breadcrumb\",\"itemListElement\":[{\"@type\":\"ListItem\",\"position\":1,\"name\":\"Inicio\",\"item\":\"https:\/\/mivoot.com\/gt\/\"},{\"@type\":\"ListItem\",\"position\":2,\"name\":\"Productos\",\"item\":\"https:\/\/mivoot.com\/gt\/producto\/\"},{\"@type\":\"ListItem\",\"position\":3,\"name\":\"KitchenAid\",\"item\":\"https:\/\/mivoot.com\/gt\/marca\/kitchenaid\/\"},{\"@type\":\"ListItem\",\"position\":4,\"name\":\"Licuadora Batidora de Mano Pistacho KitchenAid\"}]},{\"@type\":\"WebSite\",\"@id\":\"https:\/\/mivoot.com\/gt\/#website\",\"url\":\"https:\/\/mivoot.com\/gt\/\",\"name\":\"Mivoot\",\"description\":\"Mivoot Guatemala | Tienda Online\",\"publisher\":{\"@id\":\"https:\/\/mivoot.com\/gt\/#organization\"},\"alternateName\":\"mivoot\",\"potentialAction\":[{\"@type\":\"SearchAction\",\"target\":{\"@type\":\"EntryPoint\",\"urlTemplate\":\"https:\/\/mivoot.com\/gt\/?s={search_term_string}\"},\"query-input\":{\"@type\":\"PropertyValueSpecification\",\"valueRequired\":true,\"valueName\":\"search_term_string\"}}],\"inLanguage\":\"es\"},{\"@type\":\"Organization\",\"@id\":\"https:\/\/mivoot.com\/gt\/#organization\",\"name\":\"Mivoot Guatemala\",\"alternateName\":\"mivoot.com\",\"url\":\"https:\/\/mivoot.com\/gt\/\",\"logo\":{\"@type\":\"ImageObject\",\"inLanguage\":\"es\",\"@id\":\"https:\/\/mivoot.com\/gt\/#\/schema\/logo\/image\/\",\"url\":\"https:\/\/mivoot.com\/gt\/wp-content\/uploads\/2023\/03\/cropped-icon.png\",\"contentUrl\":\"https:\/\/mivoot.com\/gt\/wp-content\/uploads\/2023\/03\/cropped-icon.png\",\"width\":512,\"height\":512,\"caption\":\"Mivoot Guatemala\"},\"image\":{\"@id\":\"https:\/\/mivoot.com\/gt\/#\/schema\/logo\/image\/\"},\"sameAs\":[\"https:\/\/www.facebook.com\/mivootgt\",\"https:\/\/instagram.com\/mivoot\"]}]}<\/script>\n<!-- \/ Yoast SEO Premium plugin. -->","yoast_head_json":{"title":"Licuadora Batidora de Mano Pistacho KitchenAid - Mivoot","robots":{"index":"index","follow":"follow","max-snippet":"max-snippet:-1","max-image-preview":"max-image-preview:large","max-video-preview":"max-video-preview:-1"},"canonical":"https:\/\/mivoot.com\/gt\/producto\/licuadora-batidora-de-mano-pistacho-kitchenaid\/","og_locale":"es_ES","og_type":"article","og_title":"Licuadora Batidora de Mano Pistacho KitchenAid","og_description":"- Licuar y hacer pur\u00e9 hasta obtener la perfecci\u00f3n. - Mezclar, hacer pur\u00e9, triturar, espumar, batir y picar - Velocidad Variable - Potencia 180 Watts - Brazo de mezcla extra\u00edble de 8 \" - Interruptor de gatillo - Protector de sart\u00e9n extra\u00edble - Frasco para licuar sin BPA de 3 tazas - Dise\u00f1o de hoja de acero inoxidable de 4 puntos","og_url":"https:\/\/mivoot.com\/gt\/producto\/licuadora-batidora-de-mano-pistacho-kitchenaid\/","og_site_name":"Mivoot","article_publisher":"https:\/\/www.facebook.com\/mivootgt","article_modified_time":"2024-08-12T02:18:52+00:00","og_image":[{"width":800,"height":800,"url":"https:\/\/mivoot.com\/gt\/wp-content\/uploads\/2024\/08\/KHBV53PT-00.jpg","type":"image\/jpeg"}],"twitter_card":"summary_large_image","twitter_misc":{"Est. reading time":"3 minutos"},"schema":{"@context":"https:\/\/schema.org","@graph":[{"@type":"WebPage","@id":"https:\/\/mivoot.com\/gt\/producto\/licuadora-batidora-de-mano-pistacho-kitchenaid\/","url":"https:\/\/mivoot.com\/gt\/producto\/licuadora-batidora-de-mano-pistacho-kitchenaid\/","name":"Licuadora Batidora de Mano Pistacho KitchenAid - Mivoot","isPartOf":{"@id":"https:\/\/mivoot.com\/gt\/#website"},"primaryImageOfPage":{"@id":"https:\/\/mivoot.com\/gt\/producto\/licuadora-batidora-de-mano-pistacho-kitchenaid\/#primaryimage"},"image":{"@id":"https:\/\/mivoot.com\/gt\/producto\/licuadora-batidora-de-mano-pistacho-kitchenaid\/#primaryimage"},"thumbnailUrl":"https:\/\/mivoot.com\/gt\/wp-content\/uploads\/2024\/08\/KHBV53PT-00.jpg","datePublished":"2024-08-12T02:14:56+00:00","dateModified":"2024-08-12T02:18:52+00:00","breadcrumb":{"@id":"https:\/\/mivoot.com\/gt\/producto\/licuadora-batidora-de-mano-pistacho-kitchenaid\/#breadcrumb"},"inLanguage":"es","potentialAction":[{"@type":"ReadAction","target":["https:\/\/mivoot.com\/gt\/producto\/licuadora-batidora-de-mano-pistacho-kitchenaid\/"]}]},{"@type":"ImageObject","inLanguage":"es","@id":"https:\/\/mivoot.com\/gt\/producto\/licuadora-batidora-de-mano-pistacho-kitchenaid\/#primaryimage","url":"https:\/\/mivoot.com\/gt\/wp-content\/uploads\/2024\/08\/KHBV53PT-00.jpg","contentUrl":"https:\/\/mivoot.com\/gt\/wp-content\/uploads\/2024\/08\/KHBV53PT-00.jpg","width":800,"height":800},{"@type":"BreadcrumbList","@id":"https:\/\/mivoot.com\/gt\/producto\/licuadora-batidora-de-mano-pistacho-kitchenaid\/#breadcrumb","itemListElement":[{"@type":"ListItem","position":1,"name":"Inicio","item":"https:\/\/mivoot.com\/gt\/"},{"@type":"ListItem","position":2,"name":"Productos","item":"https:\/\/mivoot.com\/gt\/producto\/"},{"@type":"ListItem","position":3,"name":"KitchenAid","item":"https:\/\/mivoot.com\/gt\/marca\/kitchenaid\/"},{"@type":"ListItem","position":4,"name":"Licuadora Batidora de Mano Pistacho KitchenAid"}]},{"@type":"WebSite","@id":"https:\/\/mivoot.com\/gt\/#website","url":"https:\/\/mivoot.com\/gt\/","name":"Mivoot","description":"Mivoot Guatemala | Tienda Online","publisher":{"@id":"https:\/\/mivoot.com\/gt\/#organization"},"alternateName":"mivoot","potentialAction":[{"@type":"SearchAction","target":{"@type":"EntryPoint","urlTemplate":"https:\/\/mivoot.com\/gt\/?s={search_term_string}"},"query-input":{"@type":"PropertyValueSpecification","valueRequired":true,"valueName":"search_term_string"}}],"inLanguage":"es"},{"@type":"Organization","@id":"https:\/\/mivoot.com\/gt\/#organization","name":"Mivoot Guatemala","alternateName":"mivoot.com","url":"https:\/\/mivoot.com\/gt\/","logo":{"@type":"ImageObject","inLanguage":"es","@id":"https:\/\/mivoot.com\/gt\/#\/schema\/logo\/image\/","url":"https:\/\/mivoot.com\/gt\/wp-content\/uploads\/2023\/03\/cropped-icon.png","contentUrl":"https:\/\/mivoot.com\/gt\/wp-content\/uploads\/2023\/03\/cropped-icon.png","width":512,"height":512,"caption":"Mivoot Guatemala"},"image":{"@id":"https:\/\/mivoot.com\/gt\/#\/schema\/logo\/image\/"},"sameAs":["https:\/\/www.facebook.com\/mivootgt","https:\/\/instagram.com\/mivoot"]}]}},"jetpack_publicize_connections":[],"jetpack_sharing_enabled":true,"brands":[{"id":559,"name":"KitchenAid","slug":"kitchenaid"}],"_links":{"self":[{"href":"https:\/\/mivoot.com\/gt\/wp-json\/wp\/v2\/product\/21341","targetHints":{"allow":["GET"]}}],"collection":[{"href":"https:\/\/mivoot.com\/gt\/wp-json\/wp\/v2\/product"}],"about":[{"href":"https:\/\/mivoot.com\/gt\/wp-json\/wp\/v2\/types\/product"}],"replies":[{"embeddable":true,"href":"https:\/\/mivoot.com\/gt\/wp-json\/wp\/v2\/comments?post=21341"}],"version-history":[{"count":1,"href":"https:\/\/mivoot.com\/gt\/wp-json\/wp\/v2\/product\/21341\/revisions"}],"predecessor-version":[{"id":21348,"href":"https:\/\/mivoot.com\/gt\/wp-json\/wp\/v2\/product\/21341\/revisions\/21348"}],"wp:featuredmedia":[{"embeddable":true,"href":"https:\/\/mivoot.com\/gt\/wp-json\/wp\/v2\/media\/21342"}],"wp:attachment":[{"href":"https:\/\/mivoot.com\/gt\/wp-json\/wp\/v2\/media?parent=21341"}],"wp:term":[{"taxonomy":"pwb-brand","embeddable":true,"href":"https:\/\/mivoot.com\/gt\/wp-json\/wp\/v2\/pwb-brand?post=21341"},{"taxonomy":"product_brand","embeddable":true,"href":"https:\/\/mivoot.com\/gt\/wp-json\/wp\/v2\/product_brand?post=21341"},{"taxonomy":"product_cat","embeddable":true,"href":"https:\/\/mivoot.com\/gt\/wp-json\/wp\/v2\/product_cat?post=21341"},{"taxonomy":"product_tag","embeddable":true,"href":"https:\/\/mivoot.com\/gt\/wp-json\/wp\/v2\/product_tag?post=21341"}],"curies":[{"name":"wp","href":"https:\/\/api.w.org\/{rel}","templated":true}]}}