{"id":21569,"date":"2024-08-16T13:45:02","date_gmt":"2024-08-16T19:45:02","guid":{"rendered":"https:\/\/mivoot.com\/gt\/?post_type=product&#038;p=21569"},"modified":"2026-01-07T11:14:39","modified_gmt":"2026-01-07T17:14:39","slug":"lonchera-con-aislamiento-termico-y-proteccion-antimicrobiana-expandible-verde-titan","status":"publish","type":"product","link":"https:\/\/mivoot.com\/gt\/producto\/lonchera-con-aislamiento-termico-y-proteccion-antimicrobiana-expandible-verde-titan\/","title":{"rendered":"Lonchera con Aislamiento T\u00e9rmico Expandible Beige Titan"},"content":{"rendered":"<p><img decoding=\"async\" src=\"https:\/\/m.media-amazon.com\/images\/S\/aplus-media\/vc\/85474c4c-0ce7-408b-8123-ea8bd1ab707a.__CR0,0,970,300_PT0_SX970_V1___.jpg\" alt=\"Titan Deep Freeze - Almuerzo extensible\" \/><\/p>\n<h1>Bolsa para almuerzo expandible resistente al aplastamiento por fr\u00edo para refrigerador<\/h1>\n<p>\u00a1La lonchera expandible, resistente al aplastamiento y resistente al fr\u00edo patentada por Titan by Arctic Zone\u2122 es como tener tu propia mininevera port\u00e1til! Las 2 paredes de hielo de alto rendimiento Ice Walls\u00ae de la lonchera, en combinaci\u00f3n con el aislamiento de alto rendimiento SuperFoam\u00ae y una barrera radiante interior Therma-Flect\u00ae, brindan una refrigeraci\u00f3n superior para mantener los alimentos y las bebidas fr\u00edos (por debajo de los 40 \u00b0F\/4,4 \u00b0C) hasta 6 horas y refrigerados (por debajo de los 50 \u00b0F\/10 \u00b0C) hasta 12 horas*!<\/p>\n<p>Las bolsas de hielo reutilizables en gel caben dentro de tres bolsillos exteriores Ice Wall\u00ae con cierre para dejar m\u00e1s espacio para los alimentos y las bebidas en el interior.<\/p>\n<p>En los d\u00edas en los que quieras llevar m\u00e1s comida, la lonchera se expande hasta casi duplicar su capacidad para que puedas adaptar el tama\u00f1o a lo que planeas comer ese d\u00eda.<\/p>\n<p>El interior de la lonchera cuenta con un revestimiento a prueba de fugas** y f\u00e1cil de limpiar con Microban\u00ae para ayudar a proteger contra los olores y las manchas bacterianas y hacer que el revestimiento sea m\u00e1s f\u00e1cil de limpiar.<\/p>\n<p>El exterior resistente de la bolsa para el almuerzo Titan by Arctic Zone\u2122 Fridge Cold Lunch Bag repele las manchas y el agua para una limpieza f\u00e1cil y cuenta con un panel frontal y posterior moldeados con EVA resistente al aplastamiento, perfecto para la oficina, los sitios de construcci\u00f3n, las excursiones de un d\u00eda o incluso para los adolescentes a quienes les gusta llevar sus bolsas de almuerzo a todas partes y, seamos sinceros, \u00bfa qui\u00e9n no? La bolsa para el almuerzo se puede llevar de 5 maneras diferentes e incluye 2 asas acolchadas y una correa de hombro ajustable y extra\u00edble si desea tener las manos libres. Tambi\u00e9n incluye un juego de recipientes para bento a prueba de fugas.<\/p>\n<p>*Los resultados variar\u00e1n seg\u00fan la temperatura ambiente, el tipo de alimento, el volumen y la temperatura inicial del contenido.<\/p>\n<p>** La cremallera no es a prueba de fugas.<\/p>\n<p>&nbsp;<\/p>\n<h2><img decoding=\"async\" src=\"https:\/\/arcticzone.com\/cdn\/shop\/files\/Titan-Crush-Resistant-Fridge-Cold-Lunch-Box_2000x.jpg?v=1719426627\" \/><\/h2>\n<p><img fetchpriority=\"high\" decoding=\"async\" src=\"https:\/\/m.media-amazon.com\/images\/I\/71T93Xkw-GL._AC_SL1500_.jpg\" width=\"599\" height=\"563\" \/><\/p>\n<p><img decoding=\"async\" src=\"https:\/\/m.media-amazon.com\/images\/I\/71bjZihYGsL._AC_SL1500_.jpg\" width=\"602\" height=\"566\" \/><\/p>\n<p><img decoding=\"async\" src=\"https:\/\/arcticzone.com\/cdn\/shop\/files\/Crush_Resistant_A_Feature_1_500x.png?v=1719425399\" alt=\"\" width=\"500\" height=\"500\" \/><\/p>\n<p>Mantiene los alimentos y bebidas fr\u00edos (por debajo de 40 \u00b0F\/4,4 \u00b0C) hasta 6 horas y refrigerados (por debajo de 50 \u00b0F\/10 \u00b0C) hasta 12 horas*<\/p>\n<p>&nbsp;<\/p>\n<p><img loading=\"lazy\" decoding=\"async\" src=\"https:\/\/arcticzone.com\/cdn\/shop\/files\/Crush_Resistant_A_Feature_3_500x.png?v=1719426966\" alt=\"\" width=\"500\" height=\"500\" \/><\/p>\n<p>Se expande a casi el doble de capacidad<\/p>\n<p><img loading=\"lazy\" decoding=\"async\" src=\"https:\/\/arcticzone.com\/cdn\/shop\/files\/Crush_Resistant_A_Feature_4_500x.png?v=1719426967\" alt=\"\" width=\"500\" height=\"500\" \/><\/p>\n<p>Exterior duradero, repelente al agua y a las manchas, f\u00e1cil de limpiar, con panel frontal y posterior moldeado en EVA resistente al aplastamiento<\/p>\n<p><img decoding=\"async\" src=\"https:\/\/arcticzone.com\/cdn\/shop\/files\/2-crush-resistant-high-performance-final-green_1500x.jpg?v=1719520600\" alt=\"Bolsa para almuerzo expandible resistente al aplastamiento por fr\u00edo para refrigerador\" \/><\/p>\n<p><img decoding=\"async\" src=\"https:\/\/m.media-amazon.com\/images\/I\/71T93Xkw-GL._AC_SL1500_.jpg\" \/><\/p>\n","protected":false},"excerpt":{"rendered":"<p>&#8211; Refrigeraci\u00f3n fr\u00eda (a menos de 40 \u00b0F\/4,4 \u00b0C) hasta 6 horas y refrigerada (a menos de 50 \u00b0F\/10 \u00b0C) hasta 12 horas. *<br \/>\n&#8211; Incluye 2 paredes de hielo de alto rendimiento Ice Walls\u00ae de 250 g<br \/>\n&#8211; Aislamiento SuperFoam\u00ae con interior de barrera radiante Therma-Flect\u00ae<br \/>\n&#8211; Forro Ultra Safe\u00ae a prueba de fugas**, f\u00e1cil de limpiar con protecci\u00f3n antimicrobiana Microban\u00ae<br \/>\n&#8211; 2 bolsillos exteriores Ice Wall\u00ae\/accesorios<br \/>\n&#8211; 2 asas acolchadas, una con Swing Clip\u2122 acoplable<br \/>\n&#8211; Correa de hombro ajustable y extra\u00edble<br \/>\n&#8211; Exterior duradero, repelente al agua y a las manchas, f\u00e1cil de limpiar<br \/>\n&#8211; Paneles delantero y trasero moldeados en EVA, resistentes al aplastamiento<br \/>\n&#8211; Largo x Profundidad x Altura 10&#8243; x 4,5&#8243; x 8,13&#8243;<br \/>\n&#8211; Capacidad 3,5 l\/118 onzas<\/p>\n","protected":false},"featured_media":21574,"comment_status":"open","ping_status":"closed","template":"","meta":{"jetpack_publicize_message":"","jetpack_publicize_feature_enabled":true,"jetpack_social_post_already_shared":true,"jetpack_social_options":{"image_generator_settings":{"template":"highway","default_image_id":0,"font":"","enabled":false},"version":2}},"pwb-brand":[566],"product_brand":[],"product_cat":[27],"product_tag":[],"class_list":{"0":"post-21569","1":"product","2":"type-product","3":"status-publish","4":"has-post-thumbnail","6":"pwb-brand-titan","7":"product_cat-mochilas","9":"first","10":"outofstock","11":"taxable","12":"shipping-taxable","13":"purchasable","14":"product-type-simple"},"yoast_head":"<!-- This site is optimized with the Yoast SEO Premium plugin v25.7.1 (Yoast SEO v26.8) - https:\/\/yoast.com\/product\/yoast-seo-premium-wordpress\/ -->\n<title>Lonchera con Aislamiento T\u00e9rmico Expandible Beige Titan - Mivoot<\/title>\n<meta name=\"robots\" content=\"index, follow, max-snippet:-1, max-image-preview:large, max-video-preview:-1\" \/>\n<link rel=\"canonical\" href=\"https:\/\/mivoot.com\/gt\/producto\/lonchera-con-aislamiento-termico-y-proteccion-antimicrobiana-expandible-verde-titan\/\" \/>\n<meta property=\"og:locale\" content=\"es_ES\" \/>\n<meta property=\"og:type\" content=\"article\" \/>\n<meta property=\"og:title\" content=\"Lonchera con Aislamiento T\u00e9rmico Expandible Beige Titan\" \/>\n<meta property=\"og:description\" content=\"- Refrigeraci\u00f3n fr\u00eda (a menos de 40 \u00b0F\/4,4 \u00b0C) hasta 6 horas y refrigerada (a menos de 50 \u00b0F\/10 \u00b0C) hasta 12 horas. * - Incluye 2 paredes de hielo de alto rendimiento Ice Walls\u00ae de 250 g - Aislamiento SuperFoam\u00ae con interior de barrera radiante Therma-Flect\u00ae - Forro Ultra Safe\u00ae a prueba de fugas**, f\u00e1cil de limpiar con protecci\u00f3n antimicrobiana Microban\u00ae - 2 bolsillos exteriores Ice Wall\u00ae\/accesorios - 2 asas acolchadas, una con Swing Clip\u2122 acoplable - Correa de hombro ajustable y extra\u00edble - Exterior duradero, repelente al agua y a las manchas, f\u00e1cil de limpiar - Paneles delantero y trasero moldeados en EVA, resistentes al aplastamiento - Largo x Profundidad x Altura 10&quot; x 4,5&quot; x 8,13&quot; - Capacidad 3,5 l\/118 onzas\" \/>\n<meta property=\"og:url\" content=\"https:\/\/mivoot.com\/gt\/producto\/lonchera-con-aislamiento-termico-y-proteccion-antimicrobiana-expandible-verde-titan\/\" \/>\n<meta property=\"og:site_name\" content=\"Mivoot\" \/>\n<meta property=\"article:publisher\" content=\"https:\/\/www.facebook.com\/mivootgt\" \/>\n<meta property=\"article:modified_time\" content=\"2026-01-07T17:14:39+00:00\" \/>\n<meta property=\"og:image\" content=\"https:\/\/mivoot.com\/gt\/wp-content\/uploads\/2024\/08\/titan-verde-01.jpeg\" \/>\n\t<meta property=\"og:image:width\" content=\"1024\" \/>\n\t<meta property=\"og:image:height\" content=\"1024\" \/>\n\t<meta property=\"og:image:type\" content=\"image\/jpeg\" \/>\n<meta name=\"twitter:card\" content=\"summary_large_image\" \/>\n<meta name=\"twitter:label1\" content=\"Est. reading time\" \/>\n\t<meta name=\"twitter:data1\" content=\"4 minutos\" \/>\n<script type=\"application\/ld+json\" class=\"yoast-schema-graph\">{\"@context\":\"https:\/\/schema.org\",\"@graph\":[{\"@type\":\"WebPage\",\"@id\":\"https:\/\/mivoot.com\/gt\/producto\/lonchera-con-aislamiento-termico-y-proteccion-antimicrobiana-expandible-verde-titan\/\",\"url\":\"https:\/\/mivoot.com\/gt\/producto\/lonchera-con-aislamiento-termico-y-proteccion-antimicrobiana-expandible-verde-titan\/\",\"name\":\"Lonchera con Aislamiento T\u00e9rmico Expandible Beige Titan - Mivoot\",\"isPartOf\":{\"@id\":\"https:\/\/mivoot.com\/gt\/#website\"},\"primaryImageOfPage\":{\"@id\":\"https:\/\/mivoot.com\/gt\/producto\/lonchera-con-aislamiento-termico-y-proteccion-antimicrobiana-expandible-verde-titan\/#primaryimage\"},\"image\":{\"@id\":\"https:\/\/mivoot.com\/gt\/producto\/lonchera-con-aislamiento-termico-y-proteccion-antimicrobiana-expandible-verde-titan\/#primaryimage\"},\"thumbnailUrl\":\"https:\/\/mivoot.com\/gt\/wp-content\/uploads\/2024\/08\/titan-verde-01.jpeg\",\"datePublished\":\"2024-08-16T19:45:02+00:00\",\"dateModified\":\"2026-01-07T17:14:39+00:00\",\"breadcrumb\":{\"@id\":\"https:\/\/mivoot.com\/gt\/producto\/lonchera-con-aislamiento-termico-y-proteccion-antimicrobiana-expandible-verde-titan\/#breadcrumb\"},\"inLanguage\":\"es\",\"potentialAction\":[{\"@type\":\"ReadAction\",\"target\":[\"https:\/\/mivoot.com\/gt\/producto\/lonchera-con-aislamiento-termico-y-proteccion-antimicrobiana-expandible-verde-titan\/\"]}]},{\"@type\":\"ImageObject\",\"inLanguage\":\"es\",\"@id\":\"https:\/\/mivoot.com\/gt\/producto\/lonchera-con-aislamiento-termico-y-proteccion-antimicrobiana-expandible-verde-titan\/#primaryimage\",\"url\":\"https:\/\/mivoot.com\/gt\/wp-content\/uploads\/2024\/08\/titan-verde-01.jpeg\",\"contentUrl\":\"https:\/\/mivoot.com\/gt\/wp-content\/uploads\/2024\/08\/titan-verde-01.jpeg\",\"width\":1024,\"height\":1024},{\"@type\":\"BreadcrumbList\",\"@id\":\"https:\/\/mivoot.com\/gt\/producto\/lonchera-con-aislamiento-termico-y-proteccion-antimicrobiana-expandible-verde-titan\/#breadcrumb\",\"itemListElement\":[{\"@type\":\"ListItem\",\"position\":1,\"name\":\"Inicio\",\"item\":\"https:\/\/mivoot.com\/gt\/\"},{\"@type\":\"ListItem\",\"position\":2,\"name\":\"Productos\",\"item\":\"https:\/\/mivoot.com\/gt\/producto\/\"},{\"@type\":\"ListItem\",\"position\":3,\"name\":\"Titan\",\"item\":\"https:\/\/mivoot.com\/gt\/marca\/titan\/\"},{\"@type\":\"ListItem\",\"position\":4,\"name\":\"Lonchera con Aislamiento T\u00e9rmico Expandible Beige Titan\"}]},{\"@type\":\"WebSite\",\"@id\":\"https:\/\/mivoot.com\/gt\/#website\",\"url\":\"https:\/\/mivoot.com\/gt\/\",\"name\":\"Mivoot\",\"description\":\"Mivoot Guatemala | Tienda Online\",\"publisher\":{\"@id\":\"https:\/\/mivoot.com\/gt\/#organization\"},\"alternateName\":\"mivoot\",\"potentialAction\":[{\"@type\":\"SearchAction\",\"target\":{\"@type\":\"EntryPoint\",\"urlTemplate\":\"https:\/\/mivoot.com\/gt\/?s={search_term_string}\"},\"query-input\":{\"@type\":\"PropertyValueSpecification\",\"valueRequired\":true,\"valueName\":\"search_term_string\"}}],\"inLanguage\":\"es\"},{\"@type\":\"Organization\",\"@id\":\"https:\/\/mivoot.com\/gt\/#organization\",\"name\":\"Mivoot Guatemala\",\"alternateName\":\"mivoot.com\",\"url\":\"https:\/\/mivoot.com\/gt\/\",\"logo\":{\"@type\":\"ImageObject\",\"inLanguage\":\"es\",\"@id\":\"https:\/\/mivoot.com\/gt\/#\/schema\/logo\/image\/\",\"url\":\"https:\/\/mivoot.com\/gt\/wp-content\/uploads\/2023\/03\/cropped-icon.png\",\"contentUrl\":\"https:\/\/mivoot.com\/gt\/wp-content\/uploads\/2023\/03\/cropped-icon.png\",\"width\":512,\"height\":512,\"caption\":\"Mivoot Guatemala\"},\"image\":{\"@id\":\"https:\/\/mivoot.com\/gt\/#\/schema\/logo\/image\/\"},\"sameAs\":[\"https:\/\/www.facebook.com\/mivootgt\",\"https:\/\/instagram.com\/mivoot\"]}]}<\/script>\n<!-- \/ Yoast SEO Premium plugin. -->","yoast_head_json":{"title":"Lonchera con Aislamiento T\u00e9rmico Expandible Beige Titan - Mivoot","robots":{"index":"index","follow":"follow","max-snippet":"max-snippet:-1","max-image-preview":"max-image-preview:large","max-video-preview":"max-video-preview:-1"},"canonical":"https:\/\/mivoot.com\/gt\/producto\/lonchera-con-aislamiento-termico-y-proteccion-antimicrobiana-expandible-verde-titan\/","og_locale":"es_ES","og_type":"article","og_title":"Lonchera con Aislamiento T\u00e9rmico Expandible Beige Titan","og_description":"- Refrigeraci\u00f3n fr\u00eda (a menos de 40 \u00b0F\/4,4 \u00b0C) hasta 6 horas y refrigerada (a menos de 50 \u00b0F\/10 \u00b0C) hasta 12 horas. * - Incluye 2 paredes de hielo de alto rendimiento Ice Walls\u00ae de 250 g - Aislamiento SuperFoam\u00ae con interior de barrera radiante Therma-Flect\u00ae - Forro Ultra Safe\u00ae a prueba de fugas**, f\u00e1cil de limpiar con protecci\u00f3n antimicrobiana Microban\u00ae - 2 bolsillos exteriores Ice Wall\u00ae\/accesorios - 2 asas acolchadas, una con Swing Clip\u2122 acoplable - Correa de hombro ajustable y extra\u00edble - Exterior duradero, repelente al agua y a las manchas, f\u00e1cil de limpiar - Paneles delantero y trasero moldeados en EVA, resistentes al aplastamiento - Largo x Profundidad x Altura 10\" x 4,5\" x 8,13\" - Capacidad 3,5 l\/118 onzas","og_url":"https:\/\/mivoot.com\/gt\/producto\/lonchera-con-aislamiento-termico-y-proteccion-antimicrobiana-expandible-verde-titan\/","og_site_name":"Mivoot","article_publisher":"https:\/\/www.facebook.com\/mivootgt","article_modified_time":"2026-01-07T17:14:39+00:00","og_image":[{"width":1024,"height":1024,"url":"https:\/\/mivoot.com\/gt\/wp-content\/uploads\/2024\/08\/titan-verde-01.jpeg","type":"image\/jpeg"}],"twitter_card":"summary_large_image","twitter_misc":{"Est. reading time":"4 minutos"},"schema":{"@context":"https:\/\/schema.org","@graph":[{"@type":"WebPage","@id":"https:\/\/mivoot.com\/gt\/producto\/lonchera-con-aislamiento-termico-y-proteccion-antimicrobiana-expandible-verde-titan\/","url":"https:\/\/mivoot.com\/gt\/producto\/lonchera-con-aislamiento-termico-y-proteccion-antimicrobiana-expandible-verde-titan\/","name":"Lonchera con Aislamiento T\u00e9rmico Expandible Beige Titan - Mivoot","isPartOf":{"@id":"https:\/\/mivoot.com\/gt\/#website"},"primaryImageOfPage":{"@id":"https:\/\/mivoot.com\/gt\/producto\/lonchera-con-aislamiento-termico-y-proteccion-antimicrobiana-expandible-verde-titan\/#primaryimage"},"image":{"@id":"https:\/\/mivoot.com\/gt\/producto\/lonchera-con-aislamiento-termico-y-proteccion-antimicrobiana-expandible-verde-titan\/#primaryimage"},"thumbnailUrl":"https:\/\/mivoot.com\/gt\/wp-content\/uploads\/2024\/08\/titan-verde-01.jpeg","datePublished":"2024-08-16T19:45:02+00:00","dateModified":"2026-01-07T17:14:39+00:00","breadcrumb":{"@id":"https:\/\/mivoot.com\/gt\/producto\/lonchera-con-aislamiento-termico-y-proteccion-antimicrobiana-expandible-verde-titan\/#breadcrumb"},"inLanguage":"es","potentialAction":[{"@type":"ReadAction","target":["https:\/\/mivoot.com\/gt\/producto\/lonchera-con-aislamiento-termico-y-proteccion-antimicrobiana-expandible-verde-titan\/"]}]},{"@type":"ImageObject","inLanguage":"es","@id":"https:\/\/mivoot.com\/gt\/producto\/lonchera-con-aislamiento-termico-y-proteccion-antimicrobiana-expandible-verde-titan\/#primaryimage","url":"https:\/\/mivoot.com\/gt\/wp-content\/uploads\/2024\/08\/titan-verde-01.jpeg","contentUrl":"https:\/\/mivoot.com\/gt\/wp-content\/uploads\/2024\/08\/titan-verde-01.jpeg","width":1024,"height":1024},{"@type":"BreadcrumbList","@id":"https:\/\/mivoot.com\/gt\/producto\/lonchera-con-aislamiento-termico-y-proteccion-antimicrobiana-expandible-verde-titan\/#breadcrumb","itemListElement":[{"@type":"ListItem","position":1,"name":"Inicio","item":"https:\/\/mivoot.com\/gt\/"},{"@type":"ListItem","position":2,"name":"Productos","item":"https:\/\/mivoot.com\/gt\/producto\/"},{"@type":"ListItem","position":3,"name":"Titan","item":"https:\/\/mivoot.com\/gt\/marca\/titan\/"},{"@type":"ListItem","position":4,"name":"Lonchera con Aislamiento T\u00e9rmico Expandible Beige Titan"}]},{"@type":"WebSite","@id":"https:\/\/mivoot.com\/gt\/#website","url":"https:\/\/mivoot.com\/gt\/","name":"Mivoot","description":"Mivoot Guatemala | Tienda Online","publisher":{"@id":"https:\/\/mivoot.com\/gt\/#organization"},"alternateName":"mivoot","potentialAction":[{"@type":"SearchAction","target":{"@type":"EntryPoint","urlTemplate":"https:\/\/mivoot.com\/gt\/?s={search_term_string}"},"query-input":{"@type":"PropertyValueSpecification","valueRequired":true,"valueName":"search_term_string"}}],"inLanguage":"es"},{"@type":"Organization","@id":"https:\/\/mivoot.com\/gt\/#organization","name":"Mivoot Guatemala","alternateName":"mivoot.com","url":"https:\/\/mivoot.com\/gt\/","logo":{"@type":"ImageObject","inLanguage":"es","@id":"https:\/\/mivoot.com\/gt\/#\/schema\/logo\/image\/","url":"https:\/\/mivoot.com\/gt\/wp-content\/uploads\/2023\/03\/cropped-icon.png","contentUrl":"https:\/\/mivoot.com\/gt\/wp-content\/uploads\/2023\/03\/cropped-icon.png","width":512,"height":512,"caption":"Mivoot Guatemala"},"image":{"@id":"https:\/\/mivoot.com\/gt\/#\/schema\/logo\/image\/"},"sameAs":["https:\/\/www.facebook.com\/mivootgt","https:\/\/instagram.com\/mivoot"]}]}},"jetpack_publicize_connections":[],"jetpack_sharing_enabled":true,"brands":[{"id":566,"name":"Titan","slug":"titan"}],"_links":{"self":[{"href":"https:\/\/mivoot.com\/gt\/wp-json\/wp\/v2\/product\/21569","targetHints":{"allow":["GET"]}}],"collection":[{"href":"https:\/\/mivoot.com\/gt\/wp-json\/wp\/v2\/product"}],"about":[{"href":"https:\/\/mivoot.com\/gt\/wp-json\/wp\/v2\/types\/product"}],"replies":[{"embeddable":true,"href":"https:\/\/mivoot.com\/gt\/wp-json\/wp\/v2\/comments?post=21569"}],"version-history":[{"count":7,"href":"https:\/\/mivoot.com\/gt\/wp-json\/wp\/v2\/product\/21569\/revisions"}],"predecessor-version":[{"id":28092,"href":"https:\/\/mivoot.com\/gt\/wp-json\/wp\/v2\/product\/21569\/revisions\/28092"}],"wp:featuredmedia":[{"embeddable":true,"href":"https:\/\/mivoot.com\/gt\/wp-json\/wp\/v2\/media\/21574"}],"wp:attachment":[{"href":"https:\/\/mivoot.com\/gt\/wp-json\/wp\/v2\/media?parent=21569"}],"wp:term":[{"taxonomy":"pwb-brand","embeddable":true,"href":"https:\/\/mivoot.com\/gt\/wp-json\/wp\/v2\/pwb-brand?post=21569"},{"taxonomy":"product_brand","embeddable":true,"href":"https:\/\/mivoot.com\/gt\/wp-json\/wp\/v2\/product_brand?post=21569"},{"taxonomy":"product_cat","embeddable":true,"href":"https:\/\/mivoot.com\/gt\/wp-json\/wp\/v2\/product_cat?post=21569"},{"taxonomy":"product_tag","embeddable":true,"href":"https:\/\/mivoot.com\/gt\/wp-json\/wp\/v2\/product_tag?post=21569"}],"curies":[{"name":"wp","href":"https:\/\/api.w.org\/{rel}","templated":true}]}}