{"id":21597,"date":"2024-08-17T12:48:27","date_gmt":"2024-08-17T18:48:27","guid":{"rendered":"https:\/\/mivoot.com\/gt\/?post_type=product&#038;p=21597"},"modified":"2024-08-17T12:48:55","modified_gmt":"2024-08-17T18:48:55","slug":"telefono-ip-gigabit-poe-12-lineas-x4u-fanvil","status":"publish","type":"product","link":"https:\/\/mivoot.com\/gt\/producto\/telefono-ip-gigabit-poe-12-lineas-x4u-fanvil\/","title":{"rendered":"Tel\u00e9fono IP Gigabit PoE 12 Lineas X4U Fanvil"},"content":{"rendered":"<div>\n<h2>Tel\u00e9fono SIP para uso profesional intensivo<\/h2>\n<p><span class=\"od_red\">Fanvil X4U<\/span>\u00a0es un tel\u00e9fono IP Gigabit con 2 pantallas: la principal en color de 2,8&#8243; de alta resoluci\u00f3n y la lateral para las teclas DSS. Con todas las caracter\u00edsticas necesarias de VoIP y otras caracter\u00edsticas extendidas como: soporta EHS para conectar y contestar llamadas directamente desde el auricular inal\u00e1mbrico, soporta Bluetooth y WiFi v\u00eda dongle, etc. Tel\u00e9fono IP que proporcionar\u00e1 una experiencia de alta calidad a los profesionales.<\/p>\n<p><img decoding=\"async\" src=\"https:\/\/www.fanvil.com\/upload\/images\/20220425\/11218j8db8.gif\" \/><\/p>\n<h3>Un tel\u00e9fono con funciones profesionales<\/h3>\n<p>Gracias al codec de banda ancha G.722 y Opus, el audio HD con Fanvil podr\u00e1 disfrutar de una comunicaci\u00f3n n\u00edtida y altamente eficiente. Este dispositivo permite conectar auriculares inal\u00e1mbricos con descolgadores electr\u00f3nicos y responder a sus llamadas directamente desde el auricular. Con sus 12 cuentas SIP, puede recibir y procesar m\u00faltiples llamadas simult\u00e1neamente y transferirlas f\u00e1cilmente. Sus numerosas teclas de funci\u00f3n le dan acceso instant\u00e1neo a las funciones m\u00e1s utilizadas que le brindar\u00e1n una experiencia profesional.<\/p>\n<p><img decoding=\"async\" src=\"https:\/\/www.fanvil.com\/upload\/images\/20220425\/1121t48l84.gif\" \/><\/p>\n<h4><strong style=\"color: #333333;\">Caracter\u00edsticas principales:<\/strong><\/h4>\n<\/div>\n<div class=\"col-sm-4\">\n<ul>\n<li>12 lineas SIP.<\/li>\n<li>X4U v2 soporta 6 vias de conferencia<\/li>\n<li>Pantalla principal a color de 2.8&#8243; y 1 pantalla de 2.4&#8243;.<\/li>\n<li>Soporta EHS. (Compatible con Jabra).<\/li>\n<li>Doble puerto Giga Ethernet.<\/li>\n<li>Puerto USB<\/li>\n<li>PoE habilitado.<\/li>\n<li>Hasta 30 teclas DSS (6 teclas fisicas)<\/li>\n<li>Soporta Opus.<\/li>\n<li>Soporte con 2 angulos ajustables de 45 y 50 grados.<\/li>\n<li>Montaje en pared (requiere accesorio).<\/li>\n<li>Compatible con las principales plataformas: Asterisk, Broadsoft, 3CX, Metaswitch, Elastix, Avaya etc.<\/li>\n<\/ul>\n<h4><strong>F\u00edsicas y El\u00e9ctricas:<\/strong><\/h4>\n<\/div>\n<div class=\"col-sm-4\">\n<ul>\n<li>Alimentacion v\u00eda PoE 802.3af o 5Vcc, 2.0A<\/li>\n<li>2 puertos RJ45.<\/li>\n<li>2 puertos RJ9.<\/li>\n<li>Material: plastico.<\/li>\n<li>Temperatura de operaci\u00f3n: 0\u00ba ~ 45\u00ba C.<\/li>\n<\/ul>\n<h4><strong>Especificaciones de Red:<\/strong><\/h4>\n<\/div>\n<div class=\"col-sm-4\">\n<ul>\n<li>Doble puerto de red 10\/100\/1000Mbps.<\/li>\n<li>VPN: L2TP \/ OpenVPN.<\/li>\n<li>VLAN.<\/li>\n<li>LLDP.<\/li>\n<li>IPv4\/IPv6\/IPv4&amp;IPv6.<\/li>\n<li>SIP 2.0 sobre UDP\/TCP\/TLS.<\/li>\n<li>PPPoE.<\/li>\n<li>QoS.<\/li>\n<\/ul>\n<p><img decoding=\"async\" src=\"https:\/\/www.fanvil.com\/upload\/images\/20230619\/2047lnb0xv.jpg\" alt=\"3.jpg\" \/><img decoding=\"async\" src=\"https:\/\/www.fanvil.com\/upload\/images\/20230619\/2047862j0b.jpg\" alt=\"4.jpg\" \/><img decoding=\"async\" src=\"https:\/\/www.fanvil.com\/upload\/images\/20230619\/204720j226.jpg\" alt=\"5.jpg\" \/><\/p>\n<\/div>\n","protected":false},"excerpt":{"rendered":"<p>&#8211; Audio HD con codec G.722 y Opus.<br \/>\n&#8211; 12 l\u00edneas SIP<br \/>\n&#8211; Doble puerto Gigabit con PoE<br \/>\n&#8211; Puerto USB<br \/>\n&#8211; Pantalla principal a Color de Alta definicion de 2.8&#8243; y pantalla lateral de 2.4&#8243;.<br \/>\n&#8211; 3 teclas de linea con luz led y 30 teclas DSS.<br \/>\n&#8211; Soporta diademas inalambricas EHS.<br \/>\n&#8211; Soporta protocolo IPV4 e IPV6.<br \/>\n&#8211; Hasta 1000 contactos en agenda telefonica.<\/p>\n","protected":false},"featured_media":21599,"comment_status":"open","ping_status":"closed","template":"","meta":{"jetpack_publicize_message":"","jetpack_publicize_feature_enabled":true,"jetpack_social_post_already_shared":true,"jetpack_social_options":{"image_generator_settings":{"template":"highway","default_image_id":0,"font":"","enabled":false},"version":2}},"pwb-brand":[557],"product_brand":[],"product_cat":[329],"product_tag":[],"class_list":{"0":"post-21597","1":"product","2":"type-product","3":"status-publish","4":"has-post-thumbnail","6":"pwb-brand-fanvil-guatemala","7":"product_cat-telefonos-ip","9":"first","10":"instock","11":"taxable","12":"shipping-taxable","13":"purchasable","14":"product-type-simple"},"yoast_head":"<!-- This site is optimized with the Yoast SEO Premium plugin v25.7.1 (Yoast SEO v26.8) - https:\/\/yoast.com\/product\/yoast-seo-premium-wordpress\/ -->\n<title>Tel\u00e9fono IP Gigabit PoE 12 Lineas X4U Fanvil - Mivoot<\/title>\n<meta name=\"robots\" content=\"index, follow, max-snippet:-1, max-image-preview:large, max-video-preview:-1\" \/>\n<link rel=\"canonical\" href=\"https:\/\/mivoot.com\/gt\/producto\/telefono-ip-gigabit-poe-12-lineas-x4u-fanvil\/\" \/>\n<meta property=\"og:locale\" content=\"es_ES\" \/>\n<meta property=\"og:type\" content=\"article\" \/>\n<meta property=\"og:title\" content=\"Tel\u00e9fono IP Gigabit PoE 12 Lineas X4U Fanvil\" \/>\n<meta property=\"og:description\" content=\"- Audio HD con codec G.722 y Opus. - 12 l\u00edneas SIP - Doble puerto Gigabit con PoE - Puerto USB - Pantalla principal a Color de Alta definicion de 2.8&quot; y pantalla lateral de 2.4&quot;. - 3 teclas de linea con luz led y 30 teclas DSS. - Soporta diademas inalambricas EHS. - Soporta protocolo IPV4 e IPV6. - Hasta 1000 contactos en agenda telefonica.\" \/>\n<meta property=\"og:url\" content=\"https:\/\/mivoot.com\/gt\/producto\/telefono-ip-gigabit-poe-12-lineas-x4u-fanvil\/\" \/>\n<meta property=\"og:site_name\" content=\"Mivoot\" \/>\n<meta property=\"article:publisher\" content=\"https:\/\/www.facebook.com\/mivootgt\" \/>\n<meta property=\"article:modified_time\" content=\"2024-08-17T18:48:55+00:00\" \/>\n<meta property=\"og:image\" content=\"https:\/\/mivoot.com\/gt\/wp-content\/uploads\/2024\/08\/X4U-00.png\" \/>\n\t<meta property=\"og:image:width\" content=\"1000\" \/>\n\t<meta property=\"og:image:height\" content=\"1000\" \/>\n\t<meta property=\"og:image:type\" content=\"image\/png\" \/>\n<meta name=\"twitter:card\" content=\"summary_large_image\" \/>\n<meta name=\"twitter:label1\" content=\"Est. reading time\" \/>\n\t<meta name=\"twitter:data1\" content=\"3 minutos\" \/>\n<script type=\"application\/ld+json\" class=\"yoast-schema-graph\">{\"@context\":\"https:\/\/schema.org\",\"@graph\":[{\"@type\":\"WebPage\",\"@id\":\"https:\/\/mivoot.com\/gt\/producto\/telefono-ip-gigabit-poe-12-lineas-x4u-fanvil\/\",\"url\":\"https:\/\/mivoot.com\/gt\/producto\/telefono-ip-gigabit-poe-12-lineas-x4u-fanvil\/\",\"name\":\"Tel\u00e9fono IP Gigabit PoE 12 Lineas X4U Fanvil - Mivoot\",\"isPartOf\":{\"@id\":\"https:\/\/mivoot.com\/gt\/#website\"},\"primaryImageOfPage\":{\"@id\":\"https:\/\/mivoot.com\/gt\/producto\/telefono-ip-gigabit-poe-12-lineas-x4u-fanvil\/#primaryimage\"},\"image\":{\"@id\":\"https:\/\/mivoot.com\/gt\/producto\/telefono-ip-gigabit-poe-12-lineas-x4u-fanvil\/#primaryimage\"},\"thumbnailUrl\":\"https:\/\/mivoot.com\/gt\/wp-content\/uploads\/2024\/08\/X4U-00.png\",\"datePublished\":\"2024-08-17T18:48:27+00:00\",\"dateModified\":\"2024-08-17T18:48:55+00:00\",\"breadcrumb\":{\"@id\":\"https:\/\/mivoot.com\/gt\/producto\/telefono-ip-gigabit-poe-12-lineas-x4u-fanvil\/#breadcrumb\"},\"inLanguage\":\"es\",\"potentialAction\":[{\"@type\":\"ReadAction\",\"target\":[\"https:\/\/mivoot.com\/gt\/producto\/telefono-ip-gigabit-poe-12-lineas-x4u-fanvil\/\"]}]},{\"@type\":\"ImageObject\",\"inLanguage\":\"es\",\"@id\":\"https:\/\/mivoot.com\/gt\/producto\/telefono-ip-gigabit-poe-12-lineas-x4u-fanvil\/#primaryimage\",\"url\":\"https:\/\/mivoot.com\/gt\/wp-content\/uploads\/2024\/08\/X4U-00.png\",\"contentUrl\":\"https:\/\/mivoot.com\/gt\/wp-content\/uploads\/2024\/08\/X4U-00.png\",\"width\":1000,\"height\":1000},{\"@type\":\"BreadcrumbList\",\"@id\":\"https:\/\/mivoot.com\/gt\/producto\/telefono-ip-gigabit-poe-12-lineas-x4u-fanvil\/#breadcrumb\",\"itemListElement\":[{\"@type\":\"ListItem\",\"position\":1,\"name\":\"Inicio\",\"item\":\"https:\/\/mivoot.com\/gt\/\"},{\"@type\":\"ListItem\",\"position\":2,\"name\":\"Productos\",\"item\":\"https:\/\/mivoot.com\/gt\/producto\/\"},{\"@type\":\"ListItem\",\"position\":3,\"name\":\"Fanvil\",\"item\":\"https:\/\/mivoot.com\/gt\/marca\/fanvil-guatemala\/\"},{\"@type\":\"ListItem\",\"position\":4,\"name\":\"Tel\u00e9fono IP Gigabit PoE 12 Lineas X4U Fanvil\"}]},{\"@type\":\"WebSite\",\"@id\":\"https:\/\/mivoot.com\/gt\/#website\",\"url\":\"https:\/\/mivoot.com\/gt\/\",\"name\":\"Mivoot\",\"description\":\"Mivoot Guatemala | Tienda Online\",\"publisher\":{\"@id\":\"https:\/\/mivoot.com\/gt\/#organization\"},\"alternateName\":\"mivoot\",\"potentialAction\":[{\"@type\":\"SearchAction\",\"target\":{\"@type\":\"EntryPoint\",\"urlTemplate\":\"https:\/\/mivoot.com\/gt\/?s={search_term_string}\"},\"query-input\":{\"@type\":\"PropertyValueSpecification\",\"valueRequired\":true,\"valueName\":\"search_term_string\"}}],\"inLanguage\":\"es\"},{\"@type\":\"Organization\",\"@id\":\"https:\/\/mivoot.com\/gt\/#organization\",\"name\":\"Mivoot Guatemala\",\"alternateName\":\"mivoot.com\",\"url\":\"https:\/\/mivoot.com\/gt\/\",\"logo\":{\"@type\":\"ImageObject\",\"inLanguage\":\"es\",\"@id\":\"https:\/\/mivoot.com\/gt\/#\/schema\/logo\/image\/\",\"url\":\"https:\/\/mivoot.com\/gt\/wp-content\/uploads\/2023\/03\/cropped-icon.png\",\"contentUrl\":\"https:\/\/mivoot.com\/gt\/wp-content\/uploads\/2023\/03\/cropped-icon.png\",\"width\":512,\"height\":512,\"caption\":\"Mivoot Guatemala\"},\"image\":{\"@id\":\"https:\/\/mivoot.com\/gt\/#\/schema\/logo\/image\/\"},\"sameAs\":[\"https:\/\/www.facebook.com\/mivootgt\",\"https:\/\/instagram.com\/mivoot\"]}]}<\/script>\n<!-- \/ Yoast SEO Premium plugin. -->","yoast_head_json":{"title":"Tel\u00e9fono IP Gigabit PoE 12 Lineas X4U Fanvil - Mivoot","robots":{"index":"index","follow":"follow","max-snippet":"max-snippet:-1","max-image-preview":"max-image-preview:large","max-video-preview":"max-video-preview:-1"},"canonical":"https:\/\/mivoot.com\/gt\/producto\/telefono-ip-gigabit-poe-12-lineas-x4u-fanvil\/","og_locale":"es_ES","og_type":"article","og_title":"Tel\u00e9fono IP Gigabit PoE 12 Lineas X4U Fanvil","og_description":"- Audio HD con codec G.722 y Opus. - 12 l\u00edneas SIP - Doble puerto Gigabit con PoE - Puerto USB - Pantalla principal a Color de Alta definicion de 2.8\" y pantalla lateral de 2.4\". - 3 teclas de linea con luz led y 30 teclas DSS. - Soporta diademas inalambricas EHS. - Soporta protocolo IPV4 e IPV6. - Hasta 1000 contactos en agenda telefonica.","og_url":"https:\/\/mivoot.com\/gt\/producto\/telefono-ip-gigabit-poe-12-lineas-x4u-fanvil\/","og_site_name":"Mivoot","article_publisher":"https:\/\/www.facebook.com\/mivootgt","article_modified_time":"2024-08-17T18:48:55+00:00","og_image":[{"width":1000,"height":1000,"url":"https:\/\/mivoot.com\/gt\/wp-content\/uploads\/2024\/08\/X4U-00.png","type":"image\/png"}],"twitter_card":"summary_large_image","twitter_misc":{"Est. reading time":"3 minutos"},"schema":{"@context":"https:\/\/schema.org","@graph":[{"@type":"WebPage","@id":"https:\/\/mivoot.com\/gt\/producto\/telefono-ip-gigabit-poe-12-lineas-x4u-fanvil\/","url":"https:\/\/mivoot.com\/gt\/producto\/telefono-ip-gigabit-poe-12-lineas-x4u-fanvil\/","name":"Tel\u00e9fono IP Gigabit PoE 12 Lineas X4U Fanvil - Mivoot","isPartOf":{"@id":"https:\/\/mivoot.com\/gt\/#website"},"primaryImageOfPage":{"@id":"https:\/\/mivoot.com\/gt\/producto\/telefono-ip-gigabit-poe-12-lineas-x4u-fanvil\/#primaryimage"},"image":{"@id":"https:\/\/mivoot.com\/gt\/producto\/telefono-ip-gigabit-poe-12-lineas-x4u-fanvil\/#primaryimage"},"thumbnailUrl":"https:\/\/mivoot.com\/gt\/wp-content\/uploads\/2024\/08\/X4U-00.png","datePublished":"2024-08-17T18:48:27+00:00","dateModified":"2024-08-17T18:48:55+00:00","breadcrumb":{"@id":"https:\/\/mivoot.com\/gt\/producto\/telefono-ip-gigabit-poe-12-lineas-x4u-fanvil\/#breadcrumb"},"inLanguage":"es","potentialAction":[{"@type":"ReadAction","target":["https:\/\/mivoot.com\/gt\/producto\/telefono-ip-gigabit-poe-12-lineas-x4u-fanvil\/"]}]},{"@type":"ImageObject","inLanguage":"es","@id":"https:\/\/mivoot.com\/gt\/producto\/telefono-ip-gigabit-poe-12-lineas-x4u-fanvil\/#primaryimage","url":"https:\/\/mivoot.com\/gt\/wp-content\/uploads\/2024\/08\/X4U-00.png","contentUrl":"https:\/\/mivoot.com\/gt\/wp-content\/uploads\/2024\/08\/X4U-00.png","width":1000,"height":1000},{"@type":"BreadcrumbList","@id":"https:\/\/mivoot.com\/gt\/producto\/telefono-ip-gigabit-poe-12-lineas-x4u-fanvil\/#breadcrumb","itemListElement":[{"@type":"ListItem","position":1,"name":"Inicio","item":"https:\/\/mivoot.com\/gt\/"},{"@type":"ListItem","position":2,"name":"Productos","item":"https:\/\/mivoot.com\/gt\/producto\/"},{"@type":"ListItem","position":3,"name":"Fanvil","item":"https:\/\/mivoot.com\/gt\/marca\/fanvil-guatemala\/"},{"@type":"ListItem","position":4,"name":"Tel\u00e9fono IP Gigabit PoE 12 Lineas X4U Fanvil"}]},{"@type":"WebSite","@id":"https:\/\/mivoot.com\/gt\/#website","url":"https:\/\/mivoot.com\/gt\/","name":"Mivoot","description":"Mivoot Guatemala | Tienda Online","publisher":{"@id":"https:\/\/mivoot.com\/gt\/#organization"},"alternateName":"mivoot","potentialAction":[{"@type":"SearchAction","target":{"@type":"EntryPoint","urlTemplate":"https:\/\/mivoot.com\/gt\/?s={search_term_string}"},"query-input":{"@type":"PropertyValueSpecification","valueRequired":true,"valueName":"search_term_string"}}],"inLanguage":"es"},{"@type":"Organization","@id":"https:\/\/mivoot.com\/gt\/#organization","name":"Mivoot Guatemala","alternateName":"mivoot.com","url":"https:\/\/mivoot.com\/gt\/","logo":{"@type":"ImageObject","inLanguage":"es","@id":"https:\/\/mivoot.com\/gt\/#\/schema\/logo\/image\/","url":"https:\/\/mivoot.com\/gt\/wp-content\/uploads\/2023\/03\/cropped-icon.png","contentUrl":"https:\/\/mivoot.com\/gt\/wp-content\/uploads\/2023\/03\/cropped-icon.png","width":512,"height":512,"caption":"Mivoot Guatemala"},"image":{"@id":"https:\/\/mivoot.com\/gt\/#\/schema\/logo\/image\/"},"sameAs":["https:\/\/www.facebook.com\/mivootgt","https:\/\/instagram.com\/mivoot"]}]}},"jetpack_publicize_connections":[],"jetpack_sharing_enabled":true,"brands":[{"id":557,"name":"Fanvil","slug":"fanvil-guatemala"}],"_links":{"self":[{"href":"https:\/\/mivoot.com\/gt\/wp-json\/wp\/v2\/product\/21597","targetHints":{"allow":["GET"]}}],"collection":[{"href":"https:\/\/mivoot.com\/gt\/wp-json\/wp\/v2\/product"}],"about":[{"href":"https:\/\/mivoot.com\/gt\/wp-json\/wp\/v2\/types\/product"}],"replies":[{"embeddable":true,"href":"https:\/\/mivoot.com\/gt\/wp-json\/wp\/v2\/comments?post=21597"}],"version-history":[{"count":2,"href":"https:\/\/mivoot.com\/gt\/wp-json\/wp\/v2\/product\/21597\/revisions"}],"predecessor-version":[{"id":21606,"href":"https:\/\/mivoot.com\/gt\/wp-json\/wp\/v2\/product\/21597\/revisions\/21606"}],"wp:featuredmedia":[{"embeddable":true,"href":"https:\/\/mivoot.com\/gt\/wp-json\/wp\/v2\/media\/21599"}],"wp:attachment":[{"href":"https:\/\/mivoot.com\/gt\/wp-json\/wp\/v2\/media?parent=21597"}],"wp:term":[{"taxonomy":"pwb-brand","embeddable":true,"href":"https:\/\/mivoot.com\/gt\/wp-json\/wp\/v2\/pwb-brand?post=21597"},{"taxonomy":"product_brand","embeddable":true,"href":"https:\/\/mivoot.com\/gt\/wp-json\/wp\/v2\/product_brand?post=21597"},{"taxonomy":"product_cat","embeddable":true,"href":"https:\/\/mivoot.com\/gt\/wp-json\/wp\/v2\/product_cat?post=21597"},{"taxonomy":"product_tag","embeddable":true,"href":"https:\/\/mivoot.com\/gt\/wp-json\/wp\/v2\/product_tag?post=21597"}],"curies":[{"name":"wp","href":"https:\/\/api.w.org\/{rel}","templated":true}]}}