{"id":21671,"date":"2024-08-23T12:11:14","date_gmt":"2024-08-23T18:11:14","guid":{"rendered":"https:\/\/mivoot.com\/gt\/?post_type=product&#038;p=21671"},"modified":"2024-08-23T12:11:15","modified_gmt":"2024-08-23T18:11:15","slug":"adaptador-de-red-usb-3-0-a-gigabit-ethernet-tp-link","status":"publish","type":"product","link":"https:\/\/mivoot.com\/gt\/producto\/adaptador-de-red-usb-3-0-a-gigabit-ethernet-tp-link\/","title":{"rendered":"Adaptador de red USB 3.0 a Gigabit Ethernet Tp-link"},"content":{"rendered":"<h1 style=\"text-align: center\"><img fetchpriority=\"high\" decoding=\"async\" class=\"alignnone  wp-image-21682\" src=\"https:\/\/mivoot.com\/gt\/wp-content\/uploads\/2024\/08\/Captura-de-pantalla-2024-08-23-120105-300x127.png\" alt=\"\" width=\"834\" height=\"353\" srcset=\"https:\/\/mivoot.com\/gt\/wp-content\/uploads\/2024\/08\/Captura-de-pantalla-2024-08-23-120105-300x127.png 300w, https:\/\/mivoot.com\/gt\/wp-content\/uploads\/2024\/08\/Captura-de-pantalla-2024-08-23-120105-410x174.png 410w, https:\/\/mivoot.com\/gt\/wp-content\/uploads\/2024\/08\/Captura-de-pantalla-2024-08-23-120105-64x27.png 64w, https:\/\/mivoot.com\/gt\/wp-content\/uploads\/2024\/08\/Captura-de-pantalla-2024-08-23-120105-768x326.png 768w, https:\/\/mivoot.com\/gt\/wp-content\/uploads\/2024\/08\/Captura-de-pantalla-2024-08-23-120105-600x255.png 600w, https:\/\/mivoot.com\/gt\/wp-content\/uploads\/2024\/08\/Captura-de-pantalla-2024-08-23-120105.png 1261w\" sizes=\"(max-width: 834px) 100vw, 834px\" \/><\/h1>\n<p style=\"text-align: center\">La soluci\u00f3n USB 3.0 y Gigabit m\u00e1s r\u00e1pida garantiza una tasa de transferencia de alta velocidad<\/p>\n<p style=\"text-align: center\">Plug and Play en Nintendo Switch, Windows 10\/8.1 y SO Linux<\/p>\n<p style=\"text-align: center\">El dise\u00f1o plegable y port\u00e1til se adapta perfectamente a su Ultrabook<\/p>\n<p style=\"text-align: center\">Compatible con Nintendo Switch: disfruta de los juegos con tus amigos y descargas r\u00e1pidas al conectarlo a tu base de Nintendo Switch y agregar una conexi\u00f3n Gigabit Ethernet.<\/p>\n<p>&nbsp;<\/p>\n<p style=\"text-align: center\"><div class=\"row\"  id=\"row-781783557\">\n<p style=\"text-align: center\">\n\t<div id=\"col-1731658841\" class=\"col medium-1\/2 large-6\"  >\n\t\t<div class=\"col-inner\"  >\n\t\t\t\n\t\t\t\n<img decoding=\"async\" class=\"alignnone  wp-image-21677\" src=\"https:\/\/mivoot.com\/gt\/wp-content\/uploads\/2024\/08\/Captura-de-pantalla-2024-08-23-110400-300x150.png\" alt=\"\" width=\"666\" height=\"333\" srcset=\"https:\/\/mivoot.com\/gt\/wp-content\/uploads\/2024\/08\/Captura-de-pantalla-2024-08-23-110400-300x150.png 300w, https:\/\/mivoot.com\/gt\/wp-content\/uploads\/2024\/08\/Captura-de-pantalla-2024-08-23-110400-410x205.png 410w, https:\/\/mivoot.com\/gt\/wp-content\/uploads\/2024\/08\/Captura-de-pantalla-2024-08-23-110400-64x32.png 64w, https:\/\/mivoot.com\/gt\/wp-content\/uploads\/2024\/08\/Captura-de-pantalla-2024-08-23-110400-768x383.png 768w, https:\/\/mivoot.com\/gt\/wp-content\/uploads\/2024\/08\/Captura-de-pantalla-2024-08-23-110400-600x299.png 600w, https:\/\/mivoot.com\/gt\/wp-content\/uploads\/2024\/08\/Captura-de-pantalla-2024-08-23-110400.png 1241w\" sizes=\"(max-width: 666px) 100vw, 666px\" \/><\/p>\n\t\t<\/div>\n\t\t\t<\/div>\n\n\t\n\n\t<div id=\"col-648598070\" class=\"col medium-1\/2 large-6\"  >\n\t\t<div class=\"col-inner\"  >\n\t\t\t\n\t\t\t\n<img decoding=\"async\" class=\"alignnone  wp-image-21676\" src=\"https:\/\/mivoot.com\/gt\/wp-content\/uploads\/2024\/08\/Captura-de-pantalla-2024-08-23-110440-300x141.png\" alt=\"\" width=\"672\" height=\"316\" srcset=\"https:\/\/mivoot.com\/gt\/wp-content\/uploads\/2024\/08\/Captura-de-pantalla-2024-08-23-110440-300x141.png 300w, https:\/\/mivoot.com\/gt\/wp-content\/uploads\/2024\/08\/Captura-de-pantalla-2024-08-23-110440-410x192.png 410w, https:\/\/mivoot.com\/gt\/wp-content\/uploads\/2024\/08\/Captura-de-pantalla-2024-08-23-110440-64x30.png 64w, https:\/\/mivoot.com\/gt\/wp-content\/uploads\/2024\/08\/Captura-de-pantalla-2024-08-23-110440-768x360.png 768w, https:\/\/mivoot.com\/gt\/wp-content\/uploads\/2024\/08\/Captura-de-pantalla-2024-08-23-110440-600x281.png 600w, https:\/\/mivoot.com\/gt\/wp-content\/uploads\/2024\/08\/Captura-de-pantalla-2024-08-23-110440.png 1295w\" sizes=\"(max-width: 672px) 100vw, 672px\" \/><\/p>\n\t\t<\/div>\n\t\t\t<\/div>\n\n\t\n<p style=\"text-align: center\"><\/div>\n<p>&nbsp;<\/p>\n<h2 style=\"text-align: center\">F\u00e1cil de usar con Plug &amp; Play<\/h2>\n<p style=\"text-align: center\">Simplemente con\u00e9ctelo y est\u00e9 listo para usar en segundos, no se requiere la instalaci\u00f3n manual del controlador. Mientras tanto, un indicador LED intuitivo le permite conocer el estado de la red de un vistazo. Plug &amp; Play est\u00e1 habilitado para Nintendo Switch, Windows 11\/10\/8.1, Mac OS y Linux OS.<\/p>\n<p>&nbsp;<\/p>\n<p><img loading=\"lazy\" decoding=\"async\" class=\"wp-image-21675 aligncenter\" src=\"https:\/\/mivoot.com\/gt\/wp-content\/uploads\/2024\/08\/Captura-de-pantalla-2024-08-23-112140-300x122.png\" alt=\"\" width=\"876\" height=\"356\" srcset=\"https:\/\/mivoot.com\/gt\/wp-content\/uploads\/2024\/08\/Captura-de-pantalla-2024-08-23-112140-300x122.png 300w, https:\/\/mivoot.com\/gt\/wp-content\/uploads\/2024\/08\/Captura-de-pantalla-2024-08-23-112140-410x167.png 410w, https:\/\/mivoot.com\/gt\/wp-content\/uploads\/2024\/08\/Captura-de-pantalla-2024-08-23-112140-64x26.png 64w, https:\/\/mivoot.com\/gt\/wp-content\/uploads\/2024\/08\/Captura-de-pantalla-2024-08-23-112140-768x313.png 768w, https:\/\/mivoot.com\/gt\/wp-content\/uploads\/2024\/08\/Captura-de-pantalla-2024-08-23-112140-600x245.png 600w, https:\/\/mivoot.com\/gt\/wp-content\/uploads\/2024\/08\/Captura-de-pantalla-2024-08-23-112140.png 1282w\" sizes=\"(max-width: 876px) 100vw, 876px\" \/><\/p>\n<p><img loading=\"lazy\" decoding=\"async\" class=\" wp-image-21683 aligncenter\" src=\"https:\/\/mivoot.com\/gt\/wp-content\/uploads\/2024\/08\/Captura-de-pantalla-2024-08-23-120923-300x209.png\" alt=\"\" width=\"874\" height=\"609\" srcset=\"https:\/\/mivoot.com\/gt\/wp-content\/uploads\/2024\/08\/Captura-de-pantalla-2024-08-23-120923-300x209.png 300w, https:\/\/mivoot.com\/gt\/wp-content\/uploads\/2024\/08\/Captura-de-pantalla-2024-08-23-120923-410x286.png 410w, https:\/\/mivoot.com\/gt\/wp-content\/uploads\/2024\/08\/Captura-de-pantalla-2024-08-23-120923-64x45.png 64w, https:\/\/mivoot.com\/gt\/wp-content\/uploads\/2024\/08\/Captura-de-pantalla-2024-08-23-120923-600x418.png 600w, https:\/\/mivoot.com\/gt\/wp-content\/uploads\/2024\/08\/Captura-de-pantalla-2024-08-23-120923.png 745w\" sizes=\"(max-width: 874px) 100vw, 874px\" \/><\/p>\n<p><img loading=\"lazy\" decoding=\"async\" class=\"wp-image-21673 aligncenter\" src=\"https:\/\/mivoot.com\/gt\/wp-content\/uploads\/2024\/08\/Captura-de-pantalla-2024-08-23-115313-300x112.png\" alt=\"\" width=\"911\" height=\"340\" srcset=\"https:\/\/mivoot.com\/gt\/wp-content\/uploads\/2024\/08\/Captura-de-pantalla-2024-08-23-115313-300x112.png 300w, https:\/\/mivoot.com\/gt\/wp-content\/uploads\/2024\/08\/Captura-de-pantalla-2024-08-23-115313-410x153.png 410w, https:\/\/mivoot.com\/gt\/wp-content\/uploads\/2024\/08\/Captura-de-pantalla-2024-08-23-115313-64x24.png 64w, https:\/\/mivoot.com\/gt\/wp-content\/uploads\/2024\/08\/Captura-de-pantalla-2024-08-23-115313-768x286.png 768w, https:\/\/mivoot.com\/gt\/wp-content\/uploads\/2024\/08\/Captura-de-pantalla-2024-08-23-115313-600x224.png 600w, https:\/\/mivoot.com\/gt\/wp-content\/uploads\/2024\/08\/Captura-de-pantalla-2024-08-23-115313.png 1267w\" sizes=\"(max-width: 911px) 100vw, 911px\" \/><\/p>\n<p class=\"p-note\" style=\"text-align: center\">\n<p class=\"p-img\">\n","protected":false},"excerpt":{"rendered":"<p>&#8211; Dimensiones: 2.8 x 1.0 x 0.6 in. (71 x 26 x 16.2mm)<br \/>\n&#8211; Interfaz de Entrada: 1 puerto Ethernet RJ45 de 10\/100\/1000 Mbps<br \/>\n&#8211; Interfaz de Salida: 1 puerto USB 3.0<br \/>\n&#8211; Chipset: AX88179<br \/>\n&#8211; Sistemas Soportados: Nintendo Switch Windows 10\/8.1\/8\/7 Linux OS<\/p>\n","protected":false},"featured_media":21680,"comment_status":"open","ping_status":"closed","template":"","meta":{"jetpack_publicize_message":"","jetpack_publicize_feature_enabled":true,"jetpack_social_post_already_shared":true,"jetpack_social_options":{"image_generator_settings":{"template":"highway","default_image_id":0,"font":"","enabled":false},"version":2}},"pwb-brand":[320],"product_brand":[],"product_cat":[17],"product_tag":[],"class_list":{"0":"post-21671","1":"product","2":"type-product","3":"status-publish","4":"has-post-thumbnail","6":"pwb-brand-tp-link","7":"product_cat-redes-e-internet","9":"first","10":"instock","11":"taxable","12":"shipping-taxable","13":"product-type-simple"},"yoast_head":"<!-- This site is optimized with the Yoast SEO Premium plugin v25.7.1 (Yoast SEO v26.8) - https:\/\/yoast.com\/product\/yoast-seo-premium-wordpress\/ -->\n<title>Adaptador de red USB 3.0 a Gigabit Ethernet Tp-link - Mivoot<\/title>\n<meta name=\"robots\" content=\"index, follow, max-snippet:-1, max-image-preview:large, max-video-preview:-1\" \/>\n<link rel=\"canonical\" href=\"https:\/\/mivoot.com\/gt\/producto\/adaptador-de-red-usb-3-0-a-gigabit-ethernet-tp-link\/\" \/>\n<meta property=\"og:locale\" content=\"es_ES\" \/>\n<meta property=\"og:type\" content=\"article\" \/>\n<meta property=\"og:title\" content=\"Adaptador de red USB 3.0 a Gigabit Ethernet Tp-link\" \/>\n<meta property=\"og:description\" content=\"- Dimensiones: 2.8 x 1.0 x 0.6 in. (71 x 26 x 16.2mm) - Interfaz de Entrada: 1 puerto Ethernet RJ45 de 10\/100\/1000 Mbps - Interfaz de Salida: 1 puerto USB 3.0 - Chipset: AX88179 - Sistemas Soportados: Nintendo Switch Windows 10\/8.1\/8\/7 Linux OS\" \/>\n<meta property=\"og:url\" content=\"https:\/\/mivoot.com\/gt\/producto\/adaptador-de-red-usb-3-0-a-gigabit-ethernet-tp-link\/\" \/>\n<meta property=\"og:site_name\" content=\"Mivoot\" \/>\n<meta property=\"article:publisher\" content=\"https:\/\/www.facebook.com\/mivootgt\" \/>\n<meta property=\"article:modified_time\" content=\"2024-08-23T18:11:15+00:00\" \/>\n<meta property=\"og:image\" content=\"https:\/\/mivoot.com\/gt\/wp-content\/uploads\/2024\/08\/Overview_UE306_2_large_1623067084912v.jpg\" \/>\n\t<meta property=\"og:image:width\" content=\"1000\" \/>\n\t<meta property=\"og:image:height\" content=\"1000\" \/>\n\t<meta property=\"og:image:type\" content=\"image\/jpeg\" \/>\n<meta name=\"twitter:card\" content=\"summary_large_image\" \/>\n<meta name=\"twitter:label1\" content=\"Est. reading time\" \/>\n\t<meta name=\"twitter:data1\" content=\"2 minutos\" \/>\n<script type=\"application\/ld+json\" class=\"yoast-schema-graph\">{\"@context\":\"https:\/\/schema.org\",\"@graph\":[{\"@type\":\"WebPage\",\"@id\":\"https:\/\/mivoot.com\/gt\/producto\/adaptador-de-red-usb-3-0-a-gigabit-ethernet-tp-link\/\",\"url\":\"https:\/\/mivoot.com\/gt\/producto\/adaptador-de-red-usb-3-0-a-gigabit-ethernet-tp-link\/\",\"name\":\"Adaptador de red USB 3.0 a Gigabit Ethernet Tp-link - Mivoot\",\"isPartOf\":{\"@id\":\"https:\/\/mivoot.com\/gt\/#website\"},\"primaryImageOfPage\":{\"@id\":\"https:\/\/mivoot.com\/gt\/producto\/adaptador-de-red-usb-3-0-a-gigabit-ethernet-tp-link\/#primaryimage\"},\"image\":{\"@id\":\"https:\/\/mivoot.com\/gt\/producto\/adaptador-de-red-usb-3-0-a-gigabit-ethernet-tp-link\/#primaryimage\"},\"thumbnailUrl\":\"https:\/\/mivoot.com\/gt\/wp-content\/uploads\/2024\/08\/Overview_UE306_2_large_1623067084912v.jpg\",\"datePublished\":\"2024-08-23T18:11:14+00:00\",\"dateModified\":\"2024-08-23T18:11:15+00:00\",\"breadcrumb\":{\"@id\":\"https:\/\/mivoot.com\/gt\/producto\/adaptador-de-red-usb-3-0-a-gigabit-ethernet-tp-link\/#breadcrumb\"},\"inLanguage\":\"es\",\"potentialAction\":[{\"@type\":\"ReadAction\",\"target\":[\"https:\/\/mivoot.com\/gt\/producto\/adaptador-de-red-usb-3-0-a-gigabit-ethernet-tp-link\/\"]}]},{\"@type\":\"ImageObject\",\"inLanguage\":\"es\",\"@id\":\"https:\/\/mivoot.com\/gt\/producto\/adaptador-de-red-usb-3-0-a-gigabit-ethernet-tp-link\/#primaryimage\",\"url\":\"https:\/\/mivoot.com\/gt\/wp-content\/uploads\/2024\/08\/Overview_UE306_2_large_1623067084912v.jpg\",\"contentUrl\":\"https:\/\/mivoot.com\/gt\/wp-content\/uploads\/2024\/08\/Overview_UE306_2_large_1623067084912v.jpg\",\"width\":1000,\"height\":1000},{\"@type\":\"BreadcrumbList\",\"@id\":\"https:\/\/mivoot.com\/gt\/producto\/adaptador-de-red-usb-3-0-a-gigabit-ethernet-tp-link\/#breadcrumb\",\"itemListElement\":[{\"@type\":\"ListItem\",\"position\":1,\"name\":\"Inicio\",\"item\":\"https:\/\/mivoot.com\/gt\/\"},{\"@type\":\"ListItem\",\"position\":2,\"name\":\"Productos\",\"item\":\"https:\/\/mivoot.com\/gt\/producto\/\"},{\"@type\":\"ListItem\",\"position\":3,\"name\":\"TP-Link\",\"item\":\"https:\/\/mivoot.com\/gt\/marca\/tp-link\/\"},{\"@type\":\"ListItem\",\"position\":4,\"name\":\"Adaptador de red USB 3.0 a Gigabit Ethernet Tp-link\"}]},{\"@type\":\"WebSite\",\"@id\":\"https:\/\/mivoot.com\/gt\/#website\",\"url\":\"https:\/\/mivoot.com\/gt\/\",\"name\":\"Mivoot\",\"description\":\"Mivoot Guatemala | Tienda Online\",\"publisher\":{\"@id\":\"https:\/\/mivoot.com\/gt\/#organization\"},\"alternateName\":\"mivoot\",\"potentialAction\":[{\"@type\":\"SearchAction\",\"target\":{\"@type\":\"EntryPoint\",\"urlTemplate\":\"https:\/\/mivoot.com\/gt\/?s={search_term_string}\"},\"query-input\":{\"@type\":\"PropertyValueSpecification\",\"valueRequired\":true,\"valueName\":\"search_term_string\"}}],\"inLanguage\":\"es\"},{\"@type\":\"Organization\",\"@id\":\"https:\/\/mivoot.com\/gt\/#organization\",\"name\":\"Mivoot Guatemala\",\"alternateName\":\"mivoot.com\",\"url\":\"https:\/\/mivoot.com\/gt\/\",\"logo\":{\"@type\":\"ImageObject\",\"inLanguage\":\"es\",\"@id\":\"https:\/\/mivoot.com\/gt\/#\/schema\/logo\/image\/\",\"url\":\"https:\/\/mivoot.com\/gt\/wp-content\/uploads\/2023\/03\/cropped-icon.png\",\"contentUrl\":\"https:\/\/mivoot.com\/gt\/wp-content\/uploads\/2023\/03\/cropped-icon.png\",\"width\":512,\"height\":512,\"caption\":\"Mivoot Guatemala\"},\"image\":{\"@id\":\"https:\/\/mivoot.com\/gt\/#\/schema\/logo\/image\/\"},\"sameAs\":[\"https:\/\/www.facebook.com\/mivootgt\",\"https:\/\/instagram.com\/mivoot\"]}]}<\/script>\n<!-- \/ Yoast SEO Premium plugin. -->","yoast_head_json":{"title":"Adaptador de red USB 3.0 a Gigabit Ethernet Tp-link - Mivoot","robots":{"index":"index","follow":"follow","max-snippet":"max-snippet:-1","max-image-preview":"max-image-preview:large","max-video-preview":"max-video-preview:-1"},"canonical":"https:\/\/mivoot.com\/gt\/producto\/adaptador-de-red-usb-3-0-a-gigabit-ethernet-tp-link\/","og_locale":"es_ES","og_type":"article","og_title":"Adaptador de red USB 3.0 a Gigabit Ethernet Tp-link","og_description":"- Dimensiones: 2.8 x 1.0 x 0.6 in. (71 x 26 x 16.2mm) - Interfaz de Entrada: 1 puerto Ethernet RJ45 de 10\/100\/1000 Mbps - Interfaz de Salida: 1 puerto USB 3.0 - Chipset: AX88179 - Sistemas Soportados: Nintendo Switch Windows 10\/8.1\/8\/7 Linux OS","og_url":"https:\/\/mivoot.com\/gt\/producto\/adaptador-de-red-usb-3-0-a-gigabit-ethernet-tp-link\/","og_site_name":"Mivoot","article_publisher":"https:\/\/www.facebook.com\/mivootgt","article_modified_time":"2024-08-23T18:11:15+00:00","og_image":[{"width":1000,"height":1000,"url":"https:\/\/mivoot.com\/gt\/wp-content\/uploads\/2024\/08\/Overview_UE306_2_large_1623067084912v.jpg","type":"image\/jpeg"}],"twitter_card":"summary_large_image","twitter_misc":{"Est. reading time":"2 minutos"},"schema":{"@context":"https:\/\/schema.org","@graph":[{"@type":"WebPage","@id":"https:\/\/mivoot.com\/gt\/producto\/adaptador-de-red-usb-3-0-a-gigabit-ethernet-tp-link\/","url":"https:\/\/mivoot.com\/gt\/producto\/adaptador-de-red-usb-3-0-a-gigabit-ethernet-tp-link\/","name":"Adaptador de red USB 3.0 a Gigabit Ethernet Tp-link - Mivoot","isPartOf":{"@id":"https:\/\/mivoot.com\/gt\/#website"},"primaryImageOfPage":{"@id":"https:\/\/mivoot.com\/gt\/producto\/adaptador-de-red-usb-3-0-a-gigabit-ethernet-tp-link\/#primaryimage"},"image":{"@id":"https:\/\/mivoot.com\/gt\/producto\/adaptador-de-red-usb-3-0-a-gigabit-ethernet-tp-link\/#primaryimage"},"thumbnailUrl":"https:\/\/mivoot.com\/gt\/wp-content\/uploads\/2024\/08\/Overview_UE306_2_large_1623067084912v.jpg","datePublished":"2024-08-23T18:11:14+00:00","dateModified":"2024-08-23T18:11:15+00:00","breadcrumb":{"@id":"https:\/\/mivoot.com\/gt\/producto\/adaptador-de-red-usb-3-0-a-gigabit-ethernet-tp-link\/#breadcrumb"},"inLanguage":"es","potentialAction":[{"@type":"ReadAction","target":["https:\/\/mivoot.com\/gt\/producto\/adaptador-de-red-usb-3-0-a-gigabit-ethernet-tp-link\/"]}]},{"@type":"ImageObject","inLanguage":"es","@id":"https:\/\/mivoot.com\/gt\/producto\/adaptador-de-red-usb-3-0-a-gigabit-ethernet-tp-link\/#primaryimage","url":"https:\/\/mivoot.com\/gt\/wp-content\/uploads\/2024\/08\/Overview_UE306_2_large_1623067084912v.jpg","contentUrl":"https:\/\/mivoot.com\/gt\/wp-content\/uploads\/2024\/08\/Overview_UE306_2_large_1623067084912v.jpg","width":1000,"height":1000},{"@type":"BreadcrumbList","@id":"https:\/\/mivoot.com\/gt\/producto\/adaptador-de-red-usb-3-0-a-gigabit-ethernet-tp-link\/#breadcrumb","itemListElement":[{"@type":"ListItem","position":1,"name":"Inicio","item":"https:\/\/mivoot.com\/gt\/"},{"@type":"ListItem","position":2,"name":"Productos","item":"https:\/\/mivoot.com\/gt\/producto\/"},{"@type":"ListItem","position":3,"name":"TP-Link","item":"https:\/\/mivoot.com\/gt\/marca\/tp-link\/"},{"@type":"ListItem","position":4,"name":"Adaptador de red USB 3.0 a Gigabit Ethernet Tp-link"}]},{"@type":"WebSite","@id":"https:\/\/mivoot.com\/gt\/#website","url":"https:\/\/mivoot.com\/gt\/","name":"Mivoot","description":"Mivoot Guatemala | Tienda Online","publisher":{"@id":"https:\/\/mivoot.com\/gt\/#organization"},"alternateName":"mivoot","potentialAction":[{"@type":"SearchAction","target":{"@type":"EntryPoint","urlTemplate":"https:\/\/mivoot.com\/gt\/?s={search_term_string}"},"query-input":{"@type":"PropertyValueSpecification","valueRequired":true,"valueName":"search_term_string"}}],"inLanguage":"es"},{"@type":"Organization","@id":"https:\/\/mivoot.com\/gt\/#organization","name":"Mivoot Guatemala","alternateName":"mivoot.com","url":"https:\/\/mivoot.com\/gt\/","logo":{"@type":"ImageObject","inLanguage":"es","@id":"https:\/\/mivoot.com\/gt\/#\/schema\/logo\/image\/","url":"https:\/\/mivoot.com\/gt\/wp-content\/uploads\/2023\/03\/cropped-icon.png","contentUrl":"https:\/\/mivoot.com\/gt\/wp-content\/uploads\/2023\/03\/cropped-icon.png","width":512,"height":512,"caption":"Mivoot Guatemala"},"image":{"@id":"https:\/\/mivoot.com\/gt\/#\/schema\/logo\/image\/"},"sameAs":["https:\/\/www.facebook.com\/mivootgt","https:\/\/instagram.com\/mivoot"]}]}},"jetpack_publicize_connections":[],"jetpack_sharing_enabled":true,"brands":[{"id":320,"name":"TP-Link","slug":"tp-link"}],"_links":{"self":[{"href":"https:\/\/mivoot.com\/gt\/wp-json\/wp\/v2\/product\/21671","targetHints":{"allow":["GET"]}}],"collection":[{"href":"https:\/\/mivoot.com\/gt\/wp-json\/wp\/v2\/product"}],"about":[{"href":"https:\/\/mivoot.com\/gt\/wp-json\/wp\/v2\/types\/product"}],"replies":[{"embeddable":true,"href":"https:\/\/mivoot.com\/gt\/wp-json\/wp\/v2\/comments?post=21671"}],"version-history":[{"count":1,"href":"https:\/\/mivoot.com\/gt\/wp-json\/wp\/v2\/product\/21671\/revisions"}],"predecessor-version":[{"id":21684,"href":"https:\/\/mivoot.com\/gt\/wp-json\/wp\/v2\/product\/21671\/revisions\/21684"}],"wp:featuredmedia":[{"embeddable":true,"href":"https:\/\/mivoot.com\/gt\/wp-json\/wp\/v2\/media\/21680"}],"wp:attachment":[{"href":"https:\/\/mivoot.com\/gt\/wp-json\/wp\/v2\/media?parent=21671"}],"wp:term":[{"taxonomy":"pwb-brand","embeddable":true,"href":"https:\/\/mivoot.com\/gt\/wp-json\/wp\/v2\/pwb-brand?post=21671"},{"taxonomy":"product_brand","embeddable":true,"href":"https:\/\/mivoot.com\/gt\/wp-json\/wp\/v2\/product_brand?post=21671"},{"taxonomy":"product_cat","embeddable":true,"href":"https:\/\/mivoot.com\/gt\/wp-json\/wp\/v2\/product_cat?post=21671"},{"taxonomy":"product_tag","embeddable":true,"href":"https:\/\/mivoot.com\/gt\/wp-json\/wp\/v2\/product_tag?post=21671"}],"curies":[{"name":"wp","href":"https:\/\/api.w.org\/{rel}","templated":true}]}}