{"id":22160,"date":"2024-09-08T20:14:53","date_gmt":"2024-09-09T02:14:53","guid":{"rendered":"https:\/\/mivoot.com\/gt\/?post_type=product&#038;p=22160"},"modified":"2025-05-26T07:28:07","modified_gmt":"2025-05-26T13:28:07","slug":"impresora-multifuncional-wi-fi-ecotank-l15150-epson","status":"publish","type":"product","link":"https:\/\/mivoot.com\/gt\/producto\/impresora-multifuncional-wi-fi-ecotank-l15150-epson\/","title":{"rendered":"Impresora Multifuncional Wi-Fi EcoTank L15150 Epson"},"content":{"rendered":"<h2 class=\"name\">Multifuncional A3 a color con dise\u00f1o compacto para impresiones a bajo costo<\/h2>\n<div class=\"description\">\n<p>Menos intervenciones y tiempo de inactividad: Capacidad de hasta 500 hojas en las dos bandejas frontales y botellas de reemplazo de tinta que permiten imprimir hasta 7.500 p\u00e1ginas ISO (negro) y hasta 6.000 p\u00e1ginas ISO (color)<sup>1<\/sup>. Cuenta con la tecnolog\u00eda sin calor PrecisionCore Heat-Free Technology\u2122.<\/p>\n<ul>\n<li>Productividad a bajo costo<\/li>\n<li>Alta calidad de impresi\u00f3n<\/li>\n<li>Versatilidad para tipos de papel<\/li>\n<li><strong>Productividad a bajo costo:<\/strong>\u00a0velocidad de impresi\u00f3n de hasta 25 ISO ppm negro y 12 ISO ppm color\u2020, d\u00faplex autom\u00e1tico e integraci\u00f3n del software ScanSmart para gesti\u00f3n de documentos, a un bajo costo total de operaci\u00f3n.<\/li>\n<li><strong>Alta calidad de impresi\u00f3n:<\/strong>\u00a0impresiones de calidad empresarial gracias a la tinta pigmentada que logra detalles extra n\u00edtidos y con colores vibrantes en impresiones monocrom\u00e1ticas y a color.<\/li>\n<li><strong>Versatilidad para tipos de papel:<\/strong>\u00a0imprime p\u00e1ginas de hasta 33 cm x 48 cm (13&#8243; x 19&#8243;), copia y escanea hasta 28 cm x 43 cm (11&#8243; x 17&#8243;), alimentaci\u00f3n trasera para sobres, papel fotogr\u00e1fico o papeles gruesos.<\/li>\n<li><strong>Dise\u00f1o compacto y elegante:<\/strong>\u00a0tama\u00f1o reducido para adecuarse a cualquier entorno.<\/li>\n<li><strong>Conectividad inal\u00e1mbrica y de red<sup>2<\/sup>:<\/strong>\u00a0impresi\u00f3n f\u00e1cil desde iPad\u00ae, iPhone\u00ae, tabletas y smartphones AndroidTM. Incluye Wi-Fi Direct\u00ae3 y Ethernet.<\/li>\n<li><strong>Tecnolog\u00eda EcoFitTM:<\/strong>\u00a0sistema de botellas inteligentes que vienen codificadas y con llenado autom\u00e1tico para no generar derrames.<\/li>\n<\/ul>\n<\/div>\n<h3 class=\"name\">EcoTank<sup>\u00ae<\/sup>\u00a0L15150 Multifuncional A3 a color<\/h3>\n<div class=\"description\">\n<p><span style=\"color: #303030\">La impresora EcoTank L15150 multifuncional tiene un dise\u00f1o compacto para impresiones r\u00e1pidas y a bajo costo con menos intervenciones y tiempo de inactividad. Cuenta con capacidad de hasta 500 hojas en las dos bandejas frontales con botellas de reemplazo de tinta que permiten imprimir hasta 7.500 p\u00e1ginas ISO (negro) y hasta 6.000 p\u00e1ginas ISO (color)\u00b9.\u00a0<\/span><\/p>\n<div class=\"ccs-cc-inline-features-block ccs-cc-inline-single-feature\">\n<div class=\"ccs-cc-inline-feature\" data-type=\"text\">\n<div class=\"ccs-cc-inline-feature-content ccs-cc-inline-feature-description\">\n<p><b>Tinta<\/b><\/p>\n<div>\n<div class=\"gtx-trans-icon\"><\/div>\n<\/div>\n<\/div>\n<\/div>\n<\/div>\n<div class=\"ccs-cc-inline-features-block ccs-cc-inline-overlay \">\n<div class=\"ccs-cc-inline-overlay-outer\">\n<div class=\"ccs-cc-inline-overlay-inner ccs-cc-inline-feature\" data-type=\"text media\" data-desktop-media=\"true\" data-text-row-position=\"center\" data-text-column-position=\"right\" data-media-row-position=\"center\" data-media-column-position=\"left\" data-text-width-unlimited=\"true\" data-media-size-unlimited=\"false\">\n<div class=\"ccs-cc-inline-feature-content ccs-cc-inline-feature-media-container\">\n<div class=\"ccs-cc-inline-feature-content ccs-cc-inline-thumbnail ccs-cc-inline-media-standard\"><a class=\"ccs-cc-inline-thumbnail-image ccs-cc-inline-thumbnail-media ccs-cc-inline-clickable\" title=\"Tintas Originales Mostrar tama\u00f1o m\u00e1s grande\" href=\"https:\/\/cdn.cs.1worldsync.com\/syndication\/mediaserverredirect\/aeb4003537ca21c7ae623dfe376b6ca7\/original.png\" data-media-type=\"image\" data-caption=\"Tintas Originales\"><img decoding=\"async\" src=\"https:\/\/cdn.cs.1worldsync.com\/syndication\/mediaserverredirect\/aeb4003537ca21c7ae623dfe376b6ca7\/maxsize(400x500).png\" alt=\"Tintas Originales\" data-large=\"https:\/\/cdn.cs.1worldsync.com\/syndication\/mediaserverredirect\/aeb4003537ca21c7ae623dfe376b6ca7\/original.png\" data-alt-text=\"Please wait while content is loading...\" aria-label=\"Tintas Originales\" \/><\/a><\/div>\n<\/div>\n<div class=\"ccs-cc-inline-feature-content ccs-cc-inline-feature-description-container\">\n<div class=\"ccs-cc-inline-feature-content ccs-cc-inline-feature-description\">\n<h3>Tintas Originales<\/h3>\n<div>Epson recomienda el uso de tinta genuina para garantizar una calidad y rendimiento de impresi\u00f3n \u00f3ptimos<\/div>\n<\/div>\n<\/div>\n<\/div>\n<\/div>\n<\/div>\n<div class=\"ccs-cc-inline-features-block ccs-cc-inline-multicolumn\" data-count=\"4\" data-media=\"false\">\n<div class=\"ccs-cc-inline-feature\">\n<div class=\"ccs-cc-inline-feature-content ccs-cc-inline-thumbnail\" data-order=\"0\"><\/div>\n<div class=\"ccs-cc-inline-feature-content ccs-cc-inline-thumbnail\" data-order=\"3\"><span style=\"font-size: 20.16px\">Botella de tinta negra<\/span><\/div>\n<div class=\"ccs-cc-inline-feature-content ccs-cc-inline-feature-description\" data-order=\"0\"><b>SKU:<\/b>\u00a0T524120-AL<\/div>\n<div class=\"ccs-cc-inline-feature-content ccs-cc-inline-feature-description\" data-order=\"1\">\n<h3>Botella de tinta cian<\/h3>\n<p><b>SKU:\u00a0<\/b>T524220-AL<\/p>\n<\/div>\n<div class=\"ccs-cc-inline-feature-content ccs-cc-inline-feature-description\" data-order=\"2\">\n<h3>Botella de tinta magenta<\/h3>\n<p><b>SKU:<\/b>\u00a0T524320-AL<\/p>\n<\/div>\n<div class=\"ccs-cc-inline-feature-content ccs-cc-inline-feature-description\" data-order=\"3\">\n<h3>Botella de tinta amarilla<\/h3>\n<p><b>SKU:<\/b>\u00a0T524420-AL<\/p>\n<\/div>\n<div data-order=\"3\">\n<div class=\"ccs-cc-inline-feature-content ccs-cc-inline-feature-media-container\">\n<div class=\"ccs-cc-inline-feature-content ccs-cc-inline-thumbnail ccs-cc-inline-media-unlimited-size\"><a class=\"ccs-cc-inline-thumbnail-image ccs-cc-inline-thumbnail-media ccs-cc-inline-clickable\" title=\"Caja de mantenimiento Mostrar tama\u00f1o m\u00e1s grande\" href=\"https:\/\/cdn.cs.1worldsync.com\/syndication\/mediaserverredirect\/7c47515dada4e1c651ddd16c7f63c60c\/original.jpg\" data-media-type=\"image\" data-caption=\"Caja de mantenimiento\"><img decoding=\"async\" src=\"https:\/\/cdn.cs.1worldsync.com\/syndication\/mediaserverredirect\/7c47515dada4e1c651ddd16c7f63c60c\/maxsize(400x500).jpg\" alt=\"Caja de mantenimiento\" data-large=\"https:\/\/cdn.cs.1worldsync.com\/syndication\/mediaserverredirect\/7c47515dada4e1c651ddd16c7f63c60c\/original.jpg\" data-alt-text=\"Please wait while content is loading...\" aria-label=\"Caja de mantenimiento\" \/><\/a><\/div>\n<\/div>\n<div class=\"ccs-cc-inline-feature-content ccs-cc-inline-feature-description-container\">\n<div class=\"ccs-cc-inline-feature-content ccs-cc-inline-feature-description\">\n<h3>Caja de mantenimiento<\/h3>\n<p><b>SKU:<\/b>\u00a0C12C934591<\/p>\n<\/div>\n<\/div>\n<\/div>\n<\/div>\n<\/div>\n<\/div>\n<div><\/div>\n<div>\n<div class=\"text-row\" data-classificationid=\"Print\">\n<h3><strong>Imprimir:<\/strong><\/h3>\n<hr \/>\n<p><strong>Tecnolog\u00eda de Impresi\u00f3n: <\/strong>PrecisionCore\u00ae 4 colores (CMYK) con cabezal flujo en l\u00ednea<\/p>\n<\/div>\n<div class=\"text-row\" data-classificationid=\"Print\"><strong>Resoluci\u00f3n M\u00e1xima de Impresi\u00f3n:<\/strong>4.800 dpi x 2.400 dpi<\/div>\n<div class=\"text-row\" data-classificationid=\"Print\"><strong>Velocidad de Impresi\u00f3n: <\/strong>25\/12 ISO ppm (negro\/color) s\u00edmplex<br \/>\n15\/9 ppm (negro\/color) d\u00faplex<\/div>\n<div class=\"text-row\" data-classificationid=\"Print\"><strong>Tama\u00f1o M\u00ednimo de la Gota de Tinta: <\/strong>3,8 picolitros<\/div>\n<div class=\"text-row\" data-classificationid=\"Print\"><strong>Configuraci\u00f3n del Cabezal: <\/strong>800 boquillas negro y 256 boquillas color<\/div>\n<div data-classificationid=\"Print\"><\/div>\n<h3 data-classificationid=\"Print\"><strong>General:<\/strong><\/h3>\n<div class=\"text-row\" data-classificationid=\"General\">\n<hr \/>\n<p><strong>Sistemas de Operaci\u00f3n:<\/strong>Windows\u00ae 10 (32-bit, 64-bit), Windows\u00ae 8\/8.1 (32-bit, 64-bit), Windows\u00ae 7 (32-bit, 64-bit), Windows Server\u00ae 20198, Windows Server\u00ae 20168, Windows Server\u00ae 2012 R28, Windows Server\u00ae 20128, Mac OS X\u00ae 10.6.8, Mac OS\u00ae 10.15.x9, Linux, Citrix, Android\u2122, iOSTM<\/p>\n<\/div>\n<div class=\"text-row\" data-classificationid=\"General\"><strong>Temperatura: <\/strong>Funcionamiento: 10 \u00b0C a 35 \u00b0C (50 \u00b0F a 95 \u00b0F)<br \/>\nAlmacenamiento: -20 \u00b0C a 40 \u00b0C (-4 \u00b0F a 104 \u00b0F)<\/div>\n<div class=\"text-row\" data-classificationid=\"General\"><strong>Humedad: <\/strong>Funcionamiento: 20% &#8211; 80%<br \/>\nAlmacenamiento: 5% &#8211; 85% (sin condensaci\u00f3n)<\/div>\n<div class=\"text-row\" data-classificationid=\"General\"><strong>Nivel de Sonido: <\/strong>Menos de 52 dB<\/div>\n<div class=\"text-row\" data-classificationid=\"General\"><strong>Dimensiones:<\/strong>51,5 cm x 50 cm x 35 cm<\/div>\n<div class=\"text-row\" data-classificationid=\"General\"><strong>Peso:<\/strong>21,2 kg<\/div>\n<div class=\"text-row\" data-classificationid=\"General\"><strong>Seguridad: <\/strong>Certificaci\u00f3n de n\u00famero PIN para la liberaci\u00f3n de trabajo, acceso de control de usuario, configuraci\u00f3n de impresora y red a trav\u00e9s de configuraci\u00f3n web utilizando la direcci\u00f3n IP de la impresora, seguridad SSL \/ TLS, IPsec, TPM<\/div>\n<div class=\"text-row\" data-classificationid=\"General\"><strong>Pa\u00eds de Origen: <\/strong>Indonesia<\/div>\n<div data-classificationid=\"General\"><\/div>\n<h3 class=\"text-row\" data-classificationid=\"General\"><strong>Copiar:<\/strong><\/h3>\n<div class=\"text-row\" data-classificationid=\"Copy\">\n<hr \/>\n<p><strong>Modo de Copia: <\/strong>Autom\u00e1tico de 1 a 2 caras, vista previa, reducci\u00f3n autom\u00e1tica y ampliaci\u00f3n (25% &#8211; 400%), intercalar, densidad de copia ajustable, 1 cara a 2 caras, 2 caras a 1 cara, 2 caras a 2 caras. Ajustes: densidad, contraste, color, nitidez, mejora de texto y originales de varios tama\u00f1os mezclados<\/p>\n<\/div>\n<div class=\"text-row\" data-classificationid=\"Copy\"><strong>Velocidad de Copia:<\/strong>16\/9 ipm (negro\/color)<\/div>\n<div class=\"text-row\" data-classificationid=\"Copy\"><strong>Calidad de Copia:<\/strong>1 &#8211; 999<\/div>\n<div class=\"text-row\" data-classificationid=\"Copy\"><strong>M\u00e1ximo Tama\u00f1o de Copia: <\/strong>A3 (29,7 cm x 42 cm)<\/div>\n<div class=\"text-row\" data-classificationid=\"Copy\"><strong>Caracter\u00edsticas de la Copia: <\/strong>Resoluci\u00f3n de copiado de hasta 600 x 600 dpi (entrada) y hasta 600 x 1200 dpi (salida)<\/div>\n<\/div>\n","protected":false},"excerpt":{"rendered":"<p>&#8211; Tecnolog\u00eda de inyecci\u00f3n.<br \/>\n&#8211; Capacidad de hasta 500 hojas en las dos bandejas frontales<br \/>\n&#8211; Resoluci\u00f3n Impresora: Hasta 4800 dpi x 2400 dpi de resoluci\u00f3n.<br \/>\n&#8211; Velocidad de impresi\u00f3n (n\/c): 25\/12 ppm Simple; 15\/9 pm duplex.<br \/>\n&#8211; Rendimiento 7.500 p\u00e1ginas ISO (negro) y hasta 6.000 p\u00e1ginas ISO (color)<br \/>\n&#8211; Velocidad de impresi\u00f3n de hasta 25 ISO ppm negro y 12 ISO ppm color<br \/>\n&#8211; Impresi\u00f3n D\u00faplex, copie y escanee<br \/>\n&#8211; Bidireccional.<br \/>\n&#8211; Velocidad de copia (n\/c): 16\/9 cpm.<br \/>\n&#8211; Calidad Copia: 1-999.<br \/>\n&#8211; Esc\u00e1ner: cama plana a color\/ADF autom\u00e1tico 2 caras.<br \/>\n&#8211; Sensor CIS de color.<br \/>\n&#8211; Resoluci\u00f3n Esc\u00e1ner: 1200 dpi.<br \/>\n&#8211; Conectividad est\u00e1ndar: USB SuperSpeed, LAN, Wi-Fi, ethernet.<br \/>\n&#8211; Pantalla: 4,3\u201d t\u00e1ctil a color.<\/p>\n","protected":false},"featured_media":22167,"comment_status":"open","ping_status":"closed","template":"","meta":{"jetpack_publicize_message":"","jetpack_publicize_feature_enabled":true,"jetpack_social_post_already_shared":true,"jetpack_social_options":{"image_generator_settings":{"template":"highway","default_image_id":0,"font":"","enabled":false},"version":2}},"pwb-brand":[188],"product_brand":[],"product_cat":[176],"product_tag":[],"class_list":{"0":"post-22160","1":"product","2":"type-product","3":"status-publish","4":"has-post-thumbnail","6":"pwb-brand-epson","7":"product_cat-impresora-multifuncional","9":"first","10":"instock","11":"taxable","12":"shipping-taxable","13":"purchasable","14":"product-type-simple"},"yoast_head":"<!-- This site is optimized with the Yoast SEO Premium plugin v25.7.1 (Yoast SEO v26.8) - https:\/\/yoast.com\/product\/yoast-seo-premium-wordpress\/ -->\n<title>Impresora Multifuncional Wi-Fi EcoTank L15150 Epson - Mivoot<\/title>\n<meta name=\"robots\" content=\"index, follow, max-snippet:-1, max-image-preview:large, max-video-preview:-1\" \/>\n<link rel=\"canonical\" href=\"https:\/\/mivoot.com\/gt\/producto\/impresora-multifuncional-wi-fi-ecotank-l15150-epson\/\" \/>\n<meta property=\"og:locale\" content=\"es_ES\" \/>\n<meta property=\"og:type\" content=\"article\" \/>\n<meta property=\"og:title\" content=\"Impresora Multifuncional Wi-Fi EcoTank L15150 Epson\" \/>\n<meta property=\"og:description\" content=\"- Tecnolog\u00eda de inyecci\u00f3n. - Capacidad de hasta 500 hojas en las dos bandejas frontales - Resoluci\u00f3n Impresora: Hasta 4800 dpi x 2400 dpi de resoluci\u00f3n. - Velocidad de impresi\u00f3n (n\/c): 25\/12 ppm Simple; 15\/9 pm duplex. - Rendimiento 7.500 p\u00e1ginas ISO (negro) y hasta 6.000 p\u00e1ginas ISO (color) - Velocidad de impresi\u00f3n de hasta 25 ISO ppm negro y 12 ISO ppm color - Impresi\u00f3n D\u00faplex, copie y escanee - Bidireccional. - Velocidad de copia (n\/c): 16\/9 cpm. - Calidad Copia: 1-999. - Esc\u00e1ner: cama plana a color\/ADF autom\u00e1tico 2 caras. - Sensor CIS de color. - Resoluci\u00f3n Esc\u00e1ner: 1200 dpi. - Conectividad est\u00e1ndar: USB SuperSpeed, LAN, Wi-Fi, ethernet. - Pantalla: 4,3\u201d t\u00e1ctil a color.\" \/>\n<meta property=\"og:url\" content=\"https:\/\/mivoot.com\/gt\/producto\/impresora-multifuncional-wi-fi-ecotank-l15150-epson\/\" \/>\n<meta property=\"og:site_name\" content=\"Mivoot\" \/>\n<meta property=\"article:publisher\" content=\"https:\/\/www.facebook.com\/mivootgt\" \/>\n<meta property=\"article:modified_time\" content=\"2025-05-26T13:28:07+00:00\" \/>\n<meta property=\"og:image\" content=\"https:\/\/mivoot.com\/gt\/wp-content\/uploads\/2024\/09\/EcoTank-L15150-00.jpg\" \/>\n\t<meta property=\"og:image:width\" content=\"690\" \/>\n\t<meta property=\"og:image:height\" content=\"460\" \/>\n\t<meta property=\"og:image:type\" content=\"image\/jpeg\" \/>\n<meta name=\"twitter:card\" content=\"summary_large_image\" \/>\n<meta name=\"twitter:label1\" content=\"Est. reading time\" \/>\n\t<meta name=\"twitter:data1\" content=\"4 minutos\" \/>\n<script type=\"application\/ld+json\" class=\"yoast-schema-graph\">{\"@context\":\"https:\/\/schema.org\",\"@graph\":[{\"@type\":\"WebPage\",\"@id\":\"https:\/\/mivoot.com\/gt\/producto\/impresora-multifuncional-wi-fi-ecotank-l15150-epson\/\",\"url\":\"https:\/\/mivoot.com\/gt\/producto\/impresora-multifuncional-wi-fi-ecotank-l15150-epson\/\",\"name\":\"Impresora Multifuncional Wi-Fi EcoTank L15150 Epson - Mivoot\",\"isPartOf\":{\"@id\":\"https:\/\/mivoot.com\/gt\/#website\"},\"primaryImageOfPage\":{\"@id\":\"https:\/\/mivoot.com\/gt\/producto\/impresora-multifuncional-wi-fi-ecotank-l15150-epson\/#primaryimage\"},\"image\":{\"@id\":\"https:\/\/mivoot.com\/gt\/producto\/impresora-multifuncional-wi-fi-ecotank-l15150-epson\/#primaryimage\"},\"thumbnailUrl\":\"https:\/\/mivoot.com\/gt\/wp-content\/uploads\/2024\/09\/EcoTank-L15150-00.jpg\",\"datePublished\":\"2024-09-09T02:14:53+00:00\",\"dateModified\":\"2025-05-26T13:28:07+00:00\",\"breadcrumb\":{\"@id\":\"https:\/\/mivoot.com\/gt\/producto\/impresora-multifuncional-wi-fi-ecotank-l15150-epson\/#breadcrumb\"},\"inLanguage\":\"es\",\"potentialAction\":[{\"@type\":\"ReadAction\",\"target\":[\"https:\/\/mivoot.com\/gt\/producto\/impresora-multifuncional-wi-fi-ecotank-l15150-epson\/\"]}]},{\"@type\":\"ImageObject\",\"inLanguage\":\"es\",\"@id\":\"https:\/\/mivoot.com\/gt\/producto\/impresora-multifuncional-wi-fi-ecotank-l15150-epson\/#primaryimage\",\"url\":\"https:\/\/mivoot.com\/gt\/wp-content\/uploads\/2024\/09\/EcoTank-L15150-00.jpg\",\"contentUrl\":\"https:\/\/mivoot.com\/gt\/wp-content\/uploads\/2024\/09\/EcoTank-L15150-00.jpg\",\"width\":690,\"height\":460},{\"@type\":\"BreadcrumbList\",\"@id\":\"https:\/\/mivoot.com\/gt\/producto\/impresora-multifuncional-wi-fi-ecotank-l15150-epson\/#breadcrumb\",\"itemListElement\":[{\"@type\":\"ListItem\",\"position\":1,\"name\":\"Inicio\",\"item\":\"https:\/\/mivoot.com\/gt\/\"},{\"@type\":\"ListItem\",\"position\":2,\"name\":\"Productos\",\"item\":\"https:\/\/mivoot.com\/gt\/producto\/\"},{\"@type\":\"ListItem\",\"position\":3,\"name\":\"Epson\",\"item\":\"https:\/\/mivoot.com\/gt\/marca\/epson\/\"},{\"@type\":\"ListItem\",\"position\":4,\"name\":\"Impresora Multifuncional Wi-Fi EcoTank L15150 Epson\"}]},{\"@type\":\"WebSite\",\"@id\":\"https:\/\/mivoot.com\/gt\/#website\",\"url\":\"https:\/\/mivoot.com\/gt\/\",\"name\":\"Mivoot\",\"description\":\"Mivoot Guatemala | Tienda Online\",\"publisher\":{\"@id\":\"https:\/\/mivoot.com\/gt\/#organization\"},\"alternateName\":\"mivoot\",\"potentialAction\":[{\"@type\":\"SearchAction\",\"target\":{\"@type\":\"EntryPoint\",\"urlTemplate\":\"https:\/\/mivoot.com\/gt\/?s={search_term_string}\"},\"query-input\":{\"@type\":\"PropertyValueSpecification\",\"valueRequired\":true,\"valueName\":\"search_term_string\"}}],\"inLanguage\":\"es\"},{\"@type\":\"Organization\",\"@id\":\"https:\/\/mivoot.com\/gt\/#organization\",\"name\":\"Mivoot Guatemala\",\"alternateName\":\"mivoot.com\",\"url\":\"https:\/\/mivoot.com\/gt\/\",\"logo\":{\"@type\":\"ImageObject\",\"inLanguage\":\"es\",\"@id\":\"https:\/\/mivoot.com\/gt\/#\/schema\/logo\/image\/\",\"url\":\"https:\/\/mivoot.com\/gt\/wp-content\/uploads\/2023\/03\/cropped-icon.png\",\"contentUrl\":\"https:\/\/mivoot.com\/gt\/wp-content\/uploads\/2023\/03\/cropped-icon.png\",\"width\":512,\"height\":512,\"caption\":\"Mivoot Guatemala\"},\"image\":{\"@id\":\"https:\/\/mivoot.com\/gt\/#\/schema\/logo\/image\/\"},\"sameAs\":[\"https:\/\/www.facebook.com\/mivootgt\",\"https:\/\/instagram.com\/mivoot\"]}]}<\/script>\n<!-- \/ Yoast SEO Premium plugin. -->","yoast_head_json":{"title":"Impresora Multifuncional Wi-Fi EcoTank L15150 Epson - Mivoot","robots":{"index":"index","follow":"follow","max-snippet":"max-snippet:-1","max-image-preview":"max-image-preview:large","max-video-preview":"max-video-preview:-1"},"canonical":"https:\/\/mivoot.com\/gt\/producto\/impresora-multifuncional-wi-fi-ecotank-l15150-epson\/","og_locale":"es_ES","og_type":"article","og_title":"Impresora Multifuncional Wi-Fi EcoTank L15150 Epson","og_description":"- Tecnolog\u00eda de inyecci\u00f3n. - Capacidad de hasta 500 hojas en las dos bandejas frontales - Resoluci\u00f3n Impresora: Hasta 4800 dpi x 2400 dpi de resoluci\u00f3n. - Velocidad de impresi\u00f3n (n\/c): 25\/12 ppm Simple; 15\/9 pm duplex. - Rendimiento 7.500 p\u00e1ginas ISO (negro) y hasta 6.000 p\u00e1ginas ISO (color) - Velocidad de impresi\u00f3n de hasta 25 ISO ppm negro y 12 ISO ppm color - Impresi\u00f3n D\u00faplex, copie y escanee - Bidireccional. - Velocidad de copia (n\/c): 16\/9 cpm. - Calidad Copia: 1-999. - Esc\u00e1ner: cama plana a color\/ADF autom\u00e1tico 2 caras. - Sensor CIS de color. - Resoluci\u00f3n Esc\u00e1ner: 1200 dpi. - Conectividad est\u00e1ndar: USB SuperSpeed, LAN, Wi-Fi, ethernet. - Pantalla: 4,3\u201d t\u00e1ctil a color.","og_url":"https:\/\/mivoot.com\/gt\/producto\/impresora-multifuncional-wi-fi-ecotank-l15150-epson\/","og_site_name":"Mivoot","article_publisher":"https:\/\/www.facebook.com\/mivootgt","article_modified_time":"2025-05-26T13:28:07+00:00","og_image":[{"width":690,"height":460,"url":"https:\/\/mivoot.com\/gt\/wp-content\/uploads\/2024\/09\/EcoTank-L15150-00.jpg","type":"image\/jpeg"}],"twitter_card":"summary_large_image","twitter_misc":{"Est. reading time":"4 minutos"},"schema":{"@context":"https:\/\/schema.org","@graph":[{"@type":"WebPage","@id":"https:\/\/mivoot.com\/gt\/producto\/impresora-multifuncional-wi-fi-ecotank-l15150-epson\/","url":"https:\/\/mivoot.com\/gt\/producto\/impresora-multifuncional-wi-fi-ecotank-l15150-epson\/","name":"Impresora Multifuncional Wi-Fi EcoTank L15150 Epson - Mivoot","isPartOf":{"@id":"https:\/\/mivoot.com\/gt\/#website"},"primaryImageOfPage":{"@id":"https:\/\/mivoot.com\/gt\/producto\/impresora-multifuncional-wi-fi-ecotank-l15150-epson\/#primaryimage"},"image":{"@id":"https:\/\/mivoot.com\/gt\/producto\/impresora-multifuncional-wi-fi-ecotank-l15150-epson\/#primaryimage"},"thumbnailUrl":"https:\/\/mivoot.com\/gt\/wp-content\/uploads\/2024\/09\/EcoTank-L15150-00.jpg","datePublished":"2024-09-09T02:14:53+00:00","dateModified":"2025-05-26T13:28:07+00:00","breadcrumb":{"@id":"https:\/\/mivoot.com\/gt\/producto\/impresora-multifuncional-wi-fi-ecotank-l15150-epson\/#breadcrumb"},"inLanguage":"es","potentialAction":[{"@type":"ReadAction","target":["https:\/\/mivoot.com\/gt\/producto\/impresora-multifuncional-wi-fi-ecotank-l15150-epson\/"]}]},{"@type":"ImageObject","inLanguage":"es","@id":"https:\/\/mivoot.com\/gt\/producto\/impresora-multifuncional-wi-fi-ecotank-l15150-epson\/#primaryimage","url":"https:\/\/mivoot.com\/gt\/wp-content\/uploads\/2024\/09\/EcoTank-L15150-00.jpg","contentUrl":"https:\/\/mivoot.com\/gt\/wp-content\/uploads\/2024\/09\/EcoTank-L15150-00.jpg","width":690,"height":460},{"@type":"BreadcrumbList","@id":"https:\/\/mivoot.com\/gt\/producto\/impresora-multifuncional-wi-fi-ecotank-l15150-epson\/#breadcrumb","itemListElement":[{"@type":"ListItem","position":1,"name":"Inicio","item":"https:\/\/mivoot.com\/gt\/"},{"@type":"ListItem","position":2,"name":"Productos","item":"https:\/\/mivoot.com\/gt\/producto\/"},{"@type":"ListItem","position":3,"name":"Epson","item":"https:\/\/mivoot.com\/gt\/marca\/epson\/"},{"@type":"ListItem","position":4,"name":"Impresora Multifuncional Wi-Fi EcoTank L15150 Epson"}]},{"@type":"WebSite","@id":"https:\/\/mivoot.com\/gt\/#website","url":"https:\/\/mivoot.com\/gt\/","name":"Mivoot","description":"Mivoot Guatemala | Tienda Online","publisher":{"@id":"https:\/\/mivoot.com\/gt\/#organization"},"alternateName":"mivoot","potentialAction":[{"@type":"SearchAction","target":{"@type":"EntryPoint","urlTemplate":"https:\/\/mivoot.com\/gt\/?s={search_term_string}"},"query-input":{"@type":"PropertyValueSpecification","valueRequired":true,"valueName":"search_term_string"}}],"inLanguage":"es"},{"@type":"Organization","@id":"https:\/\/mivoot.com\/gt\/#organization","name":"Mivoot Guatemala","alternateName":"mivoot.com","url":"https:\/\/mivoot.com\/gt\/","logo":{"@type":"ImageObject","inLanguage":"es","@id":"https:\/\/mivoot.com\/gt\/#\/schema\/logo\/image\/","url":"https:\/\/mivoot.com\/gt\/wp-content\/uploads\/2023\/03\/cropped-icon.png","contentUrl":"https:\/\/mivoot.com\/gt\/wp-content\/uploads\/2023\/03\/cropped-icon.png","width":512,"height":512,"caption":"Mivoot Guatemala"},"image":{"@id":"https:\/\/mivoot.com\/gt\/#\/schema\/logo\/image\/"},"sameAs":["https:\/\/www.facebook.com\/mivootgt","https:\/\/instagram.com\/mivoot"]}]}},"jetpack_publicize_connections":[],"jetpack_sharing_enabled":true,"brands":[{"id":188,"name":"Epson","slug":"epson"}],"_links":{"self":[{"href":"https:\/\/mivoot.com\/gt\/wp-json\/wp\/v2\/product\/22160","targetHints":{"allow":["GET"]}}],"collection":[{"href":"https:\/\/mivoot.com\/gt\/wp-json\/wp\/v2\/product"}],"about":[{"href":"https:\/\/mivoot.com\/gt\/wp-json\/wp\/v2\/types\/product"}],"replies":[{"embeddable":true,"href":"https:\/\/mivoot.com\/gt\/wp-json\/wp\/v2\/comments?post=22160"}],"version-history":[{"count":3,"href":"https:\/\/mivoot.com\/gt\/wp-json\/wp\/v2\/product\/22160\/revisions"}],"predecessor-version":[{"id":28381,"href":"https:\/\/mivoot.com\/gt\/wp-json\/wp\/v2\/product\/22160\/revisions\/28381"}],"wp:featuredmedia":[{"embeddable":true,"href":"https:\/\/mivoot.com\/gt\/wp-json\/wp\/v2\/media\/22167"}],"wp:attachment":[{"href":"https:\/\/mivoot.com\/gt\/wp-json\/wp\/v2\/media?parent=22160"}],"wp:term":[{"taxonomy":"pwb-brand","embeddable":true,"href":"https:\/\/mivoot.com\/gt\/wp-json\/wp\/v2\/pwb-brand?post=22160"},{"taxonomy":"product_brand","embeddable":true,"href":"https:\/\/mivoot.com\/gt\/wp-json\/wp\/v2\/product_brand?post=22160"},{"taxonomy":"product_cat","embeddable":true,"href":"https:\/\/mivoot.com\/gt\/wp-json\/wp\/v2\/product_cat?post=22160"},{"taxonomy":"product_tag","embeddable":true,"href":"https:\/\/mivoot.com\/gt\/wp-json\/wp\/v2\/product_tag?post=22160"}],"curies":[{"name":"wp","href":"https:\/\/api.w.org\/{rel}","templated":true}]}}