{"id":22238,"date":"2024-09-10T14:04:44","date_gmt":"2024-09-10T20:04:44","guid":{"rendered":"https:\/\/mivoot.com\/gt\/?post_type=product&#038;p=22238"},"modified":"2024-09-16T18:25:39","modified_gmt":"2024-09-17T00:25:39","slug":"switch-de-sobremesa-con-8-puertos-a-10-100-mbps-tp-link","status":"publish","type":"product","link":"https:\/\/mivoot.com\/gt\/producto\/switch-de-sobremesa-con-8-puertos-a-10-100-mbps-tp-link\/","title":{"rendered":"Switch de sobremesa con 8 puertos a 10\/100 Mbps TP-Link"},"content":{"rendered":"<h3>El switch Fast Ethernet TL-SF1008D est\u00e1 dise\u00f1ado para las oficinas peque\u00f1as y reducidos grupos de trabajo.}<\/h3>\n<p>Los 8 puertos soportan MDI\/MDIX autom\u00e1tico, lo que le evita tener que preocuparse de qu\u00e9 cable debe utilizar: s\u00f3lo tiene que enchufarlo y listo.<\/p>\n<p>Adem\u00e1s, gracias a su innovadora tecnolog\u00eda de eficiencia energ\u00e9tica, el TL-SF1008D ahorra hasta un 60%* de energ\u00eda el\u00e9ctrica, lo que lo convierte en una soluci\u00f3n ecol\u00f3gica para la red de su negocio.<\/p>\n<p>Las funcionalidades autom\u00e1ticas de este switch Gigabit posibilitan una instalaci\u00f3n Plug and Play sin complicaciones y la funci\u00f3n de detecci\u00f3n autom\u00e1tica de los puertos identifica la velocidad de enlace del dispositivo de red (10, 100 Mbps) y la ajusta de forma inteligente a fin de garantizar la compatibilidad y el mejor rendimiento.<\/p>\n","protected":false},"excerpt":{"rendered":"<p>&#8211; Tecnolog\u00eda de ahorro de energ\u00eda para Ethernet que reduce el consumo<br \/>\n&#8211; El control de flujo IEEE 802.3x permite una transmisi\u00f3n fiable de datos<br \/>\n&#8211; Funciones avanzadas Tecnolog\u00eda ecol\u00f3gica, ahorro de energ\u00eda hasta un 60%<br \/>\n&#8211; 8 puertos RJ45 a 10\/100 Mbps con detecci\u00f3n autom\u00e1tica de velocidad, soporte para MDI\/MDIX autom\u00e1tico<br \/>\n&#8211; Carcasa de pl\u00e1stico, dise\u00f1ado para ser usado como equipo de sobremesa o montarlo en la pared Plug and Play, sin ninguna configuraci\u00f3n adicional.<\/p>\n","protected":false},"featured_media":22241,"comment_status":"open","ping_status":"closed","template":"","meta":{"jetpack_publicize_message":"","jetpack_publicize_feature_enabled":true,"jetpack_social_post_already_shared":true,"jetpack_social_options":{"image_generator_settings":{"template":"highway","default_image_id":0,"font":"","enabled":false},"version":2}},"pwb-brand":[320],"product_brand":[],"product_cat":[515],"product_tag":[],"class_list":{"0":"post-22238","1":"product","2":"type-product","3":"status-publish","4":"has-post-thumbnail","6":"pwb-brand-tp-link","7":"product_cat-redes-y-switch","9":"first","10":"instock","11":"taxable","12":"shipping-taxable","13":"product-type-simple"},"yoast_head":"<!-- This site is optimized with the Yoast SEO Premium plugin v25.7.1 (Yoast SEO v26.8) - https:\/\/yoast.com\/product\/yoast-seo-premium-wordpress\/ -->\n<title>Switch de sobremesa con 8 puertos a 10\/100 Mbps TP-Link - Mivoot<\/title>\n<meta name=\"robots\" content=\"index, follow, max-snippet:-1, max-image-preview:large, max-video-preview:-1\" \/>\n<link rel=\"canonical\" href=\"https:\/\/mivoot.com\/gt\/producto\/switch-de-sobremesa-con-8-puertos-a-10-100-mbps-tp-link\/\" \/>\n<meta property=\"og:locale\" content=\"es_ES\" \/>\n<meta property=\"og:type\" content=\"article\" \/>\n<meta property=\"og:title\" content=\"Switch de sobremesa con 8 puertos a 10\/100 Mbps TP-Link\" \/>\n<meta property=\"og:description\" content=\"- Tecnolog\u00eda de ahorro de energ\u00eda para Ethernet que reduce el consumo - El control de flujo IEEE 802.3x permite una transmisi\u00f3n fiable de datos - Funciones avanzadas Tecnolog\u00eda ecol\u00f3gica, ahorro de energ\u00eda hasta un 60% - 8 puertos RJ45 a 10\/100 Mbps con detecci\u00f3n autom\u00e1tica de velocidad, soporte para MDI\/MDIX autom\u00e1tico - Carcasa de pl\u00e1stico, dise\u00f1ado para ser usado como equipo de sobremesa o montarlo en la pared Plug and Play, sin ninguna configuraci\u00f3n adicional.\" \/>\n<meta property=\"og:url\" content=\"https:\/\/mivoot.com\/gt\/producto\/switch-de-sobremesa-con-8-puertos-a-10-100-mbps-tp-link\/\" \/>\n<meta property=\"og:site_name\" content=\"Mivoot\" \/>\n<meta property=\"article:publisher\" content=\"https:\/\/www.facebook.com\/mivootgt\" \/>\n<meta property=\"article:modified_time\" content=\"2024-09-17T00:25:39+00:00\" \/>\n<meta property=\"og:image\" content=\"https:\/\/mivoot.com\/gt\/wp-content\/uploads\/2024\/09\/TL_SF1008DUN11.0_02_large_1516616900004c.jpg\" \/>\n\t<meta property=\"og:image:width\" content=\"1000\" \/>\n\t<meta property=\"og:image:height\" content=\"1000\" \/>\n\t<meta property=\"og:image:type\" content=\"image\/jpeg\" \/>\n<meta name=\"twitter:card\" content=\"summary_large_image\" \/>\n<meta name=\"twitter:label1\" content=\"Est. reading time\" \/>\n\t<meta name=\"twitter:data1\" content=\"1 minuto\" \/>\n<script type=\"application\/ld+json\" class=\"yoast-schema-graph\">{\"@context\":\"https:\/\/schema.org\",\"@graph\":[{\"@type\":\"WebPage\",\"@id\":\"https:\/\/mivoot.com\/gt\/producto\/switch-de-sobremesa-con-8-puertos-a-10-100-mbps-tp-link\/\",\"url\":\"https:\/\/mivoot.com\/gt\/producto\/switch-de-sobremesa-con-8-puertos-a-10-100-mbps-tp-link\/\",\"name\":\"Switch de sobremesa con 8 puertos a 10\/100 Mbps TP-Link - Mivoot\",\"isPartOf\":{\"@id\":\"https:\/\/mivoot.com\/gt\/#website\"},\"primaryImageOfPage\":{\"@id\":\"https:\/\/mivoot.com\/gt\/producto\/switch-de-sobremesa-con-8-puertos-a-10-100-mbps-tp-link\/#primaryimage\"},\"image\":{\"@id\":\"https:\/\/mivoot.com\/gt\/producto\/switch-de-sobremesa-con-8-puertos-a-10-100-mbps-tp-link\/#primaryimage\"},\"thumbnailUrl\":\"https:\/\/mivoot.com\/gt\/wp-content\/uploads\/2024\/09\/TL_SF1008DUN11.0_02_large_1516616900004c.jpg\",\"datePublished\":\"2024-09-10T20:04:44+00:00\",\"dateModified\":\"2024-09-17T00:25:39+00:00\",\"breadcrumb\":{\"@id\":\"https:\/\/mivoot.com\/gt\/producto\/switch-de-sobremesa-con-8-puertos-a-10-100-mbps-tp-link\/#breadcrumb\"},\"inLanguage\":\"es\",\"potentialAction\":[{\"@type\":\"ReadAction\",\"target\":[\"https:\/\/mivoot.com\/gt\/producto\/switch-de-sobremesa-con-8-puertos-a-10-100-mbps-tp-link\/\"]}]},{\"@type\":\"ImageObject\",\"inLanguage\":\"es\",\"@id\":\"https:\/\/mivoot.com\/gt\/producto\/switch-de-sobremesa-con-8-puertos-a-10-100-mbps-tp-link\/#primaryimage\",\"url\":\"https:\/\/mivoot.com\/gt\/wp-content\/uploads\/2024\/09\/TL_SF1008DUN11.0_02_large_1516616900004c.jpg\",\"contentUrl\":\"https:\/\/mivoot.com\/gt\/wp-content\/uploads\/2024\/09\/TL_SF1008DUN11.0_02_large_1516616900004c.jpg\",\"width\":1000,\"height\":1000},{\"@type\":\"BreadcrumbList\",\"@id\":\"https:\/\/mivoot.com\/gt\/producto\/switch-de-sobremesa-con-8-puertos-a-10-100-mbps-tp-link\/#breadcrumb\",\"itemListElement\":[{\"@type\":\"ListItem\",\"position\":1,\"name\":\"Inicio\",\"item\":\"https:\/\/mivoot.com\/gt\/\"},{\"@type\":\"ListItem\",\"position\":2,\"name\":\"Productos\",\"item\":\"https:\/\/mivoot.com\/gt\/producto\/\"},{\"@type\":\"ListItem\",\"position\":3,\"name\":\"TP-Link\",\"item\":\"https:\/\/mivoot.com\/gt\/marca\/tp-link\/\"},{\"@type\":\"ListItem\",\"position\":4,\"name\":\"Switch de sobremesa con 8 puertos a 10\/100 Mbps TP-Link\"}]},{\"@type\":\"WebSite\",\"@id\":\"https:\/\/mivoot.com\/gt\/#website\",\"url\":\"https:\/\/mivoot.com\/gt\/\",\"name\":\"Mivoot\",\"description\":\"Mivoot Guatemala | Tienda Online\",\"publisher\":{\"@id\":\"https:\/\/mivoot.com\/gt\/#organization\"},\"alternateName\":\"mivoot\",\"potentialAction\":[{\"@type\":\"SearchAction\",\"target\":{\"@type\":\"EntryPoint\",\"urlTemplate\":\"https:\/\/mivoot.com\/gt\/?s={search_term_string}\"},\"query-input\":{\"@type\":\"PropertyValueSpecification\",\"valueRequired\":true,\"valueName\":\"search_term_string\"}}],\"inLanguage\":\"es\"},{\"@type\":\"Organization\",\"@id\":\"https:\/\/mivoot.com\/gt\/#organization\",\"name\":\"Mivoot Guatemala\",\"alternateName\":\"mivoot.com\",\"url\":\"https:\/\/mivoot.com\/gt\/\",\"logo\":{\"@type\":\"ImageObject\",\"inLanguage\":\"es\",\"@id\":\"https:\/\/mivoot.com\/gt\/#\/schema\/logo\/image\/\",\"url\":\"https:\/\/mivoot.com\/gt\/wp-content\/uploads\/2023\/03\/cropped-icon.png\",\"contentUrl\":\"https:\/\/mivoot.com\/gt\/wp-content\/uploads\/2023\/03\/cropped-icon.png\",\"width\":512,\"height\":512,\"caption\":\"Mivoot Guatemala\"},\"image\":{\"@id\":\"https:\/\/mivoot.com\/gt\/#\/schema\/logo\/image\/\"},\"sameAs\":[\"https:\/\/www.facebook.com\/mivootgt\",\"https:\/\/instagram.com\/mivoot\"]}]}<\/script>\n<!-- \/ Yoast SEO Premium plugin. -->","yoast_head_json":{"title":"Switch de sobremesa con 8 puertos a 10\/100 Mbps TP-Link - Mivoot","robots":{"index":"index","follow":"follow","max-snippet":"max-snippet:-1","max-image-preview":"max-image-preview:large","max-video-preview":"max-video-preview:-1"},"canonical":"https:\/\/mivoot.com\/gt\/producto\/switch-de-sobremesa-con-8-puertos-a-10-100-mbps-tp-link\/","og_locale":"es_ES","og_type":"article","og_title":"Switch de sobremesa con 8 puertos a 10\/100 Mbps TP-Link","og_description":"- Tecnolog\u00eda de ahorro de energ\u00eda para Ethernet que reduce el consumo - El control de flujo IEEE 802.3x permite una transmisi\u00f3n fiable de datos - Funciones avanzadas Tecnolog\u00eda ecol\u00f3gica, ahorro de energ\u00eda hasta un 60% - 8 puertos RJ45 a 10\/100 Mbps con detecci\u00f3n autom\u00e1tica de velocidad, soporte para MDI\/MDIX autom\u00e1tico - Carcasa de pl\u00e1stico, dise\u00f1ado para ser usado como equipo de sobremesa o montarlo en la pared Plug and Play, sin ninguna configuraci\u00f3n adicional.","og_url":"https:\/\/mivoot.com\/gt\/producto\/switch-de-sobremesa-con-8-puertos-a-10-100-mbps-tp-link\/","og_site_name":"Mivoot","article_publisher":"https:\/\/www.facebook.com\/mivootgt","article_modified_time":"2024-09-17T00:25:39+00:00","og_image":[{"width":1000,"height":1000,"url":"https:\/\/mivoot.com\/gt\/wp-content\/uploads\/2024\/09\/TL_SF1008DUN11.0_02_large_1516616900004c.jpg","type":"image\/jpeg"}],"twitter_card":"summary_large_image","twitter_misc":{"Est. reading time":"1 minuto"},"schema":{"@context":"https:\/\/schema.org","@graph":[{"@type":"WebPage","@id":"https:\/\/mivoot.com\/gt\/producto\/switch-de-sobremesa-con-8-puertos-a-10-100-mbps-tp-link\/","url":"https:\/\/mivoot.com\/gt\/producto\/switch-de-sobremesa-con-8-puertos-a-10-100-mbps-tp-link\/","name":"Switch de sobremesa con 8 puertos a 10\/100 Mbps TP-Link - Mivoot","isPartOf":{"@id":"https:\/\/mivoot.com\/gt\/#website"},"primaryImageOfPage":{"@id":"https:\/\/mivoot.com\/gt\/producto\/switch-de-sobremesa-con-8-puertos-a-10-100-mbps-tp-link\/#primaryimage"},"image":{"@id":"https:\/\/mivoot.com\/gt\/producto\/switch-de-sobremesa-con-8-puertos-a-10-100-mbps-tp-link\/#primaryimage"},"thumbnailUrl":"https:\/\/mivoot.com\/gt\/wp-content\/uploads\/2024\/09\/TL_SF1008DUN11.0_02_large_1516616900004c.jpg","datePublished":"2024-09-10T20:04:44+00:00","dateModified":"2024-09-17T00:25:39+00:00","breadcrumb":{"@id":"https:\/\/mivoot.com\/gt\/producto\/switch-de-sobremesa-con-8-puertos-a-10-100-mbps-tp-link\/#breadcrumb"},"inLanguage":"es","potentialAction":[{"@type":"ReadAction","target":["https:\/\/mivoot.com\/gt\/producto\/switch-de-sobremesa-con-8-puertos-a-10-100-mbps-tp-link\/"]}]},{"@type":"ImageObject","inLanguage":"es","@id":"https:\/\/mivoot.com\/gt\/producto\/switch-de-sobremesa-con-8-puertos-a-10-100-mbps-tp-link\/#primaryimage","url":"https:\/\/mivoot.com\/gt\/wp-content\/uploads\/2024\/09\/TL_SF1008DUN11.0_02_large_1516616900004c.jpg","contentUrl":"https:\/\/mivoot.com\/gt\/wp-content\/uploads\/2024\/09\/TL_SF1008DUN11.0_02_large_1516616900004c.jpg","width":1000,"height":1000},{"@type":"BreadcrumbList","@id":"https:\/\/mivoot.com\/gt\/producto\/switch-de-sobremesa-con-8-puertos-a-10-100-mbps-tp-link\/#breadcrumb","itemListElement":[{"@type":"ListItem","position":1,"name":"Inicio","item":"https:\/\/mivoot.com\/gt\/"},{"@type":"ListItem","position":2,"name":"Productos","item":"https:\/\/mivoot.com\/gt\/producto\/"},{"@type":"ListItem","position":3,"name":"TP-Link","item":"https:\/\/mivoot.com\/gt\/marca\/tp-link\/"},{"@type":"ListItem","position":4,"name":"Switch de sobremesa con 8 puertos a 10\/100 Mbps TP-Link"}]},{"@type":"WebSite","@id":"https:\/\/mivoot.com\/gt\/#website","url":"https:\/\/mivoot.com\/gt\/","name":"Mivoot","description":"Mivoot Guatemala | Tienda Online","publisher":{"@id":"https:\/\/mivoot.com\/gt\/#organization"},"alternateName":"mivoot","potentialAction":[{"@type":"SearchAction","target":{"@type":"EntryPoint","urlTemplate":"https:\/\/mivoot.com\/gt\/?s={search_term_string}"},"query-input":{"@type":"PropertyValueSpecification","valueRequired":true,"valueName":"search_term_string"}}],"inLanguage":"es"},{"@type":"Organization","@id":"https:\/\/mivoot.com\/gt\/#organization","name":"Mivoot Guatemala","alternateName":"mivoot.com","url":"https:\/\/mivoot.com\/gt\/","logo":{"@type":"ImageObject","inLanguage":"es","@id":"https:\/\/mivoot.com\/gt\/#\/schema\/logo\/image\/","url":"https:\/\/mivoot.com\/gt\/wp-content\/uploads\/2023\/03\/cropped-icon.png","contentUrl":"https:\/\/mivoot.com\/gt\/wp-content\/uploads\/2023\/03\/cropped-icon.png","width":512,"height":512,"caption":"Mivoot Guatemala"},"image":{"@id":"https:\/\/mivoot.com\/gt\/#\/schema\/logo\/image\/"},"sameAs":["https:\/\/www.facebook.com\/mivootgt","https:\/\/instagram.com\/mivoot"]}]}},"jetpack_publicize_connections":[],"jetpack_sharing_enabled":true,"brands":[{"id":320,"name":"TP-Link","slug":"tp-link"}],"_links":{"self":[{"href":"https:\/\/mivoot.com\/gt\/wp-json\/wp\/v2\/product\/22238","targetHints":{"allow":["GET"]}}],"collection":[{"href":"https:\/\/mivoot.com\/gt\/wp-json\/wp\/v2\/product"}],"about":[{"href":"https:\/\/mivoot.com\/gt\/wp-json\/wp\/v2\/types\/product"}],"replies":[{"embeddable":true,"href":"https:\/\/mivoot.com\/gt\/wp-json\/wp\/v2\/comments?post=22238"}],"version-history":[{"count":1,"href":"https:\/\/mivoot.com\/gt\/wp-json\/wp\/v2\/product\/22238\/revisions"}],"predecessor-version":[{"id":22243,"href":"https:\/\/mivoot.com\/gt\/wp-json\/wp\/v2\/product\/22238\/revisions\/22243"}],"wp:featuredmedia":[{"embeddable":true,"href":"https:\/\/mivoot.com\/gt\/wp-json\/wp\/v2\/media\/22241"}],"wp:attachment":[{"href":"https:\/\/mivoot.com\/gt\/wp-json\/wp\/v2\/media?parent=22238"}],"wp:term":[{"taxonomy":"pwb-brand","embeddable":true,"href":"https:\/\/mivoot.com\/gt\/wp-json\/wp\/v2\/pwb-brand?post=22238"},{"taxonomy":"product_brand","embeddable":true,"href":"https:\/\/mivoot.com\/gt\/wp-json\/wp\/v2\/product_brand?post=22238"},{"taxonomy":"product_cat","embeddable":true,"href":"https:\/\/mivoot.com\/gt\/wp-json\/wp\/v2\/product_cat?post=22238"},{"taxonomy":"product_tag","embeddable":true,"href":"https:\/\/mivoot.com\/gt\/wp-json\/wp\/v2\/product_tag?post=22238"}],"curies":[{"name":"wp","href":"https:\/\/api.w.org\/{rel}","templated":true}]}}