{"id":22299,"date":"2024-09-12T15:57:37","date_gmt":"2024-09-12T21:57:37","guid":{"rendered":"https:\/\/mivoot.com\/gt\/?post_type=product&#038;p=22299"},"modified":"2026-04-20T18:19:32","modified_gmt":"2026-04-21T00:19:32","slug":"impresora-termica-80mm-usb-serial-lan-wi-fi-pr-350-wf-aon","status":"publish","type":"product","link":"https:\/\/mivoot.com\/gt\/producto\/impresora-termica-80mm-usb-serial-lan-wi-fi-pr-350-wf-aon\/","title":{"rendered":"Impresora T\u00e9rmica 80mm USB Serial LAN Wi-Fi PR-350 WF AON"},"content":{"rendered":"<div class=\"content product-features\">\n<h4>Caracter\u00edsticas<\/h4>\n<ul>\n<li>INTERFAZ USB+SERIE+ETHERNET<\/li>\n<li>F\u00c1CIL MANTENIMIENTO: SOLO TOMA 5 SEGUNDOS ACTUALIZAR EL FIRMWARE<\/li>\n<li>VELOCIDAD DE IMPRESI\u00d3N ULTRA R\u00c1PIDA: 300 MM\/S M\u00c1X.<\/li>\n<li>SISTEMA DE CONTROL DE CORTE INTELIGENTE<\/li>\n<li>APOYA LA FUNCI\u00d3N DE COLA<\/li>\n<\/ul>\n<\/div>\n<div class=\"content product-content\">\n<div>\n<div><\/div>\n<ul>\n<li><strong>M\u00e9todo de impresi\u00f3n<\/strong>\u00a0T\u00e9rmica directa<\/li>\n<li><strong>Di\u00e1metro del rollo de PAPEL<\/strong>\u00a080 mm (M\u00c1XIMO)<\/li>\n<li><strong>Ancho del papel<\/strong>\u00a079,5 \u00b1 0,5 mm<\/li>\n<li><strong>Ancho de impresi\u00f3n<\/strong>\u00a048 mm \/ 72 mm<\/li>\n<li><strong>Capacidad de columna \/ Resoluci\u00f3n<\/strong>\u00a0576 puntos\/l\u00ednea \/ 8 puntos\/mm (203 ppp)<\/li>\n<li><strong>Velocidad de impresi\u00f3n<\/strong>\u00a0260 mm\/s<\/li>\n<li><strong>Interfaz<\/strong> U+9P Serie+LAN<\/li>\n<\/ul>\n<h6>Simbolog\u00eda de fuentes<\/h6>\n<ul>\n<li><strong>Tama\u00f1o de car\u00e1cter<\/strong>\u00a0Fuente A: 12*24, Fuente B: 9*17, CHN: 24*24<\/li>\n<li><strong>Personaje\/L\u00ednea<\/strong>\u00a048\/64<\/li>\n<li><strong>C\u00f3digo de barras 1D<\/strong>\u00a0UPC-A \/ UPC-E \/ JAN13(EAN13) \/ JAN8(EAN8) \/ C\u00d3DIGO39 \/ ITF25 \/ C\u00d3DIGO DE BARRA \/ C\u00d3DIGO93 \/ C\u00d3DIGO128<\/li>\n<li><strong>C\u00f3digo de barras 2D<\/strong>\u00a0PDF417 \/ QRCODE \/ Matriz de datos<\/li>\n<li><strong>Buffer de entrada<\/strong>\u00a0128 Kbyte<\/li>\n<li><strong>Memoria flash NV<\/strong>\u00a0de 256 Kbytes<\/li>\n<\/ul>\n<h6>Fuerza<\/h6>\n<ul>\n<li><strong>Adaptador de corriente<\/strong>\u00a0Entrada: CA 100~240 V, 2 A, 50~60 Hz Salida: CC 24 V, 2,5 A<\/li>\n<li><strong>Fuente de alimentaci\u00f3n<\/strong>\u00a0DC 24 V, 2,5 A<\/li>\n<li><strong>Caj\u00f3n portamonedas<\/strong>\u00a0DC 24V\/1 A, toma RJ-11 de 6 PINES<\/li>\n<\/ul>\n<h6>Caracter\u00edsticas f\u00edsicas<\/h6>\n<ul>\n<li><strong>Peso<\/strong>\u00a01500g (SIN papel)<\/li>\n<li><strong>Dimensiones<\/strong>\u00a0200*150*139 mm (L*An*Al)<\/li>\n<\/ul>\n<h6>Requisitos ambientales<\/h6>\n<ul>\n<li><strong>Ambiente de trabajo<\/strong>\u00a0Temperatura (0 ~ 45\u00b0C) humedad (10 ~ 80%)<\/li>\n<li><strong>Entorno de almacenamiento<\/strong>\u00a0Temperatura (-10 ~ 60 \u00b0C) humedad (10 ~ 90%)<\/li>\n<\/ul>\n<h6>Fiabilidad<\/h6>\n<ul>\n<li><strong>Vida \u00fatil del cabezal de impresi\u00f3n<\/strong>\u00a0150 KM<\/li>\n<\/ul>\n<h6>Software<\/h6>\n<ul>\n<li><strong>Emulaci\u00f3n<\/strong>\u00a0ESC\/POS<\/li>\n<li><strong>Controlador<\/strong>\u00a0Windows \/ Linux \/ Android \/ Mac<\/li>\n<li>Ventanas\u00a0<strong>de utilidad<\/strong><\/li>\n<li><strong>Kit de desarrollo de software<\/strong>\u00a0para iOS\/Android\/Windows<\/li>\n<\/ul>\n<\/div>\n<\/div>\n","protected":false},"excerpt":{"rendered":"<p>&#8211; M\u00e9todo de impresi\u00f3n\u00a0T\u00e9rmica directa<br \/>\n&#8211; Di\u00e1metro del rollo de PAPEL\u00a080 mm (M\u00c1XIMO)<br \/>\n&#8211; Ancho del papel\u00a079,5 \u00b1 0,5 mm<br \/>\n&#8211; Ancho de impresi\u00f3n\u00a048 mm \/ 72 mm<br \/>\n&#8211; Capacidad de columna \/ Resoluci\u00f3n\u00a0576 puntos\/l\u00ednea \/ 8 puntos\/mm (203 ppp)<br \/>\n&#8211; Velocidad de impresi\u00f3n\u00a0260 mm\/s<br \/>\n&#8211; Interfaz\u00a0U+9P Serie+LAN<br \/>\n&#8211; Conectividad LAN<br \/>\n&#8211; Conectividad WiFi<br \/>\n&#8211; 1 x Puerto LAN<br \/>\n&#8211; 1 x Puerto USB<br \/>\n&#8211; 1 x Puerto Serial<br \/>\n&#8211; 1 x puerto RJ11<br \/>\n&#8211; Sistema autom\u00e1tico de cortador Inteligente<br \/>\n&#8211; Dimensi\u00f3n 200*150*139 mm (L*An*Al)<\/p>\n","protected":false},"featured_media":22301,"comment_status":"open","ping_status":"closed","template":"","meta":{"jetpack_publicize_message":"","jetpack_publicize_feature_enabled":true,"jetpack_social_post_already_shared":true,"jetpack_social_options":{"image_generator_settings":{"template":"highway","default_image_id":0,"font":"","enabled":false},"version":2}},"pwb-brand":[555],"product_brand":[],"product_cat":[174],"product_tag":[],"class_list":{"0":"post-22299","1":"product","2":"type-product","3":"status-publish","4":"has-post-thumbnail","6":"pwb-brand-aon","7":"product_cat-imptermica","9":"first","10":"instock","11":"taxable","12":"shipping-taxable","13":"purchasable","14":"product-type-simple"},"yoast_head":"<!-- This site is optimized with the Yoast SEO Premium plugin v25.7.1 (Yoast SEO v26.8) - https:\/\/yoast.com\/product\/yoast-seo-premium-wordpress\/ -->\n<title>Impresora T\u00e9rmica 80mm USB Serial LAN Wi-Fi PR-350 WF AON - Mivoot<\/title>\n<meta name=\"robots\" content=\"index, follow, max-snippet:-1, max-image-preview:large, max-video-preview:-1\" \/>\n<link rel=\"canonical\" href=\"https:\/\/mivoot.com\/gt\/producto\/impresora-termica-80mm-usb-serial-lan-wi-fi-pr-350-wf-aon\/\" \/>\n<meta property=\"og:locale\" content=\"es_ES\" \/>\n<meta property=\"og:type\" content=\"article\" \/>\n<meta property=\"og:title\" content=\"Impresora T\u00e9rmica 80mm USB Serial LAN Wi-Fi PR-350 WF AON\" \/>\n<meta property=\"og:description\" content=\"- M\u00e9todo de impresi\u00f3n\u00a0T\u00e9rmica directa - Di\u00e1metro del rollo de PAPEL\u00a080 mm (M\u00c1XIMO) - Ancho del papel\u00a079,5 \u00b1 0,5 mm - Ancho de impresi\u00f3n\u00a048 mm \/ 72 mm - Capacidad de columna \/ Resoluci\u00f3n\u00a0576 puntos\/l\u00ednea \/ 8 puntos\/mm (203 ppp) - Velocidad de impresi\u00f3n\u00a0260 mm\/s - Interfaz\u00a0U+9P Serie+LAN - Conectividad LAN - Conectividad WiFi - 1 x Puerto LAN - 1 x Puerto USB - 1 x Puerto Serial - 1 x puerto RJ11 - Sistema autom\u00e1tico de cortador Inteligente - Dimensi\u00f3n 200*150*139 mm (L*An*Al)\" \/>\n<meta property=\"og:url\" content=\"https:\/\/mivoot.com\/gt\/producto\/impresora-termica-80mm-usb-serial-lan-wi-fi-pr-350-wf-aon\/\" \/>\n<meta property=\"og:site_name\" content=\"Mivoot\" \/>\n<meta property=\"article:publisher\" content=\"https:\/\/www.facebook.com\/mivootgt\" \/>\n<meta property=\"article:modified_time\" content=\"2026-04-21T00:19:32+00:00\" \/>\n<meta property=\"og:image\" content=\"https:\/\/mivoot.com\/gt\/wp-content\/uploads\/2024\/09\/PR-350-WF-BT-00.png\" \/>\n\t<meta property=\"og:image:width\" content=\"1000\" \/>\n\t<meta property=\"og:image:height\" content=\"1000\" \/>\n\t<meta property=\"og:image:type\" content=\"image\/png\" \/>\n<meta name=\"twitter:card\" content=\"summary_large_image\" \/>\n<meta name=\"twitter:label1\" content=\"Est. reading time\" \/>\n\t<meta name=\"twitter:data1\" content=\"2 minutos\" \/>\n<script type=\"application\/ld+json\" class=\"yoast-schema-graph\">{\"@context\":\"https:\/\/schema.org\",\"@graph\":[{\"@type\":\"WebPage\",\"@id\":\"https:\/\/mivoot.com\/gt\/producto\/impresora-termica-80mm-usb-serial-lan-wi-fi-pr-350-wf-aon\/\",\"url\":\"https:\/\/mivoot.com\/gt\/producto\/impresora-termica-80mm-usb-serial-lan-wi-fi-pr-350-wf-aon\/\",\"name\":\"Impresora T\u00e9rmica 80mm USB Serial LAN Wi-Fi PR-350 WF AON - Mivoot\",\"isPartOf\":{\"@id\":\"https:\/\/mivoot.com\/gt\/#website\"},\"primaryImageOfPage\":{\"@id\":\"https:\/\/mivoot.com\/gt\/producto\/impresora-termica-80mm-usb-serial-lan-wi-fi-pr-350-wf-aon\/#primaryimage\"},\"image\":{\"@id\":\"https:\/\/mivoot.com\/gt\/producto\/impresora-termica-80mm-usb-serial-lan-wi-fi-pr-350-wf-aon\/#primaryimage\"},\"thumbnailUrl\":\"https:\/\/mivoot.com\/gt\/wp-content\/uploads\/2024\/09\/PR-350-WF-BT-00.png\",\"datePublished\":\"2024-09-12T21:57:37+00:00\",\"dateModified\":\"2026-04-21T00:19:32+00:00\",\"breadcrumb\":{\"@id\":\"https:\/\/mivoot.com\/gt\/producto\/impresora-termica-80mm-usb-serial-lan-wi-fi-pr-350-wf-aon\/#breadcrumb\"},\"inLanguage\":\"es\",\"potentialAction\":[{\"@type\":\"ReadAction\",\"target\":[\"https:\/\/mivoot.com\/gt\/producto\/impresora-termica-80mm-usb-serial-lan-wi-fi-pr-350-wf-aon\/\"]}]},{\"@type\":\"ImageObject\",\"inLanguage\":\"es\",\"@id\":\"https:\/\/mivoot.com\/gt\/producto\/impresora-termica-80mm-usb-serial-lan-wi-fi-pr-350-wf-aon\/#primaryimage\",\"url\":\"https:\/\/mivoot.com\/gt\/wp-content\/uploads\/2024\/09\/PR-350-WF-BT-00.png\",\"contentUrl\":\"https:\/\/mivoot.com\/gt\/wp-content\/uploads\/2024\/09\/PR-350-WF-BT-00.png\",\"width\":1000,\"height\":1000},{\"@type\":\"BreadcrumbList\",\"@id\":\"https:\/\/mivoot.com\/gt\/producto\/impresora-termica-80mm-usb-serial-lan-wi-fi-pr-350-wf-aon\/#breadcrumb\",\"itemListElement\":[{\"@type\":\"ListItem\",\"position\":1,\"name\":\"Inicio\",\"item\":\"https:\/\/mivoot.com\/gt\/\"},{\"@type\":\"ListItem\",\"position\":2,\"name\":\"Productos\",\"item\":\"https:\/\/mivoot.com\/gt\/producto\/\"},{\"@type\":\"ListItem\",\"position\":3,\"name\":\"AON\",\"item\":\"https:\/\/mivoot.com\/gt\/marca\/aon\/\"},{\"@type\":\"ListItem\",\"position\":4,\"name\":\"Impresora T\u00e9rmica 80mm USB Serial LAN Wi-Fi PR-350 WF AON\"}]},{\"@type\":\"WebSite\",\"@id\":\"https:\/\/mivoot.com\/gt\/#website\",\"url\":\"https:\/\/mivoot.com\/gt\/\",\"name\":\"Mivoot\",\"description\":\"Mivoot Guatemala | Tienda Online\",\"publisher\":{\"@id\":\"https:\/\/mivoot.com\/gt\/#organization\"},\"alternateName\":\"mivoot\",\"potentialAction\":[{\"@type\":\"SearchAction\",\"target\":{\"@type\":\"EntryPoint\",\"urlTemplate\":\"https:\/\/mivoot.com\/gt\/?s={search_term_string}\"},\"query-input\":{\"@type\":\"PropertyValueSpecification\",\"valueRequired\":true,\"valueName\":\"search_term_string\"}}],\"inLanguage\":\"es\"},{\"@type\":\"Organization\",\"@id\":\"https:\/\/mivoot.com\/gt\/#organization\",\"name\":\"Mivoot Guatemala\",\"alternateName\":\"mivoot.com\",\"url\":\"https:\/\/mivoot.com\/gt\/\",\"logo\":{\"@type\":\"ImageObject\",\"inLanguage\":\"es\",\"@id\":\"https:\/\/mivoot.com\/gt\/#\/schema\/logo\/image\/\",\"url\":\"https:\/\/mivoot.com\/gt\/wp-content\/uploads\/2023\/03\/cropped-icon.png\",\"contentUrl\":\"https:\/\/mivoot.com\/gt\/wp-content\/uploads\/2023\/03\/cropped-icon.png\",\"width\":512,\"height\":512,\"caption\":\"Mivoot Guatemala\"},\"image\":{\"@id\":\"https:\/\/mivoot.com\/gt\/#\/schema\/logo\/image\/\"},\"sameAs\":[\"https:\/\/www.facebook.com\/mivootgt\",\"https:\/\/instagram.com\/mivoot\"]}]}<\/script>\n<!-- \/ Yoast SEO Premium plugin. -->","yoast_head_json":{"title":"Impresora T\u00e9rmica 80mm USB Serial LAN Wi-Fi PR-350 WF AON - Mivoot","robots":{"index":"index","follow":"follow","max-snippet":"max-snippet:-1","max-image-preview":"max-image-preview:large","max-video-preview":"max-video-preview:-1"},"canonical":"https:\/\/mivoot.com\/gt\/producto\/impresora-termica-80mm-usb-serial-lan-wi-fi-pr-350-wf-aon\/","og_locale":"es_ES","og_type":"article","og_title":"Impresora T\u00e9rmica 80mm USB Serial LAN Wi-Fi PR-350 WF AON","og_description":"- M\u00e9todo de impresi\u00f3n\u00a0T\u00e9rmica directa - Di\u00e1metro del rollo de PAPEL\u00a080 mm (M\u00c1XIMO) - Ancho del papel\u00a079,5 \u00b1 0,5 mm - Ancho de impresi\u00f3n\u00a048 mm \/ 72 mm - Capacidad de columna \/ Resoluci\u00f3n\u00a0576 puntos\/l\u00ednea \/ 8 puntos\/mm (203 ppp) - Velocidad de impresi\u00f3n\u00a0260 mm\/s - Interfaz\u00a0U+9P Serie+LAN - Conectividad LAN - Conectividad WiFi - 1 x Puerto LAN - 1 x Puerto USB - 1 x Puerto Serial - 1 x puerto RJ11 - Sistema autom\u00e1tico de cortador Inteligente - Dimensi\u00f3n 200*150*139 mm (L*An*Al)","og_url":"https:\/\/mivoot.com\/gt\/producto\/impresora-termica-80mm-usb-serial-lan-wi-fi-pr-350-wf-aon\/","og_site_name":"Mivoot","article_publisher":"https:\/\/www.facebook.com\/mivootgt","article_modified_time":"2026-04-21T00:19:32+00:00","og_image":[{"width":1000,"height":1000,"url":"https:\/\/mivoot.com\/gt\/wp-content\/uploads\/2024\/09\/PR-350-WF-BT-00.png","type":"image\/png"}],"twitter_card":"summary_large_image","twitter_misc":{"Est. reading time":"2 minutos"},"schema":{"@context":"https:\/\/schema.org","@graph":[{"@type":"WebPage","@id":"https:\/\/mivoot.com\/gt\/producto\/impresora-termica-80mm-usb-serial-lan-wi-fi-pr-350-wf-aon\/","url":"https:\/\/mivoot.com\/gt\/producto\/impresora-termica-80mm-usb-serial-lan-wi-fi-pr-350-wf-aon\/","name":"Impresora T\u00e9rmica 80mm USB Serial LAN Wi-Fi PR-350 WF AON - Mivoot","isPartOf":{"@id":"https:\/\/mivoot.com\/gt\/#website"},"primaryImageOfPage":{"@id":"https:\/\/mivoot.com\/gt\/producto\/impresora-termica-80mm-usb-serial-lan-wi-fi-pr-350-wf-aon\/#primaryimage"},"image":{"@id":"https:\/\/mivoot.com\/gt\/producto\/impresora-termica-80mm-usb-serial-lan-wi-fi-pr-350-wf-aon\/#primaryimage"},"thumbnailUrl":"https:\/\/mivoot.com\/gt\/wp-content\/uploads\/2024\/09\/PR-350-WF-BT-00.png","datePublished":"2024-09-12T21:57:37+00:00","dateModified":"2026-04-21T00:19:32+00:00","breadcrumb":{"@id":"https:\/\/mivoot.com\/gt\/producto\/impresora-termica-80mm-usb-serial-lan-wi-fi-pr-350-wf-aon\/#breadcrumb"},"inLanguage":"es","potentialAction":[{"@type":"ReadAction","target":["https:\/\/mivoot.com\/gt\/producto\/impresora-termica-80mm-usb-serial-lan-wi-fi-pr-350-wf-aon\/"]}]},{"@type":"ImageObject","inLanguage":"es","@id":"https:\/\/mivoot.com\/gt\/producto\/impresora-termica-80mm-usb-serial-lan-wi-fi-pr-350-wf-aon\/#primaryimage","url":"https:\/\/mivoot.com\/gt\/wp-content\/uploads\/2024\/09\/PR-350-WF-BT-00.png","contentUrl":"https:\/\/mivoot.com\/gt\/wp-content\/uploads\/2024\/09\/PR-350-WF-BT-00.png","width":1000,"height":1000},{"@type":"BreadcrumbList","@id":"https:\/\/mivoot.com\/gt\/producto\/impresora-termica-80mm-usb-serial-lan-wi-fi-pr-350-wf-aon\/#breadcrumb","itemListElement":[{"@type":"ListItem","position":1,"name":"Inicio","item":"https:\/\/mivoot.com\/gt\/"},{"@type":"ListItem","position":2,"name":"Productos","item":"https:\/\/mivoot.com\/gt\/producto\/"},{"@type":"ListItem","position":3,"name":"AON","item":"https:\/\/mivoot.com\/gt\/marca\/aon\/"},{"@type":"ListItem","position":4,"name":"Impresora T\u00e9rmica 80mm USB Serial LAN Wi-Fi PR-350 WF AON"}]},{"@type":"WebSite","@id":"https:\/\/mivoot.com\/gt\/#website","url":"https:\/\/mivoot.com\/gt\/","name":"Mivoot","description":"Mivoot Guatemala | Tienda Online","publisher":{"@id":"https:\/\/mivoot.com\/gt\/#organization"},"alternateName":"mivoot","potentialAction":[{"@type":"SearchAction","target":{"@type":"EntryPoint","urlTemplate":"https:\/\/mivoot.com\/gt\/?s={search_term_string}"},"query-input":{"@type":"PropertyValueSpecification","valueRequired":true,"valueName":"search_term_string"}}],"inLanguage":"es"},{"@type":"Organization","@id":"https:\/\/mivoot.com\/gt\/#organization","name":"Mivoot Guatemala","alternateName":"mivoot.com","url":"https:\/\/mivoot.com\/gt\/","logo":{"@type":"ImageObject","inLanguage":"es","@id":"https:\/\/mivoot.com\/gt\/#\/schema\/logo\/image\/","url":"https:\/\/mivoot.com\/gt\/wp-content\/uploads\/2023\/03\/cropped-icon.png","contentUrl":"https:\/\/mivoot.com\/gt\/wp-content\/uploads\/2023\/03\/cropped-icon.png","width":512,"height":512,"caption":"Mivoot Guatemala"},"image":{"@id":"https:\/\/mivoot.com\/gt\/#\/schema\/logo\/image\/"},"sameAs":["https:\/\/www.facebook.com\/mivootgt","https:\/\/instagram.com\/mivoot"]}]}},"jetpack_publicize_connections":[],"jetpack_sharing_enabled":true,"brands":[{"id":555,"name":"AON","slug":"aon"}],"_links":{"self":[{"href":"https:\/\/mivoot.com\/gt\/wp-json\/wp\/v2\/product\/22299","targetHints":{"allow":["GET"]}}],"collection":[{"href":"https:\/\/mivoot.com\/gt\/wp-json\/wp\/v2\/product"}],"about":[{"href":"https:\/\/mivoot.com\/gt\/wp-json\/wp\/v2\/types\/product"}],"replies":[{"embeddable":true,"href":"https:\/\/mivoot.com\/gt\/wp-json\/wp\/v2\/comments?post=22299"}],"version-history":[{"count":2,"href":"https:\/\/mivoot.com\/gt\/wp-json\/wp\/v2\/product\/22299\/revisions"}],"predecessor-version":[{"id":22306,"href":"https:\/\/mivoot.com\/gt\/wp-json\/wp\/v2\/product\/22299\/revisions\/22306"}],"wp:featuredmedia":[{"embeddable":true,"href":"https:\/\/mivoot.com\/gt\/wp-json\/wp\/v2\/media\/22301"}],"wp:attachment":[{"href":"https:\/\/mivoot.com\/gt\/wp-json\/wp\/v2\/media?parent=22299"}],"wp:term":[{"taxonomy":"pwb-brand","embeddable":true,"href":"https:\/\/mivoot.com\/gt\/wp-json\/wp\/v2\/pwb-brand?post=22299"},{"taxonomy":"product_brand","embeddable":true,"href":"https:\/\/mivoot.com\/gt\/wp-json\/wp\/v2\/product_brand?post=22299"},{"taxonomy":"product_cat","embeddable":true,"href":"https:\/\/mivoot.com\/gt\/wp-json\/wp\/v2\/product_cat?post=22299"},{"taxonomy":"product_tag","embeddable":true,"href":"https:\/\/mivoot.com\/gt\/wp-json\/wp\/v2\/product_tag?post=22299"}],"curies":[{"name":"wp","href":"https:\/\/api.w.org\/{rel}","templated":true}]}}