{"id":22665,"date":"2024-09-19T13:39:29","date_gmt":"2024-09-19T19:39:29","guid":{"rendered":"https:\/\/mivoot.com\/gt\/?post_type=product&#038;p=22665"},"modified":"2024-09-19T14:27:35","modified_gmt":"2024-09-19T20:27:35","slug":"audifonos-bluetooth-style-color-azul-klip-xtreme","status":"publish","type":"product","link":"https:\/\/mivoot.com\/gt\/producto\/audifonos-bluetooth-style-color-azul-klip-xtreme\/","title":{"rendered":"Aud\u00edfonos Bluetooth Style Color Azul Klip Xtreme"},"content":{"rendered":"<h1 style=\"text-align: center\"><strong>Los nuevos Aud\u00edfonos Style de Klip Xtreme son sencillamente espectaculares: lucen tan bien como suenan. Y esto es s\u00f3lo el principio.<\/strong><\/h1>\n<p style=\"text-align: center\">Ostentan un estilizado dise\u00f1o ultraliviano, con un potente sonido impartido a trav\u00e9s de microparlantes de 40mm para la gama completa de frecuencias. Los controles integrados en la unidad te permiten regular el volumen, seleccionar pistas e incluso detener la m\u00fasica para la recepci\u00f3n de llamadas entrantes. Al adoptar la \u00faltima tecnolog\u00eda compatible con Bluetooth<sup>\u00ae<\/sup>\u00a0V5.0, estos aud\u00edfonos son capaces de transmitir el audio en forma inal\u00e1mbrica a trav\u00e9s de una conexi\u00f3n estable hasta 20 metros de distancia de la fuente de audio. Todas estas funciones, a la par con el estilo inconfundible de la marca, \u00a1convierten al Style en el accesorio de audio que todos aspiran tener!<\/p>\n<p style=\"text-align: center\"><div class=\"row\"  id=\"row-1458117787\">\n<p style=\"text-align: center\">\n\t<div id=\"col-18770249\" class=\"col medium-1\/3 large-4\"  >\n\t\t<div class=\"col-inner\"  >\n\t\t\t\n\t\t\t\n<img fetchpriority=\"high\" decoding=\"async\" class=\"alignnone wp-image-22660\" src=\"https:\/\/mivoot.com\/gt\/wp-content\/uploads\/2024\/09\/banner-lifestile-odm_07-188x300.jpg\" alt=\"\" width=\"313\" height=\"499\" srcset=\"https:\/\/mivoot.com\/gt\/wp-content\/uploads\/2024\/09\/banner-lifestile-odm_07-188x300.jpg 188w, https:\/\/mivoot.com\/gt\/wp-content\/uploads\/2024\/09\/banner-lifestile-odm_07-64x102.jpg 64w\" sizes=\"(max-width: 313px) 100vw, 313px\" \/><\/p>\n\t\t<\/div>\n\t\t\t<\/div>\n\n\t\n\n\t<div id=\"col-23988492\" class=\"col medium-1\/3 large-4\"  >\n\t\t<div class=\"col-inner\"  >\n\t\t\t\n\t\t\t\n<h3 class=\"text-dark features odm\" style=\"text-align: center\"><b>Las almohadillas acolchadas<\/b>\u00a0est\u00e1n hechas con un material suave y resistente, y dise\u00f1adas para brindar el aislamiento ac\u00fastico ideal para disfrutar cada tono<\/h3>\n<p style=\"text-align: center\">\t\t<\/div>\n\t\t\t<\/div>\n\n\t\n\n\t<div id=\"col-847719306\" class=\"col medium-1\/3 large-4\"  >\n\t\t<div class=\"col-inner\"  >\n\t\t\t\n\t\t\t\n<img decoding=\"async\" class=\"alignnone wp-image-22661\" src=\"https:\/\/mivoot.com\/gt\/wp-content\/uploads\/2024\/09\/banner-lifestile-odm_10-250x300.jpg\" alt=\"\" width=\"360\" height=\"432\" srcset=\"https:\/\/mivoot.com\/gt\/wp-content\/uploads\/2024\/09\/banner-lifestile-odm_10-250x300.jpg 250w, https:\/\/mivoot.com\/gt\/wp-content\/uploads\/2024\/09\/banner-lifestile-odm_10-410x492.jpg 410w, https:\/\/mivoot.com\/gt\/wp-content\/uploads\/2024\/09\/banner-lifestile-odm_10-64x77.jpg 64w, https:\/\/mivoot.com\/gt\/wp-content\/uploads\/2024\/09\/banner-lifestile-odm_10.jpg 500w\" sizes=\"(max-width: 360px) 100vw, 360px\" \/><\/p>\n<p style=\"text-align: center\">\t\t<\/div>\n\t\t\t<\/div>\n\n\t\n<p style=\"text-align: center\"><\/div>\n<p>&nbsp;<\/p>\n<div class=\"col-12 col-md-8\" data-v-9f8da724=\"\">\n<h1 class=\"text-dark features h3 bannerText\" style=\"text-align: center\"><strong>M\u00e1s tiempo para disfrutar<\/strong><\/h1>\n<\/div>\n<div class=\"col-12 col-md-8\" style=\"text-align: center\" data-v-9f8da724=\"\">\n<h1 class=\"text-dark features h2 bannerText\"><strong><span style=\"font-size: 500%\">40<\/span><\/strong><\/h1>\n<\/div>\n<div class=\"col-12\" data-v-9f8da724=\"\">\n<h4 class=\"text-dark features bannerText\" style=\"text-align: center\" data-v-9f8da724=\"\">horas de tu playlist favorita, las series que no puedes dejar ver y las llamadas que debes atender.<br \/>\n500 horas en modo pausa con una sola carga. Despreoc\u00fapate de la carga y disfruta m\u00e1s cada d\u00eda.<\/h4>\n<p>&nbsp;<\/p>\n<\/div>\n<p style=\"text-align: center\"><div class=\"row\"  id=\"row-510374795\">\n<p style=\"text-align: center\">\n\t<div id=\"col-49833285\" class=\"col medium-1\/4 large-3\"  >\n\t\t<div class=\"col-inner\"  >\n\t\t\t\n\t\t\t\n<h1 class=\"product-banner-title\" style=\"text-align: center\"><strong>Sonido extraordinario, Sonido Style<\/strong><\/h1>\n<p class=\"product-banner-subtitle text-light-dark\" style=\"text-align: center\">El sonido Style logra un alt\u00edsimo nivel ac\u00fastico a trav\u00e9s de microparlantes de 40mm de alto rendimiento, para que tus o\u00eddos se deleiten con agudos n\u00edtidos, medios din\u00e1micos y bajos profundos.<\/p>\n<p class=\"product-banner-subtitle text-light-dark\" style=\"text-align: center\">\t\t<\/div>\n\t\t\t<\/div>\n\n\t\n\n\t<div id=\"col-378267891\" class=\"col medium-1\/4 large-3\"  >\n\t\t<div class=\"col-inner\"  >\n\t\t\t\n\t\t\t\n<img decoding=\"async\" class=\"alignnone wp-image-22658\" src=\"https:\/\/mivoot.com\/gt\/wp-content\/uploads\/2024\/09\/banner-hombre-life-style-odm_24-250x300.jpg\" alt=\"\" width=\"378\" height=\"454\" srcset=\"https:\/\/mivoot.com\/gt\/wp-content\/uploads\/2024\/09\/banner-hombre-life-style-odm_24-250x300.jpg 250w, https:\/\/mivoot.com\/gt\/wp-content\/uploads\/2024\/09\/banner-hombre-life-style-odm_24-410x492.jpg 410w, https:\/\/mivoot.com\/gt\/wp-content\/uploads\/2024\/09\/banner-hombre-life-style-odm_24-64x77.jpg 64w, https:\/\/mivoot.com\/gt\/wp-content\/uploads\/2024\/09\/banner-hombre-life-style-odm_24.jpg 500w\" sizes=\"(max-width: 378px) 100vw, 378px\" \/><\/p>\n<p style=\"text-align: center\">\t\t<\/div>\n\t\t\t<\/div>\n\n\t\n\n\t<div id=\"col-63941156\" class=\"col medium-1\/4 large-3\"  >\n\t\t<div class=\"col-inner\"  >\n\t\t\t\n\t\t\t\n<h3 class=\"text-dark features odm\" style=\"text-align: center\"><b>Compatibilidad con Siri o el asistente de Google<\/b>, Los aud\u00edfonos Style te ayudan a que los d\u00edas sean m\u00e1s f\u00e1ciles<\/h3>\n<p style=\"text-align: center\">\t\t<\/div>\n\t\t\t<\/div>\n\n\t\n\n\t<div id=\"col-896656371\" class=\"col medium-1\/4 large-3\"  >\n\t\t<div class=\"col-inner\"  >\n\t\t\t\n\t\t\t\n<img loading=\"lazy\" decoding=\"async\" class=\"alignnone wp-image-22659 aligncenter\" src=\"https:\/\/mivoot.com\/gt\/wp-content\/uploads\/2024\/09\/banner-hombre-life-style-odm_26-194x300.jpg\" alt=\"\" width=\"351\" height=\"543\" srcset=\"https:\/\/mivoot.com\/gt\/wp-content\/uploads\/2024\/09\/banner-hombre-life-style-odm_26-194x300.jpg 194w, https:\/\/mivoot.com\/gt\/wp-content\/uploads\/2024\/09\/banner-hombre-life-style-odm_26-410x634.jpg 410w, https:\/\/mivoot.com\/gt\/wp-content\/uploads\/2024\/09\/banner-hombre-life-style-odm_26-64x99.jpg 64w, https:\/\/mivoot.com\/gt\/wp-content\/uploads\/2024\/09\/banner-hombre-life-style-odm_26-388x600.jpg 388w, https:\/\/mivoot.com\/gt\/wp-content\/uploads\/2024\/09\/banner-hombre-life-style-odm_26.jpg 500w\" sizes=\"(max-width: 351px) 100vw, 351px\" \/><\/p>\n<p style=\"text-align: center\">\t\t<\/div>\n\t\t\t<\/div>\n\n\t\n<p style=\"text-align: center\"><\/div>\n<p>&nbsp;<\/p>\n<p>&nbsp;<\/p>\n<p><img loading=\"lazy\" decoding=\"async\" class=\"wp-image-22662 alignleft\" src=\"https:\/\/mivoot.com\/gt\/wp-content\/uploads\/2024\/09\/banner_8-lifestyle-odm-213x300.jpg\" alt=\"\" width=\"448\" height=\"631\" srcset=\"https:\/\/mivoot.com\/gt\/wp-content\/uploads\/2024\/09\/banner_8-lifestyle-odm-213x300.jpg 213w, https:\/\/mivoot.com\/gt\/wp-content\/uploads\/2024\/09\/banner_8-lifestyle-odm-410x578.jpg 410w, https:\/\/mivoot.com\/gt\/wp-content\/uploads\/2024\/09\/banner_8-lifestyle-odm-64x90.jpg 64w, https:\/\/mivoot.com\/gt\/wp-content\/uploads\/2024\/09\/banner_8-lifestyle-odm-426x600.jpg 426w, https:\/\/mivoot.com\/gt\/wp-content\/uploads\/2024\/09\/banner_8-lifestyle-odm.jpg 576w\" sizes=\"(max-width: 448px) 100vw, 448px\" \/><\/p>\n<h2 data-v-9f8da724=\"\"><\/h2>\n<h2 data-v-9f8da724=\"\"><\/h2>\n<h2 data-v-9f8da724=\"\"><\/h2>\n<h2 data-v-9f8da724=\"\"><\/h2>\n<h1 style=\"text-align: center\"><strong>Ultralivianos<\/strong><\/h1>\n<h3 class=\"product-banner-subtitle text-light-dark\" style=\"text-align: center\" data-v-9f8da724=\"\">Los Style est\u00e1n hechos con materiales ultralivianos que te permiten su uso durante extensas jornadas sin alterar el goce de tu entretenimiento.<\/h3>\n<p>&nbsp;<\/p>\n<p>&nbsp;<\/p>\n<p>&nbsp;<\/p>\n<p>&nbsp;<\/p>\n<p>&nbsp;<\/p>\n<p>&nbsp;<\/p>\n<p>&nbsp;<\/p>\n<p>&nbsp;<\/p>\n<p>&nbsp;<\/p>\n<p>&nbsp;<\/p>\n<p><img loading=\"lazy\" decoding=\"async\" class=\"wp-image-22657 alignright\" src=\"https:\/\/mivoot.com\/gt\/wp-content\/uploads\/2024\/09\/banner-empaque-producto-odm_31-300x159.jpg\" alt=\"\" width=\"689\" height=\"365\" srcset=\"https:\/\/mivoot.com\/gt\/wp-content\/uploads\/2024\/09\/banner-empaque-producto-odm_31-300x159.jpg 300w, https:\/\/mivoot.com\/gt\/wp-content\/uploads\/2024\/09\/banner-empaque-producto-odm_31-410x218.jpg 410w, https:\/\/mivoot.com\/gt\/wp-content\/uploads\/2024\/09\/banner-empaque-producto-odm_31-64x34.jpg 64w, https:\/\/mivoot.com\/gt\/wp-content\/uploads\/2024\/09\/banner-empaque-producto-odm_31-768x408.jpg 768w, https:\/\/mivoot.com\/gt\/wp-content\/uploads\/2024\/09\/banner-empaque-producto-odm_31-1536x816.jpg 1536w, https:\/\/mivoot.com\/gt\/wp-content\/uploads\/2024\/09\/banner-empaque-producto-odm_31-600x319.jpg 600w, https:\/\/mivoot.com\/gt\/wp-content\/uploads\/2024\/09\/banner-empaque-producto-odm_31.jpg 1920w\" sizes=\"(max-width: 689px) 100vw, 689px\" \/><\/p>\n<h1><\/h1>\n<h1><\/h1>\n<h1 class=\"product-banner-title\" style=\"text-align: center\"><strong>Protege tus Style<\/strong><\/h1>\n<h3 class=\"product-banner-subtitle text-dark fs-6\" style=\"text-align: center\" data-v-9f8da724=\"\">Lleva tus Style f\u00e1cil y adonde quieras, gracias a su dise\u00f1o<br \/>\nplegable y su estuche premium resistente a golpes y ca\u00eddas.<\/h3>\n","protected":false},"excerpt":{"rendered":"<p>&#8211; Factor de forma: Supraaural<br \/>\n&#8211; Unidad del parlante: \u03a640mm<br \/>\n&#8211; M\u00e1xima potencia de salida: 20mW cada microparlante<br \/>\n&#8211; Frecuencia: 100Hz-20.000Hz<br \/>\n&#8211; Relaci\u00f3n de se\u00f1al a ruido: 80dB<br \/>\n&#8211; Impedancia: 32\u03a9 \u00b1 15%<br \/>\n&#8211; Sensibilidad: 100dB +\/- 3dB (NPS a 1kHz)<br \/>\n&#8211; Factor de forma: Integrado en la c\u00e1psula izquierda<br \/>\n&#8211; Directividad: Omnidireccional<br \/>\n&#8211; Frecuencia: 100Hz-18.000Hz<br \/>\n&#8211; Impedancia: 680\u03a9<br \/>\n&#8211; Sensibilidad: -42dB \u00b13dB a 1kHz<br \/>\n&#8211; Tipo de conexi\u00f3n: Bluetooth\u00ae V5.0 &#8211; CSR5.0 y conector de audio de 3,5mm. Compatible con versiones anteriores<br \/>\n&#8211; Frecuencia RF inal\u00e1mbrica: 2,402GHz\u20142,480GHz<br \/>\n&#8211; Alcance inal\u00e1mbrico: Hasta 20 metros 1<br \/>\n&#8211; Perfiles Bluetooth\u00ae: Admite la selecci\u00f3n V5.0; A2DP V1.2 &#8211; AVRCP V1.4 &#8211; HFP V1.6 &#8211; HSP V1.2 &#8211; DI V1.3<br \/>\n&#8211; Entrada para carga: Cable USB Tipo- C a USB A: 5VCC\/1A m\u00e1x.<\/p>\n","protected":false},"featured_media":22668,"comment_status":"open","ping_status":"closed","template":"","meta":{"jetpack_publicize_message":"","jetpack_publicize_feature_enabled":true,"jetpack_social_post_already_shared":true,"jetpack_social_options":{"image_generator_settings":{"template":"highway","default_image_id":0,"font":"","enabled":false},"version":2}},"pwb-brand":[79],"product_brand":[],"product_cat":[23],"product_tag":[],"class_list":{"0":"post-22665","1":"product","2":"type-product","3":"status-publish","4":"has-post-thumbnail","6":"pwb-brand-klip-xtreme","7":"product_cat-audifonos-bluetooth","9":"first","10":"instock","11":"sale","12":"taxable","13":"shipping-taxable","14":"purchasable","15":"product-type-simple"},"yoast_head":"<!-- This site is optimized with the Yoast SEO Premium plugin v25.7.1 (Yoast SEO v26.8) - https:\/\/yoast.com\/product\/yoast-seo-premium-wordpress\/ -->\n<title>Aud\u00edfonos Bluetooth Style Color Azul Klip Xtreme - Mivoot<\/title>\n<meta name=\"robots\" content=\"index, follow, max-snippet:-1, max-image-preview:large, max-video-preview:-1\" \/>\n<link rel=\"canonical\" href=\"https:\/\/mivoot.com\/gt\/producto\/audifonos-bluetooth-style-color-azul-klip-xtreme\/\" \/>\n<meta property=\"og:locale\" content=\"es_ES\" \/>\n<meta property=\"og:type\" content=\"article\" \/>\n<meta property=\"og:title\" content=\"Aud\u00edfonos Bluetooth Style Color Azul Klip Xtreme\" \/>\n<meta property=\"og:description\" content=\"- Factor de forma: Supraaural - Unidad del parlante: \u03a640mm - M\u00e1xima potencia de salida: 20mW cada microparlante - Frecuencia: 100Hz-20.000Hz - Relaci\u00f3n de se\u00f1al a ruido: 80dB - Impedancia: 32\u03a9 \u00b1 15% - Sensibilidad: 100dB +\/- 3dB (NPS a 1kHz) - Factor de forma: Integrado en la c\u00e1psula izquierda - Directividad: Omnidireccional - Frecuencia: 100Hz-18.000Hz - Impedancia: 680\u03a9 - Sensibilidad: -42dB \u00b13dB a 1kHz - Tipo de conexi\u00f3n: Bluetooth\u00ae V5.0 - CSR5.0 y conector de audio de 3,5mm. Compatible con versiones anteriores - Frecuencia RF inal\u00e1mbrica: 2,402GHz\u20142,480GHz - Alcance inal\u00e1mbrico: Hasta 20 metros 1 - Perfiles Bluetooth\u00ae: Admite la selecci\u00f3n V5.0; A2DP V1.2 - AVRCP V1.4 - HFP V1.6 - HSP V1.2 - DI V1.3 - Entrada para carga: Cable USB Tipo- C a USB A: 5VCC\/1A m\u00e1x.\" \/>\n<meta property=\"og:url\" content=\"https:\/\/mivoot.com\/gt\/producto\/audifonos-bluetooth-style-color-azul-klip-xtreme\/\" \/>\n<meta property=\"og:site_name\" content=\"Mivoot\" \/>\n<meta property=\"article:publisher\" content=\"https:\/\/www.facebook.com\/mivootgt\" \/>\n<meta property=\"article:modified_time\" content=\"2024-09-19T20:27:35+00:00\" \/>\n<meta property=\"og:image\" content=\"https:\/\/mivoot.com\/gt\/wp-content\/uploads\/2024\/09\/56509.jpg\" \/>\n\t<meta property=\"og:image:width\" content=\"800\" \/>\n\t<meta property=\"og:image:height\" content=\"800\" \/>\n\t<meta property=\"og:image:type\" content=\"image\/jpeg\" \/>\n<meta name=\"twitter:card\" content=\"summary_large_image\" \/>\n<meta name=\"twitter:label1\" content=\"Est. reading time\" \/>\n\t<meta name=\"twitter:data1\" content=\"3 minutos\" \/>\n<script type=\"application\/ld+json\" class=\"yoast-schema-graph\">{\"@context\":\"https:\/\/schema.org\",\"@graph\":[{\"@type\":\"WebPage\",\"@id\":\"https:\/\/mivoot.com\/gt\/producto\/audifonos-bluetooth-style-color-azul-klip-xtreme\/\",\"url\":\"https:\/\/mivoot.com\/gt\/producto\/audifonos-bluetooth-style-color-azul-klip-xtreme\/\",\"name\":\"Aud\u00edfonos Bluetooth Style Color Azul Klip Xtreme - Mivoot\",\"isPartOf\":{\"@id\":\"https:\/\/mivoot.com\/gt\/#website\"},\"primaryImageOfPage\":{\"@id\":\"https:\/\/mivoot.com\/gt\/producto\/audifonos-bluetooth-style-color-azul-klip-xtreme\/#primaryimage\"},\"image\":{\"@id\":\"https:\/\/mivoot.com\/gt\/producto\/audifonos-bluetooth-style-color-azul-klip-xtreme\/#primaryimage\"},\"thumbnailUrl\":\"https:\/\/mivoot.com\/gt\/wp-content\/uploads\/2024\/09\/56509.jpg\",\"datePublished\":\"2024-09-19T19:39:29+00:00\",\"dateModified\":\"2024-09-19T20:27:35+00:00\",\"breadcrumb\":{\"@id\":\"https:\/\/mivoot.com\/gt\/producto\/audifonos-bluetooth-style-color-azul-klip-xtreme\/#breadcrumb\"},\"inLanguage\":\"es\",\"potentialAction\":[{\"@type\":\"ReadAction\",\"target\":[\"https:\/\/mivoot.com\/gt\/producto\/audifonos-bluetooth-style-color-azul-klip-xtreme\/\"]}]},{\"@type\":\"ImageObject\",\"inLanguage\":\"es\",\"@id\":\"https:\/\/mivoot.com\/gt\/producto\/audifonos-bluetooth-style-color-azul-klip-xtreme\/#primaryimage\",\"url\":\"https:\/\/mivoot.com\/gt\/wp-content\/uploads\/2024\/09\/56509.jpg\",\"contentUrl\":\"https:\/\/mivoot.com\/gt\/wp-content\/uploads\/2024\/09\/56509.jpg\",\"width\":800,\"height\":800},{\"@type\":\"BreadcrumbList\",\"@id\":\"https:\/\/mivoot.com\/gt\/producto\/audifonos-bluetooth-style-color-azul-klip-xtreme\/#breadcrumb\",\"itemListElement\":[{\"@type\":\"ListItem\",\"position\":1,\"name\":\"Inicio\",\"item\":\"https:\/\/mivoot.com\/gt\/\"},{\"@type\":\"ListItem\",\"position\":2,\"name\":\"Productos\",\"item\":\"https:\/\/mivoot.com\/gt\/producto\/\"},{\"@type\":\"ListItem\",\"position\":3,\"name\":\"Klip Xtreme\",\"item\":\"https:\/\/mivoot.com\/gt\/marca\/klip-xtreme\/\"},{\"@type\":\"ListItem\",\"position\":4,\"name\":\"Aud\u00edfonos Bluetooth Style Color Azul Klip Xtreme\"}]},{\"@type\":\"WebSite\",\"@id\":\"https:\/\/mivoot.com\/gt\/#website\",\"url\":\"https:\/\/mivoot.com\/gt\/\",\"name\":\"Mivoot\",\"description\":\"Mivoot Guatemala | Tienda Online\",\"publisher\":{\"@id\":\"https:\/\/mivoot.com\/gt\/#organization\"},\"alternateName\":\"mivoot\",\"potentialAction\":[{\"@type\":\"SearchAction\",\"target\":{\"@type\":\"EntryPoint\",\"urlTemplate\":\"https:\/\/mivoot.com\/gt\/?s={search_term_string}\"},\"query-input\":{\"@type\":\"PropertyValueSpecification\",\"valueRequired\":true,\"valueName\":\"search_term_string\"}}],\"inLanguage\":\"es\"},{\"@type\":\"Organization\",\"@id\":\"https:\/\/mivoot.com\/gt\/#organization\",\"name\":\"Mivoot Guatemala\",\"alternateName\":\"mivoot.com\",\"url\":\"https:\/\/mivoot.com\/gt\/\",\"logo\":{\"@type\":\"ImageObject\",\"inLanguage\":\"es\",\"@id\":\"https:\/\/mivoot.com\/gt\/#\/schema\/logo\/image\/\",\"url\":\"https:\/\/mivoot.com\/gt\/wp-content\/uploads\/2023\/03\/cropped-icon.png\",\"contentUrl\":\"https:\/\/mivoot.com\/gt\/wp-content\/uploads\/2023\/03\/cropped-icon.png\",\"width\":512,\"height\":512,\"caption\":\"Mivoot Guatemala\"},\"image\":{\"@id\":\"https:\/\/mivoot.com\/gt\/#\/schema\/logo\/image\/\"},\"sameAs\":[\"https:\/\/www.facebook.com\/mivootgt\",\"https:\/\/instagram.com\/mivoot\"]}]}<\/script>\n<!-- \/ Yoast SEO Premium plugin. -->","yoast_head_json":{"title":"Aud\u00edfonos Bluetooth Style Color Azul Klip Xtreme - Mivoot","robots":{"index":"index","follow":"follow","max-snippet":"max-snippet:-1","max-image-preview":"max-image-preview:large","max-video-preview":"max-video-preview:-1"},"canonical":"https:\/\/mivoot.com\/gt\/producto\/audifonos-bluetooth-style-color-azul-klip-xtreme\/","og_locale":"es_ES","og_type":"article","og_title":"Aud\u00edfonos Bluetooth Style Color Azul Klip Xtreme","og_description":"- Factor de forma: Supraaural - Unidad del parlante: \u03a640mm - M\u00e1xima potencia de salida: 20mW cada microparlante - Frecuencia: 100Hz-20.000Hz - Relaci\u00f3n de se\u00f1al a ruido: 80dB - Impedancia: 32\u03a9 \u00b1 15% - Sensibilidad: 100dB +\/- 3dB (NPS a 1kHz) - Factor de forma: Integrado en la c\u00e1psula izquierda - Directividad: Omnidireccional - Frecuencia: 100Hz-18.000Hz - Impedancia: 680\u03a9 - Sensibilidad: -42dB \u00b13dB a 1kHz - Tipo de conexi\u00f3n: Bluetooth\u00ae V5.0 - CSR5.0 y conector de audio de 3,5mm. Compatible con versiones anteriores - Frecuencia RF inal\u00e1mbrica: 2,402GHz\u20142,480GHz - Alcance inal\u00e1mbrico: Hasta 20 metros 1 - Perfiles Bluetooth\u00ae: Admite la selecci\u00f3n V5.0; A2DP V1.2 - AVRCP V1.4 - HFP V1.6 - HSP V1.2 - DI V1.3 - Entrada para carga: Cable USB Tipo- C a USB A: 5VCC\/1A m\u00e1x.","og_url":"https:\/\/mivoot.com\/gt\/producto\/audifonos-bluetooth-style-color-azul-klip-xtreme\/","og_site_name":"Mivoot","article_publisher":"https:\/\/www.facebook.com\/mivootgt","article_modified_time":"2024-09-19T20:27:35+00:00","og_image":[{"width":800,"height":800,"url":"https:\/\/mivoot.com\/gt\/wp-content\/uploads\/2024\/09\/56509.jpg","type":"image\/jpeg"}],"twitter_card":"summary_large_image","twitter_misc":{"Est. reading time":"3 minutos"},"schema":{"@context":"https:\/\/schema.org","@graph":[{"@type":"WebPage","@id":"https:\/\/mivoot.com\/gt\/producto\/audifonos-bluetooth-style-color-azul-klip-xtreme\/","url":"https:\/\/mivoot.com\/gt\/producto\/audifonos-bluetooth-style-color-azul-klip-xtreme\/","name":"Aud\u00edfonos Bluetooth Style Color Azul Klip Xtreme - Mivoot","isPartOf":{"@id":"https:\/\/mivoot.com\/gt\/#website"},"primaryImageOfPage":{"@id":"https:\/\/mivoot.com\/gt\/producto\/audifonos-bluetooth-style-color-azul-klip-xtreme\/#primaryimage"},"image":{"@id":"https:\/\/mivoot.com\/gt\/producto\/audifonos-bluetooth-style-color-azul-klip-xtreme\/#primaryimage"},"thumbnailUrl":"https:\/\/mivoot.com\/gt\/wp-content\/uploads\/2024\/09\/56509.jpg","datePublished":"2024-09-19T19:39:29+00:00","dateModified":"2024-09-19T20:27:35+00:00","breadcrumb":{"@id":"https:\/\/mivoot.com\/gt\/producto\/audifonos-bluetooth-style-color-azul-klip-xtreme\/#breadcrumb"},"inLanguage":"es","potentialAction":[{"@type":"ReadAction","target":["https:\/\/mivoot.com\/gt\/producto\/audifonos-bluetooth-style-color-azul-klip-xtreme\/"]}]},{"@type":"ImageObject","inLanguage":"es","@id":"https:\/\/mivoot.com\/gt\/producto\/audifonos-bluetooth-style-color-azul-klip-xtreme\/#primaryimage","url":"https:\/\/mivoot.com\/gt\/wp-content\/uploads\/2024\/09\/56509.jpg","contentUrl":"https:\/\/mivoot.com\/gt\/wp-content\/uploads\/2024\/09\/56509.jpg","width":800,"height":800},{"@type":"BreadcrumbList","@id":"https:\/\/mivoot.com\/gt\/producto\/audifonos-bluetooth-style-color-azul-klip-xtreme\/#breadcrumb","itemListElement":[{"@type":"ListItem","position":1,"name":"Inicio","item":"https:\/\/mivoot.com\/gt\/"},{"@type":"ListItem","position":2,"name":"Productos","item":"https:\/\/mivoot.com\/gt\/producto\/"},{"@type":"ListItem","position":3,"name":"Klip Xtreme","item":"https:\/\/mivoot.com\/gt\/marca\/klip-xtreme\/"},{"@type":"ListItem","position":4,"name":"Aud\u00edfonos Bluetooth Style Color Azul Klip Xtreme"}]},{"@type":"WebSite","@id":"https:\/\/mivoot.com\/gt\/#website","url":"https:\/\/mivoot.com\/gt\/","name":"Mivoot","description":"Mivoot Guatemala | Tienda Online","publisher":{"@id":"https:\/\/mivoot.com\/gt\/#organization"},"alternateName":"mivoot","potentialAction":[{"@type":"SearchAction","target":{"@type":"EntryPoint","urlTemplate":"https:\/\/mivoot.com\/gt\/?s={search_term_string}"},"query-input":{"@type":"PropertyValueSpecification","valueRequired":true,"valueName":"search_term_string"}}],"inLanguage":"es"},{"@type":"Organization","@id":"https:\/\/mivoot.com\/gt\/#organization","name":"Mivoot Guatemala","alternateName":"mivoot.com","url":"https:\/\/mivoot.com\/gt\/","logo":{"@type":"ImageObject","inLanguage":"es","@id":"https:\/\/mivoot.com\/gt\/#\/schema\/logo\/image\/","url":"https:\/\/mivoot.com\/gt\/wp-content\/uploads\/2023\/03\/cropped-icon.png","contentUrl":"https:\/\/mivoot.com\/gt\/wp-content\/uploads\/2023\/03\/cropped-icon.png","width":512,"height":512,"caption":"Mivoot Guatemala"},"image":{"@id":"https:\/\/mivoot.com\/gt\/#\/schema\/logo\/image\/"},"sameAs":["https:\/\/www.facebook.com\/mivootgt","https:\/\/instagram.com\/mivoot"]}]}},"jetpack_publicize_connections":[],"jetpack_sharing_enabled":true,"brands":[{"id":79,"name":"Klip Xtreme","slug":"klip-xtreme"}],"_links":{"self":[{"href":"https:\/\/mivoot.com\/gt\/wp-json\/wp\/v2\/product\/22665","targetHints":{"allow":["GET"]}}],"collection":[{"href":"https:\/\/mivoot.com\/gt\/wp-json\/wp\/v2\/product"}],"about":[{"href":"https:\/\/mivoot.com\/gt\/wp-json\/wp\/v2\/types\/product"}],"replies":[{"embeddable":true,"href":"https:\/\/mivoot.com\/gt\/wp-json\/wp\/v2\/comments?post=22665"}],"version-history":[{"count":1,"href":"https:\/\/mivoot.com\/gt\/wp-json\/wp\/v2\/product\/22665\/revisions"}],"predecessor-version":[{"id":22673,"href":"https:\/\/mivoot.com\/gt\/wp-json\/wp\/v2\/product\/22665\/revisions\/22673"}],"wp:featuredmedia":[{"embeddable":true,"href":"https:\/\/mivoot.com\/gt\/wp-json\/wp\/v2\/media\/22668"}],"wp:attachment":[{"href":"https:\/\/mivoot.com\/gt\/wp-json\/wp\/v2\/media?parent=22665"}],"wp:term":[{"taxonomy":"pwb-brand","embeddable":true,"href":"https:\/\/mivoot.com\/gt\/wp-json\/wp\/v2\/pwb-brand?post=22665"},{"taxonomy":"product_brand","embeddable":true,"href":"https:\/\/mivoot.com\/gt\/wp-json\/wp\/v2\/product_brand?post=22665"},{"taxonomy":"product_cat","embeddable":true,"href":"https:\/\/mivoot.com\/gt\/wp-json\/wp\/v2\/product_cat?post=22665"},{"taxonomy":"product_tag","embeddable":true,"href":"https:\/\/mivoot.com\/gt\/wp-json\/wp\/v2\/product_tag?post=22665"}],"curies":[{"name":"wp","href":"https:\/\/api.w.org\/{rel}","templated":true}]}}