{"id":22714,"date":"2024-09-23T14:27:20","date_gmt":"2024-09-23T20:27:20","guid":{"rendered":"https:\/\/mivoot.com\/gt\/?post_type=product&#038;p=22714"},"modified":"2024-09-23T14:34:42","modified_gmt":"2024-09-23T20:34:42","slug":"audifonos-headset-anc-premium-bluetooth-color-gris-klip-xtreme","status":"publish","type":"product","link":"https:\/\/mivoot.com\/gt\/producto\/audifonos-headset-anc-premium-bluetooth-color-gris-klip-xtreme\/","title":{"rendered":"Aud\u00edfonos Headset ANC Premium Bluetooth Color Gris Klip Xtreme"},"content":{"rendered":"<h1 style=\"text-align: center\"><strong><span style=\"font-size: 150%\">Eleva tus sentidos<\/span><\/strong><\/h1>\n<div id=\"text-section-top\">\n<h4 style=\"text-align: center\">Klip Xtreme presenta lo m\u00e1s ambicioso en su extenso cat\u00e1logo de tecnolog\u00eda de audio.<\/h4>\n<h4 style=\"text-align: center\">Hi-Fi re\u00fane las funciones m\u00e1s avanzadas en aud\u00edfonos de alta gama.<\/h4>\n<\/div>\n<p>&nbsp;<\/p>\n<p><img fetchpriority=\"high\" decoding=\"async\" class=\" wp-image-22702 aligncenter\" src=\"https:\/\/mivoot.com\/gt\/wp-content\/uploads\/2024\/09\/descarga-1-291x300.jpeg\" alt=\"\" width=\"668\" height=\"689\" srcset=\"https:\/\/mivoot.com\/gt\/wp-content\/uploads\/2024\/09\/descarga-1-291x300.jpeg 291w, https:\/\/mivoot.com\/gt\/wp-content\/uploads\/2024\/09\/descarga-1-410x423.jpeg 410w, https:\/\/mivoot.com\/gt\/wp-content\/uploads\/2024\/09\/descarga-1-64x66.jpeg 64w, https:\/\/mivoot.com\/gt\/wp-content\/uploads\/2024\/09\/descarga-1-768x793.jpeg 768w, https:\/\/mivoot.com\/gt\/wp-content\/uploads\/2024\/09\/descarga-1-581x600.jpeg 581w, https:\/\/mivoot.com\/gt\/wp-content\/uploads\/2024\/09\/descarga-1.jpeg 813w\" sizes=\"(max-width: 668px) 100vw, 668px\" \/><\/p>\n<p>&nbsp;<\/p>\n<p>&nbsp;<\/p>\n<p style=\"text-align: center\"><div class=\"row\"  id=\"row-773488426\">\n<p style=\"text-align: center\">\n\t<div id=\"col-291898473\" class=\"col medium-1\/3 large-4\"  >\n\t\t<div class=\"col-inner\"  >\n\t\t\t\n\t\t\t\n<p style=\"text-align: center\"><img decoding=\"async\" class=\"alignnone wp-image-22709\" src=\"https:\/\/mivoot.com\/gt\/wp-content\/uploads\/2024\/09\/KNH-750_banner-lifestyle-3-DK-208x300.jpg\" alt=\"\" width=\"306\" height=\"441\" srcset=\"https:\/\/mivoot.com\/gt\/wp-content\/uploads\/2024\/09\/KNH-750_banner-lifestyle-3-DK-208x300.jpg 208w, https:\/\/mivoot.com\/gt\/wp-content\/uploads\/2024\/09\/KNH-750_banner-lifestyle-3-DK-410x590.jpg 410w, https:\/\/mivoot.com\/gt\/wp-content\/uploads\/2024\/09\/KNH-750_banner-lifestyle-3-DK-64x92.jpg 64w, https:\/\/mivoot.com\/gt\/wp-content\/uploads\/2024\/09\/KNH-750_banner-lifestyle-3-DK-417x600.jpg 417w, https:\/\/mivoot.com\/gt\/wp-content\/uploads\/2024\/09\/KNH-750_banner-lifestyle-3-DK.jpg 710w\" sizes=\"(max-width: 306px) 100vw, 306px\" \/><\/p>\n<p style=\"text-align: center\">\t\t<\/div>\n\t\t\t<\/div>\n\n\t\n\n\t<div id=\"col-404202704\" class=\"col medium-1\/3 large-4\"  >\n\t\t<div class=\"col-inner\"  >\n\t\t\t\n\t\t\t\n<h4 class=\"text-dark features odm\" style=\"text-align: center\"><b>Descubre un nuevo nivel de tranquilidad<\/b><\/h4>\n<div style=\"text-align: center\">Con la tecnolog\u00eda Hybrid Active Noise Cancelling, olv\u00eddate del ruido a tu alrededor y conc\u00e9ntrate en tu mundo. A diferencia del Active Noise Cancelling tradicional, el Hybrid ANC bloquea de forma m\u00e1s eficiente el ruido, gracias a los 4 micr\u00f3fonos integrados que le permiten captar y filtrar los sonidos dentro y fuera de cada auricular de manera simult\u00e1nea, sumergi\u00e9ndote en un oasis de sonido puro.<\/div>\n<p style=\"text-align: center\">\t\t<\/div>\n\t\t\t<\/div>\n\n\t\n\n\t<div id=\"col-2018748861\" class=\"col medium-1\/3 large-4\"  >\n\t\t<div class=\"col-inner\"  >\n\t\t\t\n\t\t\t\n<img decoding=\"async\" class=\"alignnone wp-image-22703\" src=\"https:\/\/mivoot.com\/gt\/wp-content\/uploads\/2024\/09\/KNH-750_banner-lifestyle-3b-DK-235x300.jpg\" alt=\"\" width=\"318\" height=\"406\" srcset=\"https:\/\/mivoot.com\/gt\/wp-content\/uploads\/2024\/09\/KNH-750_banner-lifestyle-3b-DK-235x300.jpg 235w, https:\/\/mivoot.com\/gt\/wp-content\/uploads\/2024\/09\/KNH-750_banner-lifestyle-3b-DK-410x524.jpg 410w, https:\/\/mivoot.com\/gt\/wp-content\/uploads\/2024\/09\/KNH-750_banner-lifestyle-3b-DK-64x82.jpg 64w, https:\/\/mivoot.com\/gt\/wp-content\/uploads\/2024\/09\/KNH-750_banner-lifestyle-3b-DK-469x600.jpg 469w, https:\/\/mivoot.com\/gt\/wp-content\/uploads\/2024\/09\/KNH-750_banner-lifestyle-3b-DK.jpg 510w\" sizes=\"(max-width: 318px) 100vw, 318px\" \/><\/p>\n<p style=\"text-align: center\">\t\t<\/div>\n\t\t\t<\/div>\n\n\t\n<p style=\"text-align: center\"><\/div>\n<p>&nbsp;<\/p>\n<p>&nbsp;<\/p>\n<p><img loading=\"lazy\" decoding=\"async\" class=\"wp-image-22704 alignright\" src=\"https:\/\/mivoot.com\/gt\/wp-content\/uploads\/2024\/09\/KNH-750_banner-lifestyle-4-rs-213x300.jpg\" alt=\"\" width=\"395\" height=\"556\" srcset=\"https:\/\/mivoot.com\/gt\/wp-content\/uploads\/2024\/09\/KNH-750_banner-lifestyle-4-rs-213x300.jpg 213w, https:\/\/mivoot.com\/gt\/wp-content\/uploads\/2024\/09\/KNH-750_banner-lifestyle-4-rs-64x90.jpg 64w\" sizes=\"(max-width: 395px) 100vw, 395px\" \/><\/p>\n<h2><\/h2>\n<h2><\/h2>\n<h2><\/h2>\n<h2 class=\"product-banner-title\" style=\"text-align: center\"><strong>Cambia al modo transparencia<\/strong><\/h2>\n<h3 class=\"product-banner-subtitle text-light-dark\" style=\"text-align: center\">Para mantenerte en contacto con el sonido de tu entorno, tan solo acerca tu mano al auricular del lado izquierdo.<\/h3>\n<div style=\"text-align: center\"><b>Cancelaci\u00f3n de ruido multimodo<\/b><\/div>\n<div style=\"text-align: center\">Cambia entre los niveles bajo y alto de cancelaci\u00f3n de ruido con el bot\u00f3n ANC o desde la app.<\/div>\n<p>&nbsp;<\/p>\n<p>&nbsp;<\/p>\n<p>&nbsp;<\/p>\n<p>&nbsp;<\/p>\n<p>&nbsp;<\/p>\n<p>&nbsp;<\/p>\n<p>&nbsp;<\/p>\n<p style=\"text-align: center\"><div class=\"row\"  id=\"row-1038723040\">\n<p style=\"text-align: center\">\n\t<div id=\"col-2126453822\" class=\"col medium-1\/3 large-4\"  >\n\t\t<div class=\"col-inner\"  >\n\t\t\t\n\t\t\t\n<img loading=\"lazy\" decoding=\"async\" class=\"alignnone wp-image-22710\" src=\"https:\/\/mivoot.com\/gt\/wp-content\/uploads\/2024\/09\/KNH-750_banner-lifestyle-5-DK-235x300.jpg\" alt=\"\" width=\"299\" height=\"382\" srcset=\"https:\/\/mivoot.com\/gt\/wp-content\/uploads\/2024\/09\/KNH-750_banner-lifestyle-5-DK-235x300.jpg 235w, https:\/\/mivoot.com\/gt\/wp-content\/uploads\/2024\/09\/KNH-750_banner-lifestyle-5-DK-410x524.jpg 410w, https:\/\/mivoot.com\/gt\/wp-content\/uploads\/2024\/09\/KNH-750_banner-lifestyle-5-DK-64x82.jpg 64w, https:\/\/mivoot.com\/gt\/wp-content\/uploads\/2024\/09\/KNH-750_banner-lifestyle-5-DK-469x600.jpg 469w, https:\/\/mivoot.com\/gt\/wp-content\/uploads\/2024\/09\/KNH-750_banner-lifestyle-5-DK.jpg 510w\" sizes=\"(max-width: 299px) 100vw, 299px\" \/><\/p>\n<p style=\"text-align: center\">\t\t<\/div>\n\t\t\t<\/div>\n\n\t\n\n\t<div id=\"col-591426792\" class=\"col medium-1\/3 large-4\"  >\n\t\t<div class=\"col-inner\"  >\n\t\t\t\n\t\t\t\n<h4 class=\"text-dark features odm\" style=\"text-align: center\">Compatible con Google Assistant y Siri. Activa el acceso por voz a tu m\u00fasica, informaci\u00f3n y mucho m\u00e1s con solo pulsar dos veces el bot\u00f3n multifunci\u00f3n.<\/h4>\n<p style=\"text-align: center\">\t\t<\/div>\n\t\t\t<\/div>\n\n\t\n\n\t<div id=\"col-409638672\" class=\"col medium-1\/3 large-4\"  >\n\t\t<div class=\"col-inner\"  >\n\t\t\t\n\t\t\t\n<img loading=\"lazy\" decoding=\"async\" class=\"alignnone wp-image-22711\" src=\"https:\/\/mivoot.com\/gt\/wp-content\/uploads\/2024\/09\/KNH-750_banner-lifestyle-5b-DK-208x300.jpg\" alt=\"\" width=\"300\" height=\"433\" srcset=\"https:\/\/mivoot.com\/gt\/wp-content\/uploads\/2024\/09\/KNH-750_banner-lifestyle-5b-DK-208x300.jpg 208w, https:\/\/mivoot.com\/gt\/wp-content\/uploads\/2024\/09\/KNH-750_banner-lifestyle-5b-DK-410x590.jpg 410w, https:\/\/mivoot.com\/gt\/wp-content\/uploads\/2024\/09\/KNH-750_banner-lifestyle-5b-DK-64x92.jpg 64w, https:\/\/mivoot.com\/gt\/wp-content\/uploads\/2024\/09\/KNH-750_banner-lifestyle-5b-DK-417x600.jpg 417w, https:\/\/mivoot.com\/gt\/wp-content\/uploads\/2024\/09\/KNH-750_banner-lifestyle-5b-DK.jpg 710w\" sizes=\"(max-width: 300px) 100vw, 300px\" \/><\/p>\n<p style=\"text-align: center\">\t\t<\/div>\n\t\t\t<\/div>\n\n\t\n<p style=\"text-align: center\"><\/div>\n<p>&nbsp;<\/p>\n<div class=\"col-12\">\n<div class=\"col-12 col-md-8\">\n<h1 class=\"text-dark features h3 bannerText\" style=\"text-align: center\"><span style=\"font-size: 115%\"><strong>El tiempo a tu favor<\/strong><\/span><\/h1>\n<\/div>\n<div class=\"col-12 col-md-8\" style=\"text-align: center\">\n<h2 class=\"text-dark features h2 bannerText\"><span style=\"font-size: 500%\"><strong>44<\/strong><\/span><\/h2>\n<\/div>\n<div class=\"col-12\">\n<h4 class=\"text-dark features bannerText\" style=\"text-align: center\">horas con\u00a0<span class=\"orange\">ANC activa<\/span><br \/>\ny\u00a0<span class=\"orange\">63<\/span>\u00a0horas con esta funci\u00f3n desactivada<\/h4>\n<p>&nbsp;<\/p>\n<\/div>\n<\/div>\n<p>&nbsp;<\/p>\n<p><img loading=\"lazy\" decoding=\"async\" class=\"wp-image-22705 alignleft\" src=\"https:\/\/mivoot.com\/gt\/wp-content\/uploads\/2024\/09\/KNH-750_banner-lifestyle-7-DK-2-e1727120004192-300x250.png\" alt=\"\" width=\"430\" height=\"358\" srcset=\"https:\/\/mivoot.com\/gt\/wp-content\/uploads\/2024\/09\/KNH-750_banner-lifestyle-7-DK-2-e1727120004192-300x250.png 300w, https:\/\/mivoot.com\/gt\/wp-content\/uploads\/2024\/09\/KNH-750_banner-lifestyle-7-DK-2-e1727120004192-410x341.png 410w, https:\/\/mivoot.com\/gt\/wp-content\/uploads\/2024\/09\/KNH-750_banner-lifestyle-7-DK-2-e1727120004192-64x53.png 64w, https:\/\/mivoot.com\/gt\/wp-content\/uploads\/2024\/09\/KNH-750_banner-lifestyle-7-DK-2-e1727120004192-768x639.png 768w, https:\/\/mivoot.com\/gt\/wp-content\/uploads\/2024\/09\/KNH-750_banner-lifestyle-7-DK-2-e1727120004192-600x500.png 600w, https:\/\/mivoot.com\/gt\/wp-content\/uploads\/2024\/09\/KNH-750_banner-lifestyle-7-DK-2-e1727120004192.png 1225w\" sizes=\"(max-width: 430px) 100vw, 430px\" \/><\/p>\n<h2><\/h2>\n<h2 style=\"text-align: center\"><\/h2>\n<h2 class=\"product-banner-title\" style=\"text-align: center\"><strong>Alta Fidelidad<\/strong><\/h2>\n<h3 class=\"product-banner-subtitle text-light-dark\" style=\"text-align: center\">Sus microparlantes de neodimio est\u00e1n dise\u00f1ados para crear una ac\u00fastica envolvente y amplificar el sonido a tu gusto.<\/h3>\n<p>&nbsp;<\/p>\n<p>&nbsp;<\/p>\n<p>&nbsp;<\/p>\n<p>&nbsp;<\/p>\n<p>&nbsp;<\/p>\n<p>&nbsp;<\/p>\n<h1 class=\"product-banner-title\" style=\"text-align: center\"><strong>Dos a la vez<\/strong><\/h1>\n<h3 class=\"product-banner-subtitle text-light-dark\" style=\"text-align: center\">La tecnolog\u00eda inal\u00e1mbrica compatible con Bluetooth<sup>\u00ae<\/sup>\u00a0del\u00a0<b>Hi-Fi<\/b>\u00a0te permite conectar hasta dos fuentes de audio y alternarlas f\u00e1cilmente sin repetir el proceso de vinculaci\u00f3n.<\/h3>\n<p>&nbsp;<\/p>\n<p><img loading=\"lazy\" decoding=\"async\" class=\"wp-image-22708 aligncenter\" src=\"https:\/\/mivoot.com\/gt\/wp-content\/uploads\/2024\/09\/KNH-750_banner-lifestyle-9-DK-300x169.jpg\" alt=\"\" width=\"902\" height=\"508\" srcset=\"https:\/\/mivoot.com\/gt\/wp-content\/uploads\/2024\/09\/KNH-750_banner-lifestyle-9-DK-300x169.jpg 300w, https:\/\/mivoot.com\/gt\/wp-content\/uploads\/2024\/09\/KNH-750_banner-lifestyle-9-DK-410x231.jpg 410w, https:\/\/mivoot.com\/gt\/wp-content\/uploads\/2024\/09\/KNH-750_banner-lifestyle-9-DK-64x36.jpg 64w, https:\/\/mivoot.com\/gt\/wp-content\/uploads\/2024\/09\/KNH-750_banner-lifestyle-9-DK-768x432.jpg 768w, https:\/\/mivoot.com\/gt\/wp-content\/uploads\/2024\/09\/KNH-750_banner-lifestyle-9-DK-1536x864.jpg 1536w, https:\/\/mivoot.com\/gt\/wp-content\/uploads\/2024\/09\/KNH-750_banner-lifestyle-9-DK-600x338.jpg 600w, https:\/\/mivoot.com\/gt\/wp-content\/uploads\/2024\/09\/KNH-750_banner-lifestyle-9-DK.jpg 1920w\" sizes=\"(max-width: 902px) 100vw, 902px\" \/><\/p>\n<p>&nbsp;<\/p>\n<h1 class=\"product-banner-title\" style=\"text-align: right\"><strong>Aplicaci\u00f3n a la mano<\/strong><\/h1>\n<h3 class=\"product-banner-subtitle text-light-dark\" style=\"text-align: right\">Mejora tu experiencia sonora usando la aplicaci\u00f3n KlipXtreme, que te permite acceder a m\u00e1s funciones muy f\u00e1ciles de manejar.<\/h3>\n<h1 class=\"product-banner-title\"><strong>Protege el sonido<\/strong><\/h1>\n<h3 class=\"product-banner-subtitle text-dark\">Ligeros y plegables, los aud\u00edfonos\u00a0<b>Hi-Fi<\/b>\u00a0vienen con un estuche r\u00edgido para que los guardes en un lugar seguro mientras no los est\u00e9s usando.<\/h3>\n<p><img loading=\"lazy\" decoding=\"async\" class=\"wp-image-22706 aligncenter\" src=\"https:\/\/mivoot.com\/gt\/wp-content\/uploads\/2024\/09\/KNH-750_banner-lifestyle-11-rs-213x300.jpg\" alt=\"\" width=\"364\" height=\"513\" srcset=\"https:\/\/mivoot.com\/gt\/wp-content\/uploads\/2024\/09\/KNH-750_banner-lifestyle-11-rs-213x300.jpg 213w, https:\/\/mivoot.com\/gt\/wp-content\/uploads\/2024\/09\/KNH-750_banner-lifestyle-11-rs-410x578.jpg 410w, https:\/\/mivoot.com\/gt\/wp-content\/uploads\/2024\/09\/KNH-750_banner-lifestyle-11-rs-64x90.jpg 64w, https:\/\/mivoot.com\/gt\/wp-content\/uploads\/2024\/09\/KNH-750_banner-lifestyle-11-rs-426x600.jpg 426w, https:\/\/mivoot.com\/gt\/wp-content\/uploads\/2024\/09\/KNH-750_banner-lifestyle-11-rs.jpg 576w\" sizes=\"(max-width: 364px) 100vw, 364px\" \/><\/p>\n","protected":false},"excerpt":{"rendered":"<p>Hasta 63 horas de reproducci\u00f3n con el volumen a 50%<br \/>\nHasta 40 horas de reproducci\u00f3n con el volumen a 100%<br \/>\nAlcance inal\u00e1mbrico hasta 10m<br \/>\n&#8211; Micr\u00f3fono integrado<br \/>\n&#8211; Directividad: Omnidireccional<br \/>\n&#8211; Impedancia: 2000\u03a9<br \/>\n&#8211; Frecuencia: 20Hz-20kHz<br \/>\n&#8211; Compatibilidad con Siri o el asistente de Google<br \/>\n&#8211; M\u00e1xima potencia de salida 30mW<br \/>\n&#8211; Tiempo de carga 4 horas<br \/>\n&#8211; Bluetooth\u00ae V5.1<br \/>\n&#8211; Entrada auxiliar de 3,5mm<br \/>\n&#8211; Puerto USB-C para recargar la bater\u00eda<br \/>\n&#8211; Bater\u00eda de litio 800mAh<br \/>\n&#8211; Largo del cable 1.5m<\/p>\n","protected":false},"featured_media":22715,"comment_status":"open","ping_status":"closed","template":"","meta":{"jetpack_publicize_message":"","jetpack_publicize_feature_enabled":true,"jetpack_social_post_already_shared":true,"jetpack_social_options":{"image_generator_settings":{"template":"highway","default_image_id":0,"font":"","enabled":false},"version":2}},"pwb-brand":[79],"product_brand":[],"product_cat":[23],"product_tag":[],"class_list":{"0":"post-22714","1":"product","2":"type-product","3":"status-publish","4":"has-post-thumbnail","6":"pwb-brand-klip-xtreme","7":"product_cat-audifonos-bluetooth","9":"first","10":"instock","11":"sale","12":"taxable","13":"shipping-taxable","14":"purchasable","15":"product-type-simple"},"yoast_head":"<!-- This site is optimized with the Yoast SEO Premium plugin v25.7.1 (Yoast SEO v26.8) - https:\/\/yoast.com\/product\/yoast-seo-premium-wordpress\/ -->\n<title>Aud\u00edfonos Headset ANC Premium Bluetooth Color Gris Klip Xtreme - Mivoot<\/title>\n<meta name=\"robots\" content=\"index, follow, max-snippet:-1, max-image-preview:large, max-video-preview:-1\" \/>\n<link rel=\"canonical\" href=\"https:\/\/mivoot.com\/gt\/producto\/audifonos-headset-anc-premium-bluetooth-color-gris-klip-xtreme\/\" \/>\n<meta property=\"og:locale\" content=\"es_ES\" \/>\n<meta property=\"og:type\" content=\"article\" \/>\n<meta property=\"og:title\" content=\"Aud\u00edfonos Headset ANC Premium Bluetooth Color Gris Klip Xtreme\" \/>\n<meta property=\"og:description\" content=\"Hasta 63 horas de reproducci\u00f3n con el volumen a 50% Hasta 40 horas de reproducci\u00f3n con el volumen a 100% Alcance inal\u00e1mbrico hasta 10m - Micr\u00f3fono integrado - Directividad: Omnidireccional - Impedancia: 2000\u03a9 - Frecuencia: 20Hz-20kHz - Compatibilidad con Siri o el asistente de Google - M\u00e1xima potencia de salida 30mW - Tiempo de carga 4 horas - Bluetooth\u00ae V5.1 - Entrada auxiliar de 3,5mm - Puerto USB-C para recargar la bater\u00eda - Bater\u00eda de litio 800mAh - Largo del cable 1.5m\" \/>\n<meta property=\"og:url\" content=\"https:\/\/mivoot.com\/gt\/producto\/audifonos-headset-anc-premium-bluetooth-color-gris-klip-xtreme\/\" \/>\n<meta property=\"og:site_name\" content=\"Mivoot\" \/>\n<meta property=\"article:publisher\" content=\"https:\/\/www.facebook.com\/mivootgt\" \/>\n<meta property=\"article:modified_time\" content=\"2024-09-23T20:34:42+00:00\" \/>\n<meta property=\"og:image\" content=\"https:\/\/mivoot.com\/gt\/wp-content\/uploads\/2024\/09\/YmViMDBkOT_5-1000x1000-1.png\" \/>\n\t<meta property=\"og:image:width\" content=\"800\" \/>\n\t<meta property=\"og:image:height\" content=\"800\" \/>\n\t<meta property=\"og:image:type\" content=\"image\/png\" \/>\n<meta name=\"twitter:card\" content=\"summary_large_image\" \/>\n<meta name=\"twitter:label1\" content=\"Est. reading time\" \/>\n\t<meta name=\"twitter:data1\" content=\"4 minutos\" \/>\n<script type=\"application\/ld+json\" class=\"yoast-schema-graph\">{\"@context\":\"https:\/\/schema.org\",\"@graph\":[{\"@type\":\"WebPage\",\"@id\":\"https:\/\/mivoot.com\/gt\/producto\/audifonos-headset-anc-premium-bluetooth-color-gris-klip-xtreme\/\",\"url\":\"https:\/\/mivoot.com\/gt\/producto\/audifonos-headset-anc-premium-bluetooth-color-gris-klip-xtreme\/\",\"name\":\"Aud\u00edfonos Headset ANC Premium Bluetooth Color Gris Klip Xtreme - Mivoot\",\"isPartOf\":{\"@id\":\"https:\/\/mivoot.com\/gt\/#website\"},\"primaryImageOfPage\":{\"@id\":\"https:\/\/mivoot.com\/gt\/producto\/audifonos-headset-anc-premium-bluetooth-color-gris-klip-xtreme\/#primaryimage\"},\"image\":{\"@id\":\"https:\/\/mivoot.com\/gt\/producto\/audifonos-headset-anc-premium-bluetooth-color-gris-klip-xtreme\/#primaryimage\"},\"thumbnailUrl\":\"https:\/\/mivoot.com\/gt\/wp-content\/uploads\/2024\/09\/YmViMDBkOT_5-1000x1000-1.png\",\"datePublished\":\"2024-09-23T20:27:20+00:00\",\"dateModified\":\"2024-09-23T20:34:42+00:00\",\"breadcrumb\":{\"@id\":\"https:\/\/mivoot.com\/gt\/producto\/audifonos-headset-anc-premium-bluetooth-color-gris-klip-xtreme\/#breadcrumb\"},\"inLanguage\":\"es\",\"potentialAction\":[{\"@type\":\"ReadAction\",\"target\":[\"https:\/\/mivoot.com\/gt\/producto\/audifonos-headset-anc-premium-bluetooth-color-gris-klip-xtreme\/\"]}]},{\"@type\":\"ImageObject\",\"inLanguage\":\"es\",\"@id\":\"https:\/\/mivoot.com\/gt\/producto\/audifonos-headset-anc-premium-bluetooth-color-gris-klip-xtreme\/#primaryimage\",\"url\":\"https:\/\/mivoot.com\/gt\/wp-content\/uploads\/2024\/09\/YmViMDBkOT_5-1000x1000-1.png\",\"contentUrl\":\"https:\/\/mivoot.com\/gt\/wp-content\/uploads\/2024\/09\/YmViMDBkOT_5-1000x1000-1.png\",\"width\":800,\"height\":800},{\"@type\":\"BreadcrumbList\",\"@id\":\"https:\/\/mivoot.com\/gt\/producto\/audifonos-headset-anc-premium-bluetooth-color-gris-klip-xtreme\/#breadcrumb\",\"itemListElement\":[{\"@type\":\"ListItem\",\"position\":1,\"name\":\"Inicio\",\"item\":\"https:\/\/mivoot.com\/gt\/\"},{\"@type\":\"ListItem\",\"position\":2,\"name\":\"Productos\",\"item\":\"https:\/\/mivoot.com\/gt\/producto\/\"},{\"@type\":\"ListItem\",\"position\":3,\"name\":\"Klip Xtreme\",\"item\":\"https:\/\/mivoot.com\/gt\/marca\/klip-xtreme\/\"},{\"@type\":\"ListItem\",\"position\":4,\"name\":\"Aud\u00edfonos Headset ANC Premium Bluetooth Color Gris Klip Xtreme\"}]},{\"@type\":\"WebSite\",\"@id\":\"https:\/\/mivoot.com\/gt\/#website\",\"url\":\"https:\/\/mivoot.com\/gt\/\",\"name\":\"Mivoot\",\"description\":\"Mivoot Guatemala | Tienda Online\",\"publisher\":{\"@id\":\"https:\/\/mivoot.com\/gt\/#organization\"},\"alternateName\":\"mivoot\",\"potentialAction\":[{\"@type\":\"SearchAction\",\"target\":{\"@type\":\"EntryPoint\",\"urlTemplate\":\"https:\/\/mivoot.com\/gt\/?s={search_term_string}\"},\"query-input\":{\"@type\":\"PropertyValueSpecification\",\"valueRequired\":true,\"valueName\":\"search_term_string\"}}],\"inLanguage\":\"es\"},{\"@type\":\"Organization\",\"@id\":\"https:\/\/mivoot.com\/gt\/#organization\",\"name\":\"Mivoot Guatemala\",\"alternateName\":\"mivoot.com\",\"url\":\"https:\/\/mivoot.com\/gt\/\",\"logo\":{\"@type\":\"ImageObject\",\"inLanguage\":\"es\",\"@id\":\"https:\/\/mivoot.com\/gt\/#\/schema\/logo\/image\/\",\"url\":\"https:\/\/mivoot.com\/gt\/wp-content\/uploads\/2023\/03\/cropped-icon.png\",\"contentUrl\":\"https:\/\/mivoot.com\/gt\/wp-content\/uploads\/2023\/03\/cropped-icon.png\",\"width\":512,\"height\":512,\"caption\":\"Mivoot Guatemala\"},\"image\":{\"@id\":\"https:\/\/mivoot.com\/gt\/#\/schema\/logo\/image\/\"},\"sameAs\":[\"https:\/\/www.facebook.com\/mivootgt\",\"https:\/\/instagram.com\/mivoot\"]}]}<\/script>\n<!-- \/ Yoast SEO Premium plugin. -->","yoast_head_json":{"title":"Aud\u00edfonos Headset ANC Premium Bluetooth Color Gris Klip Xtreme - Mivoot","robots":{"index":"index","follow":"follow","max-snippet":"max-snippet:-1","max-image-preview":"max-image-preview:large","max-video-preview":"max-video-preview:-1"},"canonical":"https:\/\/mivoot.com\/gt\/producto\/audifonos-headset-anc-premium-bluetooth-color-gris-klip-xtreme\/","og_locale":"es_ES","og_type":"article","og_title":"Aud\u00edfonos Headset ANC Premium Bluetooth Color Gris Klip Xtreme","og_description":"Hasta 63 horas de reproducci\u00f3n con el volumen a 50% Hasta 40 horas de reproducci\u00f3n con el volumen a 100% Alcance inal\u00e1mbrico hasta 10m - Micr\u00f3fono integrado - Directividad: Omnidireccional - Impedancia: 2000\u03a9 - Frecuencia: 20Hz-20kHz - Compatibilidad con Siri o el asistente de Google - M\u00e1xima potencia de salida 30mW - Tiempo de carga 4 horas - Bluetooth\u00ae V5.1 - Entrada auxiliar de 3,5mm - Puerto USB-C para recargar la bater\u00eda - Bater\u00eda de litio 800mAh - Largo del cable 1.5m","og_url":"https:\/\/mivoot.com\/gt\/producto\/audifonos-headset-anc-premium-bluetooth-color-gris-klip-xtreme\/","og_site_name":"Mivoot","article_publisher":"https:\/\/www.facebook.com\/mivootgt","article_modified_time":"2024-09-23T20:34:42+00:00","og_image":[{"width":800,"height":800,"url":"https:\/\/mivoot.com\/gt\/wp-content\/uploads\/2024\/09\/YmViMDBkOT_5-1000x1000-1.png","type":"image\/png"}],"twitter_card":"summary_large_image","twitter_misc":{"Est. reading time":"4 minutos"},"schema":{"@context":"https:\/\/schema.org","@graph":[{"@type":"WebPage","@id":"https:\/\/mivoot.com\/gt\/producto\/audifonos-headset-anc-premium-bluetooth-color-gris-klip-xtreme\/","url":"https:\/\/mivoot.com\/gt\/producto\/audifonos-headset-anc-premium-bluetooth-color-gris-klip-xtreme\/","name":"Aud\u00edfonos Headset ANC Premium Bluetooth Color Gris Klip Xtreme - Mivoot","isPartOf":{"@id":"https:\/\/mivoot.com\/gt\/#website"},"primaryImageOfPage":{"@id":"https:\/\/mivoot.com\/gt\/producto\/audifonos-headset-anc-premium-bluetooth-color-gris-klip-xtreme\/#primaryimage"},"image":{"@id":"https:\/\/mivoot.com\/gt\/producto\/audifonos-headset-anc-premium-bluetooth-color-gris-klip-xtreme\/#primaryimage"},"thumbnailUrl":"https:\/\/mivoot.com\/gt\/wp-content\/uploads\/2024\/09\/YmViMDBkOT_5-1000x1000-1.png","datePublished":"2024-09-23T20:27:20+00:00","dateModified":"2024-09-23T20:34:42+00:00","breadcrumb":{"@id":"https:\/\/mivoot.com\/gt\/producto\/audifonos-headset-anc-premium-bluetooth-color-gris-klip-xtreme\/#breadcrumb"},"inLanguage":"es","potentialAction":[{"@type":"ReadAction","target":["https:\/\/mivoot.com\/gt\/producto\/audifonos-headset-anc-premium-bluetooth-color-gris-klip-xtreme\/"]}]},{"@type":"ImageObject","inLanguage":"es","@id":"https:\/\/mivoot.com\/gt\/producto\/audifonos-headset-anc-premium-bluetooth-color-gris-klip-xtreme\/#primaryimage","url":"https:\/\/mivoot.com\/gt\/wp-content\/uploads\/2024\/09\/YmViMDBkOT_5-1000x1000-1.png","contentUrl":"https:\/\/mivoot.com\/gt\/wp-content\/uploads\/2024\/09\/YmViMDBkOT_5-1000x1000-1.png","width":800,"height":800},{"@type":"BreadcrumbList","@id":"https:\/\/mivoot.com\/gt\/producto\/audifonos-headset-anc-premium-bluetooth-color-gris-klip-xtreme\/#breadcrumb","itemListElement":[{"@type":"ListItem","position":1,"name":"Inicio","item":"https:\/\/mivoot.com\/gt\/"},{"@type":"ListItem","position":2,"name":"Productos","item":"https:\/\/mivoot.com\/gt\/producto\/"},{"@type":"ListItem","position":3,"name":"Klip Xtreme","item":"https:\/\/mivoot.com\/gt\/marca\/klip-xtreme\/"},{"@type":"ListItem","position":4,"name":"Aud\u00edfonos Headset ANC Premium Bluetooth Color Gris Klip Xtreme"}]},{"@type":"WebSite","@id":"https:\/\/mivoot.com\/gt\/#website","url":"https:\/\/mivoot.com\/gt\/","name":"Mivoot","description":"Mivoot Guatemala | Tienda Online","publisher":{"@id":"https:\/\/mivoot.com\/gt\/#organization"},"alternateName":"mivoot","potentialAction":[{"@type":"SearchAction","target":{"@type":"EntryPoint","urlTemplate":"https:\/\/mivoot.com\/gt\/?s={search_term_string}"},"query-input":{"@type":"PropertyValueSpecification","valueRequired":true,"valueName":"search_term_string"}}],"inLanguage":"es"},{"@type":"Organization","@id":"https:\/\/mivoot.com\/gt\/#organization","name":"Mivoot Guatemala","alternateName":"mivoot.com","url":"https:\/\/mivoot.com\/gt\/","logo":{"@type":"ImageObject","inLanguage":"es","@id":"https:\/\/mivoot.com\/gt\/#\/schema\/logo\/image\/","url":"https:\/\/mivoot.com\/gt\/wp-content\/uploads\/2023\/03\/cropped-icon.png","contentUrl":"https:\/\/mivoot.com\/gt\/wp-content\/uploads\/2023\/03\/cropped-icon.png","width":512,"height":512,"caption":"Mivoot Guatemala"},"image":{"@id":"https:\/\/mivoot.com\/gt\/#\/schema\/logo\/image\/"},"sameAs":["https:\/\/www.facebook.com\/mivootgt","https:\/\/instagram.com\/mivoot"]}]}},"jetpack_publicize_connections":[],"jetpack_sharing_enabled":true,"brands":[{"id":79,"name":"Klip Xtreme","slug":"klip-xtreme"}],"_links":{"self":[{"href":"https:\/\/mivoot.com\/gt\/wp-json\/wp\/v2\/product\/22714","targetHints":{"allow":["GET"]}}],"collection":[{"href":"https:\/\/mivoot.com\/gt\/wp-json\/wp\/v2\/product"}],"about":[{"href":"https:\/\/mivoot.com\/gt\/wp-json\/wp\/v2\/types\/product"}],"replies":[{"embeddable":true,"href":"https:\/\/mivoot.com\/gt\/wp-json\/wp\/v2\/comments?post=22714"}],"version-history":[{"count":1,"href":"https:\/\/mivoot.com\/gt\/wp-json\/wp\/v2\/product\/22714\/revisions"}],"predecessor-version":[{"id":22718,"href":"https:\/\/mivoot.com\/gt\/wp-json\/wp\/v2\/product\/22714\/revisions\/22718"}],"wp:featuredmedia":[{"embeddable":true,"href":"https:\/\/mivoot.com\/gt\/wp-json\/wp\/v2\/media\/22715"}],"wp:attachment":[{"href":"https:\/\/mivoot.com\/gt\/wp-json\/wp\/v2\/media?parent=22714"}],"wp:term":[{"taxonomy":"pwb-brand","embeddable":true,"href":"https:\/\/mivoot.com\/gt\/wp-json\/wp\/v2\/pwb-brand?post=22714"},{"taxonomy":"product_brand","embeddable":true,"href":"https:\/\/mivoot.com\/gt\/wp-json\/wp\/v2\/product_brand?post=22714"},{"taxonomy":"product_cat","embeddable":true,"href":"https:\/\/mivoot.com\/gt\/wp-json\/wp\/v2\/product_cat?post=22714"},{"taxonomy":"product_tag","embeddable":true,"href":"https:\/\/mivoot.com\/gt\/wp-json\/wp\/v2\/product_tag?post=22714"}],"curies":[{"name":"wp","href":"https:\/\/api.w.org\/{rel}","templated":true}]}}