{"id":22747,"date":"2024-09-24T14:30:39","date_gmt":"2024-09-24T20:30:39","guid":{"rendered":"https:\/\/mivoot.com\/gt\/?post_type=product&#038;p=22747"},"modified":"2024-09-24T14:30:41","modified_gmt":"2024-09-24T20:30:41","slug":"camara-web-full-hd-para-videoconferencias-laguham-klip-xtreme","status":"publish","type":"product","link":"https:\/\/mivoot.com\/gt\/producto\/camara-web-full-hd-para-videoconferencias-laguham-klip-xtreme\/","title":{"rendered":"C\u00e1mara Web Full HD Para videoconferencias, Laguham Klip Xtreme"},"content":{"rendered":"<h1 style=\"text-align: center\"><strong><span style=\"font-size: 23.04px;color: #333333\">Videoconferencias interactivas con video n\u00edtido y audio natural<\/span><\/strong><\/h1>\n<p style=\"text-align: center\">Disfruta videoconferencias de familia o de trabajo con im\u00e1genes n\u00edtidas incluso con poca luz gracias al video Full HD 1080p que ofrece la webcam Laguham. Col\u00f3cala sobre el monitor del PC o sobre la pantalla de la laptop. Mejora tu experiencia de visualizaci\u00f3n con un campo de visi\u00f3n de hasta 80 grados. La webcam incluye un micr\u00f3fono HD para soportar conversaciones claras y con un sonido m\u00e1s natural. Es compatible con los sistemas operativos macOS, Windows y Chrome OS.<\/p>\n<p style=\"text-align: center\">\n<p><img fetchpriority=\"high\" decoding=\"async\" class=\"alignnone  wp-image-22758 alignleft\" src=\"https:\/\/mivoot.com\/gt\/wp-content\/uploads\/2024\/09\/KWC-500-DET01-300x300.jpg\" alt=\"\" width=\"521\" height=\"521\" srcset=\"https:\/\/mivoot.com\/gt\/wp-content\/uploads\/2024\/09\/KWC-500-DET01-300x300.jpg 300w, https:\/\/mivoot.com\/gt\/wp-content\/uploads\/2024\/09\/KWC-500-DET01-250x250.jpg 250w, https:\/\/mivoot.com\/gt\/wp-content\/uploads\/2024\/09\/KWC-500-DET01-100x100.jpg 100w, https:\/\/mivoot.com\/gt\/wp-content\/uploads\/2024\/09\/KWC-500-DET01-410x410.jpg 410w, https:\/\/mivoot.com\/gt\/wp-content\/uploads\/2024\/09\/KWC-500-DET01-64x64.jpg 64w, https:\/\/mivoot.com\/gt\/wp-content\/uploads\/2024\/09\/KWC-500-DET01-150x150.jpg 150w, https:\/\/mivoot.com\/gt\/wp-content\/uploads\/2024\/09\/KWC-500-DET01-768x768.jpg 768w, https:\/\/mivoot.com\/gt\/wp-content\/uploads\/2024\/09\/KWC-500-DET01-600x600.jpg 600w, https:\/\/mivoot.com\/gt\/wp-content\/uploads\/2024\/09\/KWC-500-DET01-50x50.jpg 50w, https:\/\/mivoot.com\/gt\/wp-content\/uploads\/2024\/09\/KWC-500-DET01.jpg 800w\" sizes=\"(max-width: 521px) 100vw, 521px\" \/><\/p>\n<p>&nbsp;<\/p>\n<p>&nbsp;<\/p>\n<p>&nbsp;<\/p>\n<p>&nbsp;<\/p>\n<p><img decoding=\"async\" class=\"m-auto aligncenter\" src=\"https:\/\/klip-xtreme-frontend.s3.amazonaws.com\/media\/img\/Icon-Full-HD.png\" \/><\/p>\n<p class=\"product-banner-subtitle mb-0\" style=\"text-align: center\">FULL HD 1080p<\/p>\n<p style=\"text-align: center\">Video HD 1920x1080P<\/p>\n<p>&nbsp;<\/p>\n<p>&nbsp;<\/p>\n<p>&nbsp;<\/p>\n<p>&nbsp;<\/p>\n<p>&nbsp;<\/p>\n<p>&nbsp;<\/p>\n<p><img decoding=\"async\" class=\" wp-image-22757 alignright\" src=\"https:\/\/mivoot.com\/gt\/wp-content\/uploads\/2024\/09\/KWC-500-DET02-300x300.jpg\" alt=\"\" width=\"547\" height=\"547\" srcset=\"https:\/\/mivoot.com\/gt\/wp-content\/uploads\/2024\/09\/KWC-500-DET02-300x300.jpg 300w, https:\/\/mivoot.com\/gt\/wp-content\/uploads\/2024\/09\/KWC-500-DET02-250x250.jpg 250w, https:\/\/mivoot.com\/gt\/wp-content\/uploads\/2024\/09\/KWC-500-DET02-100x100.jpg 100w, https:\/\/mivoot.com\/gt\/wp-content\/uploads\/2024\/09\/KWC-500-DET02-410x410.jpg 410w, https:\/\/mivoot.com\/gt\/wp-content\/uploads\/2024\/09\/KWC-500-DET02-64x64.jpg 64w, https:\/\/mivoot.com\/gt\/wp-content\/uploads\/2024\/09\/KWC-500-DET02-150x150.jpg 150w, https:\/\/mivoot.com\/gt\/wp-content\/uploads\/2024\/09\/KWC-500-DET02-768x768.jpg 768w, https:\/\/mivoot.com\/gt\/wp-content\/uploads\/2024\/09\/KWC-500-DET02-600x600.jpg 600w, https:\/\/mivoot.com\/gt\/wp-content\/uploads\/2024\/09\/KWC-500-DET02-50x50.jpg 50w, https:\/\/mivoot.com\/gt\/wp-content\/uploads\/2024\/09\/KWC-500-DET02.jpg 800w\" sizes=\"(max-width: 547px) 100vw, 547px\" \/><\/p>\n<p>&nbsp;<\/p>\n<p>&nbsp;<\/p>\n<p>&nbsp;<\/p>\n<p>&nbsp;<\/p>\n<p>&nbsp;<\/p>\n<p><img decoding=\"async\" class=\"m-auto aligncenter\" src=\"https:\/\/klip-xtreme-frontend.s3.amazonaws.com\/media\/img\/Icon-int-mic.png\" \/><\/p>\n<p class=\"product-banner-subtitle mb-0\" style=\"text-align: center\">Micr\u00f3fono HD<\/p>\n<p>&nbsp;<\/p>\n<p>&nbsp;<\/p>\n<p>&nbsp;<\/p>\n<p>&nbsp;<\/p>\n<p>&nbsp;<\/p>\n<p>&nbsp;<\/p>\n<p>&nbsp;<\/p>\n<p><img decoding=\"async\" class=\" wp-image-22756 alignleft\" src=\"https:\/\/mivoot.com\/gt\/wp-content\/uploads\/2024\/09\/KWC-500-DET03-300x300.jpg\" alt=\"\" width=\"499\" height=\"499\" srcset=\"https:\/\/mivoot.com\/gt\/wp-content\/uploads\/2024\/09\/KWC-500-DET03-300x300.jpg 300w, https:\/\/mivoot.com\/gt\/wp-content\/uploads\/2024\/09\/KWC-500-DET03-250x250.jpg 250w, https:\/\/mivoot.com\/gt\/wp-content\/uploads\/2024\/09\/KWC-500-DET03-100x100.jpg 100w, https:\/\/mivoot.com\/gt\/wp-content\/uploads\/2024\/09\/KWC-500-DET03-410x410.jpg 410w, https:\/\/mivoot.com\/gt\/wp-content\/uploads\/2024\/09\/KWC-500-DET03-64x64.jpg 64w, https:\/\/mivoot.com\/gt\/wp-content\/uploads\/2024\/09\/KWC-500-DET03-150x150.jpg 150w, https:\/\/mivoot.com\/gt\/wp-content\/uploads\/2024\/09\/KWC-500-DET03-768x768.jpg 768w, https:\/\/mivoot.com\/gt\/wp-content\/uploads\/2024\/09\/KWC-500-DET03-600x600.jpg 600w, https:\/\/mivoot.com\/gt\/wp-content\/uploads\/2024\/09\/KWC-500-DET03-50x50.jpg 50w, https:\/\/mivoot.com\/gt\/wp-content\/uploads\/2024\/09\/KWC-500-DET03.jpg 800w\" sizes=\"(max-width: 499px) 100vw, 499px\" \/><\/p>\n<p>&nbsp;<\/p>\n<p>&nbsp;<\/p>\n<p>&nbsp;<\/p>\n<p>&nbsp;<\/p>\n<p><img decoding=\"async\" class=\"m-auto aligncenter\" src=\"https:\/\/klip-xtreme-frontend.s3.amazonaws.com\/media\/img\/Icon-80-grados.png\" \/><\/p>\n<p class=\"product-banner-subtitle mb-0\" style=\"text-align: center\">Campo de visi\u00f3n de hasta 80\u00b0<\/p>\n<p>&nbsp;<\/p>\n<p>&nbsp;<\/p>\n<p>&nbsp;<\/p>\n<p>&nbsp;<\/p>\n<p>&nbsp;<\/p>\n<p>&nbsp;<\/p>\n<p>&nbsp;<\/p>\n<p><img loading=\"lazy\" decoding=\"async\" class=\" wp-image-22755 alignright\" src=\"https:\/\/mivoot.com\/gt\/wp-content\/uploads\/2024\/09\/KWC-500-DET04-300x300.jpg\" alt=\"\" width=\"540\" height=\"540\" srcset=\"https:\/\/mivoot.com\/gt\/wp-content\/uploads\/2024\/09\/KWC-500-DET04-300x300.jpg 300w, https:\/\/mivoot.com\/gt\/wp-content\/uploads\/2024\/09\/KWC-500-DET04-250x250.jpg 250w, https:\/\/mivoot.com\/gt\/wp-content\/uploads\/2024\/09\/KWC-500-DET04-100x100.jpg 100w, https:\/\/mivoot.com\/gt\/wp-content\/uploads\/2024\/09\/KWC-500-DET04-410x410.jpg 410w, https:\/\/mivoot.com\/gt\/wp-content\/uploads\/2024\/09\/KWC-500-DET04-64x64.jpg 64w, https:\/\/mivoot.com\/gt\/wp-content\/uploads\/2024\/09\/KWC-500-DET04-150x150.jpg 150w, https:\/\/mivoot.com\/gt\/wp-content\/uploads\/2024\/09\/KWC-500-DET04-768x768.jpg 768w, https:\/\/mivoot.com\/gt\/wp-content\/uploads\/2024\/09\/KWC-500-DET04-600x600.jpg 600w, https:\/\/mivoot.com\/gt\/wp-content\/uploads\/2024\/09\/KWC-500-DET04-50x50.jpg 50w, https:\/\/mivoot.com\/gt\/wp-content\/uploads\/2024\/09\/KWC-500-DET04.jpg 800w\" sizes=\"(max-width: 540px) 100vw, 540px\" \/><\/p>\n<p>&nbsp;<\/p>\n<p>&nbsp;<\/p>\n<p>&nbsp;<\/p>\n<p>&nbsp;<\/p>\n<p>&nbsp;<\/p>\n<p><img decoding=\"async\" class=\"m-auto aligncenter\" src=\"https:\/\/klip-xtreme-frontend.s3.amazonaws.com\/media\/img\/Icon-plug-and-Play.png\" \/><\/p>\n<p class=\"product-banner-subtitle mb-0\" style=\"text-align: center\">Configuraci\u00f3n Plug &amp; Play<\/p>\n<p>&nbsp;<\/p>\n<p>&nbsp;<\/p>\n<p>&nbsp;<\/p>\n<p>&nbsp;<\/p>\n<p>&nbsp;<\/p>\n<p>&nbsp;<\/p>\n<p>&nbsp;<\/p>\n<p>&nbsp;<\/p>\n<p>&nbsp;<\/p>\n<ul>\n<li>El sensor de imagen Full HD de hasta 1920x1080P brinda videos claros de tus parientes o colegas<\/li>\n<li>Resoluci\u00f3n de 2.1MP que ofrece im\u00e1genes n\u00edtidas lo cual permite que veas y escuches a los dem\u00e1s con claridad<\/li>\n<li>Elegante y liviana para facilitar su manejo<\/li>\n<li>Campo de visi\u00f3n de hasta 80 grados para ofrecer una mejor experiencia de visualizaci\u00f3n<\/li>\n<li>Micr\u00f3fono HD integrado que facilita conversaciones claras<\/li>\n<li>Configuraci\u00f3n plug and play para uso inmediato<\/li>\n<li>Dise\u00f1o articulado que permite girar e inclinar la webcam<\/li>\n<li>Compatible con los sistemas operativos Windows, macOS y Chrome OS<\/li>\n<li>Opciones vers\u00e1tiles de montaje: Sobre el monitor del PC o sobre la pantalla de la laptop<\/li>\n<\/ul>\n","protected":false},"excerpt":{"rendered":"<p>&#8211; Tipo: Webcam FULL HD para videoconferencias y streaming de video<br \/>\n&#8211; Resoluci\u00f3n en modo de video: Hasta 1080P @30fps<br \/>\n&#8211; Resoluci\u00f3n de fotos: Hasta 2.1MP<br \/>\n&#8211; Tipo de foco: Foco fijo<br \/>\n&#8211; Tipo de lente: HD 3,6mm<br \/>\n&#8211; Micr\u00f3fono integrado: S\u00ed<br \/>\n&#8211; Campo de visi\u00f3n: 80\u00b0<br \/>\n&#8211; Distancia del foco: 5m<br \/>\n&#8211; Formato de video: H264, MJPEG\/YUY2<br \/>\n&#8211; Formato de imagen: MJPEG<br \/>\n&#8211; Conectividad: USB 2.0<br \/>\n&#8211; Unidad: Plug and play<br \/>\n&#8211; Formato de salida: Transmisi\u00f3n de video USB<br \/>\n&#8211; Tipo de interfaz: USB 2.0<br \/>\n&#8211; Posicionamiento: Giro e inclinaci\u00f3n<br \/>\n&#8211; Opciones de montaje: Sobre el monitor del PC y de la laptop<br \/>\n&#8211; Tama\u00f1o (LaxPrxAl): 6,6x4x5,3cm<br \/>\n&#8211; Peso: 73,7g<br \/>\n&#8211; Longitud del cable: 1,5m<\/p>\n","protected":false},"featured_media":22749,"comment_status":"open","ping_status":"closed","template":"","meta":{"jetpack_publicize_message":"","jetpack_publicize_feature_enabled":true,"jetpack_social_post_already_shared":true,"jetpack_social_options":{"image_generator_settings":{"template":"highway","default_image_id":0,"font":"","enabled":false},"version":2}},"pwb-brand":[79],"product_brand":[],"product_cat":[136],"product_tag":[],"class_list":{"0":"post-22747","1":"product","2":"type-product","3":"status-publish","4":"has-post-thumbnail","6":"pwb-brand-klip-xtreme","7":"product_cat-camaras-web","9":"first","10":"instock","11":"taxable","12":"shipping-taxable","13":"purchasable","14":"product-type-simple"},"yoast_head":"<!-- This site is optimized with the Yoast SEO Premium plugin v25.7.1 (Yoast SEO v26.8) - https:\/\/yoast.com\/product\/yoast-seo-premium-wordpress\/ -->\n<title>C\u00e1mara Web Full HD Para videoconferencias, Laguham Klip Xtreme - Mivoot<\/title>\n<meta name=\"robots\" content=\"index, follow, max-snippet:-1, max-image-preview:large, max-video-preview:-1\" \/>\n<link rel=\"canonical\" href=\"https:\/\/mivoot.com\/gt\/producto\/camara-web-full-hd-para-videoconferencias-laguham-klip-xtreme\/\" \/>\n<meta property=\"og:locale\" content=\"es_ES\" \/>\n<meta property=\"og:type\" content=\"article\" \/>\n<meta property=\"og:title\" content=\"C\u00e1mara Web Full HD Para videoconferencias, Laguham Klip Xtreme\" \/>\n<meta property=\"og:description\" content=\"- Tipo: Webcam FULL HD para videoconferencias y streaming de video - Resoluci\u00f3n en modo de video: Hasta 1080P @30fps - Resoluci\u00f3n de fotos: Hasta 2.1MP - Tipo de foco: Foco fijo - Tipo de lente: HD 3,6mm - Micr\u00f3fono integrado: S\u00ed - Campo de visi\u00f3n: 80\u00b0 - Distancia del foco: 5m - Formato de video: H264, MJPEG\/YUY2 - Formato de imagen: MJPEG - Conectividad: USB 2.0 - Unidad: Plug and play - Formato de salida: Transmisi\u00f3n de video USB - Tipo de interfaz: USB 2.0 - Posicionamiento: Giro e inclinaci\u00f3n - Opciones de montaje: Sobre el monitor del PC y de la laptop - Tama\u00f1o (LaxPrxAl): 6,6x4x5,3cm - Peso: 73,7g - Longitud del cable: 1,5m\" \/>\n<meta property=\"og:url\" content=\"https:\/\/mivoot.com\/gt\/producto\/camara-web-full-hd-para-videoconferencias-laguham-klip-xtreme\/\" \/>\n<meta property=\"og:site_name\" content=\"Mivoot\" \/>\n<meta property=\"article:publisher\" content=\"https:\/\/www.facebook.com\/mivootgt\" \/>\n<meta property=\"article:modified_time\" content=\"2024-09-24T20:30:41+00:00\" \/>\n<meta property=\"og:image\" content=\"https:\/\/mivoot.com\/gt\/wp-content\/uploads\/2024\/09\/KWC-500_BANNER-TOP.png\" \/>\n\t<meta property=\"og:image:width\" content=\"600\" \/>\n\t<meta property=\"og:image:height\" content=\"600\" \/>\n\t<meta property=\"og:image:type\" content=\"image\/png\" \/>\n<meta name=\"twitter:card\" content=\"summary_large_image\" \/>\n<meta name=\"twitter:label1\" content=\"Est. reading time\" \/>\n\t<meta name=\"twitter:data1\" content=\"3 minutos\" \/>\n<script type=\"application\/ld+json\" class=\"yoast-schema-graph\">{\"@context\":\"https:\/\/schema.org\",\"@graph\":[{\"@type\":\"WebPage\",\"@id\":\"https:\/\/mivoot.com\/gt\/producto\/camara-web-full-hd-para-videoconferencias-laguham-klip-xtreme\/\",\"url\":\"https:\/\/mivoot.com\/gt\/producto\/camara-web-full-hd-para-videoconferencias-laguham-klip-xtreme\/\",\"name\":\"C\u00e1mara Web Full HD Para videoconferencias, Laguham Klip Xtreme - Mivoot\",\"isPartOf\":{\"@id\":\"https:\/\/mivoot.com\/gt\/#website\"},\"primaryImageOfPage\":{\"@id\":\"https:\/\/mivoot.com\/gt\/producto\/camara-web-full-hd-para-videoconferencias-laguham-klip-xtreme\/#primaryimage\"},\"image\":{\"@id\":\"https:\/\/mivoot.com\/gt\/producto\/camara-web-full-hd-para-videoconferencias-laguham-klip-xtreme\/#primaryimage\"},\"thumbnailUrl\":\"https:\/\/mivoot.com\/gt\/wp-content\/uploads\/2024\/09\/KWC-500_BANNER-TOP.png\",\"datePublished\":\"2024-09-24T20:30:39+00:00\",\"dateModified\":\"2024-09-24T20:30:41+00:00\",\"breadcrumb\":{\"@id\":\"https:\/\/mivoot.com\/gt\/producto\/camara-web-full-hd-para-videoconferencias-laguham-klip-xtreme\/#breadcrumb\"},\"inLanguage\":\"es\",\"potentialAction\":[{\"@type\":\"ReadAction\",\"target\":[\"https:\/\/mivoot.com\/gt\/producto\/camara-web-full-hd-para-videoconferencias-laguham-klip-xtreme\/\"]}]},{\"@type\":\"ImageObject\",\"inLanguage\":\"es\",\"@id\":\"https:\/\/mivoot.com\/gt\/producto\/camara-web-full-hd-para-videoconferencias-laguham-klip-xtreme\/#primaryimage\",\"url\":\"https:\/\/mivoot.com\/gt\/wp-content\/uploads\/2024\/09\/KWC-500_BANNER-TOP.png\",\"contentUrl\":\"https:\/\/mivoot.com\/gt\/wp-content\/uploads\/2024\/09\/KWC-500_BANNER-TOP.png\",\"width\":600,\"height\":600},{\"@type\":\"BreadcrumbList\",\"@id\":\"https:\/\/mivoot.com\/gt\/producto\/camara-web-full-hd-para-videoconferencias-laguham-klip-xtreme\/#breadcrumb\",\"itemListElement\":[{\"@type\":\"ListItem\",\"position\":1,\"name\":\"Inicio\",\"item\":\"https:\/\/mivoot.com\/gt\/\"},{\"@type\":\"ListItem\",\"position\":2,\"name\":\"Productos\",\"item\":\"https:\/\/mivoot.com\/gt\/producto\/\"},{\"@type\":\"ListItem\",\"position\":3,\"name\":\"Klip Xtreme\",\"item\":\"https:\/\/mivoot.com\/gt\/marca\/klip-xtreme\/\"},{\"@type\":\"ListItem\",\"position\":4,\"name\":\"C\u00e1mara Web Full HD Para videoconferencias, Laguham Klip Xtreme\"}]},{\"@type\":\"WebSite\",\"@id\":\"https:\/\/mivoot.com\/gt\/#website\",\"url\":\"https:\/\/mivoot.com\/gt\/\",\"name\":\"Mivoot\",\"description\":\"Mivoot Guatemala | Tienda Online\",\"publisher\":{\"@id\":\"https:\/\/mivoot.com\/gt\/#organization\"},\"alternateName\":\"mivoot\",\"potentialAction\":[{\"@type\":\"SearchAction\",\"target\":{\"@type\":\"EntryPoint\",\"urlTemplate\":\"https:\/\/mivoot.com\/gt\/?s={search_term_string}\"},\"query-input\":{\"@type\":\"PropertyValueSpecification\",\"valueRequired\":true,\"valueName\":\"search_term_string\"}}],\"inLanguage\":\"es\"},{\"@type\":\"Organization\",\"@id\":\"https:\/\/mivoot.com\/gt\/#organization\",\"name\":\"Mivoot Guatemala\",\"alternateName\":\"mivoot.com\",\"url\":\"https:\/\/mivoot.com\/gt\/\",\"logo\":{\"@type\":\"ImageObject\",\"inLanguage\":\"es\",\"@id\":\"https:\/\/mivoot.com\/gt\/#\/schema\/logo\/image\/\",\"url\":\"https:\/\/mivoot.com\/gt\/wp-content\/uploads\/2023\/03\/cropped-icon.png\",\"contentUrl\":\"https:\/\/mivoot.com\/gt\/wp-content\/uploads\/2023\/03\/cropped-icon.png\",\"width\":512,\"height\":512,\"caption\":\"Mivoot Guatemala\"},\"image\":{\"@id\":\"https:\/\/mivoot.com\/gt\/#\/schema\/logo\/image\/\"},\"sameAs\":[\"https:\/\/www.facebook.com\/mivootgt\",\"https:\/\/instagram.com\/mivoot\"]}]}<\/script>\n<!-- \/ Yoast SEO Premium plugin. -->","yoast_head_json":{"title":"C\u00e1mara Web Full HD Para videoconferencias, Laguham Klip Xtreme - Mivoot","robots":{"index":"index","follow":"follow","max-snippet":"max-snippet:-1","max-image-preview":"max-image-preview:large","max-video-preview":"max-video-preview:-1"},"canonical":"https:\/\/mivoot.com\/gt\/producto\/camara-web-full-hd-para-videoconferencias-laguham-klip-xtreme\/","og_locale":"es_ES","og_type":"article","og_title":"C\u00e1mara Web Full HD Para videoconferencias, Laguham Klip Xtreme","og_description":"- Tipo: Webcam FULL HD para videoconferencias y streaming de video - Resoluci\u00f3n en modo de video: Hasta 1080P @30fps - Resoluci\u00f3n de fotos: Hasta 2.1MP - Tipo de foco: Foco fijo - Tipo de lente: HD 3,6mm - Micr\u00f3fono integrado: S\u00ed - Campo de visi\u00f3n: 80\u00b0 - Distancia del foco: 5m - Formato de video: H264, MJPEG\/YUY2 - Formato de imagen: MJPEG - Conectividad: USB 2.0 - Unidad: Plug and play - Formato de salida: Transmisi\u00f3n de video USB - Tipo de interfaz: USB 2.0 - Posicionamiento: Giro e inclinaci\u00f3n - Opciones de montaje: Sobre el monitor del PC y de la laptop - Tama\u00f1o (LaxPrxAl): 6,6x4x5,3cm - Peso: 73,7g - Longitud del cable: 1,5m","og_url":"https:\/\/mivoot.com\/gt\/producto\/camara-web-full-hd-para-videoconferencias-laguham-klip-xtreme\/","og_site_name":"Mivoot","article_publisher":"https:\/\/www.facebook.com\/mivootgt","article_modified_time":"2024-09-24T20:30:41+00:00","og_image":[{"width":600,"height":600,"url":"https:\/\/mivoot.com\/gt\/wp-content\/uploads\/2024\/09\/KWC-500_BANNER-TOP.png","type":"image\/png"}],"twitter_card":"summary_large_image","twitter_misc":{"Est. reading time":"3 minutos"},"schema":{"@context":"https:\/\/schema.org","@graph":[{"@type":"WebPage","@id":"https:\/\/mivoot.com\/gt\/producto\/camara-web-full-hd-para-videoconferencias-laguham-klip-xtreme\/","url":"https:\/\/mivoot.com\/gt\/producto\/camara-web-full-hd-para-videoconferencias-laguham-klip-xtreme\/","name":"C\u00e1mara Web Full HD Para videoconferencias, Laguham Klip Xtreme - Mivoot","isPartOf":{"@id":"https:\/\/mivoot.com\/gt\/#website"},"primaryImageOfPage":{"@id":"https:\/\/mivoot.com\/gt\/producto\/camara-web-full-hd-para-videoconferencias-laguham-klip-xtreme\/#primaryimage"},"image":{"@id":"https:\/\/mivoot.com\/gt\/producto\/camara-web-full-hd-para-videoconferencias-laguham-klip-xtreme\/#primaryimage"},"thumbnailUrl":"https:\/\/mivoot.com\/gt\/wp-content\/uploads\/2024\/09\/KWC-500_BANNER-TOP.png","datePublished":"2024-09-24T20:30:39+00:00","dateModified":"2024-09-24T20:30:41+00:00","breadcrumb":{"@id":"https:\/\/mivoot.com\/gt\/producto\/camara-web-full-hd-para-videoconferencias-laguham-klip-xtreme\/#breadcrumb"},"inLanguage":"es","potentialAction":[{"@type":"ReadAction","target":["https:\/\/mivoot.com\/gt\/producto\/camara-web-full-hd-para-videoconferencias-laguham-klip-xtreme\/"]}]},{"@type":"ImageObject","inLanguage":"es","@id":"https:\/\/mivoot.com\/gt\/producto\/camara-web-full-hd-para-videoconferencias-laguham-klip-xtreme\/#primaryimage","url":"https:\/\/mivoot.com\/gt\/wp-content\/uploads\/2024\/09\/KWC-500_BANNER-TOP.png","contentUrl":"https:\/\/mivoot.com\/gt\/wp-content\/uploads\/2024\/09\/KWC-500_BANNER-TOP.png","width":600,"height":600},{"@type":"BreadcrumbList","@id":"https:\/\/mivoot.com\/gt\/producto\/camara-web-full-hd-para-videoconferencias-laguham-klip-xtreme\/#breadcrumb","itemListElement":[{"@type":"ListItem","position":1,"name":"Inicio","item":"https:\/\/mivoot.com\/gt\/"},{"@type":"ListItem","position":2,"name":"Productos","item":"https:\/\/mivoot.com\/gt\/producto\/"},{"@type":"ListItem","position":3,"name":"Klip Xtreme","item":"https:\/\/mivoot.com\/gt\/marca\/klip-xtreme\/"},{"@type":"ListItem","position":4,"name":"C\u00e1mara Web Full HD Para videoconferencias, Laguham Klip Xtreme"}]},{"@type":"WebSite","@id":"https:\/\/mivoot.com\/gt\/#website","url":"https:\/\/mivoot.com\/gt\/","name":"Mivoot","description":"Mivoot Guatemala | Tienda Online","publisher":{"@id":"https:\/\/mivoot.com\/gt\/#organization"},"alternateName":"mivoot","potentialAction":[{"@type":"SearchAction","target":{"@type":"EntryPoint","urlTemplate":"https:\/\/mivoot.com\/gt\/?s={search_term_string}"},"query-input":{"@type":"PropertyValueSpecification","valueRequired":true,"valueName":"search_term_string"}}],"inLanguage":"es"},{"@type":"Organization","@id":"https:\/\/mivoot.com\/gt\/#organization","name":"Mivoot Guatemala","alternateName":"mivoot.com","url":"https:\/\/mivoot.com\/gt\/","logo":{"@type":"ImageObject","inLanguage":"es","@id":"https:\/\/mivoot.com\/gt\/#\/schema\/logo\/image\/","url":"https:\/\/mivoot.com\/gt\/wp-content\/uploads\/2023\/03\/cropped-icon.png","contentUrl":"https:\/\/mivoot.com\/gt\/wp-content\/uploads\/2023\/03\/cropped-icon.png","width":512,"height":512,"caption":"Mivoot Guatemala"},"image":{"@id":"https:\/\/mivoot.com\/gt\/#\/schema\/logo\/image\/"},"sameAs":["https:\/\/www.facebook.com\/mivootgt","https:\/\/instagram.com\/mivoot"]}]}},"jetpack_publicize_connections":[],"jetpack_sharing_enabled":true,"brands":[{"id":79,"name":"Klip Xtreme","slug":"klip-xtreme"}],"_links":{"self":[{"href":"https:\/\/mivoot.com\/gt\/wp-json\/wp\/v2\/product\/22747","targetHints":{"allow":["GET"]}}],"collection":[{"href":"https:\/\/mivoot.com\/gt\/wp-json\/wp\/v2\/product"}],"about":[{"href":"https:\/\/mivoot.com\/gt\/wp-json\/wp\/v2\/types\/product"}],"replies":[{"embeddable":true,"href":"https:\/\/mivoot.com\/gt\/wp-json\/wp\/v2\/comments?post=22747"}],"version-history":[{"count":1,"href":"https:\/\/mivoot.com\/gt\/wp-json\/wp\/v2\/product\/22747\/revisions"}],"predecessor-version":[{"id":22759,"href":"https:\/\/mivoot.com\/gt\/wp-json\/wp\/v2\/product\/22747\/revisions\/22759"}],"wp:featuredmedia":[{"embeddable":true,"href":"https:\/\/mivoot.com\/gt\/wp-json\/wp\/v2\/media\/22749"}],"wp:attachment":[{"href":"https:\/\/mivoot.com\/gt\/wp-json\/wp\/v2\/media?parent=22747"}],"wp:term":[{"taxonomy":"pwb-brand","embeddable":true,"href":"https:\/\/mivoot.com\/gt\/wp-json\/wp\/v2\/pwb-brand?post=22747"},{"taxonomy":"product_brand","embeddable":true,"href":"https:\/\/mivoot.com\/gt\/wp-json\/wp\/v2\/product_brand?post=22747"},{"taxonomy":"product_cat","embeddable":true,"href":"https:\/\/mivoot.com\/gt\/wp-json\/wp\/v2\/product_cat?post=22747"},{"taxonomy":"product_tag","embeddable":true,"href":"https:\/\/mivoot.com\/gt\/wp-json\/wp\/v2\/product_tag?post=22747"}],"curies":[{"name":"wp","href":"https:\/\/api.w.org\/{rel}","templated":true}]}}