{"id":22785,"date":"2024-09-25T10:53:01","date_gmt":"2024-09-25T16:53:01","guid":{"rendered":"https:\/\/mivoot.com\/gt\/?post_type=product&#038;p=22785"},"modified":"2024-09-27T13:20:36","modified_gmt":"2024-09-27T19:20:36","slug":"aberdeen-knb-456bl-mochila-para-laptop-negro-15-6-klip-xtreme","status":"publish","type":"product","link":"https:\/\/mivoot.com\/gt\/producto\/aberdeen-knb-456bl-mochila-para-laptop-negro-15-6-klip-xtreme\/","title":{"rendered":"Mochila para Laptop 15.6&#8243; Negro Aberdeen Klip Xtreme"},"content":{"rendered":"<h1 style=\"text-align: center\"><strong><span style=\"font-size: 130%\">Mochila para laptop<\/span><\/strong><\/h1>\n<p>&nbsp;<\/p>\n<p style=\"text-align: center\">Esta mochila para laptop es una alternativa de klip Xtreme para mujeres din\u00e1micas. Est\u00e1 hecha de nylon protector altamente durable, cierres de metal con tiradores en cuerina negra e interior con forro de poli\u00e9ster para una apariencia elegante. Puedes acomodar una laptop de 15,6 pulgadas con facilidad. Aprovecha el bolsillo interno para transportar otros accesorios como cargadores de celular, llaves y tel\u00e9fonos inteligentes. El bolsillo externo aporta funcionalidad al permitir cargar objetos de uso diario que requieren acceso f\u00e1cil y r\u00e1pido. La mochila presenta un dise\u00f1o bello y c\u00f3modo con tirantes para los hombros ajustables que permiten llevarla en la espalda o cargarla por el tirador reforzado. Es ideal para transitar ligeramente por la ciudad o para las vacaciones.<\/p>\n<p>&nbsp;<\/p>\n<p>&nbsp;<\/p>\n<p style=\"text-align: center\"><img fetchpriority=\"high\" decoding=\"async\" class=\" wp-image-22775 alignleft\" src=\"https:\/\/mivoot.com\/gt\/wp-content\/uploads\/2024\/09\/Fotos-lifestyle-KNB-456-10-300x300.jpg\" alt=\"\" width=\"478\" height=\"478\" srcset=\"https:\/\/mivoot.com\/gt\/wp-content\/uploads\/2024\/09\/Fotos-lifestyle-KNB-456-10-300x300.jpg 300w, https:\/\/mivoot.com\/gt\/wp-content\/uploads\/2024\/09\/Fotos-lifestyle-KNB-456-10-250x250.jpg 250w, https:\/\/mivoot.com\/gt\/wp-content\/uploads\/2024\/09\/Fotos-lifestyle-KNB-456-10-100x100.jpg 100w, https:\/\/mivoot.com\/gt\/wp-content\/uploads\/2024\/09\/Fotos-lifestyle-KNB-456-10-410x410.jpg 410w, https:\/\/mivoot.com\/gt\/wp-content\/uploads\/2024\/09\/Fotos-lifestyle-KNB-456-10-64x64.jpg 64w, https:\/\/mivoot.com\/gt\/wp-content\/uploads\/2024\/09\/Fotos-lifestyle-KNB-456-10-150x150.jpg 150w, https:\/\/mivoot.com\/gt\/wp-content\/uploads\/2024\/09\/Fotos-lifestyle-KNB-456-10-768x768.jpg 768w, https:\/\/mivoot.com\/gt\/wp-content\/uploads\/2024\/09\/Fotos-lifestyle-KNB-456-10-600x600.jpg 600w, https:\/\/mivoot.com\/gt\/wp-content\/uploads\/2024\/09\/Fotos-lifestyle-KNB-456-10-50x50.jpg 50w, https:\/\/mivoot.com\/gt\/wp-content\/uploads\/2024\/09\/Fotos-lifestyle-KNB-456-10.jpg 800w\" sizes=\"(max-width: 478px) 100vw, 478px\" \/><\/p>\n<p>&nbsp;<\/p>\n<p>&nbsp;<\/p>\n<p>&nbsp;<\/p>\n<p>&nbsp;<\/p>\n<p style=\"text-align: center\">\u00a0 <img decoding=\"async\" class=\"m-auto\" src=\"https:\/\/klip-xtreme-frontend.s3.amazonaws.com\/media\/img\/Icon-15screen-size-laptop.png\" \/><\/p>\n<p class=\"product-banner-subtitle mb-0\" style=\"text-align: center\">Para laptops de hasta 15.6\u201d<\/p>\n<p>&nbsp;<\/p>\n<p>&nbsp;<\/p>\n<p>&nbsp;<\/p>\n<p>&nbsp;<\/p>\n<p>&nbsp;<\/p>\n<p>&nbsp;<\/p>\n<p><img decoding=\"async\" class=\"wp-image-22774 alignright\" src=\"https:\/\/mivoot.com\/gt\/wp-content\/uploads\/2024\/09\/Fotos-lifestyle-KNB-456-20-300x300.jpg\" alt=\"\" width=\"475\" height=\"475\" srcset=\"https:\/\/mivoot.com\/gt\/wp-content\/uploads\/2024\/09\/Fotos-lifestyle-KNB-456-20-300x300.jpg 300w, https:\/\/mivoot.com\/gt\/wp-content\/uploads\/2024\/09\/Fotos-lifestyle-KNB-456-20-250x250.jpg 250w, https:\/\/mivoot.com\/gt\/wp-content\/uploads\/2024\/09\/Fotos-lifestyle-KNB-456-20-100x100.jpg 100w, https:\/\/mivoot.com\/gt\/wp-content\/uploads\/2024\/09\/Fotos-lifestyle-KNB-456-20-410x410.jpg 410w, https:\/\/mivoot.com\/gt\/wp-content\/uploads\/2024\/09\/Fotos-lifestyle-KNB-456-20-64x64.jpg 64w, https:\/\/mivoot.com\/gt\/wp-content\/uploads\/2024\/09\/Fotos-lifestyle-KNB-456-20-150x150.jpg 150w, https:\/\/mivoot.com\/gt\/wp-content\/uploads\/2024\/09\/Fotos-lifestyle-KNB-456-20-768x768.jpg 768w, https:\/\/mivoot.com\/gt\/wp-content\/uploads\/2024\/09\/Fotos-lifestyle-KNB-456-20-600x600.jpg 600w, https:\/\/mivoot.com\/gt\/wp-content\/uploads\/2024\/09\/Fotos-lifestyle-KNB-456-20-50x50.jpg 50w, https:\/\/mivoot.com\/gt\/wp-content\/uploads\/2024\/09\/Fotos-lifestyle-KNB-456-20.jpg 800w\" sizes=\"(max-width: 475px) 100vw, 475px\" \/><\/p>\n<p>&nbsp;<\/p>\n<p>&nbsp;<\/p>\n<p>&nbsp;<\/p>\n<p>&nbsp;<\/p>\n<p><img decoding=\"async\" class=\"m-auto aligncenter\" src=\"https:\/\/klip-xtreme-frontend.s3.amazonaws.com\/media\/img\/Icon-zippered.png\" \/><\/p>\n<p class=\"product-banner-subtitle mb-0\" style=\"text-align: center\">Bolsillo frontal multiprop\u00f3sito con cierre<\/p>\n<p>&nbsp;<\/p>\n<p>&nbsp;<\/p>\n<p>&nbsp;<\/p>\n<p>&nbsp;<\/p>\n<p>&nbsp;<\/p>\n<p>&nbsp;<\/p>\n<p><img decoding=\"async\" class=\"wp-image-22773 alignleft\" src=\"https:\/\/mivoot.com\/gt\/wp-content\/uploads\/2024\/09\/Fotos-lifestyle-KNB-456-3-300x300.jpg\" alt=\"\" width=\"483\" height=\"483\" srcset=\"https:\/\/mivoot.com\/gt\/wp-content\/uploads\/2024\/09\/Fotos-lifestyle-KNB-456-3-300x300.jpg 300w, https:\/\/mivoot.com\/gt\/wp-content\/uploads\/2024\/09\/Fotos-lifestyle-KNB-456-3-250x250.jpg 250w, https:\/\/mivoot.com\/gt\/wp-content\/uploads\/2024\/09\/Fotos-lifestyle-KNB-456-3-100x100.jpg 100w, https:\/\/mivoot.com\/gt\/wp-content\/uploads\/2024\/09\/Fotos-lifestyle-KNB-456-3-410x410.jpg 410w, https:\/\/mivoot.com\/gt\/wp-content\/uploads\/2024\/09\/Fotos-lifestyle-KNB-456-3-64x64.jpg 64w, https:\/\/mivoot.com\/gt\/wp-content\/uploads\/2024\/09\/Fotos-lifestyle-KNB-456-3-150x150.jpg 150w, https:\/\/mivoot.com\/gt\/wp-content\/uploads\/2024\/09\/Fotos-lifestyle-KNB-456-3-768x768.jpg 768w, https:\/\/mivoot.com\/gt\/wp-content\/uploads\/2024\/09\/Fotos-lifestyle-KNB-456-3-600x600.jpg 600w, https:\/\/mivoot.com\/gt\/wp-content\/uploads\/2024\/09\/Fotos-lifestyle-KNB-456-3-50x50.jpg 50w, https:\/\/mivoot.com\/gt\/wp-content\/uploads\/2024\/09\/Fotos-lifestyle-KNB-456-3.jpg 800w\" sizes=\"(max-width: 483px) 100vw, 483px\" \/><\/p>\n<p>&nbsp;<\/p>\n<p>&nbsp;<\/p>\n<p>&nbsp;<\/p>\n<p>&nbsp;<\/p>\n<p><img decoding=\"async\" class=\"m-auto aligncenter\" src=\"https:\/\/klip-xtreme-frontend.s3.amazonaws.com\/media\/img\/Icon-organizer.png\" \/><\/p>\n<p class=\"product-banner-subtitle mb-0\" style=\"text-align: center\">Organizador de varios bolsillos<\/p>\n<p>&nbsp;<\/p>\n<p>&nbsp;<\/p>\n<p>&nbsp;<\/p>\n<p>&nbsp;<\/p>\n<p>&nbsp;<\/p>\n<p><img loading=\"lazy\" decoding=\"async\" class=\"wp-image-22772 alignright\" src=\"https:\/\/mivoot.com\/gt\/wp-content\/uploads\/2024\/09\/Fotos-lifestyle-KNB-456-40-300x300.jpg\" alt=\"\" width=\"480\" height=\"480\" srcset=\"https:\/\/mivoot.com\/gt\/wp-content\/uploads\/2024\/09\/Fotos-lifestyle-KNB-456-40-300x300.jpg 300w, https:\/\/mivoot.com\/gt\/wp-content\/uploads\/2024\/09\/Fotos-lifestyle-KNB-456-40-250x250.jpg 250w, https:\/\/mivoot.com\/gt\/wp-content\/uploads\/2024\/09\/Fotos-lifestyle-KNB-456-40-100x100.jpg 100w, https:\/\/mivoot.com\/gt\/wp-content\/uploads\/2024\/09\/Fotos-lifestyle-KNB-456-40-410x410.jpg 410w, https:\/\/mivoot.com\/gt\/wp-content\/uploads\/2024\/09\/Fotos-lifestyle-KNB-456-40-64x64.jpg 64w, https:\/\/mivoot.com\/gt\/wp-content\/uploads\/2024\/09\/Fotos-lifestyle-KNB-456-40-150x150.jpg 150w, https:\/\/mivoot.com\/gt\/wp-content\/uploads\/2024\/09\/Fotos-lifestyle-KNB-456-40-768x768.jpg 768w, https:\/\/mivoot.com\/gt\/wp-content\/uploads\/2024\/09\/Fotos-lifestyle-KNB-456-40-600x600.jpg 600w, https:\/\/mivoot.com\/gt\/wp-content\/uploads\/2024\/09\/Fotos-lifestyle-KNB-456-40-50x50.jpg 50w, https:\/\/mivoot.com\/gt\/wp-content\/uploads\/2024\/09\/Fotos-lifestyle-KNB-456-40.jpg 800w\" sizes=\"(max-width: 480px) 100vw, 480px\" \/><\/p>\n<p>&nbsp;<\/p>\n<p>&nbsp;<\/p>\n<p>&nbsp;<\/p>\n<p>&nbsp;<\/p>\n<p>&nbsp;<\/p>\n<p><img decoding=\"async\" class=\"m-auto aligncenter\" src=\"https:\/\/klip-xtreme-frontend.s3.amazonaws.com\/media\/img\/Icon-Premium.png\" \/><\/p>\n<p class=\"product-banner-subtitle mb-0\" style=\"text-align: center\">Calidad premium<\/p>\n<p>&nbsp;<\/p>\n<p>&nbsp;<\/p>\n<p>&nbsp;<\/p>\n<p>&nbsp;<\/p>\n<p>&nbsp;<\/p>\n<p>&nbsp;<\/p>\n<p>&nbsp;<\/p>\n<ul>\n<li><strong>Protecci\u00f3n<\/strong>: Bello y c\u00f3modo dise\u00f1o para mujeres din\u00e1micas. La mochila presenta una correa trasera acolchada y un compartimento principal adecuado para laptops de hasta 15,6 pulgadas<\/li>\n<li><strong>Organizaci\u00f3n<\/strong>: Amplio compartimento principal con un bolsillo multiuso para mantener tus art\u00edculos peque\u00f1os bien organizados, as\u00ed como un bolsillo externo para acceder f\u00e1cilmente a los objetos de uso diario<\/li>\n<li><strong>Practicidad y comodidad<\/strong>: Los tirantes para los hombros ajustables brindan comodidad con su dise\u00f1o acolchado que evita que la mochila se resbale cuando est\u00e1 llena<\/li>\n<li><strong>Material:<\/strong>\u00a0Nylon protector pr\u00e9mium de gran durabilidad, cierres de metal con tiradores en cuerina negra y forro de poli\u00e9ster<\/li>\n<\/ul>\n","protected":false},"excerpt":{"rendered":"<p>&#8211; Apta para computadoras port\u00e1tiles de hasta: 15,6in<br \/>\n&#8211; N\u00famero de compartimentos: Un compartimento principal<br \/>\n&#8211; Bolsillo para accesorios (externo): Un bolsillo con cremallera en frente<br \/>\n&#8211; Bolsillo interno de accesorios: Un bolsillo con cremallera<br \/>\n&#8211; Material: Exterior: 100% nylon 1600D\/forro: 100% poli\u00e9ster<br \/>\n&#8211; Dimensiones de Exterior: 42x13x29cm<br \/>\n&#8211; Dimensiones de Compartimento para laptop: 40\u00d71,5x27cm<br \/>\n&#8211; Capacidad de carga m\u00e1xima con los tirantes para los hombros: 15kg<\/p>\n","protected":false},"featured_media":22787,"comment_status":"open","ping_status":"closed","template":"","meta":{"jetpack_publicize_message":"","jetpack_publicize_feature_enabled":true,"jetpack_social_post_already_shared":true,"jetpack_social_options":{"image_generator_settings":{"template":"highway","default_image_id":0,"font":"","enabled":false},"version":2}},"pwb-brand":[79],"product_brand":[],"product_cat":[27],"product_tag":[],"class_list":{"0":"post-22785","1":"product","2":"type-product","3":"status-publish","4":"has-post-thumbnail","6":"pwb-brand-klip-xtreme","7":"product_cat-mochilas","9":"first","10":"instock","11":"taxable","12":"shipping-taxable","13":"purchasable","14":"product-type-simple"},"yoast_head":"<!-- This site is optimized with the Yoast SEO Premium plugin v25.7.1 (Yoast SEO v26.8) - https:\/\/yoast.com\/product\/yoast-seo-premium-wordpress\/ -->\n<title>Mochila para Laptop 15.6&quot; Negro Aberdeen Klip Xtreme - Mivoot<\/title>\n<meta name=\"robots\" content=\"index, follow, max-snippet:-1, max-image-preview:large, max-video-preview:-1\" \/>\n<link rel=\"canonical\" href=\"https:\/\/mivoot.com\/gt\/producto\/aberdeen-knb-456bl-mochila-para-laptop-negro-15-6-klip-xtreme\/\" \/>\n<meta property=\"og:locale\" content=\"es_ES\" \/>\n<meta property=\"og:type\" content=\"article\" \/>\n<meta property=\"og:title\" content=\"Mochila para Laptop 15.6&quot; Negro Aberdeen Klip Xtreme\" \/>\n<meta property=\"og:description\" content=\"- Apta para computadoras port\u00e1tiles de hasta: 15,6in - N\u00famero de compartimentos: Un compartimento principal - Bolsillo para accesorios (externo): Un bolsillo con cremallera en frente - Bolsillo interno de accesorios: Un bolsillo con cremallera - Material: Exterior: 100% nylon 1600D\/forro: 100% poli\u00e9ster - Dimensiones de Exterior: 42x13x29cm - Dimensiones de Compartimento para laptop: 40\u00d71,5x27cm - Capacidad de carga m\u00e1xima con los tirantes para los hombros: 15kg\" \/>\n<meta property=\"og:url\" content=\"https:\/\/mivoot.com\/gt\/producto\/aberdeen-knb-456bl-mochila-para-laptop-negro-15-6-klip-xtreme\/\" \/>\n<meta property=\"og:site_name\" content=\"Mivoot\" \/>\n<meta property=\"article:publisher\" content=\"https:\/\/www.facebook.com\/mivootgt\" \/>\n<meta property=\"article:modified_time\" content=\"2024-09-27T19:20:36+00:00\" \/>\n<meta property=\"og:image\" content=\"https:\/\/mivoot.com\/gt\/wp-content\/uploads\/2024\/09\/KNB-456BK.jpg\" \/>\n\t<meta property=\"og:image:width\" content=\"800\" \/>\n\t<meta property=\"og:image:height\" content=\"800\" \/>\n\t<meta property=\"og:image:type\" content=\"image\/jpeg\" \/>\n<meta name=\"twitter:card\" content=\"summary_large_image\" \/>\n<meta name=\"twitter:label1\" content=\"Est. reading time\" \/>\n\t<meta name=\"twitter:data1\" content=\"3 minutos\" \/>\n<script type=\"application\/ld+json\" class=\"yoast-schema-graph\">{\"@context\":\"https:\/\/schema.org\",\"@graph\":[{\"@type\":\"WebPage\",\"@id\":\"https:\/\/mivoot.com\/gt\/producto\/aberdeen-knb-456bl-mochila-para-laptop-negro-15-6-klip-xtreme\/\",\"url\":\"https:\/\/mivoot.com\/gt\/producto\/aberdeen-knb-456bl-mochila-para-laptop-negro-15-6-klip-xtreme\/\",\"name\":\"Mochila para Laptop 15.6\\\" Negro Aberdeen Klip Xtreme - Mivoot\",\"isPartOf\":{\"@id\":\"https:\/\/mivoot.com\/gt\/#website\"},\"primaryImageOfPage\":{\"@id\":\"https:\/\/mivoot.com\/gt\/producto\/aberdeen-knb-456bl-mochila-para-laptop-negro-15-6-klip-xtreme\/#primaryimage\"},\"image\":{\"@id\":\"https:\/\/mivoot.com\/gt\/producto\/aberdeen-knb-456bl-mochila-para-laptop-negro-15-6-klip-xtreme\/#primaryimage\"},\"thumbnailUrl\":\"https:\/\/mivoot.com\/gt\/wp-content\/uploads\/2024\/09\/KNB-456BK.jpg\",\"datePublished\":\"2024-09-25T16:53:01+00:00\",\"dateModified\":\"2024-09-27T19:20:36+00:00\",\"breadcrumb\":{\"@id\":\"https:\/\/mivoot.com\/gt\/producto\/aberdeen-knb-456bl-mochila-para-laptop-negro-15-6-klip-xtreme\/#breadcrumb\"},\"inLanguage\":\"es\",\"potentialAction\":[{\"@type\":\"ReadAction\",\"target\":[\"https:\/\/mivoot.com\/gt\/producto\/aberdeen-knb-456bl-mochila-para-laptop-negro-15-6-klip-xtreme\/\"]}]},{\"@type\":\"ImageObject\",\"inLanguage\":\"es\",\"@id\":\"https:\/\/mivoot.com\/gt\/producto\/aberdeen-knb-456bl-mochila-para-laptop-negro-15-6-klip-xtreme\/#primaryimage\",\"url\":\"https:\/\/mivoot.com\/gt\/wp-content\/uploads\/2024\/09\/KNB-456BK.jpg\",\"contentUrl\":\"https:\/\/mivoot.com\/gt\/wp-content\/uploads\/2024\/09\/KNB-456BK.jpg\",\"width\":800,\"height\":800},{\"@type\":\"BreadcrumbList\",\"@id\":\"https:\/\/mivoot.com\/gt\/producto\/aberdeen-knb-456bl-mochila-para-laptop-negro-15-6-klip-xtreme\/#breadcrumb\",\"itemListElement\":[{\"@type\":\"ListItem\",\"position\":1,\"name\":\"Inicio\",\"item\":\"https:\/\/mivoot.com\/gt\/\"},{\"@type\":\"ListItem\",\"position\":2,\"name\":\"Productos\",\"item\":\"https:\/\/mivoot.com\/gt\/producto\/\"},{\"@type\":\"ListItem\",\"position\":3,\"name\":\"Klip Xtreme\",\"item\":\"https:\/\/mivoot.com\/gt\/marca\/klip-xtreme\/\"},{\"@type\":\"ListItem\",\"position\":4,\"name\":\"Mochila para Laptop 15.6&#8243; Negro Aberdeen Klip Xtreme\"}]},{\"@type\":\"WebSite\",\"@id\":\"https:\/\/mivoot.com\/gt\/#website\",\"url\":\"https:\/\/mivoot.com\/gt\/\",\"name\":\"Mivoot\",\"description\":\"Mivoot Guatemala | Tienda Online\",\"publisher\":{\"@id\":\"https:\/\/mivoot.com\/gt\/#organization\"},\"alternateName\":\"mivoot\",\"potentialAction\":[{\"@type\":\"SearchAction\",\"target\":{\"@type\":\"EntryPoint\",\"urlTemplate\":\"https:\/\/mivoot.com\/gt\/?s={search_term_string}\"},\"query-input\":{\"@type\":\"PropertyValueSpecification\",\"valueRequired\":true,\"valueName\":\"search_term_string\"}}],\"inLanguage\":\"es\"},{\"@type\":\"Organization\",\"@id\":\"https:\/\/mivoot.com\/gt\/#organization\",\"name\":\"Mivoot Guatemala\",\"alternateName\":\"mivoot.com\",\"url\":\"https:\/\/mivoot.com\/gt\/\",\"logo\":{\"@type\":\"ImageObject\",\"inLanguage\":\"es\",\"@id\":\"https:\/\/mivoot.com\/gt\/#\/schema\/logo\/image\/\",\"url\":\"https:\/\/mivoot.com\/gt\/wp-content\/uploads\/2023\/03\/cropped-icon.png\",\"contentUrl\":\"https:\/\/mivoot.com\/gt\/wp-content\/uploads\/2023\/03\/cropped-icon.png\",\"width\":512,\"height\":512,\"caption\":\"Mivoot Guatemala\"},\"image\":{\"@id\":\"https:\/\/mivoot.com\/gt\/#\/schema\/logo\/image\/\"},\"sameAs\":[\"https:\/\/www.facebook.com\/mivootgt\",\"https:\/\/instagram.com\/mivoot\"]}]}<\/script>\n<!-- \/ Yoast SEO Premium plugin. -->","yoast_head_json":{"title":"Mochila para Laptop 15.6\" Negro Aberdeen Klip Xtreme - Mivoot","robots":{"index":"index","follow":"follow","max-snippet":"max-snippet:-1","max-image-preview":"max-image-preview:large","max-video-preview":"max-video-preview:-1"},"canonical":"https:\/\/mivoot.com\/gt\/producto\/aberdeen-knb-456bl-mochila-para-laptop-negro-15-6-klip-xtreme\/","og_locale":"es_ES","og_type":"article","og_title":"Mochila para Laptop 15.6\" Negro Aberdeen Klip Xtreme","og_description":"- Apta para computadoras port\u00e1tiles de hasta: 15,6in - N\u00famero de compartimentos: Un compartimento principal - Bolsillo para accesorios (externo): Un bolsillo con cremallera en frente - Bolsillo interno de accesorios: Un bolsillo con cremallera - Material: Exterior: 100% nylon 1600D\/forro: 100% poli\u00e9ster - Dimensiones de Exterior: 42x13x29cm - Dimensiones de Compartimento para laptop: 40\u00d71,5x27cm - Capacidad de carga m\u00e1xima con los tirantes para los hombros: 15kg","og_url":"https:\/\/mivoot.com\/gt\/producto\/aberdeen-knb-456bl-mochila-para-laptop-negro-15-6-klip-xtreme\/","og_site_name":"Mivoot","article_publisher":"https:\/\/www.facebook.com\/mivootgt","article_modified_time":"2024-09-27T19:20:36+00:00","og_image":[{"width":800,"height":800,"url":"https:\/\/mivoot.com\/gt\/wp-content\/uploads\/2024\/09\/KNB-456BK.jpg","type":"image\/jpeg"}],"twitter_card":"summary_large_image","twitter_misc":{"Est. reading time":"3 minutos"},"schema":{"@context":"https:\/\/schema.org","@graph":[{"@type":"WebPage","@id":"https:\/\/mivoot.com\/gt\/producto\/aberdeen-knb-456bl-mochila-para-laptop-negro-15-6-klip-xtreme\/","url":"https:\/\/mivoot.com\/gt\/producto\/aberdeen-knb-456bl-mochila-para-laptop-negro-15-6-klip-xtreme\/","name":"Mochila para Laptop 15.6\" Negro Aberdeen Klip Xtreme - Mivoot","isPartOf":{"@id":"https:\/\/mivoot.com\/gt\/#website"},"primaryImageOfPage":{"@id":"https:\/\/mivoot.com\/gt\/producto\/aberdeen-knb-456bl-mochila-para-laptop-negro-15-6-klip-xtreme\/#primaryimage"},"image":{"@id":"https:\/\/mivoot.com\/gt\/producto\/aberdeen-knb-456bl-mochila-para-laptop-negro-15-6-klip-xtreme\/#primaryimage"},"thumbnailUrl":"https:\/\/mivoot.com\/gt\/wp-content\/uploads\/2024\/09\/KNB-456BK.jpg","datePublished":"2024-09-25T16:53:01+00:00","dateModified":"2024-09-27T19:20:36+00:00","breadcrumb":{"@id":"https:\/\/mivoot.com\/gt\/producto\/aberdeen-knb-456bl-mochila-para-laptop-negro-15-6-klip-xtreme\/#breadcrumb"},"inLanguage":"es","potentialAction":[{"@type":"ReadAction","target":["https:\/\/mivoot.com\/gt\/producto\/aberdeen-knb-456bl-mochila-para-laptop-negro-15-6-klip-xtreme\/"]}]},{"@type":"ImageObject","inLanguage":"es","@id":"https:\/\/mivoot.com\/gt\/producto\/aberdeen-knb-456bl-mochila-para-laptop-negro-15-6-klip-xtreme\/#primaryimage","url":"https:\/\/mivoot.com\/gt\/wp-content\/uploads\/2024\/09\/KNB-456BK.jpg","contentUrl":"https:\/\/mivoot.com\/gt\/wp-content\/uploads\/2024\/09\/KNB-456BK.jpg","width":800,"height":800},{"@type":"BreadcrumbList","@id":"https:\/\/mivoot.com\/gt\/producto\/aberdeen-knb-456bl-mochila-para-laptop-negro-15-6-klip-xtreme\/#breadcrumb","itemListElement":[{"@type":"ListItem","position":1,"name":"Inicio","item":"https:\/\/mivoot.com\/gt\/"},{"@type":"ListItem","position":2,"name":"Productos","item":"https:\/\/mivoot.com\/gt\/producto\/"},{"@type":"ListItem","position":3,"name":"Klip Xtreme","item":"https:\/\/mivoot.com\/gt\/marca\/klip-xtreme\/"},{"@type":"ListItem","position":4,"name":"Mochila para Laptop 15.6&#8243; Negro Aberdeen Klip Xtreme"}]},{"@type":"WebSite","@id":"https:\/\/mivoot.com\/gt\/#website","url":"https:\/\/mivoot.com\/gt\/","name":"Mivoot","description":"Mivoot Guatemala | Tienda Online","publisher":{"@id":"https:\/\/mivoot.com\/gt\/#organization"},"alternateName":"mivoot","potentialAction":[{"@type":"SearchAction","target":{"@type":"EntryPoint","urlTemplate":"https:\/\/mivoot.com\/gt\/?s={search_term_string}"},"query-input":{"@type":"PropertyValueSpecification","valueRequired":true,"valueName":"search_term_string"}}],"inLanguage":"es"},{"@type":"Organization","@id":"https:\/\/mivoot.com\/gt\/#organization","name":"Mivoot Guatemala","alternateName":"mivoot.com","url":"https:\/\/mivoot.com\/gt\/","logo":{"@type":"ImageObject","inLanguage":"es","@id":"https:\/\/mivoot.com\/gt\/#\/schema\/logo\/image\/","url":"https:\/\/mivoot.com\/gt\/wp-content\/uploads\/2023\/03\/cropped-icon.png","contentUrl":"https:\/\/mivoot.com\/gt\/wp-content\/uploads\/2023\/03\/cropped-icon.png","width":512,"height":512,"caption":"Mivoot Guatemala"},"image":{"@id":"https:\/\/mivoot.com\/gt\/#\/schema\/logo\/image\/"},"sameAs":["https:\/\/www.facebook.com\/mivootgt","https:\/\/instagram.com\/mivoot"]}]}},"jetpack_publicize_connections":[],"jetpack_sharing_enabled":true,"brands":[{"id":79,"name":"Klip Xtreme","slug":"klip-xtreme"}],"_links":{"self":[{"href":"https:\/\/mivoot.com\/gt\/wp-json\/wp\/v2\/product\/22785","targetHints":{"allow":["GET"]}}],"collection":[{"href":"https:\/\/mivoot.com\/gt\/wp-json\/wp\/v2\/product"}],"about":[{"href":"https:\/\/mivoot.com\/gt\/wp-json\/wp\/v2\/types\/product"}],"replies":[{"embeddable":true,"href":"https:\/\/mivoot.com\/gt\/wp-json\/wp\/v2\/comments?post=22785"}],"version-history":[{"count":2,"href":"https:\/\/mivoot.com\/gt\/wp-json\/wp\/v2\/product\/22785\/revisions"}],"predecessor-version":[{"id":22978,"href":"https:\/\/mivoot.com\/gt\/wp-json\/wp\/v2\/product\/22785\/revisions\/22978"}],"wp:featuredmedia":[{"embeddable":true,"href":"https:\/\/mivoot.com\/gt\/wp-json\/wp\/v2\/media\/22787"}],"wp:attachment":[{"href":"https:\/\/mivoot.com\/gt\/wp-json\/wp\/v2\/media?parent=22785"}],"wp:term":[{"taxonomy":"pwb-brand","embeddable":true,"href":"https:\/\/mivoot.com\/gt\/wp-json\/wp\/v2\/pwb-brand?post=22785"},{"taxonomy":"product_brand","embeddable":true,"href":"https:\/\/mivoot.com\/gt\/wp-json\/wp\/v2\/product_brand?post=22785"},{"taxonomy":"product_cat","embeddable":true,"href":"https:\/\/mivoot.com\/gt\/wp-json\/wp\/v2\/product_cat?post=22785"},{"taxonomy":"product_tag","embeddable":true,"href":"https:\/\/mivoot.com\/gt\/wp-json\/wp\/v2\/product_tag?post=22785"}],"curies":[{"name":"wp","href":"https:\/\/api.w.org\/{rel}","templated":true}]}}