{"id":22792,"date":"2024-09-25T11:30:25","date_gmt":"2024-09-25T17:30:25","guid":{"rendered":"https:\/\/mivoot.com\/gt\/?post_type=product&#038;p=22792"},"modified":"2025-11-10T10:52:03","modified_gmt":"2025-11-10T16:52:03","slug":"mochila-para-laptop-toscana-azul15-6-pulgadas-klip-xtreme","status":"publish","type":"product","link":"https:\/\/mivoot.com\/gt\/producto\/mochila-para-laptop-toscana-azul15-6-pulgadas-klip-xtreme\/","title":{"rendered":"Mochila Para Laptop 15.6&#8221; Azul Toscana Klip Xtreme"},"content":{"rendered":"<h1 style=\"text-align: center;\">Mochila Para Laptop 15.6&#8221; Azul Toscana Klip Xtreme<\/h1>\n<p style=\"text-align: center;\">La nueva incorporaci\u00f3n de KlipXtreme a su colecci\u00f3n de mochilas para damas llamar\u00e1 totalmente la atenci\u00f3n. Esta moderna mochila de primera l\u00ednea ofrece gran comodidad y elegancia, ya que resulta ideal para cargar una computadora port\u00e1til de 15,6 pulgadas, y al mismo tiempo proporciona espacio suficiente en sus dos compartimientos adicionales para guardar otros art\u00edculos de necesidad.<\/p>\n<p style=\"text-align: center;\">Mant\u00e9n seguros tus objetos de valor en el organizador interior con cierre, o aprovecha sus bolsillos multiprop\u00f3sito para acomodar cualquier art\u00edculo de librer\u00eda o de uso personal necesario para tu viaje. El bolsillo frontal con cierre resulta de gran utilidad para llevar aquellos art\u00edculos que necesitas tener siempre a la mano. Disfruta de la versatilidad que te ofrece esta mochila y ll\u00e9vala c\u00f3modamente en la espalda con los tirantes acolchados para los hombros, c\u00e1rgala con elegancia por medio de su asa resistente, o c\u00e1rgala en tu maleta de mano con su pr\u00e1ctica tira sujetadora.<\/p>\n<p style=\"text-align: center;\">La excelente calidad de los materiales de fabricaci\u00f3n y los tiradores en s\u00edmil cuero contribuyen al look innovador de la mochila, que definitivamente formar\u00e1 parte de tu estilo femenino y elegante.<\/p>\n<p>&nbsp;<\/p>\n<p>&nbsp;<\/p>\n<p><img fetchpriority=\"high\" decoding=\"async\" class=\"wp-image-22802 alignleft\" src=\"https:\/\/mivoot.com\/gt\/wp-content\/uploads\/2024\/09\/KNB-468-lifestyle1-300x300.jpg\" alt=\"\" width=\"459\" height=\"459\" srcset=\"https:\/\/mivoot.com\/gt\/wp-content\/uploads\/2024\/09\/KNB-468-lifestyle1-300x300.jpg 300w, https:\/\/mivoot.com\/gt\/wp-content\/uploads\/2024\/09\/KNB-468-lifestyle1-250x250.jpg 250w, https:\/\/mivoot.com\/gt\/wp-content\/uploads\/2024\/09\/KNB-468-lifestyle1-100x100.jpg 100w, https:\/\/mivoot.com\/gt\/wp-content\/uploads\/2024\/09\/KNB-468-lifestyle1-410x410.jpg 410w, https:\/\/mivoot.com\/gt\/wp-content\/uploads\/2024\/09\/KNB-468-lifestyle1-64x64.jpg 64w, https:\/\/mivoot.com\/gt\/wp-content\/uploads\/2024\/09\/KNB-468-lifestyle1-150x150.jpg 150w, https:\/\/mivoot.com\/gt\/wp-content\/uploads\/2024\/09\/KNB-468-lifestyle1-768x768.jpg 768w, https:\/\/mivoot.com\/gt\/wp-content\/uploads\/2024\/09\/KNB-468-lifestyle1-600x600.jpg 600w, https:\/\/mivoot.com\/gt\/wp-content\/uploads\/2024\/09\/KNB-468-lifestyle1-50x50.jpg 50w, https:\/\/mivoot.com\/gt\/wp-content\/uploads\/2024\/09\/KNB-468-lifestyle1.jpg 800w\" sizes=\"(max-width: 459px) 100vw, 459px\" \/><\/p>\n<p>&nbsp;<\/p>\n<p>&nbsp;<\/p>\n<p>&nbsp;<\/p>\n<p>&nbsp;<\/p>\n<p><img decoding=\"async\" class=\"m-auto aligncenter\" src=\"https:\/\/klip-xtreme-frontend.s3.amazonaws.com\/media\/img\/Icon-15screen-size-laptop.png\" \/><\/p>\n<p class=\"product-banner-subtitle mb-0\" style=\"text-align: center;\">Para port\u00e1tiles de hasta 15.6&#8243;<\/p>\n<p>&nbsp;<\/p>\n<p>&nbsp;<\/p>\n<p>&nbsp;<\/p>\n<p>&nbsp;<\/p>\n<p>&nbsp;<\/p>\n<p><img decoding=\"async\" class=\"wp-image-22801 alignright\" src=\"https:\/\/mivoot.com\/gt\/wp-content\/uploads\/2024\/09\/KNB-468-lifestyle2-300x300.jpg\" alt=\"\" width=\"460\" height=\"460\" srcset=\"https:\/\/mivoot.com\/gt\/wp-content\/uploads\/2024\/09\/KNB-468-lifestyle2-300x300.jpg 300w, https:\/\/mivoot.com\/gt\/wp-content\/uploads\/2024\/09\/KNB-468-lifestyle2-250x250.jpg 250w, https:\/\/mivoot.com\/gt\/wp-content\/uploads\/2024\/09\/KNB-468-lifestyle2-100x100.jpg 100w, https:\/\/mivoot.com\/gt\/wp-content\/uploads\/2024\/09\/KNB-468-lifestyle2-410x410.jpg 410w, https:\/\/mivoot.com\/gt\/wp-content\/uploads\/2024\/09\/KNB-468-lifestyle2-64x64.jpg 64w, https:\/\/mivoot.com\/gt\/wp-content\/uploads\/2024\/09\/KNB-468-lifestyle2-150x150.jpg 150w, https:\/\/mivoot.com\/gt\/wp-content\/uploads\/2024\/09\/KNB-468-lifestyle2-768x768.jpg 768w, https:\/\/mivoot.com\/gt\/wp-content\/uploads\/2024\/09\/KNB-468-lifestyle2-600x600.jpg 600w, https:\/\/mivoot.com\/gt\/wp-content\/uploads\/2024\/09\/KNB-468-lifestyle2-50x50.jpg 50w, https:\/\/mivoot.com\/gt\/wp-content\/uploads\/2024\/09\/KNB-468-lifestyle2.jpg 800w\" sizes=\"(max-width: 460px) 100vw, 460px\" \/><\/p>\n<p>&nbsp;<\/p>\n<p>&nbsp;<\/p>\n<p>&nbsp;<\/p>\n<p>&nbsp;<\/p>\n<p>&nbsp;<\/p>\n<p><img decoding=\"async\" class=\"m-auto aligncenter\" src=\"https:\/\/klip-xtreme-frontend.s3.amazonaws.com\/media\/img\/Icono-KNB-360-2.png\" \/><\/p>\n<p class=\"product-banner-subtitle mb-0\" style=\"text-align: center;\">Tira sujetadora<\/p>\n<p style=\"text-align: center;\">para la maleta de mano<\/p>\n<p>&nbsp;<\/p>\n<p>&nbsp;<\/p>\n<p>&nbsp;<\/p>\n<p>&nbsp;<\/p>\n<p>&nbsp;<\/p>\n<p>&nbsp;<\/p>\n<p style=\"text-align: center;\"><img decoding=\"async\" class=\"wp-image-22800 alignleft\" src=\"https:\/\/mivoot.com\/gt\/wp-content\/uploads\/2024\/09\/KNB-468-lifestyle3-300x300.jpg\" alt=\"\" width=\"448\" height=\"448\" srcset=\"https:\/\/mivoot.com\/gt\/wp-content\/uploads\/2024\/09\/KNB-468-lifestyle3-300x300.jpg 300w, https:\/\/mivoot.com\/gt\/wp-content\/uploads\/2024\/09\/KNB-468-lifestyle3-250x250.jpg 250w, https:\/\/mivoot.com\/gt\/wp-content\/uploads\/2024\/09\/KNB-468-lifestyle3-100x100.jpg 100w, https:\/\/mivoot.com\/gt\/wp-content\/uploads\/2024\/09\/KNB-468-lifestyle3-410x410.jpg 410w, https:\/\/mivoot.com\/gt\/wp-content\/uploads\/2024\/09\/KNB-468-lifestyle3-64x64.jpg 64w, https:\/\/mivoot.com\/gt\/wp-content\/uploads\/2024\/09\/KNB-468-lifestyle3-150x150.jpg 150w, https:\/\/mivoot.com\/gt\/wp-content\/uploads\/2024\/09\/KNB-468-lifestyle3-768x768.jpg 768w, https:\/\/mivoot.com\/gt\/wp-content\/uploads\/2024\/09\/KNB-468-lifestyle3-600x600.jpg 600w, https:\/\/mivoot.com\/gt\/wp-content\/uploads\/2024\/09\/KNB-468-lifestyle3-50x50.jpg 50w, https:\/\/mivoot.com\/gt\/wp-content\/uploads\/2024\/09\/KNB-468-lifestyle3.jpg 800w\" sizes=\"(max-width: 448px) 100vw, 448px\" \/><\/p>\n<p>&nbsp;<\/p>\n<p>&nbsp;<\/p>\n<p>&nbsp;<\/p>\n<p>&nbsp;<\/p>\n<p>&nbsp;<\/p>\n<p style=\"text-align: center;\"><img decoding=\"async\" class=\"m-auto\" src=\"https:\/\/klip-xtreme-frontend.s3.amazonaws.com\/media\/img\/Icon-organizer.png\" \/><\/p>\n<p class=\"product-banner-subtitle mb-0\" style=\"text-align: center;\">Organizador multibolsillos<\/p>\n<p>&nbsp;<\/p>\n<p>&nbsp;<\/p>\n<p>&nbsp;<\/p>\n<p>&nbsp;<\/p>\n<p>&nbsp;<\/p>\n<div id=\"accvent-id\">\n<div id=\"load-accvent-content\" style=\"width: 100% !important; margin: 0px auto;\">\n<div>\n<div id=\"avloading\" style=\"text-align: center; display: none;\"><img decoding=\"async\" style=\"height: 80px;\" src=\"https:\/\/accvent.com\/scripting\/loading.gif\" \/><\/p>\n<div>Cargando&#8230;<\/div>\n<\/div>\n<p><iframe id=\"aviframe\" style=\"border: none; visibility: visible; overflow: hidden !important; height: 7777px;\" src=\"https:\/\/www.klipxtreme.com\/es\/sindicado\/?search=KNB-468BL\" name=\"aviframe\" width=\"100%\" frameborder=\"0\" scrolling=\"no\"><\/iframe><\/p>\n<\/div>\n<\/div>\n<p><script id=\"accvent-loader\" type=\"text\/javascript\" src=\"https:\/\/accvent.com\/scripting\/loader.js\" data-search=\"KNB-468BL\" data-brand=\"KLIPXTREME\" data-lang=\"es\">\n            <\/script><\/p>\n<\/div>\n","protected":false},"excerpt":{"rendered":"<p>&#8211; Apta para computadoras port\u00e1tiles de hasta: 15,6 pulgadas<br \/>\n&#8211; N\u00famero de compartimientos principales: 3<br \/>\n&#8211; Bolsillo para accesorios (externo): Un bolsillo grande con cierre + dos bolsillos<br \/>\n&#8211; Bolsillo para accesorios (interno): Bolsillo interno con cierre + 6 bolsillos organizadores<br \/>\n&#8211; Tira sujetadora para la maleta de mano: S\u00ed<br \/>\n&#8211; Material Exterior: 90% nylon de 1200 deniers y 100% poliuretano Forro: 100% poli\u00e9ster de 210 deniers<br \/>\n&#8211; Dimensiones Exterior: 42x32x14cm<br \/>\n&#8211; Compartimiento para laptop: 33,8x28x5cm<br \/>\n&#8211; Capacidad de carga m\u00e1x. (con los tirantes para los hombros): 12kg<br \/>\n&#8211; Peso: 0,76kg<\/p>\n","protected":false},"featured_media":22803,"comment_status":"open","ping_status":"closed","template":"","meta":{"jetpack_publicize_message":"","jetpack_publicize_feature_enabled":true,"jetpack_social_post_already_shared":true,"jetpack_social_options":{"image_generator_settings":{"template":"highway","default_image_id":0,"font":"","enabled":false},"version":2}},"pwb-brand":[79],"product_brand":[],"product_cat":[27],"product_tag":[],"class_list":{"0":"post-22792","1":"product","2":"type-product","3":"status-publish","4":"has-post-thumbnail","6":"pwb-brand-klip-xtreme","7":"product_cat-mochilas","9":"first","10":"instock","11":"taxable","12":"shipping-taxable","13":"purchasable","14":"product-type-simple"},"yoast_head":"<!-- This site is optimized with the Yoast SEO Premium plugin v25.7.1 (Yoast SEO v26.8) - https:\/\/yoast.com\/product\/yoast-seo-premium-wordpress\/ -->\n<title>Mochila Para Laptop 15.6&#039;&#039; Azul Toscana Klip Xtreme - Mivoot<\/title>\n<meta name=\"robots\" content=\"index, follow, max-snippet:-1, max-image-preview:large, max-video-preview:-1\" \/>\n<link rel=\"canonical\" href=\"https:\/\/mivoot.com\/gt\/producto\/mochila-para-laptop-toscana-azul15-6-pulgadas-klip-xtreme\/\" \/>\n<meta property=\"og:locale\" content=\"es_ES\" \/>\n<meta property=\"og:type\" content=\"article\" \/>\n<meta property=\"og:title\" content=\"Mochila Para Laptop 15.6&#039;&#039; Azul Toscana Klip Xtreme\" \/>\n<meta property=\"og:description\" content=\"- Apta para computadoras port\u00e1tiles de hasta: 15,6 pulgadas - N\u00famero de compartimientos principales: 3 - Bolsillo para accesorios (externo): Un bolsillo grande con cierre + dos bolsillos - Bolsillo para accesorios (interno): Bolsillo interno con cierre + 6 bolsillos organizadores - Tira sujetadora para la maleta de mano: S\u00ed - Material Exterior: 90% nylon de 1200 deniers y 100% poliuretano Forro: 100% poli\u00e9ster de 210 deniers - Dimensiones Exterior: 42x32x14cm - Compartimiento para laptop: 33,8x28x5cm - Capacidad de carga m\u00e1x. (con los tirantes para los hombros): 12kg - Peso: 0,76kg\" \/>\n<meta property=\"og:url\" content=\"https:\/\/mivoot.com\/gt\/producto\/mochila-para-laptop-toscana-azul15-6-pulgadas-klip-xtreme\/\" \/>\n<meta property=\"og:site_name\" content=\"Mivoot\" \/>\n<meta property=\"article:publisher\" content=\"https:\/\/www.facebook.com\/mivootgt\" \/>\n<meta property=\"article:modified_time\" content=\"2025-11-10T16:52:03+00:00\" \/>\n<meta property=\"og:image\" content=\"https:\/\/mivoot.com\/gt\/wp-content\/uploads\/2024\/09\/KNB-468-detalle-BL-1.jpg\" \/>\n\t<meta property=\"og:image:width\" content=\"300\" \/>\n\t<meta property=\"og:image:height\" content=\"300\" \/>\n\t<meta property=\"og:image:type\" content=\"image\/jpeg\" \/>\n<meta name=\"twitter:card\" content=\"summary_large_image\" \/>\n<meta name=\"twitter:label1\" content=\"Est. reading time\" \/>\n\t<meta name=\"twitter:data1\" content=\"3 minutos\" \/>\n<script type=\"application\/ld+json\" class=\"yoast-schema-graph\">{\"@context\":\"https:\/\/schema.org\",\"@graph\":[{\"@type\":\"WebPage\",\"@id\":\"https:\/\/mivoot.com\/gt\/producto\/mochila-para-laptop-toscana-azul15-6-pulgadas-klip-xtreme\/\",\"url\":\"https:\/\/mivoot.com\/gt\/producto\/mochila-para-laptop-toscana-azul15-6-pulgadas-klip-xtreme\/\",\"name\":\"Mochila Para Laptop 15.6'' Azul Toscana Klip Xtreme - Mivoot\",\"isPartOf\":{\"@id\":\"https:\/\/mivoot.com\/gt\/#website\"},\"primaryImageOfPage\":{\"@id\":\"https:\/\/mivoot.com\/gt\/producto\/mochila-para-laptop-toscana-azul15-6-pulgadas-klip-xtreme\/#primaryimage\"},\"image\":{\"@id\":\"https:\/\/mivoot.com\/gt\/producto\/mochila-para-laptop-toscana-azul15-6-pulgadas-klip-xtreme\/#primaryimage\"},\"thumbnailUrl\":\"https:\/\/mivoot.com\/gt\/wp-content\/uploads\/2024\/09\/KNB-468-detalle-BL-1.jpg\",\"datePublished\":\"2024-09-25T17:30:25+00:00\",\"dateModified\":\"2025-11-10T16:52:03+00:00\",\"breadcrumb\":{\"@id\":\"https:\/\/mivoot.com\/gt\/producto\/mochila-para-laptop-toscana-azul15-6-pulgadas-klip-xtreme\/#breadcrumb\"},\"inLanguage\":\"es\",\"potentialAction\":[{\"@type\":\"ReadAction\",\"target\":[\"https:\/\/mivoot.com\/gt\/producto\/mochila-para-laptop-toscana-azul15-6-pulgadas-klip-xtreme\/\"]}]},{\"@type\":\"ImageObject\",\"inLanguage\":\"es\",\"@id\":\"https:\/\/mivoot.com\/gt\/producto\/mochila-para-laptop-toscana-azul15-6-pulgadas-klip-xtreme\/#primaryimage\",\"url\":\"https:\/\/mivoot.com\/gt\/wp-content\/uploads\/2024\/09\/KNB-468-detalle-BL-1.jpg\",\"contentUrl\":\"https:\/\/mivoot.com\/gt\/wp-content\/uploads\/2024\/09\/KNB-468-detalle-BL-1.jpg\",\"width\":300,\"height\":300},{\"@type\":\"BreadcrumbList\",\"@id\":\"https:\/\/mivoot.com\/gt\/producto\/mochila-para-laptop-toscana-azul15-6-pulgadas-klip-xtreme\/#breadcrumb\",\"itemListElement\":[{\"@type\":\"ListItem\",\"position\":1,\"name\":\"Inicio\",\"item\":\"https:\/\/mivoot.com\/gt\/\"},{\"@type\":\"ListItem\",\"position\":2,\"name\":\"Productos\",\"item\":\"https:\/\/mivoot.com\/gt\/producto\/\"},{\"@type\":\"ListItem\",\"position\":3,\"name\":\"Klip Xtreme\",\"item\":\"https:\/\/mivoot.com\/gt\/marca\/klip-xtreme\/\"},{\"@type\":\"ListItem\",\"position\":4,\"name\":\"Mochila Para Laptop 15.6\u00bb Azul Toscana Klip Xtreme\"}]},{\"@type\":\"WebSite\",\"@id\":\"https:\/\/mivoot.com\/gt\/#website\",\"url\":\"https:\/\/mivoot.com\/gt\/\",\"name\":\"Mivoot\",\"description\":\"Mivoot Guatemala | Tienda Online\",\"publisher\":{\"@id\":\"https:\/\/mivoot.com\/gt\/#organization\"},\"alternateName\":\"mivoot\",\"potentialAction\":[{\"@type\":\"SearchAction\",\"target\":{\"@type\":\"EntryPoint\",\"urlTemplate\":\"https:\/\/mivoot.com\/gt\/?s={search_term_string}\"},\"query-input\":{\"@type\":\"PropertyValueSpecification\",\"valueRequired\":true,\"valueName\":\"search_term_string\"}}],\"inLanguage\":\"es\"},{\"@type\":\"Organization\",\"@id\":\"https:\/\/mivoot.com\/gt\/#organization\",\"name\":\"Mivoot Guatemala\",\"alternateName\":\"mivoot.com\",\"url\":\"https:\/\/mivoot.com\/gt\/\",\"logo\":{\"@type\":\"ImageObject\",\"inLanguage\":\"es\",\"@id\":\"https:\/\/mivoot.com\/gt\/#\/schema\/logo\/image\/\",\"url\":\"https:\/\/mivoot.com\/gt\/wp-content\/uploads\/2023\/03\/cropped-icon.png\",\"contentUrl\":\"https:\/\/mivoot.com\/gt\/wp-content\/uploads\/2023\/03\/cropped-icon.png\",\"width\":512,\"height\":512,\"caption\":\"Mivoot Guatemala\"},\"image\":{\"@id\":\"https:\/\/mivoot.com\/gt\/#\/schema\/logo\/image\/\"},\"sameAs\":[\"https:\/\/www.facebook.com\/mivootgt\",\"https:\/\/instagram.com\/mivoot\"]}]}<\/script>\n<!-- \/ Yoast SEO Premium plugin. -->","yoast_head_json":{"title":"Mochila Para Laptop 15.6'' Azul Toscana Klip Xtreme - Mivoot","robots":{"index":"index","follow":"follow","max-snippet":"max-snippet:-1","max-image-preview":"max-image-preview:large","max-video-preview":"max-video-preview:-1"},"canonical":"https:\/\/mivoot.com\/gt\/producto\/mochila-para-laptop-toscana-azul15-6-pulgadas-klip-xtreme\/","og_locale":"es_ES","og_type":"article","og_title":"Mochila Para Laptop 15.6'' Azul Toscana Klip Xtreme","og_description":"- Apta para computadoras port\u00e1tiles de hasta: 15,6 pulgadas - N\u00famero de compartimientos principales: 3 - Bolsillo para accesorios (externo): Un bolsillo grande con cierre + dos bolsillos - Bolsillo para accesorios (interno): Bolsillo interno con cierre + 6 bolsillos organizadores - Tira sujetadora para la maleta de mano: S\u00ed - Material Exterior: 90% nylon de 1200 deniers y 100% poliuretano Forro: 100% poli\u00e9ster de 210 deniers - Dimensiones Exterior: 42x32x14cm - Compartimiento para laptop: 33,8x28x5cm - Capacidad de carga m\u00e1x. (con los tirantes para los hombros): 12kg - Peso: 0,76kg","og_url":"https:\/\/mivoot.com\/gt\/producto\/mochila-para-laptop-toscana-azul15-6-pulgadas-klip-xtreme\/","og_site_name":"Mivoot","article_publisher":"https:\/\/www.facebook.com\/mivootgt","article_modified_time":"2025-11-10T16:52:03+00:00","og_image":[{"width":300,"height":300,"url":"https:\/\/mivoot.com\/gt\/wp-content\/uploads\/2024\/09\/KNB-468-detalle-BL-1.jpg","type":"image\/jpeg"}],"twitter_card":"summary_large_image","twitter_misc":{"Est. reading time":"3 minutos"},"schema":{"@context":"https:\/\/schema.org","@graph":[{"@type":"WebPage","@id":"https:\/\/mivoot.com\/gt\/producto\/mochila-para-laptop-toscana-azul15-6-pulgadas-klip-xtreme\/","url":"https:\/\/mivoot.com\/gt\/producto\/mochila-para-laptop-toscana-azul15-6-pulgadas-klip-xtreme\/","name":"Mochila Para Laptop 15.6'' Azul Toscana Klip Xtreme - Mivoot","isPartOf":{"@id":"https:\/\/mivoot.com\/gt\/#website"},"primaryImageOfPage":{"@id":"https:\/\/mivoot.com\/gt\/producto\/mochila-para-laptop-toscana-azul15-6-pulgadas-klip-xtreme\/#primaryimage"},"image":{"@id":"https:\/\/mivoot.com\/gt\/producto\/mochila-para-laptop-toscana-azul15-6-pulgadas-klip-xtreme\/#primaryimage"},"thumbnailUrl":"https:\/\/mivoot.com\/gt\/wp-content\/uploads\/2024\/09\/KNB-468-detalle-BL-1.jpg","datePublished":"2024-09-25T17:30:25+00:00","dateModified":"2025-11-10T16:52:03+00:00","breadcrumb":{"@id":"https:\/\/mivoot.com\/gt\/producto\/mochila-para-laptop-toscana-azul15-6-pulgadas-klip-xtreme\/#breadcrumb"},"inLanguage":"es","potentialAction":[{"@type":"ReadAction","target":["https:\/\/mivoot.com\/gt\/producto\/mochila-para-laptop-toscana-azul15-6-pulgadas-klip-xtreme\/"]}]},{"@type":"ImageObject","inLanguage":"es","@id":"https:\/\/mivoot.com\/gt\/producto\/mochila-para-laptop-toscana-azul15-6-pulgadas-klip-xtreme\/#primaryimage","url":"https:\/\/mivoot.com\/gt\/wp-content\/uploads\/2024\/09\/KNB-468-detalle-BL-1.jpg","contentUrl":"https:\/\/mivoot.com\/gt\/wp-content\/uploads\/2024\/09\/KNB-468-detalle-BL-1.jpg","width":300,"height":300},{"@type":"BreadcrumbList","@id":"https:\/\/mivoot.com\/gt\/producto\/mochila-para-laptop-toscana-azul15-6-pulgadas-klip-xtreme\/#breadcrumb","itemListElement":[{"@type":"ListItem","position":1,"name":"Inicio","item":"https:\/\/mivoot.com\/gt\/"},{"@type":"ListItem","position":2,"name":"Productos","item":"https:\/\/mivoot.com\/gt\/producto\/"},{"@type":"ListItem","position":3,"name":"Klip Xtreme","item":"https:\/\/mivoot.com\/gt\/marca\/klip-xtreme\/"},{"@type":"ListItem","position":4,"name":"Mochila Para Laptop 15.6\u00bb Azul Toscana Klip Xtreme"}]},{"@type":"WebSite","@id":"https:\/\/mivoot.com\/gt\/#website","url":"https:\/\/mivoot.com\/gt\/","name":"Mivoot","description":"Mivoot Guatemala | Tienda Online","publisher":{"@id":"https:\/\/mivoot.com\/gt\/#organization"},"alternateName":"mivoot","potentialAction":[{"@type":"SearchAction","target":{"@type":"EntryPoint","urlTemplate":"https:\/\/mivoot.com\/gt\/?s={search_term_string}"},"query-input":{"@type":"PropertyValueSpecification","valueRequired":true,"valueName":"search_term_string"}}],"inLanguage":"es"},{"@type":"Organization","@id":"https:\/\/mivoot.com\/gt\/#organization","name":"Mivoot Guatemala","alternateName":"mivoot.com","url":"https:\/\/mivoot.com\/gt\/","logo":{"@type":"ImageObject","inLanguage":"es","@id":"https:\/\/mivoot.com\/gt\/#\/schema\/logo\/image\/","url":"https:\/\/mivoot.com\/gt\/wp-content\/uploads\/2023\/03\/cropped-icon.png","contentUrl":"https:\/\/mivoot.com\/gt\/wp-content\/uploads\/2023\/03\/cropped-icon.png","width":512,"height":512,"caption":"Mivoot Guatemala"},"image":{"@id":"https:\/\/mivoot.com\/gt\/#\/schema\/logo\/image\/"},"sameAs":["https:\/\/www.facebook.com\/mivootgt","https:\/\/instagram.com\/mivoot"]}]}},"jetpack_publicize_connections":[],"jetpack_sharing_enabled":true,"brands":[{"id":79,"name":"Klip Xtreme","slug":"klip-xtreme"}],"_links":{"self":[{"href":"https:\/\/mivoot.com\/gt\/wp-json\/wp\/v2\/product\/22792","targetHints":{"allow":["GET"]}}],"collection":[{"href":"https:\/\/mivoot.com\/gt\/wp-json\/wp\/v2\/product"}],"about":[{"href":"https:\/\/mivoot.com\/gt\/wp-json\/wp\/v2\/types\/product"}],"replies":[{"embeddable":true,"href":"https:\/\/mivoot.com\/gt\/wp-json\/wp\/v2\/comments?post=22792"}],"version-history":[{"count":4,"href":"https:\/\/mivoot.com\/gt\/wp-json\/wp\/v2\/product\/22792\/revisions"}],"predecessor-version":[{"id":31127,"href":"https:\/\/mivoot.com\/gt\/wp-json\/wp\/v2\/product\/22792\/revisions\/31127"}],"wp:featuredmedia":[{"embeddable":true,"href":"https:\/\/mivoot.com\/gt\/wp-json\/wp\/v2\/media\/22803"}],"wp:attachment":[{"href":"https:\/\/mivoot.com\/gt\/wp-json\/wp\/v2\/media?parent=22792"}],"wp:term":[{"taxonomy":"pwb-brand","embeddable":true,"href":"https:\/\/mivoot.com\/gt\/wp-json\/wp\/v2\/pwb-brand?post=22792"},{"taxonomy":"product_brand","embeddable":true,"href":"https:\/\/mivoot.com\/gt\/wp-json\/wp\/v2\/product_brand?post=22792"},{"taxonomy":"product_cat","embeddable":true,"href":"https:\/\/mivoot.com\/gt\/wp-json\/wp\/v2\/product_cat?post=22792"},{"taxonomy":"product_tag","embeddable":true,"href":"https:\/\/mivoot.com\/gt\/wp-json\/wp\/v2\/product_tag?post=22792"}],"curies":[{"name":"wp","href":"https:\/\/api.w.org\/{rel}","templated":true}]}}