{"id":22821,"date":"2024-09-25T13:04:28","date_gmt":"2024-09-25T19:04:28","guid":{"rendered":"https:\/\/mivoot.com\/gt\/?post_type=product&#038;p=22821"},"modified":"2024-09-25T13:51:41","modified_gmt":"2024-09-25T19:51:41","slug":"mochila-para-laptop-15-6-pulgadas-puerto-usb-para-carga-color-gris-klip-xtreme","status":"publish","type":"product","link":"https:\/\/mivoot.com\/gt\/producto\/mochila-para-laptop-15-6-pulgadas-puerto-usb-para-carga-color-gris-klip-xtreme\/","title":{"rendered":"Mochila Para Laptop 15.6&#8221; Puerto USB Para Carga  Gris  Klip Xtreme"},"content":{"rendered":"<h1 style=\"text-align: center\"><span style=\"font-size: 150%\"><strong>Mochila para laptop<\/strong><\/span><\/h1>\n<p style=\"text-align: center\">La impresionante mochila Kruiser redefine el concepto de modernidad y durabilidad que caracteriza a la colecci\u00f3n de accesorios pr\u00e9mium con dise\u00f1o exclusivo de Klip Xtreme. La marca, inspirada por la innovaci\u00f3n y las \u00faltimas tendencias en protecci\u00f3n, combina lo nuevo en portabilidad con elementos de seguridad, con el fin de acomodar con toda facilidad tu computadora port\u00e1til, as\u00ed como todos aquellos art\u00edculos esenciales para la jornada.<\/p>\n<p style=\"text-align: center\">Concebida para mantener tu carga ingeniosamente organizada, accesible y tambi\u00e9n segura, esta mochila dispone de un amplio espacio interior y un sinn\u00famero de compartimentos multiprop\u00f3sito, bolsillos y organizadores, para que puedas llevar contigo todo lo que quieras, literalmente.<\/p>\n<p style=\"text-align: center\">Confeccionada con materiales de excelente calidad a la par con puntos de acceso reforzados \u00a1esta mochila emerge como el mejor accesorio que vas a encontrar, ya sea para cruzar la ciudad o viajar por el mundo con estilo!<\/p>\n<p>&nbsp;<\/p>\n<p>&nbsp;<\/p>\n<p><img fetchpriority=\"high\" decoding=\"async\" class=\"wp-image-22834 alignleft\" src=\"https:\/\/mivoot.com\/gt\/wp-content\/uploads\/2024\/09\/Fotos-lifestyle-KNB-901-1-300x300.jpg\" alt=\"\" width=\"454\" height=\"454\" srcset=\"https:\/\/mivoot.com\/gt\/wp-content\/uploads\/2024\/09\/Fotos-lifestyle-KNB-901-1-300x300.jpg 300w, https:\/\/mivoot.com\/gt\/wp-content\/uploads\/2024\/09\/Fotos-lifestyle-KNB-901-1-250x250.jpg 250w, https:\/\/mivoot.com\/gt\/wp-content\/uploads\/2024\/09\/Fotos-lifestyle-KNB-901-1-100x100.jpg 100w, https:\/\/mivoot.com\/gt\/wp-content\/uploads\/2024\/09\/Fotos-lifestyle-KNB-901-1-410x410.jpg 410w, https:\/\/mivoot.com\/gt\/wp-content\/uploads\/2024\/09\/Fotos-lifestyle-KNB-901-1-64x64.jpg 64w, https:\/\/mivoot.com\/gt\/wp-content\/uploads\/2024\/09\/Fotos-lifestyle-KNB-901-1-150x150.jpg 150w, https:\/\/mivoot.com\/gt\/wp-content\/uploads\/2024\/09\/Fotos-lifestyle-KNB-901-1-768x768.jpg 768w, https:\/\/mivoot.com\/gt\/wp-content\/uploads\/2024\/09\/Fotos-lifestyle-KNB-901-1-600x600.jpg 600w, https:\/\/mivoot.com\/gt\/wp-content\/uploads\/2024\/09\/Fotos-lifestyle-KNB-901-1-50x50.jpg 50w, https:\/\/mivoot.com\/gt\/wp-content\/uploads\/2024\/09\/Fotos-lifestyle-KNB-901-1.jpg 800w\" sizes=\"(max-width: 454px) 100vw, 454px\" \/><\/p>\n<p>&nbsp;<\/p>\n<p>&nbsp;<\/p>\n<p>&nbsp;<\/p>\n<p>&nbsp;<\/p>\n<p><img decoding=\"async\" class=\"m-auto aligncenter\" src=\"https:\/\/klip-xtreme-frontend.s3.amazonaws.com\/media\/img\/laptops%2015.6.png\" \/><\/p>\n<p class=\"product-banner-subtitle mb-0\" style=\"text-align: center\">Para laptops de hasta 15.6in<\/p>\n<p>&nbsp;<\/p>\n<p>&nbsp;<\/p>\n<p>&nbsp;<\/p>\n<p>&nbsp;<\/p>\n<p>&nbsp;<\/p>\n<p>&nbsp;<\/p>\n<p><img decoding=\"async\" class=\"wp-image-22833 alignright\" src=\"https:\/\/mivoot.com\/gt\/wp-content\/uploads\/2024\/09\/Fotos-lifestyle-KNB-901-2-300x300.jpg\" alt=\"\" width=\"458\" height=\"458\" srcset=\"https:\/\/mivoot.com\/gt\/wp-content\/uploads\/2024\/09\/Fotos-lifestyle-KNB-901-2-300x300.jpg 300w, https:\/\/mivoot.com\/gt\/wp-content\/uploads\/2024\/09\/Fotos-lifestyle-KNB-901-2-250x250.jpg 250w, https:\/\/mivoot.com\/gt\/wp-content\/uploads\/2024\/09\/Fotos-lifestyle-KNB-901-2-100x100.jpg 100w, https:\/\/mivoot.com\/gt\/wp-content\/uploads\/2024\/09\/Fotos-lifestyle-KNB-901-2-410x410.jpg 410w, https:\/\/mivoot.com\/gt\/wp-content\/uploads\/2024\/09\/Fotos-lifestyle-KNB-901-2-64x64.jpg 64w, https:\/\/mivoot.com\/gt\/wp-content\/uploads\/2024\/09\/Fotos-lifestyle-KNB-901-2-150x150.jpg 150w, https:\/\/mivoot.com\/gt\/wp-content\/uploads\/2024\/09\/Fotos-lifestyle-KNB-901-2-768x768.jpg 768w, https:\/\/mivoot.com\/gt\/wp-content\/uploads\/2024\/09\/Fotos-lifestyle-KNB-901-2-600x600.jpg 600w, https:\/\/mivoot.com\/gt\/wp-content\/uploads\/2024\/09\/Fotos-lifestyle-KNB-901-2-50x50.jpg 50w, https:\/\/mivoot.com\/gt\/wp-content\/uploads\/2024\/09\/Fotos-lifestyle-KNB-901-2.jpg 800w\" sizes=\"(max-width: 458px) 100vw, 458px\" \/><\/p>\n<p>&nbsp;<\/p>\n<p>&nbsp;<\/p>\n<p>&nbsp;<\/p>\n<p>&nbsp;<\/p>\n<p><img decoding=\"async\" class=\"m-auto aligncenter\" src=\"https:\/\/klip-xtreme-frontend.s3.amazonaws.com\/media\/img\/Iconos-KSB-620-antirrobo.png\" \/><\/p>\n<p class=\"product-banner-subtitle mb-0\" style=\"text-align: center\">Dise\u00f1o antirrobo con cierres ocultos<\/p>\n<p>&nbsp;<\/p>\n<p>&nbsp;<\/p>\n<p>&nbsp;<\/p>\n<p>&nbsp;<\/p>\n<p>&nbsp;<\/p>\n<p><img decoding=\"async\" class=\"wp-image-22832 alignleft\" src=\"https:\/\/mivoot.com\/gt\/wp-content\/uploads\/2024\/09\/Fotos-lifestyle-KNB-901-3-300x300.jpg\" alt=\"\" width=\"488\" height=\"488\" srcset=\"https:\/\/mivoot.com\/gt\/wp-content\/uploads\/2024\/09\/Fotos-lifestyle-KNB-901-3-300x300.jpg 300w, https:\/\/mivoot.com\/gt\/wp-content\/uploads\/2024\/09\/Fotos-lifestyle-KNB-901-3-250x250.jpg 250w, https:\/\/mivoot.com\/gt\/wp-content\/uploads\/2024\/09\/Fotos-lifestyle-KNB-901-3-100x100.jpg 100w, https:\/\/mivoot.com\/gt\/wp-content\/uploads\/2024\/09\/Fotos-lifestyle-KNB-901-3-410x410.jpg 410w, https:\/\/mivoot.com\/gt\/wp-content\/uploads\/2024\/09\/Fotos-lifestyle-KNB-901-3-64x64.jpg 64w, https:\/\/mivoot.com\/gt\/wp-content\/uploads\/2024\/09\/Fotos-lifestyle-KNB-901-3-150x150.jpg 150w, https:\/\/mivoot.com\/gt\/wp-content\/uploads\/2024\/09\/Fotos-lifestyle-KNB-901-3-768x768.jpg 768w, https:\/\/mivoot.com\/gt\/wp-content\/uploads\/2024\/09\/Fotos-lifestyle-KNB-901-3-600x600.jpg 600w, https:\/\/mivoot.com\/gt\/wp-content\/uploads\/2024\/09\/Fotos-lifestyle-KNB-901-3-50x50.jpg 50w, https:\/\/mivoot.com\/gt\/wp-content\/uploads\/2024\/09\/Fotos-lifestyle-KNB-901-3.jpg 800w\" sizes=\"(max-width: 488px) 100vw, 488px\" \/><\/p>\n<p>&nbsp;<\/p>\n<p>&nbsp;<\/p>\n<p>&nbsp;<\/p>\n<p>&nbsp;<\/p>\n<p><img decoding=\"async\" class=\"m-auto aligncenter\" src=\"https:\/\/klip-xtreme-frontend.s3.amazonaws.com\/media\/img\/Iconos-KSB-620-USB.png\" \/><\/p>\n<p class=\"product-banner-subtitle mb-0\" style=\"text-align: center\">Puerto USB para carga<\/p>\n<p>&nbsp;<\/p>\n<p>&nbsp;<\/p>\n<p>&nbsp;<\/p>\n<p>&nbsp;<\/p>\n<p>&nbsp;<\/p>\n<p>&nbsp;<\/p>\n<p>&nbsp;<\/p>\n<p><img loading=\"lazy\" decoding=\"async\" class=\" wp-image-22831 alignright\" src=\"https:\/\/mivoot.com\/gt\/wp-content\/uploads\/2024\/09\/Fotos-lifestyle-KNB-901-4-300x300.jpg\" alt=\"\" width=\"462\" height=\"462\" srcset=\"https:\/\/mivoot.com\/gt\/wp-content\/uploads\/2024\/09\/Fotos-lifestyle-KNB-901-4-300x300.jpg 300w, https:\/\/mivoot.com\/gt\/wp-content\/uploads\/2024\/09\/Fotos-lifestyle-KNB-901-4-250x250.jpg 250w, https:\/\/mivoot.com\/gt\/wp-content\/uploads\/2024\/09\/Fotos-lifestyle-KNB-901-4-100x100.jpg 100w, https:\/\/mivoot.com\/gt\/wp-content\/uploads\/2024\/09\/Fotos-lifestyle-KNB-901-4-410x410.jpg 410w, https:\/\/mivoot.com\/gt\/wp-content\/uploads\/2024\/09\/Fotos-lifestyle-KNB-901-4-64x64.jpg 64w, https:\/\/mivoot.com\/gt\/wp-content\/uploads\/2024\/09\/Fotos-lifestyle-KNB-901-4-150x150.jpg 150w, https:\/\/mivoot.com\/gt\/wp-content\/uploads\/2024\/09\/Fotos-lifestyle-KNB-901-4-768x768.jpg 768w, https:\/\/mivoot.com\/gt\/wp-content\/uploads\/2024\/09\/Fotos-lifestyle-KNB-901-4-600x600.jpg 600w, https:\/\/mivoot.com\/gt\/wp-content\/uploads\/2024\/09\/Fotos-lifestyle-KNB-901-4-50x50.jpg 50w, https:\/\/mivoot.com\/gt\/wp-content\/uploads\/2024\/09\/Fotos-lifestyle-KNB-901-4.jpg 800w\" sizes=\"(max-width: 462px) 100vw, 462px\" \/><\/p>\n<p>&nbsp;<\/p>\n<p>&nbsp;<\/p>\n<p>&nbsp;<\/p>\n<p>&nbsp;<\/p>\n<p><img decoding=\"async\" class=\"m-auto aligncenter\" src=\"https:\/\/klip-xtreme-frontend.s3.amazonaws.com\/media\/img\/Recurso%208(0).png\" \/><\/p>\n<p class=\"product-banner-subtitle mb-0\" style=\"text-align: center\">Compartimiento tecnol\u00f3gico compatible con TSA<\/p>\n<p>&nbsp;<\/p>\n<p>&nbsp;<\/p>\n<p>&nbsp;<\/p>\n<p>&nbsp;<\/p>\n<p>&nbsp;<\/p>\n<p>&nbsp;<\/p>\n<ul>\n<li><strong>Refinada protecci\u00f3n:<\/strong>\u00a0Compartimiento especial completamente forrado y acolchado con separador interior y cinta, ideal para computadoras de hasta 15,6 pulgadas y tabletas de hasta 12 pulgadas<\/li>\n<li><strong>Compartimiento tecnol\u00f3gico compatible con TSA:<\/strong>\u00a0El acceso total te permite pasar expeditamente los controles en los puestos de seguridad, ya que nunca m\u00e1s tendr\u00e1s que retirar los equipos guardados en su interior<\/li>\n<li><strong>Tranquilidad en cualquier lugar:\u00a0<\/strong>Bolsillo antirrobo con cierre de cremallera oculto en el panel posterior brinda mayor protecci\u00f3n a tu valiosa carga o documentos importantes cuando est\u00e1s de viaje-Hebillas de fijaci\u00f3n integradas aseguran la mochila en cualquier punto de anclaje con la simple pulsaci\u00f3n del broche<\/li>\n<li><strong>Organizaci\u00f3n:<\/strong>\u00a0Compartimiento principal con tres bolsillos con cierre de cremallera, a la par con organizadores de malla, ofrecen suficiente espacio para llevar art\u00edculos personales, carpetas, dispositivos m\u00f3viles y toda clase de accesorios &#8211; Tres bolsillos con cierre de cremallera en el panel frontal garantizan el acceso r\u00e1pido a art\u00edculos de uso frecuente &#8211; Pr\u00e1cticos bolsillos exteriores ubicados a cada lado mantienen las llaves, cables y l\u00e1pices bien organizados y siempre a la mano<\/li>\n<li><strong>Conveniencia:\u00a0<\/strong>&#8211; Bolsillo integrado para bater\u00eda port\u00e1til con conexi\u00f3n a puerto USB externo te permite mantener tus dispositivos siempre energizados adondequiera que vayas<\/li>\n<li><strong>Comodidad:<\/strong>\u00a0Dise\u00f1o liviano con panel posterior de malla densamente acolchado, perfecto para cargar tus equipos c\u00f3modamente en la espalda<\/li>\n<li><strong>Material:<\/strong>\u00a0Elaborada con nylon de1600 deniers de excelente calidad y suave forro interior &#8211; Los tiradores met\u00e1licos de los cierres realzan la gran durabilidad, as\u00ed como el moderno dise\u00f1o de esta original mochila<\/li>\n<\/ul>\n<p><strong>\u200b<\/strong><\/p>\n","protected":false},"excerpt":{"rendered":"<p>&#8211; Apta para computadoras port\u00e1tiles de hasta: 15,6 pulgadas<br \/>\n&#8211; Caracter\u00edstica especial: Puerto de carga USB<br \/>\n&#8211; N\u00famero de compartimentos: Dos compartimentos principales<br \/>\n&#8211; Bolsillo para tableta: Hasta 12 pulgadas<br \/>\n&#8211; Bolsillos externos para accesorios: Cuatro bolsillos externos con cierre en el frente, dos bolsillos externos a los costados y un bolsillo<br \/>\nde seguridad con cierre en la parte trasera<br \/>\n&#8211; Bolsillos internos para accesorios: Varios bolsillos con cierre y de malla<br \/>\n&#8211; Acolchado posterior: Acolchado con malla<br \/>\n&#8211; Material: Exterior: 100% nylon deniers 1600D \/ forro: 100% nylon<br \/>\n&#8211; Exterior: 47x30x14cm<br \/>\n&#8211; Compartimento para laptop (bolsillo separado): 38x27x2cm<br \/>\n&#8211; Capacidad de carga m\u00e1xima con los tirantes para los hombros: 15kg<br \/>\n&#8211; Peso: 1kg<\/p>\n","protected":false},"featured_media":22825,"comment_status":"open","ping_status":"closed","template":"","meta":{"jetpack_publicize_message":"","jetpack_publicize_feature_enabled":true,"jetpack_social_post_already_shared":true,"jetpack_social_options":{"image_generator_settings":{"template":"highway","default_image_id":0,"font":"","enabled":false},"version":2}},"pwb-brand":[79],"product_brand":[],"product_cat":[27],"product_tag":[],"class_list":{"0":"post-22821","1":"product","2":"type-product","3":"status-publish","4":"has-post-thumbnail","6":"pwb-brand-klip-xtreme","7":"product_cat-mochilas","9":"first","10":"instock","11":"taxable","12":"shipping-taxable","13":"purchasable","14":"product-type-simple"},"yoast_head":"<!-- This site is optimized with the Yoast SEO Premium plugin v25.7.1 (Yoast SEO v26.8) - https:\/\/yoast.com\/product\/yoast-seo-premium-wordpress\/ -->\n<title>Mochila Para Laptop 15.6&#039;&#039; Puerto USB Para Carga Gris Klip Xtreme - Mivoot<\/title>\n<meta name=\"robots\" content=\"index, follow, max-snippet:-1, max-image-preview:large, max-video-preview:-1\" \/>\n<link rel=\"canonical\" href=\"https:\/\/mivoot.com\/gt\/producto\/mochila-para-laptop-15-6-pulgadas-puerto-usb-para-carga-color-gris-klip-xtreme\/\" \/>\n<meta property=\"og:locale\" content=\"es_ES\" \/>\n<meta property=\"og:type\" content=\"article\" \/>\n<meta property=\"og:title\" content=\"Mochila Para Laptop 15.6&#039;&#039; Puerto USB Para Carga Gris Klip Xtreme\" \/>\n<meta property=\"og:description\" content=\"- Apta para computadoras port\u00e1tiles de hasta: 15,6 pulgadas - Caracter\u00edstica especial: Puerto de carga USB - N\u00famero de compartimentos: Dos compartimentos principales - Bolsillo para tableta: Hasta 12 pulgadas - Bolsillos externos para accesorios: Cuatro bolsillos externos con cierre en el frente, dos bolsillos externos a los costados y un bolsillo de seguridad con cierre en la parte trasera - Bolsillos internos para accesorios: Varios bolsillos con cierre y de malla - Acolchado posterior: Acolchado con malla - Material: Exterior: 100% nylon deniers 1600D \/ forro: 100% nylon - Exterior: 47x30x14cm - Compartimento para laptop (bolsillo separado): 38x27x2cm - Capacidad de carga m\u00e1xima con los tirantes para los hombros: 15kg - Peso: 1kg\" \/>\n<meta property=\"og:url\" content=\"https:\/\/mivoot.com\/gt\/producto\/mochila-para-laptop-15-6-pulgadas-puerto-usb-para-carga-color-gris-klip-xtreme\/\" \/>\n<meta property=\"og:site_name\" content=\"Mivoot\" \/>\n<meta property=\"article:publisher\" content=\"https:\/\/www.facebook.com\/mivootgt\" \/>\n<meta property=\"article:modified_time\" content=\"2024-09-25T19:51:41+00:00\" \/>\n<meta property=\"og:image\" content=\"https:\/\/mivoot.com\/gt\/wp-content\/uploads\/2024\/09\/fotos-landing-KNB-901.jpg\" \/>\n\t<meta property=\"og:image:width\" content=\"800\" \/>\n\t<meta property=\"og:image:height\" content=\"800\" \/>\n\t<meta property=\"og:image:type\" content=\"image\/jpeg\" \/>\n<meta name=\"twitter:card\" content=\"summary_large_image\" \/>\n<meta name=\"twitter:label1\" content=\"Est. reading time\" \/>\n\t<meta name=\"twitter:data1\" content=\"4 minutos\" \/>\n<script type=\"application\/ld+json\" class=\"yoast-schema-graph\">{\"@context\":\"https:\/\/schema.org\",\"@graph\":[{\"@type\":\"WebPage\",\"@id\":\"https:\/\/mivoot.com\/gt\/producto\/mochila-para-laptop-15-6-pulgadas-puerto-usb-para-carga-color-gris-klip-xtreme\/\",\"url\":\"https:\/\/mivoot.com\/gt\/producto\/mochila-para-laptop-15-6-pulgadas-puerto-usb-para-carga-color-gris-klip-xtreme\/\",\"name\":\"Mochila Para Laptop 15.6'' Puerto USB Para Carga Gris Klip Xtreme - Mivoot\",\"isPartOf\":{\"@id\":\"https:\/\/mivoot.com\/gt\/#website\"},\"primaryImageOfPage\":{\"@id\":\"https:\/\/mivoot.com\/gt\/producto\/mochila-para-laptop-15-6-pulgadas-puerto-usb-para-carga-color-gris-klip-xtreme\/#primaryimage\"},\"image\":{\"@id\":\"https:\/\/mivoot.com\/gt\/producto\/mochila-para-laptop-15-6-pulgadas-puerto-usb-para-carga-color-gris-klip-xtreme\/#primaryimage\"},\"thumbnailUrl\":\"https:\/\/mivoot.com\/gt\/wp-content\/uploads\/2024\/09\/fotos-landing-KNB-901.jpg\",\"datePublished\":\"2024-09-25T19:04:28+00:00\",\"dateModified\":\"2024-09-25T19:51:41+00:00\",\"breadcrumb\":{\"@id\":\"https:\/\/mivoot.com\/gt\/producto\/mochila-para-laptop-15-6-pulgadas-puerto-usb-para-carga-color-gris-klip-xtreme\/#breadcrumb\"},\"inLanguage\":\"es\",\"potentialAction\":[{\"@type\":\"ReadAction\",\"target\":[\"https:\/\/mivoot.com\/gt\/producto\/mochila-para-laptop-15-6-pulgadas-puerto-usb-para-carga-color-gris-klip-xtreme\/\"]}]},{\"@type\":\"ImageObject\",\"inLanguage\":\"es\",\"@id\":\"https:\/\/mivoot.com\/gt\/producto\/mochila-para-laptop-15-6-pulgadas-puerto-usb-para-carga-color-gris-klip-xtreme\/#primaryimage\",\"url\":\"https:\/\/mivoot.com\/gt\/wp-content\/uploads\/2024\/09\/fotos-landing-KNB-901.jpg\",\"contentUrl\":\"https:\/\/mivoot.com\/gt\/wp-content\/uploads\/2024\/09\/fotos-landing-KNB-901.jpg\",\"width\":800,\"height\":800},{\"@type\":\"BreadcrumbList\",\"@id\":\"https:\/\/mivoot.com\/gt\/producto\/mochila-para-laptop-15-6-pulgadas-puerto-usb-para-carga-color-gris-klip-xtreme\/#breadcrumb\",\"itemListElement\":[{\"@type\":\"ListItem\",\"position\":1,\"name\":\"Inicio\",\"item\":\"https:\/\/mivoot.com\/gt\/\"},{\"@type\":\"ListItem\",\"position\":2,\"name\":\"Productos\",\"item\":\"https:\/\/mivoot.com\/gt\/producto\/\"},{\"@type\":\"ListItem\",\"position\":3,\"name\":\"Klip Xtreme\",\"item\":\"https:\/\/mivoot.com\/gt\/marca\/klip-xtreme\/\"},{\"@type\":\"ListItem\",\"position\":4,\"name\":\"Mochila Para Laptop 15.6&#8221; Puerto USB Para Carga Gris Klip Xtreme\"}]},{\"@type\":\"WebSite\",\"@id\":\"https:\/\/mivoot.com\/gt\/#website\",\"url\":\"https:\/\/mivoot.com\/gt\/\",\"name\":\"Mivoot\",\"description\":\"Mivoot Guatemala | Tienda Online\",\"publisher\":{\"@id\":\"https:\/\/mivoot.com\/gt\/#organization\"},\"alternateName\":\"mivoot\",\"potentialAction\":[{\"@type\":\"SearchAction\",\"target\":{\"@type\":\"EntryPoint\",\"urlTemplate\":\"https:\/\/mivoot.com\/gt\/?s={search_term_string}\"},\"query-input\":{\"@type\":\"PropertyValueSpecification\",\"valueRequired\":true,\"valueName\":\"search_term_string\"}}],\"inLanguage\":\"es\"},{\"@type\":\"Organization\",\"@id\":\"https:\/\/mivoot.com\/gt\/#organization\",\"name\":\"Mivoot Guatemala\",\"alternateName\":\"mivoot.com\",\"url\":\"https:\/\/mivoot.com\/gt\/\",\"logo\":{\"@type\":\"ImageObject\",\"inLanguage\":\"es\",\"@id\":\"https:\/\/mivoot.com\/gt\/#\/schema\/logo\/image\/\",\"url\":\"https:\/\/mivoot.com\/gt\/wp-content\/uploads\/2023\/03\/cropped-icon.png\",\"contentUrl\":\"https:\/\/mivoot.com\/gt\/wp-content\/uploads\/2023\/03\/cropped-icon.png\",\"width\":512,\"height\":512,\"caption\":\"Mivoot Guatemala\"},\"image\":{\"@id\":\"https:\/\/mivoot.com\/gt\/#\/schema\/logo\/image\/\"},\"sameAs\":[\"https:\/\/www.facebook.com\/mivootgt\",\"https:\/\/instagram.com\/mivoot\"]}]}<\/script>\n<!-- \/ Yoast SEO Premium plugin. -->","yoast_head_json":{"title":"Mochila Para Laptop 15.6'' Puerto USB Para Carga Gris Klip Xtreme - Mivoot","robots":{"index":"index","follow":"follow","max-snippet":"max-snippet:-1","max-image-preview":"max-image-preview:large","max-video-preview":"max-video-preview:-1"},"canonical":"https:\/\/mivoot.com\/gt\/producto\/mochila-para-laptop-15-6-pulgadas-puerto-usb-para-carga-color-gris-klip-xtreme\/","og_locale":"es_ES","og_type":"article","og_title":"Mochila Para Laptop 15.6'' Puerto USB Para Carga Gris Klip Xtreme","og_description":"- Apta para computadoras port\u00e1tiles de hasta: 15,6 pulgadas - Caracter\u00edstica especial: Puerto de carga USB - N\u00famero de compartimentos: Dos compartimentos principales - Bolsillo para tableta: Hasta 12 pulgadas - Bolsillos externos para accesorios: Cuatro bolsillos externos con cierre en el frente, dos bolsillos externos a los costados y un bolsillo de seguridad con cierre en la parte trasera - Bolsillos internos para accesorios: Varios bolsillos con cierre y de malla - Acolchado posterior: Acolchado con malla - Material: Exterior: 100% nylon deniers 1600D \/ forro: 100% nylon - Exterior: 47x30x14cm - Compartimento para laptop (bolsillo separado): 38x27x2cm - Capacidad de carga m\u00e1xima con los tirantes para los hombros: 15kg - Peso: 1kg","og_url":"https:\/\/mivoot.com\/gt\/producto\/mochila-para-laptop-15-6-pulgadas-puerto-usb-para-carga-color-gris-klip-xtreme\/","og_site_name":"Mivoot","article_publisher":"https:\/\/www.facebook.com\/mivootgt","article_modified_time":"2024-09-25T19:51:41+00:00","og_image":[{"width":800,"height":800,"url":"https:\/\/mivoot.com\/gt\/wp-content\/uploads\/2024\/09\/fotos-landing-KNB-901.jpg","type":"image\/jpeg"}],"twitter_card":"summary_large_image","twitter_misc":{"Est. reading time":"4 minutos"},"schema":{"@context":"https:\/\/schema.org","@graph":[{"@type":"WebPage","@id":"https:\/\/mivoot.com\/gt\/producto\/mochila-para-laptop-15-6-pulgadas-puerto-usb-para-carga-color-gris-klip-xtreme\/","url":"https:\/\/mivoot.com\/gt\/producto\/mochila-para-laptop-15-6-pulgadas-puerto-usb-para-carga-color-gris-klip-xtreme\/","name":"Mochila Para Laptop 15.6'' Puerto USB Para Carga Gris Klip Xtreme - Mivoot","isPartOf":{"@id":"https:\/\/mivoot.com\/gt\/#website"},"primaryImageOfPage":{"@id":"https:\/\/mivoot.com\/gt\/producto\/mochila-para-laptop-15-6-pulgadas-puerto-usb-para-carga-color-gris-klip-xtreme\/#primaryimage"},"image":{"@id":"https:\/\/mivoot.com\/gt\/producto\/mochila-para-laptop-15-6-pulgadas-puerto-usb-para-carga-color-gris-klip-xtreme\/#primaryimage"},"thumbnailUrl":"https:\/\/mivoot.com\/gt\/wp-content\/uploads\/2024\/09\/fotos-landing-KNB-901.jpg","datePublished":"2024-09-25T19:04:28+00:00","dateModified":"2024-09-25T19:51:41+00:00","breadcrumb":{"@id":"https:\/\/mivoot.com\/gt\/producto\/mochila-para-laptop-15-6-pulgadas-puerto-usb-para-carga-color-gris-klip-xtreme\/#breadcrumb"},"inLanguage":"es","potentialAction":[{"@type":"ReadAction","target":["https:\/\/mivoot.com\/gt\/producto\/mochila-para-laptop-15-6-pulgadas-puerto-usb-para-carga-color-gris-klip-xtreme\/"]}]},{"@type":"ImageObject","inLanguage":"es","@id":"https:\/\/mivoot.com\/gt\/producto\/mochila-para-laptop-15-6-pulgadas-puerto-usb-para-carga-color-gris-klip-xtreme\/#primaryimage","url":"https:\/\/mivoot.com\/gt\/wp-content\/uploads\/2024\/09\/fotos-landing-KNB-901.jpg","contentUrl":"https:\/\/mivoot.com\/gt\/wp-content\/uploads\/2024\/09\/fotos-landing-KNB-901.jpg","width":800,"height":800},{"@type":"BreadcrumbList","@id":"https:\/\/mivoot.com\/gt\/producto\/mochila-para-laptop-15-6-pulgadas-puerto-usb-para-carga-color-gris-klip-xtreme\/#breadcrumb","itemListElement":[{"@type":"ListItem","position":1,"name":"Inicio","item":"https:\/\/mivoot.com\/gt\/"},{"@type":"ListItem","position":2,"name":"Productos","item":"https:\/\/mivoot.com\/gt\/producto\/"},{"@type":"ListItem","position":3,"name":"Klip Xtreme","item":"https:\/\/mivoot.com\/gt\/marca\/klip-xtreme\/"},{"@type":"ListItem","position":4,"name":"Mochila Para Laptop 15.6&#8221; Puerto USB Para Carga Gris Klip Xtreme"}]},{"@type":"WebSite","@id":"https:\/\/mivoot.com\/gt\/#website","url":"https:\/\/mivoot.com\/gt\/","name":"Mivoot","description":"Mivoot Guatemala | Tienda Online","publisher":{"@id":"https:\/\/mivoot.com\/gt\/#organization"},"alternateName":"mivoot","potentialAction":[{"@type":"SearchAction","target":{"@type":"EntryPoint","urlTemplate":"https:\/\/mivoot.com\/gt\/?s={search_term_string}"},"query-input":{"@type":"PropertyValueSpecification","valueRequired":true,"valueName":"search_term_string"}}],"inLanguage":"es"},{"@type":"Organization","@id":"https:\/\/mivoot.com\/gt\/#organization","name":"Mivoot Guatemala","alternateName":"mivoot.com","url":"https:\/\/mivoot.com\/gt\/","logo":{"@type":"ImageObject","inLanguage":"es","@id":"https:\/\/mivoot.com\/gt\/#\/schema\/logo\/image\/","url":"https:\/\/mivoot.com\/gt\/wp-content\/uploads\/2023\/03\/cropped-icon.png","contentUrl":"https:\/\/mivoot.com\/gt\/wp-content\/uploads\/2023\/03\/cropped-icon.png","width":512,"height":512,"caption":"Mivoot Guatemala"},"image":{"@id":"https:\/\/mivoot.com\/gt\/#\/schema\/logo\/image\/"},"sameAs":["https:\/\/www.facebook.com\/mivootgt","https:\/\/instagram.com\/mivoot"]}]}},"jetpack_publicize_connections":[],"jetpack_sharing_enabled":true,"brands":[{"id":79,"name":"Klip Xtreme","slug":"klip-xtreme"}],"_links":{"self":[{"href":"https:\/\/mivoot.com\/gt\/wp-json\/wp\/v2\/product\/22821","targetHints":{"allow":["GET"]}}],"collection":[{"href":"https:\/\/mivoot.com\/gt\/wp-json\/wp\/v2\/product"}],"about":[{"href":"https:\/\/mivoot.com\/gt\/wp-json\/wp\/v2\/types\/product"}],"replies":[{"embeddable":true,"href":"https:\/\/mivoot.com\/gt\/wp-json\/wp\/v2\/comments?post=22821"}],"version-history":[{"count":3,"href":"https:\/\/mivoot.com\/gt\/wp-json\/wp\/v2\/product\/22821\/revisions"}],"predecessor-version":[{"id":22847,"href":"https:\/\/mivoot.com\/gt\/wp-json\/wp\/v2\/product\/22821\/revisions\/22847"}],"wp:featuredmedia":[{"embeddable":true,"href":"https:\/\/mivoot.com\/gt\/wp-json\/wp\/v2\/media\/22825"}],"wp:attachment":[{"href":"https:\/\/mivoot.com\/gt\/wp-json\/wp\/v2\/media?parent=22821"}],"wp:term":[{"taxonomy":"pwb-brand","embeddable":true,"href":"https:\/\/mivoot.com\/gt\/wp-json\/wp\/v2\/pwb-brand?post=22821"},{"taxonomy":"product_brand","embeddable":true,"href":"https:\/\/mivoot.com\/gt\/wp-json\/wp\/v2\/product_brand?post=22821"},{"taxonomy":"product_cat","embeddable":true,"href":"https:\/\/mivoot.com\/gt\/wp-json\/wp\/v2\/product_cat?post=22821"},{"taxonomy":"product_tag","embeddable":true,"href":"https:\/\/mivoot.com\/gt\/wp-json\/wp\/v2\/product_tag?post=22821"}],"curies":[{"name":"wp","href":"https:\/\/api.w.org\/{rel}","templated":true}]}}