{"id":22876,"date":"2024-09-25T16:16:34","date_gmt":"2024-09-25T22:16:34","guid":{"rendered":"https:\/\/mivoot.com\/gt\/?post_type=product&#038;p=22876"},"modified":"2024-09-27T13:19:40","modified_gmt":"2024-09-27T19:19:40","slug":"mochila-indigo-15-6-azul-klip-xtreme-2","status":"publish","type":"product","link":"https:\/\/mivoot.com\/gt\/producto\/mochila-indigo-15-6-azul-klip-xtreme-2\/","title":{"rendered":"Mochila para Laptop 15.6&#8243; Azul Indigo Klip Xtreme"},"content":{"rendered":"<h1 style=\"text-align: center\"><span style=\"font-size: 150%\"><strong>Mochila para laptop<\/strong><\/span><\/h1>\n<p style=\"text-align: center\">La mochila para laptop<strong>\u00a0KNB-416<\/strong>\u00a0es perfecta para el colegio, la oficina o para ir de excursi\u00f3n el fin de semana. Al disponer de compartimientos especiales para llevar tu laptop y el tel\u00e9fono, esta mochila ofrece suficiente espacio interior para guardar tus dispositivos port\u00e1tiles, accesorios y todo lo que necesitas para la jornada.<\/p>\n<p style=\"text-align: center\">Los tirantes acolchados tambi\u00e9n permiten llevar la mochila sin causar ninguna molestia, en tanto que las cremalleras con tiradores de metal acent\u00faan su estilo contempor\u00e1neo y refinado. La mochila\u00a0<strong>KNB-416 <\/strong>mantiene tus dispositivos digitales seguros en su interior, \u00a1para que puedas enfrentar los desaf\u00edos de tu rutina diaria con toda confianza!<\/p>\n<p>&nbsp;<\/p>\n<p><img fetchpriority=\"high\" decoding=\"async\" class=\"wp-image-22874 alignleft\" src=\"https:\/\/mivoot.com\/gt\/wp-content\/uploads\/2023\/06\/KNB-416-imgico-1-300x300.jpg\" alt=\"\" width=\"529\" height=\"529\" srcset=\"https:\/\/mivoot.com\/gt\/wp-content\/uploads\/2023\/06\/KNB-416-imgico-1-300x300.jpg 300w, https:\/\/mivoot.com\/gt\/wp-content\/uploads\/2023\/06\/KNB-416-imgico-1-250x250.jpg 250w, https:\/\/mivoot.com\/gt\/wp-content\/uploads\/2023\/06\/KNB-416-imgico-1-100x100.jpg 100w, https:\/\/mivoot.com\/gt\/wp-content\/uploads\/2023\/06\/KNB-416-imgico-1-410x410.jpg 410w, https:\/\/mivoot.com\/gt\/wp-content\/uploads\/2023\/06\/KNB-416-imgico-1-64x64.jpg 64w, https:\/\/mivoot.com\/gt\/wp-content\/uploads\/2023\/06\/KNB-416-imgico-1-150x150.jpg 150w, https:\/\/mivoot.com\/gt\/wp-content\/uploads\/2023\/06\/KNB-416-imgico-1-768x768.jpg 768w, https:\/\/mivoot.com\/gt\/wp-content\/uploads\/2023\/06\/KNB-416-imgico-1-600x600.jpg 600w, https:\/\/mivoot.com\/gt\/wp-content\/uploads\/2023\/06\/KNB-416-imgico-1-50x50.jpg 50w, https:\/\/mivoot.com\/gt\/wp-content\/uploads\/2023\/06\/KNB-416-imgico-1.jpg 800w\" sizes=\"(max-width: 529px) 100vw, 529px\" \/><\/p>\n<p>&nbsp;<\/p>\n<p>&nbsp;<\/p>\n<p>&nbsp;<\/p>\n<p>&nbsp;<\/p>\n<p>&nbsp;<\/p>\n<p><img decoding=\"async\" class=\"m-auto aligncenter\" src=\"https:\/\/klip-xtreme-frontend.s3.amazonaws.com\/media\/img\/Icon-15screen-size-laptop.png\" \/><\/p>\n<p class=\"product-banner-subtitle mb-0\" style=\"text-align: center\">Para port\u00e1tiles de hasta 15.6&#8243;<\/p>\n<p>&nbsp;<\/p>\n<p>&nbsp;<\/p>\n<p>&nbsp;<\/p>\n<p>&nbsp;<\/p>\n<p>&nbsp;<\/p>\n<p>&nbsp;<\/p>\n<p>&nbsp;<\/p>\n<p>&nbsp;<\/p>\n<p><img decoding=\"async\" class=\"wp-image-22871 alignright\" src=\"https:\/\/mivoot.com\/gt\/wp-content\/uploads\/2023\/06\/KNB-416-imgico-2-300x300.jpg\" alt=\"\" width=\"536\" height=\"536\" srcset=\"https:\/\/mivoot.com\/gt\/wp-content\/uploads\/2023\/06\/KNB-416-imgico-2-300x300.jpg 300w, https:\/\/mivoot.com\/gt\/wp-content\/uploads\/2023\/06\/KNB-416-imgico-2-250x250.jpg 250w, https:\/\/mivoot.com\/gt\/wp-content\/uploads\/2023\/06\/KNB-416-imgico-2-100x100.jpg 100w, https:\/\/mivoot.com\/gt\/wp-content\/uploads\/2023\/06\/KNB-416-imgico-2-410x410.jpg 410w, https:\/\/mivoot.com\/gt\/wp-content\/uploads\/2023\/06\/KNB-416-imgico-2-64x64.jpg 64w, https:\/\/mivoot.com\/gt\/wp-content\/uploads\/2023\/06\/KNB-416-imgico-2-150x150.jpg 150w, https:\/\/mivoot.com\/gt\/wp-content\/uploads\/2023\/06\/KNB-416-imgico-2-768x768.jpg 768w, https:\/\/mivoot.com\/gt\/wp-content\/uploads\/2023\/06\/KNB-416-imgico-2-600x600.jpg 600w, https:\/\/mivoot.com\/gt\/wp-content\/uploads\/2023\/06\/KNB-416-imgico-2-50x50.jpg 50w, https:\/\/mivoot.com\/gt\/wp-content\/uploads\/2023\/06\/KNB-416-imgico-2.jpg 800w\" sizes=\"(max-width: 536px) 100vw, 536px\" \/><\/p>\n<p>&nbsp;<\/p>\n<p>&nbsp;<\/p>\n<p>&nbsp;<\/p>\n<p>&nbsp;<\/p>\n<p>&nbsp;<\/p>\n<p><img decoding=\"async\" class=\"m-auto aligncenter\" src=\"https:\/\/klip-xtreme-frontend.s3.amazonaws.com\/media\/img\/Icon-organizer.png\" \/><\/p>\n<p class=\"product-banner-subtitle mb-0\" style=\"text-align: center\">Organizador<\/p>\n<p>&nbsp;<\/p>\n<p>&nbsp;<\/p>\n<p>&nbsp;<\/p>\n<p>&nbsp;<\/p>\n<p>&nbsp;<\/p>\n<p>&nbsp;<\/p>\n<p><img decoding=\"async\" class=\"wp-image-22872 alignleft\" src=\"https:\/\/mivoot.com\/gt\/wp-content\/uploads\/2023\/06\/KNB-416-imgico-3-300x300.jpg\" alt=\"\" width=\"467\" height=\"467\" srcset=\"https:\/\/mivoot.com\/gt\/wp-content\/uploads\/2023\/06\/KNB-416-imgico-3-300x300.jpg 300w, https:\/\/mivoot.com\/gt\/wp-content\/uploads\/2023\/06\/KNB-416-imgico-3-250x250.jpg 250w, https:\/\/mivoot.com\/gt\/wp-content\/uploads\/2023\/06\/KNB-416-imgico-3-100x100.jpg 100w, https:\/\/mivoot.com\/gt\/wp-content\/uploads\/2023\/06\/KNB-416-imgico-3-410x410.jpg 410w, https:\/\/mivoot.com\/gt\/wp-content\/uploads\/2023\/06\/KNB-416-imgico-3-64x64.jpg 64w, https:\/\/mivoot.com\/gt\/wp-content\/uploads\/2023\/06\/KNB-416-imgico-3-150x150.jpg 150w, https:\/\/mivoot.com\/gt\/wp-content\/uploads\/2023\/06\/KNB-416-imgico-3-768x768.jpg 768w, https:\/\/mivoot.com\/gt\/wp-content\/uploads\/2023\/06\/KNB-416-imgico-3-600x600.jpg 600w, https:\/\/mivoot.com\/gt\/wp-content\/uploads\/2023\/06\/KNB-416-imgico-3-50x50.jpg 50w, https:\/\/mivoot.com\/gt\/wp-content\/uploads\/2023\/06\/KNB-416-imgico-3.jpg 800w\" sizes=\"(max-width: 467px) 100vw, 467px\" \/><\/p>\n<p>&nbsp;<\/p>\n<p>&nbsp;<\/p>\n<p>&nbsp;<\/p>\n<p>&nbsp;<\/p>\n<p>&nbsp;<\/p>\n<p>&nbsp;<\/p>\n<p>&nbsp;<\/p>\n<p><img decoding=\"async\" class=\"m-auto aligncenter\" src=\"https:\/\/klip-xtreme-frontend.s3.amazonaws.com\/media\/img\/Icon-12max-load.png\" \/><\/p>\n<p class=\"product-banner-subtitle mb-0\" style=\"text-align: center\">Carga m\u00e1xima 12kg<\/p>\n<p>&nbsp;<\/p>\n<p>&nbsp;<\/p>\n<p>&nbsp;<\/p>\n<p>&nbsp;<\/p>\n<p>&nbsp;<\/p>\n<p><img loading=\"lazy\" decoding=\"async\" class=\"wp-image-22873 alignright\" src=\"https:\/\/mivoot.com\/gt\/wp-content\/uploads\/2023\/06\/KNB-416-imgico-4-300x300.jpg\" alt=\"\" width=\"470\" height=\"470\" srcset=\"https:\/\/mivoot.com\/gt\/wp-content\/uploads\/2023\/06\/KNB-416-imgico-4-300x300.jpg 300w, https:\/\/mivoot.com\/gt\/wp-content\/uploads\/2023\/06\/KNB-416-imgico-4-250x250.jpg 250w, https:\/\/mivoot.com\/gt\/wp-content\/uploads\/2023\/06\/KNB-416-imgico-4-100x100.jpg 100w, https:\/\/mivoot.com\/gt\/wp-content\/uploads\/2023\/06\/KNB-416-imgico-4-410x410.jpg 410w, https:\/\/mivoot.com\/gt\/wp-content\/uploads\/2023\/06\/KNB-416-imgico-4-64x64.jpg 64w, https:\/\/mivoot.com\/gt\/wp-content\/uploads\/2023\/06\/KNB-416-imgico-4-150x150.jpg 150w, https:\/\/mivoot.com\/gt\/wp-content\/uploads\/2023\/06\/KNB-416-imgico-4-768x768.jpg 768w, https:\/\/mivoot.com\/gt\/wp-content\/uploads\/2023\/06\/KNB-416-imgico-4-600x600.jpg 600w, https:\/\/mivoot.com\/gt\/wp-content\/uploads\/2023\/06\/KNB-416-imgico-4-50x50.jpg 50w, https:\/\/mivoot.com\/gt\/wp-content\/uploads\/2023\/06\/KNB-416-imgico-4.jpg 800w\" sizes=\"(max-width: 470px) 100vw, 470px\" \/><\/p>\n<p>&nbsp;<\/p>\n<p>&nbsp;<\/p>\n<p>&nbsp;<\/p>\n<p>&nbsp;<\/p>\n<p>&nbsp;<\/p>\n<p><img decoding=\"async\" class=\"m-auto aligncenter\" src=\"https:\/\/klip-xtreme-frontend.s3.amazonaws.com\/media\/img\/Icon-zippered.png\" \/><\/p>\n<p class=\"product-banner-subtitle mb-0\" style=\"text-align: center\">Bolsillo frontal con cremallera<\/p>\n<p>&nbsp;<\/p>\n<p>&nbsp;<\/p>\n<p>&nbsp;<\/p>\n<p>&nbsp;<\/p>\n<p>&nbsp;<\/p>\n<p>&nbsp;<\/p>\n<p>&nbsp;<\/p>\n<ul>\n<li>Protecci\u00f3n: Compartimiento principal forrado y acolchado con separador interior, ideal para para computadoras de hasta 15,6 pulgadas<\/li>\n<li>Organizaci\u00f3n: El frente cuenta con un organizador y un espacioso bolsillo para accesorios con cierre de cremallera. Incluye adem\u00e1s un bolsillo especial para mantener el tel\u00e9fono seguro y siempre a la mano<\/li>\n<li>Conveniencia: Dise\u00f1o liviano, perfecto para llevar f\u00e1cilmente tus equipos en la espalda<\/li>\n<li>Comodidad: Asa integrada y tirantes acolchados para los hombros<\/li>\n<li>Material: Resistente poli\u00e9ster de primera calidad<\/li>\n<\/ul>\n","protected":false},"excerpt":{"rendered":"<p>&#8211; Bolsillos para accesorios: 1<br \/>\n&#8211; Apta para computadoras port\u00e1tiles de hasta: 15,6 pulgadas<br \/>\n&#8211; Materiales: Exterior: Tela de poli\u00e9ster de 300 deniers Forro: Tela de poli\u00e9ster de 210 deniers<br \/>\n&#8211; N\u00famero de compartimentos principales: 1<br \/>\n&#8211; Dimensiones exteriores: 43,5x29x9,5cm<br \/>\n&#8211; Compartimiento para laptop: 38x28x5cm<br \/>\n&#8211; Carga m\u00e1xima: 12kg<br \/>\n&#8211; Peso: 690g<\/p>\n","protected":false},"featured_media":22877,"comment_status":"open","ping_status":"closed","template":"","meta":{"jetpack_publicize_message":"","jetpack_publicize_feature_enabled":true,"jetpack_social_post_already_shared":true,"jetpack_social_options":{"image_generator_settings":{"template":"highway","default_image_id":0,"font":"","enabled":false},"version":2}},"pwb-brand":[79],"product_brand":[],"product_cat":[27],"product_tag":[],"class_list":{"0":"post-22876","1":"product","2":"type-product","3":"status-publish","4":"has-post-thumbnail","6":"pwb-brand-klip-xtreme","7":"product_cat-mochilas","9":"first","10":"instock","11":"taxable","12":"shipping-taxable","13":"purchasable","14":"product-type-simple"},"yoast_head":"<!-- This site is optimized with the Yoast SEO Premium plugin v25.7.1 (Yoast SEO v26.8) - https:\/\/yoast.com\/product\/yoast-seo-premium-wordpress\/ -->\n<title>Mochila para Laptop 15.6&quot; Azul Indigo Klip Xtreme - Mivoot<\/title>\n<meta name=\"robots\" content=\"index, follow, max-snippet:-1, max-image-preview:large, max-video-preview:-1\" \/>\n<link rel=\"canonical\" href=\"https:\/\/mivoot.com\/gt\/producto\/mochila-indigo-15-6-azul-klip-xtreme-2\/\" \/>\n<meta property=\"og:locale\" content=\"es_ES\" \/>\n<meta property=\"og:type\" content=\"article\" \/>\n<meta property=\"og:title\" content=\"Mochila para Laptop 15.6&quot; Azul Indigo Klip Xtreme\" \/>\n<meta property=\"og:description\" content=\"- Bolsillos para accesorios: 1 - Apta para computadoras port\u00e1tiles de hasta: 15,6 pulgadas - Materiales: Exterior: Tela de poli\u00e9ster de 300 deniers Forro: Tela de poli\u00e9ster de 210 deniers - N\u00famero de compartimentos principales: 1 - Dimensiones exteriores: 43,5x29x9,5cm - Compartimiento para laptop: 38x28x5cm - Carga m\u00e1xima: 12kg - Peso: 690g\" \/>\n<meta property=\"og:url\" content=\"https:\/\/mivoot.com\/gt\/producto\/mochila-indigo-15-6-azul-klip-xtreme-2\/\" \/>\n<meta property=\"og:site_name\" content=\"Mivoot\" \/>\n<meta property=\"article:publisher\" content=\"https:\/\/www.facebook.com\/mivootgt\" \/>\n<meta property=\"article:modified_time\" content=\"2024-09-27T19:19:40+00:00\" \/>\n<meta property=\"og:image\" content=\"https:\/\/mivoot.com\/gt\/wp-content\/uploads\/2024\/09\/KNB-416BL-01.jpg\" \/>\n\t<meta property=\"og:image:width\" content=\"300\" \/>\n\t<meta property=\"og:image:height\" content=\"300\" \/>\n\t<meta property=\"og:image:type\" content=\"image\/jpeg\" \/>\n<meta name=\"twitter:card\" content=\"summary_large_image\" \/>\n<meta name=\"twitter:label1\" content=\"Est. reading time\" \/>\n\t<meta name=\"twitter:data1\" content=\"3 minutos\" \/>\n<script type=\"application\/ld+json\" class=\"yoast-schema-graph\">{\"@context\":\"https:\/\/schema.org\",\"@graph\":[{\"@type\":\"WebPage\",\"@id\":\"https:\/\/mivoot.com\/gt\/producto\/mochila-indigo-15-6-azul-klip-xtreme-2\/\",\"url\":\"https:\/\/mivoot.com\/gt\/producto\/mochila-indigo-15-6-azul-klip-xtreme-2\/\",\"name\":\"Mochila para Laptop 15.6\\\" Azul Indigo Klip Xtreme - Mivoot\",\"isPartOf\":{\"@id\":\"https:\/\/mivoot.com\/gt\/#website\"},\"primaryImageOfPage\":{\"@id\":\"https:\/\/mivoot.com\/gt\/producto\/mochila-indigo-15-6-azul-klip-xtreme-2\/#primaryimage\"},\"image\":{\"@id\":\"https:\/\/mivoot.com\/gt\/producto\/mochila-indigo-15-6-azul-klip-xtreme-2\/#primaryimage\"},\"thumbnailUrl\":\"https:\/\/mivoot.com\/gt\/wp-content\/uploads\/2024\/09\/KNB-416BL-01.jpg\",\"datePublished\":\"2024-09-25T22:16:34+00:00\",\"dateModified\":\"2024-09-27T19:19:40+00:00\",\"breadcrumb\":{\"@id\":\"https:\/\/mivoot.com\/gt\/producto\/mochila-indigo-15-6-azul-klip-xtreme-2\/#breadcrumb\"},\"inLanguage\":\"es\",\"potentialAction\":[{\"@type\":\"ReadAction\",\"target\":[\"https:\/\/mivoot.com\/gt\/producto\/mochila-indigo-15-6-azul-klip-xtreme-2\/\"]}]},{\"@type\":\"ImageObject\",\"inLanguage\":\"es\",\"@id\":\"https:\/\/mivoot.com\/gt\/producto\/mochila-indigo-15-6-azul-klip-xtreme-2\/#primaryimage\",\"url\":\"https:\/\/mivoot.com\/gt\/wp-content\/uploads\/2024\/09\/KNB-416BL-01.jpg\",\"contentUrl\":\"https:\/\/mivoot.com\/gt\/wp-content\/uploads\/2024\/09\/KNB-416BL-01.jpg\",\"width\":300,\"height\":300},{\"@type\":\"BreadcrumbList\",\"@id\":\"https:\/\/mivoot.com\/gt\/producto\/mochila-indigo-15-6-azul-klip-xtreme-2\/#breadcrumb\",\"itemListElement\":[{\"@type\":\"ListItem\",\"position\":1,\"name\":\"Inicio\",\"item\":\"https:\/\/mivoot.com\/gt\/\"},{\"@type\":\"ListItem\",\"position\":2,\"name\":\"Productos\",\"item\":\"https:\/\/mivoot.com\/gt\/producto\/\"},{\"@type\":\"ListItem\",\"position\":3,\"name\":\"Klip Xtreme\",\"item\":\"https:\/\/mivoot.com\/gt\/marca\/klip-xtreme\/\"},{\"@type\":\"ListItem\",\"position\":4,\"name\":\"Mochila para Laptop 15.6&#8243; Azul Indigo Klip Xtreme\"}]},{\"@type\":\"WebSite\",\"@id\":\"https:\/\/mivoot.com\/gt\/#website\",\"url\":\"https:\/\/mivoot.com\/gt\/\",\"name\":\"Mivoot\",\"description\":\"Mivoot Guatemala | Tienda Online\",\"publisher\":{\"@id\":\"https:\/\/mivoot.com\/gt\/#organization\"},\"alternateName\":\"mivoot\",\"potentialAction\":[{\"@type\":\"SearchAction\",\"target\":{\"@type\":\"EntryPoint\",\"urlTemplate\":\"https:\/\/mivoot.com\/gt\/?s={search_term_string}\"},\"query-input\":{\"@type\":\"PropertyValueSpecification\",\"valueRequired\":true,\"valueName\":\"search_term_string\"}}],\"inLanguage\":\"es\"},{\"@type\":\"Organization\",\"@id\":\"https:\/\/mivoot.com\/gt\/#organization\",\"name\":\"Mivoot Guatemala\",\"alternateName\":\"mivoot.com\",\"url\":\"https:\/\/mivoot.com\/gt\/\",\"logo\":{\"@type\":\"ImageObject\",\"inLanguage\":\"es\",\"@id\":\"https:\/\/mivoot.com\/gt\/#\/schema\/logo\/image\/\",\"url\":\"https:\/\/mivoot.com\/gt\/wp-content\/uploads\/2023\/03\/cropped-icon.png\",\"contentUrl\":\"https:\/\/mivoot.com\/gt\/wp-content\/uploads\/2023\/03\/cropped-icon.png\",\"width\":512,\"height\":512,\"caption\":\"Mivoot Guatemala\"},\"image\":{\"@id\":\"https:\/\/mivoot.com\/gt\/#\/schema\/logo\/image\/\"},\"sameAs\":[\"https:\/\/www.facebook.com\/mivootgt\",\"https:\/\/instagram.com\/mivoot\"]}]}<\/script>\n<!-- \/ Yoast SEO Premium plugin. -->","yoast_head_json":{"title":"Mochila para Laptop 15.6\" Azul Indigo Klip Xtreme - Mivoot","robots":{"index":"index","follow":"follow","max-snippet":"max-snippet:-1","max-image-preview":"max-image-preview:large","max-video-preview":"max-video-preview:-1"},"canonical":"https:\/\/mivoot.com\/gt\/producto\/mochila-indigo-15-6-azul-klip-xtreme-2\/","og_locale":"es_ES","og_type":"article","og_title":"Mochila para Laptop 15.6\" Azul Indigo Klip Xtreme","og_description":"- Bolsillos para accesorios: 1 - Apta para computadoras port\u00e1tiles de hasta: 15,6 pulgadas - Materiales: Exterior: Tela de poli\u00e9ster de 300 deniers Forro: Tela de poli\u00e9ster de 210 deniers - N\u00famero de compartimentos principales: 1 - Dimensiones exteriores: 43,5x29x9,5cm - Compartimiento para laptop: 38x28x5cm - Carga m\u00e1xima: 12kg - Peso: 690g","og_url":"https:\/\/mivoot.com\/gt\/producto\/mochila-indigo-15-6-azul-klip-xtreme-2\/","og_site_name":"Mivoot","article_publisher":"https:\/\/www.facebook.com\/mivootgt","article_modified_time":"2024-09-27T19:19:40+00:00","og_image":[{"width":300,"height":300,"url":"https:\/\/mivoot.com\/gt\/wp-content\/uploads\/2024\/09\/KNB-416BL-01.jpg","type":"image\/jpeg"}],"twitter_card":"summary_large_image","twitter_misc":{"Est. reading time":"3 minutos"},"schema":{"@context":"https:\/\/schema.org","@graph":[{"@type":"WebPage","@id":"https:\/\/mivoot.com\/gt\/producto\/mochila-indigo-15-6-azul-klip-xtreme-2\/","url":"https:\/\/mivoot.com\/gt\/producto\/mochila-indigo-15-6-azul-klip-xtreme-2\/","name":"Mochila para Laptop 15.6\" Azul Indigo Klip Xtreme - Mivoot","isPartOf":{"@id":"https:\/\/mivoot.com\/gt\/#website"},"primaryImageOfPage":{"@id":"https:\/\/mivoot.com\/gt\/producto\/mochila-indigo-15-6-azul-klip-xtreme-2\/#primaryimage"},"image":{"@id":"https:\/\/mivoot.com\/gt\/producto\/mochila-indigo-15-6-azul-klip-xtreme-2\/#primaryimage"},"thumbnailUrl":"https:\/\/mivoot.com\/gt\/wp-content\/uploads\/2024\/09\/KNB-416BL-01.jpg","datePublished":"2024-09-25T22:16:34+00:00","dateModified":"2024-09-27T19:19:40+00:00","breadcrumb":{"@id":"https:\/\/mivoot.com\/gt\/producto\/mochila-indigo-15-6-azul-klip-xtreme-2\/#breadcrumb"},"inLanguage":"es","potentialAction":[{"@type":"ReadAction","target":["https:\/\/mivoot.com\/gt\/producto\/mochila-indigo-15-6-azul-klip-xtreme-2\/"]}]},{"@type":"ImageObject","inLanguage":"es","@id":"https:\/\/mivoot.com\/gt\/producto\/mochila-indigo-15-6-azul-klip-xtreme-2\/#primaryimage","url":"https:\/\/mivoot.com\/gt\/wp-content\/uploads\/2024\/09\/KNB-416BL-01.jpg","contentUrl":"https:\/\/mivoot.com\/gt\/wp-content\/uploads\/2024\/09\/KNB-416BL-01.jpg","width":300,"height":300},{"@type":"BreadcrumbList","@id":"https:\/\/mivoot.com\/gt\/producto\/mochila-indigo-15-6-azul-klip-xtreme-2\/#breadcrumb","itemListElement":[{"@type":"ListItem","position":1,"name":"Inicio","item":"https:\/\/mivoot.com\/gt\/"},{"@type":"ListItem","position":2,"name":"Productos","item":"https:\/\/mivoot.com\/gt\/producto\/"},{"@type":"ListItem","position":3,"name":"Klip Xtreme","item":"https:\/\/mivoot.com\/gt\/marca\/klip-xtreme\/"},{"@type":"ListItem","position":4,"name":"Mochila para Laptop 15.6&#8243; Azul Indigo Klip Xtreme"}]},{"@type":"WebSite","@id":"https:\/\/mivoot.com\/gt\/#website","url":"https:\/\/mivoot.com\/gt\/","name":"Mivoot","description":"Mivoot Guatemala | Tienda Online","publisher":{"@id":"https:\/\/mivoot.com\/gt\/#organization"},"alternateName":"mivoot","potentialAction":[{"@type":"SearchAction","target":{"@type":"EntryPoint","urlTemplate":"https:\/\/mivoot.com\/gt\/?s={search_term_string}"},"query-input":{"@type":"PropertyValueSpecification","valueRequired":true,"valueName":"search_term_string"}}],"inLanguage":"es"},{"@type":"Organization","@id":"https:\/\/mivoot.com\/gt\/#organization","name":"Mivoot Guatemala","alternateName":"mivoot.com","url":"https:\/\/mivoot.com\/gt\/","logo":{"@type":"ImageObject","inLanguage":"es","@id":"https:\/\/mivoot.com\/gt\/#\/schema\/logo\/image\/","url":"https:\/\/mivoot.com\/gt\/wp-content\/uploads\/2023\/03\/cropped-icon.png","contentUrl":"https:\/\/mivoot.com\/gt\/wp-content\/uploads\/2023\/03\/cropped-icon.png","width":512,"height":512,"caption":"Mivoot Guatemala"},"image":{"@id":"https:\/\/mivoot.com\/gt\/#\/schema\/logo\/image\/"},"sameAs":["https:\/\/www.facebook.com\/mivootgt","https:\/\/instagram.com\/mivoot"]}]}},"jetpack_publicize_connections":[],"jetpack_sharing_enabled":true,"brands":[{"id":79,"name":"Klip Xtreme","slug":"klip-xtreme"}],"_links":{"self":[{"href":"https:\/\/mivoot.com\/gt\/wp-json\/wp\/v2\/product\/22876","targetHints":{"allow":["GET"]}}],"collection":[{"href":"https:\/\/mivoot.com\/gt\/wp-json\/wp\/v2\/product"}],"about":[{"href":"https:\/\/mivoot.com\/gt\/wp-json\/wp\/v2\/types\/product"}],"replies":[{"embeddable":true,"href":"https:\/\/mivoot.com\/gt\/wp-json\/wp\/v2\/comments?post=22876"}],"version-history":[{"count":2,"href":"https:\/\/mivoot.com\/gt\/wp-json\/wp\/v2\/product\/22876\/revisions"}],"predecessor-version":[{"id":22977,"href":"https:\/\/mivoot.com\/gt\/wp-json\/wp\/v2\/product\/22876\/revisions\/22977"}],"wp:featuredmedia":[{"embeddable":true,"href":"https:\/\/mivoot.com\/gt\/wp-json\/wp\/v2\/media\/22877"}],"wp:attachment":[{"href":"https:\/\/mivoot.com\/gt\/wp-json\/wp\/v2\/media?parent=22876"}],"wp:term":[{"taxonomy":"pwb-brand","embeddable":true,"href":"https:\/\/mivoot.com\/gt\/wp-json\/wp\/v2\/pwb-brand?post=22876"},{"taxonomy":"product_brand","embeddable":true,"href":"https:\/\/mivoot.com\/gt\/wp-json\/wp\/v2\/product_brand?post=22876"},{"taxonomy":"product_cat","embeddable":true,"href":"https:\/\/mivoot.com\/gt\/wp-json\/wp\/v2\/product_cat?post=22876"},{"taxonomy":"product_tag","embeddable":true,"href":"https:\/\/mivoot.com\/gt\/wp-json\/wp\/v2\/product_tag?post=22876"}],"curies":[{"name":"wp","href":"https:\/\/api.w.org\/{rel}","templated":true}]}}