{"id":22903,"date":"2024-09-26T12:18:33","date_gmt":"2024-09-26T18:18:33","guid":{"rendered":"https:\/\/mivoot.com\/gt\/?post_type=product&#038;p=22903"},"modified":"2024-09-27T13:17:52","modified_gmt":"2024-09-27T19:17:52","slug":"mochila-para-laptop-de15-6-beige-monaco-klip-xtreme","status":"publish","type":"product","link":"https:\/\/mivoot.com\/gt\/producto\/mochila-para-laptop-de15-6-beige-monaco-klip-xtreme\/","title":{"rendered":"Mochila para Laptop 15.6&#8221; Beige Monaco Klip Xtreme"},"content":{"rendered":"<h1 style=\"text-align: center\"><strong><span style=\"font-size: 150%\">Mochila para laptop<\/span><\/strong><\/h1>\n<p style=\"text-align: center\">Dise\u00f1ada para hacerle frente a los desaf\u00edos de tus actividades diarias, la mochila para laptop KNB-426 de KlipXtreme te ofrece un estilo funcional y moderno al mismo tiempo. Al contar con dos amplios compartimientos principales es ideal para acomodar una laptop de hasta 15,6 pulgadas, junto con una tableta, documentos y todos aquellos art\u00edculos esenciales para la jornada.<\/p>\n<p style=\"text-align: center\">El organizador multifuncional interno y el bolsillo con cierre brindan f\u00e1cil acceso y mayor seguridad a tus pertenencias. Los cuatro bolsillos laterales, dos de los cuales tienen cierre, ofrecen capacidad de almacenamiento adicional, y el llavero removible permite que cargues tus llaves con total confianza.<\/p>\n<p style=\"text-align: center\">La mochila combina tiradores de metal, un asa ultra acolchada y tirantes para los hombros ajustables con un panel posterior ergon\u00f3micamente acolchado, lo que la hace ideal para usarla todos los d\u00edas.<\/p>\n<p>&nbsp;<\/p>\n<p><img fetchpriority=\"high\" decoding=\"async\" class=\"wp-image-22888 alignleft\" src=\"https:\/\/mivoot.com\/gt\/wp-content\/uploads\/2024\/09\/KNB-426_01-300x300.jpg\" alt=\"\" width=\"462\" height=\"462\" srcset=\"https:\/\/mivoot.com\/gt\/wp-content\/uploads\/2024\/09\/KNB-426_01-300x300.jpg 300w, https:\/\/mivoot.com\/gt\/wp-content\/uploads\/2024\/09\/KNB-426_01-250x250.jpg 250w, https:\/\/mivoot.com\/gt\/wp-content\/uploads\/2024\/09\/KNB-426_01-100x100.jpg 100w, https:\/\/mivoot.com\/gt\/wp-content\/uploads\/2024\/09\/KNB-426_01-410x410.jpg 410w, https:\/\/mivoot.com\/gt\/wp-content\/uploads\/2024\/09\/KNB-426_01-64x64.jpg 64w, https:\/\/mivoot.com\/gt\/wp-content\/uploads\/2024\/09\/KNB-426_01-150x150.jpg 150w, https:\/\/mivoot.com\/gt\/wp-content\/uploads\/2024\/09\/KNB-426_01-768x768.jpg 768w, https:\/\/mivoot.com\/gt\/wp-content\/uploads\/2024\/09\/KNB-426_01-600x600.jpg 600w, https:\/\/mivoot.com\/gt\/wp-content\/uploads\/2024\/09\/KNB-426_01-50x50.jpg 50w, https:\/\/mivoot.com\/gt\/wp-content\/uploads\/2024\/09\/KNB-426_01.jpg 800w\" sizes=\"(max-width: 462px) 100vw, 462px\" \/><\/p>\n<p>&nbsp;<\/p>\n<p>&nbsp;<\/p>\n<p>&nbsp;<\/p>\n<p>&nbsp;<\/p>\n<p><img decoding=\"async\" class=\"m-auto aligncenter\" src=\"https:\/\/klip-xtreme-frontend.s3.amazonaws.com\/media\/img\/Icon-15screen-size-laptop.png\" \/><\/p>\n<p class=\"product-banner-subtitle mb-0\" style=\"text-align: center\">Para port\u00e1tiles de hasta 15.6&#8243;<\/p>\n<p>&nbsp;<\/p>\n<p>&nbsp;<\/p>\n<p>&nbsp;<\/p>\n<p>&nbsp;<\/p>\n<p>&nbsp;<\/p>\n<p><img decoding=\"async\" class=\"wp-image-22899 alignright\" src=\"https:\/\/mivoot.com\/gt\/wp-content\/uploads\/2024\/09\/KNB-426_02-300x300.jpg\" alt=\"\" width=\"461\" height=\"461\" srcset=\"https:\/\/mivoot.com\/gt\/wp-content\/uploads\/2024\/09\/KNB-426_02-300x300.jpg 300w, https:\/\/mivoot.com\/gt\/wp-content\/uploads\/2024\/09\/KNB-426_02-250x250.jpg 250w, https:\/\/mivoot.com\/gt\/wp-content\/uploads\/2024\/09\/KNB-426_02-100x100.jpg 100w, https:\/\/mivoot.com\/gt\/wp-content\/uploads\/2024\/09\/KNB-426_02-410x410.jpg 410w, https:\/\/mivoot.com\/gt\/wp-content\/uploads\/2024\/09\/KNB-426_02-64x64.jpg 64w, https:\/\/mivoot.com\/gt\/wp-content\/uploads\/2024\/09\/KNB-426_02-150x150.jpg 150w, https:\/\/mivoot.com\/gt\/wp-content\/uploads\/2024\/09\/KNB-426_02-768x768.jpg 768w, https:\/\/mivoot.com\/gt\/wp-content\/uploads\/2024\/09\/KNB-426_02-600x600.jpg 600w, https:\/\/mivoot.com\/gt\/wp-content\/uploads\/2024\/09\/KNB-426_02-50x50.jpg 50w, https:\/\/mivoot.com\/gt\/wp-content\/uploads\/2024\/09\/KNB-426_02.jpg 800w\" sizes=\"(max-width: 461px) 100vw, 461px\" \/><\/p>\n<p>&nbsp;<\/p>\n<p>&nbsp;<\/p>\n<p>&nbsp;<\/p>\n<p>&nbsp;<\/p>\n<p>&nbsp;<\/p>\n<p><img decoding=\"async\" class=\"m-auto aligncenter\" src=\"https:\/\/klip-xtreme-frontend.s3.amazonaws.com\/media\/img\/KNB-426-maleta_ENG.png\" \/><\/p>\n<p class=\"product-banner-subtitle mb-0\" style=\"text-align: center\">Dos compartimiento principales<\/p>\n<p>&nbsp;<\/p>\n<p>&nbsp;<\/p>\n<p>&nbsp;<\/p>\n<p>&nbsp;<\/p>\n<p><img decoding=\"async\" class=\"wp-image-22898 alignleft\" src=\"https:\/\/mivoot.com\/gt\/wp-content\/uploads\/2024\/09\/KNB-426_03-300x300.jpg\" alt=\"\" width=\"482\" height=\"482\" srcset=\"https:\/\/mivoot.com\/gt\/wp-content\/uploads\/2024\/09\/KNB-426_03-300x300.jpg 300w, https:\/\/mivoot.com\/gt\/wp-content\/uploads\/2024\/09\/KNB-426_03-250x250.jpg 250w, https:\/\/mivoot.com\/gt\/wp-content\/uploads\/2024\/09\/KNB-426_03-100x100.jpg 100w, https:\/\/mivoot.com\/gt\/wp-content\/uploads\/2024\/09\/KNB-426_03-410x410.jpg 410w, https:\/\/mivoot.com\/gt\/wp-content\/uploads\/2024\/09\/KNB-426_03-64x64.jpg 64w, https:\/\/mivoot.com\/gt\/wp-content\/uploads\/2024\/09\/KNB-426_03-150x150.jpg 150w, https:\/\/mivoot.com\/gt\/wp-content\/uploads\/2024\/09\/KNB-426_03-768x768.jpg 768w, https:\/\/mivoot.com\/gt\/wp-content\/uploads\/2024\/09\/KNB-426_03-600x600.jpg 600w, https:\/\/mivoot.com\/gt\/wp-content\/uploads\/2024\/09\/KNB-426_03-50x50.jpg 50w, https:\/\/mivoot.com\/gt\/wp-content\/uploads\/2024\/09\/KNB-426_03.jpg 800w\" sizes=\"(max-width: 482px) 100vw, 482px\" \/><\/p>\n<p>&nbsp;<\/p>\n<p>&nbsp;<\/p>\n<p>&nbsp;<\/p>\n<p>&nbsp;<\/p>\n<p><img decoding=\"async\" class=\"m-auto aligncenter\" src=\"https:\/\/klip-xtreme-frontend.s3.amazonaws.com\/media\/img\/KNB-426pockets_ENG.png\" \/><\/p>\n<p class=\"product-banner-subtitle mb-0\" style=\"text-align: center\">Varios bolsillos y bolsillo multiprop\u00f3sito con cierre<\/p>\n<p>&nbsp;<\/p>\n<p>&nbsp;<\/p>\n<p>&nbsp;<\/p>\n<p>&nbsp;<\/p>\n<p>&nbsp;<\/p>\n<p>&nbsp;<\/p>\n<p><img loading=\"lazy\" decoding=\"async\" class=\"wp-image-22897 alignright\" src=\"https:\/\/mivoot.com\/gt\/wp-content\/uploads\/2024\/09\/KNB-426_04-300x300.jpg\" alt=\"\" width=\"483\" height=\"483\" srcset=\"https:\/\/mivoot.com\/gt\/wp-content\/uploads\/2024\/09\/KNB-426_04-300x300.jpg 300w, https:\/\/mivoot.com\/gt\/wp-content\/uploads\/2024\/09\/KNB-426_04-250x250.jpg 250w, https:\/\/mivoot.com\/gt\/wp-content\/uploads\/2024\/09\/KNB-426_04-100x100.jpg 100w, https:\/\/mivoot.com\/gt\/wp-content\/uploads\/2024\/09\/KNB-426_04-410x410.jpg 410w, https:\/\/mivoot.com\/gt\/wp-content\/uploads\/2024\/09\/KNB-426_04-64x64.jpg 64w, https:\/\/mivoot.com\/gt\/wp-content\/uploads\/2024\/09\/KNB-426_04-150x150.jpg 150w, https:\/\/mivoot.com\/gt\/wp-content\/uploads\/2024\/09\/KNB-426_04-768x768.jpg 768w, https:\/\/mivoot.com\/gt\/wp-content\/uploads\/2024\/09\/KNB-426_04-600x600.jpg 600w, https:\/\/mivoot.com\/gt\/wp-content\/uploads\/2024\/09\/KNB-426_04-50x50.jpg 50w, https:\/\/mivoot.com\/gt\/wp-content\/uploads\/2024\/09\/KNB-426_04.jpg 800w\" sizes=\"(max-width: 483px) 100vw, 483px\" \/><\/p>\n<p>&nbsp;<\/p>\n<p>&nbsp;<\/p>\n<p>&nbsp;<\/p>\n<p>&nbsp;<\/p>\n<p>&nbsp;<\/p>\n<p><img decoding=\"async\" class=\"m-auto aligncenter\" src=\"https:\/\/klip-xtreme-frontend.s3.amazonaws.com\/media\/img\/Icon-padded.png\" \/><\/p>\n<p class=\"product-banner-subtitle mb-0\" style=\"text-align: center\">Panel trasero acolchado<\/p>\n<p>&nbsp;<\/p>\n<p>&nbsp;<\/p>\n<p>&nbsp;<\/p>\n<p>&nbsp;<\/p>\n<p>&nbsp;<\/p>\n<p>&nbsp;<\/p>\n<ul>\n<li><strong>Protecci\u00f3n<\/strong>: Con compartimientos principales completamente forrados y acolchados, la mochila es ideal para computadoras de hasta 15,6 pulgadas. El bolsillo con acolchado suave es ideal para cargar una tableta u otros art\u00edculos electr\u00f3nicos peque\u00f1os<\/li>\n<li><strong>Organizaci\u00f3n<\/strong>: Cuatro bolsillos laterales, dos con cierre, que ofrecen almacenamiento adicional. El interior presenta un organizador multiprop\u00f3sito con bolsillos para mantener seguros y bien organizados tus art\u00edculos de escritorio, y un bolsillo con cierre para electr\u00f3nicos m\u00e1s peque\u00f1os<\/li>\n<li><strong>Conveniencia y comodidad<\/strong>: Dise\u00f1o liviano y resistente con asa integrada y panel posterior ultra acolchado. Los tirantes para los hombros ajustables, permiten llevar la mochila c\u00f3modamente en la espalda. Tambi\u00e9n incluye un llavero removible para cargar tus llaves de manera segura<\/li>\n<li><strong>Material<\/strong>: Elaborada con nylon protector de alta durabilidad, con tiradores de metal y forro de excelente calidad<\/li>\n<\/ul>\n","protected":false},"excerpt":{"rendered":"<p>&#8211; Apta para computadoras port\u00e1tiles de hasta: Hasta 15,6 inches<br \/>\n&#8211; N\u00famero de compartimientos principales: 2<br \/>\n&#8211; Bolsillo para accesorios (externo): Dos bolsillos con cierre + dos bolsillos<br \/>\n&#8211; Bolsillo para accesorios (interno): Un compartimiento para laptop y varios bolsillos \/ Un bolsillo con cierre + 3 bolsillos internos<br \/>\n&#8211; Relleno en la parte posterior: S\u00ed<br \/>\n&#8211; Material: Exterior: 100% nylon de 1200 deniers Forro: 100% nylon de 600 deniers<br \/>\n&#8211; Caracter\u00edstica especial: Asa ultra acolchada \/ Llavero removible<br \/>\n&#8211; Exterior: 39x29x11cm<br \/>\n&#8211; Compartimiento para laptop: 30x28x2,5cm<br \/>\n&#8211; Capacidad de carga m\u00e1x. (con los tirantes para los hombros): 15kg<br \/>\n&#8211; Peso: 0,48kg<\/p>\n","protected":false},"featured_media":22889,"comment_status":"open","ping_status":"closed","template":"","meta":{"jetpack_publicize_message":"","jetpack_publicize_feature_enabled":true,"jetpack_social_post_already_shared":true,"jetpack_social_options":{"image_generator_settings":{"template":"highway","default_image_id":0,"font":"","enabled":false},"version":2}},"pwb-brand":[79],"product_brand":[],"product_cat":[27],"product_tag":[],"class_list":{"0":"post-22903","1":"product","2":"type-product","3":"status-publish","4":"has-post-thumbnail","6":"pwb-brand-klip-xtreme","7":"product_cat-mochilas","9":"first","10":"instock","11":"taxable","12":"shipping-taxable","13":"purchasable","14":"product-type-simple"},"yoast_head":"<!-- This site is optimized with the Yoast SEO Premium plugin v25.7.1 (Yoast SEO v26.8) - https:\/\/yoast.com\/product\/yoast-seo-premium-wordpress\/ -->\n<title>Mochila para Laptop 15.6&#039;&#039; Beige Monaco Klip Xtreme - Mivoot<\/title>\n<meta name=\"robots\" content=\"index, follow, max-snippet:-1, max-image-preview:large, max-video-preview:-1\" \/>\n<link rel=\"canonical\" href=\"https:\/\/mivoot.com\/gt\/producto\/mochila-para-laptop-de15-6-beige-monaco-klip-xtreme\/\" \/>\n<meta property=\"og:locale\" content=\"es_ES\" \/>\n<meta property=\"og:type\" content=\"article\" \/>\n<meta property=\"og:title\" content=\"Mochila para Laptop 15.6&#039;&#039; Beige Monaco Klip Xtreme\" \/>\n<meta property=\"og:description\" content=\"- Apta para computadoras port\u00e1tiles de hasta: Hasta 15,6 inches - N\u00famero de compartimientos principales: 2 - Bolsillo para accesorios (externo): Dos bolsillos con cierre + dos bolsillos - Bolsillo para accesorios (interno): Un compartimiento para laptop y varios bolsillos \/ Un bolsillo con cierre + 3 bolsillos internos - Relleno en la parte posterior: S\u00ed - Material: Exterior: 100% nylon de 1200 deniers Forro: 100% nylon de 600 deniers - Caracter\u00edstica especial: Asa ultra acolchada \/ Llavero removible - Exterior: 39x29x11cm - Compartimiento para laptop: 30x28x2,5cm - Capacidad de carga m\u00e1x. (con los tirantes para los hombros): 15kg - Peso: 0,48kg\" \/>\n<meta property=\"og:url\" content=\"https:\/\/mivoot.com\/gt\/producto\/mochila-para-laptop-de15-6-beige-monaco-klip-xtreme\/\" \/>\n<meta property=\"og:site_name\" content=\"Mivoot\" \/>\n<meta property=\"article:publisher\" content=\"https:\/\/www.facebook.com\/mivootgt\" \/>\n<meta property=\"article:modified_time\" content=\"2024-09-27T19:17:52+00:00\" \/>\n<meta property=\"og:image\" content=\"https:\/\/mivoot.com\/gt\/wp-content\/uploads\/2024\/09\/fotos-landing_GD.jpg\" \/>\n\t<meta property=\"og:image:width\" content=\"800\" \/>\n\t<meta property=\"og:image:height\" content=\"800\" \/>\n\t<meta property=\"og:image:type\" content=\"image\/jpeg\" \/>\n<meta name=\"twitter:card\" content=\"summary_large_image\" \/>\n<meta name=\"twitter:label1\" content=\"Est. reading time\" \/>\n\t<meta name=\"twitter:data1\" content=\"3 minutos\" \/>\n<script type=\"application\/ld+json\" class=\"yoast-schema-graph\">{\"@context\":\"https:\/\/schema.org\",\"@graph\":[{\"@type\":\"WebPage\",\"@id\":\"https:\/\/mivoot.com\/gt\/producto\/mochila-para-laptop-de15-6-beige-monaco-klip-xtreme\/\",\"url\":\"https:\/\/mivoot.com\/gt\/producto\/mochila-para-laptop-de15-6-beige-monaco-klip-xtreme\/\",\"name\":\"Mochila para Laptop 15.6'' Beige Monaco Klip Xtreme - Mivoot\",\"isPartOf\":{\"@id\":\"https:\/\/mivoot.com\/gt\/#website\"},\"primaryImageOfPage\":{\"@id\":\"https:\/\/mivoot.com\/gt\/producto\/mochila-para-laptop-de15-6-beige-monaco-klip-xtreme\/#primaryimage\"},\"image\":{\"@id\":\"https:\/\/mivoot.com\/gt\/producto\/mochila-para-laptop-de15-6-beige-monaco-klip-xtreme\/#primaryimage\"},\"thumbnailUrl\":\"https:\/\/mivoot.com\/gt\/wp-content\/uploads\/2024\/09\/fotos-landing_GD.jpg\",\"datePublished\":\"2024-09-26T18:18:33+00:00\",\"dateModified\":\"2024-09-27T19:17:52+00:00\",\"breadcrumb\":{\"@id\":\"https:\/\/mivoot.com\/gt\/producto\/mochila-para-laptop-de15-6-beige-monaco-klip-xtreme\/#breadcrumb\"},\"inLanguage\":\"es\",\"potentialAction\":[{\"@type\":\"ReadAction\",\"target\":[\"https:\/\/mivoot.com\/gt\/producto\/mochila-para-laptop-de15-6-beige-monaco-klip-xtreme\/\"]}]},{\"@type\":\"ImageObject\",\"inLanguage\":\"es\",\"@id\":\"https:\/\/mivoot.com\/gt\/producto\/mochila-para-laptop-de15-6-beige-monaco-klip-xtreme\/#primaryimage\",\"url\":\"https:\/\/mivoot.com\/gt\/wp-content\/uploads\/2024\/09\/fotos-landing_GD.jpg\",\"contentUrl\":\"https:\/\/mivoot.com\/gt\/wp-content\/uploads\/2024\/09\/fotos-landing_GD.jpg\",\"width\":800,\"height\":800},{\"@type\":\"BreadcrumbList\",\"@id\":\"https:\/\/mivoot.com\/gt\/producto\/mochila-para-laptop-de15-6-beige-monaco-klip-xtreme\/#breadcrumb\",\"itemListElement\":[{\"@type\":\"ListItem\",\"position\":1,\"name\":\"Inicio\",\"item\":\"https:\/\/mivoot.com\/gt\/\"},{\"@type\":\"ListItem\",\"position\":2,\"name\":\"Productos\",\"item\":\"https:\/\/mivoot.com\/gt\/producto\/\"},{\"@type\":\"ListItem\",\"position\":3,\"name\":\"Klip Xtreme\",\"item\":\"https:\/\/mivoot.com\/gt\/marca\/klip-xtreme\/\"},{\"@type\":\"ListItem\",\"position\":4,\"name\":\"Mochila para Laptop 15.6&#8221; Beige Monaco Klip Xtreme\"}]},{\"@type\":\"WebSite\",\"@id\":\"https:\/\/mivoot.com\/gt\/#website\",\"url\":\"https:\/\/mivoot.com\/gt\/\",\"name\":\"Mivoot\",\"description\":\"Mivoot Guatemala | Tienda Online\",\"publisher\":{\"@id\":\"https:\/\/mivoot.com\/gt\/#organization\"},\"alternateName\":\"mivoot\",\"potentialAction\":[{\"@type\":\"SearchAction\",\"target\":{\"@type\":\"EntryPoint\",\"urlTemplate\":\"https:\/\/mivoot.com\/gt\/?s={search_term_string}\"},\"query-input\":{\"@type\":\"PropertyValueSpecification\",\"valueRequired\":true,\"valueName\":\"search_term_string\"}}],\"inLanguage\":\"es\"},{\"@type\":\"Organization\",\"@id\":\"https:\/\/mivoot.com\/gt\/#organization\",\"name\":\"Mivoot Guatemala\",\"alternateName\":\"mivoot.com\",\"url\":\"https:\/\/mivoot.com\/gt\/\",\"logo\":{\"@type\":\"ImageObject\",\"inLanguage\":\"es\",\"@id\":\"https:\/\/mivoot.com\/gt\/#\/schema\/logo\/image\/\",\"url\":\"https:\/\/mivoot.com\/gt\/wp-content\/uploads\/2023\/03\/cropped-icon.png\",\"contentUrl\":\"https:\/\/mivoot.com\/gt\/wp-content\/uploads\/2023\/03\/cropped-icon.png\",\"width\":512,\"height\":512,\"caption\":\"Mivoot Guatemala\"},\"image\":{\"@id\":\"https:\/\/mivoot.com\/gt\/#\/schema\/logo\/image\/\"},\"sameAs\":[\"https:\/\/www.facebook.com\/mivootgt\",\"https:\/\/instagram.com\/mivoot\"]}]}<\/script>\n<!-- \/ Yoast SEO Premium plugin. -->","yoast_head_json":{"title":"Mochila para Laptop 15.6'' Beige Monaco Klip Xtreme - Mivoot","robots":{"index":"index","follow":"follow","max-snippet":"max-snippet:-1","max-image-preview":"max-image-preview:large","max-video-preview":"max-video-preview:-1"},"canonical":"https:\/\/mivoot.com\/gt\/producto\/mochila-para-laptop-de15-6-beige-monaco-klip-xtreme\/","og_locale":"es_ES","og_type":"article","og_title":"Mochila para Laptop 15.6'' Beige Monaco Klip Xtreme","og_description":"- Apta para computadoras port\u00e1tiles de hasta: Hasta 15,6 inches - N\u00famero de compartimientos principales: 2 - Bolsillo para accesorios (externo): Dos bolsillos con cierre + dos bolsillos - Bolsillo para accesorios (interno): Un compartimiento para laptop y varios bolsillos \/ Un bolsillo con cierre + 3 bolsillos internos - Relleno en la parte posterior: S\u00ed - Material: Exterior: 100% nylon de 1200 deniers Forro: 100% nylon de 600 deniers - Caracter\u00edstica especial: Asa ultra acolchada \/ Llavero removible - Exterior: 39x29x11cm - Compartimiento para laptop: 30x28x2,5cm - Capacidad de carga m\u00e1x. (con los tirantes para los hombros): 15kg - Peso: 0,48kg","og_url":"https:\/\/mivoot.com\/gt\/producto\/mochila-para-laptop-de15-6-beige-monaco-klip-xtreme\/","og_site_name":"Mivoot","article_publisher":"https:\/\/www.facebook.com\/mivootgt","article_modified_time":"2024-09-27T19:17:52+00:00","og_image":[{"width":800,"height":800,"url":"https:\/\/mivoot.com\/gt\/wp-content\/uploads\/2024\/09\/fotos-landing_GD.jpg","type":"image\/jpeg"}],"twitter_card":"summary_large_image","twitter_misc":{"Est. reading time":"3 minutos"},"schema":{"@context":"https:\/\/schema.org","@graph":[{"@type":"WebPage","@id":"https:\/\/mivoot.com\/gt\/producto\/mochila-para-laptop-de15-6-beige-monaco-klip-xtreme\/","url":"https:\/\/mivoot.com\/gt\/producto\/mochila-para-laptop-de15-6-beige-monaco-klip-xtreme\/","name":"Mochila para Laptop 15.6'' Beige Monaco Klip Xtreme - Mivoot","isPartOf":{"@id":"https:\/\/mivoot.com\/gt\/#website"},"primaryImageOfPage":{"@id":"https:\/\/mivoot.com\/gt\/producto\/mochila-para-laptop-de15-6-beige-monaco-klip-xtreme\/#primaryimage"},"image":{"@id":"https:\/\/mivoot.com\/gt\/producto\/mochila-para-laptop-de15-6-beige-monaco-klip-xtreme\/#primaryimage"},"thumbnailUrl":"https:\/\/mivoot.com\/gt\/wp-content\/uploads\/2024\/09\/fotos-landing_GD.jpg","datePublished":"2024-09-26T18:18:33+00:00","dateModified":"2024-09-27T19:17:52+00:00","breadcrumb":{"@id":"https:\/\/mivoot.com\/gt\/producto\/mochila-para-laptop-de15-6-beige-monaco-klip-xtreme\/#breadcrumb"},"inLanguage":"es","potentialAction":[{"@type":"ReadAction","target":["https:\/\/mivoot.com\/gt\/producto\/mochila-para-laptop-de15-6-beige-monaco-klip-xtreme\/"]}]},{"@type":"ImageObject","inLanguage":"es","@id":"https:\/\/mivoot.com\/gt\/producto\/mochila-para-laptop-de15-6-beige-monaco-klip-xtreme\/#primaryimage","url":"https:\/\/mivoot.com\/gt\/wp-content\/uploads\/2024\/09\/fotos-landing_GD.jpg","contentUrl":"https:\/\/mivoot.com\/gt\/wp-content\/uploads\/2024\/09\/fotos-landing_GD.jpg","width":800,"height":800},{"@type":"BreadcrumbList","@id":"https:\/\/mivoot.com\/gt\/producto\/mochila-para-laptop-de15-6-beige-monaco-klip-xtreme\/#breadcrumb","itemListElement":[{"@type":"ListItem","position":1,"name":"Inicio","item":"https:\/\/mivoot.com\/gt\/"},{"@type":"ListItem","position":2,"name":"Productos","item":"https:\/\/mivoot.com\/gt\/producto\/"},{"@type":"ListItem","position":3,"name":"Klip Xtreme","item":"https:\/\/mivoot.com\/gt\/marca\/klip-xtreme\/"},{"@type":"ListItem","position":4,"name":"Mochila para Laptop 15.6&#8221; Beige Monaco Klip Xtreme"}]},{"@type":"WebSite","@id":"https:\/\/mivoot.com\/gt\/#website","url":"https:\/\/mivoot.com\/gt\/","name":"Mivoot","description":"Mivoot Guatemala | Tienda Online","publisher":{"@id":"https:\/\/mivoot.com\/gt\/#organization"},"alternateName":"mivoot","potentialAction":[{"@type":"SearchAction","target":{"@type":"EntryPoint","urlTemplate":"https:\/\/mivoot.com\/gt\/?s={search_term_string}"},"query-input":{"@type":"PropertyValueSpecification","valueRequired":true,"valueName":"search_term_string"}}],"inLanguage":"es"},{"@type":"Organization","@id":"https:\/\/mivoot.com\/gt\/#organization","name":"Mivoot Guatemala","alternateName":"mivoot.com","url":"https:\/\/mivoot.com\/gt\/","logo":{"@type":"ImageObject","inLanguage":"es","@id":"https:\/\/mivoot.com\/gt\/#\/schema\/logo\/image\/","url":"https:\/\/mivoot.com\/gt\/wp-content\/uploads\/2023\/03\/cropped-icon.png","contentUrl":"https:\/\/mivoot.com\/gt\/wp-content\/uploads\/2023\/03\/cropped-icon.png","width":512,"height":512,"caption":"Mivoot Guatemala"},"image":{"@id":"https:\/\/mivoot.com\/gt\/#\/schema\/logo\/image\/"},"sameAs":["https:\/\/www.facebook.com\/mivootgt","https:\/\/instagram.com\/mivoot"]}]}},"jetpack_publicize_connections":[],"jetpack_sharing_enabled":true,"brands":[{"id":79,"name":"Klip Xtreme","slug":"klip-xtreme"}],"_links":{"self":[{"href":"https:\/\/mivoot.com\/gt\/wp-json\/wp\/v2\/product\/22903","targetHints":{"allow":["GET"]}}],"collection":[{"href":"https:\/\/mivoot.com\/gt\/wp-json\/wp\/v2\/product"}],"about":[{"href":"https:\/\/mivoot.com\/gt\/wp-json\/wp\/v2\/types\/product"}],"replies":[{"embeddable":true,"href":"https:\/\/mivoot.com\/gt\/wp-json\/wp\/v2\/comments?post=22903"}],"version-history":[{"count":2,"href":"https:\/\/mivoot.com\/gt\/wp-json\/wp\/v2\/product\/22903\/revisions"}],"predecessor-version":[{"id":22974,"href":"https:\/\/mivoot.com\/gt\/wp-json\/wp\/v2\/product\/22903\/revisions\/22974"}],"wp:featuredmedia":[{"embeddable":true,"href":"https:\/\/mivoot.com\/gt\/wp-json\/wp\/v2\/media\/22889"}],"wp:attachment":[{"href":"https:\/\/mivoot.com\/gt\/wp-json\/wp\/v2\/media?parent=22903"}],"wp:term":[{"taxonomy":"pwb-brand","embeddable":true,"href":"https:\/\/mivoot.com\/gt\/wp-json\/wp\/v2\/pwb-brand?post=22903"},{"taxonomy":"product_brand","embeddable":true,"href":"https:\/\/mivoot.com\/gt\/wp-json\/wp\/v2\/product_brand?post=22903"},{"taxonomy":"product_cat","embeddable":true,"href":"https:\/\/mivoot.com\/gt\/wp-json\/wp\/v2\/product_cat?post=22903"},{"taxonomy":"product_tag","embeddable":true,"href":"https:\/\/mivoot.com\/gt\/wp-json\/wp\/v2\/product_tag?post=22903"}],"curies":[{"name":"wp","href":"https:\/\/api.w.org\/{rel}","templated":true}]}}