{"id":22910,"date":"2024-09-26T14:06:03","date_gmt":"2024-09-26T20:06:03","guid":{"rendered":"https:\/\/mivoot.com\/gt\/?post_type=product&#038;p=22910"},"modified":"2024-09-27T13:15:24","modified_gmt":"2024-09-27T19:15:24","slug":"mochila-de-15-6-negro-stendal-klip-xtreme","status":"publish","type":"product","link":"https:\/\/mivoot.com\/gt\/producto\/mochila-de-15-6-negro-stendal-klip-xtreme\/","title":{"rendered":"Mochila para Laptop 15.6&#8221; Negro Stendal Klip Xtreme"},"content":{"rendered":"<h1 style=\"text-align: center\"><strong><span style=\"font-size: 150%\">Mochila para laptop<\/span><\/strong><\/h1>\n<p style=\"text-align: center\">Ligera y espaciosa, la mochila Stendal cubrir\u00e1 tus necesidades de movilidad. Equipada con un puerto USB para cargar tus dispositivos m\u00f3viles sobre la marcha y un bolsillo acolchado y seguro para una laptop de hasta 15,6 pulgadas, la mochila Stendal se adaptar\u00e1 a tu rutina diaria.<\/p>\n<p style=\"text-align: center\">Pr\u00e1ctica y elegante a la vez, este accesorio puede acompa\u00f1arte en ocasiones formales e informales. Viene con varios bolsillos exteriores, un compartimento organizador en su interior y una parte trasera ultra acolchada. La mochila Stendal es una combinaci\u00f3n pr\u00e1ctica de orden y ultra-comodidad.<\/p>\n<p>&nbsp;<\/p>\n<p>&nbsp;<\/p>\n<p><img fetchpriority=\"high\" decoding=\"async\" class=\"wp-image-22921 alignleft\" src=\"https:\/\/mivoot.com\/gt\/wp-content\/uploads\/2024\/09\/KNB-577-banner-1-300x300.jpg\" alt=\"\" width=\"502\" height=\"502\" srcset=\"https:\/\/mivoot.com\/gt\/wp-content\/uploads\/2024\/09\/KNB-577-banner-1-300x300.jpg 300w, https:\/\/mivoot.com\/gt\/wp-content\/uploads\/2024\/09\/KNB-577-banner-1-250x250.jpg 250w, https:\/\/mivoot.com\/gt\/wp-content\/uploads\/2024\/09\/KNB-577-banner-1-100x100.jpg 100w, https:\/\/mivoot.com\/gt\/wp-content\/uploads\/2024\/09\/KNB-577-banner-1-410x410.jpg 410w, https:\/\/mivoot.com\/gt\/wp-content\/uploads\/2024\/09\/KNB-577-banner-1-64x64.jpg 64w, https:\/\/mivoot.com\/gt\/wp-content\/uploads\/2024\/09\/KNB-577-banner-1-150x150.jpg 150w, https:\/\/mivoot.com\/gt\/wp-content\/uploads\/2024\/09\/KNB-577-banner-1-768x768.jpg 768w, https:\/\/mivoot.com\/gt\/wp-content\/uploads\/2024\/09\/KNB-577-banner-1-600x600.jpg 600w, https:\/\/mivoot.com\/gt\/wp-content\/uploads\/2024\/09\/KNB-577-banner-1-50x50.jpg 50w, https:\/\/mivoot.com\/gt\/wp-content\/uploads\/2024\/09\/KNB-577-banner-1.jpg 800w\" sizes=\"(max-width: 502px) 100vw, 502px\" \/><\/p>\n<p>&nbsp;<\/p>\n<p>&nbsp;<\/p>\n<p>&nbsp;<\/p>\n<p>&nbsp;<\/p>\n<p>&nbsp;<\/p>\n<p><img decoding=\"async\" class=\"m-auto aligncenter\" src=\"https:\/\/klip-xtreme-frontend.s3.amazonaws.com\/media\/img\/Icon-15screen-size-laptop.png\" \/><\/p>\n<p class=\"product-banner-subtitle mb-0\" style=\"text-align: center\">Para laptops de hasta 15.6&#8243;<\/p>\n<p>&nbsp;<\/p>\n<p>&nbsp;<\/p>\n<p>&nbsp;<\/p>\n<p>&nbsp;<\/p>\n<p>&nbsp;<\/p>\n<p>&nbsp;<\/p>\n<p style=\"text-align: center\"><img decoding=\"async\" class=\"wp-image-22920 alignright\" src=\"https:\/\/mivoot.com\/gt\/wp-content\/uploads\/2024\/09\/KNB-577-banner-2-300x300.jpg\" alt=\"\" width=\"500\" height=\"500\" srcset=\"https:\/\/mivoot.com\/gt\/wp-content\/uploads\/2024\/09\/KNB-577-banner-2-300x300.jpg 300w, https:\/\/mivoot.com\/gt\/wp-content\/uploads\/2024\/09\/KNB-577-banner-2-250x250.jpg 250w, https:\/\/mivoot.com\/gt\/wp-content\/uploads\/2024\/09\/KNB-577-banner-2-100x100.jpg 100w, https:\/\/mivoot.com\/gt\/wp-content\/uploads\/2024\/09\/KNB-577-banner-2-410x410.jpg 410w, https:\/\/mivoot.com\/gt\/wp-content\/uploads\/2024\/09\/KNB-577-banner-2-64x64.jpg 64w, https:\/\/mivoot.com\/gt\/wp-content\/uploads\/2024\/09\/KNB-577-banner-2-150x150.jpg 150w, https:\/\/mivoot.com\/gt\/wp-content\/uploads\/2024\/09\/KNB-577-banner-2-768x768.jpg 768w, https:\/\/mivoot.com\/gt\/wp-content\/uploads\/2024\/09\/KNB-577-banner-2-600x600.jpg 600w, https:\/\/mivoot.com\/gt\/wp-content\/uploads\/2024\/09\/KNB-577-banner-2-50x50.jpg 50w, https:\/\/mivoot.com\/gt\/wp-content\/uploads\/2024\/09\/KNB-577-banner-2.jpg 800w\" sizes=\"(max-width: 500px) 100vw, 500px\" \/><\/p>\n<p style=\"text-align: center\">\n<p style=\"text-align: center\">\n<p style=\"text-align: center\">\n<p style=\"text-align: center\">\n<p style=\"text-align: center\">\n<p style=\"text-align: center\"><strong><img decoding=\"async\" class=\"m-auto\" src=\"https:\/\/klip-xtreme-frontend.s3.amazonaws.com\/media\/img\/Icon_3_Bolsillo_Frontal.png\" \/><\/strong><\/p>\n<p class=\"product-banner-subtitle mb-0\" style=\"text-align: center\">Tres pr\u00e1cticos bolsillos frontales con cremallera<\/p>\n<p style=\"text-align: center\">y un organizador interno para acceder f\u00e1cilmente a tus art\u00edculos de uso frecuente.<\/p>\n<p>&nbsp;<\/p>\n<p>&nbsp;<\/p>\n<p>&nbsp;<\/p>\n<p>&nbsp;<\/p>\n<p>&nbsp;<\/p>\n<p>&nbsp;<\/p>\n<p><img decoding=\"async\" class=\"wp-image-22919 alignleft\" src=\"https:\/\/mivoot.com\/gt\/wp-content\/uploads\/2024\/09\/KNB-577-banner-3-300x300.jpg\" alt=\"\" width=\"510\" height=\"510\" srcset=\"https:\/\/mivoot.com\/gt\/wp-content\/uploads\/2024\/09\/KNB-577-banner-3-300x300.jpg 300w, https:\/\/mivoot.com\/gt\/wp-content\/uploads\/2024\/09\/KNB-577-banner-3-250x250.jpg 250w, https:\/\/mivoot.com\/gt\/wp-content\/uploads\/2024\/09\/KNB-577-banner-3-100x100.jpg 100w, https:\/\/mivoot.com\/gt\/wp-content\/uploads\/2024\/09\/KNB-577-banner-3-410x410.jpg 410w, https:\/\/mivoot.com\/gt\/wp-content\/uploads\/2024\/09\/KNB-577-banner-3-64x64.jpg 64w, https:\/\/mivoot.com\/gt\/wp-content\/uploads\/2024\/09\/KNB-577-banner-3-150x150.jpg 150w, https:\/\/mivoot.com\/gt\/wp-content\/uploads\/2024\/09\/KNB-577-banner-3-768x768.jpg 768w, https:\/\/mivoot.com\/gt\/wp-content\/uploads\/2024\/09\/KNB-577-banner-3-600x600.jpg 600w, https:\/\/mivoot.com\/gt\/wp-content\/uploads\/2024\/09\/KNB-577-banner-3-50x50.jpg 50w, https:\/\/mivoot.com\/gt\/wp-content\/uploads\/2024\/09\/KNB-577-banner-3.jpg 800w\" sizes=\"(max-width: 510px) 100vw, 510px\" \/><\/p>\n<p>&nbsp;<\/p>\n<p>&nbsp;<\/p>\n<p>&nbsp;<\/p>\n<p>&nbsp;<\/p>\n<p><img decoding=\"async\" class=\"m-auto aligncenter\" src=\"https:\/\/klip-xtreme-frontend.s3.amazonaws.com\/media\/img\/Iconos-KSB-620-USB.png\" \/><\/p>\n<p class=\"product-banner-subtitle mb-0\" style=\"text-align: center\">Puerto USB para cargar tus dispositivos m\u00f3viles sobre la marcha<\/p>\n<p style=\"text-align: center\"><small class=\"\\&quot;text-muted\">Banco port\u00e1til de energ\u00eda no incluido.<\/small><\/p>\n<p>&nbsp;<\/p>\n<p>&nbsp;<\/p>\n<p>&nbsp;<\/p>\n<p>&nbsp;<\/p>\n<p>&nbsp;<\/p>\n<p>&nbsp;<\/p>\n<p><img loading=\"lazy\" decoding=\"async\" class=\"wp-image-22918 alignright\" src=\"https:\/\/mivoot.com\/gt\/wp-content\/uploads\/2024\/09\/KNB-577-banner-4-300x300.jpg\" alt=\"\" width=\"510\" height=\"510\" srcset=\"https:\/\/mivoot.com\/gt\/wp-content\/uploads\/2024\/09\/KNB-577-banner-4-300x300.jpg 300w, https:\/\/mivoot.com\/gt\/wp-content\/uploads\/2024\/09\/KNB-577-banner-4-250x250.jpg 250w, https:\/\/mivoot.com\/gt\/wp-content\/uploads\/2024\/09\/KNB-577-banner-4-100x100.jpg 100w, https:\/\/mivoot.com\/gt\/wp-content\/uploads\/2024\/09\/KNB-577-banner-4-410x410.jpg 410w, https:\/\/mivoot.com\/gt\/wp-content\/uploads\/2024\/09\/KNB-577-banner-4-64x64.jpg 64w, https:\/\/mivoot.com\/gt\/wp-content\/uploads\/2024\/09\/KNB-577-banner-4-150x150.jpg 150w, https:\/\/mivoot.com\/gt\/wp-content\/uploads\/2024\/09\/KNB-577-banner-4-768x768.jpg 768w, https:\/\/mivoot.com\/gt\/wp-content\/uploads\/2024\/09\/KNB-577-banner-4-600x600.jpg 600w, https:\/\/mivoot.com\/gt\/wp-content\/uploads\/2024\/09\/KNB-577-banner-4-50x50.jpg 50w, https:\/\/mivoot.com\/gt\/wp-content\/uploads\/2024\/09\/KNB-577-banner-4.jpg 800w\" sizes=\"(max-width: 510px) 100vw, 510px\" \/><\/p>\n<p>&nbsp;<\/p>\n<p>&nbsp;<\/p>\n<p>&nbsp;<\/p>\n<p>&nbsp;<\/p>\n<p><img decoding=\"async\" class=\"m-auto aligncenter\" src=\"https:\/\/klip-xtreme-frontend.s3.amazonaws.com\/media\/img\/Icon_Carry_on_KNB-577.png\" \/><\/p>\n<p class=\"product-banner-subtitle mb-0\" style=\"text-align: center\">M\u00e1xima comodidad y portabilidad<\/p>\n<p style=\"text-align: center\">viene con parte posterior y correas ajustables acolchadas, adem\u00e1s de correa para carry-on.<\/p>\n<p style=\"text-align: center\">\n<p>&nbsp;<\/p>\n<p>&nbsp;<\/p>\n<p>&nbsp;<\/p>\n<p>&nbsp;<\/p>\n<ul>\n<li>Espaciosa y apta para laptops de hasta 15,6 pulgadas.<\/li>\n<li>Tres pr\u00e1cticos bolsillos frontales con cierre para un f\u00e1cil acceso a art\u00edculos de uso frecuente.<\/li>\n<li>Puerto USB para cargar sus dispositivos m\u00f3viles sobre la marcha*<\/li>\n<li>Bolsillo organizador interior.<\/li>\n<li>Parte trasera ultra acolchada para m\u00e1xima comodidad.<\/li>\n<li>Tirantes para hombros acolchados y ajustables.<\/li>\n<li>Correa para equipaje de mano.<\/li>\n<li>Cierres met\u00e1licos fuertes y duraderos.<\/li>\n<li>Hecho de poli\u00e9ster de alta calidad y resistente al agua.<\/li>\n<\/ul>\n","protected":false},"excerpt":{"rendered":"<p>&#8211; Para laptops de hasta: 15,6 pulgadas<br \/>\n&#8211; Compartimentos: Un compartimento principal<br \/>\n&#8211; Ventajas especiales: Puerto de carga USB*<br \/>\n&#8211; Bolsillos exteriores: Bolsillo grande con cierre; Bolsillo mediano con cierre; Bolsillo peque\u00f1o con cierre; Dos bolsillos de malla<br \/>\n&#8211; Bolsillos interiores: Un bolsillo organizador<br \/>\n&#8211; Color: Negro, gris<br \/>\n&#8211; Respaldo acolchado: S\u00ed, ultra-acolchado<br \/>\n&#8211; Material: 100% poli\u00e9ster<br \/>\n&#8211; *Banco port\u00e1til de energ\u00eda no incluido.<br \/>\n&#8211; Exterior: 29x12x44,5cm<br \/>\n&#8211; Compartimento para laptop: 28&#215;2,5x38cm<br \/>\n&#8211; Peso m\u00e1ximo con ambos tirantes para hombros: 15 kg<br \/>\n&#8211; Peso: 0,59 kg<\/p>\n","protected":false},"featured_media":22913,"comment_status":"open","ping_status":"closed","template":"","meta":{"jetpack_publicize_message":"","jetpack_publicize_feature_enabled":true,"jetpack_social_post_already_shared":true,"jetpack_social_options":{"image_generator_settings":{"template":"highway","default_image_id":0,"font":"","enabled":false},"version":2}},"pwb-brand":[79],"product_brand":[],"product_cat":[27],"product_tag":[],"class_list":{"0":"post-22910","1":"product","2":"type-product","3":"status-publish","4":"has-post-thumbnail","6":"pwb-brand-klip-xtreme","7":"product_cat-mochilas","9":"first","10":"instock","11":"taxable","12":"shipping-taxable","13":"purchasable","14":"product-type-simple"},"yoast_head":"<!-- This site is optimized with the Yoast SEO Premium plugin v25.7.1 (Yoast SEO v26.8) - https:\/\/yoast.com\/product\/yoast-seo-premium-wordpress\/ -->\n<title>Mochila para Laptop 15.6&#039;&#039; Negro Stendal Klip Xtreme - Mivoot<\/title>\n<meta name=\"robots\" content=\"index, follow, max-snippet:-1, max-image-preview:large, max-video-preview:-1\" \/>\n<link rel=\"canonical\" href=\"https:\/\/mivoot.com\/gt\/producto\/mochila-de-15-6-negro-stendal-klip-xtreme\/\" \/>\n<meta property=\"og:locale\" content=\"es_ES\" \/>\n<meta property=\"og:type\" content=\"article\" \/>\n<meta property=\"og:title\" content=\"Mochila para Laptop 15.6&#039;&#039; Negro Stendal Klip Xtreme\" \/>\n<meta property=\"og:description\" content=\"- Para laptops de hasta: 15,6 pulgadas - Compartimentos: Un compartimento principal - Ventajas especiales: Puerto de carga USB* - Bolsillos exteriores: Bolsillo grande con cierre; Bolsillo mediano con cierre; Bolsillo peque\u00f1o con cierre; Dos bolsillos de malla - Bolsillos interiores: Un bolsillo organizador - Color: Negro, gris - Respaldo acolchado: S\u00ed, ultra-acolchado - Material: 100% poli\u00e9ster - *Banco port\u00e1til de energ\u00eda no incluido. - Exterior: 29x12x44,5cm - Compartimento para laptop: 28x2,5x38cm - Peso m\u00e1ximo con ambos tirantes para hombros: 15 kg - Peso: 0,59 kg\" \/>\n<meta property=\"og:url\" content=\"https:\/\/mivoot.com\/gt\/producto\/mochila-de-15-6-negro-stendal-klip-xtreme\/\" \/>\n<meta property=\"og:site_name\" content=\"Mivoot\" \/>\n<meta property=\"article:publisher\" content=\"https:\/\/www.facebook.com\/mivootgt\" \/>\n<meta property=\"article:modified_time\" content=\"2024-09-27T19:15:24+00:00\" \/>\n<meta property=\"og:image\" content=\"https:\/\/mivoot.com\/gt\/wp-content\/uploads\/2024\/09\/KNB-577BK-landing.jpg\" \/>\n\t<meta property=\"og:image:width\" content=\"800\" \/>\n\t<meta property=\"og:image:height\" content=\"800\" \/>\n\t<meta property=\"og:image:type\" content=\"image\/jpeg\" \/>\n<meta name=\"twitter:card\" content=\"summary_large_image\" \/>\n<meta name=\"twitter:label1\" content=\"Est. reading time\" \/>\n\t<meta name=\"twitter:data1\" content=\"3 minutos\" \/>\n<script type=\"application\/ld+json\" class=\"yoast-schema-graph\">{\"@context\":\"https:\/\/schema.org\",\"@graph\":[{\"@type\":\"WebPage\",\"@id\":\"https:\/\/mivoot.com\/gt\/producto\/mochila-de-15-6-negro-stendal-klip-xtreme\/\",\"url\":\"https:\/\/mivoot.com\/gt\/producto\/mochila-de-15-6-negro-stendal-klip-xtreme\/\",\"name\":\"Mochila para Laptop 15.6'' Negro Stendal Klip Xtreme - Mivoot\",\"isPartOf\":{\"@id\":\"https:\/\/mivoot.com\/gt\/#website\"},\"primaryImageOfPage\":{\"@id\":\"https:\/\/mivoot.com\/gt\/producto\/mochila-de-15-6-negro-stendal-klip-xtreme\/#primaryimage\"},\"image\":{\"@id\":\"https:\/\/mivoot.com\/gt\/producto\/mochila-de-15-6-negro-stendal-klip-xtreme\/#primaryimage\"},\"thumbnailUrl\":\"https:\/\/mivoot.com\/gt\/wp-content\/uploads\/2024\/09\/KNB-577BK-landing.jpg\",\"datePublished\":\"2024-09-26T20:06:03+00:00\",\"dateModified\":\"2024-09-27T19:15:24+00:00\",\"breadcrumb\":{\"@id\":\"https:\/\/mivoot.com\/gt\/producto\/mochila-de-15-6-negro-stendal-klip-xtreme\/#breadcrumb\"},\"inLanguage\":\"es\",\"potentialAction\":[{\"@type\":\"ReadAction\",\"target\":[\"https:\/\/mivoot.com\/gt\/producto\/mochila-de-15-6-negro-stendal-klip-xtreme\/\"]}]},{\"@type\":\"ImageObject\",\"inLanguage\":\"es\",\"@id\":\"https:\/\/mivoot.com\/gt\/producto\/mochila-de-15-6-negro-stendal-klip-xtreme\/#primaryimage\",\"url\":\"https:\/\/mivoot.com\/gt\/wp-content\/uploads\/2024\/09\/KNB-577BK-landing.jpg\",\"contentUrl\":\"https:\/\/mivoot.com\/gt\/wp-content\/uploads\/2024\/09\/KNB-577BK-landing.jpg\",\"width\":800,\"height\":800},{\"@type\":\"BreadcrumbList\",\"@id\":\"https:\/\/mivoot.com\/gt\/producto\/mochila-de-15-6-negro-stendal-klip-xtreme\/#breadcrumb\",\"itemListElement\":[{\"@type\":\"ListItem\",\"position\":1,\"name\":\"Inicio\",\"item\":\"https:\/\/mivoot.com\/gt\/\"},{\"@type\":\"ListItem\",\"position\":2,\"name\":\"Productos\",\"item\":\"https:\/\/mivoot.com\/gt\/producto\/\"},{\"@type\":\"ListItem\",\"position\":3,\"name\":\"Klip Xtreme\",\"item\":\"https:\/\/mivoot.com\/gt\/marca\/klip-xtreme\/\"},{\"@type\":\"ListItem\",\"position\":4,\"name\":\"Mochila para Laptop 15.6&#8221; Negro Stendal Klip Xtreme\"}]},{\"@type\":\"WebSite\",\"@id\":\"https:\/\/mivoot.com\/gt\/#website\",\"url\":\"https:\/\/mivoot.com\/gt\/\",\"name\":\"Mivoot\",\"description\":\"Mivoot Guatemala | Tienda Online\",\"publisher\":{\"@id\":\"https:\/\/mivoot.com\/gt\/#organization\"},\"alternateName\":\"mivoot\",\"potentialAction\":[{\"@type\":\"SearchAction\",\"target\":{\"@type\":\"EntryPoint\",\"urlTemplate\":\"https:\/\/mivoot.com\/gt\/?s={search_term_string}\"},\"query-input\":{\"@type\":\"PropertyValueSpecification\",\"valueRequired\":true,\"valueName\":\"search_term_string\"}}],\"inLanguage\":\"es\"},{\"@type\":\"Organization\",\"@id\":\"https:\/\/mivoot.com\/gt\/#organization\",\"name\":\"Mivoot Guatemala\",\"alternateName\":\"mivoot.com\",\"url\":\"https:\/\/mivoot.com\/gt\/\",\"logo\":{\"@type\":\"ImageObject\",\"inLanguage\":\"es\",\"@id\":\"https:\/\/mivoot.com\/gt\/#\/schema\/logo\/image\/\",\"url\":\"https:\/\/mivoot.com\/gt\/wp-content\/uploads\/2023\/03\/cropped-icon.png\",\"contentUrl\":\"https:\/\/mivoot.com\/gt\/wp-content\/uploads\/2023\/03\/cropped-icon.png\",\"width\":512,\"height\":512,\"caption\":\"Mivoot Guatemala\"},\"image\":{\"@id\":\"https:\/\/mivoot.com\/gt\/#\/schema\/logo\/image\/\"},\"sameAs\":[\"https:\/\/www.facebook.com\/mivootgt\",\"https:\/\/instagram.com\/mivoot\"]}]}<\/script>\n<!-- \/ Yoast SEO Premium plugin. -->","yoast_head_json":{"title":"Mochila para Laptop 15.6'' Negro Stendal Klip Xtreme - Mivoot","robots":{"index":"index","follow":"follow","max-snippet":"max-snippet:-1","max-image-preview":"max-image-preview:large","max-video-preview":"max-video-preview:-1"},"canonical":"https:\/\/mivoot.com\/gt\/producto\/mochila-de-15-6-negro-stendal-klip-xtreme\/","og_locale":"es_ES","og_type":"article","og_title":"Mochila para Laptop 15.6'' Negro Stendal Klip Xtreme","og_description":"- Para laptops de hasta: 15,6 pulgadas - Compartimentos: Un compartimento principal - Ventajas especiales: Puerto de carga USB* - Bolsillos exteriores: Bolsillo grande con cierre; Bolsillo mediano con cierre; Bolsillo peque\u00f1o con cierre; Dos bolsillos de malla - Bolsillos interiores: Un bolsillo organizador - Color: Negro, gris - Respaldo acolchado: S\u00ed, ultra-acolchado - Material: 100% poli\u00e9ster - *Banco port\u00e1til de energ\u00eda no incluido. - Exterior: 29x12x44,5cm - Compartimento para laptop: 28x2,5x38cm - Peso m\u00e1ximo con ambos tirantes para hombros: 15 kg - Peso: 0,59 kg","og_url":"https:\/\/mivoot.com\/gt\/producto\/mochila-de-15-6-negro-stendal-klip-xtreme\/","og_site_name":"Mivoot","article_publisher":"https:\/\/www.facebook.com\/mivootgt","article_modified_time":"2024-09-27T19:15:24+00:00","og_image":[{"width":800,"height":800,"url":"https:\/\/mivoot.com\/gt\/wp-content\/uploads\/2024\/09\/KNB-577BK-landing.jpg","type":"image\/jpeg"}],"twitter_card":"summary_large_image","twitter_misc":{"Est. reading time":"3 minutos"},"schema":{"@context":"https:\/\/schema.org","@graph":[{"@type":"WebPage","@id":"https:\/\/mivoot.com\/gt\/producto\/mochila-de-15-6-negro-stendal-klip-xtreme\/","url":"https:\/\/mivoot.com\/gt\/producto\/mochila-de-15-6-negro-stendal-klip-xtreme\/","name":"Mochila para Laptop 15.6'' Negro Stendal Klip Xtreme - Mivoot","isPartOf":{"@id":"https:\/\/mivoot.com\/gt\/#website"},"primaryImageOfPage":{"@id":"https:\/\/mivoot.com\/gt\/producto\/mochila-de-15-6-negro-stendal-klip-xtreme\/#primaryimage"},"image":{"@id":"https:\/\/mivoot.com\/gt\/producto\/mochila-de-15-6-negro-stendal-klip-xtreme\/#primaryimage"},"thumbnailUrl":"https:\/\/mivoot.com\/gt\/wp-content\/uploads\/2024\/09\/KNB-577BK-landing.jpg","datePublished":"2024-09-26T20:06:03+00:00","dateModified":"2024-09-27T19:15:24+00:00","breadcrumb":{"@id":"https:\/\/mivoot.com\/gt\/producto\/mochila-de-15-6-negro-stendal-klip-xtreme\/#breadcrumb"},"inLanguage":"es","potentialAction":[{"@type":"ReadAction","target":["https:\/\/mivoot.com\/gt\/producto\/mochila-de-15-6-negro-stendal-klip-xtreme\/"]}]},{"@type":"ImageObject","inLanguage":"es","@id":"https:\/\/mivoot.com\/gt\/producto\/mochila-de-15-6-negro-stendal-klip-xtreme\/#primaryimage","url":"https:\/\/mivoot.com\/gt\/wp-content\/uploads\/2024\/09\/KNB-577BK-landing.jpg","contentUrl":"https:\/\/mivoot.com\/gt\/wp-content\/uploads\/2024\/09\/KNB-577BK-landing.jpg","width":800,"height":800},{"@type":"BreadcrumbList","@id":"https:\/\/mivoot.com\/gt\/producto\/mochila-de-15-6-negro-stendal-klip-xtreme\/#breadcrumb","itemListElement":[{"@type":"ListItem","position":1,"name":"Inicio","item":"https:\/\/mivoot.com\/gt\/"},{"@type":"ListItem","position":2,"name":"Productos","item":"https:\/\/mivoot.com\/gt\/producto\/"},{"@type":"ListItem","position":3,"name":"Klip Xtreme","item":"https:\/\/mivoot.com\/gt\/marca\/klip-xtreme\/"},{"@type":"ListItem","position":4,"name":"Mochila para Laptop 15.6&#8221; Negro Stendal Klip Xtreme"}]},{"@type":"WebSite","@id":"https:\/\/mivoot.com\/gt\/#website","url":"https:\/\/mivoot.com\/gt\/","name":"Mivoot","description":"Mivoot Guatemala | Tienda Online","publisher":{"@id":"https:\/\/mivoot.com\/gt\/#organization"},"alternateName":"mivoot","potentialAction":[{"@type":"SearchAction","target":{"@type":"EntryPoint","urlTemplate":"https:\/\/mivoot.com\/gt\/?s={search_term_string}"},"query-input":{"@type":"PropertyValueSpecification","valueRequired":true,"valueName":"search_term_string"}}],"inLanguage":"es"},{"@type":"Organization","@id":"https:\/\/mivoot.com\/gt\/#organization","name":"Mivoot Guatemala","alternateName":"mivoot.com","url":"https:\/\/mivoot.com\/gt\/","logo":{"@type":"ImageObject","inLanguage":"es","@id":"https:\/\/mivoot.com\/gt\/#\/schema\/logo\/image\/","url":"https:\/\/mivoot.com\/gt\/wp-content\/uploads\/2023\/03\/cropped-icon.png","contentUrl":"https:\/\/mivoot.com\/gt\/wp-content\/uploads\/2023\/03\/cropped-icon.png","width":512,"height":512,"caption":"Mivoot Guatemala"},"image":{"@id":"https:\/\/mivoot.com\/gt\/#\/schema\/logo\/image\/"},"sameAs":["https:\/\/www.facebook.com\/mivootgt","https:\/\/instagram.com\/mivoot"]}]}},"jetpack_publicize_connections":[],"jetpack_sharing_enabled":true,"brands":[{"id":79,"name":"Klip Xtreme","slug":"klip-xtreme"}],"_links":{"self":[{"href":"https:\/\/mivoot.com\/gt\/wp-json\/wp\/v2\/product\/22910","targetHints":{"allow":["GET"]}}],"collection":[{"href":"https:\/\/mivoot.com\/gt\/wp-json\/wp\/v2\/product"}],"about":[{"href":"https:\/\/mivoot.com\/gt\/wp-json\/wp\/v2\/types\/product"}],"replies":[{"embeddable":true,"href":"https:\/\/mivoot.com\/gt\/wp-json\/wp\/v2\/comments?post=22910"}],"version-history":[{"count":2,"href":"https:\/\/mivoot.com\/gt\/wp-json\/wp\/v2\/product\/22910\/revisions"}],"predecessor-version":[{"id":22971,"href":"https:\/\/mivoot.com\/gt\/wp-json\/wp\/v2\/product\/22910\/revisions\/22971"}],"wp:featuredmedia":[{"embeddable":true,"href":"https:\/\/mivoot.com\/gt\/wp-json\/wp\/v2\/media\/22913"}],"wp:attachment":[{"href":"https:\/\/mivoot.com\/gt\/wp-json\/wp\/v2\/media?parent=22910"}],"wp:term":[{"taxonomy":"pwb-brand","embeddable":true,"href":"https:\/\/mivoot.com\/gt\/wp-json\/wp\/v2\/pwb-brand?post=22910"},{"taxonomy":"product_brand","embeddable":true,"href":"https:\/\/mivoot.com\/gt\/wp-json\/wp\/v2\/product_brand?post=22910"},{"taxonomy":"product_cat","embeddable":true,"href":"https:\/\/mivoot.com\/gt\/wp-json\/wp\/v2\/product_cat?post=22910"},{"taxonomy":"product_tag","embeddable":true,"href":"https:\/\/mivoot.com\/gt\/wp-json\/wp\/v2\/product_tag?post=22910"}],"curies":[{"name":"wp","href":"https:\/\/api.w.org\/{rel}","templated":true}]}}