{"id":23049,"date":"2024-10-04T12:12:48","date_gmt":"2024-10-04T18:12:48","guid":{"rendered":"https:\/\/mivoot.com\/gt\/?post_type=product&#038;p=23049"},"modified":"2024-10-04T12:12:49","modified_gmt":"2024-10-04T18:12:49","slug":"pantalla-de-proyeccion-92%e2%80%b3-con-tripode-marco-negro-klip-xtreme","status":"publish","type":"product","link":"https:\/\/mivoot.com\/gt\/producto\/pantalla-de-proyeccion-92%e2%80%b3-con-tripode-marco-negro-klip-xtreme\/","title":{"rendered":"Pantalla de Proyecci\u00f3n 92\u2033 con Tr\u00edpode Marco Negro Klip Xtreme"},"content":{"rendered":"<div>\n<h2>Expande tu capacidad de exposici\u00f3n<\/h2>\n<\/div>\n<p>Esta pantalla de protecci\u00f3n es ideal para usar en aulas, auditorios o salas de conferencia. Su resistente plataforma estilo tr\u00edpode la hace extremadamente port\u00e1til, ya que puede armarse en solo minutos y se pliega f\u00e1cilmente cuando no se utiliza. Su acabado mate evita que el brillo y el reflejo dificulten la visi\u00f3n. Disponible con la cubierta en color negro<\/p>\n<ul>\n<li>Disponible con la cubierta en color negro<\/li>\n<li>Pantalla de color blanco mate<\/li>\n<li>Grosor de la pantalla: 0,42mm +\/-0,03in<\/li>\n<\/ul>\n<ul>\n<li>Tipo de soporte: Tripode<\/li>\n<li>Tipo de operaci\u00f3n: Manual<\/li>\n<li>Relaci\u00f3n de aspecto: 16:09<\/li>\n<li>Color: Blanca con marco negro<\/li>\n<li>Ganancia: 1.1<\/li>\n<li>Retardador de llama: Si<\/li>\n<li>Tama\u00f1o de la pantalla (Diagonal): 92in\/2,34m<\/li>\n<li>Dimensiones de la pantalla (AlxAnxLa): 2100*1430*0,45mm<\/li>\n<li>Material de la pantalla: Capas exteriores de PVC, capa interior de tela<\/li>\n<li>Grosor de la pantalla: 0,42mm +\/-0,03mm<\/li>\n<li>Altura del \u00e1rea de visi\u00f3n: 115cm<\/li>\n<li>Ancho del \u00e1rea de visi\u00f3n: 204cm<\/li>\n<li>Peso: 11,5kg<\/li>\n<\/ul>\n<p><img decoding=\"async\" src=\"https:\/\/klip-xtreme-frontend.s3.amazonaws.com\/media\/img\/KPS-113-imgico-1.jpg\" \/><\/p>\n<h2 class=\"product-banner-subtitle mb-0\">Dise\u00f1o port\u00e1til y tr\u00edpode<\/h2>\n<p><img decoding=\"async\" src=\"https:\/\/klip-xtreme-frontend.s3.amazonaws.com\/media\/img\/KPS-113-imgico-3.jpg\" \/><\/p>\n<h2 class=\"product-banner-subtitle mb-0\">Tama\u00f1o m\u00e1x de la pantalla 92in\/2,34m<\/h2>\n<h2>(diagonal)<\/h2>\n","protected":false},"excerpt":{"rendered":"<p>Tipo de soporte: Tripode<br \/>\n&#8211; Tipo de operaci\u00f3n: Manual<br \/>\n&#8211; Relaci\u00f3n de aspecto: 16:09<br \/>\n&#8211; Color: Blanca con marco negro<br \/>\n&#8211; Ganancia: 1.1<br \/>\n&#8211; Retardador de llama: Si<br \/>\n&#8211; Tama\u00f1o de la pantalla (Diagonal): 92in\/2,34m<br \/>\n&#8211; Dimensiones de la pantalla (AlxAnxLa): 2100*1430*0,45mm<br \/>\n&#8211; Material de la pantalla: Capas exteriores de PVC, capa interior de tela<br \/>\n&#8211; Grosor de la pantalla: 0,42mm +\/-0,03mm<br \/>\n&#8211; Altura del \u00e1rea de visi\u00f3n: 115cm<br \/>\n&#8211; Ancho del \u00e1rea de visi\u00f3n: 204cm<br \/>\n&#8211; Peso: 11,5kg<\/p>\n","protected":false},"featured_media":23056,"comment_status":"open","ping_status":"closed","template":"","meta":{"jetpack_publicize_message":"","jetpack_publicize_feature_enabled":true,"jetpack_social_post_already_shared":true,"jetpack_social_options":{"image_generator_settings":{"template":"highway","default_image_id":0,"font":"","enabled":false},"version":2}},"pwb-brand":[79],"product_brand":[],"product_cat":[473],"product_tag":[],"class_list":{"0":"post-23049","1":"product","2":"type-product","3":"status-publish","4":"has-post-thumbnail","6":"pwb-brand-klip-xtreme","7":"product_cat-pantallas-de-proyeccion","9":"first","10":"instock","11":"taxable","12":"shipping-taxable","13":"purchasable","14":"product-type-simple"},"yoast_head":"<!-- This site is optimized with the Yoast SEO Premium plugin v25.7.1 (Yoast SEO v26.8) - https:\/\/yoast.com\/product\/yoast-seo-premium-wordpress\/ -->\n<title>Pantalla de Proyecci\u00f3n 92\u2033 con Tr\u00edpode Marco Negro Klip Xtreme - Mivoot<\/title>\n<meta name=\"robots\" content=\"index, follow, max-snippet:-1, max-image-preview:large, max-video-preview:-1\" \/>\n<link rel=\"canonical\" href=\"https:\/\/mivoot.com\/gt\/producto\/pantalla-de-proyeccion-92\u2033-con-tripode-marco-negro-klip-xtreme\/\" \/>\n<meta property=\"og:locale\" content=\"es_ES\" \/>\n<meta property=\"og:type\" content=\"article\" \/>\n<meta property=\"og:title\" content=\"Pantalla de Proyecci\u00f3n 92\u2033 con Tr\u00edpode Marco Negro Klip Xtreme\" \/>\n<meta property=\"og:description\" content=\"Tipo de soporte: Tripode - Tipo de operaci\u00f3n: Manual - Relaci\u00f3n de aspecto: 16:09 - Color: Blanca con marco negro - Ganancia: 1.1 - Retardador de llama: Si - Tama\u00f1o de la pantalla (Diagonal): 92in\/2,34m - Dimensiones de la pantalla (AlxAnxLa): 2100*1430*0,45mm - Material de la pantalla: Capas exteriores de PVC, capa interior de tela - Grosor de la pantalla: 0,42mm +\/-0,03mm - Altura del \u00e1rea de visi\u00f3n: 115cm - Ancho del \u00e1rea de visi\u00f3n: 204cm - Peso: 11,5kg\" \/>\n<meta property=\"og:url\" content=\"https:\/\/mivoot.com\/gt\/producto\/pantalla-de-proyeccion-92\u2033-con-tripode-marco-negro-klip-xtreme\/\" \/>\n<meta property=\"og:site_name\" content=\"Mivoot\" \/>\n<meta property=\"article:publisher\" content=\"https:\/\/www.facebook.com\/mivootgt\" \/>\n<meta property=\"article:modified_time\" content=\"2024-10-04T18:12:49+00:00\" \/>\n<meta property=\"og:image\" content=\"https:\/\/mivoot.com\/gt\/wp-content\/uploads\/2024\/10\/KPS-113-land.jpg\" \/>\n\t<meta property=\"og:image:width\" content=\"800\" \/>\n\t<meta property=\"og:image:height\" content=\"800\" \/>\n\t<meta property=\"og:image:type\" content=\"image\/jpeg\" \/>\n<meta name=\"twitter:card\" content=\"summary_large_image\" \/>\n<meta name=\"twitter:label1\" content=\"Est. reading time\" \/>\n\t<meta name=\"twitter:data1\" content=\"2 minutos\" \/>\n<script type=\"application\/ld+json\" class=\"yoast-schema-graph\">{\"@context\":\"https:\/\/schema.org\",\"@graph\":[{\"@type\":\"WebPage\",\"@id\":\"https:\/\/mivoot.com\/gt\/producto\/pantalla-de-proyeccion-92%e2%80%b3-con-tripode-marco-negro-klip-xtreme\/\",\"url\":\"https:\/\/mivoot.com\/gt\/producto\/pantalla-de-proyeccion-92%e2%80%b3-con-tripode-marco-negro-klip-xtreme\/\",\"name\":\"Pantalla de Proyecci\u00f3n 92\u2033 con Tr\u00edpode Marco Negro Klip Xtreme - Mivoot\",\"isPartOf\":{\"@id\":\"https:\/\/mivoot.com\/gt\/#website\"},\"primaryImageOfPage\":{\"@id\":\"https:\/\/mivoot.com\/gt\/producto\/pantalla-de-proyeccion-92%e2%80%b3-con-tripode-marco-negro-klip-xtreme\/#primaryimage\"},\"image\":{\"@id\":\"https:\/\/mivoot.com\/gt\/producto\/pantalla-de-proyeccion-92%e2%80%b3-con-tripode-marco-negro-klip-xtreme\/#primaryimage\"},\"thumbnailUrl\":\"https:\/\/mivoot.com\/gt\/wp-content\/uploads\/2024\/10\/KPS-113-land.jpg\",\"datePublished\":\"2024-10-04T18:12:48+00:00\",\"dateModified\":\"2024-10-04T18:12:49+00:00\",\"breadcrumb\":{\"@id\":\"https:\/\/mivoot.com\/gt\/producto\/pantalla-de-proyeccion-92%e2%80%b3-con-tripode-marco-negro-klip-xtreme\/#breadcrumb\"},\"inLanguage\":\"es\",\"potentialAction\":[{\"@type\":\"ReadAction\",\"target\":[\"https:\/\/mivoot.com\/gt\/producto\/pantalla-de-proyeccion-92%e2%80%b3-con-tripode-marco-negro-klip-xtreme\/\"]}]},{\"@type\":\"ImageObject\",\"inLanguage\":\"es\",\"@id\":\"https:\/\/mivoot.com\/gt\/producto\/pantalla-de-proyeccion-92%e2%80%b3-con-tripode-marco-negro-klip-xtreme\/#primaryimage\",\"url\":\"https:\/\/mivoot.com\/gt\/wp-content\/uploads\/2024\/10\/KPS-113-land.jpg\",\"contentUrl\":\"https:\/\/mivoot.com\/gt\/wp-content\/uploads\/2024\/10\/KPS-113-land.jpg\",\"width\":800,\"height\":800},{\"@type\":\"BreadcrumbList\",\"@id\":\"https:\/\/mivoot.com\/gt\/producto\/pantalla-de-proyeccion-92%e2%80%b3-con-tripode-marco-negro-klip-xtreme\/#breadcrumb\",\"itemListElement\":[{\"@type\":\"ListItem\",\"position\":1,\"name\":\"Inicio\",\"item\":\"https:\/\/mivoot.com\/gt\/\"},{\"@type\":\"ListItem\",\"position\":2,\"name\":\"Productos\",\"item\":\"https:\/\/mivoot.com\/gt\/producto\/\"},{\"@type\":\"ListItem\",\"position\":3,\"name\":\"Klip Xtreme\",\"item\":\"https:\/\/mivoot.com\/gt\/marca\/klip-xtreme\/\"},{\"@type\":\"ListItem\",\"position\":4,\"name\":\"Pantalla de Proyecci\u00f3n 92\u2033 con Tr\u00edpode Marco Negro Klip Xtreme\"}]},{\"@type\":\"WebSite\",\"@id\":\"https:\/\/mivoot.com\/gt\/#website\",\"url\":\"https:\/\/mivoot.com\/gt\/\",\"name\":\"Mivoot\",\"description\":\"Mivoot Guatemala | Tienda Online\",\"publisher\":{\"@id\":\"https:\/\/mivoot.com\/gt\/#organization\"},\"alternateName\":\"mivoot\",\"potentialAction\":[{\"@type\":\"SearchAction\",\"target\":{\"@type\":\"EntryPoint\",\"urlTemplate\":\"https:\/\/mivoot.com\/gt\/?s={search_term_string}\"},\"query-input\":{\"@type\":\"PropertyValueSpecification\",\"valueRequired\":true,\"valueName\":\"search_term_string\"}}],\"inLanguage\":\"es\"},{\"@type\":\"Organization\",\"@id\":\"https:\/\/mivoot.com\/gt\/#organization\",\"name\":\"Mivoot Guatemala\",\"alternateName\":\"mivoot.com\",\"url\":\"https:\/\/mivoot.com\/gt\/\",\"logo\":{\"@type\":\"ImageObject\",\"inLanguage\":\"es\",\"@id\":\"https:\/\/mivoot.com\/gt\/#\/schema\/logo\/image\/\",\"url\":\"https:\/\/mivoot.com\/gt\/wp-content\/uploads\/2023\/03\/cropped-icon.png\",\"contentUrl\":\"https:\/\/mivoot.com\/gt\/wp-content\/uploads\/2023\/03\/cropped-icon.png\",\"width\":512,\"height\":512,\"caption\":\"Mivoot Guatemala\"},\"image\":{\"@id\":\"https:\/\/mivoot.com\/gt\/#\/schema\/logo\/image\/\"},\"sameAs\":[\"https:\/\/www.facebook.com\/mivootgt\",\"https:\/\/instagram.com\/mivoot\"]}]}<\/script>\n<!-- \/ Yoast SEO Premium plugin. -->","yoast_head_json":{"title":"Pantalla de Proyecci\u00f3n 92\u2033 con Tr\u00edpode Marco Negro Klip Xtreme - Mivoot","robots":{"index":"index","follow":"follow","max-snippet":"max-snippet:-1","max-image-preview":"max-image-preview:large","max-video-preview":"max-video-preview:-1"},"canonical":"https:\/\/mivoot.com\/gt\/producto\/pantalla-de-proyeccion-92\u2033-con-tripode-marco-negro-klip-xtreme\/","og_locale":"es_ES","og_type":"article","og_title":"Pantalla de Proyecci\u00f3n 92\u2033 con Tr\u00edpode Marco Negro Klip Xtreme","og_description":"Tipo de soporte: Tripode - Tipo de operaci\u00f3n: Manual - Relaci\u00f3n de aspecto: 16:09 - Color: Blanca con marco negro - Ganancia: 1.1 - Retardador de llama: Si - Tama\u00f1o de la pantalla (Diagonal): 92in\/2,34m - Dimensiones de la pantalla (AlxAnxLa): 2100*1430*0,45mm - Material de la pantalla: Capas exteriores de PVC, capa interior de tela - Grosor de la pantalla: 0,42mm +\/-0,03mm - Altura del \u00e1rea de visi\u00f3n: 115cm - Ancho del \u00e1rea de visi\u00f3n: 204cm - Peso: 11,5kg","og_url":"https:\/\/mivoot.com\/gt\/producto\/pantalla-de-proyeccion-92\u2033-con-tripode-marco-negro-klip-xtreme\/","og_site_name":"Mivoot","article_publisher":"https:\/\/www.facebook.com\/mivootgt","article_modified_time":"2024-10-04T18:12:49+00:00","og_image":[{"width":800,"height":800,"url":"https:\/\/mivoot.com\/gt\/wp-content\/uploads\/2024\/10\/KPS-113-land.jpg","type":"image\/jpeg"}],"twitter_card":"summary_large_image","twitter_misc":{"Est. reading time":"2 minutos"},"schema":{"@context":"https:\/\/schema.org","@graph":[{"@type":"WebPage","@id":"https:\/\/mivoot.com\/gt\/producto\/pantalla-de-proyeccion-92%e2%80%b3-con-tripode-marco-negro-klip-xtreme\/","url":"https:\/\/mivoot.com\/gt\/producto\/pantalla-de-proyeccion-92%e2%80%b3-con-tripode-marco-negro-klip-xtreme\/","name":"Pantalla de Proyecci\u00f3n 92\u2033 con Tr\u00edpode Marco Negro Klip Xtreme - Mivoot","isPartOf":{"@id":"https:\/\/mivoot.com\/gt\/#website"},"primaryImageOfPage":{"@id":"https:\/\/mivoot.com\/gt\/producto\/pantalla-de-proyeccion-92%e2%80%b3-con-tripode-marco-negro-klip-xtreme\/#primaryimage"},"image":{"@id":"https:\/\/mivoot.com\/gt\/producto\/pantalla-de-proyeccion-92%e2%80%b3-con-tripode-marco-negro-klip-xtreme\/#primaryimage"},"thumbnailUrl":"https:\/\/mivoot.com\/gt\/wp-content\/uploads\/2024\/10\/KPS-113-land.jpg","datePublished":"2024-10-04T18:12:48+00:00","dateModified":"2024-10-04T18:12:49+00:00","breadcrumb":{"@id":"https:\/\/mivoot.com\/gt\/producto\/pantalla-de-proyeccion-92%e2%80%b3-con-tripode-marco-negro-klip-xtreme\/#breadcrumb"},"inLanguage":"es","potentialAction":[{"@type":"ReadAction","target":["https:\/\/mivoot.com\/gt\/producto\/pantalla-de-proyeccion-92%e2%80%b3-con-tripode-marco-negro-klip-xtreme\/"]}]},{"@type":"ImageObject","inLanguage":"es","@id":"https:\/\/mivoot.com\/gt\/producto\/pantalla-de-proyeccion-92%e2%80%b3-con-tripode-marco-negro-klip-xtreme\/#primaryimage","url":"https:\/\/mivoot.com\/gt\/wp-content\/uploads\/2024\/10\/KPS-113-land.jpg","contentUrl":"https:\/\/mivoot.com\/gt\/wp-content\/uploads\/2024\/10\/KPS-113-land.jpg","width":800,"height":800},{"@type":"BreadcrumbList","@id":"https:\/\/mivoot.com\/gt\/producto\/pantalla-de-proyeccion-92%e2%80%b3-con-tripode-marco-negro-klip-xtreme\/#breadcrumb","itemListElement":[{"@type":"ListItem","position":1,"name":"Inicio","item":"https:\/\/mivoot.com\/gt\/"},{"@type":"ListItem","position":2,"name":"Productos","item":"https:\/\/mivoot.com\/gt\/producto\/"},{"@type":"ListItem","position":3,"name":"Klip Xtreme","item":"https:\/\/mivoot.com\/gt\/marca\/klip-xtreme\/"},{"@type":"ListItem","position":4,"name":"Pantalla de Proyecci\u00f3n 92\u2033 con Tr\u00edpode Marco Negro Klip Xtreme"}]},{"@type":"WebSite","@id":"https:\/\/mivoot.com\/gt\/#website","url":"https:\/\/mivoot.com\/gt\/","name":"Mivoot","description":"Mivoot Guatemala | Tienda Online","publisher":{"@id":"https:\/\/mivoot.com\/gt\/#organization"},"alternateName":"mivoot","potentialAction":[{"@type":"SearchAction","target":{"@type":"EntryPoint","urlTemplate":"https:\/\/mivoot.com\/gt\/?s={search_term_string}"},"query-input":{"@type":"PropertyValueSpecification","valueRequired":true,"valueName":"search_term_string"}}],"inLanguage":"es"},{"@type":"Organization","@id":"https:\/\/mivoot.com\/gt\/#organization","name":"Mivoot Guatemala","alternateName":"mivoot.com","url":"https:\/\/mivoot.com\/gt\/","logo":{"@type":"ImageObject","inLanguage":"es","@id":"https:\/\/mivoot.com\/gt\/#\/schema\/logo\/image\/","url":"https:\/\/mivoot.com\/gt\/wp-content\/uploads\/2023\/03\/cropped-icon.png","contentUrl":"https:\/\/mivoot.com\/gt\/wp-content\/uploads\/2023\/03\/cropped-icon.png","width":512,"height":512,"caption":"Mivoot Guatemala"},"image":{"@id":"https:\/\/mivoot.com\/gt\/#\/schema\/logo\/image\/"},"sameAs":["https:\/\/www.facebook.com\/mivootgt","https:\/\/instagram.com\/mivoot"]}]}},"jetpack_publicize_connections":[],"jetpack_sharing_enabled":true,"brands":[{"id":79,"name":"Klip Xtreme","slug":"klip-xtreme"}],"_links":{"self":[{"href":"https:\/\/mivoot.com\/gt\/wp-json\/wp\/v2\/product\/23049","targetHints":{"allow":["GET"]}}],"collection":[{"href":"https:\/\/mivoot.com\/gt\/wp-json\/wp\/v2\/product"}],"about":[{"href":"https:\/\/mivoot.com\/gt\/wp-json\/wp\/v2\/types\/product"}],"replies":[{"embeddable":true,"href":"https:\/\/mivoot.com\/gt\/wp-json\/wp\/v2\/comments?post=23049"}],"version-history":[{"count":1,"href":"https:\/\/mivoot.com\/gt\/wp-json\/wp\/v2\/product\/23049\/revisions"}],"predecessor-version":[{"id":23058,"href":"https:\/\/mivoot.com\/gt\/wp-json\/wp\/v2\/product\/23049\/revisions\/23058"}],"wp:featuredmedia":[{"embeddable":true,"href":"https:\/\/mivoot.com\/gt\/wp-json\/wp\/v2\/media\/23056"}],"wp:attachment":[{"href":"https:\/\/mivoot.com\/gt\/wp-json\/wp\/v2\/media?parent=23049"}],"wp:term":[{"taxonomy":"pwb-brand","embeddable":true,"href":"https:\/\/mivoot.com\/gt\/wp-json\/wp\/v2\/pwb-brand?post=23049"},{"taxonomy":"product_brand","embeddable":true,"href":"https:\/\/mivoot.com\/gt\/wp-json\/wp\/v2\/product_brand?post=23049"},{"taxonomy":"product_cat","embeddable":true,"href":"https:\/\/mivoot.com\/gt\/wp-json\/wp\/v2\/product_cat?post=23049"},{"taxonomy":"product_tag","embeddable":true,"href":"https:\/\/mivoot.com\/gt\/wp-json\/wp\/v2\/product_tag?post=23049"}],"curies":[{"name":"wp","href":"https:\/\/api.w.org\/{rel}","templated":true}]}}