{"id":23067,"date":"2024-10-07T13:20:19","date_gmt":"2024-10-07T19:20:19","guid":{"rendered":"https:\/\/mivoot.com\/gt\/?post_type=product&#038;p=23067"},"modified":"2024-10-07T13:59:41","modified_gmt":"2024-10-07T19:59:41","slug":"impresora-termica-directa-de-recibos-usb-ethernet-3nstar","status":"publish","type":"product","link":"https:\/\/mivoot.com\/gt\/producto\/impresora-termica-directa-de-recibos-usb-ethernet-3nstar\/","title":{"rendered":"Impresora T\u00e9rmica Directa de Recibos USB Ethernet 3nstar"},"content":{"rendered":"<p>La impresora t\u00e9rmica de recibos 3nStar RPT004 es compacta y altamente eficiente. Su dise\u00f1o vers\u00e1til permite su montaje tanto en la pared como en la mesa, lo que la hace ideal para diversos entornos tales como hoteler\u00eda, quioscos y sistemas de punto de venta.<\/p>\n<p>Con opciones de conectividad Ethernet y USB, y con controladores compatibles con Windows, Linux, Android, OPOS y JavaPOS, esta impresora garantiza una integraci\u00f3n sin l\u00edmites a cualquier sistema de Punto de Venta y Hospitalidad.<\/p>\n<p><strong>Caracter\u00edsticas:<\/strong><\/p>\n<ul>\n<li>Capacidad de montaje en pared<\/li>\n<li>Sistema de control inteligente de la cortadoraFunci\u00f3n para ahorro de pape<\/li>\n<li>Configuraci\u00f3n autom\u00e1tica de IP<\/li>\n<li>Caracteres definibles por el usuario<\/li>\n<li>Firmware actualizable en campo<\/li>\n<li>Impresi\u00f3n de c\u00f3digo QR y PDF417<\/li>\n<li>Ancho de impresi\u00f3n ajustable<\/li>\n<li>Carga sencilla de papel<\/li>\n<\/ul>\n<p>ESPECIFICACIONES<\/p>\n<ul>\n<li>Caracter\u00edsticas F\u00edsicas<\/li>\n<li>Color Negro<\/li>\n<li>Dimensi\u00f3n de la impresora 181 mm (largo) \u00d7 138 mm (ancho) \u00d7 123 mm (alto)<\/li>\n<li>Peso neto 0.89Kg<\/li>\n<\/ul>\n<h4>Impresi\u00f3n<\/h4>\n<ul>\n<li>M\u00e9todo de impresi\u00f3n T\u00e9rmica directa<\/li>\n<li>Velocidad de impresi\u00f3n 230 mm\/s<\/li>\n<li>Resoluci\u00f3n 8 puntos\/mm, 576 puntos\/l\u00ednea<\/li>\n<li>M\u00e1ximo ancho de impresi\u00f3n 72 mil\u00edmetros<\/li>\n<li>Especificaciones del papel<\/li>\n<\/ul>\n<h4>Tipo de papel Papel t\u00e9rmico<\/h4>\n<ul>\n<li>Ancho del rollo 79,5\u00b1 0,5 mm<\/li>\n<li>Grosor del papel 0,06 mm-0,08 mm<\/li>\n<li>Di\u00e1metro M\u00e1ximo del rollo de papel 80 mm (m\u00e1x.)<\/li>\n<li>M\u00e9todo de suministro de papel Carga de papel directa (Drop-in)<\/li>\n<\/ul>\n<h4>Funciones<\/h4>\n<ul>\n<li>Sensor Fin de papel, Alarma de error, Cubierta abierta,<\/li>\n<li>Pedido entrante<\/li>\n<li>Puerto para gaveta de dinero 1 puerto &#8211; DC 24V<\/li>\n<li>Memoria NV Flash 256K, b\u00fafer de entrada 128K<\/li>\n<li>Vida \u00fatil del cabezal de impresi\u00f3n 150Km<\/li>\n<li>Tipo de cortador autom\u00e1tico Guillotina<\/li>\n<li>Vida \u00fatil del cortador autom\u00e1tico 1.500.000 cortes<\/li>\n<li>Interfaz USB y Ethernet<\/li>\n<\/ul>\n<h4>Software<\/h4>\n<ul>\n<li>Emulaci\u00f3n ESC\/POS<\/li>\n<li>Drivers Windows, Linux, Android, OPOS, JPOS<\/li>\n<li>Impresi\u00f3n de c\u00f3digos de barras 1D UPC-A, UPC-E, EAN-13, EAN-8, CODE39, ITF,<\/li>\n<li>CODEBAR, CODE93,CODE128<\/li>\n<li>Impresi\u00f3n 2D de c\u00f3digos de barras C\u00f3digo QR, PDF417<\/li>\n<\/ul>\n<h4>El\u00e9ctricos<\/h4>\n<ul>\n<li>Entrada de fuente de alimentaci\u00f3n AC 100-240 V, 50 ~ 60 Hz (adaptador)<\/li>\n<li>Salida de la fuente de alimentaci\u00f3n DC 24 V\/2,5 A<\/li>\n<\/ul>\n<h4>Medio ambiente<\/h4>\n<ul>\n<li>Temperatura de funcionamiento 0 \u00b0C a 45 \u00b0C<\/li>\n<li>Humedad de funcionamiento 10~80%<\/li>\n<li>Temperatura de almacenamiento -10\u00b0C a 60\u00b0C<\/li>\n<li>Humedad de almacenamiento 10~90%<\/li>\n<\/ul>\n<h4>Embalaje<\/h4>\n<ul>\n<li>En la caja Impresora, adaptador, cable de alimentaci\u00f3n, cable<\/li>\n<li>USB, rollo de papel<\/li>\n<li>Dimensi\u00f3n de la caja 215 mm (largo) x 195 mm (ancho) x 147 mm (alto<\/li>\n<li>Peso bruto 1.52Kg<\/li>\n<\/ul>\n","protected":false},"excerpt":{"rendered":"<p>&#8211; M\u00e9todo de impresi\u00f3n T\u00e9rmica directa<br \/>\n&#8211; Velocidad de impresi\u00f3n 230 mm\/s<br \/>\n&#8211; Resoluci\u00f3n 8 puntos\/mm, 576 puntos\/l\u00ednea<br \/>\n&#8211; M\u00e1ximo ancho de impresi\u00f3n 72 mil\u00edmetros<br \/>\n&#8211; Tipo de papel Papel t\u00e9rmico<br \/>\n&#8211; Emulaci\u00f3n ESC\/POS<br \/>\n&#8211; Ancho del rollo 79,5\u00b1 0,5 mm<br \/>\n&#8211; Tipo de cortador autom\u00e1tico Guillotina<br \/>\n&#8211; Vida \u00fatil del cortador autom\u00e1tico 1.500.000 cortes<br \/>\n&#8211; Interfaz USB y Ethernet<br \/>\n&#8211; Color Negro<br \/>\n&#8211; Dimensi\u00f3n de la impresora 181 mm (largo) \u00d7 138 mm (ancho) \u00d7 123 mm (alto)<br \/>\n&#8211; Peso neto 0.89Kg<\/p>\n","protected":false},"featured_media":23070,"comment_status":"open","ping_status":"closed","template":"","meta":{"jetpack_publicize_message":"","jetpack_publicize_feature_enabled":true,"jetpack_social_post_already_shared":true,"jetpack_social_options":{"image_generator_settings":{"template":"highway","default_image_id":0,"font":"","enabled":false},"version":2}},"pwb-brand":[312],"product_brand":[],"product_cat":[174,305],"product_tag":[],"class_list":{"0":"post-23067","1":"product","2":"type-product","3":"status-publish","4":"has-post-thumbnail","6":"pwb-brand-3nstar","7":"product_cat-imptermica","8":"product_cat-impresoratermicarecibos","10":"first","11":"instock","12":"taxable","13":"shipping-taxable","14":"purchasable","15":"product-type-simple"},"yoast_head":"<!-- This site is optimized with the Yoast SEO Premium plugin v25.7.1 (Yoast SEO v26.8) - https:\/\/yoast.com\/product\/yoast-seo-premium-wordpress\/ -->\n<title>Impresora T\u00e9rmica Directa de Recibos USB Ethernet 3nstar - Mivoot<\/title>\n<meta name=\"robots\" content=\"index, follow, max-snippet:-1, max-image-preview:large, max-video-preview:-1\" \/>\n<link rel=\"canonical\" href=\"https:\/\/mivoot.com\/gt\/producto\/impresora-termica-directa-de-recibos-usb-ethernet-3nstar\/\" \/>\n<meta property=\"og:locale\" content=\"es_ES\" \/>\n<meta property=\"og:type\" content=\"article\" \/>\n<meta property=\"og:title\" content=\"Impresora T\u00e9rmica Directa de Recibos USB Ethernet 3nstar\" \/>\n<meta property=\"og:description\" content=\"- M\u00e9todo de impresi\u00f3n T\u00e9rmica directa - Velocidad de impresi\u00f3n 230 mm\/s - Resoluci\u00f3n 8 puntos\/mm, 576 puntos\/l\u00ednea - M\u00e1ximo ancho de impresi\u00f3n 72 mil\u00edmetros - Tipo de papel Papel t\u00e9rmico - Emulaci\u00f3n ESC\/POS - Ancho del rollo 79,5\u00b1 0,5 mm - Tipo de cortador autom\u00e1tico Guillotina - Vida \u00fatil del cortador autom\u00e1tico 1.500.000 cortes - Interfaz USB y Ethernet - Color Negro - Dimensi\u00f3n de la impresora 181 mm (largo) \u00d7 138 mm (ancho) \u00d7 123 mm (alto) - Peso neto 0.89Kg\" \/>\n<meta property=\"og:url\" content=\"https:\/\/mivoot.com\/gt\/producto\/impresora-termica-directa-de-recibos-usb-ethernet-3nstar\/\" \/>\n<meta property=\"og:site_name\" content=\"Mivoot\" \/>\n<meta property=\"article:publisher\" content=\"https:\/\/www.facebook.com\/mivootgt\" \/>\n<meta property=\"article:modified_time\" content=\"2024-10-07T19:59:41+00:00\" \/>\n<meta property=\"og:image\" content=\"https:\/\/mivoot.com\/gt\/wp-content\/uploads\/2024\/10\/RPT004_9.png\" \/>\n\t<meta property=\"og:image:width\" content=\"500\" \/>\n\t<meta property=\"og:image:height\" content=\"500\" \/>\n\t<meta property=\"og:image:type\" content=\"image\/png\" \/>\n<meta name=\"twitter:card\" content=\"summary_large_image\" \/>\n<meta name=\"twitter:label1\" content=\"Est. reading time\" \/>\n\t<meta name=\"twitter:data1\" content=\"2 minutos\" \/>\n<script type=\"application\/ld+json\" class=\"yoast-schema-graph\">{\"@context\":\"https:\/\/schema.org\",\"@graph\":[{\"@type\":\"WebPage\",\"@id\":\"https:\/\/mivoot.com\/gt\/producto\/impresora-termica-directa-de-recibos-usb-ethernet-3nstar\/\",\"url\":\"https:\/\/mivoot.com\/gt\/producto\/impresora-termica-directa-de-recibos-usb-ethernet-3nstar\/\",\"name\":\"Impresora T\u00e9rmica Directa de Recibos USB Ethernet 3nstar - Mivoot\",\"isPartOf\":{\"@id\":\"https:\/\/mivoot.com\/gt\/#website\"},\"primaryImageOfPage\":{\"@id\":\"https:\/\/mivoot.com\/gt\/producto\/impresora-termica-directa-de-recibos-usb-ethernet-3nstar\/#primaryimage\"},\"image\":{\"@id\":\"https:\/\/mivoot.com\/gt\/producto\/impresora-termica-directa-de-recibos-usb-ethernet-3nstar\/#primaryimage\"},\"thumbnailUrl\":\"https:\/\/mivoot.com\/gt\/wp-content\/uploads\/2024\/10\/RPT004_9.png\",\"datePublished\":\"2024-10-07T19:20:19+00:00\",\"dateModified\":\"2024-10-07T19:59:41+00:00\",\"breadcrumb\":{\"@id\":\"https:\/\/mivoot.com\/gt\/producto\/impresora-termica-directa-de-recibos-usb-ethernet-3nstar\/#breadcrumb\"},\"inLanguage\":\"es\",\"potentialAction\":[{\"@type\":\"ReadAction\",\"target\":[\"https:\/\/mivoot.com\/gt\/producto\/impresora-termica-directa-de-recibos-usb-ethernet-3nstar\/\"]}]},{\"@type\":\"ImageObject\",\"inLanguage\":\"es\",\"@id\":\"https:\/\/mivoot.com\/gt\/producto\/impresora-termica-directa-de-recibos-usb-ethernet-3nstar\/#primaryimage\",\"url\":\"https:\/\/mivoot.com\/gt\/wp-content\/uploads\/2024\/10\/RPT004_9.png\",\"contentUrl\":\"https:\/\/mivoot.com\/gt\/wp-content\/uploads\/2024\/10\/RPT004_9.png\",\"width\":500,\"height\":500},{\"@type\":\"BreadcrumbList\",\"@id\":\"https:\/\/mivoot.com\/gt\/producto\/impresora-termica-directa-de-recibos-usb-ethernet-3nstar\/#breadcrumb\",\"itemListElement\":[{\"@type\":\"ListItem\",\"position\":1,\"name\":\"Inicio\",\"item\":\"https:\/\/mivoot.com\/gt\/\"},{\"@type\":\"ListItem\",\"position\":2,\"name\":\"Productos\",\"item\":\"https:\/\/mivoot.com\/gt\/producto\/\"},{\"@type\":\"ListItem\",\"position\":3,\"name\":\"3nStar\",\"item\":\"https:\/\/mivoot.com\/gt\/marca\/3nstar\/\"},{\"@type\":\"ListItem\",\"position\":4,\"name\":\"Impresora T\u00e9rmica Directa de Recibos USB Ethernet 3nstar\"}]},{\"@type\":\"WebSite\",\"@id\":\"https:\/\/mivoot.com\/gt\/#website\",\"url\":\"https:\/\/mivoot.com\/gt\/\",\"name\":\"Mivoot\",\"description\":\"Mivoot Guatemala | Tienda Online\",\"publisher\":{\"@id\":\"https:\/\/mivoot.com\/gt\/#organization\"},\"alternateName\":\"mivoot\",\"potentialAction\":[{\"@type\":\"SearchAction\",\"target\":{\"@type\":\"EntryPoint\",\"urlTemplate\":\"https:\/\/mivoot.com\/gt\/?s={search_term_string}\"},\"query-input\":{\"@type\":\"PropertyValueSpecification\",\"valueRequired\":true,\"valueName\":\"search_term_string\"}}],\"inLanguage\":\"es\"},{\"@type\":\"Organization\",\"@id\":\"https:\/\/mivoot.com\/gt\/#organization\",\"name\":\"Mivoot Guatemala\",\"alternateName\":\"mivoot.com\",\"url\":\"https:\/\/mivoot.com\/gt\/\",\"logo\":{\"@type\":\"ImageObject\",\"inLanguage\":\"es\",\"@id\":\"https:\/\/mivoot.com\/gt\/#\/schema\/logo\/image\/\",\"url\":\"https:\/\/mivoot.com\/gt\/wp-content\/uploads\/2023\/03\/cropped-icon.png\",\"contentUrl\":\"https:\/\/mivoot.com\/gt\/wp-content\/uploads\/2023\/03\/cropped-icon.png\",\"width\":512,\"height\":512,\"caption\":\"Mivoot Guatemala\"},\"image\":{\"@id\":\"https:\/\/mivoot.com\/gt\/#\/schema\/logo\/image\/\"},\"sameAs\":[\"https:\/\/www.facebook.com\/mivootgt\",\"https:\/\/instagram.com\/mivoot\"]}]}<\/script>\n<!-- \/ Yoast SEO Premium plugin. -->","yoast_head_json":{"title":"Impresora T\u00e9rmica Directa de Recibos USB Ethernet 3nstar - Mivoot","robots":{"index":"index","follow":"follow","max-snippet":"max-snippet:-1","max-image-preview":"max-image-preview:large","max-video-preview":"max-video-preview:-1"},"canonical":"https:\/\/mivoot.com\/gt\/producto\/impresora-termica-directa-de-recibos-usb-ethernet-3nstar\/","og_locale":"es_ES","og_type":"article","og_title":"Impresora T\u00e9rmica Directa de Recibos USB Ethernet 3nstar","og_description":"- M\u00e9todo de impresi\u00f3n T\u00e9rmica directa - Velocidad de impresi\u00f3n 230 mm\/s - Resoluci\u00f3n 8 puntos\/mm, 576 puntos\/l\u00ednea - M\u00e1ximo ancho de impresi\u00f3n 72 mil\u00edmetros - Tipo de papel Papel t\u00e9rmico - Emulaci\u00f3n ESC\/POS - Ancho del rollo 79,5\u00b1 0,5 mm - Tipo de cortador autom\u00e1tico Guillotina - Vida \u00fatil del cortador autom\u00e1tico 1.500.000 cortes - Interfaz USB y Ethernet - Color Negro - Dimensi\u00f3n de la impresora 181 mm (largo) \u00d7 138 mm (ancho) \u00d7 123 mm (alto) - Peso neto 0.89Kg","og_url":"https:\/\/mivoot.com\/gt\/producto\/impresora-termica-directa-de-recibos-usb-ethernet-3nstar\/","og_site_name":"Mivoot","article_publisher":"https:\/\/www.facebook.com\/mivootgt","article_modified_time":"2024-10-07T19:59:41+00:00","og_image":[{"width":500,"height":500,"url":"https:\/\/mivoot.com\/gt\/wp-content\/uploads\/2024\/10\/RPT004_9.png","type":"image\/png"}],"twitter_card":"summary_large_image","twitter_misc":{"Est. reading time":"2 minutos"},"schema":{"@context":"https:\/\/schema.org","@graph":[{"@type":"WebPage","@id":"https:\/\/mivoot.com\/gt\/producto\/impresora-termica-directa-de-recibos-usb-ethernet-3nstar\/","url":"https:\/\/mivoot.com\/gt\/producto\/impresora-termica-directa-de-recibos-usb-ethernet-3nstar\/","name":"Impresora T\u00e9rmica Directa de Recibos USB Ethernet 3nstar - Mivoot","isPartOf":{"@id":"https:\/\/mivoot.com\/gt\/#website"},"primaryImageOfPage":{"@id":"https:\/\/mivoot.com\/gt\/producto\/impresora-termica-directa-de-recibos-usb-ethernet-3nstar\/#primaryimage"},"image":{"@id":"https:\/\/mivoot.com\/gt\/producto\/impresora-termica-directa-de-recibos-usb-ethernet-3nstar\/#primaryimage"},"thumbnailUrl":"https:\/\/mivoot.com\/gt\/wp-content\/uploads\/2024\/10\/RPT004_9.png","datePublished":"2024-10-07T19:20:19+00:00","dateModified":"2024-10-07T19:59:41+00:00","breadcrumb":{"@id":"https:\/\/mivoot.com\/gt\/producto\/impresora-termica-directa-de-recibos-usb-ethernet-3nstar\/#breadcrumb"},"inLanguage":"es","potentialAction":[{"@type":"ReadAction","target":["https:\/\/mivoot.com\/gt\/producto\/impresora-termica-directa-de-recibos-usb-ethernet-3nstar\/"]}]},{"@type":"ImageObject","inLanguage":"es","@id":"https:\/\/mivoot.com\/gt\/producto\/impresora-termica-directa-de-recibos-usb-ethernet-3nstar\/#primaryimage","url":"https:\/\/mivoot.com\/gt\/wp-content\/uploads\/2024\/10\/RPT004_9.png","contentUrl":"https:\/\/mivoot.com\/gt\/wp-content\/uploads\/2024\/10\/RPT004_9.png","width":500,"height":500},{"@type":"BreadcrumbList","@id":"https:\/\/mivoot.com\/gt\/producto\/impresora-termica-directa-de-recibos-usb-ethernet-3nstar\/#breadcrumb","itemListElement":[{"@type":"ListItem","position":1,"name":"Inicio","item":"https:\/\/mivoot.com\/gt\/"},{"@type":"ListItem","position":2,"name":"Productos","item":"https:\/\/mivoot.com\/gt\/producto\/"},{"@type":"ListItem","position":3,"name":"3nStar","item":"https:\/\/mivoot.com\/gt\/marca\/3nstar\/"},{"@type":"ListItem","position":4,"name":"Impresora T\u00e9rmica Directa de Recibos USB Ethernet 3nstar"}]},{"@type":"WebSite","@id":"https:\/\/mivoot.com\/gt\/#website","url":"https:\/\/mivoot.com\/gt\/","name":"Mivoot","description":"Mivoot Guatemala | Tienda Online","publisher":{"@id":"https:\/\/mivoot.com\/gt\/#organization"},"alternateName":"mivoot","potentialAction":[{"@type":"SearchAction","target":{"@type":"EntryPoint","urlTemplate":"https:\/\/mivoot.com\/gt\/?s={search_term_string}"},"query-input":{"@type":"PropertyValueSpecification","valueRequired":true,"valueName":"search_term_string"}}],"inLanguage":"es"},{"@type":"Organization","@id":"https:\/\/mivoot.com\/gt\/#organization","name":"Mivoot Guatemala","alternateName":"mivoot.com","url":"https:\/\/mivoot.com\/gt\/","logo":{"@type":"ImageObject","inLanguage":"es","@id":"https:\/\/mivoot.com\/gt\/#\/schema\/logo\/image\/","url":"https:\/\/mivoot.com\/gt\/wp-content\/uploads\/2023\/03\/cropped-icon.png","contentUrl":"https:\/\/mivoot.com\/gt\/wp-content\/uploads\/2023\/03\/cropped-icon.png","width":512,"height":512,"caption":"Mivoot Guatemala"},"image":{"@id":"https:\/\/mivoot.com\/gt\/#\/schema\/logo\/image\/"},"sameAs":["https:\/\/www.facebook.com\/mivootgt","https:\/\/instagram.com\/mivoot"]}]}},"jetpack_publicize_connections":[],"jetpack_sharing_enabled":true,"brands":[{"id":312,"name":"3nStar","slug":"3nstar"}],"_links":{"self":[{"href":"https:\/\/mivoot.com\/gt\/wp-json\/wp\/v2\/product\/23067","targetHints":{"allow":["GET"]}}],"collection":[{"href":"https:\/\/mivoot.com\/gt\/wp-json\/wp\/v2\/product"}],"about":[{"href":"https:\/\/mivoot.com\/gt\/wp-json\/wp\/v2\/types\/product"}],"replies":[{"embeddable":true,"href":"https:\/\/mivoot.com\/gt\/wp-json\/wp\/v2\/comments?post=23067"}],"version-history":[{"count":2,"href":"https:\/\/mivoot.com\/gt\/wp-json\/wp\/v2\/product\/23067\/revisions"}],"predecessor-version":[{"id":23078,"href":"https:\/\/mivoot.com\/gt\/wp-json\/wp\/v2\/product\/23067\/revisions\/23078"}],"wp:featuredmedia":[{"embeddable":true,"href":"https:\/\/mivoot.com\/gt\/wp-json\/wp\/v2\/media\/23070"}],"wp:attachment":[{"href":"https:\/\/mivoot.com\/gt\/wp-json\/wp\/v2\/media?parent=23067"}],"wp:term":[{"taxonomy":"pwb-brand","embeddable":true,"href":"https:\/\/mivoot.com\/gt\/wp-json\/wp\/v2\/pwb-brand?post=23067"},{"taxonomy":"product_brand","embeddable":true,"href":"https:\/\/mivoot.com\/gt\/wp-json\/wp\/v2\/product_brand?post=23067"},{"taxonomy":"product_cat","embeddable":true,"href":"https:\/\/mivoot.com\/gt\/wp-json\/wp\/v2\/product_cat?post=23067"},{"taxonomy":"product_tag","embeddable":true,"href":"https:\/\/mivoot.com\/gt\/wp-json\/wp\/v2\/product_tag?post=23067"}],"curies":[{"name":"wp","href":"https:\/\/api.w.org\/{rel}","templated":true}]}}